{"id":30403,"date":"2020-09-21T10:34:14","date_gmt":"2020-09-21T10:34:14","guid":{"rendered":"https:\/\/www.accuratereviews.com\/?page_id=30403"},"modified":"2020-10-27T11:57:56","modified_gmt":"2020-10-27T11:57:56","slug":"nocrm-io-recensione","status":"publish","type":"page","link":"https:\/\/www.accuratereviews.com\/it\/crm-software-migliori-lista\/nocrm-io-recensione\/","title":{"rendered":"noCRM.io"},"content":{"rendered":"<p><span id=\"gmail-m_1549536028249677038gmail-docs-internal-guid-e1c413d9-7fff-3a36-c5e9-891d935aace4\"><strong>noCRM.io<\/strong> \u00e8 una <strong>soluzione SaaS (in Cloud)<\/strong> di gestione commerciale intuitiva incentrata sull&#8217;opportunit\u00e0 commerciale e sull&#8217;azione successiva. \u00c8 stata ideata per gli addetti alle vendite e pi\u00f9 particolarmente per i team commerciali e le PMI BtoB che cercano un software desktop e mobile agile rispetto ai sistemi di CRM tradizionali. <strong>noCRM.io<\/strong> \u00e8 un&#8217;app di gestione dei lead che permette di collaborare e di aumentare la produttivit\u00e0, consentendo ai venditori di creare delle opportunit\u00e0 commerciali in pochi click tramite una mail, un biglietto da visita, un modulo, l&#8217;importazione di un foglio elettronico e di gestire l&#8217;intero ciclo di vendita. I manager e i venditori possono monitorare il processo di vendita e sincronizzare il calendario assicurandosi di non farsi mai sfuggire un&#8217;opportunit\u00e0 di vendita. Anzich\u00e9 concentrarsi sul customer relationship management (CRM), <strong>noCRM.io<\/strong> si<\/span> concentra sulla conversione dei lead attraverso le diverse fasi di vendita.<\/p>\n<h2>NOCRM.IO &#8211; TUTORIAL<\/h2>\n<p>Il tutorial spiega quanto \u00e8 facile seguire l&#8217;attivit\u00e0 commerciale del tuo team usando questo software CRM:<\/p>\n<div id=\"fluid-wrapper-counter-1\" class=\"g1-fluid-wrapper \" style=\"width:686px;\">\n<div style=\"padding-bottom:56.268221574344%;\"><iframe loading=\"lazy\" title=\"Efficiently Manage your Sales Team&#039;s Activity\" width=\"686\" height=\"386\" src=\"https:\/\/www.youtube.com\/embed\/FnLLYNz_7Ns?feature=oembed&amp;wmode=transparent&amp;autohide=1&amp;autoplay=0&amp;disablekb=0&amp;fs=1&amp;loop=0&amp;enablejsapi=1&amp;rel=0&amp;controls=2&amp;showinfo=0&amp;wmode=transparent&amp;autohide=2&amp;autoplay=0&amp;disablekb=0&amp;fs=1&amp;loop=0&amp;enablejsapi=1&amp;rel=0&amp;controls=2&amp;showinfo=1\" frameborder=\"0\" allow=\"accelerometer; autoplay; clipboard-write; encrypted-media; gyroscope; picture-in-picture\" allowfullscreen><\/iframe><\/div>\n<\/div>\n<h3>NOCRM.IO &#8211; CARATTERISTICHE<\/h3>\n<ul>\n<li dir=\"ltr\"><strong>Gestione della pipeline<\/strong>: processo di vendita personalizzabile per gestire i lead step-by-step<\/li>\n<li dir=\"ltr\"><strong>Integrazione delle mail<\/strong>: Tieni traccia degli scambi con i clienti in un unico posto<\/li>\n<li dir=\"ltr\"><strong>Statistiche<\/strong>: reportistica intuitiva e precisa generata automaticamente sull&#8217;attivit\u00e0 commerciale aziendale<\/li>\n<li dir=\"ltr\"><strong>Previsioni di vendita<\/strong>: gestione delle opportunit\u00e0 commerciali in base alla scadenza (data di conclusione) e previsione del fatturato<\/li>\n<li dir=\"ltr\"><strong>App mobile e desktop<\/strong>: software disponibile su cellulare e computer<\/li>\n<li dir=\"ltr\"><strong>Categorizzazione<\/strong>: segmentazione delle opportunit\u00e0 commerciali per tipologia di clienti, offerte, prodotti, servizi, ecc&#8230; per ottenere delle statistiche sempre pi\u00f9 accurate<\/li>\n<li dir=\"ltr\"><strong>Semplice ed intuitivo<\/strong><\/li>\n<li dir=\"ltr\"><strong>Altamente personalizzabile<\/strong> per adattare l&#8217;interfaccia al tuo business e non il contrario<\/li>\n<li dir=\"ltr\"><strong>Disponibile in 7 lingue<\/strong>: italiano, inglese, francese, tedesco, spagnolo, portoghese, russo<\/li>\n<li dir=\"ltr\"><strong>Supporto incluso<\/strong><\/li>\n<li dir=\"ltr\"><strong>2-4 settimane di prova gratis<\/strong><\/li>\n<li dir=\"ltr\">Abbonamento mensile senza vincolo (o annuale) da 12\u20ac\/mese<\/li>\n<\/ul>\n<h4>LE RECENSIONI DEGLI UTENTI<\/h4>\n<h4 class=\"font-weight-bold mb-1 d-flex align-items-center\">Denis B.&#8221;Molto popolare tra i venditori&#8221;<\/h4>\n<p><strong>Commenti: <\/strong>Ho dato una licenza demo a tre dipendenti, senza alcuna spiegazione e 20 minuti dopo avevano colmato diverse opportunit\u00e0. Avevo fatto lo stesso con altri CRM senza lo stesso successo.<\/p>\n<p><strong>Vantaggi: <\/strong>I venditori lo trovano molto facile da usare e quindi non hanno obiezioni a informare il CRM.<\/p>\n<p><strong>Inconvenienti: <\/strong>Piuttosto scarso supporto per l&#8217;implementazione e le evoluzioni, ma lo strumento \u00e8 cos\u00ec intuitivo che questo inconveniente \u00e8 minimo.<\/p>\n<h4 class=\"font-weight-bold mb-1 d-flex align-items-center\">Jean-marc G.&#8221;Un software molto facile da usare che evita le insidie della natura ingombrante dei principali CRM&#8221;<\/h4>\n<p><strong>Commenti: <\/strong>Software che si \u00e8 evoluto e ha supportato la crescita della nostra azienda.<\/p>\n<p><strong>Vantaggi: <\/strong>Un software fatto per la prospezione e che evita di trasformare i venditori in amministratori di vendita (io stesso ho una vasta esperienza con altri ben noti CRM sul mercato). Un team di supporto molto reattivo, sempre pronto a pensare con te a sviluppi utili.<\/p>\n<p><strong>Inconvenienti: <\/strong>Il Link with Teams, ovvero la possibilit\u00e0 di chiamare i team cliccando direttamente sul numero non \u00e8 ancora attivo mentre era per Skype. Immagino che questo si evolver\u00e0.<\/p>\n<h4 class=\"font-weight-bold mb-1 d-flex align-items-center\">Ludovic T.&#8221;Un CRM davvero semplice per non essere superato&#8221;<\/h4>\n<p><strong>Vantaggi: <\/strong>Apprezzo particolarmente la semplicit\u00e0. Io che inizialmente non sono troppo IT, sto andando molto bene, sono stato anche il prescrittore per l&#8217;acquisto di No CRM io e sono l&#8217;amministratore. Questo strumento ci consente di non dimenticare i promemoria dei clienti, le attivit\u00e0 &#8230; perch\u00e9 possiamo collegarlo alla nostra agenda. \u00c8 il nostro cruscotto della giornata, che ci permette di non navigare pi\u00f9 a vista e soprattutto di non perdere un buon affare o rilanciare (perch\u00e9 il cervello ha i suoi limiti). Che sia sul mio computer o sul mio smartphone, Nocrmio \u00e8 il nostro alleato per il successo della nostra attivit\u00e0.<\/p>\n<p><strong>Inconvenienti: <\/strong>apprezzerei una linea diretta, piuttosto che seguire tutorial e altri corsi di formazione online<\/p>\n","protected":false},"excerpt":{"rendered":"<p>noCRM.io \u00e8 una soluzione SaaS (in Cloud) di gestione commerciale intuitiva incentrata sull&#8217;opportunit\u00e0 commerciale e sull&#8217;azione successiva. \u00c8 stata ideata per gli addetti alle vendite e pi\u00f9 particolarmente per i team commerciali e le PMI BtoB che cercano un software desktop e mobile agile rispetto ai sistemi di CRM tradizionali.<\/p>\n","protected":false},"author":19,"featured_media":30407,"parent":5966,"menu_order":0,"comment_status":"open","ping_status":"closed","template":"g1_template_page_review_new.php","meta":{"_acf_changed":false,"cwp_meta_box_check":"Yes","cwp_rev_product_name":"","cwp_rev_product_image":"","wppr_links":[],"cwp_rev_price":"","wppr_options":[],"wppr_pros":[],"wppr_cons":[],"_monsterinsights_skip_tracking":false,"_monsterinsights_sitenote_active":false,"_monsterinsights_sitenote_note":"","_monsterinsights_sitenote_category":0,"footnotes":""},"categories":[120],"tags":[396,424,3664,427,418,1239],"features":[],"class_list":{"0":"post-30403","1":"page","2":"type-page","3":"status-publish","4":"has-post-thumbnail","6":"category-crm-it","7":"tag-cloud","8":"tag-crm-software","9":"tag-nocrm-io","10":"tag-programma-crm","11":"tag-software-crm","12":"tag-soluzione-crm"},"wppr_data":{"cwp_meta_box_check":"Yes","cwp_rev_product_name":"","cwp_rev_product_image":"","cwp_image_link":"image","cwp_rev_price":"","wppr_rating":"0.00"},"acf":[],"yoast_head":"<!-- This site is optimized with the Yoast SEO plugin v27.4 - https:\/\/yoast.com\/product\/yoast-seo-wordpress\/ -->\n<title>noCRM.io: recensione software CRM - Accurate Reviews<\/title>\n<meta name=\"description\" content=\"noCRM.io: recensione soluzione SaaS di gestione commerciale intuitiva incentrata sull&#039;opportunit\u00e0 commerciale e sull&#039;azione successiva.\" \/>\n<meta name=\"robots\" content=\"index, follow, max-snippet:-1, max-image-preview:large, max-video-preview:-1\" \/>\n<link rel=\"canonical\" href=\"https:\/\/www.accuratereviews.com\/it\/crm-software-migliori-lista\/nocrm-io-recensione\/\" \/>\n<meta property=\"og:locale\" content=\"it_IT\" \/>\n<meta property=\"og:type\" content=\"article\" \/>\n<meta property=\"og:title\" content=\"noCRM.io: recensione software CRM - Accurate Reviews\" \/>\n<meta property=\"og:description\" content=\"noCRM.io: recensione soluzione SaaS di gestione commerciale intuitiva incentrata sull&#039;opportunit\u00e0 commerciale e sull&#039;azione successiva.\" \/>\n<meta property=\"og:url\" content=\"https:\/\/www.accuratereviews.com\/it\/crm-software-migliori-lista\/nocrm-io-recensione\/\" \/>\n<meta property=\"og:site_name\" content=\"Accurate Reviews\" \/>\n<meta property=\"article:modified_time\" content=\"2020-10-27T11:57:56+00:00\" \/>\n<meta property=\"og:image\" content=\"https:\/\/www.accuratereviews.com\/wp-content\/uploads\/2020\/09\/nocrm.io_.png\" \/>\n\t<meta property=\"og:image:width\" content=\"256\" \/>\n\t<meta property=\"og:image:height\" content=\"256\" \/>\n\t<meta property=\"og:image:type\" content=\"image\/png\" \/>\n<meta name=\"twitter:card\" content=\"summary_large_image\" \/>\n<meta name=\"twitter:label1\" content=\"Tempo di lettura stimato\" \/>\n\t<meta name=\"twitter:data1\" content=\"3 minuti\" \/>\n<script type=\"application\/ld+json\" class=\"yoast-schema-graph\">{\"@context\":\"https:\\\/\\\/schema.org\",\"@graph\":[{\"@type\":\"WebPage\",\"@id\":\"https:\\\/\\\/www.accuratereviews.com\\\/it\\\/crm-software-migliori-lista\\\/nocrm-io-recensione\\\/\",\"url\":\"https:\\\/\\\/www.accuratereviews.com\\\/it\\\/crm-software-migliori-lista\\\/nocrm-io-recensione\\\/\",\"name\":\"noCRM.io: recensione software CRM - Accurate Reviews\",\"isPartOf\":{\"@id\":\"https:\\\/\\\/www.accuratereviews.com\\\/it\\\/#website\"},\"primaryImageOfPage\":{\"@id\":\"https:\\\/\\\/www.accuratereviews.com\\\/it\\\/crm-software-migliori-lista\\\/nocrm-io-recensione\\\/#primaryimage\"},\"image\":{\"@id\":\"https:\\\/\\\/www.accuratereviews.com\\\/it\\\/crm-software-migliori-lista\\\/nocrm-io-recensione\\\/#primaryimage\"},\"thumbnailUrl\":\"https:\\\/\\\/www.accuratereviews.com\\\/wp-content\\\/uploads\\\/2020\\\/09\\\/nocrm.io_.png\",\"datePublished\":\"2020-09-21T10:34:14+00:00\",\"dateModified\":\"2020-10-27T11:57:56+00:00\",\"description\":\"noCRM.io: recensione soluzione SaaS di gestione commerciale intuitiva incentrata sull'opportunit\u00e0 commerciale e sull'azione successiva.\",\"breadcrumb\":{\"@id\":\"https:\\\/\\\/www.accuratereviews.com\\\/it\\\/crm-software-migliori-lista\\\/nocrm-io-recensione\\\/#breadcrumb\"},\"inLanguage\":\"it-IT\",\"potentialAction\":[{\"@type\":\"ReadAction\",\"target\":[\"https:\\\/\\\/www.accuratereviews.com\\\/it\\\/crm-software-migliori-lista\\\/nocrm-io-recensione\\\/\"]}]},{\"@type\":\"ImageObject\",\"inLanguage\":\"it-IT\",\"@id\":\"https:\\\/\\\/www.accuratereviews.com\\\/it\\\/crm-software-migliori-lista\\\/nocrm-io-recensione\\\/#primaryimage\",\"url\":\"https:\\\/\\\/www.accuratereviews.com\\\/wp-content\\\/uploads\\\/2020\\\/09\\\/nocrm.io_.png\",\"contentUrl\":\"https:\\\/\\\/www.accuratereviews.com\\\/wp-content\\\/uploads\\\/2020\\\/09\\\/nocrm.io_.png\",\"width\":256,\"height\":256},{\"@type\":\"BreadcrumbList\",\"@id\":\"https:\\\/\\\/www.accuratereviews.com\\\/it\\\/crm-software-migliori-lista\\\/nocrm-io-recensione\\\/#breadcrumb\",\"itemListElement\":[{\"@type\":\"ListItem\",\"position\":1,\"name\":\"Home\",\"item\":\"https:\\\/\\\/www.accuratereviews.com\\\/it\\\/\"},{\"@type\":\"ListItem\",\"position\":2,\"name\":\"CRM: i software migliori\",\"item\":\"https:\\\/\\\/www.accuratereviews.com\\\/it\\\/crm-software-migliori-lista\\\/\"},{\"@type\":\"ListItem\",\"position\":3,\"name\":\"noCRM.io\"}]},{\"@type\":\"WebSite\",\"@id\":\"https:\\\/\\\/www.accuratereviews.com\\\/it\\\/#website\",\"url\":\"https:\\\/\\\/www.accuratereviews.com\\\/it\\\/\",\"name\":\"Accurate Reviews\",\"description\":\"\",\"potentialAction\":[{\"@type\":\"SearchAction\",\"target\":{\"@type\":\"EntryPoint\",\"urlTemplate\":\"https:\\\/\\\/www.accuratereviews.com\\\/it\\\/?s={search_term_string}\"},\"query-input\":{\"@type\":\"PropertyValueSpecification\",\"valueRequired\":true,\"valueName\":\"search_term_string\"}}],\"inLanguage\":\"it-IT\"}]}<\/script>\n<!-- \/ Yoast SEO plugin. -->","yoast_head_json":{"title":"noCRM.io: recensione software CRM - Accurate Reviews","description":"noCRM.io: recensione soluzione SaaS di gestione commerciale intuitiva incentrata sull'opportunit\u00e0 commerciale e sull'azione successiva.","robots":{"index":"index","follow":"follow","max-snippet":"max-snippet:-1","max-image-preview":"max-image-preview:large","max-video-preview":"max-video-preview:-1"},"canonical":"https:\/\/www.accuratereviews.com\/it\/crm-software-migliori-lista\/nocrm-io-recensione\/","og_locale":"it_IT","og_type":"article","og_title":"noCRM.io: recensione software CRM - Accurate Reviews","og_description":"noCRM.io: recensione soluzione SaaS di gestione commerciale intuitiva incentrata sull'opportunit\u00e0 commerciale e sull'azione successiva.","og_url":"https:\/\/www.accuratereviews.com\/it\/crm-software-migliori-lista\/nocrm-io-recensione\/","og_site_name":"Accurate Reviews","article_modified_time":"2020-10-27T11:57:56+00:00","og_image":[{"width":256,"height":256,"url":"https:\/\/www.accuratereviews.com\/wp-content\/uploads\/2020\/09\/nocrm.io_.png","type":"image\/png"}],"twitter_card":"summary_large_image","twitter_misc":{"Tempo di lettura stimato":"3 minuti"},"schema":{"@context":"https:\/\/schema.org","@graph":[{"@type":"WebPage","@id":"https:\/\/www.accuratereviews.com\/it\/crm-software-migliori-lista\/nocrm-io-recensione\/","url":"https:\/\/www.accuratereviews.com\/it\/crm-software-migliori-lista\/nocrm-io-recensione\/","name":"noCRM.io: recensione software CRM - Accurate Reviews","isPartOf":{"@id":"https:\/\/www.accuratereviews.com\/it\/#website"},"primaryImageOfPage":{"@id":"https:\/\/www.accuratereviews.com\/it\/crm-software-migliori-lista\/nocrm-io-recensione\/#primaryimage"},"image":{"@id":"https:\/\/www.accuratereviews.com\/it\/crm-software-migliori-lista\/nocrm-io-recensione\/#primaryimage"},"thumbnailUrl":"https:\/\/www.accuratereviews.com\/wp-content\/uploads\/2020\/09\/nocrm.io_.png","datePublished":"2020-09-21T10:34:14+00:00","dateModified":"2020-10-27T11:57:56+00:00","description":"noCRM.io: recensione soluzione SaaS di gestione commerciale intuitiva incentrata sull'opportunit\u00e0 commerciale e sull'azione successiva.","breadcrumb":{"@id":"https:\/\/www.accuratereviews.com\/it\/crm-software-migliori-lista\/nocrm-io-recensione\/#breadcrumb"},"inLanguage":"it-IT","potentialAction":[{"@type":"ReadAction","target":["https:\/\/www.accuratereviews.com\/it\/crm-software-migliori-lista\/nocrm-io-recensione\/"]}]},{"@type":"ImageObject","inLanguage":"it-IT","@id":"https:\/\/www.accuratereviews.com\/it\/crm-software-migliori-lista\/nocrm-io-recensione\/#primaryimage","url":"https:\/\/www.accuratereviews.com\/wp-content\/uploads\/2020\/09\/nocrm.io_.png","contentUrl":"https:\/\/www.accuratereviews.com\/wp-content\/uploads\/2020\/09\/nocrm.io_.png","width":256,"height":256},{"@type":"BreadcrumbList","@id":"https:\/\/www.accuratereviews.com\/it\/crm-software-migliori-lista\/nocrm-io-recensione\/#breadcrumb","itemListElement":[{"@type":"ListItem","position":1,"name":"Home","item":"https:\/\/www.accuratereviews.com\/it\/"},{"@type":"ListItem","position":2,"name":"CRM: i software migliori","item":"https:\/\/www.accuratereviews.com\/it\/crm-software-migliori-lista\/"},{"@type":"ListItem","position":3,"name":"noCRM.io"}]},{"@type":"WebSite","@id":"https:\/\/www.accuratereviews.com\/it\/#website","url":"https:\/\/www.accuratereviews.com\/it\/","name":"Accurate Reviews","description":"","potentialAction":[{"@type":"SearchAction","target":{"@type":"EntryPoint","urlTemplate":"https:\/\/www.accuratereviews.com\/it\/?s={search_term_string}"},"query-input":{"@type":"PropertyValueSpecification","valueRequired":true,"valueName":"search_term_string"}}],"inLanguage":"it-IT"}]}},"_links":{"self":[{"href":"https:\/\/www.accuratereviews.com\/it\/wp-json\/wp\/v2\/pages\/30403","targetHints":{"allow":["GET"]}}],"collection":[{"href":"https:\/\/www.accuratereviews.com\/it\/wp-json\/wp\/v2\/pages"}],"about":[{"href":"https:\/\/www.accuratereviews.com\/it\/wp-json\/wp\/v2\/types\/page"}],"author":[{"embeddable":true,"href":"https:\/\/www.accuratereviews.com\/it\/wp-json\/wp\/v2\/users\/19"}],"replies":[{"embeddable":true,"href":"https:\/\/www.accuratereviews.com\/it\/wp-json\/wp\/v2\/comments?post=30403"}],"version-history":[{"count":7,"href":"https:\/\/www.accuratereviews.com\/it\/wp-json\/wp\/v2\/pages\/30403\/revisions"}],"predecessor-version":[{"id":31514,"href":"https:\/\/www.accuratereviews.com\/it\/wp-json\/wp\/v2\/pages\/30403\/revisions\/31514"}],"up":[{"embeddable":true,"href":"https:\/\/www.accuratereviews.com\/it\/wp-json\/wp\/v2\/pages\/5966"}],"wp:featuredmedia":[{"embeddable":true,"href":"https:\/\/www.accuratereviews.com\/it\/wp-json\/wp\/v2\/media\/30407"}],"wp:attachment":[{"href":"https:\/\/www.accuratereviews.com\/it\/wp-json\/wp\/v2\/media?parent=30403"}],"wp:term":[{"taxonomy":"category","embeddable":true,"href":"https:\/\/www.accuratereviews.com\/it\/wp-json\/wp\/v2\/categories?post=30403"},{"taxonomy":"post_tag","embeddable":true,"href":"https:\/\/www.accuratereviews.com\/it\/wp-json\/wp\/v2\/tags?post=30403"},{"taxonomy":"features","embeddable":true,"href":"https:\/\/www.accuratereviews.com\/it\/wp-json\/wp\/v2\/features?post=30403"}],"curies":[{"name":"wp","href":"https:\/\/api.w.org\/{rel}","templated":true}]}}