{"id":30466,"date":"2020-09-22T11:03:56","date_gmt":"2020-09-22T11:03:56","guid":{"rendered":"https:\/\/www.accuratereviews.com\/?page_id=30466"},"modified":"2021-02-04T13:53:27","modified_gmt":"2021-02-04T13:53:27","slug":"scl-recensione","status":"publish","type":"page","link":"https:\/\/www.accuratereviews.com\/it\/piattaforme-didattica-distanza\/scl-recensione\/","title":{"rendered":"SCL"},"content":{"rendered":"<p><strong>SCL<\/strong> \u00e8 una <strong>soluzione di amministrazione scolastica<\/strong> basata su <strong>cloud<\/strong> progettata per aiutare le istituzioni educative a gestire e semplificare i processi accademici con moduli di apprendimento. Gli insegnanti possono registrare i dettagli degli studenti, la presenza e i voti in un database centralizzato e comunicare con i genitori tramite messaggistica sicura.\u00a0<strong>SCL<\/strong> consente alle scuole di mantenere i registri delle attivit\u00e0 degli studenti e prevenire violazioni dei dati non autorizzate attraverso l&#8217;autenticazione a due fattori. Gli insegnanti possono creare valutazioni basate sulle abilit\u00e0 per gli studenti e visualizzare i punteggi calcolati nelle pagelle per monitorare i progressi accademici. Inoltre, i genitori possono gestire i contatti e utilizzare un calendario integrato per visualizzare i prossimi eventi accademici o festivi.\u00a0Gli amministratori possono configurare le impostazioni di sistema e creare moduli di ammissione personalizzabili per facilitare il processo di registrazione.<\/p>\n<h2>SCL &#8211; TUTORIAL<\/h2>\n<p>Vediamo come creare una aula virtuale con questo <strong>software di didattica a distanza<\/strong>:<\/p>\n<div id=\"fluid-wrapper-counter-1\" class=\"g1-fluid-wrapper \" style=\"width:686px;\">\n<div style=\"padding-bottom:56.268221574344%;\"><iframe loading=\"lazy\" title=\"SCL 4.3 (Virtual Classrooms)\" width=\"686\" height=\"386\" src=\"https:\/\/www.youtube.com\/embed\/6J_RJ6ckC3k?feature=oembed&amp;wmode=transparent&amp;autohide=1&amp;autoplay=0&amp;disablekb=0&amp;fs=1&amp;loop=0&amp;enablejsapi=1&amp;rel=0&amp;controls=2&amp;showinfo=0&amp;wmode=transparent&amp;autohide=2&amp;autoplay=0&amp;disablekb=0&amp;fs=1&amp;loop=0&amp;enablejsapi=1&amp;rel=0&amp;controls=2&amp;showinfo=1\" frameborder=\"0\" allow=\"accelerometer; autoplay; clipboard-write; encrypted-media; gyroscope; picture-in-picture\" allowfullscreen><\/iframe><\/div>\n<\/div>\n<h3>SCL &#8211; CARATTERISTICHE<\/h3>\n<ul>\n<li><strong>Veloce e robusto<\/strong>: le prestazioni del sistema e della infrastruttura soddisfino i massimi standard mondiali nel settore informatico<\/li>\n<li><strong>Sicuro e affidabile<\/strong>: fornisce soluzioni altamente sicure e complessit\u00e0 delle applicazioni come log delle attivit\u00e0 di sistema, log delle attivit\u00e0 degli utenti e autenticazione a due fattori<\/li>\n<li><strong>Servizio<\/strong>: da un&#8217;esperienza utente unica che fornisce un&#8217;interfaccia completa ma semplice che fa sentire a proprio agio qualsiasi utente durante l&#8217;utilizzo dell&#8217;applicazione su qualsiasi piattaforma<\/li>\n<li><strong>Supporto e formazione<\/strong>: formazione in loco per amministratori scolastici e insegnanti insieme a supporto in linea dal vivo e telefonico<\/li>\n<li><strong>Aggiornamenti continui<\/strong>:\u00a0\u00a0costantemente aggiornamenti con nuove funzionalit\u00e0 che implementano le esigenze degli utenti<\/li>\n<\/ul>\n<h4>LE RECENSIONI DEGLI UTENTI<\/h4>\n<h4 class=\"font-weight-bold mb-1 d-flex align-items-center\">Chelsy D.&#8221;Insegnante che utilizza SCL&#8221;<\/h4>\n<p><strong>Commenti: <\/strong>Nel complesso, la mia esperienza con SCL \u00e8 stata piacevole. Vorrei una formazione aggiuntiva con istruzioni pi\u00f9 dettagliate sulle funzionalit\u00e0 disponibili e sul loro corretto utilizzo.<\/p>\n<p><strong>Vantaggi: <\/strong>La valutazione giornaliera dei compiti e il caricamento di questi voti \u00e8 facile con SCL. Mi piace quanto sia facile da usare questa funzione e che gli studenti possano monitorare i loro progressi. Mi piace anche la funzione &#8220;Missing Marks&#8221; per identificare facilmente i compiti mancanti degli studenti.<\/p>\n<p><strong>Inconvenienti: <\/strong>A volte, cercare di impostare correttamente le istruzioni per gli studenti e distribuire compiti interattivi \u00e8 stata una sfida.<\/p>\n<h4 class=\"font-weight-bold mb-1 d-flex align-items-center\">Noha S.&#8221;Sistema nac scl&#8221;<\/h4>\n<p><strong>Commenti: <\/strong>Buona<\/p>\n<p><strong>Vantaggi: <\/strong>Buon processo di accesso di sicurezza, interfaccia user friendly<\/p>\n<p><strong>Inconvenienti: <\/strong>L&#8217;inserimento di simboli e funzioni matematiche non \u00e8 disponibile nel compito interattivo, inserire un&#8217;immagine nella domanda a scelta multipla non disponibile, il sistema di messaggistica deve essere migliorato durante la ricerca di un messaggio inviato o ricevuto.<br \/>\nLa condivisione online della fotocamera e dello schermo necessita di miglioramenti<\/p>\n<h4 class=\"font-weight-bold mb-1 d-flex align-items-center\">Heba F.&#8221;Interfaccia user-friendly.&#8221;<\/h4>\n<p><strong>Vantaggi: <\/strong>Che \u00e8 facile creare compiti interattivi e molto facile usare gli strumenti sulla lavagna per insegnare online e disegnare diagrammi.<\/p>\n<p><strong>Inconvenienti: <\/strong>Che di solito \u00e8 difficile collegare tutti i video contemporaneamente e che richiede una velocit\u00e0 di rete molto elevata per condividere lo schermo.<\/p>\n","protected":false},"excerpt":{"rendered":"<p>SCL \u00e8 una soluzione di amministrazione scolastica basata su cloud progettata per aiutare le istituzioni educative a gestire e semplificare i processi accademici con moduli di apprendimento. Gli insegnanti possono registrare i dettagli degli studenti, la presenza e i voti in un database centralizzato e comunicare con i genitori tramite messaggistica sicura.<\/p>\n","protected":false},"author":19,"featured_media":30470,"parent":30279,"menu_order":0,"comment_status":"open","ping_status":"closed","template":"g1_template_page_review_new.php","meta":{"_acf_changed":false,"cwp_meta_box_check":"Yes","cwp_rev_product_name":"","cwp_rev_product_image":"","wppr_links":[],"cwp_rev_price":"","wppr_options":[],"wppr_pros":[],"wppr_cons":[],"_monsterinsights_skip_tracking":false,"_monsterinsights_sitenote_active":false,"_monsterinsights_sitenote_note":"","_monsterinsights_sitenote_category":0,"footnotes":""},"categories":[3634],"tags":[396,3661,3660,3683,3659,3658],"features":[],"class_list":{"0":"post-30466","1":"page","2":"type-page","3":"status-publish","4":"has-post-thumbnail","6":"category-piattaforme-per-la-didattica-a-distanza-categoria","7":"tag-cloud","8":"tag-piattaforma-didattica-a-distanza","9":"tag-programma-didattica-a-distanza","10":"tag-scl","11":"tag-software-didattica-a-distanza","12":"tag-soluzione-didattica-a-distanza"},"wppr_data":{"cwp_meta_box_check":"Yes","cwp_rev_product_name":"","cwp_rev_product_image":"","cwp_image_link":"image","cwp_rev_price":"","wppr_rating":"0.00"},"acf":[],"yoast_head":"<!-- This site is optimized with the Yoast SEO plugin v27.4 - https:\/\/yoast.com\/product\/yoast-seo-wordpress\/ -->\n<title>SCL: recensione software di didattica a distanza - Accurate Reviews<\/title>\n<meta name=\"description\" content=\"SCL: soluzione di amministrazione basata su cloud progettata per aiutare le istituzioni educative a gestire i processi accademici.\" \/>\n<meta name=\"robots\" content=\"index, follow, max-snippet:-1, max-image-preview:large, max-video-preview:-1\" \/>\n<link rel=\"canonical\" href=\"https:\/\/www.accuratereviews.com\/it\/piattaforme-didattica-distanza\/scl-recensione\/\" \/>\n<meta property=\"og:locale\" content=\"it_IT\" \/>\n<meta property=\"og:type\" content=\"article\" \/>\n<meta property=\"og:title\" content=\"SCL: recensione software di didattica a distanza - Accurate Reviews\" \/>\n<meta property=\"og:description\" content=\"SCL: soluzione di amministrazione basata su cloud progettata per aiutare le istituzioni educative a gestire i processi accademici.\" \/>\n<meta property=\"og:url\" content=\"https:\/\/www.accuratereviews.com\/it\/piattaforme-didattica-distanza\/scl-recensione\/\" \/>\n<meta property=\"og:site_name\" content=\"Accurate Reviews\" \/>\n<meta property=\"article:modified_time\" content=\"2021-02-04T13:53:27+00:00\" \/>\n<meta property=\"og:image\" content=\"https:\/\/www.accuratereviews.com\/wp-content\/uploads\/2020\/09\/SCL.png\" \/>\n\t<meta property=\"og:image:width\" content=\"400\" \/>\n\t<meta property=\"og:image:height\" content=\"400\" \/>\n\t<meta property=\"og:image:type\" content=\"image\/png\" \/>\n<meta name=\"twitter:card\" content=\"summary_large_image\" \/>\n<meta name=\"twitter:label1\" content=\"Tempo di lettura stimato\" \/>\n\t<meta name=\"twitter:data1\" content=\"2 minuti\" \/>\n<script type=\"application\/ld+json\" class=\"yoast-schema-graph\">{\"@context\":\"https:\\\/\\\/schema.org\",\"@graph\":[{\"@type\":\"WebPage\",\"@id\":\"https:\\\/\\\/www.accuratereviews.com\\\/it\\\/piattaforme-didattica-distanza\\\/scl-recensione\\\/\",\"url\":\"https:\\\/\\\/www.accuratereviews.com\\\/it\\\/piattaforme-didattica-distanza\\\/scl-recensione\\\/\",\"name\":\"SCL: recensione software di didattica a distanza - Accurate Reviews\",\"isPartOf\":{\"@id\":\"https:\\\/\\\/www.accuratereviews.com\\\/it\\\/#website\"},\"primaryImageOfPage\":{\"@id\":\"https:\\\/\\\/www.accuratereviews.com\\\/it\\\/piattaforme-didattica-distanza\\\/scl-recensione\\\/#primaryimage\"},\"image\":{\"@id\":\"https:\\\/\\\/www.accuratereviews.com\\\/it\\\/piattaforme-didattica-distanza\\\/scl-recensione\\\/#primaryimage\"},\"thumbnailUrl\":\"https:\\\/\\\/www.accuratereviews.com\\\/wp-content\\\/uploads\\\/2020\\\/09\\\/SCL.png\",\"datePublished\":\"2020-09-22T11:03:56+00:00\",\"dateModified\":\"2021-02-04T13:53:27+00:00\",\"description\":\"SCL: soluzione di amministrazione basata su cloud progettata per aiutare le istituzioni educative a gestire i processi accademici.\",\"breadcrumb\":{\"@id\":\"https:\\\/\\\/www.accuratereviews.com\\\/it\\\/piattaforme-didattica-distanza\\\/scl-recensione\\\/#breadcrumb\"},\"inLanguage\":\"it-IT\",\"potentialAction\":[{\"@type\":\"ReadAction\",\"target\":[\"https:\\\/\\\/www.accuratereviews.com\\\/it\\\/piattaforme-didattica-distanza\\\/scl-recensione\\\/\"]}]},{\"@type\":\"ImageObject\",\"inLanguage\":\"it-IT\",\"@id\":\"https:\\\/\\\/www.accuratereviews.com\\\/it\\\/piattaforme-didattica-distanza\\\/scl-recensione\\\/#primaryimage\",\"url\":\"https:\\\/\\\/www.accuratereviews.com\\\/wp-content\\\/uploads\\\/2020\\\/09\\\/SCL.png\",\"contentUrl\":\"https:\\\/\\\/www.accuratereviews.com\\\/wp-content\\\/uploads\\\/2020\\\/09\\\/SCL.png\",\"width\":400,\"height\":400},{\"@type\":\"BreadcrumbList\",\"@id\":\"https:\\\/\\\/www.accuratereviews.com\\\/it\\\/piattaforme-didattica-distanza\\\/scl-recensione\\\/#breadcrumb\",\"itemListElement\":[{\"@type\":\"ListItem\",\"position\":1,\"name\":\"Home\",\"item\":\"https:\\\/\\\/www.accuratereviews.com\\\/it\\\/\"},{\"@type\":\"ListItem\",\"position\":2,\"name\":\"Piattaforme per la didattica a distanza\",\"item\":\"https:\\\/\\\/www.accuratereviews.com\\\/it\\\/piattaforme-didattica-distanza\\\/\"},{\"@type\":\"ListItem\",\"position\":3,\"name\":\"SCL\"}]},{\"@type\":\"WebSite\",\"@id\":\"https:\\\/\\\/www.accuratereviews.com\\\/it\\\/#website\",\"url\":\"https:\\\/\\\/www.accuratereviews.com\\\/it\\\/\",\"name\":\"Accurate Reviews\",\"description\":\"\",\"potentialAction\":[{\"@type\":\"SearchAction\",\"target\":{\"@type\":\"EntryPoint\",\"urlTemplate\":\"https:\\\/\\\/www.accuratereviews.com\\\/it\\\/?s={search_term_string}\"},\"query-input\":{\"@type\":\"PropertyValueSpecification\",\"valueRequired\":true,\"valueName\":\"search_term_string\"}}],\"inLanguage\":\"it-IT\"}]}<\/script>\n<!-- \/ Yoast SEO plugin. -->","yoast_head_json":{"title":"SCL: recensione software di didattica a distanza - Accurate Reviews","description":"SCL: soluzione di amministrazione basata su cloud progettata per aiutare le istituzioni educative a gestire i processi accademici.","robots":{"index":"index","follow":"follow","max-snippet":"max-snippet:-1","max-image-preview":"max-image-preview:large","max-video-preview":"max-video-preview:-1"},"canonical":"https:\/\/www.accuratereviews.com\/it\/piattaforme-didattica-distanza\/scl-recensione\/","og_locale":"it_IT","og_type":"article","og_title":"SCL: recensione software di didattica a distanza - Accurate Reviews","og_description":"SCL: soluzione di amministrazione basata su cloud progettata per aiutare le istituzioni educative a gestire i processi accademici.","og_url":"https:\/\/www.accuratereviews.com\/it\/piattaforme-didattica-distanza\/scl-recensione\/","og_site_name":"Accurate Reviews","article_modified_time":"2021-02-04T13:53:27+00:00","og_image":[{"width":400,"height":400,"url":"https:\/\/www.accuratereviews.com\/wp-content\/uploads\/2020\/09\/SCL.png","type":"image\/png"}],"twitter_card":"summary_large_image","twitter_misc":{"Tempo di lettura stimato":"2 minuti"},"schema":{"@context":"https:\/\/schema.org","@graph":[{"@type":"WebPage","@id":"https:\/\/www.accuratereviews.com\/it\/piattaforme-didattica-distanza\/scl-recensione\/","url":"https:\/\/www.accuratereviews.com\/it\/piattaforme-didattica-distanza\/scl-recensione\/","name":"SCL: recensione software di didattica a distanza - Accurate Reviews","isPartOf":{"@id":"https:\/\/www.accuratereviews.com\/it\/#website"},"primaryImageOfPage":{"@id":"https:\/\/www.accuratereviews.com\/it\/piattaforme-didattica-distanza\/scl-recensione\/#primaryimage"},"image":{"@id":"https:\/\/www.accuratereviews.com\/it\/piattaforme-didattica-distanza\/scl-recensione\/#primaryimage"},"thumbnailUrl":"https:\/\/www.accuratereviews.com\/wp-content\/uploads\/2020\/09\/SCL.png","datePublished":"2020-09-22T11:03:56+00:00","dateModified":"2021-02-04T13:53:27+00:00","description":"SCL: soluzione di amministrazione basata su cloud progettata per aiutare le istituzioni educative a gestire i processi accademici.","breadcrumb":{"@id":"https:\/\/www.accuratereviews.com\/it\/piattaforme-didattica-distanza\/scl-recensione\/#breadcrumb"},"inLanguage":"it-IT","potentialAction":[{"@type":"ReadAction","target":["https:\/\/www.accuratereviews.com\/it\/piattaforme-didattica-distanza\/scl-recensione\/"]}]},{"@type":"ImageObject","inLanguage":"it-IT","@id":"https:\/\/www.accuratereviews.com\/it\/piattaforme-didattica-distanza\/scl-recensione\/#primaryimage","url":"https:\/\/www.accuratereviews.com\/wp-content\/uploads\/2020\/09\/SCL.png","contentUrl":"https:\/\/www.accuratereviews.com\/wp-content\/uploads\/2020\/09\/SCL.png","width":400,"height":400},{"@type":"BreadcrumbList","@id":"https:\/\/www.accuratereviews.com\/it\/piattaforme-didattica-distanza\/scl-recensione\/#breadcrumb","itemListElement":[{"@type":"ListItem","position":1,"name":"Home","item":"https:\/\/www.accuratereviews.com\/it\/"},{"@type":"ListItem","position":2,"name":"Piattaforme per la didattica a distanza","item":"https:\/\/www.accuratereviews.com\/it\/piattaforme-didattica-distanza\/"},{"@type":"ListItem","position":3,"name":"SCL"}]},{"@type":"WebSite","@id":"https:\/\/www.accuratereviews.com\/it\/#website","url":"https:\/\/www.accuratereviews.com\/it\/","name":"Accurate Reviews","description":"","potentialAction":[{"@type":"SearchAction","target":{"@type":"EntryPoint","urlTemplate":"https:\/\/www.accuratereviews.com\/it\/?s={search_term_string}"},"query-input":{"@type":"PropertyValueSpecification","valueRequired":true,"valueName":"search_term_string"}}],"inLanguage":"it-IT"}]}},"_links":{"self":[{"href":"https:\/\/www.accuratereviews.com\/it\/wp-json\/wp\/v2\/pages\/30466","targetHints":{"allow":["GET"]}}],"collection":[{"href":"https:\/\/www.accuratereviews.com\/it\/wp-json\/wp\/v2\/pages"}],"about":[{"href":"https:\/\/www.accuratereviews.com\/it\/wp-json\/wp\/v2\/types\/page"}],"author":[{"embeddable":true,"href":"https:\/\/www.accuratereviews.com\/it\/wp-json\/wp\/v2\/users\/19"}],"replies":[{"embeddable":true,"href":"https:\/\/www.accuratereviews.com\/it\/wp-json\/wp\/v2\/comments?post=30466"}],"version-history":[{"count":6,"href":"https:\/\/www.accuratereviews.com\/it\/wp-json\/wp\/v2\/pages\/30466\/revisions"}],"predecessor-version":[{"id":36779,"href":"https:\/\/www.accuratereviews.com\/it\/wp-json\/wp\/v2\/pages\/30466\/revisions\/36779"}],"up":[{"embeddable":true,"href":"https:\/\/www.accuratereviews.com\/it\/wp-json\/wp\/v2\/pages\/30279"}],"wp:featuredmedia":[{"embeddable":true,"href":"https:\/\/www.accuratereviews.com\/it\/wp-json\/wp\/v2\/media\/30470"}],"wp:attachment":[{"href":"https:\/\/www.accuratereviews.com\/it\/wp-json\/wp\/v2\/media?parent=30466"}],"wp:term":[{"taxonomy":"category","embeddable":true,"href":"https:\/\/www.accuratereviews.com\/it\/wp-json\/wp\/v2\/categories?post=30466"},{"taxonomy":"post_tag","embeddable":true,"href":"https:\/\/www.accuratereviews.com\/it\/wp-json\/wp\/v2\/tags?post=30466"},{"taxonomy":"features","embeddable":true,"href":"https:\/\/www.accuratereviews.com\/it\/wp-json\/wp\/v2\/features?post=30466"}],"curies":[{"name":"wp","href":"https:\/\/api.w.org\/{rel}","templated":true}]}}