{"id":30494,"date":"2020-09-23T11:09:12","date_gmt":"2020-09-23T11:09:12","guid":{"rendered":"https:\/\/www.accuratereviews.com\/?page_id=30494"},"modified":"2021-02-03T16:38:33","modified_gmt":"2021-02-03T16:38:33","slug":"mindscroll-recensione","status":"publish","type":"page","link":"https:\/\/www.accuratereviews.com\/it\/piattaforme-didattica-distanza\/mindscroll-recensione\/","title":{"rendered":"MindScroll"},"content":{"rendered":"<p><strong>MindScroll<\/strong>\u00a0\u00e8 una <strong>soluzione di gestione dell&#8217;apprendimento<\/strong> basata su <strong>cloud<\/strong> per aziende di tutte le dimensioni. Le caratteristiche principali includono la gestione dei corsi, test e sondaggi online, calendari di formazione, notifiche e rapporti insieme a backup periodici.\u00a0La soluzione consente agli utenti di caricare contenuti e creare corsi online. Anche i parametri di calcolo del progresso e del punteggio possono essere personalizzati. Gli utenti creano test con pi\u00f9 tipi di domande come scelta multipla, vero o falso, testo libero e caricamento di file. I certificati possono essere generati utilizzando modelli personalizzati. Gli utenti hanno la flessibilit\u00e0 di utilizzare strumenti di conferenza come GoToMeeting e Zoom.us per condurre sessioni in aula virtuale.<\/p>\n<h2>MINDSCROLL &#8211; TUTORIAL<\/h2>\n<p>Il tutorial che segue mostra le principali funzioni di questo <strong>software di didattica a distanza<\/strong>:<\/p>\n<p>&nbsp;<\/p>\n<div id=\"fluid-wrapper-counter-1\" class=\"g1-fluid-wrapper \" style=\"width:686px;\">\n<div style=\"padding-bottom:56.268221574344%;\"><iframe loading=\"lazy\" title=\"Intro MindScroll\" width=\"686\" height=\"386\" src=\"https:\/\/www.youtube.com\/embed\/FQb6ZBJP9ZU?feature=oembed&amp;wmode=transparent&amp;autohide=1&amp;autoplay=0&amp;disablekb=0&amp;fs=1&amp;loop=0&amp;enablejsapi=1&amp;rel=0&amp;controls=2&amp;showinfo=0&amp;wmode=transparent&amp;autohide=2&amp;autoplay=0&amp;disablekb=0&amp;fs=1&amp;loop=0&amp;enablejsapi=1&amp;rel=0&amp;controls=2&amp;showinfo=1\" frameborder=\"0\" allow=\"accelerometer; autoplay; clipboard-write; encrypted-media; gyroscope; picture-in-picture\" allowfullscreen><\/iframe><\/div>\n<\/div>\n<p>&nbsp;<\/p>\n<h3>MINDSCROLL &#8211; CARATTERISTICHE<\/h3>\n<ul>\n<li>Carica contenuti e crea corsi online in pochi minuti<\/li>\n<li>Supporto per elearning, formazione con istruttore (ILT) e formazione mista<\/li>\n<li>Organizza e riutilizza i file dalla libreria dei contenuti<\/li>\n<li>Usa il Piano di apprendimento guidato e la certificazione<\/li>\n<li>Supporto per documenti, pdf, powerpoint, file audio, video, SCORM e collegamenti web<\/li>\n<li>Personalizza i parametri di calcolo del progresso e del punteggio<\/li>\n<li>Crea facilmente test e sondaggi online utilizzando la piattaforma<\/li>\n<li>Supporto per pi\u00f9 tipi di domande: MCQ, MMCQ, T \/ F, testo libero, caricamento di file<\/li>\n<li>Carica in blocco le domande<\/li>\n<li>Genera automaticamente test online<\/li>\n<li>Conduci esami di certificazione: genera il certificato utilizzando il tuo modello personalizzato<\/li>\n<li>Usa il forum di discussione per l&#8217;apprendimento collaborativo<\/li>\n<li>Widget di condivisione social per mantenere l&#8217;apprendimento anche al di fuori dell&#8217;ambiente del corso formale<\/li>\n<li>Utilizza la dashboard completo per visualizzare un&#8217;istantanea dell&#8217;utilizzo del sistema, il riepilogo dei pagamenti e i progressi dello studente<\/li>\n<li>Ottieni informazioni sull&#8217;avanzamento del corso e sull&#8217;attivit\u00e0 dello studente utilizzando rapporti di riepilogo visivi e interattivi a livello di corso e utente<\/li>\n<li>Usa strumenti di conferenza come GoToMeeting, Zoom.us e conduci sessioni in aula virtuale<\/li>\n<li>Crea i tuoi rapporti personalizzati per monitorare le metriche chiave che influiscono sulla tua attivit\u00e0<\/li>\n<\/ul>\n<h4>LE RECENSIONI DEGLI UTENTI<\/h4>\n<h4 class=\"font-weight-bold mb-1 d-flex align-items-center\">Mikael bang K\u00a0&#8220;Molto soddisfatto di un prodotto di alta qualit\u00e0&#8221;<\/h4>\n<p><strong>Vantaggi: <\/strong>Altissima compatibilit\u00e0 con altri prodotti, facile personalizzazione e supporto rapido ed efficiente.<\/p>\n<p><strong>Inconvenienti: <\/strong>Davvero non sono incappato in alcun problema.<\/p>\n<h4 class=\"font-weight-bold mb-1 d-flex align-items-center\">Christoph L.&#8221;L&#8217;anello mancante&#8221;<\/h4>\n<p><strong>Commenti: <\/strong>Libreria eccellente e supporto eccellente. Tutte le domande ricevono risposta in breve tempo<\/p>\n<p><strong>Vantaggi: <\/strong>Bene, le demo e la documentazione sono fatte in modo davvero buono, quindi per quasi tutti i casi \u00e8 disponibile una demo. Gli eventi possono essere utilizzati per ascoltare quasi tutto ci\u00f2 che accade ai componenti.<br \/>\nI selettori di data e i calendari sono proprio quello che stavo cercando e mi aiuta a concentrarmi su cose cruciali invece di correggere o costruire selettori di date. Impossibile trovare un altro prodotto che funzionasse cos\u00ec bene. Uso molte delle visualizzazioni degli elenchi con azioni di diapositiva che sono facili da personalizzare. Continuer\u00f2 a utilizzare sempre di pi\u00f9 questa fantastica libreria.<br \/>\nGli aggiornamenti stanno arrivando regolarmente, lo strumento migliora ogni mese. Sto lavorando su ionico.<\/p>\n<p><strong>Inconvenienti: <\/strong>L&#8217;unico problema \u00e8 che la dimensione del pacchetto cresce molto, ma sono abbastanza sicuro che il team di mobiscroll ci stia gi\u00e0 lavorando.<\/p>\n<h4 class=\"font-weight-bold mb-1 d-flex align-items-center\">Nicklas R.&#8221;Grande supporto&#8221;<\/h4>\n<p><strong>Commenti: <\/strong>Grande!<\/p>\n<p><strong>Vantaggi: <\/strong>Abbiamo un caso d&#8217;uso abbastanza avanzato utilizzando il componente intervallo di date e ci \u00e8 voluto del tempo per configurarlo per fare quello che volevamo. Durante questo periodo il supporto di Mobiscroll \u00e8 stato eccellente in ogni fase del processo! Il risultato \u00e8 stato che il caso d&#8217;uso funziona perfettamente, cosa che non siamo stati in grado di ottenere con altre soluzioni che abbiamo provato o valutato.<\/p>\n<p><strong>Inconvenienti: <\/strong>Abbiamo avuto alcuni bug minori all&#8217;inizio che ci hanno spiazzato, facendoci chiedere se il supporto per la reazione non funzionasse.<\/p>\n","protected":false},"excerpt":{"rendered":"<p>MindScroll\u00a0\u00e8 una soluzione di gestione dell&#8217;apprendimento basata su cloud per aziende di tutte le dimensioni. Le caratteristiche principali includono la gestione dei corsi, test e sondaggi online, calendari di formazione, notifiche e rapporti insieme a backup periodici.\u00a0La soluzione consente agli utenti di caricare contenuti e creare corsi online.<\/p>\n","protected":false},"author":19,"featured_media":30495,"parent":30279,"menu_order":0,"comment_status":"open","ping_status":"closed","template":"g1_template_page_review_new.php","meta":{"_acf_changed":false,"cwp_meta_box_check":"Yes","cwp_rev_product_name":"","cwp_rev_product_image":"","wppr_links":[],"cwp_rev_price":"","wppr_options":[],"wppr_pros":[],"wppr_cons":[],"_monsterinsights_skip_tracking":false,"_monsterinsights_sitenote_active":false,"_monsterinsights_sitenote_note":"","_monsterinsights_sitenote_category":0,"footnotes":""},"categories":[3634],"tags":[396,3703,3661,3639,3637,3658],"features":[],"class_list":{"0":"post-30494","1":"page","2":"type-page","3":"status-publish","4":"has-post-thumbnail","6":"category-piattaforme-per-la-didattica-a-distanza-categoria","7":"tag-cloud","8":"tag-mindscroll","9":"tag-piattaforma-didattica-a-distanza","10":"tag-programma-di-didattica-a-distanza","11":"tag-software-di-didattica-a-distanza","12":"tag-soluzione-didattica-a-distanza"},"wppr_data":{"cwp_meta_box_check":"Yes","cwp_rev_product_name":"","cwp_rev_product_image":"","cwp_image_link":"image","cwp_rev_price":"","wppr_rating":"0.00"},"acf":[],"yoast_head":"<!-- This site is optimized with the Yoast SEO plugin v27.4 - https:\/\/yoast.com\/product\/yoast-seo-wordpress\/ -->\n<title>Mindscroll: recensione software didattica a distanza - Accurate Reviews<\/title>\n<meta name=\"description\" content=\"MindScroll: recensione soluzione di gestione dell&#039;apprendimento basata su cloud per aziende di tutte le dimensioni.\" \/>\n<meta name=\"robots\" content=\"index, follow, max-snippet:-1, max-image-preview:large, max-video-preview:-1\" \/>\n<link rel=\"canonical\" href=\"https:\/\/www.accuratereviews.com\/it\/piattaforme-didattica-distanza\/mindscroll-recensione\/\" \/>\n<meta property=\"og:locale\" content=\"it_IT\" \/>\n<meta property=\"og:type\" content=\"article\" \/>\n<meta property=\"og:title\" content=\"Mindscroll: recensione software didattica a distanza - Accurate Reviews\" \/>\n<meta property=\"og:description\" content=\"MindScroll: recensione soluzione di gestione dell&#039;apprendimento basata su cloud per aziende di tutte le dimensioni.\" \/>\n<meta property=\"og:url\" content=\"https:\/\/www.accuratereviews.com\/it\/piattaforme-didattica-distanza\/mindscroll-recensione\/\" \/>\n<meta property=\"og:site_name\" content=\"Accurate Reviews\" \/>\n<meta property=\"article:modified_time\" content=\"2021-02-03T16:38:33+00:00\" \/>\n<meta property=\"og:image\" content=\"https:\/\/www.accuratereviews.com\/wp-content\/uploads\/2020\/09\/MindScroll.png\" \/>\n\t<meta property=\"og:image:width\" content=\"225\" \/>\n\t<meta property=\"og:image:height\" content=\"224\" \/>\n\t<meta property=\"og:image:type\" content=\"image\/png\" \/>\n<meta name=\"twitter:card\" content=\"summary_large_image\" \/>\n<meta name=\"twitter:label1\" content=\"Tempo di lettura stimato\" \/>\n\t<meta name=\"twitter:data1\" content=\"3 minuti\" \/>\n<script type=\"application\/ld+json\" class=\"yoast-schema-graph\">{\"@context\":\"https:\\\/\\\/schema.org\",\"@graph\":[{\"@type\":\"WebPage\",\"@id\":\"https:\\\/\\\/www.accuratereviews.com\\\/it\\\/piattaforme-didattica-distanza\\\/mindscroll-recensione\\\/\",\"url\":\"https:\\\/\\\/www.accuratereviews.com\\\/it\\\/piattaforme-didattica-distanza\\\/mindscroll-recensione\\\/\",\"name\":\"Mindscroll: recensione software didattica a distanza - Accurate Reviews\",\"isPartOf\":{\"@id\":\"https:\\\/\\\/www.accuratereviews.com\\\/it\\\/#website\"},\"primaryImageOfPage\":{\"@id\":\"https:\\\/\\\/www.accuratereviews.com\\\/it\\\/piattaforme-didattica-distanza\\\/mindscroll-recensione\\\/#primaryimage\"},\"image\":{\"@id\":\"https:\\\/\\\/www.accuratereviews.com\\\/it\\\/piattaforme-didattica-distanza\\\/mindscroll-recensione\\\/#primaryimage\"},\"thumbnailUrl\":\"https:\\\/\\\/www.accuratereviews.com\\\/wp-content\\\/uploads\\\/2020\\\/09\\\/MindScroll.png\",\"datePublished\":\"2020-09-23T11:09:12+00:00\",\"dateModified\":\"2021-02-03T16:38:33+00:00\",\"description\":\"MindScroll: recensione soluzione di gestione dell'apprendimento basata su cloud per aziende di tutte le dimensioni.\",\"breadcrumb\":{\"@id\":\"https:\\\/\\\/www.accuratereviews.com\\\/it\\\/piattaforme-didattica-distanza\\\/mindscroll-recensione\\\/#breadcrumb\"},\"inLanguage\":\"it-IT\",\"potentialAction\":[{\"@type\":\"ReadAction\",\"target\":[\"https:\\\/\\\/www.accuratereviews.com\\\/it\\\/piattaforme-didattica-distanza\\\/mindscroll-recensione\\\/\"]}]},{\"@type\":\"ImageObject\",\"inLanguage\":\"it-IT\",\"@id\":\"https:\\\/\\\/www.accuratereviews.com\\\/it\\\/piattaforme-didattica-distanza\\\/mindscroll-recensione\\\/#primaryimage\",\"url\":\"https:\\\/\\\/www.accuratereviews.com\\\/wp-content\\\/uploads\\\/2020\\\/09\\\/MindScroll.png\",\"contentUrl\":\"https:\\\/\\\/www.accuratereviews.com\\\/wp-content\\\/uploads\\\/2020\\\/09\\\/MindScroll.png\",\"width\":225,\"height\":224},{\"@type\":\"BreadcrumbList\",\"@id\":\"https:\\\/\\\/www.accuratereviews.com\\\/it\\\/piattaforme-didattica-distanza\\\/mindscroll-recensione\\\/#breadcrumb\",\"itemListElement\":[{\"@type\":\"ListItem\",\"position\":1,\"name\":\"Home\",\"item\":\"https:\\\/\\\/www.accuratereviews.com\\\/it\\\/\"},{\"@type\":\"ListItem\",\"position\":2,\"name\":\"Piattaforme per la didattica a distanza\",\"item\":\"https:\\\/\\\/www.accuratereviews.com\\\/it\\\/piattaforme-didattica-distanza\\\/\"},{\"@type\":\"ListItem\",\"position\":3,\"name\":\"MindScroll\"}]},{\"@type\":\"WebSite\",\"@id\":\"https:\\\/\\\/www.accuratereviews.com\\\/it\\\/#website\",\"url\":\"https:\\\/\\\/www.accuratereviews.com\\\/it\\\/\",\"name\":\"Accurate Reviews\",\"description\":\"\",\"potentialAction\":[{\"@type\":\"SearchAction\",\"target\":{\"@type\":\"EntryPoint\",\"urlTemplate\":\"https:\\\/\\\/www.accuratereviews.com\\\/it\\\/?s={search_term_string}\"},\"query-input\":{\"@type\":\"PropertyValueSpecification\",\"valueRequired\":true,\"valueName\":\"search_term_string\"}}],\"inLanguage\":\"it-IT\"}]}<\/script>\n<!-- \/ Yoast SEO plugin. -->","yoast_head_json":{"title":"Mindscroll: recensione software didattica a distanza - Accurate Reviews","description":"MindScroll: recensione soluzione di gestione dell'apprendimento basata su cloud per aziende di tutte le dimensioni.","robots":{"index":"index","follow":"follow","max-snippet":"max-snippet:-1","max-image-preview":"max-image-preview:large","max-video-preview":"max-video-preview:-1"},"canonical":"https:\/\/www.accuratereviews.com\/it\/piattaforme-didattica-distanza\/mindscroll-recensione\/","og_locale":"it_IT","og_type":"article","og_title":"Mindscroll: recensione software didattica a distanza - Accurate Reviews","og_description":"MindScroll: recensione soluzione di gestione dell'apprendimento basata su cloud per aziende di tutte le dimensioni.","og_url":"https:\/\/www.accuratereviews.com\/it\/piattaforme-didattica-distanza\/mindscroll-recensione\/","og_site_name":"Accurate Reviews","article_modified_time":"2021-02-03T16:38:33+00:00","og_image":[{"width":225,"height":224,"url":"https:\/\/www.accuratereviews.com\/wp-content\/uploads\/2020\/09\/MindScroll.png","type":"image\/png"}],"twitter_card":"summary_large_image","twitter_misc":{"Tempo di lettura stimato":"3 minuti"},"schema":{"@context":"https:\/\/schema.org","@graph":[{"@type":"WebPage","@id":"https:\/\/www.accuratereviews.com\/it\/piattaforme-didattica-distanza\/mindscroll-recensione\/","url":"https:\/\/www.accuratereviews.com\/it\/piattaforme-didattica-distanza\/mindscroll-recensione\/","name":"Mindscroll: recensione software didattica a distanza - Accurate Reviews","isPartOf":{"@id":"https:\/\/www.accuratereviews.com\/it\/#website"},"primaryImageOfPage":{"@id":"https:\/\/www.accuratereviews.com\/it\/piattaforme-didattica-distanza\/mindscroll-recensione\/#primaryimage"},"image":{"@id":"https:\/\/www.accuratereviews.com\/it\/piattaforme-didattica-distanza\/mindscroll-recensione\/#primaryimage"},"thumbnailUrl":"https:\/\/www.accuratereviews.com\/wp-content\/uploads\/2020\/09\/MindScroll.png","datePublished":"2020-09-23T11:09:12+00:00","dateModified":"2021-02-03T16:38:33+00:00","description":"MindScroll: recensione soluzione di gestione dell'apprendimento basata su cloud per aziende di tutte le dimensioni.","breadcrumb":{"@id":"https:\/\/www.accuratereviews.com\/it\/piattaforme-didattica-distanza\/mindscroll-recensione\/#breadcrumb"},"inLanguage":"it-IT","potentialAction":[{"@type":"ReadAction","target":["https:\/\/www.accuratereviews.com\/it\/piattaforme-didattica-distanza\/mindscroll-recensione\/"]}]},{"@type":"ImageObject","inLanguage":"it-IT","@id":"https:\/\/www.accuratereviews.com\/it\/piattaforme-didattica-distanza\/mindscroll-recensione\/#primaryimage","url":"https:\/\/www.accuratereviews.com\/wp-content\/uploads\/2020\/09\/MindScroll.png","contentUrl":"https:\/\/www.accuratereviews.com\/wp-content\/uploads\/2020\/09\/MindScroll.png","width":225,"height":224},{"@type":"BreadcrumbList","@id":"https:\/\/www.accuratereviews.com\/it\/piattaforme-didattica-distanza\/mindscroll-recensione\/#breadcrumb","itemListElement":[{"@type":"ListItem","position":1,"name":"Home","item":"https:\/\/www.accuratereviews.com\/it\/"},{"@type":"ListItem","position":2,"name":"Piattaforme per la didattica a distanza","item":"https:\/\/www.accuratereviews.com\/it\/piattaforme-didattica-distanza\/"},{"@type":"ListItem","position":3,"name":"MindScroll"}]},{"@type":"WebSite","@id":"https:\/\/www.accuratereviews.com\/it\/#website","url":"https:\/\/www.accuratereviews.com\/it\/","name":"Accurate Reviews","description":"","potentialAction":[{"@type":"SearchAction","target":{"@type":"EntryPoint","urlTemplate":"https:\/\/www.accuratereviews.com\/it\/?s={search_term_string}"},"query-input":{"@type":"PropertyValueSpecification","valueRequired":true,"valueName":"search_term_string"}}],"inLanguage":"it-IT"}]}},"_links":{"self":[{"href":"https:\/\/www.accuratereviews.com\/it\/wp-json\/wp\/v2\/pages\/30494","targetHints":{"allow":["GET"]}}],"collection":[{"href":"https:\/\/www.accuratereviews.com\/it\/wp-json\/wp\/v2\/pages"}],"about":[{"href":"https:\/\/www.accuratereviews.com\/it\/wp-json\/wp\/v2\/types\/page"}],"author":[{"embeddable":true,"href":"https:\/\/www.accuratereviews.com\/it\/wp-json\/wp\/v2\/users\/19"}],"replies":[{"embeddable":true,"href":"https:\/\/www.accuratereviews.com\/it\/wp-json\/wp\/v2\/comments?post=30494"}],"version-history":[{"count":6,"href":"https:\/\/www.accuratereviews.com\/it\/wp-json\/wp\/v2\/pages\/30494\/revisions"}],"predecessor-version":[{"id":36726,"href":"https:\/\/www.accuratereviews.com\/it\/wp-json\/wp\/v2\/pages\/30494\/revisions\/36726"}],"up":[{"embeddable":true,"href":"https:\/\/www.accuratereviews.com\/it\/wp-json\/wp\/v2\/pages\/30279"}],"wp:featuredmedia":[{"embeddable":true,"href":"https:\/\/www.accuratereviews.com\/it\/wp-json\/wp\/v2\/media\/30495"}],"wp:attachment":[{"href":"https:\/\/www.accuratereviews.com\/it\/wp-json\/wp\/v2\/media?parent=30494"}],"wp:term":[{"taxonomy":"category","embeddable":true,"href":"https:\/\/www.accuratereviews.com\/it\/wp-json\/wp\/v2\/categories?post=30494"},{"taxonomy":"post_tag","embeddable":true,"href":"https:\/\/www.accuratereviews.com\/it\/wp-json\/wp\/v2\/tags?post=30494"},{"taxonomy":"features","embeddable":true,"href":"https:\/\/www.accuratereviews.com\/it\/wp-json\/wp\/v2\/features?post=30494"}],"curies":[{"name":"wp","href":"https:\/\/api.w.org\/{rel}","templated":true}]}}