{"id":30505,"date":"2020-09-23T11:12:21","date_gmt":"2020-09-23T11:12:21","guid":{"rendered":"https:\/\/www.accuratereviews.com\/?page_id=30505"},"modified":"2021-02-04T13:51:49","modified_gmt":"2021-02-04T13:51:49","slug":"school-diary-recensione","status":"publish","type":"page","link":"https:\/\/www.accuratereviews.com\/it\/piattaforme-didattica-distanza\/school-diary-recensione\/","title":{"rendered":"School Diary"},"content":{"rendered":"<p><strong>School Diary<\/strong> \u00e8 un <strong>software di gestione scolastica<\/strong> progettato per aiutare le istituzioni educative a semplificare i processi relativi alle ammissioni, all&#8217;aula virtuale, al coinvolgimento dei genitori, all&#8217;elaborazione dei pagamenti e altro ancora. Gli amministratori possono acquisire le presenze di studenti \/ insegnanti e gestire le operazioni amministrative e contabili su una piattaforma centralizzata.\u00a0Le caratteristiche principali di <strong>School Diary<\/strong> includono promemoria automatici, orari, messaggistica, gestione della biblioteca, analisi delle prestazioni, backup dei dati, gestione dell&#8217;inventario, lavagne e applicazioni mobili. Consente agli asili nido di generare rapporti sulle prestazioni immettendo punteggi o caricando file Microsoft Excel nel sistema. Inoltre, i supervisori possono tracciare la posizione degli scuolabus in tempo reale, monitorare le attivit\u00e0 sulle telecamere a circuito chiuso e ottenere visibilit\u00e0 sui percorsi degli autobus tramite rapporti.<\/p>\n<h2>SCHOOL DIARY &#8211; TUTORIAL<\/h2>\n<p>Video di formazione per genitori \u00a0che \u00a0illustra le caratteristiche salienti e di come i genitori possono accedere su questa <strong>piattaforma di didattica a distanza<\/strong> e trarne vantaggio:<\/p>\n<div id=\"fluid-wrapper-counter-1\" class=\"g1-fluid-wrapper \" style=\"width:686px;\">\n<div style=\"padding-bottom:56.268221574344%;\"><iframe loading=\"lazy\" title=\"School Diary \u00ae Parent Training Video\" width=\"515\" height=\"386\" src=\"https:\/\/www.youtube.com\/embed\/wHrq7UAD1j0?feature=oembed&amp;wmode=transparent&amp;autohide=1&amp;autoplay=0&amp;disablekb=0&amp;fs=1&amp;loop=0&amp;enablejsapi=1&amp;rel=0&amp;controls=2&amp;showinfo=0&amp;wmode=transparent&amp;autohide=2&amp;autoplay=0&amp;disablekb=0&amp;fs=1&amp;loop=0&amp;enablejsapi=1&amp;rel=0&amp;controls=2&amp;showinfo=1\" frameborder=\"0\" allow=\"accelerometer; autoplay; clipboard-write; encrypted-media; gyroscope; picture-in-picture\" allowfullscreen><\/iframe><\/div>\n<\/div>\n<h3>SCHOOL DIARY &#8211; CARATTERISTICHE<\/h3>\n<ul>\n<li><strong>Messaggistica uno a uno<\/strong>: comunica con i singoli genitori<\/li>\n<li><strong>Auto-programmazione<\/strong>: pianifica i messaggi secondo la tua convenienza<\/li>\n<li><strong>Foto, PDF, voce e video<\/strong>: allega foto, documenti PDF, note vocali e messaggi video<\/li>\n<li><strong>Eventi e promemoria automatici<\/strong>: pianifica eventi e invia promemoria automatici ai genitori<\/li>\n<li><strong>Bacheche di classe e scuola:<\/strong> organizza la tua scuola sotto forma di bacheche personalizzate e comunica con un clic<\/li>\n<li><strong>Approvazioni dell&#8217;amministratore<\/strong>: approva tutte le comunicazioni in App per una maggiore sicurezza<\/li>\n<li><strong>Cancellazione remota e blocco delle risposte:<\/strong> abilita cancellazione remota e blocco risposte<\/li>\n<li><strong>Sondaggi genitori<\/strong>: esegui i sondaggi per i genitori per interagire meglio e prendere le giuste decisioni<\/li>\n<li><strong>Gestione delle commissioni<\/strong>: amministra\u00a0le rate delle commissioni e le varie modalit\u00e0 di pagamento delle commissioni<\/li>\n<li><strong>Presenza del personale e gestione delle buste paga<\/strong>: prendi facilmente la presenza del personale e genera buste paga accurate<\/li>\n<li><strong>Contabilit\u00e0 finanziaria<\/strong>: separare voci di spesa e entrate e generare profitti e perditee<\/li>\n<li><strong>Gestione utenti e soggetti<\/strong>: organizza\u00a0insegnanti e materie, gestisci l&#8217;anno accademico<\/li>\n<li><strong>Analisi delle prestazioni<\/strong>: fornisci analisi visive ai genitori e riepiloghi dei voti<\/li>\n<li><strong>Monitoraggio del bus in tempo reale<\/strong>: segui l&#8217;autobus ogni volta che il bambino viaggia da casa a scuola o viceversa<\/li>\n<li><strong>Streaming CCTV dal vivo:<\/strong> monitorare le attivit\u00e0 scolastiche utilizzando lo streaming CCTV<\/li>\n<li><strong>Raccogli pagamenti online<\/strong>:\u00a0riscuoti pagamenti online ed evita il fastidio della riconciliazione<\/li>\n<\/ul>\n<h4>LE RECENSIONI DEGLI UTENTI<\/h4>\n<h4 class=\"font-weight-bold mb-1 d-flex align-items-center\">Kopal M.&#8221;Caratteristiche eccellenti e servizio clienti straordinario&#8221;<\/h4>\n<p><strong>Commenti: <\/strong>Facilit\u00e0 di gestione, comunicazione con i genitori e tutto \u00e8 digitalizzato, riducendo cos\u00ec il lavoro di ufficio non necessario.<\/p>\n<p><strong>Vantaggi: <\/strong>\u00c8 super facile da usare e ha quasi tutto ci\u00f2 di cui si ha bisogno dal punto di vista della scuola. Dagli scontrini alle pagelle, tutto \u00e8 digitalizzato. L&#8217;interfaccia utente \u00e8 abbastanza fluida, semplice e conveniente.<\/p>\n<p><strong>Inconvenienti: <\/strong>Nessuno. \u00c8 un ottimo prodotto. Hanno incorporato cos\u00ec tante funzionalit\u00e0 in questo ora che \u00e8 assolutamente perfetto.<\/p>\n<h4 class=\"font-weight-bold mb-1 d-flex align-items-center\">Nitin C.&#8221;Semplice, efficace e facile da usare&#8221;<\/h4>\n<p><strong>Vantaggi: <\/strong>Come genitore mi \u00e8 piaciuta la semplicit\u00e0 dell&#8217;applicazione: la sua interfaccia priva di ingombri ti consente di concentrarti sulle informazioni reali. Questo ci tiene aggiornati su tutte le attivit\u00e0 fornendo una piattaforma per avere una comunicazione diretta con l&#8217;amministrazione scolastica.<\/p>\n<p><strong>Inconvenienti: <\/strong>In base al mio utilizzo dell&#8217;app non ho alcuna istanza di difetti.<\/p>\n<h4 class=\"font-weight-bold mb-1 d-flex align-items-center\">Abhishek P\u00a0&#8220;Incredibile app con grande facilit\u00e0 d&#8217;uso&#8221;<\/h4>\n<p><strong>Commenti: <\/strong>\u00c8 troppo per stare al passo con ci\u00f2 che accade a scuola e parlare con vari dipartimenti di persona o al telefono. L&#8217;app School Diary offre il privilegio di interagire con la scuola senza sforzo.<\/p>\n<p><strong>Vantaggi: <\/strong>Rimanere in contatto con la scuola continuamente utilizzando l&#8217;app mobile \u00e8 un&#8217;esperienza straordinaria.<\/p>\n<p><strong>Inconvenienti: <\/strong>Nessuno di quello che immaginavo, l&#8217;app \u00e8 fantastica in tutti i sensi.<\/p>\n","protected":false},"excerpt":{"rendered":"<p>School Diary \u00e8 un software di gestione scolastica progettato per aiutare le istituzioni educative a semplificare i processi relativi alle ammissioni, all&#8217;aula virtuale, al coinvolgimento dei genitori, all&#8217;elaborazione dei pagamenti e altro ancora. Gli amministratori possono acquisire le presenze di studenti \/ insegnanti e gestire le operazioni amministrative e contabili su una piattaforma centralizzata<\/p>\n","protected":false},"author":19,"featured_media":30507,"parent":30279,"menu_order":0,"comment_status":"open","ping_status":"closed","template":"g1_template_page_review_new.php","meta":{"_acf_changed":false,"cwp_meta_box_check":"Yes","cwp_rev_product_name":"","cwp_rev_product_image":"","wppr_links":[],"cwp_rev_price":"","wppr_options":[],"wppr_pros":[],"wppr_cons":[],"_monsterinsights_skip_tracking":false,"_monsterinsights_sitenote_active":false,"_monsterinsights_sitenote_note":"","_monsterinsights_sitenote_category":0,"footnotes":""},"categories":[3634],"tags":[3641,3639,3704,3637,3705,3638,3706],"features":[],"class_list":{"0":"post-30505","1":"page","2":"type-page","3":"status-publish","4":"has-post-thumbnail","6":"category-piattaforme-per-la-didattica-a-distanza-categoria","7":"tag-piattaforma-di-didattica-a-distanza","8":"tag-programma-di-didattica-a-distanza","9":"tag-school-diary","10":"tag-software-di-didattica-a-distanza","11":"tag-software-di-gestione-scolastica","12":"tag-soluzione-di-didattica-a-distanza","13":"tag-soluzione-di-gestione-scolastica"},"wppr_data":{"cwp_meta_box_check":"Yes","cwp_rev_product_name":"","cwp_rev_product_image":"","cwp_image_link":"image","cwp_rev_price":"","wppr_rating":"0.00"},"acf":[],"yoast_head":"<!-- This site is optimized with the Yoast SEO plugin v27.4 - https:\/\/yoast.com\/product\/yoast-seo-wordpress\/ -->\n<title>School Diary: recensione software didattica a distanza - Accurate Reviews<\/title>\n<meta name=\"description\" content=\"School Diary: recensione software di gestione scolastica progettato per aiutare le istituzioni educative ad organizzare alunni e i genitori.\" \/>\n<meta name=\"robots\" content=\"index, follow, max-snippet:-1, max-image-preview:large, max-video-preview:-1\" \/>\n<link rel=\"canonical\" href=\"https:\/\/www.accuratereviews.com\/it\/piattaforme-didattica-distanza\/school-diary-recensione\/\" \/>\n<meta property=\"og:locale\" content=\"it_IT\" \/>\n<meta property=\"og:type\" content=\"article\" \/>\n<meta property=\"og:title\" content=\"School Diary: recensione software didattica a distanza - Accurate Reviews\" \/>\n<meta property=\"og:description\" content=\"School Diary: recensione software di gestione scolastica progettato per aiutare le istituzioni educative ad organizzare alunni e i genitori.\" \/>\n<meta property=\"og:url\" content=\"https:\/\/www.accuratereviews.com\/it\/piattaforme-didattica-distanza\/school-diary-recensione\/\" \/>\n<meta property=\"og:site_name\" content=\"Accurate Reviews\" \/>\n<meta property=\"article:modified_time\" content=\"2021-02-04T13:51:49+00:00\" \/>\n<meta property=\"og:image\" content=\"https:\/\/www.accuratereviews.com\/wp-content\/uploads\/2020\/09\/School-Diary.png\" \/>\n\t<meta property=\"og:image:width\" content=\"512\" \/>\n\t<meta property=\"og:image:height\" content=\"512\" \/>\n\t<meta property=\"og:image:type\" content=\"image\/png\" \/>\n<meta name=\"twitter:card\" content=\"summary_large_image\" \/>\n<meta name=\"twitter:label1\" content=\"Tempo di lettura stimato\" \/>\n\t<meta name=\"twitter:data1\" content=\"3 minuti\" \/>\n<script type=\"application\/ld+json\" class=\"yoast-schema-graph\">{\"@context\":\"https:\\\/\\\/schema.org\",\"@graph\":[{\"@type\":\"WebPage\",\"@id\":\"https:\\\/\\\/www.accuratereviews.com\\\/it\\\/piattaforme-didattica-distanza\\\/school-diary-recensione\\\/\",\"url\":\"https:\\\/\\\/www.accuratereviews.com\\\/it\\\/piattaforme-didattica-distanza\\\/school-diary-recensione\\\/\",\"name\":\"School Diary: recensione software didattica a distanza - Accurate Reviews\",\"isPartOf\":{\"@id\":\"https:\\\/\\\/www.accuratereviews.com\\\/it\\\/#website\"},\"primaryImageOfPage\":{\"@id\":\"https:\\\/\\\/www.accuratereviews.com\\\/it\\\/piattaforme-didattica-distanza\\\/school-diary-recensione\\\/#primaryimage\"},\"image\":{\"@id\":\"https:\\\/\\\/www.accuratereviews.com\\\/it\\\/piattaforme-didattica-distanza\\\/school-diary-recensione\\\/#primaryimage\"},\"thumbnailUrl\":\"https:\\\/\\\/www.accuratereviews.com\\\/wp-content\\\/uploads\\\/2020\\\/09\\\/School-Diary.png\",\"datePublished\":\"2020-09-23T11:12:21+00:00\",\"dateModified\":\"2021-02-04T13:51:49+00:00\",\"description\":\"School Diary: recensione software di gestione scolastica progettato per aiutare le istituzioni educative ad organizzare alunni e i genitori.\",\"breadcrumb\":{\"@id\":\"https:\\\/\\\/www.accuratereviews.com\\\/it\\\/piattaforme-didattica-distanza\\\/school-diary-recensione\\\/#breadcrumb\"},\"inLanguage\":\"it-IT\",\"potentialAction\":[{\"@type\":\"ReadAction\",\"target\":[\"https:\\\/\\\/www.accuratereviews.com\\\/it\\\/piattaforme-didattica-distanza\\\/school-diary-recensione\\\/\"]}]},{\"@type\":\"ImageObject\",\"inLanguage\":\"it-IT\",\"@id\":\"https:\\\/\\\/www.accuratereviews.com\\\/it\\\/piattaforme-didattica-distanza\\\/school-diary-recensione\\\/#primaryimage\",\"url\":\"https:\\\/\\\/www.accuratereviews.com\\\/wp-content\\\/uploads\\\/2020\\\/09\\\/School-Diary.png\",\"contentUrl\":\"https:\\\/\\\/www.accuratereviews.com\\\/wp-content\\\/uploads\\\/2020\\\/09\\\/School-Diary.png\",\"width\":512,\"height\":512},{\"@type\":\"BreadcrumbList\",\"@id\":\"https:\\\/\\\/www.accuratereviews.com\\\/it\\\/piattaforme-didattica-distanza\\\/school-diary-recensione\\\/#breadcrumb\",\"itemListElement\":[{\"@type\":\"ListItem\",\"position\":1,\"name\":\"Home\",\"item\":\"https:\\\/\\\/www.accuratereviews.com\\\/it\\\/\"},{\"@type\":\"ListItem\",\"position\":2,\"name\":\"Piattaforme per la didattica a distanza\",\"item\":\"https:\\\/\\\/www.accuratereviews.com\\\/it\\\/piattaforme-didattica-distanza\\\/\"},{\"@type\":\"ListItem\",\"position\":3,\"name\":\"School Diary\"}]},{\"@type\":\"WebSite\",\"@id\":\"https:\\\/\\\/www.accuratereviews.com\\\/it\\\/#website\",\"url\":\"https:\\\/\\\/www.accuratereviews.com\\\/it\\\/\",\"name\":\"Accurate Reviews\",\"description\":\"\",\"potentialAction\":[{\"@type\":\"SearchAction\",\"target\":{\"@type\":\"EntryPoint\",\"urlTemplate\":\"https:\\\/\\\/www.accuratereviews.com\\\/it\\\/?s={search_term_string}\"},\"query-input\":{\"@type\":\"PropertyValueSpecification\",\"valueRequired\":true,\"valueName\":\"search_term_string\"}}],\"inLanguage\":\"it-IT\"}]}<\/script>\n<!-- \/ Yoast SEO plugin. -->","yoast_head_json":{"title":"School Diary: recensione software didattica a distanza - Accurate Reviews","description":"School Diary: recensione software di gestione scolastica progettato per aiutare le istituzioni educative ad organizzare alunni e i genitori.","robots":{"index":"index","follow":"follow","max-snippet":"max-snippet:-1","max-image-preview":"max-image-preview:large","max-video-preview":"max-video-preview:-1"},"canonical":"https:\/\/www.accuratereviews.com\/it\/piattaforme-didattica-distanza\/school-diary-recensione\/","og_locale":"it_IT","og_type":"article","og_title":"School Diary: recensione software didattica a distanza - Accurate Reviews","og_description":"School Diary: recensione software di gestione scolastica progettato per aiutare le istituzioni educative ad organizzare alunni e i genitori.","og_url":"https:\/\/www.accuratereviews.com\/it\/piattaforme-didattica-distanza\/school-diary-recensione\/","og_site_name":"Accurate Reviews","article_modified_time":"2021-02-04T13:51:49+00:00","og_image":[{"width":512,"height":512,"url":"https:\/\/www.accuratereviews.com\/wp-content\/uploads\/2020\/09\/School-Diary.png","type":"image\/png"}],"twitter_card":"summary_large_image","twitter_misc":{"Tempo di lettura stimato":"3 minuti"},"schema":{"@context":"https:\/\/schema.org","@graph":[{"@type":"WebPage","@id":"https:\/\/www.accuratereviews.com\/it\/piattaforme-didattica-distanza\/school-diary-recensione\/","url":"https:\/\/www.accuratereviews.com\/it\/piattaforme-didattica-distanza\/school-diary-recensione\/","name":"School Diary: recensione software didattica a distanza - Accurate Reviews","isPartOf":{"@id":"https:\/\/www.accuratereviews.com\/it\/#website"},"primaryImageOfPage":{"@id":"https:\/\/www.accuratereviews.com\/it\/piattaforme-didattica-distanza\/school-diary-recensione\/#primaryimage"},"image":{"@id":"https:\/\/www.accuratereviews.com\/it\/piattaforme-didattica-distanza\/school-diary-recensione\/#primaryimage"},"thumbnailUrl":"https:\/\/www.accuratereviews.com\/wp-content\/uploads\/2020\/09\/School-Diary.png","datePublished":"2020-09-23T11:12:21+00:00","dateModified":"2021-02-04T13:51:49+00:00","description":"School Diary: recensione software di gestione scolastica progettato per aiutare le istituzioni educative ad organizzare alunni e i genitori.","breadcrumb":{"@id":"https:\/\/www.accuratereviews.com\/it\/piattaforme-didattica-distanza\/school-diary-recensione\/#breadcrumb"},"inLanguage":"it-IT","potentialAction":[{"@type":"ReadAction","target":["https:\/\/www.accuratereviews.com\/it\/piattaforme-didattica-distanza\/school-diary-recensione\/"]}]},{"@type":"ImageObject","inLanguage":"it-IT","@id":"https:\/\/www.accuratereviews.com\/it\/piattaforme-didattica-distanza\/school-diary-recensione\/#primaryimage","url":"https:\/\/www.accuratereviews.com\/wp-content\/uploads\/2020\/09\/School-Diary.png","contentUrl":"https:\/\/www.accuratereviews.com\/wp-content\/uploads\/2020\/09\/School-Diary.png","width":512,"height":512},{"@type":"BreadcrumbList","@id":"https:\/\/www.accuratereviews.com\/it\/piattaforme-didattica-distanza\/school-diary-recensione\/#breadcrumb","itemListElement":[{"@type":"ListItem","position":1,"name":"Home","item":"https:\/\/www.accuratereviews.com\/it\/"},{"@type":"ListItem","position":2,"name":"Piattaforme per la didattica a distanza","item":"https:\/\/www.accuratereviews.com\/it\/piattaforme-didattica-distanza\/"},{"@type":"ListItem","position":3,"name":"School Diary"}]},{"@type":"WebSite","@id":"https:\/\/www.accuratereviews.com\/it\/#website","url":"https:\/\/www.accuratereviews.com\/it\/","name":"Accurate Reviews","description":"","potentialAction":[{"@type":"SearchAction","target":{"@type":"EntryPoint","urlTemplate":"https:\/\/www.accuratereviews.com\/it\/?s={search_term_string}"},"query-input":{"@type":"PropertyValueSpecification","valueRequired":true,"valueName":"search_term_string"}}],"inLanguage":"it-IT"}]}},"_links":{"self":[{"href":"https:\/\/www.accuratereviews.com\/it\/wp-json\/wp\/v2\/pages\/30505","targetHints":{"allow":["GET"]}}],"collection":[{"href":"https:\/\/www.accuratereviews.com\/it\/wp-json\/wp\/v2\/pages"}],"about":[{"href":"https:\/\/www.accuratereviews.com\/it\/wp-json\/wp\/v2\/types\/page"}],"author":[{"embeddable":true,"href":"https:\/\/www.accuratereviews.com\/it\/wp-json\/wp\/v2\/users\/19"}],"replies":[{"embeddable":true,"href":"https:\/\/www.accuratereviews.com\/it\/wp-json\/wp\/v2\/comments?post=30505"}],"version-history":[{"count":8,"href":"https:\/\/www.accuratereviews.com\/it\/wp-json\/wp\/v2\/pages\/30505\/revisions"}],"predecessor-version":[{"id":36777,"href":"https:\/\/www.accuratereviews.com\/it\/wp-json\/wp\/v2\/pages\/30505\/revisions\/36777"}],"up":[{"embeddable":true,"href":"https:\/\/www.accuratereviews.com\/it\/wp-json\/wp\/v2\/pages\/30279"}],"wp:featuredmedia":[{"embeddable":true,"href":"https:\/\/www.accuratereviews.com\/it\/wp-json\/wp\/v2\/media\/30507"}],"wp:attachment":[{"href":"https:\/\/www.accuratereviews.com\/it\/wp-json\/wp\/v2\/media?parent=30505"}],"wp:term":[{"taxonomy":"category","embeddable":true,"href":"https:\/\/www.accuratereviews.com\/it\/wp-json\/wp\/v2\/categories?post=30505"},{"taxonomy":"post_tag","embeddable":true,"href":"https:\/\/www.accuratereviews.com\/it\/wp-json\/wp\/v2\/tags?post=30505"},{"taxonomy":"features","embeddable":true,"href":"https:\/\/www.accuratereviews.com\/it\/wp-json\/wp\/v2\/features?post=30505"}],"curies":[{"name":"wp","href":"https:\/\/api.w.org\/{rel}","templated":true}]}}