{"id":30522,"date":"2020-09-24T10:43:53","date_gmt":"2020-09-24T10:43:53","guid":{"rendered":"https:\/\/www.accuratereviews.com\/?page_id=30522"},"modified":"2021-02-04T13:57:42","modified_gmt":"2021-02-04T13:57:42","slug":"tovuti-recensione","status":"publish","type":"page","link":"https:\/\/www.accuratereviews.com\/it\/piattaforme-didattica-distanza\/tovuti-recensione\/","title":{"rendered":"Tovuti"},"content":{"rendered":"<p><strong>Tovuti<\/strong> \u00e8 una soluzione all-in-one basata su <strong>cloud<\/strong> per la<strong> didattica a distanza<\/strong> progettata per attivare il potenziale delle organizzazioni attraverso la creazione, l&#8217;erogazione e il monitoraggio di formazione e istruzione online. La soluzione end-to-end offre agli utenti tutto ci\u00f2 di cui hanno bisogno per creare fantastici programmi di eLearning, sia che stiano formando il loro team, i loro partner o i loro clienti. Le caratteristiche includono: creazione dei corsi, contenuto interattivo (inclusi video), videoconferenza dal vivo, comunit\u00e0 social, gamification, badge, certificazioni, report, analisi, quiz, valutazioni, gestione degli utenti e degli eventi. In pi\u00f9 potrai organizzare il tuo ecommerce, gestire gli abbonamenti, notifiche (incluso geofencing), messaggistica istantanea, apprendimento misto, microapprendimento, \u00a0apprendimento mobile e altro ancora. Inoltre, <strong>Tovuti<\/strong> dispone di una libreria di 7.000 corsi di formazione HR, conformit\u00e0 e sviluppo professionale.<\/p>\n<h2>TOVUTI &#8211; TUTORIAL<\/h2>\n<p>Ecco un breve tutorial in cui illustra i principali strumenti di questo <strong>software di didattica a distanza<\/strong>:<\/p>\n<div id=\"fluid-wrapper-counter-1\" class=\"g1-fluid-wrapper \" style=\"width:686px;\">\n<div style=\"padding-bottom:56.268221574344%;\"><iframe loading=\"lazy\" title=\"Tovuti LMS in 30 Seconds\" width=\"686\" height=\"386\" src=\"https:\/\/www.youtube.com\/embed\/VEHv-IuCHdQ?feature=oembed&amp;wmode=transparent&amp;autohide=1&amp;autoplay=0&amp;disablekb=0&amp;fs=1&amp;loop=0&amp;enablejsapi=1&amp;rel=0&amp;controls=2&amp;showinfo=0&amp;wmode=transparent&amp;autohide=2&amp;autoplay=0&amp;disablekb=0&amp;fs=1&amp;loop=0&amp;enablejsapi=1&amp;rel=0&amp;controls=2&amp;showinfo=1\" frameborder=\"0\" allow=\"accelerometer; autoplay; clipboard-write; encrypted-media; gyroscope; picture-in-picture\" allowfullscreen><\/iframe><\/div>\n<\/div>\n<h3>TOVUTI &#8211; CARATTERISTICHE<\/h3>\n<ul>\n<li><strong>E-learning<\/strong>: crea tutti i corsi e le lezioni di cui hai bisogno per garantire un&#8217;esperienza di apprendimento lineare completa di valutazioni<\/li>\n<li><strong>Amministrazione<\/strong>: genera rapporti, monitora i progressi degli studenti, crea membri e utilizza dashboard KPI per darti una visione immediata di come sta andando la tua attivit\u00e0<\/li>\n<li><strong>Integrazioni<\/strong>: il software offre un&#8217;API aperta, funzionalit\u00e0 Single Sign On (SAML e OAuth 2.0) e un&#8217;integrazione Zapier per semplificare la comunicazione con altre piattaforme<\/li>\n<li><strong>Branding<\/strong>: personalizza con loghi, colori e persino l&#8217;URL del tuo sistema<\/li>\n<li><strong>Notifiche:<\/strong> pianifica e invia email ai gruppi, automatizza i promemoria quando i corsi sono in scadenza e crea pop-up per avvisare gli studenti delle notizie per loro rilevanti<\/li>\n<li><strong>Soddisfare<\/strong>: crea corsi coinvolgenti e interattivi in \u200b\u200bpochi minuti utilizzando i moduli interattivi e la suite per la creazione di corsi di facile utilizzo<\/li>\n<li><strong>Eventi<\/strong>: gestisci eventi completi di quote di registrazione, lista d&#8217;attesa ed email di promemoria. Sblocca i corsi e-learning in base alla registrazione all&#8217;evento<\/li>\n<li><strong>Gamification<\/strong>: rendi l&#8217;apprendimento divertente! Assegna badge, gareggia per salire in classifica e crea giochi all&#8217;interno delle lezioni<\/li>\n<li><strong>Esperienza utente<\/strong>: offri agli studenti una dashboard personale con tutto ci\u00f2 che \u00e8 rilevante per la loro esperienza di apprendimento come corsi, elenchi di controllo, badge, certificati e altro<\/li>\n<li><strong>Utenti<\/strong>: porta gli utenti nel tuo sistema con facilit\u00e0. Consente SSO, caricamento in batch e autoregistrazione<\/li>\n<li><strong>Classe virtuale<\/strong>: coinvolgi gli studenti nella tua classe virtuale dal vivo. Questo \u00e8 un ottimo modo per facilitare l&#8217;apprendimento sincrono all&#8217;interno della tua piattaforma di apprendimento<\/li>\n<\/ul>\n<h4>LE RECENSIONI DEGLI UTENTI<\/h4>\n<h4 class=\"col-auto\">Andy S.&#8221;Robusto e flessibile, distribuzione rapida e molto personalizzabile!&#8221;<\/h4>\n<p><strong>Commenti: <\/strong>Nel complesso \u00e8 stato eccezionale. Il nostro rappresentante di vendita \u00e8 stato fantastico nel rispondere a tutte le domande e il nostro specialista di onboarding \u00e8 amichevole e in grado di aiutare con la maggior parte delle domande e dei problemi.<\/p>\n<p><strong>Vantaggi: <\/strong>Capacit\u00e0 di \u00a0evolversi man mano che ci sviluppiamo. Eravamo attivi e funzionanti lo stesso giorno in cui abbiamo firmato i documenti (solo per le funzioni di base e un quiz \/ sondaggio, ma comunque attivi). La possibilit\u00e0 di personalizzare completamente la piattaforma per imitare il nostro sito Web \u00e8 anche un grande vantaggio!<\/p>\n<p><strong>Inconvenienti: <\/strong>La funzionalit\u00e0 di segnalazione \u00e8 stata limitata nell&#8217;unico aspetto che stavo cercando, vale a dire i risultati dei quiz all&#8217;interno di una lezione, ma abbiamo trovato un modo per aggirare.<\/p>\n<h4 class=\"font-weight-bold mb-1 d-flex align-items-center\">Alyssa R.&#8221;Recensione Tovuti &#8211; Ekso Bionics&#8221;<\/h4>\n<p><strong>Commenti: <\/strong>Nel complesso, questo \u00e8 stato un enorme aggiornamento al nostro sistema precedente<\/p>\n<p><strong>Vantaggi: <\/strong>Il software di creazione del corso \u00e8 facile da usare, una volta che ho imparato a farlo per la prima volta. Mi piace la facilit\u00e0 di iscrivere le persone al sito e il modo in cui automatizzato possiamo rendere quel processo, lasciando meno lavoro per ogni amministratore.<\/p>\n<p><strong>Inconvenienti: <\/strong>Il servizio clienti \u00e8 molto reattivo ma a volte non conosce la risposta alle domande. Trovo che devo saltare molto tra le pagine per fare in modo che il software faccia quello che voglio.<\/p>\n<h4 class=\"font-weight-bold mb-1 d-flex align-items-center\">Leah K.&#8221;Creazione di esperienze di apprendimento virtuale significative&#8221;<\/h4>\n<p><strong>Commenti: <\/strong>In qualit\u00e0 di organizzazione educativa che progetta per insegnanti e utenti adulti, Tovuti ha la capacit\u00e0 creativa di spingere l&#8217;avanguardia della formazione a distanza permettendoci di guidare come innovatori.<\/p>\n<p><strong>Vantaggi: <\/strong>ADORO le attivit\u00e0 interattive che possono essere utilizzate per approfondire e rafforzare l&#8217;apprendimento nei corsi. La volont\u00e0 dell&#8217;azienda di agire e vivere la propria missione e visione organizzativa \u00e8 rinfrescante. Significa anche che sono disposti ad aiutarci a far crescere quell&#8217;avanguardia, ascoltando i nostri bisogni e considerando cosa possono fare per superare i limiti con noi.<\/p>\n<p><strong>Inconvenienti: <\/strong>\u00c8 un po &#8216;meno intuitivo dell&#8217;utente come creatore di contenuti. Ci sono alcune caratteristiche che richiedono una comprensione pi\u00f9 profonda per poterle usare bene. I video di supporto non sono sempre aggiornati quanto necessario per consentire agli amministratori di sentirsi sicuri in queste aree grigie.<\/p>\n","protected":false},"excerpt":{"rendered":"<p>Tovuti \u00e8 una soluzione all-in-one basata su cloud per la didattica a distanza progettata per attivare il potenziale delle organizzazioni attraverso la creazione, l&#8217;erogazione e il monitoraggio di formazione e istruzione online. La soluzione end-to-end offre agli utenti tutto ci\u00f2 di cui hanno bisogno per creare fantastici programmi di eLearning, sia che stiano formando il loro team, i loro partner o i loro clienti.\u00a0<\/p>\n","protected":false},"author":19,"featured_media":30523,"parent":30279,"menu_order":0,"comment_status":"open","ping_status":"closed","template":"g1_template_page_review_new.php","meta":{"_acf_changed":false,"cwp_meta_box_check":"Yes","cwp_rev_product_name":"","cwp_rev_product_image":"","wppr_links":[],"cwp_rev_price":"","wppr_options":[],"wppr_pros":[],"wppr_cons":[],"_monsterinsights_skip_tracking":false,"_monsterinsights_sitenote_active":false,"_monsterinsights_sitenote_note":"","_monsterinsights_sitenote_category":0,"footnotes":""},"categories":[3634],"tags":[396,3641,3639,3637,3638,3707],"features":[],"class_list":{"0":"post-30522","1":"page","2":"type-page","3":"status-publish","4":"has-post-thumbnail","6":"category-piattaforme-per-la-didattica-a-distanza-categoria","7":"tag-cloud","8":"tag-piattaforma-di-didattica-a-distanza","9":"tag-programma-di-didattica-a-distanza","10":"tag-software-di-didattica-a-distanza","11":"tag-soluzione-di-didattica-a-distanza","12":"tag-tovuti"},"wppr_data":{"cwp_meta_box_check":"Yes","cwp_rev_product_name":"","cwp_rev_product_image":"","cwp_image_link":"image","cwp_rev_price":"","wppr_rating":"0.00"},"acf":[],"yoast_head":"<!-- This site is optimized with the Yoast SEO plugin v27.4 - https:\/\/yoast.com\/product\/yoast-seo-wordpress\/ -->\n<title>Tovuti: recensione software di didattica a distanza - Accurate Reviews<\/title>\n<meta name=\"description\" content=\"Tovuti: recensione soluzione all-in-one basata su cloud per la didattica a distanza progettata per attivare il potenziale degli utenti.\" \/>\n<meta name=\"robots\" content=\"index, follow, max-snippet:-1, max-image-preview:large, max-video-preview:-1\" \/>\n<link rel=\"canonical\" href=\"https:\/\/www.accuratereviews.com\/it\/piattaforme-didattica-distanza\/tovuti-recensione\/\" \/>\n<meta property=\"og:locale\" content=\"it_IT\" \/>\n<meta property=\"og:type\" content=\"article\" \/>\n<meta property=\"og:title\" content=\"Tovuti: recensione software di didattica a distanza - Accurate Reviews\" \/>\n<meta property=\"og:description\" content=\"Tovuti: recensione soluzione all-in-one basata su cloud per la didattica a distanza progettata per attivare il potenziale degli utenti.\" \/>\n<meta property=\"og:url\" content=\"https:\/\/www.accuratereviews.com\/it\/piattaforme-didattica-distanza\/tovuti-recensione\/\" \/>\n<meta property=\"og:site_name\" content=\"Accurate Reviews\" \/>\n<meta property=\"article:modified_time\" content=\"2021-02-04T13:57:42+00:00\" \/>\n<meta property=\"og:image\" content=\"https:\/\/www.accuratereviews.com\/wp-content\/uploads\/2020\/09\/Tovuti.jpg\" \/>\n\t<meta property=\"og:image:width\" content=\"900\" \/>\n\t<meta property=\"og:image:height\" content=\"900\" \/>\n\t<meta property=\"og:image:type\" content=\"image\/jpeg\" \/>\n<meta name=\"twitter:card\" content=\"summary_large_image\" \/>\n<meta name=\"twitter:label1\" content=\"Tempo di lettura stimato\" \/>\n\t<meta name=\"twitter:data1\" content=\"4 minuti\" \/>\n<script type=\"application\/ld+json\" class=\"yoast-schema-graph\">{\"@context\":\"https:\\\/\\\/schema.org\",\"@graph\":[{\"@type\":\"WebPage\",\"@id\":\"https:\\\/\\\/www.accuratereviews.com\\\/it\\\/piattaforme-didattica-distanza\\\/tovuti-recensione\\\/\",\"url\":\"https:\\\/\\\/www.accuratereviews.com\\\/it\\\/piattaforme-didattica-distanza\\\/tovuti-recensione\\\/\",\"name\":\"Tovuti: recensione software di didattica a distanza - Accurate Reviews\",\"isPartOf\":{\"@id\":\"https:\\\/\\\/www.accuratereviews.com\\\/it\\\/#website\"},\"primaryImageOfPage\":{\"@id\":\"https:\\\/\\\/www.accuratereviews.com\\\/it\\\/piattaforme-didattica-distanza\\\/tovuti-recensione\\\/#primaryimage\"},\"image\":{\"@id\":\"https:\\\/\\\/www.accuratereviews.com\\\/it\\\/piattaforme-didattica-distanza\\\/tovuti-recensione\\\/#primaryimage\"},\"thumbnailUrl\":\"https:\\\/\\\/www.accuratereviews.com\\\/wp-content\\\/uploads\\\/2020\\\/09\\\/Tovuti.jpg\",\"datePublished\":\"2020-09-24T10:43:53+00:00\",\"dateModified\":\"2021-02-04T13:57:42+00:00\",\"description\":\"Tovuti: recensione soluzione all-in-one basata su cloud per la didattica a distanza progettata per attivare il potenziale degli utenti.\",\"breadcrumb\":{\"@id\":\"https:\\\/\\\/www.accuratereviews.com\\\/it\\\/piattaforme-didattica-distanza\\\/tovuti-recensione\\\/#breadcrumb\"},\"inLanguage\":\"it-IT\",\"potentialAction\":[{\"@type\":\"ReadAction\",\"target\":[\"https:\\\/\\\/www.accuratereviews.com\\\/it\\\/piattaforme-didattica-distanza\\\/tovuti-recensione\\\/\"]}]},{\"@type\":\"ImageObject\",\"inLanguage\":\"it-IT\",\"@id\":\"https:\\\/\\\/www.accuratereviews.com\\\/it\\\/piattaforme-didattica-distanza\\\/tovuti-recensione\\\/#primaryimage\",\"url\":\"https:\\\/\\\/www.accuratereviews.com\\\/wp-content\\\/uploads\\\/2020\\\/09\\\/Tovuti.jpg\",\"contentUrl\":\"https:\\\/\\\/www.accuratereviews.com\\\/wp-content\\\/uploads\\\/2020\\\/09\\\/Tovuti.jpg\",\"width\":900,\"height\":900},{\"@type\":\"BreadcrumbList\",\"@id\":\"https:\\\/\\\/www.accuratereviews.com\\\/it\\\/piattaforme-didattica-distanza\\\/tovuti-recensione\\\/#breadcrumb\",\"itemListElement\":[{\"@type\":\"ListItem\",\"position\":1,\"name\":\"Home\",\"item\":\"https:\\\/\\\/www.accuratereviews.com\\\/it\\\/\"},{\"@type\":\"ListItem\",\"position\":2,\"name\":\"Piattaforme per la didattica a distanza\",\"item\":\"https:\\\/\\\/www.accuratereviews.com\\\/it\\\/piattaforme-didattica-distanza\\\/\"},{\"@type\":\"ListItem\",\"position\":3,\"name\":\"Tovuti\"}]},{\"@type\":\"WebSite\",\"@id\":\"https:\\\/\\\/www.accuratereviews.com\\\/it\\\/#website\",\"url\":\"https:\\\/\\\/www.accuratereviews.com\\\/it\\\/\",\"name\":\"Accurate Reviews\",\"description\":\"\",\"potentialAction\":[{\"@type\":\"SearchAction\",\"target\":{\"@type\":\"EntryPoint\",\"urlTemplate\":\"https:\\\/\\\/www.accuratereviews.com\\\/it\\\/?s={search_term_string}\"},\"query-input\":{\"@type\":\"PropertyValueSpecification\",\"valueRequired\":true,\"valueName\":\"search_term_string\"}}],\"inLanguage\":\"it-IT\"}]}<\/script>\n<!-- \/ Yoast SEO plugin. -->","yoast_head_json":{"title":"Tovuti: recensione software di didattica a distanza - Accurate Reviews","description":"Tovuti: recensione soluzione all-in-one basata su cloud per la didattica a distanza progettata per attivare il potenziale degli utenti.","robots":{"index":"index","follow":"follow","max-snippet":"max-snippet:-1","max-image-preview":"max-image-preview:large","max-video-preview":"max-video-preview:-1"},"canonical":"https:\/\/www.accuratereviews.com\/it\/piattaforme-didattica-distanza\/tovuti-recensione\/","og_locale":"it_IT","og_type":"article","og_title":"Tovuti: recensione software di didattica a distanza - Accurate Reviews","og_description":"Tovuti: recensione soluzione all-in-one basata su cloud per la didattica a distanza progettata per attivare il potenziale degli utenti.","og_url":"https:\/\/www.accuratereviews.com\/it\/piattaforme-didattica-distanza\/tovuti-recensione\/","og_site_name":"Accurate Reviews","article_modified_time":"2021-02-04T13:57:42+00:00","og_image":[{"width":900,"height":900,"url":"https:\/\/www.accuratereviews.com\/wp-content\/uploads\/2020\/09\/Tovuti.jpg","type":"image\/jpeg"}],"twitter_card":"summary_large_image","twitter_misc":{"Tempo di lettura stimato":"4 minuti"},"schema":{"@context":"https:\/\/schema.org","@graph":[{"@type":"WebPage","@id":"https:\/\/www.accuratereviews.com\/it\/piattaforme-didattica-distanza\/tovuti-recensione\/","url":"https:\/\/www.accuratereviews.com\/it\/piattaforme-didattica-distanza\/tovuti-recensione\/","name":"Tovuti: recensione software di didattica a distanza - Accurate Reviews","isPartOf":{"@id":"https:\/\/www.accuratereviews.com\/it\/#website"},"primaryImageOfPage":{"@id":"https:\/\/www.accuratereviews.com\/it\/piattaforme-didattica-distanza\/tovuti-recensione\/#primaryimage"},"image":{"@id":"https:\/\/www.accuratereviews.com\/it\/piattaforme-didattica-distanza\/tovuti-recensione\/#primaryimage"},"thumbnailUrl":"https:\/\/www.accuratereviews.com\/wp-content\/uploads\/2020\/09\/Tovuti.jpg","datePublished":"2020-09-24T10:43:53+00:00","dateModified":"2021-02-04T13:57:42+00:00","description":"Tovuti: recensione soluzione all-in-one basata su cloud per la didattica a distanza progettata per attivare il potenziale degli utenti.","breadcrumb":{"@id":"https:\/\/www.accuratereviews.com\/it\/piattaforme-didattica-distanza\/tovuti-recensione\/#breadcrumb"},"inLanguage":"it-IT","potentialAction":[{"@type":"ReadAction","target":["https:\/\/www.accuratereviews.com\/it\/piattaforme-didattica-distanza\/tovuti-recensione\/"]}]},{"@type":"ImageObject","inLanguage":"it-IT","@id":"https:\/\/www.accuratereviews.com\/it\/piattaforme-didattica-distanza\/tovuti-recensione\/#primaryimage","url":"https:\/\/www.accuratereviews.com\/wp-content\/uploads\/2020\/09\/Tovuti.jpg","contentUrl":"https:\/\/www.accuratereviews.com\/wp-content\/uploads\/2020\/09\/Tovuti.jpg","width":900,"height":900},{"@type":"BreadcrumbList","@id":"https:\/\/www.accuratereviews.com\/it\/piattaforme-didattica-distanza\/tovuti-recensione\/#breadcrumb","itemListElement":[{"@type":"ListItem","position":1,"name":"Home","item":"https:\/\/www.accuratereviews.com\/it\/"},{"@type":"ListItem","position":2,"name":"Piattaforme per la didattica a distanza","item":"https:\/\/www.accuratereviews.com\/it\/piattaforme-didattica-distanza\/"},{"@type":"ListItem","position":3,"name":"Tovuti"}]},{"@type":"WebSite","@id":"https:\/\/www.accuratereviews.com\/it\/#website","url":"https:\/\/www.accuratereviews.com\/it\/","name":"Accurate Reviews","description":"","potentialAction":[{"@type":"SearchAction","target":{"@type":"EntryPoint","urlTemplate":"https:\/\/www.accuratereviews.com\/it\/?s={search_term_string}"},"query-input":{"@type":"PropertyValueSpecification","valueRequired":true,"valueName":"search_term_string"}}],"inLanguage":"it-IT"}]}},"_links":{"self":[{"href":"https:\/\/www.accuratereviews.com\/it\/wp-json\/wp\/v2\/pages\/30522","targetHints":{"allow":["GET"]}}],"collection":[{"href":"https:\/\/www.accuratereviews.com\/it\/wp-json\/wp\/v2\/pages"}],"about":[{"href":"https:\/\/www.accuratereviews.com\/it\/wp-json\/wp\/v2\/types\/page"}],"author":[{"embeddable":true,"href":"https:\/\/www.accuratereviews.com\/it\/wp-json\/wp\/v2\/users\/19"}],"replies":[{"embeddable":true,"href":"https:\/\/www.accuratereviews.com\/it\/wp-json\/wp\/v2\/comments?post=30522"}],"version-history":[{"count":8,"href":"https:\/\/www.accuratereviews.com\/it\/wp-json\/wp\/v2\/pages\/30522\/revisions"}],"predecessor-version":[{"id":36783,"href":"https:\/\/www.accuratereviews.com\/it\/wp-json\/wp\/v2\/pages\/30522\/revisions\/36783"}],"up":[{"embeddable":true,"href":"https:\/\/www.accuratereviews.com\/it\/wp-json\/wp\/v2\/pages\/30279"}],"wp:featuredmedia":[{"embeddable":true,"href":"https:\/\/www.accuratereviews.com\/it\/wp-json\/wp\/v2\/media\/30523"}],"wp:attachment":[{"href":"https:\/\/www.accuratereviews.com\/it\/wp-json\/wp\/v2\/media?parent=30522"}],"wp:term":[{"taxonomy":"category","embeddable":true,"href":"https:\/\/www.accuratereviews.com\/it\/wp-json\/wp\/v2\/categories?post=30522"},{"taxonomy":"post_tag","embeddable":true,"href":"https:\/\/www.accuratereviews.com\/it\/wp-json\/wp\/v2\/tags?post=30522"},{"taxonomy":"features","embeddable":true,"href":"https:\/\/www.accuratereviews.com\/it\/wp-json\/wp\/v2\/features?post=30522"}],"curies":[{"name":"wp","href":"https:\/\/api.w.org\/{rel}","templated":true}]}}