{"id":30561,"date":"2020-09-25T09:39:46","date_gmt":"2020-09-25T09:39:46","guid":{"rendered":"https:\/\/www.accuratereviews.com\/?page_id=30561"},"modified":"2021-02-03T16:44:57","modified_gmt":"2021-02-03T16:44:57","slug":"powerschool-recensione","status":"publish","type":"page","link":"https:\/\/www.accuratereviews.com\/it\/piattaforme-didattica-distanza\/powerschool-recensione\/","title":{"rendered":"PowerSchool"},"content":{"rendered":"<p><strong>PowerSchool<\/strong> \u00e8 una <strong>piattaforma per la didattica a distanza<\/strong> con tecnologica per l&#8217;istruzione, scelta da istituti K-12 in oltre 70 paesi. Questa soluzione offre strumenti online intuitivi ma facili da usare che possono aiutarti a organizzare i database degli studenti, semplificare le registrazioni e persino affrontare la gestione dell&#8217;istruzione speciale.\u00a0Fornisce funzionalit\u00e0 e API robuste che consentono a educatori, amministratori, genitori e studenti di gestire in modo efficace i processi scolastici e i dati degli alunni e di collegare le diverse tecnologie educative utilizzate nelle aule, nelle \u00a0scuole e nei distretti. La sua interfaccia ha anche un&#8217;architettura configurabile con API aperto che consente ai clienti di integrare il proprio sistema con alcune delle migliori applicazioni di terze parti sul mercato. Il programma ha funzioni di analisi che permette agli educatori di vedere la situazione accademica degli studenti.<\/p>\n<h2>POWERSCHOOL &#8211; TUTORIAL<\/h2>\n<p>Guardiamo come sfruttare al meglio gli strumenti di questo <strong>software di didattica a distanza<\/strong>:<\/p>\n<div id=\"fluid-wrapper-counter-1\" class=\"g1-fluid-wrapper \" style=\"width:686px;\">\n<div style=\"padding-bottom:56.268221574344%;\"><iframe loading=\"lazy\" title=\"Powerschool Tutorial\" width=\"686\" height=\"386\" src=\"https:\/\/www.youtube.com\/embed\/tBqm_KJW7FM?feature=oembed&amp;wmode=transparent&amp;autohide=1&amp;autoplay=0&amp;disablekb=0&amp;fs=1&amp;loop=0&amp;enablejsapi=1&amp;rel=0&amp;controls=2&amp;showinfo=0&amp;wmode=transparent&amp;autohide=2&amp;autoplay=0&amp;disablekb=0&amp;fs=1&amp;loop=0&amp;enablejsapi=1&amp;rel=0&amp;controls=2&amp;showinfo=1\" frameborder=\"0\" allow=\"accelerometer; autoplay; clipboard-write; encrypted-media; gyroscope; picture-in-picture\" allowfullscreen><\/iframe><\/div>\n<\/div>\n<p>&nbsp;<\/p>\n<h3>POWERSCHOOL &#8211; CARATTERISTICHE<\/h3>\n<ul>\n<li>Personalizza il tuo SIS per soddisfare le esigenze specifiche del tuo distretto e del tuo consiglio di amministrazione con software adattabile, configurabile e basato su standard aperti. Scegli tra centinaia di opzioni predefinite e pronte per l&#8217;uso nel portale di supporto online di distretti come il tuo<\/li>\n<li>Funzionalit\u00e0 di reporting e conformit\u00e0 superiori aiutano i leader tecnologici K-12 a stare al passo con i requisiti di conformit\u00e0. Rapporti statali e provinciali fluidi e accurati assicurano che i distretti scolastici ricevano il massimo finanziamento<\/li>\n<li>Ottieni informazioni in tempo reale sulle prestazioni degli studenti, sulle tendenze comportamentali e sulle informazioni demografiche chiave per personalizzare l&#8217;istruzione e l&#8217;apprendimento<\/li>\n<li>Elimina le barriere per coinvolgere le famiglie e aiutare gli insegnanti a comunicare con le persone giuste in meno tempo. Migliora la responsabilit\u00e0 degli studenti con un comodo accesso ai voti, ai progressi e alle responsabilit\u00e0, tutto dal telefono, tablet o computer<\/li>\n<li>Libera gli amministratori dal lavoro di ufficio eccessivo e dall&#8217;inserimento manuale dei dati e consenti loro di concentrarsi sul ci\u00f2 a cui tengono<\/li>\n<li>Con i moduli scolastici e distrettuali in un formato elettronico sicuro, \u00e8 possibile ridurre i rischi associati allo scambio e al tracciamento della carta fisica, monitorando l&#8217;efficacia e l&#8217;accessibilit\u00e0 dell&#8217;apprendimento remoto e di altre iniziative<\/li>\n<\/ul>\n<h4>LE RECENSIONI DEGLI UTENTI<\/h4>\n<h4 class=\"font-weight-bold mb-1 d-flex align-items-center\">Stacey M.&#8221;Assolutamente da usare&#8221;<\/h4>\n<p><strong>Commenti: <\/strong>Nel complesso, questo sistema \u00e8 ben creato e vale il tempo. Il formato dei moduli rende la creazione facile e fluida per tutto il team.<\/p>\n<p><strong>Vantaggi: <\/strong>Adoro tutti i moduli che arrivano. \u00c8 particolarmente bello quando compilano automaticamente le informazioni dai moduli precedenti.<br \/>\n\u00c8 facile passare da un modulo all&#8217;altro (inviti, IEP, MET, trasferimento, ecc.). Semplice compilare le caselle fornite, annotare le caselle rosse che non sono state completate e salvare i moduli.\u00a0\u00c8 utile che le sezioni di un PEI abbiano un segno di spunta accanto a esse per mostrare quando quella pagina \u00e8 stata correttamente compilata. Il colpo d&#8217;occhio del carico di lavoro \u00e8 facile e meraviglioso per vedere rapidamente tutte le date di scadenza.<br \/>\nI registri dei contatti dei genitori e l&#8217;acquisizione del servizio sono utili luoghi di registrazione per tali informazioni.<\/p>\n<p><strong>Inconvenienti: <\/strong>Vorrei che fosse pi\u00f9 facile lavorare con pi\u00f9 di un utente alla volta. Spesso, ritarda il momento in cui un utente esce, il che ti blocca.<br \/>\nVorrei anche che questo sistema avesse moduli per 504 piani. Semplificherebbe quel sistema!\u00a0Pu\u00f2 essere noioso passare dal registro genitore a un altro perch\u00e9 devi tornare indietro fino in fondo per accedervi. Sarebbe molto utile se avessero i registri dei genitori tutti in un&#8217;unica area piuttosto che passare attraverso ogni bambino.<\/p>\n<h4 class=\"font-weight-bold mb-1 d-flex align-items-center\">Kathleen S.&#8221;Potenzia il tuo apprendimento digitale&#8221;<\/h4>\n<p><strong>Commenti: <\/strong>Nel complesso, ho avuto un&#8217;ottima esperienza con PowerSchool Learning. Di recente sono passato a un distretto scolastico diverso che utilizza un programma diverso per fare la stessa cosa ed \u00e8 molto al di sotto della straordinaria esperienza che ho avuto con PowerSchool Learning.<\/p>\n<p><strong>Vantaggi: <\/strong>Quello che mi \u00e8 piaciuto di pi\u00f9 di PowerSchool Learning \u00e8 stata la sua facilit\u00e0 d&#8217;uso. Sono stato in grado di creare rapidamente e facilmente pagine per i miei studenti e colleghi. La creazione di contenuti \u00e8 stata un gioco da ragazzi: facile trovare il pulsante pi\u00f9, fare clic e trascinare facilmente le caselle, tutto \u00e8 collegato al mio Google Drive o inserire contenuti con un URL. Crea incarichi, invia annunci, entra in contatto con genitori e professionisti, conserva tutte le tue risorse e i programmi delle lezioni in un unico posto e SEMBRA BENE facendolo senza mal di testa.<\/p>\n<p><strong>Inconvenienti: <\/strong>La cosa che mi \u00e8 piaciuta di meno di PowerSchool Learning \u00e8 che non c&#8217;era una funzione batch. Se volevo spostare il contenuto o copiarlo su un&#8217;altra pagina, dovevo copiare o spostare ogni casella individualmente o copiare l&#8217;intera pagina. Potrebbe diventare un po &#8216;noioso.<\/p>\n<h5 class=\"font-weight-bold mb-1 d-flex align-items-center\">Carlos C.\u00a0&#8220;PowerSchool Learning recensione&#8221;<\/h5>\n<p><strong>Commenti: <\/strong>Ottimo programma! Sono molto contento che il nostro distretto stia utilizzando e sicuramente penso che lo utilizzeremo per altri anni a venire.<\/p>\n<p><strong>Vantaggi: <\/strong>Consente agli insegnanti di monitorare la presenza, gli allineamenti e i voti degli studenti nello stesso posto.\u00a0Facile da imparare per i genitori.\u00a0Molti distretti scolastici lo utilizzano in modo da risparmiare tempo nella formazione di nuovi insegnanti.\u00a0Numerosi dati disponibili che possono aiutare tutti i tipi di dipendenti, dagli assistenti didattici agli amministratori distrettuali.<\/p>\n<p><strong>Inconvenienti: <\/strong>Poich\u00e9 contiene cos\u00ec tante informazioni, i nuovi arrivati faticano a trovare ci\u00f2 che stanno cercando. Tendono a fare affidamento su utenti esperti piuttosto che capire da soli. Anche l&#8217;interfaccia utente \u00e8 un po &#8216;obsoleta.<\/p>\n","protected":false},"excerpt":{"rendered":"<p>PowerSchool \u00e8 una piattaforma per la didattica a distanza con tecnologica per l&#8217;istruzione, scelta da istituti K-12 in oltre 70 paesi. Questa soluzione offre strumenti online intuitivi ma facili da usare che possono aiutarti a organizzare i database degli studenti, semplificare le registrazioni e persino affrontare la gestione dell&#8217;istruzione speciale.\u00a0<\/p>\n","protected":false},"author":19,"featured_media":30563,"parent":30279,"menu_order":0,"comment_status":"open","ping_status":"closed","template":"g1_template_page_review_new.php","meta":{"_acf_changed":false,"cwp_meta_box_check":"Yes","cwp_rev_product_name":"","cwp_rev_product_image":"","wppr_links":[],"cwp_rev_price":"","wppr_options":[],"wppr_pros":[],"wppr_cons":[],"_monsterinsights_skip_tracking":false,"_monsterinsights_sitenote_active":false,"_monsterinsights_sitenote_note":"","_monsterinsights_sitenote_category":0,"footnotes":""},"categories":[3634],"tags":[3661,3714,3639,3637,3638],"features":[],"class_list":{"0":"post-30561","1":"page","2":"type-page","3":"status-publish","4":"has-post-thumbnail","6":"category-piattaforme-per-la-didattica-a-distanza-categoria","7":"tag-piattaforma-didattica-a-distanza","8":"tag-powerschool","9":"tag-programma-di-didattica-a-distanza","10":"tag-software-di-didattica-a-distanza","11":"tag-soluzione-di-didattica-a-distanza"},"wppr_data":{"cwp_meta_box_check":"Yes","cwp_rev_product_name":"","cwp_rev_product_image":"","cwp_image_link":"image","cwp_rev_price":"","wppr_rating":"0.00"},"acf":[],"yoast_head":"<!-- This site is optimized with the Yoast SEO plugin v27.4 - https:\/\/yoast.com\/product\/yoast-seo-wordpress\/ -->\n<title>PowerSchool: recensione software didattica a distanza - Accurate Reviews<\/title>\n<meta name=\"description\" content=\"PowerSchool: recensione piattaforma per la didattica a distanza con tecnologica per l&#039;istruzione, scelta da istituti K-12 in oltre 70 paesi.\" \/>\n<meta name=\"robots\" content=\"index, follow, max-snippet:-1, max-image-preview:large, max-video-preview:-1\" \/>\n<link rel=\"canonical\" href=\"https:\/\/www.accuratereviews.com\/it\/piattaforme-didattica-distanza\/powerschool-recensione\/\" \/>\n<meta property=\"og:locale\" content=\"it_IT\" \/>\n<meta property=\"og:type\" content=\"article\" \/>\n<meta property=\"og:title\" content=\"PowerSchool: recensione software didattica a distanza - Accurate Reviews\" \/>\n<meta property=\"og:description\" content=\"PowerSchool: recensione piattaforma per la didattica a distanza con tecnologica per l&#039;istruzione, scelta da istituti K-12 in oltre 70 paesi.\" \/>\n<meta property=\"og:url\" content=\"https:\/\/www.accuratereviews.com\/it\/piattaforme-didattica-distanza\/powerschool-recensione\/\" \/>\n<meta property=\"og:site_name\" content=\"Accurate Reviews\" \/>\n<meta property=\"article:modified_time\" content=\"2021-02-03T16:44:57+00:00\" \/>\n<meta property=\"og:image\" content=\"https:\/\/www.accuratereviews.com\/wp-content\/uploads\/2020\/09\/PowerSchool.png\" \/>\n\t<meta property=\"og:image:width\" content=\"300\" \/>\n\t<meta property=\"og:image:height\" content=\"300\" \/>\n\t<meta property=\"og:image:type\" content=\"image\/png\" \/>\n<meta name=\"twitter:card\" content=\"summary_large_image\" \/>\n<meta name=\"twitter:label1\" content=\"Tempo di lettura stimato\" \/>\n\t<meta name=\"twitter:data1\" content=\"4 minuti\" \/>\n<script type=\"application\/ld+json\" class=\"yoast-schema-graph\">{\"@context\":\"https:\\\/\\\/schema.org\",\"@graph\":[{\"@type\":\"WebPage\",\"@id\":\"https:\\\/\\\/www.accuratereviews.com\\\/it\\\/piattaforme-didattica-distanza\\\/powerschool-recensione\\\/\",\"url\":\"https:\\\/\\\/www.accuratereviews.com\\\/it\\\/piattaforme-didattica-distanza\\\/powerschool-recensione\\\/\",\"name\":\"PowerSchool: recensione software didattica a distanza - Accurate Reviews\",\"isPartOf\":{\"@id\":\"https:\\\/\\\/www.accuratereviews.com\\\/it\\\/#website\"},\"primaryImageOfPage\":{\"@id\":\"https:\\\/\\\/www.accuratereviews.com\\\/it\\\/piattaforme-didattica-distanza\\\/powerschool-recensione\\\/#primaryimage\"},\"image\":{\"@id\":\"https:\\\/\\\/www.accuratereviews.com\\\/it\\\/piattaforme-didattica-distanza\\\/powerschool-recensione\\\/#primaryimage\"},\"thumbnailUrl\":\"https:\\\/\\\/www.accuratereviews.com\\\/wp-content\\\/uploads\\\/2020\\\/09\\\/PowerSchool.png\",\"datePublished\":\"2020-09-25T09:39:46+00:00\",\"dateModified\":\"2021-02-03T16:44:57+00:00\",\"description\":\"PowerSchool: recensione piattaforma per la didattica a distanza con tecnologica per l'istruzione, scelta da istituti K-12 in oltre 70 paesi.\",\"breadcrumb\":{\"@id\":\"https:\\\/\\\/www.accuratereviews.com\\\/it\\\/piattaforme-didattica-distanza\\\/powerschool-recensione\\\/#breadcrumb\"},\"inLanguage\":\"it-IT\",\"potentialAction\":[{\"@type\":\"ReadAction\",\"target\":[\"https:\\\/\\\/www.accuratereviews.com\\\/it\\\/piattaforme-didattica-distanza\\\/powerschool-recensione\\\/\"]}]},{\"@type\":\"ImageObject\",\"inLanguage\":\"it-IT\",\"@id\":\"https:\\\/\\\/www.accuratereviews.com\\\/it\\\/piattaforme-didattica-distanza\\\/powerschool-recensione\\\/#primaryimage\",\"url\":\"https:\\\/\\\/www.accuratereviews.com\\\/wp-content\\\/uploads\\\/2020\\\/09\\\/PowerSchool.png\",\"contentUrl\":\"https:\\\/\\\/www.accuratereviews.com\\\/wp-content\\\/uploads\\\/2020\\\/09\\\/PowerSchool.png\",\"width\":300,\"height\":300},{\"@type\":\"BreadcrumbList\",\"@id\":\"https:\\\/\\\/www.accuratereviews.com\\\/it\\\/piattaforme-didattica-distanza\\\/powerschool-recensione\\\/#breadcrumb\",\"itemListElement\":[{\"@type\":\"ListItem\",\"position\":1,\"name\":\"Home\",\"item\":\"https:\\\/\\\/www.accuratereviews.com\\\/it\\\/\"},{\"@type\":\"ListItem\",\"position\":2,\"name\":\"Piattaforme per la didattica a distanza\",\"item\":\"https:\\\/\\\/www.accuratereviews.com\\\/it\\\/piattaforme-didattica-distanza\\\/\"},{\"@type\":\"ListItem\",\"position\":3,\"name\":\"PowerSchool\"}]},{\"@type\":\"WebSite\",\"@id\":\"https:\\\/\\\/www.accuratereviews.com\\\/it\\\/#website\",\"url\":\"https:\\\/\\\/www.accuratereviews.com\\\/it\\\/\",\"name\":\"Accurate Reviews\",\"description\":\"\",\"potentialAction\":[{\"@type\":\"SearchAction\",\"target\":{\"@type\":\"EntryPoint\",\"urlTemplate\":\"https:\\\/\\\/www.accuratereviews.com\\\/it\\\/?s={search_term_string}\"},\"query-input\":{\"@type\":\"PropertyValueSpecification\",\"valueRequired\":true,\"valueName\":\"search_term_string\"}}],\"inLanguage\":\"it-IT\"}]}<\/script>\n<!-- \/ Yoast SEO plugin. -->","yoast_head_json":{"title":"PowerSchool: recensione software didattica a distanza - Accurate Reviews","description":"PowerSchool: recensione piattaforma per la didattica a distanza con tecnologica per l'istruzione, scelta da istituti K-12 in oltre 70 paesi.","robots":{"index":"index","follow":"follow","max-snippet":"max-snippet:-1","max-image-preview":"max-image-preview:large","max-video-preview":"max-video-preview:-1"},"canonical":"https:\/\/www.accuratereviews.com\/it\/piattaforme-didattica-distanza\/powerschool-recensione\/","og_locale":"it_IT","og_type":"article","og_title":"PowerSchool: recensione software didattica a distanza - Accurate Reviews","og_description":"PowerSchool: recensione piattaforma per la didattica a distanza con tecnologica per l'istruzione, scelta da istituti K-12 in oltre 70 paesi.","og_url":"https:\/\/www.accuratereviews.com\/it\/piattaforme-didattica-distanza\/powerschool-recensione\/","og_site_name":"Accurate Reviews","article_modified_time":"2021-02-03T16:44:57+00:00","og_image":[{"width":300,"height":300,"url":"https:\/\/www.accuratereviews.com\/wp-content\/uploads\/2020\/09\/PowerSchool.png","type":"image\/png"}],"twitter_card":"summary_large_image","twitter_misc":{"Tempo di lettura stimato":"4 minuti"},"schema":{"@context":"https:\/\/schema.org","@graph":[{"@type":"WebPage","@id":"https:\/\/www.accuratereviews.com\/it\/piattaforme-didattica-distanza\/powerschool-recensione\/","url":"https:\/\/www.accuratereviews.com\/it\/piattaforme-didattica-distanza\/powerschool-recensione\/","name":"PowerSchool: recensione software didattica a distanza - Accurate Reviews","isPartOf":{"@id":"https:\/\/www.accuratereviews.com\/it\/#website"},"primaryImageOfPage":{"@id":"https:\/\/www.accuratereviews.com\/it\/piattaforme-didattica-distanza\/powerschool-recensione\/#primaryimage"},"image":{"@id":"https:\/\/www.accuratereviews.com\/it\/piattaforme-didattica-distanza\/powerschool-recensione\/#primaryimage"},"thumbnailUrl":"https:\/\/www.accuratereviews.com\/wp-content\/uploads\/2020\/09\/PowerSchool.png","datePublished":"2020-09-25T09:39:46+00:00","dateModified":"2021-02-03T16:44:57+00:00","description":"PowerSchool: recensione piattaforma per la didattica a distanza con tecnologica per l'istruzione, scelta da istituti K-12 in oltre 70 paesi.","breadcrumb":{"@id":"https:\/\/www.accuratereviews.com\/it\/piattaforme-didattica-distanza\/powerschool-recensione\/#breadcrumb"},"inLanguage":"it-IT","potentialAction":[{"@type":"ReadAction","target":["https:\/\/www.accuratereviews.com\/it\/piattaforme-didattica-distanza\/powerschool-recensione\/"]}]},{"@type":"ImageObject","inLanguage":"it-IT","@id":"https:\/\/www.accuratereviews.com\/it\/piattaforme-didattica-distanza\/powerschool-recensione\/#primaryimage","url":"https:\/\/www.accuratereviews.com\/wp-content\/uploads\/2020\/09\/PowerSchool.png","contentUrl":"https:\/\/www.accuratereviews.com\/wp-content\/uploads\/2020\/09\/PowerSchool.png","width":300,"height":300},{"@type":"BreadcrumbList","@id":"https:\/\/www.accuratereviews.com\/it\/piattaforme-didattica-distanza\/powerschool-recensione\/#breadcrumb","itemListElement":[{"@type":"ListItem","position":1,"name":"Home","item":"https:\/\/www.accuratereviews.com\/it\/"},{"@type":"ListItem","position":2,"name":"Piattaforme per la didattica a distanza","item":"https:\/\/www.accuratereviews.com\/it\/piattaforme-didattica-distanza\/"},{"@type":"ListItem","position":3,"name":"PowerSchool"}]},{"@type":"WebSite","@id":"https:\/\/www.accuratereviews.com\/it\/#website","url":"https:\/\/www.accuratereviews.com\/it\/","name":"Accurate Reviews","description":"","potentialAction":[{"@type":"SearchAction","target":{"@type":"EntryPoint","urlTemplate":"https:\/\/www.accuratereviews.com\/it\/?s={search_term_string}"},"query-input":{"@type":"PropertyValueSpecification","valueRequired":true,"valueName":"search_term_string"}}],"inLanguage":"it-IT"}]}},"_links":{"self":[{"href":"https:\/\/www.accuratereviews.com\/it\/wp-json\/wp\/v2\/pages\/30561","targetHints":{"allow":["GET"]}}],"collection":[{"href":"https:\/\/www.accuratereviews.com\/it\/wp-json\/wp\/v2\/pages"}],"about":[{"href":"https:\/\/www.accuratereviews.com\/it\/wp-json\/wp\/v2\/types\/page"}],"author":[{"embeddable":true,"href":"https:\/\/www.accuratereviews.com\/it\/wp-json\/wp\/v2\/users\/19"}],"replies":[{"embeddable":true,"href":"https:\/\/www.accuratereviews.com\/it\/wp-json\/wp\/v2\/comments?post=30561"}],"version-history":[{"count":10,"href":"https:\/\/www.accuratereviews.com\/it\/wp-json\/wp\/v2\/pages\/30561\/revisions"}],"predecessor-version":[{"id":36730,"href":"https:\/\/www.accuratereviews.com\/it\/wp-json\/wp\/v2\/pages\/30561\/revisions\/36730"}],"up":[{"embeddable":true,"href":"https:\/\/www.accuratereviews.com\/it\/wp-json\/wp\/v2\/pages\/30279"}],"wp:featuredmedia":[{"embeddable":true,"href":"https:\/\/www.accuratereviews.com\/it\/wp-json\/wp\/v2\/media\/30563"}],"wp:attachment":[{"href":"https:\/\/www.accuratereviews.com\/it\/wp-json\/wp\/v2\/media?parent=30561"}],"wp:term":[{"taxonomy":"category","embeddable":true,"href":"https:\/\/www.accuratereviews.com\/it\/wp-json\/wp\/v2\/categories?post=30561"},{"taxonomy":"post_tag","embeddable":true,"href":"https:\/\/www.accuratereviews.com\/it\/wp-json\/wp\/v2\/tags?post=30561"},{"taxonomy":"features","embeddable":true,"href":"https:\/\/www.accuratereviews.com\/it\/wp-json\/wp\/v2\/features?post=30561"}],"curies":[{"name":"wp","href":"https:\/\/api.w.org\/{rel}","templated":true}]}}