{"id":30588,"date":"2020-09-28T11:15:28","date_gmt":"2020-09-28T11:15:28","guid":{"rendered":"https:\/\/www.accuratereviews.com\/?page_id=30588"},"modified":"2021-02-04T13:55:55","modified_gmt":"2021-02-04T13:55:55","slug":"top-hat-recensione","status":"publish","type":"page","link":"https:\/\/www.accuratereviews.com\/it\/piattaforme-didattica-distanza\/top-hat-recensione\/","title":{"rendered":"Top Hat"},"content":{"rendered":"<p><strong>Top Hat<\/strong> \u00e8 un <strong>software educativo<\/strong> end-to-end che aiuta insegnanti, professori e istituzioni educative a facilitare e migliorare l&#8217;apprendimento all&#8217;interno e all&#8217;esterno della classe. \u00c8 una piattaforma didattica composta da strumenti integrati che consentono loro di creare impegni attivi in \u200b\u200bclasse che sfruttano i dispositivi degli studenti, creare corsi, libri di testo e materiali di apprendimento online. Le lezioni possono essere organizzate in un unico posto, amministrare compiti, quiz e test e misurare istantaneamente le prestazioni e monitorare i progressi dei loro studenti.\u00a0La piattaforma \u00e8 costruita con strumenti potenti e facili da usare che consentono loro di preparare rapidamente corsi e risorse educative come i libri di testo. Sono inoltre disponibili strumenti per automatizzare i processi di gestione della classe come il controllo delle presenze e il punteggio dei test.<\/p>\n<h2>TOP HAT &#8211; TUTORIAL<\/h2>\n<p>Il tutorial mostra agli educatori che \u00e8 facile organizzare riunioni di classe interattive ed esperienze di apprendimento di alta qualit\u00e0 in linea e corsi misti:<\/p>\n<div id=\"fluid-wrapper-counter-1\" class=\"g1-fluid-wrapper \" style=\"width:686px;\">\n<div style=\"padding-bottom:56.268221574344%;\"><iframe loading=\"lazy\" title=\"Virtual Classrooms - How To Set Up an Online Class\" width=\"686\" height=\"386\" src=\"https:\/\/www.youtube.com\/embed\/_VaQhsFSXpw?feature=oembed&amp;wmode=transparent&amp;autohide=1&amp;autoplay=0&amp;disablekb=0&amp;fs=1&amp;loop=0&amp;enablejsapi=1&amp;rel=0&amp;controls=2&amp;showinfo=0&amp;wmode=transparent&amp;autohide=2&amp;autoplay=0&amp;disablekb=0&amp;fs=1&amp;loop=0&amp;enablejsapi=1&amp;rel=0&amp;controls=2&amp;showinfo=1\" frameborder=\"0\" allow=\"accelerometer; autoplay; clipboard-write; encrypted-media; gyroscope; picture-in-picture\" allowfullscreen><\/iframe><\/div>\n<\/div>\n<h3>TOP HAT &#8211; CARATTERISTICHE<\/h3>\n<ul>\n<li><strong>Dai vita all&#8217;apprendimento attivo nelle lezioni virtuali:<\/strong> trasmetti in live streaming le tue lezioni per rimanere in contatto con gli studenti quando insegni online. Le opzioni di streaming flessibili ti danno la possibilit\u00e0 di presentare diapositive o condividere lo schermo. Inoltre puoi facilmente ospitare un co-istruttore o un conferenziere ospite, oppure dare agli studenti la possibilit\u00e0 di presentare all&#8217;intera classe<\/li>\n<li><strong>Organizzati prima della presentazione<\/strong>: verifica che l&#8217;audio e il video funzionino prima di avviare la riunione di classe e ottieni un&#8217;anteprima dello sfondo, dell&#8217;illuminazione e di come appari sullo schermo. Usa questo tempo per decidere le impostazioni per la tua sessione di classe virtuale, controlla che i tuoi studenti siano presenti e assicurati che i tuoi TA siano registrati e impostati come moderatori<\/li>\n<li><strong>Cattura e condividi le tue lezioni dal vivo:<\/strong> registra le riunioni di classe complete di partecipazione degli studenti in modo che non perdano l&#8217;esperienza &#8220;in classe&#8221;. Crea lezioni video originali per l&#8217;apprendimento asincrono degli studenti<\/li>\n<li><strong>Migliora l&#8217;esperienza di apprendimento autonomo:<\/strong> le lezioni possono essere registrate anche senza la presenza degli studenti, in modo che possano visualizzare i replay nel loro tempo libero. Tutte le registrazioni delle lezioni vengono rese immediatamente disponibili nell&#8217;apposita area del software<\/li>\n<li><strong>Avere sempre una comprensione degli studenti:<\/strong> esegui presentazioni di classe coinvolgenti incorporate con sondaggi e quiz interattivi. Crea un ciclo di feedback e scopri dove gli studenti hanno successo e difficolt\u00e0<\/li>\n<li><strong>Coinvolgi ogni studente con valutazioni frequenti:<\/strong> crea attivit\u00e0 in classe che coinvolgano gli studenti a intervalli regolari durante la lezione. Scegli tra 14 diversi tipi di domande, la maggior parte dei quali pu\u00f2 essere valutata automaticamente. Ottieni feedback in tempo reale in modo da poter adattare i contenuti della classe per gli studenti in difficolt\u00e0<\/li>\n<li><strong>Promuovi la comunit\u00e0 nella tua classe:<\/strong> mantieni gli studenti impegnati nelle riunioni di classe con la funzionalit\u00e0 di chat dal vivo integrata direttamente nell&#8217;esperienza della lezione virtuale. Consentire agli studenti di discutere argomenti e concetti con i loro coetanei, professori e assistenti didattici e offrire domande di discussione che possono essere valutate.<\/li>\n<li><strong>Fornisci agli studenti gli strumenti per collaborare e partecipare<\/strong>: ospitata nella stessa finestra del browser del tuo streaming video, la chat dal vivo consente agli studenti di connettersi con te e i loro coetanei durante le lezioni online. Modera facilmente i thread di chat rispondendo a domande specifiche e disattivando l&#8217;audio dei partecipanti quando necessario. Inoltre, assegna domande di discussione che incoraggiano il pensiero critico e forniscono informazioni su ci\u00f2 che gli studenti stanno imparando al di fuori della classe<\/li>\n<li><strong>Dai vita ai materiali del corso:<\/strong> accedi a migliaia di libri di testo di alta qualit\u00e0 da innumerevoli discipline accademiche. D\u00ec addio al tuo normale libro di testo cartaceo o al PDF statico e adotta materiali didattici interattivi accattivanti e ricchi di contenuti multimediali. Domande di valutazione, attivit\u00e0, diapositive delle lezioni e altro sono inclusi in ogni libro di testo e il contenuto \u00e8 facile da personalizzare per soddisfare le esigenze del corso<\/li>\n<li><strong>Valuta i progressi degli studenti con compiti personalizzati con valutazione automatica:<\/strong> personalizza e assegna facilmente i compiti che rinforzano l&#8217;apprendimento degli studenti, riducendo il tempo speso per l&#8217;amministrazione del corso grazie alle funzionalit\u00e0 di auto-valutazione<\/li>\n<li><strong>Esegui test ed esami online sicuri:<\/strong> garantire l&#8217;integrit\u00e0 accademica di qualsiasi valutazione a distanza: assicurati che gli studenti giusti stiano sostenendo il tuo test verificando la loro identit\u00e0 prima di ogni prova o esame. Monitora l&#8217;attivit\u00e0 e ottieni un rapporto del supervisore di facile comprensione che segnala un comportamento irregolare. Mantieni l&#8217;accessibilit\u00e0 al primo posto offrendo orari di inizio e fine flessibili a studenti specifici<\/li>\n<li><strong>Supporta il successo degli studenti con informazioni strategiche basate sui dati<\/strong>: ricevi regolarmente dati di valutazione formativa che ti mantengono concentrato sul successo degli studenti. Misura la comprensione e il coinvolgimento con intuizioni di apprendimento in modo da poter raggiungere gli studenti in difficolt\u00e0 o adattare il tuo insegnamento per colmare le lacune<\/li>\n<\/ul>\n<h4>LE RECENSIONI DEGLI UTENTI<\/h4>\n<h4 class=\"font-weight-bold mb-1 d-flex align-items-center\">Shaylynn W.&#8221;Top Hat recensione studenti&#8221;<\/h4>\n<p><strong>Commenti: <\/strong>Mi ha aiutato tantissimo con questa lezione. Mi ha dato un nuovo modo di cogliere il materiale e lo consiglio vivamente ad altre persone.<\/p>\n<p><strong>Vantaggi: <\/strong>L&#8217;ho usato durante il mio corso di economia e avevamo domande incorporate nei nostri capitoli. Ti fa davvero rallentare per capire e afferrare i concetti.<\/p>\n<p><strong>Inconvenienti: <\/strong>Abbiamo avuto problemi con la possibilit\u00e0 di tornare indietro e visualizzare le domande a cui era stata data risposta corretta o errata. Vorrei anche che ci fossero pi\u00f9 funzioni come note e segnalibri insieme all&#8217;evidenziazione.<\/p>\n<h4 class=\"font-weight-bold mb-1 d-flex align-items-center\">Kyler M.&#8221;Ottimo strumento di quiz&#8221;<\/h4>\n<p><strong>Commenti: <\/strong>Strumento di risposta del pubblico molto veloce e divertente da utilizzare in un ambiente scolastico.<\/p>\n<p><strong>Vantaggi: <\/strong>Top Hat \u00e8 un&#8217;applicazione molto interattiva a cui il pubblico pu\u00f2 connettersi facilmente con qualsiasi dispositivo ed \u00e8 semplice da usare.<\/p>\n<p><strong>Inconvenienti: <\/strong>Top Hat non \u00e8 molto personalizzabile con ci\u00f2 che potresti o non potresti voler fare con esso. Altrimenti non molte lamentele.<\/p>\n<h4 class=\"font-weight-bold mb-1 d-flex align-items-center\">Cassandra T.\u00a0&#8220;Ottimo per classi numerose per aumentare la partecipazione&#8221;<\/h4>\n<p><strong>Vantaggi: <\/strong>Ti consente di prendere la presenza con un codice univoco in modo che solo le persone presenti ottengano credito. Raccoglie in modo molto efficiente le risposte alle domande e fornisce al docente un feedback immediato sulla comprensione del materiale da parte della classe.<\/p>\n<p><strong>Inconvenienti: <\/strong>Era complicato da usare, il che ha dato qualche problema ad alcune persone<\/p>\n","protected":false},"excerpt":{"rendered":"<p>Top Hat \u00e8 un software educativo end-to-end che aiuta insegnanti, professori e istituzioni educative a facilitare e migliorare l&#8217;apprendimento all&#8217;interno e all&#8217;esterno della classe. \u00c8 una piattaforma didattica composta da strumenti integrati che consentono loro di creare impegni attivi in \u200b\u200bclasse che sfruttano i dispositivi degli studenti, creare corsi, libri di testo e materiali di apprendimento online<\/p>\n","protected":false},"author":19,"featured_media":30590,"parent":30279,"menu_order":0,"comment_status":"open","ping_status":"closed","template":"g1_template_page_review_new.php","meta":{"_acf_changed":false,"cwp_meta_box_check":"Yes","cwp_rev_product_name":"","cwp_rev_product_image":"","wppr_links":[],"cwp_rev_price":"","wppr_options":[],"wppr_pros":[],"wppr_cons":[],"_monsterinsights_skip_tracking":false,"_monsterinsights_sitenote_active":false,"_monsterinsights_sitenote_note":"","_monsterinsights_sitenote_category":0,"footnotes":""},"categories":[3634],"tags":[3641,3639,3637,3658,3722],"features":[],"class_list":{"0":"post-30588","1":"page","2":"type-page","3":"status-publish","4":"has-post-thumbnail","6":"category-piattaforme-per-la-didattica-a-distanza-categoria","7":"tag-piattaforma-di-didattica-a-distanza","8":"tag-programma-di-didattica-a-distanza","9":"tag-software-di-didattica-a-distanza","10":"tag-soluzione-didattica-a-distanza","11":"tag-top-hat"},"wppr_data":{"cwp_meta_box_check":"Yes","cwp_rev_product_name":"","cwp_rev_product_image":"","cwp_image_link":"image","cwp_rev_price":"","wppr_rating":"0.00"},"acf":[],"yoast_head":"<!-- This site is optimized with the Yoast SEO plugin v27.4 - https:\/\/yoast.com\/product\/yoast-seo-wordpress\/ -->\n<title>Top Hat: recensione software di didattica a distanza - Accurate Reviews<\/title>\n<meta name=\"description\" content=\"Top Hat: recensione software educativo end-to-end che aiuta insegnanti e professori a facilitare e migliorare l&#039;apprendimento.\" \/>\n<meta name=\"robots\" content=\"index, follow, max-snippet:-1, max-image-preview:large, max-video-preview:-1\" \/>\n<link rel=\"canonical\" href=\"https:\/\/www.accuratereviews.com\/it\/piattaforme-didattica-distanza\/top-hat-recensione\/\" \/>\n<meta property=\"og:locale\" content=\"it_IT\" \/>\n<meta property=\"og:type\" content=\"article\" \/>\n<meta property=\"og:title\" content=\"Top Hat: recensione software di didattica a distanza - Accurate Reviews\" \/>\n<meta property=\"og:description\" content=\"Top Hat: recensione software educativo end-to-end che aiuta insegnanti e professori a facilitare e migliorare l&#039;apprendimento.\" \/>\n<meta property=\"og:url\" content=\"https:\/\/www.accuratereviews.com\/it\/piattaforme-didattica-distanza\/top-hat-recensione\/\" \/>\n<meta property=\"og:site_name\" content=\"Accurate Reviews\" \/>\n<meta property=\"article:modified_time\" content=\"2021-02-04T13:55:55+00:00\" \/>\n<meta property=\"og:image\" content=\"https:\/\/www.accuratereviews.com\/wp-content\/uploads\/2020\/09\/Top-Hat-logo.jpg\" \/>\n\t<meta property=\"og:image:width\" content=\"400\" \/>\n\t<meta property=\"og:image:height\" content=\"400\" \/>\n\t<meta property=\"og:image:type\" content=\"image\/jpeg\" \/>\n<meta name=\"twitter:card\" content=\"summary_large_image\" \/>\n<meta name=\"twitter:label1\" content=\"Tempo di lettura stimato\" \/>\n\t<meta name=\"twitter:data1\" content=\"5 minuti\" \/>\n<script type=\"application\/ld+json\" class=\"yoast-schema-graph\">{\"@context\":\"https:\\\/\\\/schema.org\",\"@graph\":[{\"@type\":\"WebPage\",\"@id\":\"https:\\\/\\\/www.accuratereviews.com\\\/it\\\/piattaforme-didattica-distanza\\\/top-hat-recensione\\\/\",\"url\":\"https:\\\/\\\/www.accuratereviews.com\\\/it\\\/piattaforme-didattica-distanza\\\/top-hat-recensione\\\/\",\"name\":\"Top Hat: recensione software di didattica a distanza - Accurate Reviews\",\"isPartOf\":{\"@id\":\"https:\\\/\\\/www.accuratereviews.com\\\/it\\\/#website\"},\"primaryImageOfPage\":{\"@id\":\"https:\\\/\\\/www.accuratereviews.com\\\/it\\\/piattaforme-didattica-distanza\\\/top-hat-recensione\\\/#primaryimage\"},\"image\":{\"@id\":\"https:\\\/\\\/www.accuratereviews.com\\\/it\\\/piattaforme-didattica-distanza\\\/top-hat-recensione\\\/#primaryimage\"},\"thumbnailUrl\":\"https:\\\/\\\/www.accuratereviews.com\\\/wp-content\\\/uploads\\\/2020\\\/09\\\/Top-Hat-logo.jpg\",\"datePublished\":\"2020-09-28T11:15:28+00:00\",\"dateModified\":\"2021-02-04T13:55:55+00:00\",\"description\":\"Top Hat: recensione software educativo end-to-end che aiuta insegnanti e professori a facilitare e migliorare l'apprendimento.\",\"breadcrumb\":{\"@id\":\"https:\\\/\\\/www.accuratereviews.com\\\/it\\\/piattaforme-didattica-distanza\\\/top-hat-recensione\\\/#breadcrumb\"},\"inLanguage\":\"it-IT\",\"potentialAction\":[{\"@type\":\"ReadAction\",\"target\":[\"https:\\\/\\\/www.accuratereviews.com\\\/it\\\/piattaforme-didattica-distanza\\\/top-hat-recensione\\\/\"]}]},{\"@type\":\"ImageObject\",\"inLanguage\":\"it-IT\",\"@id\":\"https:\\\/\\\/www.accuratereviews.com\\\/it\\\/piattaforme-didattica-distanza\\\/top-hat-recensione\\\/#primaryimage\",\"url\":\"https:\\\/\\\/www.accuratereviews.com\\\/wp-content\\\/uploads\\\/2020\\\/09\\\/Top-Hat-logo.jpg\",\"contentUrl\":\"https:\\\/\\\/www.accuratereviews.com\\\/wp-content\\\/uploads\\\/2020\\\/09\\\/Top-Hat-logo.jpg\",\"width\":400,\"height\":400},{\"@type\":\"BreadcrumbList\",\"@id\":\"https:\\\/\\\/www.accuratereviews.com\\\/it\\\/piattaforme-didattica-distanza\\\/top-hat-recensione\\\/#breadcrumb\",\"itemListElement\":[{\"@type\":\"ListItem\",\"position\":1,\"name\":\"Home\",\"item\":\"https:\\\/\\\/www.accuratereviews.com\\\/it\\\/\"},{\"@type\":\"ListItem\",\"position\":2,\"name\":\"Piattaforme per la didattica a distanza\",\"item\":\"https:\\\/\\\/www.accuratereviews.com\\\/it\\\/piattaforme-didattica-distanza\\\/\"},{\"@type\":\"ListItem\",\"position\":3,\"name\":\"Top Hat\"}]},{\"@type\":\"WebSite\",\"@id\":\"https:\\\/\\\/www.accuratereviews.com\\\/it\\\/#website\",\"url\":\"https:\\\/\\\/www.accuratereviews.com\\\/it\\\/\",\"name\":\"Accurate Reviews\",\"description\":\"\",\"potentialAction\":[{\"@type\":\"SearchAction\",\"target\":{\"@type\":\"EntryPoint\",\"urlTemplate\":\"https:\\\/\\\/www.accuratereviews.com\\\/it\\\/?s={search_term_string}\"},\"query-input\":{\"@type\":\"PropertyValueSpecification\",\"valueRequired\":true,\"valueName\":\"search_term_string\"}}],\"inLanguage\":\"it-IT\"}]}<\/script>\n<!-- \/ Yoast SEO plugin. -->","yoast_head_json":{"title":"Top Hat: recensione software di didattica a distanza - Accurate Reviews","description":"Top Hat: recensione software educativo end-to-end che aiuta insegnanti e professori a facilitare e migliorare l'apprendimento.","robots":{"index":"index","follow":"follow","max-snippet":"max-snippet:-1","max-image-preview":"max-image-preview:large","max-video-preview":"max-video-preview:-1"},"canonical":"https:\/\/www.accuratereviews.com\/it\/piattaforme-didattica-distanza\/top-hat-recensione\/","og_locale":"it_IT","og_type":"article","og_title":"Top Hat: recensione software di didattica a distanza - Accurate Reviews","og_description":"Top Hat: recensione software educativo end-to-end che aiuta insegnanti e professori a facilitare e migliorare l'apprendimento.","og_url":"https:\/\/www.accuratereviews.com\/it\/piattaforme-didattica-distanza\/top-hat-recensione\/","og_site_name":"Accurate Reviews","article_modified_time":"2021-02-04T13:55:55+00:00","og_image":[{"width":400,"height":400,"url":"https:\/\/www.accuratereviews.com\/wp-content\/uploads\/2020\/09\/Top-Hat-logo.jpg","type":"image\/jpeg"}],"twitter_card":"summary_large_image","twitter_misc":{"Tempo di lettura stimato":"5 minuti"},"schema":{"@context":"https:\/\/schema.org","@graph":[{"@type":"WebPage","@id":"https:\/\/www.accuratereviews.com\/it\/piattaforme-didattica-distanza\/top-hat-recensione\/","url":"https:\/\/www.accuratereviews.com\/it\/piattaforme-didattica-distanza\/top-hat-recensione\/","name":"Top Hat: recensione software di didattica a distanza - Accurate Reviews","isPartOf":{"@id":"https:\/\/www.accuratereviews.com\/it\/#website"},"primaryImageOfPage":{"@id":"https:\/\/www.accuratereviews.com\/it\/piattaforme-didattica-distanza\/top-hat-recensione\/#primaryimage"},"image":{"@id":"https:\/\/www.accuratereviews.com\/it\/piattaforme-didattica-distanza\/top-hat-recensione\/#primaryimage"},"thumbnailUrl":"https:\/\/www.accuratereviews.com\/wp-content\/uploads\/2020\/09\/Top-Hat-logo.jpg","datePublished":"2020-09-28T11:15:28+00:00","dateModified":"2021-02-04T13:55:55+00:00","description":"Top Hat: recensione software educativo end-to-end che aiuta insegnanti e professori a facilitare e migliorare l'apprendimento.","breadcrumb":{"@id":"https:\/\/www.accuratereviews.com\/it\/piattaforme-didattica-distanza\/top-hat-recensione\/#breadcrumb"},"inLanguage":"it-IT","potentialAction":[{"@type":"ReadAction","target":["https:\/\/www.accuratereviews.com\/it\/piattaforme-didattica-distanza\/top-hat-recensione\/"]}]},{"@type":"ImageObject","inLanguage":"it-IT","@id":"https:\/\/www.accuratereviews.com\/it\/piattaforme-didattica-distanza\/top-hat-recensione\/#primaryimage","url":"https:\/\/www.accuratereviews.com\/wp-content\/uploads\/2020\/09\/Top-Hat-logo.jpg","contentUrl":"https:\/\/www.accuratereviews.com\/wp-content\/uploads\/2020\/09\/Top-Hat-logo.jpg","width":400,"height":400},{"@type":"BreadcrumbList","@id":"https:\/\/www.accuratereviews.com\/it\/piattaforme-didattica-distanza\/top-hat-recensione\/#breadcrumb","itemListElement":[{"@type":"ListItem","position":1,"name":"Home","item":"https:\/\/www.accuratereviews.com\/it\/"},{"@type":"ListItem","position":2,"name":"Piattaforme per la didattica a distanza","item":"https:\/\/www.accuratereviews.com\/it\/piattaforme-didattica-distanza\/"},{"@type":"ListItem","position":3,"name":"Top Hat"}]},{"@type":"WebSite","@id":"https:\/\/www.accuratereviews.com\/it\/#website","url":"https:\/\/www.accuratereviews.com\/it\/","name":"Accurate Reviews","description":"","potentialAction":[{"@type":"SearchAction","target":{"@type":"EntryPoint","urlTemplate":"https:\/\/www.accuratereviews.com\/it\/?s={search_term_string}"},"query-input":{"@type":"PropertyValueSpecification","valueRequired":true,"valueName":"search_term_string"}}],"inLanguage":"it-IT"}]}},"_links":{"self":[{"href":"https:\/\/www.accuratereviews.com\/it\/wp-json\/wp\/v2\/pages\/30588","targetHints":{"allow":["GET"]}}],"collection":[{"href":"https:\/\/www.accuratereviews.com\/it\/wp-json\/wp\/v2\/pages"}],"about":[{"href":"https:\/\/www.accuratereviews.com\/it\/wp-json\/wp\/v2\/types\/page"}],"author":[{"embeddable":true,"href":"https:\/\/www.accuratereviews.com\/it\/wp-json\/wp\/v2\/users\/19"}],"replies":[{"embeddable":true,"href":"https:\/\/www.accuratereviews.com\/it\/wp-json\/wp\/v2\/comments?post=30588"}],"version-history":[{"count":8,"href":"https:\/\/www.accuratereviews.com\/it\/wp-json\/wp\/v2\/pages\/30588\/revisions"}],"predecessor-version":[{"id":36782,"href":"https:\/\/www.accuratereviews.com\/it\/wp-json\/wp\/v2\/pages\/30588\/revisions\/36782"}],"up":[{"embeddable":true,"href":"https:\/\/www.accuratereviews.com\/it\/wp-json\/wp\/v2\/pages\/30279"}],"wp:featuredmedia":[{"embeddable":true,"href":"https:\/\/www.accuratereviews.com\/it\/wp-json\/wp\/v2\/media\/30590"}],"wp:attachment":[{"href":"https:\/\/www.accuratereviews.com\/it\/wp-json\/wp\/v2\/media?parent=30588"}],"wp:term":[{"taxonomy":"category","embeddable":true,"href":"https:\/\/www.accuratereviews.com\/it\/wp-json\/wp\/v2\/categories?post=30588"},{"taxonomy":"post_tag","embeddable":true,"href":"https:\/\/www.accuratereviews.com\/it\/wp-json\/wp\/v2\/tags?post=30588"},{"taxonomy":"features","embeddable":true,"href":"https:\/\/www.accuratereviews.com\/it\/wp-json\/wp\/v2\/features?post=30588"}],"curies":[{"name":"wp","href":"https:\/\/api.w.org\/{rel}","templated":true}]}}