{"id":30606,"date":"2020-09-28T11:19:01","date_gmt":"2020-09-28T11:19:01","guid":{"rendered":"https:\/\/www.accuratereviews.com\/?page_id=30606"},"modified":"2021-02-03T16:00:52","modified_gmt":"2021-02-03T16:00:52","slug":"conexed-recensione","status":"publish","type":"page","link":"https:\/\/www.accuratereviews.com\/it\/piattaforme-didattica-distanza\/conexed-recensione\/","title":{"rendered":"ConexED"},"content":{"rendered":"<p><strong>ConexED<\/strong> \u00e8 una soluzione basata su <strong>cloud<\/strong> progettata per <strong>assistere gli studenti<\/strong> e le facolt\u00e0 degli istituti di istruzione superiore e delle piccole e medie imprese con la pianificazione degli appuntamenti, le riunioni video e la comunicazione del team. Le funzionalit\u00e0 includono accesso remoto, parametri di coinvolgimento, condivisione dello schermo, lavagna, messaggistica istantanea e gestione della registrazione.\u00a0La piattaforma consente agli utenti di pianificare videoconferenze, registrare sessioni, condividere documenti e generare report personalizzati per monitorare l&#8217;avanzamento delle attivit\u00e0. I tirocinanti possono utilizzare la sua interfaccia interattiva per effettuare il check-in \/ annullare gli appuntamenti, visualizzare i tempi di attesa e ricevere avvisi di testo. Con la sua funzione di aula virtuale, gli studenti possono partecipare a lezioni da remoto, collaborare con i colleghi e interagire con i tutor in tempo reale.<\/p>\n<h2>CONEXED &#8211; TUTORIAL<\/h2>\n<p>Un tutorial video di formazione completo su come configurare, personalizzare e utilizzare questo <strong>software di didattica a distanza<\/strong>:<\/p>\n<div id=\"fluid-wrapper-counter-1\" class=\"g1-fluid-wrapper \" style=\"width:686px;\">\n<div style=\"padding-bottom:56.268221574344%;\"><iframe loading=\"lazy\" title=\"ConexED Tutorials: Complete ConexED Staff &amp; Faculty Training\" width=\"686\" height=\"386\" src=\"https:\/\/www.youtube.com\/embed\/-bO8p9ZpIDY?feature=oembed&amp;wmode=transparent&amp;autohide=1&amp;autoplay=0&amp;disablekb=0&amp;fs=1&amp;loop=0&amp;enablejsapi=1&amp;rel=0&amp;controls=2&amp;showinfo=0&amp;wmode=transparent&amp;autohide=2&amp;autoplay=0&amp;disablekb=0&amp;fs=1&amp;loop=0&amp;enablejsapi=1&amp;rel=0&amp;controls=2&amp;showinfo=1\" frameborder=\"0\" allow=\"accelerometer; autoplay; clipboard-write; encrypted-media; gyroscope; picture-in-picture\" allowfullscreen><\/iframe><\/div>\n<\/div>\n<h3>CONEXED &#8211; CARATTERISTICHE<\/h3>\n<ul>\n<li><strong>Riunioni video e aule virtuali<\/strong>: video e audio di alta qualit\u00e0, strumenti interattivi e funzioni di accessibilit\u00e0 rendono la nostra piattaforma video basata su browser coinvolgente per tutti<\/li>\n<li><strong>Pianificazione degli appuntamenti e registrazione degli eventi<\/strong>: intere istituzioni o singoli dipartimenti possono abilitare l&#8217;auto-pianificazione online con un calendario condiviso per riunioni video 1: 1 o eventi di gruppo<\/li>\n<li><strong>Piani di successo degli studenti<\/strong>: con strumenti creati per sensibilizzazione, assunzione e valutazione mirati, il personale e la facolt\u00e0 possono sviluppare e condividere piani di successo degli studenti personalizzati per la gestione dei casi<\/li>\n<li><strong>Area studenti e sistema di accodamento:<\/strong> gli studenti possono effettuare il check-in per gli appuntamenti pianificati, registrare le riunioni di accesso, tenere traccia del loro posto in linea o annullare gli appuntamenti dal telefono<\/li>\n<li><strong>Integrazioni di calendario, LMS e SIS<\/strong>: l&#8217;API multidimensionale si integra perfettamente con il tuo calendario online, LMS e SIS per semplificare i sistemi, i processi e i rapporti<\/li>\n<li><strong>Sistema di messaggistica chat istantanea<\/strong>: le sessioni di chat online possono essere registrate come appuntamenti con codici motivo e trasmesse alla lobby virtuale o ad altro personale e facolt\u00e0 per il follow-up<\/li>\n<li><strong>Analisi dei dati e rapporti<\/strong>: la piattaforma tiene traccia dei dati istituzionali chiave ed elimina la necessit\u00e0 di acquistare software aggiuntivo per visualizzare e analizzare le prestazioni degli studenti e delle istituzioni<\/li>\n<li><strong>Accessibilit\u00e0 e privacy:<\/strong> il programma \u00e8 conforme ad ADA, FERPA e HIPAA. Tutte le comunicazioni degli studenti nella piattaforma passano attraverso connessioni protette<\/li>\n<\/ul>\n<h4>LE RECENSIONI DEGLI UTENTI<\/h4>\n<h4 class=\"font-weight-bold mb-1 d-flex align-items-center\">Henry F.&#8221;Altre funzionalit\u00e0 per riunioni di persona&#8221;<\/h4>\n<p><strong>Commenti: <\/strong>Estremamente facile da lavorare. Siamo riusciti a far emergere idee o esigenze e sono stati molto rapidi nel rispondere.<\/p>\n<p><strong>Vantaggi: <\/strong>Facilit\u00e0 di utilizzo. La possibilit\u00e0 di incorporare utili schede lo rende molto pi\u00f9 facile da usare rispetto alle semplici riunioni zoom. Pu\u00f2 espandersi per pi\u00f9 reparti.<\/p>\n<p><strong>Inconvenienti: <\/strong>In questo momento ci stiamo destreggiando tra questo software e la SARS. La SARS gestisce al meglio gli appuntamenti di persona. Allo stesso tempo sono sicuro che non siamo l&#8217;unico istituto che vuole eliminare la SARS. Se Conexed si concentrasse maggiormente su una configurazione di appuntamento di persona pi\u00f9 amichevole, otterrebbe ancora pi\u00f9 interesse.<\/p>\n<h4 class=\"font-weight-bold mb-1 d-flex align-items-center\">Melody C.&#8221;Un inizio fantastico!&#8221;<\/h4>\n<p><strong>Commenti: <\/strong>Eccellente. Il servizio si distingue dagli altri. Nel mio lavoro devo lavorare con diversi fornitori di applicazioni e finora l&#8217;esperienza con ConexEd \u00e8 stata la migliore. Super reattivo con un atteggiamento &#8220;cerca di arrivare a s\u00ec&#8221; con qualsiasi problema che si presenti. Vorrei che pi\u00f9 prodotti avessero una struttura di supporto cos\u00ec forte e reattiva come ConexEd!<\/p>\n<p><strong>Vantaggi: <\/strong>Molto facile da usare con un&#8217;interfaccia moderna che gli utenti finali desiderano. Il team del servizio clienti \u00e8 incredibile, con tempi di risposta rapidi. Il prezzo del prodotto era trasparente e mostrava come si ripagava sul preventivo. Grande squadra.<\/p>\n<p><strong>Inconvenienti: <\/strong>Vorrei solo che potesse fare di pi\u00f9! \u00c8 un ottimo prodotto, ma non \u00e8 ancora l\u00ec per sostituire completamente il nostro altro prodotto che fa anche la gestione dei casi, nonch\u00e9 le segnalazioni di allerta precoce e i complimenti. Mi piacerebbe poter abbandonare completamente l&#8217;altro prodotto &#8230; in questo momento sembra ridondante averli entrambi, ma ricevo molte lamentele sull&#8217;altro prodotto. Gli utenti finali desiderano che si possa passare completamente a ConexEd per la gestione dei casi e le funzioni di allerta precoce (con integrazione LMS).<\/p>\n<h4 class=\"font-weight-bold mb-1 d-flex align-items-center\">Ariana A.&#8221;Prospettiva dello studente&#8221;<\/h4>\n<p><strong>Commenti: <\/strong>Ha reso le cose molto pi\u00f9 semplici per la mia lezione online e non vedevo l&#8217;ora di usarlo perch\u00e9 \u00e8 stato utile, spero davvero che pi\u00f9 classi utilizzino questo software.<\/p>\n<p><strong>Vantaggi: <\/strong>Sono stato in grado di comunicare facilmente con il professore e anche con altri compagni di classe. Facile accesso ai compiti da rivedere con il professore faccia a faccia.<\/p>\n<p><strong>Inconvenienti: <\/strong>Aveva bisogno di una piccola guida su dove andare per trovare cose da usare, ma era comunque piuttosto esplicativa.<\/p>\n","protected":false},"excerpt":{"rendered":"<p>ConexED \u00e8 una soluzione basata su cloud progettata per assistere gli studenti e le facolt\u00e0 degli istituti di istruzione superiore e delle piccole e medie imprese con la pianificazione degli appuntamenti, le riunioni video e la comunicazione del team. Le funzionalit\u00e0 includono accesso remoto, parametri di coinvolgimento, condivisione dello schermo, lavagna, messaggistica istantanea e gestione della registrazione.<\/p>\n","protected":false},"author":19,"featured_media":30607,"parent":30279,"menu_order":0,"comment_status":"open","ping_status":"closed","template":"g1_template_page_review_new.php","meta":{"_acf_changed":false,"cwp_meta_box_check":"Yes","cwp_rev_product_name":"","cwp_rev_product_image":"","wppr_links":[],"cwp_rev_price":"","wppr_options":[],"wppr_pros":[],"wppr_cons":[],"_monsterinsights_skip_tracking":false,"_monsterinsights_sitenote_active":false,"_monsterinsights_sitenote_note":"","_monsterinsights_sitenote_category":0,"footnotes":""},"categories":[3634],"tags":[396,3723,3641,3639,3637,3638],"features":[],"class_list":{"0":"post-30606","1":"page","2":"type-page","3":"status-publish","4":"has-post-thumbnail","6":"category-piattaforme-per-la-didattica-a-distanza-categoria","7":"tag-cloud","8":"tag-conexed","9":"tag-piattaforma-di-didattica-a-distanza","10":"tag-programma-di-didattica-a-distanza","11":"tag-software-di-didattica-a-distanza","12":"tag-soluzione-di-didattica-a-distanza"},"wppr_data":{"cwp_meta_box_check":"Yes","cwp_rev_product_name":"","cwp_rev_product_image":"","cwp_image_link":"image","cwp_rev_price":"","wppr_rating":"0.00"},"acf":[],"yoast_head":"<!-- This site is optimized with the Yoast SEO plugin v27.4 - https:\/\/yoast.com\/product\/yoast-seo-wordpress\/ -->\n<title>ConexED: recensione software di didattica a distanza - Accurate Reviews<\/title>\n<meta name=\"description\" content=\"ConexED: recensione soluzione basata su cloud progettata per assistere gli studenti con la pianificazione degli appuntamenti e la didattica.\" \/>\n<meta name=\"robots\" content=\"index, follow, max-snippet:-1, max-image-preview:large, max-video-preview:-1\" \/>\n<link rel=\"canonical\" href=\"https:\/\/www.accuratereviews.com\/it\/piattaforme-didattica-distanza\/conexed-recensione\/\" \/>\n<meta property=\"og:locale\" content=\"it_IT\" \/>\n<meta property=\"og:type\" content=\"article\" \/>\n<meta property=\"og:title\" content=\"ConexED: recensione software di didattica a distanza - Accurate Reviews\" \/>\n<meta property=\"og:description\" content=\"ConexED: recensione soluzione basata su cloud progettata per assistere gli studenti con la pianificazione degli appuntamenti e la didattica.\" \/>\n<meta property=\"og:url\" content=\"https:\/\/www.accuratereviews.com\/it\/piattaforme-didattica-distanza\/conexed-recensione\/\" \/>\n<meta property=\"og:site_name\" content=\"Accurate Reviews\" \/>\n<meta property=\"article:modified_time\" content=\"2021-02-03T16:00:52+00:00\" \/>\n<meta property=\"og:image\" content=\"https:\/\/www.accuratereviews.com\/wp-content\/uploads\/2020\/09\/conexed.jpg\" \/>\n\t<meta property=\"og:image:width\" content=\"1280\" \/>\n\t<meta property=\"og:image:height\" content=\"720\" \/>\n\t<meta property=\"og:image:type\" content=\"image\/jpeg\" \/>\n<meta name=\"twitter:card\" content=\"summary_large_image\" \/>\n<meta name=\"twitter:label1\" content=\"Tempo di lettura stimato\" \/>\n\t<meta name=\"twitter:data1\" content=\"4 minuti\" \/>\n<script type=\"application\/ld+json\" class=\"yoast-schema-graph\">{\"@context\":\"https:\\\/\\\/schema.org\",\"@graph\":[{\"@type\":\"WebPage\",\"@id\":\"https:\\\/\\\/www.accuratereviews.com\\\/it\\\/piattaforme-didattica-distanza\\\/conexed-recensione\\\/\",\"url\":\"https:\\\/\\\/www.accuratereviews.com\\\/it\\\/piattaforme-didattica-distanza\\\/conexed-recensione\\\/\",\"name\":\"ConexED: recensione software di didattica a distanza - Accurate Reviews\",\"isPartOf\":{\"@id\":\"https:\\\/\\\/www.accuratereviews.com\\\/it\\\/#website\"},\"primaryImageOfPage\":{\"@id\":\"https:\\\/\\\/www.accuratereviews.com\\\/it\\\/piattaforme-didattica-distanza\\\/conexed-recensione\\\/#primaryimage\"},\"image\":{\"@id\":\"https:\\\/\\\/www.accuratereviews.com\\\/it\\\/piattaforme-didattica-distanza\\\/conexed-recensione\\\/#primaryimage\"},\"thumbnailUrl\":\"https:\\\/\\\/www.accuratereviews.com\\\/wp-content\\\/uploads\\\/2020\\\/09\\\/conexed.jpg\",\"datePublished\":\"2020-09-28T11:19:01+00:00\",\"dateModified\":\"2021-02-03T16:00:52+00:00\",\"description\":\"ConexED: recensione soluzione basata su cloud progettata per assistere gli studenti con la pianificazione degli appuntamenti e la didattica.\",\"breadcrumb\":{\"@id\":\"https:\\\/\\\/www.accuratereviews.com\\\/it\\\/piattaforme-didattica-distanza\\\/conexed-recensione\\\/#breadcrumb\"},\"inLanguage\":\"it-IT\",\"potentialAction\":[{\"@type\":\"ReadAction\",\"target\":[\"https:\\\/\\\/www.accuratereviews.com\\\/it\\\/piattaforme-didattica-distanza\\\/conexed-recensione\\\/\"]}]},{\"@type\":\"ImageObject\",\"inLanguage\":\"it-IT\",\"@id\":\"https:\\\/\\\/www.accuratereviews.com\\\/it\\\/piattaforme-didattica-distanza\\\/conexed-recensione\\\/#primaryimage\",\"url\":\"https:\\\/\\\/www.accuratereviews.com\\\/wp-content\\\/uploads\\\/2020\\\/09\\\/conexed.jpg\",\"contentUrl\":\"https:\\\/\\\/www.accuratereviews.com\\\/wp-content\\\/uploads\\\/2020\\\/09\\\/conexed.jpg\",\"width\":1280,\"height\":720},{\"@type\":\"BreadcrumbList\",\"@id\":\"https:\\\/\\\/www.accuratereviews.com\\\/it\\\/piattaforme-didattica-distanza\\\/conexed-recensione\\\/#breadcrumb\",\"itemListElement\":[{\"@type\":\"ListItem\",\"position\":1,\"name\":\"Home\",\"item\":\"https:\\\/\\\/www.accuratereviews.com\\\/it\\\/\"},{\"@type\":\"ListItem\",\"position\":2,\"name\":\"Piattaforme per la didattica a distanza\",\"item\":\"https:\\\/\\\/www.accuratereviews.com\\\/it\\\/piattaforme-didattica-distanza\\\/\"},{\"@type\":\"ListItem\",\"position\":3,\"name\":\"ConexED\"}]},{\"@type\":\"WebSite\",\"@id\":\"https:\\\/\\\/www.accuratereviews.com\\\/it\\\/#website\",\"url\":\"https:\\\/\\\/www.accuratereviews.com\\\/it\\\/\",\"name\":\"Accurate Reviews\",\"description\":\"\",\"potentialAction\":[{\"@type\":\"SearchAction\",\"target\":{\"@type\":\"EntryPoint\",\"urlTemplate\":\"https:\\\/\\\/www.accuratereviews.com\\\/it\\\/?s={search_term_string}\"},\"query-input\":{\"@type\":\"PropertyValueSpecification\",\"valueRequired\":true,\"valueName\":\"search_term_string\"}}],\"inLanguage\":\"it-IT\"}]}<\/script>\n<!-- \/ Yoast SEO plugin. -->","yoast_head_json":{"title":"ConexED: recensione software di didattica a distanza - Accurate Reviews","description":"ConexED: recensione soluzione basata su cloud progettata per assistere gli studenti con la pianificazione degli appuntamenti e la didattica.","robots":{"index":"index","follow":"follow","max-snippet":"max-snippet:-1","max-image-preview":"max-image-preview:large","max-video-preview":"max-video-preview:-1"},"canonical":"https:\/\/www.accuratereviews.com\/it\/piattaforme-didattica-distanza\/conexed-recensione\/","og_locale":"it_IT","og_type":"article","og_title":"ConexED: recensione software di didattica a distanza - Accurate Reviews","og_description":"ConexED: recensione soluzione basata su cloud progettata per assistere gli studenti con la pianificazione degli appuntamenti e la didattica.","og_url":"https:\/\/www.accuratereviews.com\/it\/piattaforme-didattica-distanza\/conexed-recensione\/","og_site_name":"Accurate Reviews","article_modified_time":"2021-02-03T16:00:52+00:00","og_image":[{"width":1280,"height":720,"url":"https:\/\/www.accuratereviews.com\/wp-content\/uploads\/2020\/09\/conexed.jpg","type":"image\/jpeg"}],"twitter_card":"summary_large_image","twitter_misc":{"Tempo di lettura stimato":"4 minuti"},"schema":{"@context":"https:\/\/schema.org","@graph":[{"@type":"WebPage","@id":"https:\/\/www.accuratereviews.com\/it\/piattaforme-didattica-distanza\/conexed-recensione\/","url":"https:\/\/www.accuratereviews.com\/it\/piattaforme-didattica-distanza\/conexed-recensione\/","name":"ConexED: recensione software di didattica a distanza - Accurate Reviews","isPartOf":{"@id":"https:\/\/www.accuratereviews.com\/it\/#website"},"primaryImageOfPage":{"@id":"https:\/\/www.accuratereviews.com\/it\/piattaforme-didattica-distanza\/conexed-recensione\/#primaryimage"},"image":{"@id":"https:\/\/www.accuratereviews.com\/it\/piattaforme-didattica-distanza\/conexed-recensione\/#primaryimage"},"thumbnailUrl":"https:\/\/www.accuratereviews.com\/wp-content\/uploads\/2020\/09\/conexed.jpg","datePublished":"2020-09-28T11:19:01+00:00","dateModified":"2021-02-03T16:00:52+00:00","description":"ConexED: recensione soluzione basata su cloud progettata per assistere gli studenti con la pianificazione degli appuntamenti e la didattica.","breadcrumb":{"@id":"https:\/\/www.accuratereviews.com\/it\/piattaforme-didattica-distanza\/conexed-recensione\/#breadcrumb"},"inLanguage":"it-IT","potentialAction":[{"@type":"ReadAction","target":["https:\/\/www.accuratereviews.com\/it\/piattaforme-didattica-distanza\/conexed-recensione\/"]}]},{"@type":"ImageObject","inLanguage":"it-IT","@id":"https:\/\/www.accuratereviews.com\/it\/piattaforme-didattica-distanza\/conexed-recensione\/#primaryimage","url":"https:\/\/www.accuratereviews.com\/wp-content\/uploads\/2020\/09\/conexed.jpg","contentUrl":"https:\/\/www.accuratereviews.com\/wp-content\/uploads\/2020\/09\/conexed.jpg","width":1280,"height":720},{"@type":"BreadcrumbList","@id":"https:\/\/www.accuratereviews.com\/it\/piattaforme-didattica-distanza\/conexed-recensione\/#breadcrumb","itemListElement":[{"@type":"ListItem","position":1,"name":"Home","item":"https:\/\/www.accuratereviews.com\/it\/"},{"@type":"ListItem","position":2,"name":"Piattaforme per la didattica a distanza","item":"https:\/\/www.accuratereviews.com\/it\/piattaforme-didattica-distanza\/"},{"@type":"ListItem","position":3,"name":"ConexED"}]},{"@type":"WebSite","@id":"https:\/\/www.accuratereviews.com\/it\/#website","url":"https:\/\/www.accuratereviews.com\/it\/","name":"Accurate Reviews","description":"","potentialAction":[{"@type":"SearchAction","target":{"@type":"EntryPoint","urlTemplate":"https:\/\/www.accuratereviews.com\/it\/?s={search_term_string}"},"query-input":{"@type":"PropertyValueSpecification","valueRequired":true,"valueName":"search_term_string"}}],"inLanguage":"it-IT"}]}},"_links":{"self":[{"href":"https:\/\/www.accuratereviews.com\/it\/wp-json\/wp\/v2\/pages\/30606","targetHints":{"allow":["GET"]}}],"collection":[{"href":"https:\/\/www.accuratereviews.com\/it\/wp-json\/wp\/v2\/pages"}],"about":[{"href":"https:\/\/www.accuratereviews.com\/it\/wp-json\/wp\/v2\/types\/page"}],"author":[{"embeddable":true,"href":"https:\/\/www.accuratereviews.com\/it\/wp-json\/wp\/v2\/users\/19"}],"replies":[{"embeddable":true,"href":"https:\/\/www.accuratereviews.com\/it\/wp-json\/wp\/v2\/comments?post=30606"}],"version-history":[{"count":10,"href":"https:\/\/www.accuratereviews.com\/it\/wp-json\/wp\/v2\/pages\/30606\/revisions"}],"predecessor-version":[{"id":36696,"href":"https:\/\/www.accuratereviews.com\/it\/wp-json\/wp\/v2\/pages\/30606\/revisions\/36696"}],"up":[{"embeddable":true,"href":"https:\/\/www.accuratereviews.com\/it\/wp-json\/wp\/v2\/pages\/30279"}],"wp:featuredmedia":[{"embeddable":true,"href":"https:\/\/www.accuratereviews.com\/it\/wp-json\/wp\/v2\/media\/30607"}],"wp:attachment":[{"href":"https:\/\/www.accuratereviews.com\/it\/wp-json\/wp\/v2\/media?parent=30606"}],"wp:term":[{"taxonomy":"category","embeddable":true,"href":"https:\/\/www.accuratereviews.com\/it\/wp-json\/wp\/v2\/categories?post=30606"},{"taxonomy":"post_tag","embeddable":true,"href":"https:\/\/www.accuratereviews.com\/it\/wp-json\/wp\/v2\/tags?post=30606"},{"taxonomy":"features","embeddable":true,"href":"https:\/\/www.accuratereviews.com\/it\/wp-json\/wp\/v2\/features?post=30606"}],"curies":[{"name":"wp","href":"https:\/\/api.w.org\/{rel}","templated":true}]}}