{"id":30623,"date":"2020-09-29T10:40:27","date_gmt":"2020-09-29T10:40:27","guid":{"rendered":"https:\/\/www.accuratereviews.com\/?page_id=30623"},"modified":"2021-02-03T16:15:40","modified_gmt":"2021-02-03T16:15:40","slug":"enrollware-recensione","status":"publish","type":"page","link":"https:\/\/www.accuratereviews.com\/it\/piattaforme-didattica-distanza\/enrollware-recensione\/","title":{"rendered":"Enrollware"},"content":{"rendered":"<p><strong>Enrollware<\/strong> \u00e8 un software che aiuta<strong> la registrazione, la pianificazione e la gestione dei corsi online<\/strong> dei centri e dei siti di formazione dell&#8217;American Heart Association (AHA).\u00a0La tecnologia offre strumenti intuitivi per automatizzare la registrazione manuale del corso, l&#8217;elaborazione dei pagamenti, la gestione degli elenchi e l&#8217;archiviazione dei dati. Le sue funzionalit\u00e0 complete abilitate per il web sono sviluppate, gestite e ospitate su server in un data center sicuro e moderno a cui gli utenti possono accedere in qualsiasi momento.\u00a0Enrollware mira ad aiutare i fornitori di AHA a risparmiare tempo e budget, poich\u00e9 queste sono le risorse comunemente interessate dalla manutenzione di software, server e data center obsoleti. Gli utenti possono anche personalizzare la loro funzione di registrazione e integrarla perfettamente nel loro sito web. Ci\u00f2 consente ai visitatori del sito di monitorare le offerte di classe, gli orari, acquistare i materiali del corso e molto altro.<\/p>\n<h2>ENROLLWARE &#8211; TUTORIAL<\/h2>\n<p>Guardiamo insieme il tutorial che mostra come utilizzare questo <strong>software di didattica<\/strong>:<\/p>\n<div id=\"fluid-wrapper-counter-1\" class=\"g1-fluid-wrapper \" style=\"width:686px;\">\n<div style=\"padding-bottom:56.268221574344%;\"><iframe loading=\"lazy\" title=\"Enrollware Tutorial\" width=\"515\" height=\"386\" src=\"https:\/\/www.youtube.com\/embed\/GHeHQaPgrJY?feature=oembed&amp;wmode=transparent&amp;autohide=1&amp;autoplay=0&amp;disablekb=0&amp;fs=1&amp;loop=0&amp;enablejsapi=1&amp;rel=0&amp;controls=2&amp;showinfo=0&amp;wmode=transparent&amp;autohide=2&amp;autoplay=0&amp;disablekb=0&amp;fs=1&amp;loop=0&amp;enablejsapi=1&amp;rel=0&amp;controls=2&amp;showinfo=1\" frameborder=\"0\" allow=\"accelerometer; autoplay; clipboard-write; encrypted-media; gyroscope; picture-in-picture\" allowfullscreen><\/iframe><\/div>\n<\/div>\n<h3>ENROLLWARE &#8211; CARATTERISTICHE<\/h3>\n<ul>\n<li>Gestisci le tue lezioni con un browser web da qualsiasi luogo e in qualsiasi momento<\/li>\n<li>Le lezioni complete o passate vengono automaticamente chiuse ai nuovi iscritti, quindi non avrai mai un programma di lezioni obsoleto sul tuo sito<\/li>\n<li>Il sistema di campagne email ti consente di rimanere in contatto con gli studenti prima e dopo la lezione<\/li>\n<li>I caricamenti di documenti digitali eliminano i file cartacei e forniscono l&#8217;accesso con un clic ai tuoi record<\/li>\n<li>Domande di registrazione personalizzabili per soddisfare le tue esigenze<\/li>\n<li>Elaborazione dei pagamenti in tempo reale<\/li>\n<li>I prodotti aggiuntivi flessibili aumentano le entrate per studente<\/li>\n<li>Email di conferma, promemoria e rinnovo automatici<\/li>\n<li>Viste opzionali del calendario o dell&#8217;elenco delle classi<\/li>\n<li>Gestione completa dei record dell&#8217;istruttore<\/li>\n<li>Presentazione della lista degli affiliati online<\/li>\n<li>Automatizza l&#8217;acquisto di eCard e prodotti AHA da affiliati e siti di formazione<\/li>\n<li>Emissione di eCard AHA facile e precisa<\/li>\n<li>Vendita di codici chiave AHA online<\/li>\n<li>Supporta ACLS, BLS, PALS, Heartsaver e altre discipline personalizzate<\/li>\n<\/ul>\n<h4>LE RECENSIONI DEGLI UTENTI<\/h4>\n<h4 class=\"font-weight-bold mb-1 d-flex align-items-center\">Pamela F.&#8221;AMIAMO L&#8217;ISCRIZIONE!&#8221;<\/h4>\n<p><strong>Commenti: <\/strong>La registrazione della classe \u00e8 impeccabile. Adoro la possibilit\u00e0 di inserire alcune lezioni sul nostro sito web, altre possiamo inviare un collegamento di classe personale, offrire codici promozionali ai nostri clienti selezionati e personalizzare tutte le descrizioni e le conferme del corso. Uno dei maggiori vantaggi \u00e8 la possibilit\u00e0 di inviare promemoria ai nostri studenti dicendo loro che \u00e8 ora di registrarsi per un altro corso. Questo \u00e8 molto vantaggioso e non richiede tempo per i dipendenti, \u00e8 automatico.<\/p>\n<p><strong>Vantaggi: <\/strong>La mia azienda utilizza Enrollware esattamente da 5 anni e abbiamo ricevuto un eccellente servizio clienti e supporto sin dal primo giorno! Essendo io stesso il titolare di un&#8217;attivit\u00e0, comprendo e mi aspetto un buon servizio clienti e il team di Enrollware non mi ha mai deluso. Abbiamo indicato a tante altre societ\u00e0 di utilizzare il software. \u00c8 infinito nelle sue possibilit\u00e0. Per il nostro account, abbiamo oltre 250 utenti e gestiamo 10.000 di classi, studenti e attrezzature. \u00c8 impeccabile e quindi adattabile alle nostre esigenze. Molto colpito e soddisfatto di tutto ci\u00f2 che offre. Grazie Enrollware per aver reso le nostre vite pi\u00f9 facili !!<\/p>\n<p><strong>Inconvenienti: <\/strong>Non c&#8217;\u00e8 niente che non mi piaccia di Enrollware, assolutamente perfetto e che soddisfa tutte le nostre esigenze.<\/p>\n<h4 class=\"font-weight-bold mb-1 d-flex align-items-center\">Jeanine H.&#8221;Ottimo programma per la registrazione ai corsi online&#8221;<\/h4>\n<p><strong>Commenti: <\/strong>Con Enrollware siamo stati in grado di risolvere problemi che comportavano la duplicazione degli sforzi e l&#8217;incapacit\u00e0 di vedere e condividere facilmente il completamento del corso degli studenti. Questo ha superato le nostre aspettative.<\/p>\n<p><strong>Vantaggi: <\/strong>Enrollware \u00e8 stato un ottimo programma per il nostro centro di formazione per gestire le registrazioni e rimanere in contatto con i nostri studenti attraverso un programma completo di gestione delle registrazioni. La capacit\u00e0 di inviare conferme automatiche del corso e informazioni mirate sul corso a specifiche popolazioni di studenti ha semplificato il nostro carico di lavoro e ci ha permesso di concentrarci su ci\u00f2 che sappiamo fare meglio: fornire formazione di qualit\u00e0. Il sistema \u00e8 stato impeccabile.<\/p>\n<p><strong>Inconvenienti: <\/strong>Non ci sono svantaggi per noi che lavoriamo con Enrollware. L&#8217;assistenza clienti \u00e8 favolosa e quando troviamo una necessit\u00e0, sono stati super veloci nell&#8217;aiutarci a trovare una soluzione.<\/p>\n<h4 class=\"font-weight-bold mb-1 d-flex align-items-center\">Chris M.&#8221;Tutte le tue lezioni in un&#8217;unica comoda posizione.&#8221;<\/h4>\n<p><strong>Commenti: <\/strong>Nel complesso, la mia esperienza \u00e8 stata molto positiva con Enrollware. Essere in grado di monitorare accuratamente la registrazione degli studenti e pianificare di conseguenza \u00e8 di grande aiuto per prepararsi a qualsiasi lezione.<\/p>\n<p><strong>Vantaggi: <\/strong>Posso facilmente vedere tutte le classi che insegner\u00f2 in un unico posto. Questo mi consente di pianificare di conseguenza e prepararmi per le dimensioni della classe. Posso anche visualizzare gli studenti e vedere chi ha e chi non ha pagato per le lezioni. Pu\u00f2 essere filtrato per includere solo istruttori particolari oppure puoi visualizzare facilmente tutte le classi e gli istruttori. La modifica delle informazioni sugli studenti \u00e8 semplice e facile. Il check-in degli studenti \u00e8 un gioco da ragazzi.<\/p>\n<p><strong>Inconvenienti: <\/strong>A seconda della velocit\u00e0 di Internet, il sito a volte pu\u00f2 non rispondere. Generalmente non \u00e8 un grosso problema a meno che tu non abbia a che fare con un gran numero di studenti o pagamenti.<\/p>\n<p>&nbsp;<\/p>\n","protected":false},"excerpt":{"rendered":"<p>Enrollware \u00e8 un software che aiuta la registrazione, la pianificazione e la gestione dei corsi online dei centri e dei siti di formazione dell&#8217;American Heart Association (AHA).\u00a0La tecnologia offre strumenti intuitivi per automatizzare la registrazione manuale del corso, l&#8217;elaborazione dei pagamenti, la gestione degli elenchi e l&#8217;archiviazione dei dati.<\/p>\n","protected":false},"author":19,"featured_media":30624,"parent":30279,"menu_order":0,"comment_status":"open","ping_status":"closed","template":"g1_template_page_review_new.php","meta":{"_acf_changed":false,"cwp_meta_box_check":"Yes","cwp_rev_product_name":"","cwp_rev_product_image":"","wppr_links":[],"cwp_rev_price":"","wppr_options":[],"wppr_pros":[],"wppr_cons":[],"_monsterinsights_skip_tracking":false,"_monsterinsights_sitenote_active":false,"_monsterinsights_sitenote_note":"","_monsterinsights_sitenote_category":0,"footnotes":""},"categories":[3634],"tags":[3724,3728,3727,3725,3726],"features":[],"class_list":{"0":"post-30623","1":"page","2":"type-page","3":"status-publish","4":"has-post-thumbnail","6":"category-piattaforme-per-la-didattica-a-distanza-categoria","7":"tag-enrollware","8":"tag-piattaforma-di-didattica","9":"tag-programma-di-didattica","10":"tag-software-di-didattica","11":"tag-soluzione-di-didattica"},"wppr_data":{"cwp_meta_box_check":"Yes","cwp_rev_product_name":"","cwp_rev_product_image":"","cwp_image_link":"image","cwp_rev_price":"","wppr_rating":"0.00"},"acf":[],"yoast_head":"<!-- This site is optimized with the Yoast SEO plugin v27.4 - https:\/\/yoast.com\/product\/yoast-seo-wordpress\/ -->\n<title>Enrollware: recensione software di didattica a distanza - Accurate Reviews<\/title>\n<meta name=\"description\" content=\"Enrollware: recensione software che aiuta la registrazione, la pianificazione e la gestione dei corsi online dei centri di formazione AHA.\" \/>\n<meta name=\"robots\" content=\"index, follow, max-snippet:-1, max-image-preview:large, max-video-preview:-1\" \/>\n<link rel=\"canonical\" href=\"https:\/\/www.accuratereviews.com\/it\/piattaforme-didattica-distanza\/enrollware-recensione\/\" \/>\n<meta property=\"og:locale\" content=\"it_IT\" \/>\n<meta property=\"og:type\" content=\"article\" \/>\n<meta property=\"og:title\" content=\"Enrollware: recensione software di didattica a distanza - Accurate Reviews\" \/>\n<meta property=\"og:description\" content=\"Enrollware: recensione software che aiuta la registrazione, la pianificazione e la gestione dei corsi online dei centri di formazione AHA.\" \/>\n<meta property=\"og:url\" content=\"https:\/\/www.accuratereviews.com\/it\/piattaforme-didattica-distanza\/enrollware-recensione\/\" \/>\n<meta property=\"og:site_name\" content=\"Accurate Reviews\" \/>\n<meta property=\"article:modified_time\" content=\"2021-02-03T16:15:40+00:00\" \/>\n<meta property=\"og:image\" content=\"https:\/\/www.accuratereviews.com\/wp-content\/uploads\/2020\/09\/Enrollware.jpg\" \/>\n\t<meta property=\"og:image:width\" content=\"500\" \/>\n\t<meta property=\"og:image:height\" content=\"500\" \/>\n\t<meta property=\"og:image:type\" content=\"image\/jpeg\" \/>\n<meta name=\"twitter:card\" content=\"summary_large_image\" \/>\n<meta name=\"twitter:label1\" content=\"Tempo di lettura stimato\" \/>\n\t<meta name=\"twitter:data1\" content=\"4 minuti\" \/>\n<script type=\"application\/ld+json\" class=\"yoast-schema-graph\">{\"@context\":\"https:\\\/\\\/schema.org\",\"@graph\":[{\"@type\":\"WebPage\",\"@id\":\"https:\\\/\\\/www.accuratereviews.com\\\/it\\\/piattaforme-didattica-distanza\\\/enrollware-recensione\\\/\",\"url\":\"https:\\\/\\\/www.accuratereviews.com\\\/it\\\/piattaforme-didattica-distanza\\\/enrollware-recensione\\\/\",\"name\":\"Enrollware: recensione software di didattica a distanza - Accurate Reviews\",\"isPartOf\":{\"@id\":\"https:\\\/\\\/www.accuratereviews.com\\\/it\\\/#website\"},\"primaryImageOfPage\":{\"@id\":\"https:\\\/\\\/www.accuratereviews.com\\\/it\\\/piattaforme-didattica-distanza\\\/enrollware-recensione\\\/#primaryimage\"},\"image\":{\"@id\":\"https:\\\/\\\/www.accuratereviews.com\\\/it\\\/piattaforme-didattica-distanza\\\/enrollware-recensione\\\/#primaryimage\"},\"thumbnailUrl\":\"https:\\\/\\\/www.accuratereviews.com\\\/wp-content\\\/uploads\\\/2020\\\/09\\\/Enrollware.jpg\",\"datePublished\":\"2020-09-29T10:40:27+00:00\",\"dateModified\":\"2021-02-03T16:15:40+00:00\",\"description\":\"Enrollware: recensione software che aiuta la registrazione, la pianificazione e la gestione dei corsi online dei centri di formazione AHA.\",\"breadcrumb\":{\"@id\":\"https:\\\/\\\/www.accuratereviews.com\\\/it\\\/piattaforme-didattica-distanza\\\/enrollware-recensione\\\/#breadcrumb\"},\"inLanguage\":\"it-IT\",\"potentialAction\":[{\"@type\":\"ReadAction\",\"target\":[\"https:\\\/\\\/www.accuratereviews.com\\\/it\\\/piattaforme-didattica-distanza\\\/enrollware-recensione\\\/\"]}]},{\"@type\":\"ImageObject\",\"inLanguage\":\"it-IT\",\"@id\":\"https:\\\/\\\/www.accuratereviews.com\\\/it\\\/piattaforme-didattica-distanza\\\/enrollware-recensione\\\/#primaryimage\",\"url\":\"https:\\\/\\\/www.accuratereviews.com\\\/wp-content\\\/uploads\\\/2020\\\/09\\\/Enrollware.jpg\",\"contentUrl\":\"https:\\\/\\\/www.accuratereviews.com\\\/wp-content\\\/uploads\\\/2020\\\/09\\\/Enrollware.jpg\",\"width\":500,\"height\":500},{\"@type\":\"BreadcrumbList\",\"@id\":\"https:\\\/\\\/www.accuratereviews.com\\\/it\\\/piattaforme-didattica-distanza\\\/enrollware-recensione\\\/#breadcrumb\",\"itemListElement\":[{\"@type\":\"ListItem\",\"position\":1,\"name\":\"Home\",\"item\":\"https:\\\/\\\/www.accuratereviews.com\\\/it\\\/\"},{\"@type\":\"ListItem\",\"position\":2,\"name\":\"Piattaforme per la didattica a distanza\",\"item\":\"https:\\\/\\\/www.accuratereviews.com\\\/it\\\/piattaforme-didattica-distanza\\\/\"},{\"@type\":\"ListItem\",\"position\":3,\"name\":\"Enrollware\"}]},{\"@type\":\"WebSite\",\"@id\":\"https:\\\/\\\/www.accuratereviews.com\\\/it\\\/#website\",\"url\":\"https:\\\/\\\/www.accuratereviews.com\\\/it\\\/\",\"name\":\"Accurate Reviews\",\"description\":\"\",\"potentialAction\":[{\"@type\":\"SearchAction\",\"target\":{\"@type\":\"EntryPoint\",\"urlTemplate\":\"https:\\\/\\\/www.accuratereviews.com\\\/it\\\/?s={search_term_string}\"},\"query-input\":{\"@type\":\"PropertyValueSpecification\",\"valueRequired\":true,\"valueName\":\"search_term_string\"}}],\"inLanguage\":\"it-IT\"}]}<\/script>\n<!-- \/ Yoast SEO plugin. -->","yoast_head_json":{"title":"Enrollware: recensione software di didattica a distanza - Accurate Reviews","description":"Enrollware: recensione software che aiuta la registrazione, la pianificazione e la gestione dei corsi online dei centri di formazione AHA.","robots":{"index":"index","follow":"follow","max-snippet":"max-snippet:-1","max-image-preview":"max-image-preview:large","max-video-preview":"max-video-preview:-1"},"canonical":"https:\/\/www.accuratereviews.com\/it\/piattaforme-didattica-distanza\/enrollware-recensione\/","og_locale":"it_IT","og_type":"article","og_title":"Enrollware: recensione software di didattica a distanza - Accurate Reviews","og_description":"Enrollware: recensione software che aiuta la registrazione, la pianificazione e la gestione dei corsi online dei centri di formazione AHA.","og_url":"https:\/\/www.accuratereviews.com\/it\/piattaforme-didattica-distanza\/enrollware-recensione\/","og_site_name":"Accurate Reviews","article_modified_time":"2021-02-03T16:15:40+00:00","og_image":[{"width":500,"height":500,"url":"https:\/\/www.accuratereviews.com\/wp-content\/uploads\/2020\/09\/Enrollware.jpg","type":"image\/jpeg"}],"twitter_card":"summary_large_image","twitter_misc":{"Tempo di lettura stimato":"4 minuti"},"schema":{"@context":"https:\/\/schema.org","@graph":[{"@type":"WebPage","@id":"https:\/\/www.accuratereviews.com\/it\/piattaforme-didattica-distanza\/enrollware-recensione\/","url":"https:\/\/www.accuratereviews.com\/it\/piattaforme-didattica-distanza\/enrollware-recensione\/","name":"Enrollware: recensione software di didattica a distanza - Accurate Reviews","isPartOf":{"@id":"https:\/\/www.accuratereviews.com\/it\/#website"},"primaryImageOfPage":{"@id":"https:\/\/www.accuratereviews.com\/it\/piattaforme-didattica-distanza\/enrollware-recensione\/#primaryimage"},"image":{"@id":"https:\/\/www.accuratereviews.com\/it\/piattaforme-didattica-distanza\/enrollware-recensione\/#primaryimage"},"thumbnailUrl":"https:\/\/www.accuratereviews.com\/wp-content\/uploads\/2020\/09\/Enrollware.jpg","datePublished":"2020-09-29T10:40:27+00:00","dateModified":"2021-02-03T16:15:40+00:00","description":"Enrollware: recensione software che aiuta la registrazione, la pianificazione e la gestione dei corsi online dei centri di formazione AHA.","breadcrumb":{"@id":"https:\/\/www.accuratereviews.com\/it\/piattaforme-didattica-distanza\/enrollware-recensione\/#breadcrumb"},"inLanguage":"it-IT","potentialAction":[{"@type":"ReadAction","target":["https:\/\/www.accuratereviews.com\/it\/piattaforme-didattica-distanza\/enrollware-recensione\/"]}]},{"@type":"ImageObject","inLanguage":"it-IT","@id":"https:\/\/www.accuratereviews.com\/it\/piattaforme-didattica-distanza\/enrollware-recensione\/#primaryimage","url":"https:\/\/www.accuratereviews.com\/wp-content\/uploads\/2020\/09\/Enrollware.jpg","contentUrl":"https:\/\/www.accuratereviews.com\/wp-content\/uploads\/2020\/09\/Enrollware.jpg","width":500,"height":500},{"@type":"BreadcrumbList","@id":"https:\/\/www.accuratereviews.com\/it\/piattaforme-didattica-distanza\/enrollware-recensione\/#breadcrumb","itemListElement":[{"@type":"ListItem","position":1,"name":"Home","item":"https:\/\/www.accuratereviews.com\/it\/"},{"@type":"ListItem","position":2,"name":"Piattaforme per la didattica a distanza","item":"https:\/\/www.accuratereviews.com\/it\/piattaforme-didattica-distanza\/"},{"@type":"ListItem","position":3,"name":"Enrollware"}]},{"@type":"WebSite","@id":"https:\/\/www.accuratereviews.com\/it\/#website","url":"https:\/\/www.accuratereviews.com\/it\/","name":"Accurate Reviews","description":"","potentialAction":[{"@type":"SearchAction","target":{"@type":"EntryPoint","urlTemplate":"https:\/\/www.accuratereviews.com\/it\/?s={search_term_string}"},"query-input":{"@type":"PropertyValueSpecification","valueRequired":true,"valueName":"search_term_string"}}],"inLanguage":"it-IT"}]}},"_links":{"self":[{"href":"https:\/\/www.accuratereviews.com\/it\/wp-json\/wp\/v2\/pages\/30623","targetHints":{"allow":["GET"]}}],"collection":[{"href":"https:\/\/www.accuratereviews.com\/it\/wp-json\/wp\/v2\/pages"}],"about":[{"href":"https:\/\/www.accuratereviews.com\/it\/wp-json\/wp\/v2\/types\/page"}],"author":[{"embeddable":true,"href":"https:\/\/www.accuratereviews.com\/it\/wp-json\/wp\/v2\/users\/19"}],"replies":[{"embeddable":true,"href":"https:\/\/www.accuratereviews.com\/it\/wp-json\/wp\/v2\/comments?post=30623"}],"version-history":[{"count":10,"href":"https:\/\/www.accuratereviews.com\/it\/wp-json\/wp\/v2\/pages\/30623\/revisions"}],"predecessor-version":[{"id":36705,"href":"https:\/\/www.accuratereviews.com\/it\/wp-json\/wp\/v2\/pages\/30623\/revisions\/36705"}],"up":[{"embeddable":true,"href":"https:\/\/www.accuratereviews.com\/it\/wp-json\/wp\/v2\/pages\/30279"}],"wp:featuredmedia":[{"embeddable":true,"href":"https:\/\/www.accuratereviews.com\/it\/wp-json\/wp\/v2\/media\/30624"}],"wp:attachment":[{"href":"https:\/\/www.accuratereviews.com\/it\/wp-json\/wp\/v2\/media?parent=30623"}],"wp:term":[{"taxonomy":"category","embeddable":true,"href":"https:\/\/www.accuratereviews.com\/it\/wp-json\/wp\/v2\/categories?post=30623"},{"taxonomy":"post_tag","embeddable":true,"href":"https:\/\/www.accuratereviews.com\/it\/wp-json\/wp\/v2\/tags?post=30623"},{"taxonomy":"features","embeddable":true,"href":"https:\/\/www.accuratereviews.com\/it\/wp-json\/wp\/v2\/features?post=30623"}],"curies":[{"name":"wp","href":"https:\/\/api.w.org\/{rel}","templated":true}]}}