{"id":30667,"date":"2020-09-30T09:30:47","date_gmt":"2020-09-30T09:30:47","guid":{"rendered":"https:\/\/www.accuratereviews.com\/?page_id=30667"},"modified":"2020-09-30T09:30:47","modified_gmt":"2020-09-30T09:30:47","slug":"fastreel-recensione","status":"publish","type":"page","link":"https:\/\/www.accuratereviews.com\/it\/video-editing-lista-software\/fastreel-recensione\/","title":{"rendered":"Fastreel"},"content":{"rendered":"<p><strong>Fastreel<\/strong> \u00e8 un <strong>editor online<\/strong> che ti aiuter\u00e0 a <strong>tagliare, comprimere<\/strong> <strong>video<\/strong> e altro ancora. Con questo <strong>software<\/strong>, puoi creare una <strong>presentazione<\/strong>, eliminare filmati indesiderati e modificare la <strong>velocit\u00e0<\/strong> del video. Grazie all&#8217;interfaccia user-friendly, il programma \u00e8 <strong>facile<\/strong> da navigare. Tutto quello che devi fare \u00e8 caricare i tuoi file su Fastreel e scegliere le impostazioni di base come la qualit\u00e0 o la velocit\u00e0 del video. Puoi anche utilizzare i modelli integrati per creare video a tema come clip di compleanno e matrimonio, pubblicit\u00e0, introduzioni e outro e altro ancora.<\/p>\n<p>Fastreel \u00e8 un <strong>programma<\/strong> online, quindi puoi usarlo su <strong>Mac e Windows<\/strong>.<\/p>\n<h2><strong>FASTREEL \u2013 TUTORIAL<\/strong><\/h2>\n<p>Diamo un&#8217;occhiata ad alcuni screenshot del programma.<\/p>\n<p>&nbsp;<\/p>\n<p><a href=\"https:\/\/www.accuratereviews.com\/wp-content\/uploads\/2020\/09\/Senza-titolo.png\"><img loading=\"lazy\" decoding=\"async\" class=\"alignnone size-full wp-image-30654\" src=\"https:\/\/www.accuratereviews.com\/wp-content\/uploads\/2020\/09\/Senza-titolo.png\" alt=\"\" width=\"936\" height=\"412\" srcset=\"https:\/\/www.accuratereviews.com\/wp-content\/uploads\/2020\/09\/Senza-titolo.png 936w, https:\/\/www.accuratereviews.com\/wp-content\/uploads\/2020\/09\/Senza-titolo-300x132.png 300w, https:\/\/www.accuratereviews.com\/wp-content\/uploads\/2020\/09\/Senza-titolo-768x338.png 768w, https:\/\/www.accuratereviews.com\/wp-content\/uploads\/2020\/09\/Senza-titolo-260x114.png 260w, https:\/\/www.accuratereviews.com\/wp-content\/uploads\/2020\/09\/Senza-titolo-50x22.png 50w, https:\/\/www.accuratereviews.com\/wp-content\/uploads\/2020\/09\/Senza-titolo-636x280.png 636w, https:\/\/www.accuratereviews.com\/wp-content\/uploads\/2020\/09\/Senza-titolo-320x141.png 320w, https:\/\/www.accuratereviews.com\/wp-content\/uploads\/2020\/09\/Senza-titolo-239x105.png 239w\" sizes=\"auto, (max-width: 936px) 100vw, 936px\" \/><\/a><\/p>\n<p><a href=\"https:\/\/www.accuratereviews.com\/wp-content\/uploads\/2020\/09\/Senza-titolo2.png\"><img loading=\"lazy\" decoding=\"async\" class=\"alignnone size-full wp-image-30658\" src=\"https:\/\/www.accuratereviews.com\/wp-content\/uploads\/2020\/09\/Senza-titolo2.png\" alt=\"\" width=\"936\" height=\"436\" srcset=\"https:\/\/www.accuratereviews.com\/wp-content\/uploads\/2020\/09\/Senza-titolo2.png 936w, https:\/\/www.accuratereviews.com\/wp-content\/uploads\/2020\/09\/Senza-titolo2-300x140.png 300w, https:\/\/www.accuratereviews.com\/wp-content\/uploads\/2020\/09\/Senza-titolo2-768x358.png 768w, https:\/\/www.accuratereviews.com\/wp-content\/uploads\/2020\/09\/Senza-titolo2-260x121.png 260w, https:\/\/www.accuratereviews.com\/wp-content\/uploads\/2020\/09\/Senza-titolo2-50x23.png 50w, https:\/\/www.accuratereviews.com\/wp-content\/uploads\/2020\/09\/Senza-titolo2-636x296.png 636w, https:\/\/www.accuratereviews.com\/wp-content\/uploads\/2020\/09\/Senza-titolo2-320x149.png 320w, https:\/\/www.accuratereviews.com\/wp-content\/uploads\/2020\/09\/Senza-titolo2-239x111.png 239w\" sizes=\"auto, (max-width: 936px) 100vw, 936px\" \/><\/a><\/p>\n<p><strong>FASTREEL \u2013 CARATTERISTICE<\/strong><\/p>\n<ul>\n<li>Taglia, ritaglia e ruota i video<\/li>\n<li>Unisci clip<\/li>\n<li>Disattiva i video e aggiungi una colonna sonora ai clip<\/li>\n<li>Crea presentazioni<\/li>\n<li>Realizza video in stop-motion<\/li>\n<li>Aggiungere testo e filigrane<\/li>\n<li>Utilizzare i modelli incorporati per creare video tematici<\/li>\n<\/ul>\n","protected":false},"excerpt":{"rendered":"<p>Fastreel \u00e8 un editor online che ti aiuter\u00e0 a tagliare, ritagliare e comprimere video e altro ancora. Con questo software, puoi creare una presentazione, eliminare filmati indesiderati e modificare la velocit\u00e0 del video. Grazie all&#8217;interfaccia user-friendly, il programma \u00e8 facile da navigare.<\/p>\n","protected":false},"author":19,"featured_media":30652,"parent":7571,"menu_order":0,"comment_status":"open","ping_status":"closed","template":"g1_template_page_review_new.php","meta":{"_acf_changed":false,"cwp_meta_box_check":"Yes","cwp_rev_product_name":"","cwp_rev_product_image":"","wppr_links":[],"cwp_rev_price":"","wppr_options":[],"wppr_pros":[],"wppr_cons":[],"_monsterinsights_skip_tracking":false,"_monsterinsights_sitenote_active":false,"_monsterinsights_sitenote_note":"","_monsterinsights_sitenote_category":0,"footnotes":""},"categories":[169],"tags":[3732,3733,580,3342,1244,232,1273,1629,3734],"features":[],"class_list":{"0":"post-30667","1":"page","2":"type-page","3":"status-publish","4":"has-post-thumbnail","6":"category-video-editing-software-it","7":"tag-fastreel-it","8":"tag-free-video-editing-software-it","9":"tag-gratis","10":"tag-piattaforma-video-editing","11":"tag-programma-video-editing","12":"tag-software-video-editing-gratuito","13":"tag-soluzione-video-editing","14":"tag-video-editing-software-it","15":"tag-video-editor-software-it"},"wppr_data":{"cwp_meta_box_check":"Yes","cwp_rev_product_name":"","cwp_rev_product_image":"","cwp_image_link":"image","cwp_rev_price":"","wppr_rating":"0.00"},"acf":[],"yoast_head":"<!-- This site is optimized with the Yoast SEO plugin v27.4 - https:\/\/yoast.com\/product\/yoast-seo-wordpress\/ -->\n<title>Fastreel: recensione software video editing- Accurate Reviews<\/title>\n<meta name=\"description\" content=\"Fastreel: recensione fantastico editor online che ti aiuter\u00e0 a tagliare, ritagliare e comprimere video e altro ancora.\" \/>\n<meta name=\"robots\" content=\"index, follow, max-snippet:-1, max-image-preview:large, max-video-preview:-1\" \/>\n<link rel=\"canonical\" href=\"https:\/\/www.accuratereviews.com\/it\/video-editing-lista-software\/fastreel-recensione\/\" \/>\n<meta property=\"og:locale\" content=\"it_IT\" \/>\n<meta property=\"og:type\" content=\"article\" \/>\n<meta property=\"og:title\" content=\"Fastreel: recensione software video editing- Accurate Reviews\" \/>\n<meta property=\"og:description\" content=\"Fastreel: recensione fantastico editor online che ti aiuter\u00e0 a tagliare, ritagliare e comprimere video e altro ancora.\" \/>\n<meta property=\"og:url\" content=\"https:\/\/www.accuratereviews.com\/it\/video-editing-lista-software\/fastreel-recensione\/\" \/>\n<meta property=\"og:site_name\" content=\"Accurate Reviews\" \/>\n<meta property=\"og:image\" content=\"https:\/\/www.accuratereviews.com\/wp-content\/uploads\/2020\/09\/Schermata-2020-09-30-alle-10.00.51.png\" \/>\n\t<meta property=\"og:image:width\" content=\"1884\" \/>\n\t<meta property=\"og:image:height\" content=\"298\" \/>\n\t<meta property=\"og:image:type\" content=\"image\/png\" \/>\n<meta name=\"twitter:card\" content=\"summary_large_image\" \/>\n<meta name=\"twitter:label1\" content=\"Tempo di lettura stimato\" \/>\n\t<meta name=\"twitter:data1\" content=\"1 minuto\" \/>\n<script type=\"application\/ld+json\" class=\"yoast-schema-graph\">{\"@context\":\"https:\\\/\\\/schema.org\",\"@graph\":[{\"@type\":\"WebPage\",\"@id\":\"https:\\\/\\\/www.accuratereviews.com\\\/it\\\/video-editing-lista-software\\\/fastreel-recensione\\\/\",\"url\":\"https:\\\/\\\/www.accuratereviews.com\\\/it\\\/video-editing-lista-software\\\/fastreel-recensione\\\/\",\"name\":\"Fastreel: recensione software video editing- Accurate Reviews\",\"isPartOf\":{\"@id\":\"https:\\\/\\\/www.accuratereviews.com\\\/it\\\/#website\"},\"primaryImageOfPage\":{\"@id\":\"https:\\\/\\\/www.accuratereviews.com\\\/it\\\/video-editing-lista-software\\\/fastreel-recensione\\\/#primaryimage\"},\"image\":{\"@id\":\"https:\\\/\\\/www.accuratereviews.com\\\/it\\\/video-editing-lista-software\\\/fastreel-recensione\\\/#primaryimage\"},\"thumbnailUrl\":\"https:\\\/\\\/www.accuratereviews.com\\\/wp-content\\\/uploads\\\/2020\\\/09\\\/Schermata-2020-09-30-alle-10.00.51.png\",\"datePublished\":\"2020-09-30T09:30:47+00:00\",\"description\":\"Fastreel: recensione fantastico editor online che ti aiuter\u00e0 a tagliare, ritagliare e comprimere video e altro ancora.\",\"breadcrumb\":{\"@id\":\"https:\\\/\\\/www.accuratereviews.com\\\/it\\\/video-editing-lista-software\\\/fastreel-recensione\\\/#breadcrumb\"},\"inLanguage\":\"it-IT\",\"potentialAction\":[{\"@type\":\"ReadAction\",\"target\":[\"https:\\\/\\\/www.accuratereviews.com\\\/it\\\/video-editing-lista-software\\\/fastreel-recensione\\\/\"]}]},{\"@type\":\"ImageObject\",\"inLanguage\":\"it-IT\",\"@id\":\"https:\\\/\\\/www.accuratereviews.com\\\/it\\\/video-editing-lista-software\\\/fastreel-recensione\\\/#primaryimage\",\"url\":\"https:\\\/\\\/www.accuratereviews.com\\\/wp-content\\\/uploads\\\/2020\\\/09\\\/Schermata-2020-09-30-alle-10.00.51.png\",\"contentUrl\":\"https:\\\/\\\/www.accuratereviews.com\\\/wp-content\\\/uploads\\\/2020\\\/09\\\/Schermata-2020-09-30-alle-10.00.51.png\",\"width\":1884,\"height\":298},{\"@type\":\"BreadcrumbList\",\"@id\":\"https:\\\/\\\/www.accuratereviews.com\\\/it\\\/video-editing-lista-software\\\/fastreel-recensione\\\/#breadcrumb\",\"itemListElement\":[{\"@type\":\"ListItem\",\"position\":1,\"name\":\"Home\",\"item\":\"https:\\\/\\\/www.accuratereviews.com\\\/it\\\/\"},{\"@type\":\"ListItem\",\"position\":2,\"name\":\"Software per il video editing\",\"item\":\"https:\\\/\\\/www.accuratereviews.com\\\/it\\\/video-editing-lista-software\\\/\"},{\"@type\":\"ListItem\",\"position\":3,\"name\":\"Fastreel\"}]},{\"@type\":\"WebSite\",\"@id\":\"https:\\\/\\\/www.accuratereviews.com\\\/it\\\/#website\",\"url\":\"https:\\\/\\\/www.accuratereviews.com\\\/it\\\/\",\"name\":\"Accurate Reviews\",\"description\":\"\",\"potentialAction\":[{\"@type\":\"SearchAction\",\"target\":{\"@type\":\"EntryPoint\",\"urlTemplate\":\"https:\\\/\\\/www.accuratereviews.com\\\/it\\\/?s={search_term_string}\"},\"query-input\":{\"@type\":\"PropertyValueSpecification\",\"valueRequired\":true,\"valueName\":\"search_term_string\"}}],\"inLanguage\":\"it-IT\"}]}<\/script>\n<!-- \/ Yoast SEO plugin. -->","yoast_head_json":{"title":"Fastreel: recensione software video editing- Accurate Reviews","description":"Fastreel: recensione fantastico editor online che ti aiuter\u00e0 a tagliare, ritagliare e comprimere video e altro ancora.","robots":{"index":"index","follow":"follow","max-snippet":"max-snippet:-1","max-image-preview":"max-image-preview:large","max-video-preview":"max-video-preview:-1"},"canonical":"https:\/\/www.accuratereviews.com\/it\/video-editing-lista-software\/fastreel-recensione\/","og_locale":"it_IT","og_type":"article","og_title":"Fastreel: recensione software video editing- Accurate Reviews","og_description":"Fastreel: recensione fantastico editor online che ti aiuter\u00e0 a tagliare, ritagliare e comprimere video e altro ancora.","og_url":"https:\/\/www.accuratereviews.com\/it\/video-editing-lista-software\/fastreel-recensione\/","og_site_name":"Accurate Reviews","og_image":[{"width":1884,"height":298,"url":"https:\/\/www.accuratereviews.com\/wp-content\/uploads\/2020\/09\/Schermata-2020-09-30-alle-10.00.51.png","type":"image\/png"}],"twitter_card":"summary_large_image","twitter_misc":{"Tempo di lettura stimato":"1 minuto"},"schema":{"@context":"https:\/\/schema.org","@graph":[{"@type":"WebPage","@id":"https:\/\/www.accuratereviews.com\/it\/video-editing-lista-software\/fastreel-recensione\/","url":"https:\/\/www.accuratereviews.com\/it\/video-editing-lista-software\/fastreel-recensione\/","name":"Fastreel: recensione software video editing- Accurate Reviews","isPartOf":{"@id":"https:\/\/www.accuratereviews.com\/it\/#website"},"primaryImageOfPage":{"@id":"https:\/\/www.accuratereviews.com\/it\/video-editing-lista-software\/fastreel-recensione\/#primaryimage"},"image":{"@id":"https:\/\/www.accuratereviews.com\/it\/video-editing-lista-software\/fastreel-recensione\/#primaryimage"},"thumbnailUrl":"https:\/\/www.accuratereviews.com\/wp-content\/uploads\/2020\/09\/Schermata-2020-09-30-alle-10.00.51.png","datePublished":"2020-09-30T09:30:47+00:00","description":"Fastreel: recensione fantastico editor online che ti aiuter\u00e0 a tagliare, ritagliare e comprimere video e altro ancora.","breadcrumb":{"@id":"https:\/\/www.accuratereviews.com\/it\/video-editing-lista-software\/fastreel-recensione\/#breadcrumb"},"inLanguage":"it-IT","potentialAction":[{"@type":"ReadAction","target":["https:\/\/www.accuratereviews.com\/it\/video-editing-lista-software\/fastreel-recensione\/"]}]},{"@type":"ImageObject","inLanguage":"it-IT","@id":"https:\/\/www.accuratereviews.com\/it\/video-editing-lista-software\/fastreel-recensione\/#primaryimage","url":"https:\/\/www.accuratereviews.com\/wp-content\/uploads\/2020\/09\/Schermata-2020-09-30-alle-10.00.51.png","contentUrl":"https:\/\/www.accuratereviews.com\/wp-content\/uploads\/2020\/09\/Schermata-2020-09-30-alle-10.00.51.png","width":1884,"height":298},{"@type":"BreadcrumbList","@id":"https:\/\/www.accuratereviews.com\/it\/video-editing-lista-software\/fastreel-recensione\/#breadcrumb","itemListElement":[{"@type":"ListItem","position":1,"name":"Home","item":"https:\/\/www.accuratereviews.com\/it\/"},{"@type":"ListItem","position":2,"name":"Software per il video editing","item":"https:\/\/www.accuratereviews.com\/it\/video-editing-lista-software\/"},{"@type":"ListItem","position":3,"name":"Fastreel"}]},{"@type":"WebSite","@id":"https:\/\/www.accuratereviews.com\/it\/#website","url":"https:\/\/www.accuratereviews.com\/it\/","name":"Accurate Reviews","description":"","potentialAction":[{"@type":"SearchAction","target":{"@type":"EntryPoint","urlTemplate":"https:\/\/www.accuratereviews.com\/it\/?s={search_term_string}"},"query-input":{"@type":"PropertyValueSpecification","valueRequired":true,"valueName":"search_term_string"}}],"inLanguage":"it-IT"}]}},"_links":{"self":[{"href":"https:\/\/www.accuratereviews.com\/it\/wp-json\/wp\/v2\/pages\/30667","targetHints":{"allow":["GET"]}}],"collection":[{"href":"https:\/\/www.accuratereviews.com\/it\/wp-json\/wp\/v2\/pages"}],"about":[{"href":"https:\/\/www.accuratereviews.com\/it\/wp-json\/wp\/v2\/types\/page"}],"author":[{"embeddable":true,"href":"https:\/\/www.accuratereviews.com\/it\/wp-json\/wp\/v2\/users\/19"}],"replies":[{"embeddable":true,"href":"https:\/\/www.accuratereviews.com\/it\/wp-json\/wp\/v2\/comments?post=30667"}],"version-history":[{"count":4,"href":"https:\/\/www.accuratereviews.com\/it\/wp-json\/wp\/v2\/pages\/30667\/revisions"}],"predecessor-version":[{"id":30672,"href":"https:\/\/www.accuratereviews.com\/it\/wp-json\/wp\/v2\/pages\/30667\/revisions\/30672"}],"up":[{"embeddable":true,"href":"https:\/\/www.accuratereviews.com\/it\/wp-json\/wp\/v2\/pages\/7571"}],"wp:featuredmedia":[{"embeddable":true,"href":"https:\/\/www.accuratereviews.com\/it\/wp-json\/wp\/v2\/media\/30652"}],"wp:attachment":[{"href":"https:\/\/www.accuratereviews.com\/it\/wp-json\/wp\/v2\/media?parent=30667"}],"wp:term":[{"taxonomy":"category","embeddable":true,"href":"https:\/\/www.accuratereviews.com\/it\/wp-json\/wp\/v2\/categories?post=30667"},{"taxonomy":"post_tag","embeddable":true,"href":"https:\/\/www.accuratereviews.com\/it\/wp-json\/wp\/v2\/tags?post=30667"},{"taxonomy":"features","embeddable":true,"href":"https:\/\/www.accuratereviews.com\/it\/wp-json\/wp\/v2\/features?post=30667"}],"curies":[{"name":"wp","href":"https:\/\/api.w.org\/{rel}","templated":true}]}}