{"id":30711,"date":"2020-10-02T10:22:37","date_gmt":"2020-10-02T10:22:37","guid":{"rendered":"https:\/\/www.accuratereviews.com\/?page_id=30711"},"modified":"2021-02-03T16:54:17","modified_gmt":"2021-02-03T16:54:17","slug":"relay-classroom-recensione","status":"publish","type":"page","link":"https:\/\/www.accuratereviews.com\/it\/piattaforme-didattica-distanza\/relay-classroom-recensione\/","title":{"rendered":"Relay Classroom"},"content":{"rendered":"<p><strong>Relay Classroom<\/strong> \u00e8 un <strong>software di monitoraggio<\/strong> degli studenti, che aiuta gli istituti scolastici a monitorare le attivit\u00e0 degli alunni e limitare l&#8217;accesso a siti web o risorse online, garantendo un apprendimento mirato e il completamento tempestivo delle attivit\u00e0. Una piattaforma abilitata all&#8217;intelligenza artificiale (AI), consente alle organizzazioni di monitorare gli schermi degli studenti, la cronologia di navigazione, le schede del browser attive e condividere i collegamenti in tempo reale. La soluzione\u00a0include la funzionalit\u00e0 di controllo dello schermo, che consente agli insegnanti di gestire i dispositivi in \u200b\u200btutta la classe, bloccare le schermate, revocare o fornire l&#8217;accesso a siti web specifici e inviare URL di caricamento automatico. Altre caratteristiche sono le mappe termiche, funzionalit\u00e0 di filtro e ordinamento, registrazione dello schermo, insegnamento simultaneo, cronologia degli accessi e altro ancora.<\/p>\n<h2>RELAY CLASSROOM &#8211; TUTORIAL<\/h2>\n<p>Guarda la potenza di questo <strong>software di didattica a distanza<\/strong> mentre funziona armoniosamente con Google Classroom e Zoom in una demo didattica simulata:<\/p>\n<div id=\"fluid-wrapper-counter-1\" class=\"g1-fluid-wrapper \" style=\"width:686px;\">\n<div style=\"padding-bottom:56.268221574344%;\"><iframe loading=\"lazy\" title=\"Remote Learning With Lightpspeed Classroom Management\" width=\"686\" height=\"386\" src=\"https:\/\/www.youtube.com\/embed\/e0nFBXkvXbY?feature=oembed&amp;wmode=transparent&amp;autohide=1&amp;autoplay=0&amp;disablekb=0&amp;fs=1&amp;loop=0&amp;enablejsapi=1&amp;rel=0&amp;controls=2&amp;showinfo=0&amp;wmode=transparent&amp;autohide=2&amp;autoplay=0&amp;disablekb=0&amp;fs=1&amp;loop=0&amp;enablejsapi=1&amp;rel=0&amp;controls=2&amp;showinfo=1\" frameborder=\"0\" allow=\"accelerometer; autoplay; clipboard-write; encrypted-media; gyroscope; picture-in-picture\" allowfullscreen><\/iframe><\/div>\n<\/div>\n<h3>RELAY CLASSROOM &#8211; CARATTERISTICHE<\/h3>\n<ul>\n<li><strong>Facile decrittografia SSL<\/strong>: fornisci la decrittografia SSL per pi\u00f9 sistemi operativi senza proxy, PAC o certificati affidabili. Gli agenti intelligenti mettono la potenza di un filtro all&#8217;interno di ogni dispositivo<\/li>\n<li><strong>Filtro completo<\/strong>: analisi e rapporti su attivit\u00e0 web, contenuto digitato e contenuti multimediali sul web, inclusi YouTube, ricerca Google, documenti online e social media<\/li>\n<li><strong>Database AI<\/strong>: le classificazioni pi\u00f9 accurate e complete assicurano che i contenuti inappropriati vengano bloccati mentre i preziosi materiali didattici rimangono accessibili<\/li>\n<li><strong>Rapporti dinamici<\/strong>: ottieni dati di alto livello sull&#8217;uso del dispositivo o rapporti dettagliati e granulari sui singoli studenti. Lightspeed offre i rapporti pi\u00f9 potenti, fruibili e condivisibili<\/li>\n<li><strong>Controlli granulari di YouTube<\/strong>: consenti video educativi e blocca contenuti inappropriati, miniature e perdite di tempo, con un solo clic<\/li>\n<li><strong>Campus dentro e fuori<\/strong>: le policy flessibili consentono di garantire la sicurezza, la conformit\u00e0 CIPA e l&#8217;applicazione delle policy sui dispositivi mobili e di rete, all&#8217;interno e all&#8217;esterno del campus<\/li>\n<\/ul>\n<h4>LE RECENSIONI DEGLI UTENTI<\/h4>\n<h4 class=\"font-weight-bold mb-1 d-flex align-items-center\">George V.&#8221;Relay Classroom&#8221;<\/h4>\n<p><strong>Commenti: <\/strong>Sono impressionato da questo strumento di monitoraggio, che ha ridotto la mia frustrazione per gli studenti che si recano in altri siti e perdono tempo non concentrati sulla lezione.<\/p>\n<p><strong>Vantaggi: <\/strong>Mi piace poter monitorare le attivit\u00e0 del computer dei miei studenti, registrarle e utilizzarle come prove. Gli studenti sanno di essere monitorati, quindi sono pi\u00f9 coinvolti e impegnati.<\/p>\n<p><strong>Inconvenienti: <\/strong>Vorrei che ci fosse una funzione di blocco che consentisse solo agli studenti di visualizzare la mia lezione.<\/p>\n<h4 class=\"font-weight-bold mb-1 d-flex align-items-center\">Cassidy G.&#8221;Recensione\u00a0Relay Classroom&#8221;<\/h4>\n<p><strong>Commenti: <\/strong>Mi sono divertito e continuer\u00f2 a usarlo.<\/p>\n<p><strong>Vantaggi: <\/strong>Mappe termiche, ultimi siti web visitati e pi\u00f9 visitati.<\/p>\n<p><strong>Inconvenienti: <\/strong>Messaggistica agli utenti e capacit\u00e0 di indirizzare gli utenti a un sito web, non solo chiudere il sito web. La pianificazione \u00e8 un po &#8216;strana ed \u00e8 difficile con pi\u00f9 programmi di campane.<\/p>\n<h4 class=\"font-weight-bold mb-1 d-flex align-items-center\">Suzanne P.&#8221;Relay Classroom&#8221;<\/h4>\n<p><strong>Commenti: <\/strong>Nel complesso la mia esperienza con Relay Classroom \u00e8 stata buona. Ho visto molti miglioramenti nel prodotto negli ultimi 3 anni.<\/p>\n<p><strong>Vantaggi: <\/strong>Con Relay Classroom gli insegnanti hanno la possibilit\u00e0 di monitorare l&#8217;utilizzo di internet da parte degli studenti durante le lezioni. Possono indirizzare gli studenti a siti web specifici contemporaneamente. Gli insegnanti hanno anche la possibilit\u00e0 di bloccare gli schermi degli studenti quando devono impartire istruzioni dirette.<\/p>\n<p><strong>Inconvenienti: <\/strong>A volte la funzione di blocco si blocca e gli studenti non sono in grado di accedere ai propri dispositivi quando sono passati a una classe diversa.<\/p>\n","protected":false},"excerpt":{"rendered":"<p>Relay Classroom \u00e8 un software di monitoraggio degli studenti, che aiuta gli istituti scolastici a monitorare le attivit\u00e0 degli alunni e limitare l&#8217;accesso a siti web o risorse online, garantendo un apprendimento mirato e il completamento tempestivo delle attivit\u00e0. Una piattaforma abilitata all&#8217;intelligenza artificiale (AI), consente alle organizzazioni di monitorare gli schermi degli studenti, la cronologia di navigazione, le schede del browser attive e condividere i collegamenti in tempo reale.<\/p>\n","protected":false},"author":19,"featured_media":30712,"parent":30279,"menu_order":0,"comment_status":"open","ping_status":"closed","template":"g1_template_page_review_new.php","meta":{"_acf_changed":false,"cwp_meta_box_check":"Yes","cwp_rev_product_name":"","cwp_rev_product_image":"","wppr_links":[],"cwp_rev_price":"","wppr_options":[],"wppr_pros":[],"wppr_cons":[],"_monsterinsights_skip_tracking":false,"_monsterinsights_sitenote_active":false,"_monsterinsights_sitenote_note":"","_monsterinsights_sitenote_category":0,"footnotes":""},"categories":[3634],"tags":[997,3641,3639,3754,3637,3638],"features":[],"class_list":{"0":"post-30711","1":"page","2":"type-page","3":"status-publish","4":"has-post-thumbnail","6":"category-piattaforme-per-la-didattica-a-distanza-categoria","7":"tag-ai","8":"tag-piattaforma-di-didattica-a-distanza","9":"tag-programma-di-didattica-a-distanza","10":"tag-relay-classroom","11":"tag-software-di-didattica-a-distanza","12":"tag-soluzione-di-didattica-a-distanza"},"wppr_data":{"cwp_meta_box_check":"Yes","cwp_rev_product_name":"","cwp_rev_product_image":"","cwp_image_link":"image","cwp_rev_price":"","wppr_rating":"0.00"},"acf":[],"yoast_head":"<!-- This site is optimized with the Yoast SEO plugin v27.4 - https:\/\/yoast.com\/product\/yoast-seo-wordpress\/ -->\n<title>Relay Classroom: recensione sofware di didattica - Accurate Reviews<\/title>\n<meta name=\"description\" content=\"Relay Classroom: recensione software di monitoraggio degli studenti, che aiuta gli istituti scolastici a monitorare le attivit\u00e0 degli alunni.\" \/>\n<meta name=\"robots\" content=\"index, follow, max-snippet:-1, max-image-preview:large, max-video-preview:-1\" \/>\n<link rel=\"canonical\" href=\"https:\/\/www.accuratereviews.com\/it\/piattaforme-didattica-distanza\/relay-classroom-recensione\/\" \/>\n<meta property=\"og:locale\" content=\"it_IT\" \/>\n<meta property=\"og:type\" content=\"article\" \/>\n<meta property=\"og:title\" content=\"Relay Classroom: recensione sofware di didattica - Accurate Reviews\" \/>\n<meta property=\"og:description\" content=\"Relay Classroom: recensione software di monitoraggio degli studenti, che aiuta gli istituti scolastici a monitorare le attivit\u00e0 degli alunni.\" \/>\n<meta property=\"og:url\" content=\"https:\/\/www.accuratereviews.com\/it\/piattaforme-didattica-distanza\/relay-classroom-recensione\/\" \/>\n<meta property=\"og:site_name\" content=\"Accurate Reviews\" \/>\n<meta property=\"article:modified_time\" content=\"2021-02-03T16:54:17+00:00\" \/>\n<meta property=\"og:image\" content=\"https:\/\/www.accuratereviews.com\/wp-content\/uploads\/2020\/10\/relay.jpg\" \/>\n\t<meta property=\"og:image:width\" content=\"900\" \/>\n\t<meta property=\"og:image:height\" content=\"900\" \/>\n\t<meta property=\"og:image:type\" content=\"image\/jpeg\" \/>\n<meta name=\"twitter:card\" content=\"summary_large_image\" \/>\n<meta name=\"twitter:label1\" content=\"Tempo di lettura stimato\" \/>\n\t<meta name=\"twitter:data1\" content=\"3 minuti\" \/>\n<script type=\"application\/ld+json\" class=\"yoast-schema-graph\">{\"@context\":\"https:\\\/\\\/schema.org\",\"@graph\":[{\"@type\":\"WebPage\",\"@id\":\"https:\\\/\\\/www.accuratereviews.com\\\/it\\\/piattaforme-didattica-distanza\\\/relay-classroom-recensione\\\/\",\"url\":\"https:\\\/\\\/www.accuratereviews.com\\\/it\\\/piattaforme-didattica-distanza\\\/relay-classroom-recensione\\\/\",\"name\":\"Relay Classroom: recensione sofware di didattica - Accurate Reviews\",\"isPartOf\":{\"@id\":\"https:\\\/\\\/www.accuratereviews.com\\\/it\\\/#website\"},\"primaryImageOfPage\":{\"@id\":\"https:\\\/\\\/www.accuratereviews.com\\\/it\\\/piattaforme-didattica-distanza\\\/relay-classroom-recensione\\\/#primaryimage\"},\"image\":{\"@id\":\"https:\\\/\\\/www.accuratereviews.com\\\/it\\\/piattaforme-didattica-distanza\\\/relay-classroom-recensione\\\/#primaryimage\"},\"thumbnailUrl\":\"https:\\\/\\\/www.accuratereviews.com\\\/wp-content\\\/uploads\\\/2020\\\/10\\\/relay.jpg\",\"datePublished\":\"2020-10-02T10:22:37+00:00\",\"dateModified\":\"2021-02-03T16:54:17+00:00\",\"description\":\"Relay Classroom: recensione software di monitoraggio degli studenti, che aiuta gli istituti scolastici a monitorare le attivit\u00e0 degli alunni.\",\"breadcrumb\":{\"@id\":\"https:\\\/\\\/www.accuratereviews.com\\\/it\\\/piattaforme-didattica-distanza\\\/relay-classroom-recensione\\\/#breadcrumb\"},\"inLanguage\":\"it-IT\",\"potentialAction\":[{\"@type\":\"ReadAction\",\"target\":[\"https:\\\/\\\/www.accuratereviews.com\\\/it\\\/piattaforme-didattica-distanza\\\/relay-classroom-recensione\\\/\"]}]},{\"@type\":\"ImageObject\",\"inLanguage\":\"it-IT\",\"@id\":\"https:\\\/\\\/www.accuratereviews.com\\\/it\\\/piattaforme-didattica-distanza\\\/relay-classroom-recensione\\\/#primaryimage\",\"url\":\"https:\\\/\\\/www.accuratereviews.com\\\/wp-content\\\/uploads\\\/2020\\\/10\\\/relay.jpg\",\"contentUrl\":\"https:\\\/\\\/www.accuratereviews.com\\\/wp-content\\\/uploads\\\/2020\\\/10\\\/relay.jpg\",\"width\":900,\"height\":900},{\"@type\":\"BreadcrumbList\",\"@id\":\"https:\\\/\\\/www.accuratereviews.com\\\/it\\\/piattaforme-didattica-distanza\\\/relay-classroom-recensione\\\/#breadcrumb\",\"itemListElement\":[{\"@type\":\"ListItem\",\"position\":1,\"name\":\"Home\",\"item\":\"https:\\\/\\\/www.accuratereviews.com\\\/it\\\/\"},{\"@type\":\"ListItem\",\"position\":2,\"name\":\"Piattaforme per la didattica a distanza\",\"item\":\"https:\\\/\\\/www.accuratereviews.com\\\/it\\\/piattaforme-didattica-distanza\\\/\"},{\"@type\":\"ListItem\",\"position\":3,\"name\":\"Relay Classroom\"}]},{\"@type\":\"WebSite\",\"@id\":\"https:\\\/\\\/www.accuratereviews.com\\\/it\\\/#website\",\"url\":\"https:\\\/\\\/www.accuratereviews.com\\\/it\\\/\",\"name\":\"Accurate Reviews\",\"description\":\"\",\"potentialAction\":[{\"@type\":\"SearchAction\",\"target\":{\"@type\":\"EntryPoint\",\"urlTemplate\":\"https:\\\/\\\/www.accuratereviews.com\\\/it\\\/?s={search_term_string}\"},\"query-input\":{\"@type\":\"PropertyValueSpecification\",\"valueRequired\":true,\"valueName\":\"search_term_string\"}}],\"inLanguage\":\"it-IT\"}]}<\/script>\n<!-- \/ Yoast SEO plugin. -->","yoast_head_json":{"title":"Relay Classroom: recensione sofware di didattica - Accurate Reviews","description":"Relay Classroom: recensione software di monitoraggio degli studenti, che aiuta gli istituti scolastici a monitorare le attivit\u00e0 degli alunni.","robots":{"index":"index","follow":"follow","max-snippet":"max-snippet:-1","max-image-preview":"max-image-preview:large","max-video-preview":"max-video-preview:-1"},"canonical":"https:\/\/www.accuratereviews.com\/it\/piattaforme-didattica-distanza\/relay-classroom-recensione\/","og_locale":"it_IT","og_type":"article","og_title":"Relay Classroom: recensione sofware di didattica - Accurate Reviews","og_description":"Relay Classroom: recensione software di monitoraggio degli studenti, che aiuta gli istituti scolastici a monitorare le attivit\u00e0 degli alunni.","og_url":"https:\/\/www.accuratereviews.com\/it\/piattaforme-didattica-distanza\/relay-classroom-recensione\/","og_site_name":"Accurate Reviews","article_modified_time":"2021-02-03T16:54:17+00:00","og_image":[{"width":900,"height":900,"url":"https:\/\/www.accuratereviews.com\/wp-content\/uploads\/2020\/10\/relay.jpg","type":"image\/jpeg"}],"twitter_card":"summary_large_image","twitter_misc":{"Tempo di lettura stimato":"3 minuti"},"schema":{"@context":"https:\/\/schema.org","@graph":[{"@type":"WebPage","@id":"https:\/\/www.accuratereviews.com\/it\/piattaforme-didattica-distanza\/relay-classroom-recensione\/","url":"https:\/\/www.accuratereviews.com\/it\/piattaforme-didattica-distanza\/relay-classroom-recensione\/","name":"Relay Classroom: recensione sofware di didattica - Accurate Reviews","isPartOf":{"@id":"https:\/\/www.accuratereviews.com\/it\/#website"},"primaryImageOfPage":{"@id":"https:\/\/www.accuratereviews.com\/it\/piattaforme-didattica-distanza\/relay-classroom-recensione\/#primaryimage"},"image":{"@id":"https:\/\/www.accuratereviews.com\/it\/piattaforme-didattica-distanza\/relay-classroom-recensione\/#primaryimage"},"thumbnailUrl":"https:\/\/www.accuratereviews.com\/wp-content\/uploads\/2020\/10\/relay.jpg","datePublished":"2020-10-02T10:22:37+00:00","dateModified":"2021-02-03T16:54:17+00:00","description":"Relay Classroom: recensione software di monitoraggio degli studenti, che aiuta gli istituti scolastici a monitorare le attivit\u00e0 degli alunni.","breadcrumb":{"@id":"https:\/\/www.accuratereviews.com\/it\/piattaforme-didattica-distanza\/relay-classroom-recensione\/#breadcrumb"},"inLanguage":"it-IT","potentialAction":[{"@type":"ReadAction","target":["https:\/\/www.accuratereviews.com\/it\/piattaforme-didattica-distanza\/relay-classroom-recensione\/"]}]},{"@type":"ImageObject","inLanguage":"it-IT","@id":"https:\/\/www.accuratereviews.com\/it\/piattaforme-didattica-distanza\/relay-classroom-recensione\/#primaryimage","url":"https:\/\/www.accuratereviews.com\/wp-content\/uploads\/2020\/10\/relay.jpg","contentUrl":"https:\/\/www.accuratereviews.com\/wp-content\/uploads\/2020\/10\/relay.jpg","width":900,"height":900},{"@type":"BreadcrumbList","@id":"https:\/\/www.accuratereviews.com\/it\/piattaforme-didattica-distanza\/relay-classroom-recensione\/#breadcrumb","itemListElement":[{"@type":"ListItem","position":1,"name":"Home","item":"https:\/\/www.accuratereviews.com\/it\/"},{"@type":"ListItem","position":2,"name":"Piattaforme per la didattica a distanza","item":"https:\/\/www.accuratereviews.com\/it\/piattaforme-didattica-distanza\/"},{"@type":"ListItem","position":3,"name":"Relay Classroom"}]},{"@type":"WebSite","@id":"https:\/\/www.accuratereviews.com\/it\/#website","url":"https:\/\/www.accuratereviews.com\/it\/","name":"Accurate Reviews","description":"","potentialAction":[{"@type":"SearchAction","target":{"@type":"EntryPoint","urlTemplate":"https:\/\/www.accuratereviews.com\/it\/?s={search_term_string}"},"query-input":{"@type":"PropertyValueSpecification","valueRequired":true,"valueName":"search_term_string"}}],"inLanguage":"it-IT"}]}},"_links":{"self":[{"href":"https:\/\/www.accuratereviews.com\/it\/wp-json\/wp\/v2\/pages\/30711","targetHints":{"allow":["GET"]}}],"collection":[{"href":"https:\/\/www.accuratereviews.com\/it\/wp-json\/wp\/v2\/pages"}],"about":[{"href":"https:\/\/www.accuratereviews.com\/it\/wp-json\/wp\/v2\/types\/page"}],"author":[{"embeddable":true,"href":"https:\/\/www.accuratereviews.com\/it\/wp-json\/wp\/v2\/users\/19"}],"replies":[{"embeddable":true,"href":"https:\/\/www.accuratereviews.com\/it\/wp-json\/wp\/v2\/comments?post=30711"}],"version-history":[{"count":12,"href":"https:\/\/www.accuratereviews.com\/it\/wp-json\/wp\/v2\/pages\/30711\/revisions"}],"predecessor-version":[{"id":36732,"href":"https:\/\/www.accuratereviews.com\/it\/wp-json\/wp\/v2\/pages\/30711\/revisions\/36732"}],"up":[{"embeddable":true,"href":"https:\/\/www.accuratereviews.com\/it\/wp-json\/wp\/v2\/pages\/30279"}],"wp:featuredmedia":[{"embeddable":true,"href":"https:\/\/www.accuratereviews.com\/it\/wp-json\/wp\/v2\/media\/30712"}],"wp:attachment":[{"href":"https:\/\/www.accuratereviews.com\/it\/wp-json\/wp\/v2\/media?parent=30711"}],"wp:term":[{"taxonomy":"category","embeddable":true,"href":"https:\/\/www.accuratereviews.com\/it\/wp-json\/wp\/v2\/categories?post=30711"},{"taxonomy":"post_tag","embeddable":true,"href":"https:\/\/www.accuratereviews.com\/it\/wp-json\/wp\/v2\/tags?post=30711"},{"taxonomy":"features","embeddable":true,"href":"https:\/\/www.accuratereviews.com\/it\/wp-json\/wp\/v2\/features?post=30711"}],"curies":[{"name":"wp","href":"https:\/\/api.w.org\/{rel}","templated":true}]}}