{"id":30725,"date":"2020-10-02T10:21:41","date_gmt":"2020-10-02T10:21:41","guid":{"rendered":"https:\/\/www.accuratereviews.com\/?page_id=30725"},"modified":"2021-02-04T14:03:30","modified_gmt":"2021-02-04T14:03:30","slug":"yuja-recensione","status":"publish","type":"page","link":"https:\/\/www.accuratereviews.com\/it\/piattaforme-didattica-distanza\/yuja-recensione\/","title":{"rendered":"YuJa"},"content":{"rendered":"<p><strong>YuJa<\/strong> \u00e8 una soluzione video basata su <strong>cloud<\/strong> progettata per le organizzazioni dell&#8217;istruzione superiore e K-12, nonch\u00e9 per le imprese di tutte le dimensioni. La piattaforma include <strong>conferenze digitali<\/strong>, aule virtuali, gestione video, registrazione desktop e molti altri strumenti di collaborazione e apprendimento. Il software offre app mobili compatibili con dispositivi iOS e Android.\u00a0Con gli strumenti di videoconferenza di <strong>Yuja<\/strong>, gli utenti possono registrare e riprodurre vari contenuti online tra cui lezioni in aula, sessioni di tutorial e conferenze web. Una funzionalit\u00e0 di condivisione del desktop consente agli host di condividere gli schermi con spettatori e studenti. Inoltre gli amministratori possono utilizzare uno strumento di libreria video per organizzare i contenuti di apprendimento e creare canali personalizzati.<\/p>\n<h2>YUJA &#8211; TUTORIAL<\/h2>\n<p>In questo video si dimostra come utilizzare il lettore multimediale con questo <strong>software di didattica a distanza<\/strong>:<\/p>\n<div id=\"fluid-wrapper-counter-1\" class=\"g1-fluid-wrapper \" style=\"width:686px;\">\n<div style=\"padding-bottom:56.268221574344%;\"><iframe loading=\"lazy\" title=\"Using the YuJa Media Player\" width=\"686\" height=\"386\" src=\"https:\/\/www.youtube.com\/embed\/Bwpnxo8u9ss?feature=oembed&amp;wmode=transparent&amp;autohide=1&amp;autoplay=0&amp;disablekb=0&amp;fs=1&amp;loop=0&amp;enablejsapi=1&amp;rel=0&amp;controls=2&amp;showinfo=0&amp;wmode=transparent&amp;autohide=2&amp;autoplay=0&amp;disablekb=0&amp;fs=1&amp;loop=0&amp;enablejsapi=1&amp;rel=0&amp;controls=2&amp;showinfo=1\" frameborder=\"0\" allow=\"accelerometer; autoplay; clipboard-write; encrypted-media; gyroscope; picture-in-picture\" allowfullscreen><\/iframe><\/div>\n<\/div>\n<h3>YUJA &#8211; CARATTERISTICHE<\/h3>\n<p><strong>Cloud<\/strong>: ospita i tuoi contenuti video e multimediali digitali in modo sicuro<\/p>\n<p><strong>Semplicit\u00e0 drop-and-drop<\/strong>: carica i contenuti senza sforzo con caricamenti &#8220;drop&#8221; con un clic<\/p>\n<p><strong>Streaming aziendale<\/strong>: distribuisci video a livello globale attraverso firewall con streaming bitrate adattivo<\/p>\n<p><strong>Predisposto per dispositivi mobili e tablet<\/strong>:\u00a0supporto per lettori video sia nativi che HTML5<\/p>\n<p><strong>Analisi visiva:<\/strong> tieni traccia del coinvolgimento degli utenti con funzionalit\u00e0 di analisi dettagliate<\/p>\n<p><strong>Personalizzazione del marchio<\/strong>: allinea l&#8217;esperienza in modo che corrisponda al marchio della tua organizzazione<\/p>\n<p><strong>Quiz video<\/strong>: crea quiz video coinvolgenti e interattivi per misurare e monitorare la fidelizzazione<\/p>\n<h4>LE RECENSIONE DEGLI UTENTI<\/h4>\n<h4 class=\"font-weight-bold mb-1 d-flex align-items-center\">David L.&#8221;Una soluzione multimediale one-stop-shop per il nostro LMS&#8221;<\/h4>\n<p><strong>Commenti: <\/strong>Yuja \u00e8 una creazione multimediale affidabile e un host basato su cloud ricco di funzionalit\u00e0 avanzate, tra cui design reattivo, accessibilit\u00e0, analisi della consegna dei contenuti, quiz video in linea e idex di parole chiave. Il loro solido centro di assistenza in linea con tutorial, formazione dal vivo e un&#8217;eccezionale assistenza clienti dal vivo mantiene la nostra facolt\u00e0 in movimento e si traduce in richieste di supporto tecnico quasi nulle. Nel complesso un prodotto eccezionale!<\/p>\n<p><strong>Vantaggi: <\/strong>La creazione multimediale e l&#8217;interfaccia utente di Yuja sono intuitive ed estremamente facili da apprendere per docenti e personale. Yuja rende anche la distribuzione di contenuti multimediali nel nostro LMS (Blackboard) un&#8217;esperienza senza interruzioni. Yuja \u00e8 sia reattivo che accessibile, inclusi i sottotitoli automatici dei contenuti video. Inoltre, Yuja offre funzionalit\u00e0 sofisticate per la creazione di contenuti multimediali dinamici, come il video quiz in linea che pu\u00f2 inviare dati al nostro LMS. Yuja include anche un robusto strumento di analisi, che manca ad altri concorrenti.<\/p>\n<p><strong>Inconvenienti: <\/strong>L&#8217;integrazione nel nostro ambiente di apprendimento \u00e8 stata un gioco da ragazzi e puoi usare Yuja come servizio SSO autonomo o integrato nel tuo LMS (o entrambi, come nel nostro caso). Il nostro unico &#8220;svantaggio&#8221; \u00e8 stato l&#8217;acquisizione del prodotto adesso e non quando abbiamo inziato.<\/p>\n<h4 class=\"font-weight-bold mb-1 d-flex align-items-center\">Nick A.&#8221;Eccellente gestione dei media&#8221;<\/h4>\n<p><strong>Commenti: <\/strong>Ho avuto un&#8217;ottima esperienza nel complesso con YuJa. Dal primo giorno di implementazione, il supporto tecnico di YuJa ha assistito con qualsiasi problema che non sono stato in grado di risolvere per gli utenti finali.<\/p>\n<p><strong>Vantaggi: <\/strong>La facilit\u00e0 d&#8217;uso ha reso le capacit\u00e0 di creare e gestire contenuti registrati da parte degli utenti finali uno strumento popolare nei corsi faccia a faccia e online. Ogni semestre vedo nuovi docenti che usano YuJa come parte delle loro classi e un numero crescente di modi in cui il video asincrono viene utilizzato nelle lezioni.<\/p>\n<p><strong>Inconvenienti: <\/strong>C&#8217;\u00e8 poco di cui lamentarsi. Dopo il passaggio a HTML5 da Flash, ho riscontrato una migliore stabilit\u00e0 e meno problemi da parte degli utenti finali.\u00a0Strumenti come i video quiz potrebbero essere pi\u00f9 robusti per la revisione e la valutazione. (Anche se funziona bene in un formato semplice)<\/p>\n<h4 class=\"font-weight-bold mb-1 d-flex align-items-center\">Randy W.&#8221;Successo al sistema universitario del North Dakota&#8221;<\/h4>\n<p><strong>Commenti: <\/strong>Abbiamo adottato YuJa per pi\u00f9 istituti con il nostro sistema universitario del North Dakota. \u00c8 stata una sfida poich\u00e9 abbiamo tutte le undici istituzioni su una singola istanza di Blackboard. Garantire che ogni istituzione avesse il proprio ambiente era fondamentale, ma YuJa era pronta a soddisfare le nostre esigenze specifiche. Dopo un&#8217;installazione relativamente fluida, YuJa continua a essere reattivo. YuJa ha anche completato molti aggiornamenti al proprio prodotto come risultato diretto del nostro feedback e delle nostre richieste.<\/p>\n<p><strong>Vantaggi: <\/strong>Abbiamo avuto un cos\u00ec grande successo con YuJa tra le 11 istituzioni all&#8217;interno del sistema universitario del North Dakota. L&#8217;acquisizione di lezioni \u00e8 la funzione pi\u00f9 utilizzata in tutte le istituzioni. Docenti e studenti lo trovano facile da usare e registra video e riproduce facilmente su tutti i dispositivi. L&#8217;applicazione YuJa Software Capture consente agli utenti di configurare facilmente ci\u00f2 che desiderano registrare. Questa facilit\u00e0 d&#8217;uso consente agli istruttori la sicurezza di fare di pi\u00f9 con le loro registrazioni oltre alla semplice registrazione dello schermo del computer.<\/p>\n<p><strong>Inconvenienti: <\/strong>Nella rara occasione in cui un video non riesce a caricarsi, spesso ci sembra che l&#8217;unica opzione sia contattare YuJa direttamente. Sebbene YuJa sia MOLTO veloce nel rispondere, sarebbe bello avere pi\u00f9 opzioni per gli utenti per correggere i problemi da soli. Alla fine, sarebbe utile se lo strumento di sorveglianza avesse funzionalit\u00e0 di intelligenza artificiale aggiuntive per identificare gli imbrogli. Una sorta di monitoraggio della fiducia per gli istruttori per identificare rapidamente i video che potrebbero voler rivedere.<\/p>\n","protected":false},"excerpt":{"rendered":"<p>YuJa \u00e8 una soluzione video basata su cloud progettata per le organizzazioni dell&#8217;istruzione superiore e K-12, nonch\u00e9 per le imprese di tutte le dimensioni. La piattaforma include conferenze digitali, aule virtuali, gestione video, registrazione desktop e molti altri strumenti di collaborazione e apprendimento.<\/p>\n","protected":false},"author":19,"featured_media":30729,"parent":30279,"menu_order":0,"comment_status":"open","ping_status":"closed","template":"g1_template_page_review_new.php","meta":{"_acf_changed":false,"cwp_meta_box_check":"Yes","cwp_rev_product_name":"","cwp_rev_product_image":"","wppr_links":[],"cwp_rev_price":"","wppr_options":[],"wppr_pros":[],"wppr_cons":[],"_monsterinsights_skip_tracking":false,"_monsterinsights_sitenote_active":false,"_monsterinsights_sitenote_note":"","_monsterinsights_sitenote_category":0,"footnotes":""},"categories":[3634],"tags":[396,3641,3639,3637,3638,3755],"features":[],"class_list":{"0":"post-30725","1":"page","2":"type-page","3":"status-publish","4":"has-post-thumbnail","6":"category-piattaforme-per-la-didattica-a-distanza-categoria","7":"tag-cloud","8":"tag-piattaforma-di-didattica-a-distanza","9":"tag-programma-di-didattica-a-distanza","10":"tag-software-di-didattica-a-distanza","11":"tag-soluzione-di-didattica-a-distanza","12":"tag-yuja"},"wppr_data":{"cwp_meta_box_check":"Yes","cwp_rev_product_name":"","cwp_rev_product_image":"","cwp_image_link":"image","cwp_rev_price":"","wppr_rating":"0.00"},"acf":[],"yoast_head":"<!-- This site is optimized with the Yoast SEO plugin v27.4 - https:\/\/yoast.com\/product\/yoast-seo-wordpress\/ -->\n<title>YuJa: recensione software di didattica a distanza - Accurate Reviews<\/title>\n<meta name=\"description\" content=\"YuJa: \u00e8 una soluzione video basata su cloud progettata per le gli istituti scolastici, K-12 e imprese di qualsiasi dimensione.\" \/>\n<meta name=\"robots\" content=\"index, follow, max-snippet:-1, max-image-preview:large, max-video-preview:-1\" \/>\n<link rel=\"canonical\" href=\"https:\/\/www.accuratereviews.com\/it\/piattaforme-didattica-distanza\/yuja-recensione\/\" \/>\n<meta property=\"og:locale\" content=\"it_IT\" \/>\n<meta property=\"og:type\" content=\"article\" \/>\n<meta property=\"og:title\" content=\"YuJa: recensione software di didattica a distanza - Accurate Reviews\" \/>\n<meta property=\"og:description\" content=\"YuJa: \u00e8 una soluzione video basata su cloud progettata per le gli istituti scolastici, K-12 e imprese di qualsiasi dimensione.\" \/>\n<meta property=\"og:url\" content=\"https:\/\/www.accuratereviews.com\/it\/piattaforme-didattica-distanza\/yuja-recensione\/\" \/>\n<meta property=\"og:site_name\" content=\"Accurate Reviews\" \/>\n<meta property=\"article:modified_time\" content=\"2021-02-04T14:03:30+00:00\" \/>\n<meta property=\"og:image\" content=\"https:\/\/www.accuratereviews.com\/wp-content\/uploads\/2020\/10\/yuja-logo.jpg\" \/>\n\t<meta property=\"og:image:width\" content=\"400\" \/>\n\t<meta property=\"og:image:height\" content=\"400\" \/>\n\t<meta property=\"og:image:type\" content=\"image\/jpeg\" \/>\n<meta name=\"twitter:card\" content=\"summary_large_image\" \/>\n<meta name=\"twitter:label1\" content=\"Tempo di lettura stimato\" \/>\n\t<meta name=\"twitter:data1\" content=\"4 minuti\" \/>\n<script type=\"application\/ld+json\" class=\"yoast-schema-graph\">{\"@context\":\"https:\\\/\\\/schema.org\",\"@graph\":[{\"@type\":\"WebPage\",\"@id\":\"https:\\\/\\\/www.accuratereviews.com\\\/it\\\/piattaforme-didattica-distanza\\\/yuja-recensione\\\/\",\"url\":\"https:\\\/\\\/www.accuratereviews.com\\\/it\\\/piattaforme-didattica-distanza\\\/yuja-recensione\\\/\",\"name\":\"YuJa: recensione software di didattica a distanza - Accurate Reviews\",\"isPartOf\":{\"@id\":\"https:\\\/\\\/www.accuratereviews.com\\\/it\\\/#website\"},\"primaryImageOfPage\":{\"@id\":\"https:\\\/\\\/www.accuratereviews.com\\\/it\\\/piattaforme-didattica-distanza\\\/yuja-recensione\\\/#primaryimage\"},\"image\":{\"@id\":\"https:\\\/\\\/www.accuratereviews.com\\\/it\\\/piattaforme-didattica-distanza\\\/yuja-recensione\\\/#primaryimage\"},\"thumbnailUrl\":\"https:\\\/\\\/www.accuratereviews.com\\\/wp-content\\\/uploads\\\/2020\\\/10\\\/yuja-logo.jpg\",\"datePublished\":\"2020-10-02T10:21:41+00:00\",\"dateModified\":\"2021-02-04T14:03:30+00:00\",\"description\":\"YuJa: \u00e8 una soluzione video basata su cloud progettata per le gli istituti scolastici, K-12 e imprese di qualsiasi dimensione.\",\"breadcrumb\":{\"@id\":\"https:\\\/\\\/www.accuratereviews.com\\\/it\\\/piattaforme-didattica-distanza\\\/yuja-recensione\\\/#breadcrumb\"},\"inLanguage\":\"it-IT\",\"potentialAction\":[{\"@type\":\"ReadAction\",\"target\":[\"https:\\\/\\\/www.accuratereviews.com\\\/it\\\/piattaforme-didattica-distanza\\\/yuja-recensione\\\/\"]}]},{\"@type\":\"ImageObject\",\"inLanguage\":\"it-IT\",\"@id\":\"https:\\\/\\\/www.accuratereviews.com\\\/it\\\/piattaforme-didattica-distanza\\\/yuja-recensione\\\/#primaryimage\",\"url\":\"https:\\\/\\\/www.accuratereviews.com\\\/wp-content\\\/uploads\\\/2020\\\/10\\\/yuja-logo.jpg\",\"contentUrl\":\"https:\\\/\\\/www.accuratereviews.com\\\/wp-content\\\/uploads\\\/2020\\\/10\\\/yuja-logo.jpg\",\"width\":400,\"height\":400},{\"@type\":\"BreadcrumbList\",\"@id\":\"https:\\\/\\\/www.accuratereviews.com\\\/it\\\/piattaforme-didattica-distanza\\\/yuja-recensione\\\/#breadcrumb\",\"itemListElement\":[{\"@type\":\"ListItem\",\"position\":1,\"name\":\"Home\",\"item\":\"https:\\\/\\\/www.accuratereviews.com\\\/it\\\/\"},{\"@type\":\"ListItem\",\"position\":2,\"name\":\"Piattaforme per la didattica a distanza\",\"item\":\"https:\\\/\\\/www.accuratereviews.com\\\/it\\\/piattaforme-didattica-distanza\\\/\"},{\"@type\":\"ListItem\",\"position\":3,\"name\":\"YuJa\"}]},{\"@type\":\"WebSite\",\"@id\":\"https:\\\/\\\/www.accuratereviews.com\\\/it\\\/#website\",\"url\":\"https:\\\/\\\/www.accuratereviews.com\\\/it\\\/\",\"name\":\"Accurate Reviews\",\"description\":\"\",\"potentialAction\":[{\"@type\":\"SearchAction\",\"target\":{\"@type\":\"EntryPoint\",\"urlTemplate\":\"https:\\\/\\\/www.accuratereviews.com\\\/it\\\/?s={search_term_string}\"},\"query-input\":{\"@type\":\"PropertyValueSpecification\",\"valueRequired\":true,\"valueName\":\"search_term_string\"}}],\"inLanguage\":\"it-IT\"}]}<\/script>\n<!-- \/ Yoast SEO plugin. -->","yoast_head_json":{"title":"YuJa: recensione software di didattica a distanza - Accurate Reviews","description":"YuJa: \u00e8 una soluzione video basata su cloud progettata per le gli istituti scolastici, K-12 e imprese di qualsiasi dimensione.","robots":{"index":"index","follow":"follow","max-snippet":"max-snippet:-1","max-image-preview":"max-image-preview:large","max-video-preview":"max-video-preview:-1"},"canonical":"https:\/\/www.accuratereviews.com\/it\/piattaforme-didattica-distanza\/yuja-recensione\/","og_locale":"it_IT","og_type":"article","og_title":"YuJa: recensione software di didattica a distanza - Accurate Reviews","og_description":"YuJa: \u00e8 una soluzione video basata su cloud progettata per le gli istituti scolastici, K-12 e imprese di qualsiasi dimensione.","og_url":"https:\/\/www.accuratereviews.com\/it\/piattaforme-didattica-distanza\/yuja-recensione\/","og_site_name":"Accurate Reviews","article_modified_time":"2021-02-04T14:03:30+00:00","og_image":[{"width":400,"height":400,"url":"https:\/\/www.accuratereviews.com\/wp-content\/uploads\/2020\/10\/yuja-logo.jpg","type":"image\/jpeg"}],"twitter_card":"summary_large_image","twitter_misc":{"Tempo di lettura stimato":"4 minuti"},"schema":{"@context":"https:\/\/schema.org","@graph":[{"@type":"WebPage","@id":"https:\/\/www.accuratereviews.com\/it\/piattaforme-didattica-distanza\/yuja-recensione\/","url":"https:\/\/www.accuratereviews.com\/it\/piattaforme-didattica-distanza\/yuja-recensione\/","name":"YuJa: recensione software di didattica a distanza - Accurate Reviews","isPartOf":{"@id":"https:\/\/www.accuratereviews.com\/it\/#website"},"primaryImageOfPage":{"@id":"https:\/\/www.accuratereviews.com\/it\/piattaforme-didattica-distanza\/yuja-recensione\/#primaryimage"},"image":{"@id":"https:\/\/www.accuratereviews.com\/it\/piattaforme-didattica-distanza\/yuja-recensione\/#primaryimage"},"thumbnailUrl":"https:\/\/www.accuratereviews.com\/wp-content\/uploads\/2020\/10\/yuja-logo.jpg","datePublished":"2020-10-02T10:21:41+00:00","dateModified":"2021-02-04T14:03:30+00:00","description":"YuJa: \u00e8 una soluzione video basata su cloud progettata per le gli istituti scolastici, K-12 e imprese di qualsiasi dimensione.","breadcrumb":{"@id":"https:\/\/www.accuratereviews.com\/it\/piattaforme-didattica-distanza\/yuja-recensione\/#breadcrumb"},"inLanguage":"it-IT","potentialAction":[{"@type":"ReadAction","target":["https:\/\/www.accuratereviews.com\/it\/piattaforme-didattica-distanza\/yuja-recensione\/"]}]},{"@type":"ImageObject","inLanguage":"it-IT","@id":"https:\/\/www.accuratereviews.com\/it\/piattaforme-didattica-distanza\/yuja-recensione\/#primaryimage","url":"https:\/\/www.accuratereviews.com\/wp-content\/uploads\/2020\/10\/yuja-logo.jpg","contentUrl":"https:\/\/www.accuratereviews.com\/wp-content\/uploads\/2020\/10\/yuja-logo.jpg","width":400,"height":400},{"@type":"BreadcrumbList","@id":"https:\/\/www.accuratereviews.com\/it\/piattaforme-didattica-distanza\/yuja-recensione\/#breadcrumb","itemListElement":[{"@type":"ListItem","position":1,"name":"Home","item":"https:\/\/www.accuratereviews.com\/it\/"},{"@type":"ListItem","position":2,"name":"Piattaforme per la didattica a distanza","item":"https:\/\/www.accuratereviews.com\/it\/piattaforme-didattica-distanza\/"},{"@type":"ListItem","position":3,"name":"YuJa"}]},{"@type":"WebSite","@id":"https:\/\/www.accuratereviews.com\/it\/#website","url":"https:\/\/www.accuratereviews.com\/it\/","name":"Accurate Reviews","description":"","potentialAction":[{"@type":"SearchAction","target":{"@type":"EntryPoint","urlTemplate":"https:\/\/www.accuratereviews.com\/it\/?s={search_term_string}"},"query-input":{"@type":"PropertyValueSpecification","valueRequired":true,"valueName":"search_term_string"}}],"inLanguage":"it-IT"}]}},"_links":{"self":[{"href":"https:\/\/www.accuratereviews.com\/it\/wp-json\/wp\/v2\/pages\/30725","targetHints":{"allow":["GET"]}}],"collection":[{"href":"https:\/\/www.accuratereviews.com\/it\/wp-json\/wp\/v2\/pages"}],"about":[{"href":"https:\/\/www.accuratereviews.com\/it\/wp-json\/wp\/v2\/types\/page"}],"author":[{"embeddable":true,"href":"https:\/\/www.accuratereviews.com\/it\/wp-json\/wp\/v2\/users\/19"}],"replies":[{"embeddable":true,"href":"https:\/\/www.accuratereviews.com\/it\/wp-json\/wp\/v2\/comments?post=30725"}],"version-history":[{"count":5,"href":"https:\/\/www.accuratereviews.com\/it\/wp-json\/wp\/v2\/pages\/30725\/revisions"}],"predecessor-version":[{"id":36788,"href":"https:\/\/www.accuratereviews.com\/it\/wp-json\/wp\/v2\/pages\/30725\/revisions\/36788"}],"up":[{"embeddable":true,"href":"https:\/\/www.accuratereviews.com\/it\/wp-json\/wp\/v2\/pages\/30279"}],"wp:featuredmedia":[{"embeddable":true,"href":"https:\/\/www.accuratereviews.com\/it\/wp-json\/wp\/v2\/media\/30729"}],"wp:attachment":[{"href":"https:\/\/www.accuratereviews.com\/it\/wp-json\/wp\/v2\/media?parent=30725"}],"wp:term":[{"taxonomy":"category","embeddable":true,"href":"https:\/\/www.accuratereviews.com\/it\/wp-json\/wp\/v2\/categories?post=30725"},{"taxonomy":"post_tag","embeddable":true,"href":"https:\/\/www.accuratereviews.com\/it\/wp-json\/wp\/v2\/tags?post=30725"},{"taxonomy":"features","embeddable":true,"href":"https:\/\/www.accuratereviews.com\/it\/wp-json\/wp\/v2\/features?post=30725"}],"curies":[{"name":"wp","href":"https:\/\/api.w.org\/{rel}","templated":true}]}}