{"id":30756,"date":"2020-10-05T09:50:49","date_gmt":"2020-10-05T09:50:49","guid":{"rendered":"https:\/\/www.accuratereviews.com\/?page_id=30756"},"modified":"2020-10-05T09:50:49","modified_gmt":"2020-10-05T09:50:49","slug":"charitytracker-recensione","status":"publish","type":"page","link":"https:\/\/www.accuratereviews.com\/it\/gestionale-per-servizi-sociali\/charitytracker-recensione\/","title":{"rendered":"CharityTracker"},"content":{"rendered":"<p><strong>CharityTracker<\/strong> \u00e8 uno strumento di <strong>gestione per i servizi sociali<\/strong> basato su <strong>cloud<\/strong> che aiuta le organizzazioni senza scopo di lucro a gestire dati statistici, segnalazioni, collaborazione e avvisi. Le caratteristiche principali di <strong>CharityTracker<\/strong> includono elenchi di agenzie, budget, backup dei dati, pubblicazione di bollettini e rapporti personalizzati. Il suo modulo di gestione dei casi consente agli utenti di assegnare risorse, fornire assistenza finanziaria ai membri e indirizzare i fornitori locali alle persone bisognose. Inoltre, consente agli utenti di eseguire ricerche nel database sui potenziali membri e monitorare eventuali cambiamenti nella comunit\u00e0. Ulteriori funzionalit\u00e0 offerte sono il caricamento di file, le firme digitali, i riferimenti dei client e il controllo degli accessi. Aiuta gli utenti a ridurre l&#8217;immissione manuale dei dati attraverso la sua integrazione con lettori di codici a barre.<\/p>\n<h2>CHARITYTRACKER &#8211; TUTORIAL<\/h2>\n<p>Guardiamo il tutorial che segue su questo <strong>software di gestione per servizi sociali<\/strong>:<\/p>\n<div id=\"fluid-wrapper-counter-1\" class=\"g1-fluid-wrapper \" style=\"width:686px;\">\n<div style=\"padding-bottom:56.268221574344%;\"><iframe loading=\"lazy\" title=\"CharityTracker HMIS Intro\" width=\"686\" height=\"386\" src=\"https:\/\/www.youtube.com\/embed\/UxHATAIBcvE?feature=oembed&amp;wmode=transparent&amp;autohide=1&amp;autoplay=0&amp;disablekb=0&amp;fs=1&amp;loop=0&amp;enablejsapi=1&amp;rel=0&amp;controls=2&amp;showinfo=0&amp;wmode=transparent&amp;autohide=2&amp;autoplay=0&amp;disablekb=0&amp;fs=1&amp;loop=0&amp;enablejsapi=1&amp;rel=0&amp;controls=2&amp;showinfo=1\" frameborder=\"0\" allow=\"accelerometer; autoplay; clipboard-write; encrypted-media; gyroscope; picture-in-picture\" allowfullscreen><\/iframe><\/div>\n<\/div>\n<h3>CHARITYTRACKER &#8211; CARATTERISTICHE<\/h3>\n<ul>\n<li>Riduci drasticamente i tempi di immissione dei dati con l&#8217;integrazione di codici a barre per i clienti e l&#8217;assistenza. Stampa e usa carte d&#8217;identit\u00e0 senza hardware costoso. Apri un caso e registra l&#8217;assistenza in pochi secondi<\/li>\n<li>Le firme digitali ti danno la libert\u00e0 di memorizzare il rilascio di informazioni del tuo cliente senza stampare una copia cartacea. Puoi acquisire firme utilizzando il mouse, lo smartphone o un tablet.<\/li>\n<li>Sviluppa una roadmap per i tuoi clienti, quindi collabora con altre agenzie per guidare un individuo verso l&#8217;auto-sostenibilit\u00e0. I risultati sono stati personalizzati per la flessibilit\u00e0 all&#8217;interno del flusso di lavoro, consentendo un numero illimitato di sezioni, obiettivi e stati<\/li>\n<li>Le richieste e i rinvii consentono alla tua agenzia di assistere ogni persona che ti chiede aiuto<\/li>\n<li>L&#8217;indice fornisce un elenco di tutti i servizi offerti dalle agenzie che partecipano ai referral. In pochi istanti puoi trovare tutte le agenzie della tua comunit\u00e0 che offrono assistenza alimentare o trasporti di emergenza<\/li>\n<li>I gruppi forniscono una maggiore sicurezza per i dati dei clienti che non devono essere condivisi con tutti, ma possono essere condivisi con agenti o agenzie specifici. Le autorizzazioni di gruppo possono essere utilizzate per casi, note, record di assistenza, richieste, note e avvisi<\/li>\n<li>Devi distribuire moduli di iscrizione per la prossima sessione di formazione o salvare una copia digitalizzata della bolletta di un cliente con cui la tua agenzia ha assistito? Nessun problema, con il caricamento dei file puoi allegare file a bollettini, record di assistenza, richieste e note del caso<\/li>\n<\/ul>\n<h4>LE RECENSIONE DEGLI UTENTI<\/h4>\n<h4 class=\"font-weight-bold mb-1 d-flex align-items-center\">Dwana H.&#8221;Charity Tracker \u00e8 un regalo&#8221;<\/h4>\n<p><strong>Commenti: <\/strong>Personalmente penso che sia un&#8217;idea meravigliosa e mi \u00e8 piaciuto il codice a barre che puoi sfruttare a piacimento e che ha aiutato con meno tempo a mostrare alle persone come utilizzare il sito.<\/p>\n<p><strong>Vantaggi: <\/strong>Ha reso il sito di donazione la mia azienda situp cos\u00ec semplice e scorrevole. Vogliono aiutare le persone a pagare le bollette. Quindi, con Charity Tracker quando vai sul sito per donare puoi aprire il nuovo caso in cui \u00e8 elencato l&#8217;individuo e poi andare al servizio ed effettuare una donazione. Hanno elencato tutti coloro che hanno bisogno di assistenza.<\/p>\n<p><strong>Inconvenienti: <\/strong>Bene, molti dei dipendenti che non lavoravano in ufficio e non potevano usare un computer molto bene hanno avuto problemi a passare da un nuovo caso a fare clic su per aggiungere un servizio.<\/p>\n<h4 class=\"font-weight-bold mb-1 d-flex align-items-center\">David B.&#8221;Un ottimo software e il prezzo eccezionale \u00e8 un BONUS&#8221;<\/h4>\n<p><strong>Commenti: <\/strong>Esperienza complessiva &#8230; FANTASTICO! Eccellente supporto tecnico. Il sito web viene raramente interrotto. Facile da usare. ECCEZIONALE<\/p>\n<p><strong>Vantaggi: <\/strong>questo software \u00e8 il NUMERO 1 in termini di facilit\u00e0 d&#8217;uso. Questo \u00e8 ci\u00f2 che mi piace di pi\u00f9 di questo software. Anche la funzionalit\u00e0 di reporting \u00e8 piuttosto eccellente. Inoltre, c&#8217;\u00e8 l&#8217;aspetto della conformit\u00e0 HIPPA. Metti tutto insieme e questo \u00e8 probabilmente il database pi\u00f9 utile per le organizzazioni non profit.<\/p>\n<p><strong>Inconvenienti: <\/strong>Non credo che mi piaccia nulla di questo software. Se chiedessi di cambiare una cosa, sarebbe poter impostare promemoria in futuro per il follow-up al di fuori della sezione degli obiettivi del database<\/p>\n<h4 class=\"font-weight-bold mb-1 d-flex align-items-center\">Angela T.&#8221;Charity Tracker&#8221;<\/h4>\n<p><strong>Commenti: <\/strong>Questo software ci aiuta a utilizzare i nostri fondi di beneficenza per le persone con bisogni reali e aiuta a eliminare coloro che abusano del sistema<\/p>\n<p><strong>Vantaggi: <\/strong>Mi piace il collegamento di enti di beneficenza locali per aiutare coloro che nella nostra zona con i loro bisogni. Aiuta a prevenire cos\u00ec tanti abusi delle organizzazioni di beneficenza da parte di acquirenti abituali che non hanno interesse a migliorare se stessi e vogliono solo che gli altri paghino i loro conti.<\/p>\n<p><strong>Inconvenienti: <\/strong>Questo software funziona molto bene. Dal mio potenziale non ci sono aspetti negativi con il software.<\/p>\n","protected":false},"excerpt":{"rendered":"<p>CharityTracker \u00e8 uno strumento di gestione per i servizi sociali basato su cloud che aiuta le organizzazioni senza scopo di lucro a gestire dati statistici, segnalazioni, collaborazione e avvisi. Le caratteristiche principali di CharityTracker includono elenchi di agenzie, budget, backup dei dati, pubblicazione di bollettini e rapporti personalizzati.<\/p>\n","protected":false},"author":19,"featured_media":30758,"parent":30754,"menu_order":0,"comment_status":"open","ping_status":"closed","template":"g1_template_page_review_new.php","meta":{"_acf_changed":false,"cwp_meta_box_check":"Yes","cwp_rev_product_name":"","cwp_rev_product_image":"","wppr_links":[],"cwp_rev_price":"","wppr_options":[],"wppr_pros":[],"wppr_cons":[],"_monsterinsights_skip_tracking":false,"_monsterinsights_sitenote_active":false,"_monsterinsights_sitenote_note":"","_monsterinsights_sitenote_category":0,"footnotes":""},"categories":[3774],"tags":[3780,396,3776,3779,3778,3775,3777],"features":[],"class_list":{"0":"post-30756","1":"page","2":"type-page","3":"status-publish","4":"has-post-thumbnail","6":"category-gestionale-per-servizi-sociali","7":"tag-charitytracker","8":"tag-cloud","9":"tag-gestionale-per-servizi-sociali","10":"tag-piattaforma-gestionale-per-servizi-sociali","11":"tag-programma-gestionale-per-servizi-sociali","12":"tag-software-gestionale-per-servizi-sociali","13":"tag-soluzione-gestionale-per-servizi-sociali"},"wppr_data":{"cwp_meta_box_check":"Yes","cwp_rev_product_name":"","cwp_rev_product_image":"","cwp_image_link":"image","cwp_rev_price":"","wppr_rating":"0.00"},"acf":[],"yoast_head":"<!-- This site is optimized with the Yoast SEO plugin v27.4 - https:\/\/yoast.com\/product\/yoast-seo-wordpress\/ -->\n<title>CharityTracker: recensione software per servizi sociali - Accurate Reviews<\/title>\n<meta name=\"description\" content=\"CharityTracker: recensione software per i servizi sociali basato su cloud che aiuta a organizzare dati statistici, segnalazioni e avviusi.\" \/>\n<meta name=\"robots\" content=\"index, follow, max-snippet:-1, max-image-preview:large, max-video-preview:-1\" \/>\n<link rel=\"canonical\" href=\"https:\/\/www.accuratereviews.com\/it\/gestionale-per-servizi-sociali\/charitytracker-recensione\/\" \/>\n<meta property=\"og:locale\" content=\"it_IT\" \/>\n<meta property=\"og:type\" content=\"article\" \/>\n<meta property=\"og:title\" content=\"CharityTracker: recensione software per servizi sociali - Accurate Reviews\" \/>\n<meta property=\"og:description\" content=\"CharityTracker: recensione software per i servizi sociali basato su cloud che aiuta a organizzare dati statistici, segnalazioni e avviusi.\" \/>\n<meta property=\"og:url\" content=\"https:\/\/www.accuratereviews.com\/it\/gestionale-per-servizi-sociali\/charitytracker-recensione\/\" \/>\n<meta property=\"og:site_name\" content=\"Accurate Reviews\" \/>\n<meta property=\"og:image\" content=\"https:\/\/www.accuratereviews.com\/wp-content\/uploads\/2020\/10\/CharityTracker.jpg\" \/>\n\t<meta property=\"og:image:width\" content=\"512\" \/>\n\t<meta property=\"og:image:height\" content=\"256\" \/>\n\t<meta property=\"og:image:type\" content=\"image\/jpeg\" \/>\n<meta name=\"twitter:card\" content=\"summary_large_image\" \/>\n<meta name=\"twitter:label1\" content=\"Tempo di lettura stimato\" \/>\n\t<meta name=\"twitter:data1\" content=\"4 minuti\" \/>\n<script type=\"application\/ld+json\" class=\"yoast-schema-graph\">{\"@context\":\"https:\\\/\\\/schema.org\",\"@graph\":[{\"@type\":\"WebPage\",\"@id\":\"https:\\\/\\\/www.accuratereviews.com\\\/it\\\/gestionale-per-servizi-sociali\\\/charitytracker-recensione\\\/\",\"url\":\"https:\\\/\\\/www.accuratereviews.com\\\/it\\\/gestionale-per-servizi-sociali\\\/charitytracker-recensione\\\/\",\"name\":\"CharityTracker: recensione software per servizi sociali - Accurate Reviews\",\"isPartOf\":{\"@id\":\"https:\\\/\\\/www.accuratereviews.com\\\/it\\\/#website\"},\"primaryImageOfPage\":{\"@id\":\"https:\\\/\\\/www.accuratereviews.com\\\/it\\\/gestionale-per-servizi-sociali\\\/charitytracker-recensione\\\/#primaryimage\"},\"image\":{\"@id\":\"https:\\\/\\\/www.accuratereviews.com\\\/it\\\/gestionale-per-servizi-sociali\\\/charitytracker-recensione\\\/#primaryimage\"},\"thumbnailUrl\":\"https:\\\/\\\/www.accuratereviews.com\\\/wp-content\\\/uploads\\\/2020\\\/10\\\/CharityTracker.jpg\",\"datePublished\":\"2020-10-05T09:50:49+00:00\",\"description\":\"CharityTracker: recensione software per i servizi sociali basato su cloud che aiuta a organizzare dati statistici, segnalazioni e avviusi.\",\"breadcrumb\":{\"@id\":\"https:\\\/\\\/www.accuratereviews.com\\\/it\\\/gestionale-per-servizi-sociali\\\/charitytracker-recensione\\\/#breadcrumb\"},\"inLanguage\":\"it-IT\",\"potentialAction\":[{\"@type\":\"ReadAction\",\"target\":[\"https:\\\/\\\/www.accuratereviews.com\\\/it\\\/gestionale-per-servizi-sociali\\\/charitytracker-recensione\\\/\"]}]},{\"@type\":\"ImageObject\",\"inLanguage\":\"it-IT\",\"@id\":\"https:\\\/\\\/www.accuratereviews.com\\\/it\\\/gestionale-per-servizi-sociali\\\/charitytracker-recensione\\\/#primaryimage\",\"url\":\"https:\\\/\\\/www.accuratereviews.com\\\/wp-content\\\/uploads\\\/2020\\\/10\\\/CharityTracker.jpg\",\"contentUrl\":\"https:\\\/\\\/www.accuratereviews.com\\\/wp-content\\\/uploads\\\/2020\\\/10\\\/CharityTracker.jpg\",\"width\":512,\"height\":256},{\"@type\":\"BreadcrumbList\",\"@id\":\"https:\\\/\\\/www.accuratereviews.com\\\/it\\\/gestionale-per-servizi-sociali\\\/charitytracker-recensione\\\/#breadcrumb\",\"itemListElement\":[{\"@type\":\"ListItem\",\"position\":1,\"name\":\"Home\",\"item\":\"https:\\\/\\\/www.accuratereviews.com\\\/it\\\/\"},{\"@type\":\"ListItem\",\"position\":2,\"name\":\"Gestionale per servizi sociali\",\"item\":\"https:\\\/\\\/www.accuratereviews.com\\\/it\\\/gestionale-per-servizi-sociali\\\/\"},{\"@type\":\"ListItem\",\"position\":3,\"name\":\"CharityTracker\"}]},{\"@type\":\"WebSite\",\"@id\":\"https:\\\/\\\/www.accuratereviews.com\\\/it\\\/#website\",\"url\":\"https:\\\/\\\/www.accuratereviews.com\\\/it\\\/\",\"name\":\"Accurate Reviews\",\"description\":\"\",\"potentialAction\":[{\"@type\":\"SearchAction\",\"target\":{\"@type\":\"EntryPoint\",\"urlTemplate\":\"https:\\\/\\\/www.accuratereviews.com\\\/it\\\/?s={search_term_string}\"},\"query-input\":{\"@type\":\"PropertyValueSpecification\",\"valueRequired\":true,\"valueName\":\"search_term_string\"}}],\"inLanguage\":\"it-IT\"}]}<\/script>\n<!-- \/ Yoast SEO plugin. -->","yoast_head_json":{"title":"CharityTracker: recensione software per servizi sociali - Accurate Reviews","description":"CharityTracker: recensione software per i servizi sociali basato su cloud che aiuta a organizzare dati statistici, segnalazioni e avviusi.","robots":{"index":"index","follow":"follow","max-snippet":"max-snippet:-1","max-image-preview":"max-image-preview:large","max-video-preview":"max-video-preview:-1"},"canonical":"https:\/\/www.accuratereviews.com\/it\/gestionale-per-servizi-sociali\/charitytracker-recensione\/","og_locale":"it_IT","og_type":"article","og_title":"CharityTracker: recensione software per servizi sociali - Accurate Reviews","og_description":"CharityTracker: recensione software per i servizi sociali basato su cloud che aiuta a organizzare dati statistici, segnalazioni e avviusi.","og_url":"https:\/\/www.accuratereviews.com\/it\/gestionale-per-servizi-sociali\/charitytracker-recensione\/","og_site_name":"Accurate Reviews","og_image":[{"width":512,"height":256,"url":"https:\/\/www.accuratereviews.com\/wp-content\/uploads\/2020\/10\/CharityTracker.jpg","type":"image\/jpeg"}],"twitter_card":"summary_large_image","twitter_misc":{"Tempo di lettura stimato":"4 minuti"},"schema":{"@context":"https:\/\/schema.org","@graph":[{"@type":"WebPage","@id":"https:\/\/www.accuratereviews.com\/it\/gestionale-per-servizi-sociali\/charitytracker-recensione\/","url":"https:\/\/www.accuratereviews.com\/it\/gestionale-per-servizi-sociali\/charitytracker-recensione\/","name":"CharityTracker: recensione software per servizi sociali - Accurate Reviews","isPartOf":{"@id":"https:\/\/www.accuratereviews.com\/it\/#website"},"primaryImageOfPage":{"@id":"https:\/\/www.accuratereviews.com\/it\/gestionale-per-servizi-sociali\/charitytracker-recensione\/#primaryimage"},"image":{"@id":"https:\/\/www.accuratereviews.com\/it\/gestionale-per-servizi-sociali\/charitytracker-recensione\/#primaryimage"},"thumbnailUrl":"https:\/\/www.accuratereviews.com\/wp-content\/uploads\/2020\/10\/CharityTracker.jpg","datePublished":"2020-10-05T09:50:49+00:00","description":"CharityTracker: recensione software per i servizi sociali basato su cloud che aiuta a organizzare dati statistici, segnalazioni e avviusi.","breadcrumb":{"@id":"https:\/\/www.accuratereviews.com\/it\/gestionale-per-servizi-sociali\/charitytracker-recensione\/#breadcrumb"},"inLanguage":"it-IT","potentialAction":[{"@type":"ReadAction","target":["https:\/\/www.accuratereviews.com\/it\/gestionale-per-servizi-sociali\/charitytracker-recensione\/"]}]},{"@type":"ImageObject","inLanguage":"it-IT","@id":"https:\/\/www.accuratereviews.com\/it\/gestionale-per-servizi-sociali\/charitytracker-recensione\/#primaryimage","url":"https:\/\/www.accuratereviews.com\/wp-content\/uploads\/2020\/10\/CharityTracker.jpg","contentUrl":"https:\/\/www.accuratereviews.com\/wp-content\/uploads\/2020\/10\/CharityTracker.jpg","width":512,"height":256},{"@type":"BreadcrumbList","@id":"https:\/\/www.accuratereviews.com\/it\/gestionale-per-servizi-sociali\/charitytracker-recensione\/#breadcrumb","itemListElement":[{"@type":"ListItem","position":1,"name":"Home","item":"https:\/\/www.accuratereviews.com\/it\/"},{"@type":"ListItem","position":2,"name":"Gestionale per servizi sociali","item":"https:\/\/www.accuratereviews.com\/it\/gestionale-per-servizi-sociali\/"},{"@type":"ListItem","position":3,"name":"CharityTracker"}]},{"@type":"WebSite","@id":"https:\/\/www.accuratereviews.com\/it\/#website","url":"https:\/\/www.accuratereviews.com\/it\/","name":"Accurate Reviews","description":"","potentialAction":[{"@type":"SearchAction","target":{"@type":"EntryPoint","urlTemplate":"https:\/\/www.accuratereviews.com\/it\/?s={search_term_string}"},"query-input":{"@type":"PropertyValueSpecification","valueRequired":true,"valueName":"search_term_string"}}],"inLanguage":"it-IT"}]}},"_links":{"self":[{"href":"https:\/\/www.accuratereviews.com\/it\/wp-json\/wp\/v2\/pages\/30756","targetHints":{"allow":["GET"]}}],"collection":[{"href":"https:\/\/www.accuratereviews.com\/it\/wp-json\/wp\/v2\/pages"}],"about":[{"href":"https:\/\/www.accuratereviews.com\/it\/wp-json\/wp\/v2\/types\/page"}],"author":[{"embeddable":true,"href":"https:\/\/www.accuratereviews.com\/it\/wp-json\/wp\/v2\/users\/19"}],"replies":[{"embeddable":true,"href":"https:\/\/www.accuratereviews.com\/it\/wp-json\/wp\/v2\/comments?post=30756"}],"version-history":[{"count":8,"href":"https:\/\/www.accuratereviews.com\/it\/wp-json\/wp\/v2\/pages\/30756\/revisions"}],"predecessor-version":[{"id":30815,"href":"https:\/\/www.accuratereviews.com\/it\/wp-json\/wp\/v2\/pages\/30756\/revisions\/30815"}],"up":[{"embeddable":true,"href":"https:\/\/www.accuratereviews.com\/it\/wp-json\/wp\/v2\/pages\/30754"}],"wp:featuredmedia":[{"embeddable":true,"href":"https:\/\/www.accuratereviews.com\/it\/wp-json\/wp\/v2\/media\/30758"}],"wp:attachment":[{"href":"https:\/\/www.accuratereviews.com\/it\/wp-json\/wp\/v2\/media?parent=30756"}],"wp:term":[{"taxonomy":"category","embeddable":true,"href":"https:\/\/www.accuratereviews.com\/it\/wp-json\/wp\/v2\/categories?post=30756"},{"taxonomy":"post_tag","embeddable":true,"href":"https:\/\/www.accuratereviews.com\/it\/wp-json\/wp\/v2\/tags?post=30756"},{"taxonomy":"features","embeddable":true,"href":"https:\/\/www.accuratereviews.com\/it\/wp-json\/wp\/v2\/features?post=30756"}],"curies":[{"name":"wp","href":"https:\/\/api.w.org\/{rel}","templated":true}]}}