{"id":30766,"date":"2020-10-05T09:49:40","date_gmt":"2020-10-05T09:49:40","guid":{"rendered":"https:\/\/www.accuratereviews.com\/?page_id=30766"},"modified":"2020-10-14T19:25:48","modified_gmt":"2020-10-14T19:25:48","slug":"theranest-recensione","status":"publish","type":"page","link":"https:\/\/www.accuratereviews.com\/it\/gestionale-per-servizi-sociali\/theranest-recensione\/","title":{"rendered":"TheraNest"},"content":{"rendered":"<p><strong>TheraNest<\/strong> \u00e8 una soluzione <strong>gestionale per sevizi sociali<\/strong> basata sul web conforme a HIPAA utilizzata da professionisti, grandi studi medici di salute mentale e organizzazioni senza scopo di lucro. La soluzione \u00e8 adatta per terapisti, psicologi, psichiatri e assistenti sociali.\u00a0La soluzione offre un software per cartelle cliniche elettroniche (EMR) con un&#8217;app mobile per Android e iOS. Include anche un portale clienti, pianificazione dei pazienti, codici DSM \/ ICD, note di avanzamento, piani di trattamento e note di dimissione. Gli utenti possono rivedere e firmare note e creare moduli personalizzati.\u00a0Le funzionalit\u00e0 di fatturazione di <strong>TheraNest<\/strong> includono reclami assicurativi, servizi di carte di credito e fatture in batch. Gli amministratori possono generare rapporti, tra cui buste paga, fatturazione del personale e rapporti sulle fatture. Archiviazione documenti illimitata e supporto illimitato.<\/p>\n<h2>THERANEST &#8211; TUTORIAL<\/h2>\n<p>Guardiamo insieme questo tutorial in cui illustra le principali funzioni di questo <strong>software di gestionale per servizi sociali<\/strong>:<\/p>\n<div id=\"fluid-wrapper-counter-1\" class=\"g1-fluid-wrapper \" style=\"width:686px;\">\n<div style=\"padding-bottom:56.268221574344%;\"><iframe loading=\"lazy\" title=\"TheraNest Demo\" width=\"515\" height=\"386\" src=\"https:\/\/www.youtube.com\/embed\/NRTIsczpNSg?feature=oembed&amp;wmode=transparent&amp;autohide=1&amp;autoplay=0&amp;disablekb=0&amp;fs=1&amp;loop=0&amp;enablejsapi=1&amp;rel=0&amp;controls=2&amp;showinfo=0&amp;wmode=transparent&amp;autohide=2&amp;autoplay=0&amp;disablekb=0&amp;fs=1&amp;loop=0&amp;enablejsapi=1&amp;rel=0&amp;controls=2&amp;showinfo=1\" frameborder=\"0\" allow=\"accelerometer; autoplay; clipboard-write; encrypted-media; gyroscope; picture-in-picture\" allowfullscreen><\/iframe><\/div>\n<\/div>\n<h3>THERANEST &#8211; CARATTERISTICHE<\/h3>\n<ul>\n<li>Note individuali e di gruppo predisposte per DSM 5 con codici diagnostici disponibili e facili da preselezionare<\/li>\n<li>Modelli per note di avanzamento, valutazioni iniziali, piani di trattamento, riepiloghi delle dimissioni<\/li>\n<li>Monitorare e aggiornare i piani di trattamento con scopi e obiettivi<\/li>\n<li>Crea moduli personalizzati per soddisfare ogni tua esigenza<\/li>\n<li>Archivia e gestisci elettronicamente i grafici dei clienti, comprese le informazioni di contatto, la diagnosi, il trattamento e la cronologia del cliente<\/li>\n<li>Carica tutti i file client come patente di guida, tessera assicurativa, ecc. Con la nostra memoria illimitata dei documenti<\/li>\n<li>Scarica o stampa facilmente le note sulla terapia in un file PDF con il tuo logo incluso per i tuoi clienti<\/li>\n<li>Trova rapidamente sessioni con note mancanti con i nostri robusti rapporti<\/li>\n<li>Opzioni di revisione supervisione e co-firma disponibili per le note<\/li>\n<li>Ricevi notifiche automatiche sulle nuove note che richiedono l&#8217;approvazione<\/li>\n<li>Accetta le firme del cliente e del personale direttamente all&#8217;interno dell&#8217;applicazione<\/li>\n<li>Accedi a oltre 1.000 obiettivi di trattamento pre-scritti, obiettivi e note sui progressi, pi\u00f9 spazio per registrare le tue note, se necessario, con Wiley Practice Planners<\/li>\n<\/ul>\n<h4>LE RECENSIONE DEGLI UTENTI<\/h4>\n<h4 class=\"font-weight-bold mb-1 d-flex align-items-center\">Leigh S.&#8221;Business Made Easy&#8221;<\/h4>\n<p><strong>Commenti: <\/strong>Lo adoro. Amo l&#8217;estetica, la facilit\u00e0 e l&#8217;affidabilit\u00e0.<\/p>\n<p><strong>Vantaggi: <\/strong>TheraNest \u00e8 cos\u00ec facile da usare e conveniente. Ero preoccupato per l&#8217;aspetto commerciale dell&#8217;avvio del mio studio privato, ma ora mi sento un campione di affari. C&#8217;\u00e8 ancora molto da imparare, ma TheraNest ha semplificato e supporta molti aspetti della gestione della mia pratica con professionalit\u00e0 ed etica.<\/p>\n<p><strong>Inconvenienti: <\/strong>Ci sono alcuni difetti qua e l\u00e0, ma niente di grave. Vorrei poter passare pi\u00f9 facilmente un client alla telemedicina dal mio telefono (il pulsante \u00e8 molto piccolo e ci ho messo un po&#8217; per capirlo) e sarebbe utile un portale familiare con accesso singolo. Ma quelli sono facilmente aggirabili.<\/p>\n<h4 class=\"font-weight-bold mb-1 d-flex align-items-center\">Nick S.&#8221;Ottimo software di gestione pratica con un eccellente team di supporto&#8221;<\/h4>\n<p><strong>Commenti: <\/strong>La piattaforma di video chat di TheraNest ha davvero salvato la mia pratica quando abbiamo dovuto spostare le nostre sessioni online durante la pandemia di CoVID 19. I miei consulenti non hanno perso un colpo nel passaggio alla telemedicina perch\u00e9 TheraNest era gi\u00e0 pronto per noi per il passaggio. TheraNest aveva gi\u00e0 il sistema pronto per noi.<br \/>\nEd \u00e8 stato semplicissimo da usare! Tutto ci\u00f2 che i nostri clienti dovevano fare era fare clic su un collegamento e seguire due istruzioni. Questo \u00e8 tutto! Quasi tutti l&#8217;hanno capito subito.<br \/>\nDire che sono soddisfatto di TheraNest \u00e8 un eufemismo. \u00c8 un ottimo prodotto ad un prezzo molto ragionevole.<\/p>\n<p><strong>Vantaggi: <\/strong>TheraNest \u00e8 davvero facile da usare e si prende cura di tutto ci\u00f2 che la mia pratica richiede. TheraNest \u00e8 davvero uno sportello unico. Mi piace molto il modo in cui TheraNest gestisce l&#8217;elaborazione, la pianificazione e i promemoria della carta di credito. Ed ha un prezzo ragionevole.<br \/>\nTheraNest ha anche un eccellente staff di supporto. Non lo sottolineer\u00f2 mai abbastanza. TheraNest ha un eccellente staff di supporto. Ci sono istruzioni dettagliate e passo passo per tutto in, su e su TheraNest, ma se ho bisogno di parlare con un vero essere umano tutto quello che devo fare \u00e8 avviare una chat dal vivo premendo l&#8217;icona nella parte inferiore dello schermo .<br \/>\nTheraNest ascolta anche i suoi clienti. Migliora costantemente il sito web per renderlo pi\u00f9 facile da usare. \u00c8 stato impressionante vedere come TheraNest \u00e8 cresciuto e migliorato ogni mese da quando il mio studio si \u00e8 iscritto ad esso oltre 6 anni fa.<\/p>\n<p><strong>Inconvenienti: <\/strong>Non ho davvero alcuna lamentela su TheraNest.<\/p>\n<div class=\"ml-4 pl-4 border-left border-left__dotted i18n-translation_vendor_container\" data-translation-id=\"2301962\" data-translation-vendor-target=\"original\">\n<div class=\"d-flex flex-wrap flex-md-nowrap align-items-center\">\n<h4 class=\"font-weight-bold mb-1 d-flex align-items-center\">Lindsay R.&#8221;Sistema EHR preferito!&#8221;<\/h4>\n<p><strong>Commenti: <\/strong>Sono molto soddisfatto della mia esperienza con TheraNest. Mi sento sicuro sapendo che tutti i miei file sono in un unico posto e posso accedervi da qualsiasi luogo e in qualsiasi momento. Anche la formazione del personale \u00e8 facile con cos\u00ec tanti video e articoli per aiutarli a addestrarli su come utilizzare il sistema.<\/p>\n<p><strong>Vantaggi: <\/strong>Il prodotto \u00e8 intuitivo e facile da usare. Adoro la scrittura di note (posso copiare dall&#8217;ultima nota), la pianificazione del trattamento (sistema wiley) e le funzioni di fatturazione. Mi piace che TheraNest aggiorni costantemente e migliori sempre di pi\u00f9 il sistema!<\/p>\n<p><strong>Inconvenienti: <\/strong>La creazione di moduli personalizzati pu\u00f2 essere difficile. Non puoi copiare e incollare facilmente un documento e devi ricrearlo. Una volta che ci si abitua, diventa facile che richiede solo un po &#8216;di apprendimento :) A volte ci vogliono uno o due giorni per ricevere una risposta dal servizio clienti se usi la funzione di chat.<\/p>\n<\/div>\n<\/div>\n","protected":false},"excerpt":{"rendered":"<p>TheraNest \u00e8 una soluzione gestionale per sevizi sociali basata sul web conforme a HIPAA utilizzata da professionisti, grandi studi medici di salute mentale e organizzazioni senza scopo di lucro. La soluzione \u00e8 adatta per terapisti, psicologi, psichiatri e assistenti sociali.\u00a0La soluzione offre un software per cartelle cliniche elettroniche (EMR) con un&#8217;app mobile per Android e iOS.<\/p>\n","protected":false},"author":19,"featured_media":30767,"parent":30754,"menu_order":0,"comment_status":"open","ping_status":"closed","template":"g1_template_page_review_new.php","meta":{"_acf_changed":false,"cwp_meta_box_check":"Yes","cwp_rev_product_name":"","cwp_rev_product_image":"","wppr_links":[],"cwp_rev_price":"","wppr_options":[],"wppr_pros":[],"wppr_cons":[],"_monsterinsights_skip_tracking":false,"_monsterinsights_sitenote_active":false,"_monsterinsights_sitenote_note":"","_monsterinsights_sitenote_category":0,"footnotes":""},"categories":[3774],"tags":[3776,3790,3789,3787,3788,3791],"features":[],"class_list":{"0":"post-30766","1":"page","2":"type-page","3":"status-publish","4":"has-post-thumbnail","6":"category-gestionale-per-servizi-sociali","7":"tag-gestionale-per-servizi-sociali","8":"tag-piattaforma-per-servizi-sociali","9":"tag-programma-per-servizi-sociali","10":"tag-software-per-servizi-sociali","11":"tag-soluzione-per-servizi-sociali","12":"tag-theranest"},"wppr_data":{"cwp_meta_box_check":"Yes","cwp_rev_product_name":"","cwp_rev_product_image":"","cwp_image_link":"image","cwp_rev_price":"","wppr_rating":"0.00"},"acf":[],"yoast_head":"<!-- This site is optimized with the Yoast SEO plugin v27.4 - https:\/\/yoast.com\/product\/yoast-seo-wordpress\/ -->\n<title>TheraNest: recensione software per servizi sociali - Accurate Reviews<\/title>\n<meta name=\"description\" content=\"TheraNest: recensione software per sevizi sociali basata sul web utilizzata da studi medici di salute mentale e associazioni no-profit.\" \/>\n<meta name=\"robots\" content=\"index, follow, max-snippet:-1, max-image-preview:large, max-video-preview:-1\" \/>\n<link rel=\"canonical\" href=\"https:\/\/www.accuratereviews.com\/it\/gestionale-per-servizi-sociali\/theranest-recensione\/\" \/>\n<meta property=\"og:locale\" content=\"it_IT\" \/>\n<meta property=\"og:type\" content=\"article\" \/>\n<meta property=\"og:title\" content=\"TheraNest: recensione software per servizi sociali - Accurate Reviews\" \/>\n<meta property=\"og:description\" content=\"TheraNest: recensione software per sevizi sociali basata sul web utilizzata da studi medici di salute mentale e associazioni no-profit.\" \/>\n<meta property=\"og:url\" content=\"https:\/\/www.accuratereviews.com\/it\/gestionale-per-servizi-sociali\/theranest-recensione\/\" \/>\n<meta property=\"og:site_name\" content=\"Accurate Reviews\" \/>\n<meta property=\"article:modified_time\" content=\"2020-10-14T19:25:48+00:00\" \/>\n<meta property=\"og:image\" content=\"https:\/\/www.accuratereviews.com\/wp-content\/uploads\/2020\/10\/TheraNest.png\" \/>\n\t<meta property=\"og:image:width\" content=\"1123\" \/>\n\t<meta property=\"og:image:height\" content=\"239\" \/>\n\t<meta property=\"og:image:type\" content=\"image\/png\" \/>\n<meta name=\"twitter:card\" content=\"summary_large_image\" \/>\n<meta name=\"twitter:label1\" content=\"Tempo di lettura stimato\" \/>\n\t<meta name=\"twitter:data1\" content=\"4 minuti\" \/>\n<script type=\"application\/ld+json\" class=\"yoast-schema-graph\">{\"@context\":\"https:\\\/\\\/schema.org\",\"@graph\":[{\"@type\":\"WebPage\",\"@id\":\"https:\\\/\\\/www.accuratereviews.com\\\/it\\\/gestionale-per-servizi-sociali\\\/theranest-recensione\\\/\",\"url\":\"https:\\\/\\\/www.accuratereviews.com\\\/it\\\/gestionale-per-servizi-sociali\\\/theranest-recensione\\\/\",\"name\":\"TheraNest: recensione software per servizi sociali - Accurate Reviews\",\"isPartOf\":{\"@id\":\"https:\\\/\\\/www.accuratereviews.com\\\/it\\\/#website\"},\"primaryImageOfPage\":{\"@id\":\"https:\\\/\\\/www.accuratereviews.com\\\/it\\\/gestionale-per-servizi-sociali\\\/theranest-recensione\\\/#primaryimage\"},\"image\":{\"@id\":\"https:\\\/\\\/www.accuratereviews.com\\\/it\\\/gestionale-per-servizi-sociali\\\/theranest-recensione\\\/#primaryimage\"},\"thumbnailUrl\":\"https:\\\/\\\/www.accuratereviews.com\\\/wp-content\\\/uploads\\\/2020\\\/10\\\/TheraNest.png\",\"datePublished\":\"2020-10-05T09:49:40+00:00\",\"dateModified\":\"2020-10-14T19:25:48+00:00\",\"description\":\"TheraNest: recensione software per sevizi sociali basata sul web utilizzata da studi medici di salute mentale e associazioni no-profit.\",\"breadcrumb\":{\"@id\":\"https:\\\/\\\/www.accuratereviews.com\\\/it\\\/gestionale-per-servizi-sociali\\\/theranest-recensione\\\/#breadcrumb\"},\"inLanguage\":\"it-IT\",\"potentialAction\":[{\"@type\":\"ReadAction\",\"target\":[\"https:\\\/\\\/www.accuratereviews.com\\\/it\\\/gestionale-per-servizi-sociali\\\/theranest-recensione\\\/\"]}]},{\"@type\":\"ImageObject\",\"inLanguage\":\"it-IT\",\"@id\":\"https:\\\/\\\/www.accuratereviews.com\\\/it\\\/gestionale-per-servizi-sociali\\\/theranest-recensione\\\/#primaryimage\",\"url\":\"https:\\\/\\\/www.accuratereviews.com\\\/wp-content\\\/uploads\\\/2020\\\/10\\\/TheraNest.png\",\"contentUrl\":\"https:\\\/\\\/www.accuratereviews.com\\\/wp-content\\\/uploads\\\/2020\\\/10\\\/TheraNest.png\",\"width\":1123,\"height\":239},{\"@type\":\"BreadcrumbList\",\"@id\":\"https:\\\/\\\/www.accuratereviews.com\\\/it\\\/gestionale-per-servizi-sociali\\\/theranest-recensione\\\/#breadcrumb\",\"itemListElement\":[{\"@type\":\"ListItem\",\"position\":1,\"name\":\"Home\",\"item\":\"https:\\\/\\\/www.accuratereviews.com\\\/it\\\/\"},{\"@type\":\"ListItem\",\"position\":2,\"name\":\"Gestionale per servizi sociali\",\"item\":\"https:\\\/\\\/www.accuratereviews.com\\\/it\\\/gestionale-per-servizi-sociali\\\/\"},{\"@type\":\"ListItem\",\"position\":3,\"name\":\"TheraNest\"}]},{\"@type\":\"WebSite\",\"@id\":\"https:\\\/\\\/www.accuratereviews.com\\\/it\\\/#website\",\"url\":\"https:\\\/\\\/www.accuratereviews.com\\\/it\\\/\",\"name\":\"Accurate Reviews\",\"description\":\"\",\"potentialAction\":[{\"@type\":\"SearchAction\",\"target\":{\"@type\":\"EntryPoint\",\"urlTemplate\":\"https:\\\/\\\/www.accuratereviews.com\\\/it\\\/?s={search_term_string}\"},\"query-input\":{\"@type\":\"PropertyValueSpecification\",\"valueRequired\":true,\"valueName\":\"search_term_string\"}}],\"inLanguage\":\"it-IT\"}]}<\/script>\n<!-- \/ Yoast SEO plugin. -->","yoast_head_json":{"title":"TheraNest: recensione software per servizi sociali - Accurate Reviews","description":"TheraNest: recensione software per sevizi sociali basata sul web utilizzata da studi medici di salute mentale e associazioni no-profit.","robots":{"index":"index","follow":"follow","max-snippet":"max-snippet:-1","max-image-preview":"max-image-preview:large","max-video-preview":"max-video-preview:-1"},"canonical":"https:\/\/www.accuratereviews.com\/it\/gestionale-per-servizi-sociali\/theranest-recensione\/","og_locale":"it_IT","og_type":"article","og_title":"TheraNest: recensione software per servizi sociali - Accurate Reviews","og_description":"TheraNest: recensione software per sevizi sociali basata sul web utilizzata da studi medici di salute mentale e associazioni no-profit.","og_url":"https:\/\/www.accuratereviews.com\/it\/gestionale-per-servizi-sociali\/theranest-recensione\/","og_site_name":"Accurate Reviews","article_modified_time":"2020-10-14T19:25:48+00:00","og_image":[{"width":1123,"height":239,"url":"https:\/\/www.accuratereviews.com\/wp-content\/uploads\/2020\/10\/TheraNest.png","type":"image\/png"}],"twitter_card":"summary_large_image","twitter_misc":{"Tempo di lettura stimato":"4 minuti"},"schema":{"@context":"https:\/\/schema.org","@graph":[{"@type":"WebPage","@id":"https:\/\/www.accuratereviews.com\/it\/gestionale-per-servizi-sociali\/theranest-recensione\/","url":"https:\/\/www.accuratereviews.com\/it\/gestionale-per-servizi-sociali\/theranest-recensione\/","name":"TheraNest: recensione software per servizi sociali - Accurate Reviews","isPartOf":{"@id":"https:\/\/www.accuratereviews.com\/it\/#website"},"primaryImageOfPage":{"@id":"https:\/\/www.accuratereviews.com\/it\/gestionale-per-servizi-sociali\/theranest-recensione\/#primaryimage"},"image":{"@id":"https:\/\/www.accuratereviews.com\/it\/gestionale-per-servizi-sociali\/theranest-recensione\/#primaryimage"},"thumbnailUrl":"https:\/\/www.accuratereviews.com\/wp-content\/uploads\/2020\/10\/TheraNest.png","datePublished":"2020-10-05T09:49:40+00:00","dateModified":"2020-10-14T19:25:48+00:00","description":"TheraNest: recensione software per sevizi sociali basata sul web utilizzata da studi medici di salute mentale e associazioni no-profit.","breadcrumb":{"@id":"https:\/\/www.accuratereviews.com\/it\/gestionale-per-servizi-sociali\/theranest-recensione\/#breadcrumb"},"inLanguage":"it-IT","potentialAction":[{"@type":"ReadAction","target":["https:\/\/www.accuratereviews.com\/it\/gestionale-per-servizi-sociali\/theranest-recensione\/"]}]},{"@type":"ImageObject","inLanguage":"it-IT","@id":"https:\/\/www.accuratereviews.com\/it\/gestionale-per-servizi-sociali\/theranest-recensione\/#primaryimage","url":"https:\/\/www.accuratereviews.com\/wp-content\/uploads\/2020\/10\/TheraNest.png","contentUrl":"https:\/\/www.accuratereviews.com\/wp-content\/uploads\/2020\/10\/TheraNest.png","width":1123,"height":239},{"@type":"BreadcrumbList","@id":"https:\/\/www.accuratereviews.com\/it\/gestionale-per-servizi-sociali\/theranest-recensione\/#breadcrumb","itemListElement":[{"@type":"ListItem","position":1,"name":"Home","item":"https:\/\/www.accuratereviews.com\/it\/"},{"@type":"ListItem","position":2,"name":"Gestionale per servizi sociali","item":"https:\/\/www.accuratereviews.com\/it\/gestionale-per-servizi-sociali\/"},{"@type":"ListItem","position":3,"name":"TheraNest"}]},{"@type":"WebSite","@id":"https:\/\/www.accuratereviews.com\/it\/#website","url":"https:\/\/www.accuratereviews.com\/it\/","name":"Accurate Reviews","description":"","potentialAction":[{"@type":"SearchAction","target":{"@type":"EntryPoint","urlTemplate":"https:\/\/www.accuratereviews.com\/it\/?s={search_term_string}"},"query-input":{"@type":"PropertyValueSpecification","valueRequired":true,"valueName":"search_term_string"}}],"inLanguage":"it-IT"}]}},"_links":{"self":[{"href":"https:\/\/www.accuratereviews.com\/it\/wp-json\/wp\/v2\/pages\/30766","targetHints":{"allow":["GET"]}}],"collection":[{"href":"https:\/\/www.accuratereviews.com\/it\/wp-json\/wp\/v2\/pages"}],"about":[{"href":"https:\/\/www.accuratereviews.com\/it\/wp-json\/wp\/v2\/types\/page"}],"author":[{"embeddable":true,"href":"https:\/\/www.accuratereviews.com\/it\/wp-json\/wp\/v2\/users\/19"}],"replies":[{"embeddable":true,"href":"https:\/\/www.accuratereviews.com\/it\/wp-json\/wp\/v2\/comments?post=30766"}],"version-history":[{"count":12,"href":"https:\/\/www.accuratereviews.com\/it\/wp-json\/wp\/v2\/pages\/30766\/revisions"}],"predecessor-version":[{"id":31177,"href":"https:\/\/www.accuratereviews.com\/it\/wp-json\/wp\/v2\/pages\/30766\/revisions\/31177"}],"up":[{"embeddable":true,"href":"https:\/\/www.accuratereviews.com\/it\/wp-json\/wp\/v2\/pages\/30754"}],"wp:featuredmedia":[{"embeddable":true,"href":"https:\/\/www.accuratereviews.com\/it\/wp-json\/wp\/v2\/media\/30767"}],"wp:attachment":[{"href":"https:\/\/www.accuratereviews.com\/it\/wp-json\/wp\/v2\/media?parent=30766"}],"wp:term":[{"taxonomy":"category","embeddable":true,"href":"https:\/\/www.accuratereviews.com\/it\/wp-json\/wp\/v2\/categories?post=30766"},{"taxonomy":"post_tag","embeddable":true,"href":"https:\/\/www.accuratereviews.com\/it\/wp-json\/wp\/v2\/tags?post=30766"},{"taxonomy":"features","embeddable":true,"href":"https:\/\/www.accuratereviews.com\/it\/wp-json\/wp\/v2\/features?post=30766"}],"curies":[{"name":"wp","href":"https:\/\/api.w.org\/{rel}","templated":true}]}}