{"id":30846,"date":"2020-10-06T10:50:28","date_gmt":"2020-10-06T10:50:28","guid":{"rendered":"https:\/\/www.accuratereviews.com\/?page_id=30846"},"modified":"2020-10-06T10:50:28","modified_gmt":"2020-10-06T10:50:28","slug":"carelogic-recensione","status":"publish","type":"page","link":"https:\/\/www.accuratereviews.com\/it\/gestionale-per-servizi-sociali\/carelogic-recensione\/","title":{"rendered":"CareLogic"},"content":{"rendered":"<p><strong>CareLogic<\/strong> \u00e8 una <strong>piattaforma di cartelle cliniche elettroniche<\/strong> (EHR) basata su <strong>cloud<\/strong> per organizzazioni di salute comportamentale e servizi umani di medie e grandi dimensioni. Il sistema EHR offre alle agenzie una suite di capacit\u00e0 cliniche, amministrative e finanziarie tra cui pianificazione, assunzione, documentazione di servizio, prescrizione elettronica, coinvolgimento dei consumatori, fatturazione e reportistica.\u00a0CareLogic \u00e8 certificato ONC-ATCB e pu\u00f2 essere utilizzato da una variet\u00e0 di organizzazioni nel campo della salute mentale \/ comportamentale tra cui psichiatria, psicologia, terapia, consulenza, abuso di sostanze e altro. Supporta anche strutture mobili, ambulatoriali, comunitarie, residenziali e ospedaliere. Gli amministratori di sistema possono modificare la piattaforma per rispecchiare i flussi di lavoro esistenti e include un motore di convalida basato su regole per rilevare gli errori in tempo reale.<\/p>\n<h2>CARELOGIC &#8211; TUTORIAL<\/h2>\n<p>Guardiamo il video che illustre le principali funzioni di questo <strong>software gestionale per servizi sociali<\/strong>:<\/p>\n<div id=\"fluid-wrapper-counter-1\" class=\"g1-fluid-wrapper \" style=\"width:686px;\">\n<div style=\"padding-bottom:56.268221574344%;\"><iframe loading=\"lazy\" title=\"Care Logic EHR Software - Reviews &amp; Features\" width=\"686\" height=\"386\" src=\"https:\/\/www.youtube.com\/embed\/k_8s1NYaUHY?feature=oembed&amp;wmode=transparent&amp;autohide=1&amp;autoplay=0&amp;disablekb=0&amp;fs=1&amp;loop=0&amp;enablejsapi=1&amp;rel=0&amp;controls=2&amp;showinfo=0&amp;wmode=transparent&amp;autohide=2&amp;autoplay=0&amp;disablekb=0&amp;fs=1&amp;loop=0&amp;enablejsapi=1&amp;rel=0&amp;controls=2&amp;showinfo=1\" frameborder=\"0\" allow=\"accelerometer; autoplay; clipboard-write; encrypted-media; gyroscope; picture-in-picture\" allowfullscreen><\/iframe><\/div>\n<\/div>\n<h3>CARELOGIC &#8211; CARATTERISTICHE<\/h3>\n<ul>\n<li>Ricerca per carico di lavoro in base a nome cliente, ID cliente e numero cliente<\/li>\n<li>Accesso con un tocco per completare documenti incompleti, appuntamenti senza stato o sessioni aperte avviate offline<\/li>\n<li>Aggiungi rapidamente nuovi appuntamenti o accedi agli appuntamenti esistenti<\/li>\n<li>Accesso con un clic all&#8217;elenco dei documenti scaduti o in scadenza nei prossimi 7 giorni<\/li>\n<li>Scopri quando i clienti sono stati visti l&#8217;ultima volta con un clic<\/li>\n<li>Visualizza e gestisci gli appuntamenti di clienti e gruppi<\/li>\n<li>Guarda\u00a0e completa tutte le attivit\u00e0 in sospeso con un solo tocco<\/li>\n<li>Accesso rapido per iniziare un nuovo documento per il cliente<\/li>\n<li>Informazioni di contatto con l&#8217;integrazione di Maps<\/li>\n<li>Rapporti con i clienti<\/li>\n<li>Vitali con trend<\/li>\n<li>Farmaci e allergie<\/li>\n<li>Documentazione clinica<\/li>\n<li>Storia del servizio<\/li>\n<li>Diagnosi<\/li>\n<li>Foto del cliente<\/li>\n<li>Tutto ci\u00f2 di cui hai bisogno per documentare i servizi forniti nella comunit\u00e0<\/li>\n<\/ul>\n<h4>LE RECENSIONE DEGLI UTENTI<\/h4>\n<h4 class=\"font-weight-bold mb-1 d-flex align-items-center\">Peter E.&#8221;Collaborazione e attenzione al cliente&#8221;<\/h4>\n<p><strong>Commenti: <\/strong>Siamo in grado di creare documenti per soddisfare le esigenze della nostra linea di servizi. Siamo in grado di accedere ai dati per fare reportistica e fare pianificazione organizzativa. CareLogic \u00e8 stato un ottimo partner per la nostra organizzazione e per i servizi che forniamo.<\/p>\n<p><strong>Vantaggi: <\/strong>Il software \u00e8 altamente configurabile per soddisfare le esigenze della tua organizzazione. Il processo di implementazione \u00e8 stato una collaborazione tra la nostra organizzazione e Qualifacts. Esiste una forte comunit\u00e0 di utenti che funge da risorsa ma anche da collaborazione per l&#8217;apprendimento per le migliori pratiche e configurazione. Qualifacts si sforza di essere un partner con la sua base di clienti e si impegna ad aiutare i suoi clienti ad avere successo.<\/p>\n<p><strong>Inconvenienti: <\/strong>Sebbene il software sia altamente configurabile per soddisfare le esigenze dell&#8217;organizzazione, questa personalizzazione limita la sua capacit\u00e0 di spostare i dati dal modulo personalizzato dell&#8217;organizzazione a molteplici usi di quel modulo nei flussi di lavoro.<\/p>\n<h4 class=\"font-weight-bold mb-1 d-flex align-items-center\">James M.&#8221;Mantenere i dati dei clienti privati&#8221;<\/h4>\n<p><strong>Commenti: <\/strong>Nel complesso l&#8217;esperienza con CareLogic \u00e8 stata fantastica. Continueremo a trovare nuovi usi e funzionalit\u00e0 per migliorare i nostri programmi!<\/p>\n<p><strong>Vantaggi: <\/strong>CareLogic per noi \u00e8 stato fantastico! Abbiamo utilizzato questo programma negli ultimi anni e abbiamo trovato tanti usi diversi per ci\u00f2 di cui abbiamo bisogno. Ci piace il fatto di poter estrarre dati eccezionali dal sistema sotto forma di report ed essere in grado di inviarli direttamente per le sovvenzioni. Un&#8217;altra cosa che amiamo \u00e8 la possibilit\u00e0 di avere supervisori che accedono ai clienti del loro personale per assicurare un accesso arcuato ai dati!<\/p>\n<p><strong>Inconvenienti: <\/strong>L&#8217;unica cosa di cui trarrebbe vantaggio il nostro programma \u00e8 un modo per creare documenti che sono un po &#8216;meno immessi di dati sul campo medico. Tuttavia, abbiamo lavorato con CareLogic e il nostro team IT e abbiamo trovato alcuni ottimi modi per soddisfare le nostre esigenze nel nostro programma!<\/p>\n<h4 class=\"font-weight-bold mb-1 d-flex align-items-center\">Luke S.&#8221;\u00c8 facile da usare, ma a volte no.&#8221;<\/h4>\n<p><strong>Commenti: <\/strong>Nel complesso \u00e8 un ottimo strumento.<\/p>\n<p><strong>Vantaggi: <\/strong>Mi piace la facilit\u00e0 d&#8217;uso, il software ti guida praticamente nella direzione che devi andare quando stai inserendo clienti e documenti. Sai dove dovrebbe essere tutto e se non hai mai usato un determinato documento o modulo puoi facilmente indovinare dove cercare per trovarlo.<\/p>\n<p><strong>Inconvenienti: <\/strong>\u00c8 un po &#8216;difficile correggere gli errori. Se ho un medico che ha bisogno di correggere qualcosa in un&#8217;attivit\u00e0, ci sono alcuni passaggi che devo fare prima di poter apportare le modifiche necessarie, \u00e8 fantastico che blocchi le cose, ma a volte lo fa difficile. ad esempio, se ho bisogno di aggiustare un pagatore a cui \u00e8 collegata un&#8217;attivit\u00e0, devo andare a trovare tutte le attivit\u00e0 collegate e annullarle prima di poter apportare determinate modifiche.<\/p>\n","protected":false},"excerpt":{"rendered":"<p>CareLogic \u00e8 una piattaforma di cartelle cliniche elettroniche (EHR) basata su cloud per organizzazioni di salute comportamentale e servizi umani di medie e grandi dimensioni. Il sistema EHR offre alle agenzie una suite di capacit\u00e0 cliniche, amministrative e finanziarie tra cui pianificazione, assunzione, documentazione di servizio, prescrizione elettronica, coinvolgimento dei consumatori, fatturazione e reportistica.\u00a0<\/p>\n","protected":false},"author":19,"featured_media":30848,"parent":30754,"menu_order":0,"comment_status":"open","ping_status":"closed","template":"g1_template_page_review_new.php","meta":{"_acf_changed":false,"cwp_meta_box_check":"Yes","cwp_rev_product_name":"","cwp_rev_product_image":"","wppr_links":[],"cwp_rev_price":"","wppr_options":[],"wppr_pros":[],"wppr_cons":[],"_monsterinsights_skip_tracking":false,"_monsterinsights_sitenote_active":false,"_monsterinsights_sitenote_note":"","_monsterinsights_sitenote_category":0,"footnotes":""},"categories":[3774],"tags":[3812,3776,3779,3778,3775,3777],"features":[],"class_list":{"0":"post-30846","1":"page","2":"type-page","3":"status-publish","4":"has-post-thumbnail","6":"category-gestionale-per-servizi-sociali","7":"tag-carelogic","8":"tag-gestionale-per-servizi-sociali","9":"tag-piattaforma-gestionale-per-servizi-sociali","10":"tag-programma-gestionale-per-servizi-sociali","11":"tag-software-gestionale-per-servizi-sociali","12":"tag-soluzione-gestionale-per-servizi-sociali"},"wppr_data":{"cwp_meta_box_check":"Yes","cwp_rev_product_name":"","cwp_rev_product_image":"","cwp_image_link":"image","cwp_rev_price":"","wppr_rating":"0.00"},"acf":[],"yoast_head":"<!-- This site is optimized with the Yoast SEO plugin v27.4 - https:\/\/yoast.com\/product\/yoast-seo-wordpress\/ -->\n<title>CareLogic: recensione software gestione servizi sociali - Accurate Reviews<\/title>\n<meta name=\"description\" content=\"CareLogic: recensione software cartelle cliniche elettroniche basata su cloud per organizzazioni di salute comportamentale e servizi sociali.\" \/>\n<meta name=\"robots\" content=\"index, follow, max-snippet:-1, max-image-preview:large, max-video-preview:-1\" \/>\n<link rel=\"canonical\" href=\"https:\/\/www.accuratereviews.com\/it\/gestionale-per-servizi-sociali\/carelogic-recensione\/\" \/>\n<meta property=\"og:locale\" content=\"it_IT\" \/>\n<meta property=\"og:type\" content=\"article\" \/>\n<meta property=\"og:title\" content=\"CareLogic: recensione software gestione servizi sociali - Accurate Reviews\" \/>\n<meta property=\"og:description\" content=\"CareLogic: recensione software cartelle cliniche elettroniche basata su cloud per organizzazioni di salute comportamentale e servizi sociali.\" \/>\n<meta property=\"og:url\" content=\"https:\/\/www.accuratereviews.com\/it\/gestionale-per-servizi-sociali\/carelogic-recensione\/\" \/>\n<meta property=\"og:site_name\" content=\"Accurate Reviews\" \/>\n<meta property=\"og:image\" content=\"https:\/\/www.accuratereviews.com\/wp-content\/uploads\/2020\/10\/Qualifacts_Logo.png\" \/>\n\t<meta property=\"og:image:width\" content=\"760\" \/>\n\t<meta property=\"og:image:height\" content=\"232\" \/>\n\t<meta property=\"og:image:type\" content=\"image\/png\" \/>\n<meta name=\"twitter:card\" content=\"summary_large_image\" \/>\n<meta name=\"twitter:label1\" content=\"Tempo di lettura stimato\" \/>\n\t<meta name=\"twitter:data1\" content=\"4 minuti\" \/>\n<script type=\"application\/ld+json\" class=\"yoast-schema-graph\">{\"@context\":\"https:\\\/\\\/schema.org\",\"@graph\":[{\"@type\":\"WebPage\",\"@id\":\"https:\\\/\\\/www.accuratereviews.com\\\/it\\\/gestionale-per-servizi-sociali\\\/carelogic-recensione\\\/\",\"url\":\"https:\\\/\\\/www.accuratereviews.com\\\/it\\\/gestionale-per-servizi-sociali\\\/carelogic-recensione\\\/\",\"name\":\"CareLogic: recensione software gestione servizi sociali - Accurate Reviews\",\"isPartOf\":{\"@id\":\"https:\\\/\\\/www.accuratereviews.com\\\/it\\\/#website\"},\"primaryImageOfPage\":{\"@id\":\"https:\\\/\\\/www.accuratereviews.com\\\/it\\\/gestionale-per-servizi-sociali\\\/carelogic-recensione\\\/#primaryimage\"},\"image\":{\"@id\":\"https:\\\/\\\/www.accuratereviews.com\\\/it\\\/gestionale-per-servizi-sociali\\\/carelogic-recensione\\\/#primaryimage\"},\"thumbnailUrl\":\"https:\\\/\\\/www.accuratereviews.com\\\/wp-content\\\/uploads\\\/2020\\\/10\\\/Qualifacts_Logo.png\",\"datePublished\":\"2020-10-06T10:50:28+00:00\",\"description\":\"CareLogic: recensione software cartelle cliniche elettroniche basata su cloud per organizzazioni di salute comportamentale e servizi sociali.\",\"breadcrumb\":{\"@id\":\"https:\\\/\\\/www.accuratereviews.com\\\/it\\\/gestionale-per-servizi-sociali\\\/carelogic-recensione\\\/#breadcrumb\"},\"inLanguage\":\"it-IT\",\"potentialAction\":[{\"@type\":\"ReadAction\",\"target\":[\"https:\\\/\\\/www.accuratereviews.com\\\/it\\\/gestionale-per-servizi-sociali\\\/carelogic-recensione\\\/\"]}]},{\"@type\":\"ImageObject\",\"inLanguage\":\"it-IT\",\"@id\":\"https:\\\/\\\/www.accuratereviews.com\\\/it\\\/gestionale-per-servizi-sociali\\\/carelogic-recensione\\\/#primaryimage\",\"url\":\"https:\\\/\\\/www.accuratereviews.com\\\/wp-content\\\/uploads\\\/2020\\\/10\\\/Qualifacts_Logo.png\",\"contentUrl\":\"https:\\\/\\\/www.accuratereviews.com\\\/wp-content\\\/uploads\\\/2020\\\/10\\\/Qualifacts_Logo.png\",\"width\":760,\"height\":232},{\"@type\":\"BreadcrumbList\",\"@id\":\"https:\\\/\\\/www.accuratereviews.com\\\/it\\\/gestionale-per-servizi-sociali\\\/carelogic-recensione\\\/#breadcrumb\",\"itemListElement\":[{\"@type\":\"ListItem\",\"position\":1,\"name\":\"Home\",\"item\":\"https:\\\/\\\/www.accuratereviews.com\\\/it\\\/\"},{\"@type\":\"ListItem\",\"position\":2,\"name\":\"Gestionale per servizi sociali\",\"item\":\"https:\\\/\\\/www.accuratereviews.com\\\/it\\\/gestionale-per-servizi-sociali\\\/\"},{\"@type\":\"ListItem\",\"position\":3,\"name\":\"CareLogic\"}]},{\"@type\":\"WebSite\",\"@id\":\"https:\\\/\\\/www.accuratereviews.com\\\/it\\\/#website\",\"url\":\"https:\\\/\\\/www.accuratereviews.com\\\/it\\\/\",\"name\":\"Accurate Reviews\",\"description\":\"\",\"potentialAction\":[{\"@type\":\"SearchAction\",\"target\":{\"@type\":\"EntryPoint\",\"urlTemplate\":\"https:\\\/\\\/www.accuratereviews.com\\\/it\\\/?s={search_term_string}\"},\"query-input\":{\"@type\":\"PropertyValueSpecification\",\"valueRequired\":true,\"valueName\":\"search_term_string\"}}],\"inLanguage\":\"it-IT\"}]}<\/script>\n<!-- \/ Yoast SEO plugin. -->","yoast_head_json":{"title":"CareLogic: recensione software gestione servizi sociali - Accurate Reviews","description":"CareLogic: recensione software cartelle cliniche elettroniche basata su cloud per organizzazioni di salute comportamentale e servizi sociali.","robots":{"index":"index","follow":"follow","max-snippet":"max-snippet:-1","max-image-preview":"max-image-preview:large","max-video-preview":"max-video-preview:-1"},"canonical":"https:\/\/www.accuratereviews.com\/it\/gestionale-per-servizi-sociali\/carelogic-recensione\/","og_locale":"it_IT","og_type":"article","og_title":"CareLogic: recensione software gestione servizi sociali - Accurate Reviews","og_description":"CareLogic: recensione software cartelle cliniche elettroniche basata su cloud per organizzazioni di salute comportamentale e servizi sociali.","og_url":"https:\/\/www.accuratereviews.com\/it\/gestionale-per-servizi-sociali\/carelogic-recensione\/","og_site_name":"Accurate Reviews","og_image":[{"width":760,"height":232,"url":"https:\/\/www.accuratereviews.com\/wp-content\/uploads\/2020\/10\/Qualifacts_Logo.png","type":"image\/png"}],"twitter_card":"summary_large_image","twitter_misc":{"Tempo di lettura stimato":"4 minuti"},"schema":{"@context":"https:\/\/schema.org","@graph":[{"@type":"WebPage","@id":"https:\/\/www.accuratereviews.com\/it\/gestionale-per-servizi-sociali\/carelogic-recensione\/","url":"https:\/\/www.accuratereviews.com\/it\/gestionale-per-servizi-sociali\/carelogic-recensione\/","name":"CareLogic: recensione software gestione servizi sociali - Accurate Reviews","isPartOf":{"@id":"https:\/\/www.accuratereviews.com\/it\/#website"},"primaryImageOfPage":{"@id":"https:\/\/www.accuratereviews.com\/it\/gestionale-per-servizi-sociali\/carelogic-recensione\/#primaryimage"},"image":{"@id":"https:\/\/www.accuratereviews.com\/it\/gestionale-per-servizi-sociali\/carelogic-recensione\/#primaryimage"},"thumbnailUrl":"https:\/\/www.accuratereviews.com\/wp-content\/uploads\/2020\/10\/Qualifacts_Logo.png","datePublished":"2020-10-06T10:50:28+00:00","description":"CareLogic: recensione software cartelle cliniche elettroniche basata su cloud per organizzazioni di salute comportamentale e servizi sociali.","breadcrumb":{"@id":"https:\/\/www.accuratereviews.com\/it\/gestionale-per-servizi-sociali\/carelogic-recensione\/#breadcrumb"},"inLanguage":"it-IT","potentialAction":[{"@type":"ReadAction","target":["https:\/\/www.accuratereviews.com\/it\/gestionale-per-servizi-sociali\/carelogic-recensione\/"]}]},{"@type":"ImageObject","inLanguage":"it-IT","@id":"https:\/\/www.accuratereviews.com\/it\/gestionale-per-servizi-sociali\/carelogic-recensione\/#primaryimage","url":"https:\/\/www.accuratereviews.com\/wp-content\/uploads\/2020\/10\/Qualifacts_Logo.png","contentUrl":"https:\/\/www.accuratereviews.com\/wp-content\/uploads\/2020\/10\/Qualifacts_Logo.png","width":760,"height":232},{"@type":"BreadcrumbList","@id":"https:\/\/www.accuratereviews.com\/it\/gestionale-per-servizi-sociali\/carelogic-recensione\/#breadcrumb","itemListElement":[{"@type":"ListItem","position":1,"name":"Home","item":"https:\/\/www.accuratereviews.com\/it\/"},{"@type":"ListItem","position":2,"name":"Gestionale per servizi sociali","item":"https:\/\/www.accuratereviews.com\/it\/gestionale-per-servizi-sociali\/"},{"@type":"ListItem","position":3,"name":"CareLogic"}]},{"@type":"WebSite","@id":"https:\/\/www.accuratereviews.com\/it\/#website","url":"https:\/\/www.accuratereviews.com\/it\/","name":"Accurate Reviews","description":"","potentialAction":[{"@type":"SearchAction","target":{"@type":"EntryPoint","urlTemplate":"https:\/\/www.accuratereviews.com\/it\/?s={search_term_string}"},"query-input":{"@type":"PropertyValueSpecification","valueRequired":true,"valueName":"search_term_string"}}],"inLanguage":"it-IT"}]}},"_links":{"self":[{"href":"https:\/\/www.accuratereviews.com\/it\/wp-json\/wp\/v2\/pages\/30846","targetHints":{"allow":["GET"]}}],"collection":[{"href":"https:\/\/www.accuratereviews.com\/it\/wp-json\/wp\/v2\/pages"}],"about":[{"href":"https:\/\/www.accuratereviews.com\/it\/wp-json\/wp\/v2\/types\/page"}],"author":[{"embeddable":true,"href":"https:\/\/www.accuratereviews.com\/it\/wp-json\/wp\/v2\/users\/19"}],"replies":[{"embeddable":true,"href":"https:\/\/www.accuratereviews.com\/it\/wp-json\/wp\/v2\/comments?post=30846"}],"version-history":[{"count":7,"href":"https:\/\/www.accuratereviews.com\/it\/wp-json\/wp\/v2\/pages\/30846\/revisions"}],"predecessor-version":[{"id":30907,"href":"https:\/\/www.accuratereviews.com\/it\/wp-json\/wp\/v2\/pages\/30846\/revisions\/30907"}],"up":[{"embeddable":true,"href":"https:\/\/www.accuratereviews.com\/it\/wp-json\/wp\/v2\/pages\/30754"}],"wp:featuredmedia":[{"embeddable":true,"href":"https:\/\/www.accuratereviews.com\/it\/wp-json\/wp\/v2\/media\/30848"}],"wp:attachment":[{"href":"https:\/\/www.accuratereviews.com\/it\/wp-json\/wp\/v2\/media?parent=30846"}],"wp:term":[{"taxonomy":"category","embeddable":true,"href":"https:\/\/www.accuratereviews.com\/it\/wp-json\/wp\/v2\/categories?post=30846"},{"taxonomy":"post_tag","embeddable":true,"href":"https:\/\/www.accuratereviews.com\/it\/wp-json\/wp\/v2\/tags?post=30846"},{"taxonomy":"features","embeddable":true,"href":"https:\/\/www.accuratereviews.com\/it\/wp-json\/wp\/v2\/features?post=30846"}],"curies":[{"name":"wp","href":"https:\/\/api.w.org\/{rel}","templated":true}]}}