{"id":30943,"date":"2020-10-07T10:58:09","date_gmt":"2020-10-07T10:58:09","guid":{"rendered":"https:\/\/www.accuratereviews.com\/?page_id=30943"},"modified":"2020-10-16T07:07:49","modified_gmt":"2020-10-16T07:07:49","slug":"kaleidacare-solutions-recensione","status":"publish","type":"page","link":"https:\/\/www.accuratereviews.com\/it\/gestionale-per-servizi-sociali\/kaleidacare-solutions-recensione\/","title":{"rendered":"KaleidaCare Solutions"},"content":{"rendered":"<p><strong>KaleidaCare Solutions<\/strong> \u00e8 un <strong>software per i servizi sociali<\/strong> basata sul web che consente alle agenzie di gestire clienti, fatturazione e molto altro. Progettato per il servizio dell&#8217;affido, dell&#8217;infanzia e la famiglia, fornisce una suite di prodotti per monitorare e riferire su case, strutture e personale e promuovere l&#8217;efficienza in tutte le operazioni.\u00a0Le caratteristiche principali della soluzione include report in tempo reale, gestione dei documenti, amministrazione dei processi, fatturazione e un generatore di moduli personalizzati. Consente alle agenzie di monitorare i clienti in ogni fase del percorso, dall&#8217;approvazione iniziale al posizionamento in una casa affidataria specifica fino alla dimissione dalle case. Inoltre, \u00e8 dotato di una funzionalit\u00e0 di approvazione elettronica, che consente a utenti e manager \/ clienti di firmare moduli e note e di facilitare i processi di approvazione.<\/p>\n<h2>KALEIDACARE SOLUTION &#8211; TUTORIAL<\/h2>\n<p>Guarda il video che spiega i benefici per cui utilizzare questo <strong>software per i servizi sociali<\/strong>:<\/p>\n<div id=\"fluid-wrapper-counter-1\" class=\"g1-fluid-wrapper \" style=\"width:686px;\">\n<div style=\"padding-bottom:56.268221574344%;\"><iframe loading=\"lazy\" title=\"The KaleidaCare Difference\" width=\"686\" height=\"386\" src=\"https:\/\/www.youtube.com\/embed\/MjUMnGJ5klE?feature=oembed&amp;wmode=transparent&amp;autohide=1&amp;autoplay=0&amp;disablekb=0&amp;fs=1&amp;loop=0&amp;enablejsapi=1&amp;rel=0&amp;controls=2&amp;showinfo=0&amp;wmode=transparent&amp;autohide=2&amp;autoplay=0&amp;disablekb=0&amp;fs=1&amp;loop=0&amp;enablejsapi=1&amp;rel=0&amp;controls=2&amp;showinfo=1\" frameborder=\"0\" allow=\"accelerometer; autoplay; clipboard-write; encrypted-media; gyroscope; picture-in-picture\" allowfullscreen><\/iframe><\/div>\n<\/div>\n<h3>KALEIDACARE SOLUTION &#8211; CARATTERISTICHE<\/h3>\n<ul>\n<li>Traccia i clienti nuovi ed esistenti lungo le fasi di erogazione del servizio (referral avviato, collocato, scaricato, ecc.)<\/li>\n<li>Gestisci i rapporti per clienti, case, strutture e personale<\/li>\n<li>Crea report in base alle esigenze specifiche della tua agenzia<\/li>\n<li>Gestisci la fatturazione, aiutato dall&#8217;invio di reclami elettronici<\/li>\n<li>Ricevi notifiche e gestisci le scadenze<\/li>\n<li>Firmare elettronicamente i documenti da parte del lavoratore, del cliente e di terzi<\/li>\n<li>Archivia elettronicamente documenti come certificati di nascita, cartelle cliniche e prescrizioni<\/li>\n<\/ul>\n<h4>LE RECENSIONI DEGLI UTENTI<\/h4>\n<h4 class=\"font-weight-bold mb-1 d-flex align-items-center\">Sean K.&#8221;Semplicit\u00e0 Kaleidacare&#8221;<\/h4>\n<p><strong>Vantaggi: <\/strong>La maggior parte delle funzionalit\u00e0 vengono utilizzate allo stesso modo, semplificando la configurazione di nuovi utenti. La possibilit\u00e0 di personalizzare i moduli rende il software facilmente espandibile.<\/p>\n<p><strong>Inconvenienti: <\/strong>Desideri pi\u00f9 opzioni di personalizzazione con la creazione di moduli personalizzati e la mancanza di uno strumento di controllo della sicurezza completo.<\/p>\n<h4 class=\"font-weight-bold mb-1 d-flex align-items-center\">Deanne G.&#8221;Raccolta dati e gestione dei record&#8221;<\/h4>\n<p><strong>Commenti: <\/strong>Nel complesso positivo<\/p>\n<p><strong>Vantaggi: <\/strong>La funzione di raccolta dati \u00e8 molto utile, cos\u00ec come la gestione dei documenti per mantenere la conformit\u00e0 dei record.<\/p>\n<p><strong>Inconvenienti: <\/strong>Questo software potrebbe sicuramente utilizzare alcuni miglioramenti con la personalizzazione. Questo non \u00e8 un programma valido per tutti e sarebbe molto bello poter avere un po &#8216;pi\u00f9 di potere sui campi dati nei moduli standard. Inoltre, una funzione di data di scadenza (con promemoria) dovrebbe essere aggiunta alla gestione dei documenti in modo da poter vedere facilmente quando determinati documenti devono essere aggiornati.<\/p>\n<h5 class=\"font-weight-bold mb-1 d-flex align-items-center\">Kaylee V.<\/h5>\n<div class=\"i18n-translation_container review-card pt-4 py-3 py-md-5 border-bottom border-primary i18n-translation_translated\" data-translation-id=\"2165038\" data-translation-target=\"original\" data-container-view=\"ca-review\">\n<div class=\"container\">\n<div class=\"row\">\n<div class=\"col-lg-6 pl-lg-5\">\n<h3 class=\"h5 font-weight-bold flex-grow-1 mb-4\">&#8220;Ottimo software!&#8221;<\/h3>\n<p><strong>Commenti: <\/strong>Nel complesso, la mia esperienza con KaleidaCare Solutions7 \u00e8 stata FANTASTICA!<\/p>\n<p><strong>Vantaggi: <\/strong>Avendo usato alcuni EMR diversi nella mia carriera come fornitore di salute mentale, posso onestamente dire che Kaleidacare \u00e8 uno dei migliori. Il layout \u00e8 intuitivo e pulito, l&#8217;inserimento dei dati \u00e8 facile e personalizzabile e il servizio clienti \u00e8 straordinario. Alcuni EMR possono essere ingombranti o sembrare costruiti per professionisti IT e non per utenti nei settori medico \/ della salute mentale. Mi piace che Kaleidacare non sia cos\u00ec. Inoltre, mi \u00e8 davvero piaciuto lavorare con le persone di Kaleidacare. Che si tratti del team di vendita o del team di risoluzione dei problemi, tutte le persone con cui ho lavorato a Kaleidacare le ho conosciute per nome e sono state gentili, disponibili e professionali.<\/p>\n<p><strong>Inconvenienti: <\/strong>Penso che la mia unica lamentela su Kaleidacare sia che a volte \u00e8 difficile estrarre i dati.<\/p>\n<\/div>\n<\/div>\n<\/div>\n<\/div>\n<div class=\"i18n-translation_container review-card pt-4 py-3 py-md-5 border-bottom border-primary\" data-translation-id=\"2167086\" data-translation-target=\"translated\" data-container-view=\"ca-review\">\n<div class=\"container\">\n<div class=\"row\">\n<div class=\"col-lg-6 pr-lg-5\">\n<div class=\"row mb-4\">\n<h4 class=\"col-auto\">Damian K.&#8221;Ottimo software!&#8221;<\/h4>\n<\/div>\n<\/div>\n<div class=\"col-lg-6 pl-lg-5\">\n<div class=\"d-flex mb-4 align-items-center justify-content-end\">\n<p><strong>Commenti: <\/strong>Nel complesso, la mia esperienza con KaleidaCare Solutions7 \u00e8 stata FANTASTICA!<\/p>\n<p><strong>Vantaggi: <\/strong>Avendo usato alcuni EMR diversi nella mia carriera come fornitore di salute mentale, posso onestamente dire che Kaleidacare \u00e8 uno dei migliori. Il layout \u00e8 intuitivo e pulito, l&#8217;inserimento dei dati \u00e8 facile e personalizzabile e il servizio clienti \u00e8 straordinario. Alcuni EMR possono essere ingombranti o sembrare costruiti per professionisti IT e non per utenti nei settori medico \/ della salute mentale. Mi piace che Kaleidacare non sia cos\u00ec. Inoltre, mi \u00e8 davvero piaciuto lavorare con le persone di Kaleidacare. Che si tratti del team di vendita o del team di risoluzione dei problemi, tutte le persone con cui ho lavorato a Kaleidacare le ho conosciute per nome e sono state gentili, disponibili e professionali.<\/p>\n<p><strong>Inconvenienti: <\/strong>Penso che la mia unica lamentela su Kaleidacare sia che a volte \u00e8 difficile estrarre i dati.<\/p>\n<\/div>\n<\/div>\n<\/div>\n<\/div>\n<\/div>\n","protected":false},"excerpt":{"rendered":"<p>KaleidaCare Solutions \u00e8 un software per i servizi sociali basata sul web che consente alle agenzie di gestire clienti, fatturazione e molto altro. Progettato per il servizio dell&#8217;affido, dell&#8217;infanzia e la famiglia, fornisce una suite di prodotti per monitorare e riferire su case, strutture e personale e promuovere l&#8217;efficienza in tutte le operazioni.\u00a0<\/p>\n","protected":false},"author":19,"featured_media":30957,"parent":30754,"menu_order":0,"comment_status":"open","ping_status":"closed","template":"g1_template_page_review_new.php","meta":{"_acf_changed":false,"cwp_meta_box_check":"Yes","cwp_rev_product_name":"","cwp_rev_product_image":"","wppr_links":[],"cwp_rev_price":"","wppr_options":[],"wppr_pros":[],"wppr_cons":[],"_monsterinsights_skip_tracking":false,"_monsterinsights_sitenote_active":false,"_monsterinsights_sitenote_note":"","_monsterinsights_sitenote_category":0,"footnotes":""},"categories":[3774],"tags":[3776,3865,3779,3778,3775,3777],"features":[],"class_list":{"0":"post-30943","1":"page","2":"type-page","3":"status-publish","4":"has-post-thumbnail","6":"category-gestionale-per-servizi-sociali","7":"tag-gestionale-per-servizi-sociali","8":"tag-kaleidacare-solutions","9":"tag-piattaforma-gestionale-per-servizi-sociali","10":"tag-programma-gestionale-per-servizi-sociali","11":"tag-software-gestionale-per-servizi-sociali","12":"tag-soluzione-gestionale-per-servizi-sociali"},"wppr_data":{"cwp_meta_box_check":"Yes","cwp_rev_product_name":"","cwp_rev_product_image":"","cwp_image_link":"image","cwp_rev_price":"","wppr_rating":"0.00"},"acf":[],"yoast_head":"<!-- This site is optimized with the Yoast SEO plugin v27.4 - https:\/\/yoast.com\/product\/yoast-seo-wordpress\/ -->\n<title>KaleidaCare Solutions: recensione software per servizi sociali<\/title>\n<meta name=\"description\" content=\"KaleidaCare Solutions: recensione software per servizi sociali che consente alle agenzie di gestire clienti, fatturazione e molto altro.\" \/>\n<meta name=\"robots\" content=\"index, follow, max-snippet:-1, max-image-preview:large, max-video-preview:-1\" \/>\n<link rel=\"canonical\" href=\"https:\/\/www.accuratereviews.com\/it\/gestionale-per-servizi-sociali\/kaleidacare-solutions-recensione\/\" \/>\n<meta property=\"og:locale\" content=\"it_IT\" \/>\n<meta property=\"og:type\" content=\"article\" \/>\n<meta property=\"og:title\" content=\"KaleidaCare Solutions: recensione software per servizi sociali\" \/>\n<meta property=\"og:description\" content=\"KaleidaCare Solutions: recensione software per servizi sociali che consente alle agenzie di gestire clienti, fatturazione e molto altro.\" \/>\n<meta property=\"og:url\" content=\"https:\/\/www.accuratereviews.com\/it\/gestionale-per-servizi-sociali\/kaleidacare-solutions-recensione\/\" \/>\n<meta property=\"og:site_name\" content=\"Accurate Reviews\" \/>\n<meta property=\"article:modified_time\" content=\"2020-10-16T07:07:49+00:00\" \/>\n<meta property=\"og:image\" content=\"https:\/\/www.accuratereviews.com\/wp-content\/uploads\/2020\/10\/kaleidacare-.png\" \/>\n\t<meta property=\"og:image:width\" content=\"200\" \/>\n\t<meta property=\"og:image:height\" content=\"200\" \/>\n\t<meta property=\"og:image:type\" content=\"image\/png\" \/>\n<meta name=\"twitter:card\" content=\"summary_large_image\" \/>\n<meta name=\"twitter:label1\" content=\"Tempo di lettura stimato\" \/>\n\t<meta name=\"twitter:data1\" content=\"3 minuti\" \/>\n<script type=\"application\/ld+json\" class=\"yoast-schema-graph\">{\"@context\":\"https:\\\/\\\/schema.org\",\"@graph\":[{\"@type\":\"WebPage\",\"@id\":\"https:\\\/\\\/www.accuratereviews.com\\\/it\\\/gestionale-per-servizi-sociali\\\/kaleidacare-solutions-recensione\\\/\",\"url\":\"https:\\\/\\\/www.accuratereviews.com\\\/it\\\/gestionale-per-servizi-sociali\\\/kaleidacare-solutions-recensione\\\/\",\"name\":\"KaleidaCare Solutions: recensione software per servizi sociali\",\"isPartOf\":{\"@id\":\"https:\\\/\\\/www.accuratereviews.com\\\/it\\\/#website\"},\"primaryImageOfPage\":{\"@id\":\"https:\\\/\\\/www.accuratereviews.com\\\/it\\\/gestionale-per-servizi-sociali\\\/kaleidacare-solutions-recensione\\\/#primaryimage\"},\"image\":{\"@id\":\"https:\\\/\\\/www.accuratereviews.com\\\/it\\\/gestionale-per-servizi-sociali\\\/kaleidacare-solutions-recensione\\\/#primaryimage\"},\"thumbnailUrl\":\"https:\\\/\\\/www.accuratereviews.com\\\/wp-content\\\/uploads\\\/2020\\\/10\\\/kaleidacare-.png\",\"datePublished\":\"2020-10-07T10:58:09+00:00\",\"dateModified\":\"2020-10-16T07:07:49+00:00\",\"description\":\"KaleidaCare Solutions: recensione software per servizi sociali che consente alle agenzie di gestire clienti, fatturazione e molto altro.\",\"breadcrumb\":{\"@id\":\"https:\\\/\\\/www.accuratereviews.com\\\/it\\\/gestionale-per-servizi-sociali\\\/kaleidacare-solutions-recensione\\\/#breadcrumb\"},\"inLanguage\":\"it-IT\",\"potentialAction\":[{\"@type\":\"ReadAction\",\"target\":[\"https:\\\/\\\/www.accuratereviews.com\\\/it\\\/gestionale-per-servizi-sociali\\\/kaleidacare-solutions-recensione\\\/\"]}]},{\"@type\":\"ImageObject\",\"inLanguage\":\"it-IT\",\"@id\":\"https:\\\/\\\/www.accuratereviews.com\\\/it\\\/gestionale-per-servizi-sociali\\\/kaleidacare-solutions-recensione\\\/#primaryimage\",\"url\":\"https:\\\/\\\/www.accuratereviews.com\\\/wp-content\\\/uploads\\\/2020\\\/10\\\/kaleidacare-.png\",\"contentUrl\":\"https:\\\/\\\/www.accuratereviews.com\\\/wp-content\\\/uploads\\\/2020\\\/10\\\/kaleidacare-.png\",\"width\":200,\"height\":200},{\"@type\":\"BreadcrumbList\",\"@id\":\"https:\\\/\\\/www.accuratereviews.com\\\/it\\\/gestionale-per-servizi-sociali\\\/kaleidacare-solutions-recensione\\\/#breadcrumb\",\"itemListElement\":[{\"@type\":\"ListItem\",\"position\":1,\"name\":\"Home\",\"item\":\"https:\\\/\\\/www.accuratereviews.com\\\/it\\\/\"},{\"@type\":\"ListItem\",\"position\":2,\"name\":\"Gestionale per servizi sociali\",\"item\":\"https:\\\/\\\/www.accuratereviews.com\\\/it\\\/gestionale-per-servizi-sociali\\\/\"},{\"@type\":\"ListItem\",\"position\":3,\"name\":\"KaleidaCare Solutions\"}]},{\"@type\":\"WebSite\",\"@id\":\"https:\\\/\\\/www.accuratereviews.com\\\/it\\\/#website\",\"url\":\"https:\\\/\\\/www.accuratereviews.com\\\/it\\\/\",\"name\":\"Accurate Reviews\",\"description\":\"\",\"potentialAction\":[{\"@type\":\"SearchAction\",\"target\":{\"@type\":\"EntryPoint\",\"urlTemplate\":\"https:\\\/\\\/www.accuratereviews.com\\\/it\\\/?s={search_term_string}\"},\"query-input\":{\"@type\":\"PropertyValueSpecification\",\"valueRequired\":true,\"valueName\":\"search_term_string\"}}],\"inLanguage\":\"it-IT\"}]}<\/script>\n<!-- \/ Yoast SEO plugin. -->","yoast_head_json":{"title":"KaleidaCare Solutions: recensione software per servizi sociali","description":"KaleidaCare Solutions: recensione software per servizi sociali che consente alle agenzie di gestire clienti, fatturazione e molto altro.","robots":{"index":"index","follow":"follow","max-snippet":"max-snippet:-1","max-image-preview":"max-image-preview:large","max-video-preview":"max-video-preview:-1"},"canonical":"https:\/\/www.accuratereviews.com\/it\/gestionale-per-servizi-sociali\/kaleidacare-solutions-recensione\/","og_locale":"it_IT","og_type":"article","og_title":"KaleidaCare Solutions: recensione software per servizi sociali","og_description":"KaleidaCare Solutions: recensione software per servizi sociali che consente alle agenzie di gestire clienti, fatturazione e molto altro.","og_url":"https:\/\/www.accuratereviews.com\/it\/gestionale-per-servizi-sociali\/kaleidacare-solutions-recensione\/","og_site_name":"Accurate Reviews","article_modified_time":"2020-10-16T07:07:49+00:00","og_image":[{"width":200,"height":200,"url":"https:\/\/www.accuratereviews.com\/wp-content\/uploads\/2020\/10\/kaleidacare-.png","type":"image\/png"}],"twitter_card":"summary_large_image","twitter_misc":{"Tempo di lettura stimato":"3 minuti"},"schema":{"@context":"https:\/\/schema.org","@graph":[{"@type":"WebPage","@id":"https:\/\/www.accuratereviews.com\/it\/gestionale-per-servizi-sociali\/kaleidacare-solutions-recensione\/","url":"https:\/\/www.accuratereviews.com\/it\/gestionale-per-servizi-sociali\/kaleidacare-solutions-recensione\/","name":"KaleidaCare Solutions: recensione software per servizi sociali","isPartOf":{"@id":"https:\/\/www.accuratereviews.com\/it\/#website"},"primaryImageOfPage":{"@id":"https:\/\/www.accuratereviews.com\/it\/gestionale-per-servizi-sociali\/kaleidacare-solutions-recensione\/#primaryimage"},"image":{"@id":"https:\/\/www.accuratereviews.com\/it\/gestionale-per-servizi-sociali\/kaleidacare-solutions-recensione\/#primaryimage"},"thumbnailUrl":"https:\/\/www.accuratereviews.com\/wp-content\/uploads\/2020\/10\/kaleidacare-.png","datePublished":"2020-10-07T10:58:09+00:00","dateModified":"2020-10-16T07:07:49+00:00","description":"KaleidaCare Solutions: recensione software per servizi sociali che consente alle agenzie di gestire clienti, fatturazione e molto altro.","breadcrumb":{"@id":"https:\/\/www.accuratereviews.com\/it\/gestionale-per-servizi-sociali\/kaleidacare-solutions-recensione\/#breadcrumb"},"inLanguage":"it-IT","potentialAction":[{"@type":"ReadAction","target":["https:\/\/www.accuratereviews.com\/it\/gestionale-per-servizi-sociali\/kaleidacare-solutions-recensione\/"]}]},{"@type":"ImageObject","inLanguage":"it-IT","@id":"https:\/\/www.accuratereviews.com\/it\/gestionale-per-servizi-sociali\/kaleidacare-solutions-recensione\/#primaryimage","url":"https:\/\/www.accuratereviews.com\/wp-content\/uploads\/2020\/10\/kaleidacare-.png","contentUrl":"https:\/\/www.accuratereviews.com\/wp-content\/uploads\/2020\/10\/kaleidacare-.png","width":200,"height":200},{"@type":"BreadcrumbList","@id":"https:\/\/www.accuratereviews.com\/it\/gestionale-per-servizi-sociali\/kaleidacare-solutions-recensione\/#breadcrumb","itemListElement":[{"@type":"ListItem","position":1,"name":"Home","item":"https:\/\/www.accuratereviews.com\/it\/"},{"@type":"ListItem","position":2,"name":"Gestionale per servizi sociali","item":"https:\/\/www.accuratereviews.com\/it\/gestionale-per-servizi-sociali\/"},{"@type":"ListItem","position":3,"name":"KaleidaCare Solutions"}]},{"@type":"WebSite","@id":"https:\/\/www.accuratereviews.com\/it\/#website","url":"https:\/\/www.accuratereviews.com\/it\/","name":"Accurate Reviews","description":"","potentialAction":[{"@type":"SearchAction","target":{"@type":"EntryPoint","urlTemplate":"https:\/\/www.accuratereviews.com\/it\/?s={search_term_string}"},"query-input":{"@type":"PropertyValueSpecification","valueRequired":true,"valueName":"search_term_string"}}],"inLanguage":"it-IT"}]}},"_links":{"self":[{"href":"https:\/\/www.accuratereviews.com\/it\/wp-json\/wp\/v2\/pages\/30943","targetHints":{"allow":["GET"]}}],"collection":[{"href":"https:\/\/www.accuratereviews.com\/it\/wp-json\/wp\/v2\/pages"}],"about":[{"href":"https:\/\/www.accuratereviews.com\/it\/wp-json\/wp\/v2\/types\/page"}],"author":[{"embeddable":true,"href":"https:\/\/www.accuratereviews.com\/it\/wp-json\/wp\/v2\/users\/19"}],"replies":[{"embeddable":true,"href":"https:\/\/www.accuratereviews.com\/it\/wp-json\/wp\/v2\/comments?post=30943"}],"version-history":[{"count":6,"href":"https:\/\/www.accuratereviews.com\/it\/wp-json\/wp\/v2\/pages\/30943\/revisions"}],"predecessor-version":[{"id":31222,"href":"https:\/\/www.accuratereviews.com\/it\/wp-json\/wp\/v2\/pages\/30943\/revisions\/31222"}],"up":[{"embeddable":true,"href":"https:\/\/www.accuratereviews.com\/it\/wp-json\/wp\/v2\/pages\/30754"}],"wp:featuredmedia":[{"embeddable":true,"href":"https:\/\/www.accuratereviews.com\/it\/wp-json\/wp\/v2\/media\/30957"}],"wp:attachment":[{"href":"https:\/\/www.accuratereviews.com\/it\/wp-json\/wp\/v2\/media?parent=30943"}],"wp:term":[{"taxonomy":"category","embeddable":true,"href":"https:\/\/www.accuratereviews.com\/it\/wp-json\/wp\/v2\/categories?post=30943"},{"taxonomy":"post_tag","embeddable":true,"href":"https:\/\/www.accuratereviews.com\/it\/wp-json\/wp\/v2\/tags?post=30943"},{"taxonomy":"features","embeddable":true,"href":"https:\/\/www.accuratereviews.com\/it\/wp-json\/wp\/v2\/features?post=30943"}],"curies":[{"name":"wp","href":"https:\/\/api.w.org\/{rel}","templated":true}]}}