{"id":30970,"date":"2020-10-07T10:56:54","date_gmt":"2020-10-07T10:56:54","guid":{"rendered":"https:\/\/www.accuratereviews.com\/?page_id=30970"},"modified":"2020-10-16T07:06:11","modified_gmt":"2020-10-16T07:06:11","slug":"caseworthy-recensione","status":"publish","type":"page","link":"https:\/\/www.accuratereviews.com\/it\/gestionale-per-servizi-sociali\/caseworthy-recensione\/","title":{"rendered":"CaseWorthy"},"content":{"rendered":"<p><strong>CaseWorthy<\/strong> \u00e8 una<strong> soluzione di gestione dei casi<\/strong> basata su <strong>cloud<\/strong> progettata per organizzazioni non profit e agenzie governative per trasformare i dati chiave in informazioni utilizzabili e presentare casi. Le caratteristiche principali includono firma elettronica, analisi, reportistica, gestione dei documenti, flussi di lavoro basati su regole e altro ancora.\u00a0Con la funzione Spacial Mapping, gli utenti possono definire regioni geografiche e visualizzare clienti, fornitori e servizi in corso in pi\u00f9 regioni. La funzionalit\u00e0 di posta elettronica di gruppo e contenuto di massa permette agli utenti di inviare messaggi di posta elettronica personalizzati e notifiche specifiche per eventi ai client.\u00a0Le funzionalit\u00e0 di reportistica e analisi di <strong>CaseWorthy<\/strong> consentono agli utenti di creare grafici automatizzati ed esportare dati in pi\u00f9 formati per visualizzare gli sforzi. La funzione di idoneit\u00e0 basata su regole consente agli utenti di impostare regole e condizioni per l&#8217;aggiunta di client e la determinazione dell&#8217;idoneit\u00e0 al programma.<\/p>\n<h2>CASEWORTHY &#8211; TUTORIAL<\/h2>\n<p>Guardando il tutorial impareremo a generare fatture con questo <strong>software gestionale per servizi sociali<\/strong>:<\/p>\n<div id=\"fluid-wrapper-counter-1\" class=\"g1-fluid-wrapper \" style=\"width:686px;\">\n<div style=\"padding-bottom:56.268221574344%;\"><iframe loading=\"lazy\" title=\"DRS Billing Training in Caseworthy\" width=\"686\" height=\"386\" src=\"https:\/\/www.youtube.com\/embed\/u_WkJ6-9wZk?feature=oembed&amp;wmode=transparent&amp;autohide=1&amp;autoplay=0&amp;disablekb=0&amp;fs=1&amp;loop=0&amp;enablejsapi=1&amp;rel=0&amp;controls=2&amp;showinfo=0&amp;wmode=transparent&amp;autohide=2&amp;autoplay=0&amp;disablekb=0&amp;fs=1&amp;loop=0&amp;enablejsapi=1&amp;rel=0&amp;controls=2&amp;showinfo=1\" frameborder=\"0\" allow=\"accelerometer; autoplay; clipboard-write; encrypted-media; gyroscope; picture-in-picture\" allowfullscreen><\/iframe><\/div>\n<\/div>\n<h3>CASEWORTHY &#8211; CARATTERISTICHE<\/h3>\n<ul>\n<li><strong>Scansione<\/strong>: elimina i voucher cartacei per velocizzare l&#8217;identificazione dei clienti e i check-in, accedere ai record, monitorare l&#8217;utilizzo del programma e altro ancora<\/li>\n<li><strong>Contenuto di massa<\/strong>: invia email di gruppo o messaggi di testo creati da un modello, come le notifiche di approvazione del cliente, oppure personalizza il tuo<\/li>\n<li><strong>Mappatura<\/strong>: definisci le regioni geografiche su mappe dettagliate per visualizzare clienti, fornitori e diversi servizi e programmi all&#8217;interno di un&#8217;area specifica<\/li>\n<li><strong>Firme<\/strong>: registra e allega le firme dei clienti ai documenti elettronici a cui i dipendenti possono accedere dai loro tablet, smartphone o laptop<\/li>\n<li><strong>Analytics<\/strong>: esporta facilmente i dati o crea diagrammi e grafici automatizzati per vedere immediatamente i risultati dei tuoi sforzi di sensibilizzazione<\/li>\n<li><strong>Rapporti di conformit\u00e0<\/strong>: il team dedicato alla conformit\u00e0 \u00e8 al passo con l&#8217;acquisizione dei dati, le regole di idoneit\u00e0 e i requisiti di reporting della conformit\u00e0 per HMIS, CAP, Goodwill, HIV \/ AIDS, Catholic Charities e altro, cos\u00ec puoi concentrarti sui tuoi clienti<\/li>\n<li><strong>Gestione documenti<\/strong>: organizza e gestisci tutti i tuoi documenti in un unico posto: valutazioni, idoneit\u00e0, iscrizione, finanziamento e altro ancora<\/li>\n<li><strong>Rapporti operativi<\/strong>: analizza i dettagli in tempo reale che devi conoscere sui tuoi clienti, programmi e servizi: chi \u00e8 iscritto o chi \u00e8 uscito, risultati del programma, KPI, tassi di fidelizzazione e altro ancora<\/li>\n<li><strong>Dashboard Business Intelligence<\/strong>: personalizza i dashboard rivolti ai dipendenti e ai clienti per acquisire e visualizzare in modo sicuro le informazioni di cui hai bisogno, quando ne hai bisogno<\/li>\n<li><strong>Ruoli<\/strong>: imposta regole per controllare chi pu\u00f2 vedere e accedere a informazioni specifiche, a seconda dei ruoli nella tua agenzia<\/li>\n<li><strong>Flussi di lavoro<\/strong>: crea i tuoi flussi di lavoro personalizzati per automatizzare e standardizzare i processi di lavoro, come le assunzioni, in un semplice formato passo dopo passo<\/li>\n<li><strong>Regole di ammissibilit\u00e0<\/strong>: definisci i criteri di idoneit\u00e0 per ogni programma che offri insieme ai servizi forniti da tali programmi<\/li>\n<li><strong>Interrogazioni<\/strong>: aggiungi campi di dati ricercabili ai tuoi moduli in modo da poter raccogliere e trovare rapidamente le informazioni specifiche di cui hai bisogno<\/li>\n<\/ul>\n<h4>LE RECENSIONI DEGLI UTENTI<\/h4>\n<h4 class=\"font-weight-bold mb-1 d-flex align-items-center\">Mary G.&#8221;Molto personalizzabile&#8221;<\/h4>\n<p><strong>Commenti: <\/strong>Iniziato traballante a causa dell&#8217;elevato turnover del personale CaseWorthy. Tuttavia, una volta che mi \u00e8 stato assegnato un forte project manager e analista, le cose sono andate abbastanza bene. C&#8217;era un&#8217;eccellente comunicazione, risposta rapida e disponibilit\u00e0 a superare qualsiasi sfida.<\/p>\n<p><strong>Vantaggi: <\/strong>Molto personalizzabile per soddisfare le nostre esigenze. Ora abbiamo funzionalit\u00e0 per soddisfare le esigenze dei nostri programmi residenziali, cos\u00ec come la nostra clinica di salute mentale. L&#8217;alternativa sarebbe stata quella di utilizzare due diversi programmi software.<\/p>\n<p><strong>Inconvenienti: <\/strong>\u00c8 un po &#8216;pi\u00f9 complicato da usare per un utente finale rispetto al nostro software precedente, tuttavia, ci sono pi\u00f9 controlli \u00a0per garantire dati accurati e ha pi\u00f9 capacit\u00e0 funzionali. Quindi \u00e8 un compromesso. Il reporting ad-hoc \u00e8 anche pi\u00f9 complesso di quello che abbiamo utilizzato in passato.<\/p>\n<h4 class=\"font-weight-bold mb-1 d-flex align-items-center\">Ryan S.&#8221;Recensione degna di nota&#8221;<\/h4>\n<p><strong>Vantaggi: <\/strong>Nel complesso \u00e8 abbastanza facile da usare e insegnare. anche molto personalizzabile.<\/p>\n<p><strong>Inconvenienti: <\/strong>La parte che mi piace di meno \u00e8 far accadere le cose usando javascript, in particolare le date. Recentemente ho dovuto scrivere una funzione che impedisse alle persone di modificare le note se fosse stata creata pi\u00f9 di 30 giorni. Questo \u00e8 incredibilmente facile da fare in javascript ma non sembra opportuno riconoscere javascript sulle date, quindi ho dovuto capire come trasformare le tre parti separate della data (anno, mese e giorno) in numeri interi e poi trasformarli in stringhe in modo che possano essere concatenate e quindi trasformare nuovamente la stringa combinata in un numero intero in modo da poter eseguire calcoli su di essa. Tutto questo avrebbe potuto essere significativamente pi\u00f9 veloce e pi\u00f9 facile se degno di nota potesse semplicemente lasciarti fare addizioni e sottrazioni sulle date, o se \u00e8 gi\u00e0 possibile, allora dovrebbe essere comunicato in qualche modo.<\/p>\n<h4 class=\"font-weight-bold mb-1 d-flex align-items-center\">Jim G.&#8221;Spero questo sia di aiuto&#8221;<\/h4>\n<p><strong>Commenti: <\/strong>Ottimo servizio clienti<\/p>\n<p><strong>Vantaggi: <\/strong>Facilmente spostato &#8211; Pu\u00f2 essere personalizzato secondo necessit\u00e0.<\/p>\n<p><strong>Inconvenienti: <\/strong>Dato che ho solo amministrato questo software, non posso affermare gli svantaggi.<\/p>\n","protected":false},"excerpt":{"rendered":"<p>CaseWorthy \u00e8 una soluzione di gestione dei casi basata su cloud progettata per organizzazioni non profit e agenzie governative per trasformare i dati chiave in informazioni utilizzabili e presentare casi. Le caratteristiche principali includono firma elettronica, analisi, reportistica, gestione dei documenti, flussi di lavoro basati su regole e altro ancora.<\/p>\n","protected":false},"author":19,"featured_media":30974,"parent":30754,"menu_order":0,"comment_status":"open","ping_status":"closed","template":"g1_template_page_review_new.php","meta":{"_acf_changed":false,"cwp_meta_box_check":"Yes","cwp_rev_product_name":"","cwp_rev_product_image":"","wppr_links":[],"cwp_rev_price":"","wppr_options":[],"wppr_pros":[],"wppr_cons":[],"_monsterinsights_skip_tracking":false,"_monsterinsights_sitenote_active":false,"_monsterinsights_sitenote_note":"","_monsterinsights_sitenote_category":0,"footnotes":""},"categories":[3774],"tags":[3868,396,3866,3790,3789,3787,3867],"features":[],"class_list":{"0":"post-30970","1":"page","2":"type-page","3":"status-publish","4":"has-post-thumbnail","6":"category-gestionale-per-servizi-sociali","7":"tag-caseworthy","8":"tag-cloud","9":"tag-gestione-per-servizi-sociali","10":"tag-piattaforma-per-servizi-sociali","11":"tag-programma-per-servizi-sociali","12":"tag-software-per-servizi-sociali","13":"tag-soluzioni-per-servizi-sociali"},"wppr_data":{"cwp_meta_box_check":"Yes","cwp_rev_product_name":"","cwp_rev_product_image":"","cwp_image_link":"image","cwp_rev_price":"","wppr_rating":"0.00"},"acf":[],"yoast_head":"<!-- This site is optimized with the Yoast SEO plugin v27.4 - https:\/\/yoast.com\/product\/yoast-seo-wordpress\/ -->\n<title>CaseWorthy: recensioni software per servizi sociali - Accurate Reviews<\/title>\n<meta name=\"description\" content=\"CaseWorthy: recensione soluzione di gestione dei casi basata su cloud progettata per organizzazioni non profit e agenzie governative.\" \/>\n<meta name=\"robots\" content=\"index, follow, max-snippet:-1, max-image-preview:large, max-video-preview:-1\" \/>\n<link rel=\"canonical\" href=\"https:\/\/www.accuratereviews.com\/it\/gestionale-per-servizi-sociali\/caseworthy-recensione\/\" \/>\n<meta property=\"og:locale\" content=\"it_IT\" \/>\n<meta property=\"og:type\" content=\"article\" \/>\n<meta property=\"og:title\" content=\"CaseWorthy: recensioni software per servizi sociali - Accurate Reviews\" \/>\n<meta property=\"og:description\" content=\"CaseWorthy: recensione soluzione di gestione dei casi basata su cloud progettata per organizzazioni non profit e agenzie governative.\" \/>\n<meta property=\"og:url\" content=\"https:\/\/www.accuratereviews.com\/it\/gestionale-per-servizi-sociali\/caseworthy-recensione\/\" \/>\n<meta property=\"og:site_name\" content=\"Accurate Reviews\" \/>\n<meta property=\"article:modified_time\" content=\"2020-10-16T07:06:11+00:00\" \/>\n<meta property=\"og:image\" content=\"https:\/\/www.accuratereviews.com\/wp-content\/uploads\/2020\/10\/CaseWorthy.jpg\" \/>\n\t<meta property=\"og:image:width\" content=\"2018\" \/>\n\t<meta property=\"og:image:height\" content=\"1057\" \/>\n\t<meta property=\"og:image:type\" content=\"image\/jpeg\" \/>\n<meta name=\"twitter:card\" content=\"summary_large_image\" \/>\n<meta name=\"twitter:label1\" content=\"Tempo di lettura stimato\" \/>\n\t<meta name=\"twitter:data1\" content=\"4 minuti\" \/>\n<script type=\"application\/ld+json\" class=\"yoast-schema-graph\">{\"@context\":\"https:\\\/\\\/schema.org\",\"@graph\":[{\"@type\":\"WebPage\",\"@id\":\"https:\\\/\\\/www.accuratereviews.com\\\/it\\\/gestionale-per-servizi-sociali\\\/caseworthy-recensione\\\/\",\"url\":\"https:\\\/\\\/www.accuratereviews.com\\\/it\\\/gestionale-per-servizi-sociali\\\/caseworthy-recensione\\\/\",\"name\":\"CaseWorthy: recensioni software per servizi sociali - Accurate Reviews\",\"isPartOf\":{\"@id\":\"https:\\\/\\\/www.accuratereviews.com\\\/it\\\/#website\"},\"primaryImageOfPage\":{\"@id\":\"https:\\\/\\\/www.accuratereviews.com\\\/it\\\/gestionale-per-servizi-sociali\\\/caseworthy-recensione\\\/#primaryimage\"},\"image\":{\"@id\":\"https:\\\/\\\/www.accuratereviews.com\\\/it\\\/gestionale-per-servizi-sociali\\\/caseworthy-recensione\\\/#primaryimage\"},\"thumbnailUrl\":\"https:\\\/\\\/www.accuratereviews.com\\\/wp-content\\\/uploads\\\/2020\\\/10\\\/CaseWorthy.jpg\",\"datePublished\":\"2020-10-07T10:56:54+00:00\",\"dateModified\":\"2020-10-16T07:06:11+00:00\",\"description\":\"CaseWorthy: recensione soluzione di gestione dei casi basata su cloud progettata per organizzazioni non profit e agenzie governative.\",\"breadcrumb\":{\"@id\":\"https:\\\/\\\/www.accuratereviews.com\\\/it\\\/gestionale-per-servizi-sociali\\\/caseworthy-recensione\\\/#breadcrumb\"},\"inLanguage\":\"it-IT\",\"potentialAction\":[{\"@type\":\"ReadAction\",\"target\":[\"https:\\\/\\\/www.accuratereviews.com\\\/it\\\/gestionale-per-servizi-sociali\\\/caseworthy-recensione\\\/\"]}]},{\"@type\":\"ImageObject\",\"inLanguage\":\"it-IT\",\"@id\":\"https:\\\/\\\/www.accuratereviews.com\\\/it\\\/gestionale-per-servizi-sociali\\\/caseworthy-recensione\\\/#primaryimage\",\"url\":\"https:\\\/\\\/www.accuratereviews.com\\\/wp-content\\\/uploads\\\/2020\\\/10\\\/CaseWorthy.jpg\",\"contentUrl\":\"https:\\\/\\\/www.accuratereviews.com\\\/wp-content\\\/uploads\\\/2020\\\/10\\\/CaseWorthy.jpg\",\"width\":2018,\"height\":1057,\"caption\":\"New Logo for CaseWorthy (PRNewsFoto\\\/CaseWorthy, Inc.)\"},{\"@type\":\"BreadcrumbList\",\"@id\":\"https:\\\/\\\/www.accuratereviews.com\\\/it\\\/gestionale-per-servizi-sociali\\\/caseworthy-recensione\\\/#breadcrumb\",\"itemListElement\":[{\"@type\":\"ListItem\",\"position\":1,\"name\":\"Home\",\"item\":\"https:\\\/\\\/www.accuratereviews.com\\\/it\\\/\"},{\"@type\":\"ListItem\",\"position\":2,\"name\":\"Gestionale per servizi sociali\",\"item\":\"https:\\\/\\\/www.accuratereviews.com\\\/it\\\/gestionale-per-servizi-sociali\\\/\"},{\"@type\":\"ListItem\",\"position\":3,\"name\":\"CaseWorthy\"}]},{\"@type\":\"WebSite\",\"@id\":\"https:\\\/\\\/www.accuratereviews.com\\\/it\\\/#website\",\"url\":\"https:\\\/\\\/www.accuratereviews.com\\\/it\\\/\",\"name\":\"Accurate Reviews\",\"description\":\"\",\"potentialAction\":[{\"@type\":\"SearchAction\",\"target\":{\"@type\":\"EntryPoint\",\"urlTemplate\":\"https:\\\/\\\/www.accuratereviews.com\\\/it\\\/?s={search_term_string}\"},\"query-input\":{\"@type\":\"PropertyValueSpecification\",\"valueRequired\":true,\"valueName\":\"search_term_string\"}}],\"inLanguage\":\"it-IT\"}]}<\/script>\n<!-- \/ Yoast SEO plugin. -->","yoast_head_json":{"title":"CaseWorthy: recensioni software per servizi sociali - Accurate Reviews","description":"CaseWorthy: recensione soluzione di gestione dei casi basata su cloud progettata per organizzazioni non profit e agenzie governative.","robots":{"index":"index","follow":"follow","max-snippet":"max-snippet:-1","max-image-preview":"max-image-preview:large","max-video-preview":"max-video-preview:-1"},"canonical":"https:\/\/www.accuratereviews.com\/it\/gestionale-per-servizi-sociali\/caseworthy-recensione\/","og_locale":"it_IT","og_type":"article","og_title":"CaseWorthy: recensioni software per servizi sociali - Accurate Reviews","og_description":"CaseWorthy: recensione soluzione di gestione dei casi basata su cloud progettata per organizzazioni non profit e agenzie governative.","og_url":"https:\/\/www.accuratereviews.com\/it\/gestionale-per-servizi-sociali\/caseworthy-recensione\/","og_site_name":"Accurate Reviews","article_modified_time":"2020-10-16T07:06:11+00:00","og_image":[{"width":2018,"height":1057,"url":"https:\/\/www.accuratereviews.com\/wp-content\/uploads\/2020\/10\/CaseWorthy.jpg","type":"image\/jpeg"}],"twitter_card":"summary_large_image","twitter_misc":{"Tempo di lettura stimato":"4 minuti"},"schema":{"@context":"https:\/\/schema.org","@graph":[{"@type":"WebPage","@id":"https:\/\/www.accuratereviews.com\/it\/gestionale-per-servizi-sociali\/caseworthy-recensione\/","url":"https:\/\/www.accuratereviews.com\/it\/gestionale-per-servizi-sociali\/caseworthy-recensione\/","name":"CaseWorthy: recensioni software per servizi sociali - Accurate Reviews","isPartOf":{"@id":"https:\/\/www.accuratereviews.com\/it\/#website"},"primaryImageOfPage":{"@id":"https:\/\/www.accuratereviews.com\/it\/gestionale-per-servizi-sociali\/caseworthy-recensione\/#primaryimage"},"image":{"@id":"https:\/\/www.accuratereviews.com\/it\/gestionale-per-servizi-sociali\/caseworthy-recensione\/#primaryimage"},"thumbnailUrl":"https:\/\/www.accuratereviews.com\/wp-content\/uploads\/2020\/10\/CaseWorthy.jpg","datePublished":"2020-10-07T10:56:54+00:00","dateModified":"2020-10-16T07:06:11+00:00","description":"CaseWorthy: recensione soluzione di gestione dei casi basata su cloud progettata per organizzazioni non profit e agenzie governative.","breadcrumb":{"@id":"https:\/\/www.accuratereviews.com\/it\/gestionale-per-servizi-sociali\/caseworthy-recensione\/#breadcrumb"},"inLanguage":"it-IT","potentialAction":[{"@type":"ReadAction","target":["https:\/\/www.accuratereviews.com\/it\/gestionale-per-servizi-sociali\/caseworthy-recensione\/"]}]},{"@type":"ImageObject","inLanguage":"it-IT","@id":"https:\/\/www.accuratereviews.com\/it\/gestionale-per-servizi-sociali\/caseworthy-recensione\/#primaryimage","url":"https:\/\/www.accuratereviews.com\/wp-content\/uploads\/2020\/10\/CaseWorthy.jpg","contentUrl":"https:\/\/www.accuratereviews.com\/wp-content\/uploads\/2020\/10\/CaseWorthy.jpg","width":2018,"height":1057,"caption":"New Logo for CaseWorthy (PRNewsFoto\/CaseWorthy, Inc.)"},{"@type":"BreadcrumbList","@id":"https:\/\/www.accuratereviews.com\/it\/gestionale-per-servizi-sociali\/caseworthy-recensione\/#breadcrumb","itemListElement":[{"@type":"ListItem","position":1,"name":"Home","item":"https:\/\/www.accuratereviews.com\/it\/"},{"@type":"ListItem","position":2,"name":"Gestionale per servizi sociali","item":"https:\/\/www.accuratereviews.com\/it\/gestionale-per-servizi-sociali\/"},{"@type":"ListItem","position":3,"name":"CaseWorthy"}]},{"@type":"WebSite","@id":"https:\/\/www.accuratereviews.com\/it\/#website","url":"https:\/\/www.accuratereviews.com\/it\/","name":"Accurate Reviews","description":"","potentialAction":[{"@type":"SearchAction","target":{"@type":"EntryPoint","urlTemplate":"https:\/\/www.accuratereviews.com\/it\/?s={search_term_string}"},"query-input":{"@type":"PropertyValueSpecification","valueRequired":true,"valueName":"search_term_string"}}],"inLanguage":"it-IT"}]}},"_links":{"self":[{"href":"https:\/\/www.accuratereviews.com\/it\/wp-json\/wp\/v2\/pages\/30970","targetHints":{"allow":["GET"]}}],"collection":[{"href":"https:\/\/www.accuratereviews.com\/it\/wp-json\/wp\/v2\/pages"}],"about":[{"href":"https:\/\/www.accuratereviews.com\/it\/wp-json\/wp\/v2\/types\/page"}],"author":[{"embeddable":true,"href":"https:\/\/www.accuratereviews.com\/it\/wp-json\/wp\/v2\/users\/19"}],"replies":[{"embeddable":true,"href":"https:\/\/www.accuratereviews.com\/it\/wp-json\/wp\/v2\/comments?post=30970"}],"version-history":[{"count":9,"href":"https:\/\/www.accuratereviews.com\/it\/wp-json\/wp\/v2\/pages\/30970\/revisions"}],"predecessor-version":[{"id":30987,"href":"https:\/\/www.accuratereviews.com\/it\/wp-json\/wp\/v2\/pages\/30970\/revisions\/30987"}],"up":[{"embeddable":true,"href":"https:\/\/www.accuratereviews.com\/it\/wp-json\/wp\/v2\/pages\/30754"}],"wp:featuredmedia":[{"embeddable":true,"href":"https:\/\/www.accuratereviews.com\/it\/wp-json\/wp\/v2\/media\/30974"}],"wp:attachment":[{"href":"https:\/\/www.accuratereviews.com\/it\/wp-json\/wp\/v2\/media?parent=30970"}],"wp:term":[{"taxonomy":"category","embeddable":true,"href":"https:\/\/www.accuratereviews.com\/it\/wp-json\/wp\/v2\/categories?post=30970"},{"taxonomy":"post_tag","embeddable":true,"href":"https:\/\/www.accuratereviews.com\/it\/wp-json\/wp\/v2\/tags?post=30970"},{"taxonomy":"features","embeddable":true,"href":"https:\/\/www.accuratereviews.com\/it\/wp-json\/wp\/v2\/features?post=30970"}],"curies":[{"name":"wp","href":"https:\/\/api.w.org\/{rel}","templated":true}]}}