{"id":31030,"date":"2020-10-09T11:05:11","date_gmt":"2020-10-09T11:05:11","guid":{"rendered":"https:\/\/www.accuratereviews.com\/?page_id=31030"},"modified":"2020-10-09T11:05:11","modified_gmt":"2020-10-09T11:05:11","slug":"apricot-recensione","status":"publish","type":"page","link":"https:\/\/www.accuratereviews.com\/it\/gestionale-per-servizi-sociali\/apricot-recensione\/","title":{"rendered":"Apricot"},"content":{"rendered":"<p><strong>Apricot<\/strong> \u00e8 una <strong>soluzione di gestione dei casi<\/strong> basata su <strong>cloud<\/strong> progettata specificamente per le organizzazioni non profit per gestire donazioni, volontari ed eventi. Aiuta a semplificare la raccolta dei dati e il reporting per le associazioni e consente loro di concentrarsi sulla gestione dei clienti e sui risultati dei servizi sociali. <strong>Apricot<\/strong> for Funders include domande specifiche per sovvenzioni e borse di studio. Alcune funzionalit\u00e0 offerte all&#8217;interno della piattaforma includono moduli di raccolta dati personalizzabili, flussi di lavoro unici, impostazioni di sicurezza, dashboard personalizzabili, registrazione delle presenze, rapporti di gestione, firme elettroniche e archiviazione dei documenti. La soluzione di reporting \u00e8 dotata di tabelle e grafici dinamici e consente agli utenti di creare e condividere report all&#8217;interno e all&#8217;esterno dell&#8217;organizzazione.<\/p>\n<h2>APRICOT &#8211; TUTORIAL<\/h2>\n<p>Guardiamo insieme questo tutorial che illustra come utilizzare questo <strong>software gestionale per i servizi sociali<\/strong>:<\/p>\n<div id=\"fluid-wrapper-counter-1\" class=\"g1-fluid-wrapper \" style=\"width:686px;\">\n<div style=\"padding-bottom:56.268221574344%;\"><iframe loading=\"lazy\" title=\"AVS Adminstrator Orientation Webinar\" width=\"686\" height=\"386\" src=\"https:\/\/www.youtube.com\/embed\/ZTCcmf11Fus?feature=oembed&amp;wmode=transparent&amp;autohide=1&amp;autoplay=0&amp;disablekb=0&amp;fs=1&amp;loop=0&amp;enablejsapi=1&amp;rel=0&amp;controls=2&amp;showinfo=0&amp;wmode=transparent&amp;autohide=2&amp;autoplay=0&amp;disablekb=0&amp;fs=1&amp;loop=0&amp;enablejsapi=1&amp;rel=0&amp;controls=2&amp;showinfo=1\" frameborder=\"0\" allow=\"accelerometer; autoplay; clipboard-write; encrypted-media; gyroscope; picture-in-picture\" allowfullscreen><\/iframe><\/div>\n<\/div>\n<h2>APRICOT &#8211; CARATTERISTICHE<\/h2>\n<ul>\n<li><strong>Piattaforma sicura e conforme<\/strong>: i dati sono protetti, sottoposti a backup e conformi. Le autorizzazioni basate sugli utenti e gli audit trail consentono inoltre un accesso sicuro ai dati<\/li>\n<li><strong>Modelli pronti per l&#8217;uso<\/strong>: la soluzione include modelli incorporati, cos\u00ec piccole organizzazioni non profit e organizzazioni del settore pubblico possono risparmiare tempo e tornare a svolgere pi\u00f9 mission<\/li>\n<li><strong>Gestione del caso<\/strong>: tieni traccia, segnala e valuta la missione della tua organizzazione! Il programma ti consente di monitorare clienti, volontari, servizi e altro ancora<\/li>\n<li><strong>Progettazione di moduli drag-and-drop<\/strong>: aggiungi e modifica i moduli con la semplice funzionalit\u00e0 di trascinamento della selezione<\/li>\n<li><strong>Convalida dei dati:<\/strong> gli strumenti incorporati assicurano che i campi obbligatori siano completati, inseriti correttamente e non duplicati<\/li>\n<li><strong>Report di facile utilizzo<\/strong>: crea facilmente rapporti dinamici con la semplice funzionalit\u00e0 di trascinamento della selezione<\/li>\n<\/ul>\n<h4>LE RECENSIONI DEGLI UTENTI<\/h4>\n<h4 class=\"font-weight-bold mb-1 d-flex align-items-center\">John B.&#8221;Sono appena passato ad Apricot. Lo amo&#8221;<\/h4>\n<p><strong>Commenti: <\/strong>Ha lavorato su un altro prodotto per molto tempo (che \u00e8 anche molto buono e potente). Sono passato ad Apricot di recente e sono rimasto molto soddisfatto. Non \u00e8 potente come l&#8217;altro prodotto, ma \u00e8 pi\u00f9 facile da usare e anche molto meno costoso.<\/p>\n<p><strong>Vantaggi: <\/strong>Struttura del modulo semplice da comprendere. Usano il concetto di &#8220;cartella&#8221; per aiutarti a capire come sono organizzati i dati. Facile collegare i dati da una cartella all&#8217;altra. Il generatore di moduli ha molte funzioni semplici ma potenti (come i campi &#8220;Altro&#8221; automatizzati). Il motore di report \u00e8 abbastanza semplice per la gente pi\u00f9 modestamente esperta di tecnologia. E probabilmente il mio preferito sono i controlli di sicurezza &#8230; puoi creare set di sicurezza che ereditano da altri set di sicurezza. Risparmia molto tempo.<\/p>\n<p><strong>Inconvenienti: <\/strong>Ci sono molti spazi bianchi che sembrano non necessari. Significa che potresti dover scorrere un po &#8216;. La creazione di rapporti \/ esportazione dei dati \u00e8 buona, ma non cos\u00ec potente come alcuni altri prodotti.<\/p>\n<h4 class=\"font-weight-bold mb-1 d-flex align-items-center\">Kim T.&#8221;Ha iniziato alla grande con la tecnologia CTK, ma Social Solutions punta sui profitti delle organizzazioni non profit&#8221;<\/h4>\n<p><strong>Commenti: <\/strong>Apricot dovrebbe essere in grado di monitorare tutte le attivit\u00e0, le valutazioni, le spese, la gestione dei casi e i risultati del programma del cliente. Solo di recente abbiamo riprogettato il nostro sistema dopo due anni in cui non siamo stati in grado di fare ci\u00f2 di cui avevamo bisogno, quindi non abbiamo ancora visto questo livello di prestazioni. Questo \u00e8 il nostro primo mese online con il sistema correttamente riprogettato. Dato che dobbiamo migrare manualmente i dati, non saremo ancora in grado di estrarre pi\u00f9 di dati mensili per un po &#8216;, anche se abbiamo firmato contratti per Apricot da quasi quattro anni.<\/p>\n<p><strong>Vantaggi: <\/strong>\u00c8 personalizzabile in base alle tue esigenze. Aveva un design intuitivo con tecnologia CTK. CTK era molto ben informato sul loro prodotto e si concentrava sull&#8217;aiutare le organizzazioni non profit con le loro esigenze di tracciamento.<\/p>\n<p><strong>Inconvenienti: <\/strong>Social Solutions ha rilevato CTK proprio prima della firma del contratto. Non avevano personale esperto e quindi il nostro sistema \u00e8 stato progettato male e non ha mai funzionato correttamente. Abbiamo dovuto assumere un appaltatore esterno che aveva molti anni di esperienza con Apricot (sotto CTK Tech) per riprogettare il nostro sistema quest&#8217;anno. Quando abbiamo cercato di convincere Social Solutions a migrare gli ultimi due anni di dati che non sarebbero stati popolati correttamente, volevano addebitarci una tariffa mensile permanente per trasferire i dati dal loro design Apricot ai nostri moduli appena riprogettati in Apricot. Quindi dobbiamo trasferire manualmente due anni di dati. Recentemente hanno anche aumentato notevolmente le loro tasse annuali.<\/p>\n<h4 class=\"font-weight-bold mb-1 d-flex align-items-center\">Priscilla P.&#8221;Mi sto ancora abituando al software. \u00c8 difficile entrare e modificare il modulo.&#8221;<\/h4>\n<p><strong>Commenti: <\/strong>Nel complesso, il software \u00e8 altamente raccomandato e lo consiglier\u00f2 ad altre societ\u00e0 consociate.<\/p>\n<p><strong>Vantaggi: <\/strong>Fornisce rapporti su tutti i servizi resi alla popolazione che serviamo. Era conveniente tenere traccia di tutti i file. Possiamo evitare di utilizzare carta.<\/p>\n<p><strong>Inconvenienti: <\/strong>Solo l&#8217;amministratore pu\u00f2 vedere tutto al di l\u00e0 della pagina su cui si sta lavorando. A pi\u00f9 di un utente dovrebbe essere consentito di vedere tutto.<\/p>\n","protected":false},"excerpt":{"rendered":"<p>Apricot \u00e8 una soluzione di gestione dei casi basata su cloud progettata specificamente per le organizzazioni non profit per gestire donazioni, volontari ed eventi. Aiuta a semplificare la raccolta dei dati e il reporting per le associazioni e consente loro di concentrarsi sulla gestione dei clienti e sui risultati dei servizi sociali.<\/p>\n","protected":false},"author":19,"featured_media":31031,"parent":30754,"menu_order":0,"comment_status":"open","ping_status":"closed","template":"g1_template_page_review_new.php","meta":{"_acf_changed":false,"cwp_meta_box_check":"Yes","cwp_rev_product_name":"","cwp_rev_product_image":"","wppr_links":[],"cwp_rev_price":"","wppr_options":[],"wppr_pros":[],"wppr_cons":[],"_monsterinsights_skip_tracking":false,"_monsterinsights_sitenote_active":false,"_monsterinsights_sitenote_note":"","_monsterinsights_sitenote_category":0,"footnotes":""},"categories":[3774],"tags":[3878,396,3824,3779,3778,3823,3825],"features":[],"class_list":{"0":"post-31030","1":"page","2":"type-page","3":"status-publish","4":"has-post-thumbnail","6":"category-gestionale-per-servizi-sociali","7":"tag-apricot","8":"tag-cloud","9":"tag-gestionale-servizi-sociali","10":"tag-piattaforma-gestionale-per-servizi-sociali","11":"tag-programma-gestionale-per-servizi-sociali","12":"tag-software-gestionale-servizi-sociali","13":"tag-soluzione-gestionale-servizi-sociali"},"wppr_data":{"cwp_meta_box_check":"Yes","cwp_rev_product_name":"","cwp_rev_product_image":"","cwp_image_link":"image","cwp_rev_price":"","wppr_rating":"0.00"},"acf":[],"yoast_head":"<!-- This site is optimized with the Yoast SEO plugin v27.4 - https:\/\/yoast.com\/product\/yoast-seo-wordpress\/ -->\n<title>Apricot: recensione software gestionale servizi sociali - Accurate Reviews<\/title>\n<meta name=\"description\" content=\"Apricot: recensione soluzione di gestione dei casi basata su cloud progettata specificamente per le organizzazioni non profit.\" \/>\n<meta name=\"robots\" content=\"index, follow, max-snippet:-1, max-image-preview:large, max-video-preview:-1\" \/>\n<link rel=\"canonical\" href=\"https:\/\/www.accuratereviews.com\/it\/gestionale-per-servizi-sociali\/apricot-recensione\/\" \/>\n<meta property=\"og:locale\" content=\"it_IT\" \/>\n<meta property=\"og:type\" content=\"article\" \/>\n<meta property=\"og:title\" content=\"Apricot: recensione software gestionale servizi sociali - Accurate Reviews\" \/>\n<meta property=\"og:description\" content=\"Apricot: recensione soluzione di gestione dei casi basata su cloud progettata specificamente per le organizzazioni non profit.\" \/>\n<meta property=\"og:url\" content=\"https:\/\/www.accuratereviews.com\/it\/gestionale-per-servizi-sociali\/apricot-recensione\/\" \/>\n<meta property=\"og:site_name\" content=\"Accurate Reviews\" \/>\n<meta property=\"og:image\" content=\"https:\/\/www.accuratereviews.com\/wp-content\/uploads\/2020\/10\/apricot-logo.png\" \/>\n\t<meta property=\"og:image:width\" content=\"622\" \/>\n\t<meta property=\"og:image:height\" content=\"230\" \/>\n\t<meta property=\"og:image:type\" content=\"image\/png\" \/>\n<meta name=\"twitter:card\" content=\"summary_large_image\" \/>\n<meta name=\"twitter:label1\" content=\"Tempo di lettura stimato\" \/>\n\t<meta name=\"twitter:data1\" content=\"4 minuti\" \/>\n<script type=\"application\/ld+json\" class=\"yoast-schema-graph\">{\"@context\":\"https:\\\/\\\/schema.org\",\"@graph\":[{\"@type\":\"WebPage\",\"@id\":\"https:\\\/\\\/www.accuratereviews.com\\\/it\\\/gestionale-per-servizi-sociali\\\/apricot-recensione\\\/\",\"url\":\"https:\\\/\\\/www.accuratereviews.com\\\/it\\\/gestionale-per-servizi-sociali\\\/apricot-recensione\\\/\",\"name\":\"Apricot: recensione software gestionale servizi sociali - Accurate Reviews\",\"isPartOf\":{\"@id\":\"https:\\\/\\\/www.accuratereviews.com\\\/it\\\/#website\"},\"primaryImageOfPage\":{\"@id\":\"https:\\\/\\\/www.accuratereviews.com\\\/it\\\/gestionale-per-servizi-sociali\\\/apricot-recensione\\\/#primaryimage\"},\"image\":{\"@id\":\"https:\\\/\\\/www.accuratereviews.com\\\/it\\\/gestionale-per-servizi-sociali\\\/apricot-recensione\\\/#primaryimage\"},\"thumbnailUrl\":\"https:\\\/\\\/www.accuratereviews.com\\\/wp-content\\\/uploads\\\/2020\\\/10\\\/apricot-logo.png\",\"datePublished\":\"2020-10-09T11:05:11+00:00\",\"description\":\"Apricot: recensione soluzione di gestione dei casi basata su cloud progettata specificamente per le organizzazioni non profit.\",\"breadcrumb\":{\"@id\":\"https:\\\/\\\/www.accuratereviews.com\\\/it\\\/gestionale-per-servizi-sociali\\\/apricot-recensione\\\/#breadcrumb\"},\"inLanguage\":\"it-IT\",\"potentialAction\":[{\"@type\":\"ReadAction\",\"target\":[\"https:\\\/\\\/www.accuratereviews.com\\\/it\\\/gestionale-per-servizi-sociali\\\/apricot-recensione\\\/\"]}]},{\"@type\":\"ImageObject\",\"inLanguage\":\"it-IT\",\"@id\":\"https:\\\/\\\/www.accuratereviews.com\\\/it\\\/gestionale-per-servizi-sociali\\\/apricot-recensione\\\/#primaryimage\",\"url\":\"https:\\\/\\\/www.accuratereviews.com\\\/wp-content\\\/uploads\\\/2020\\\/10\\\/apricot-logo.png\",\"contentUrl\":\"https:\\\/\\\/www.accuratereviews.com\\\/wp-content\\\/uploads\\\/2020\\\/10\\\/apricot-logo.png\",\"width\":622,\"height\":230},{\"@type\":\"BreadcrumbList\",\"@id\":\"https:\\\/\\\/www.accuratereviews.com\\\/it\\\/gestionale-per-servizi-sociali\\\/apricot-recensione\\\/#breadcrumb\",\"itemListElement\":[{\"@type\":\"ListItem\",\"position\":1,\"name\":\"Home\",\"item\":\"https:\\\/\\\/www.accuratereviews.com\\\/it\\\/\"},{\"@type\":\"ListItem\",\"position\":2,\"name\":\"Gestionale per servizi sociali\",\"item\":\"https:\\\/\\\/www.accuratereviews.com\\\/it\\\/gestionale-per-servizi-sociali\\\/\"},{\"@type\":\"ListItem\",\"position\":3,\"name\":\"Apricot\"}]},{\"@type\":\"WebSite\",\"@id\":\"https:\\\/\\\/www.accuratereviews.com\\\/it\\\/#website\",\"url\":\"https:\\\/\\\/www.accuratereviews.com\\\/it\\\/\",\"name\":\"Accurate Reviews\",\"description\":\"\",\"potentialAction\":[{\"@type\":\"SearchAction\",\"target\":{\"@type\":\"EntryPoint\",\"urlTemplate\":\"https:\\\/\\\/www.accuratereviews.com\\\/it\\\/?s={search_term_string}\"},\"query-input\":{\"@type\":\"PropertyValueSpecification\",\"valueRequired\":true,\"valueName\":\"search_term_string\"}}],\"inLanguage\":\"it-IT\"}]}<\/script>\n<!-- \/ Yoast SEO plugin. -->","yoast_head_json":{"title":"Apricot: recensione software gestionale servizi sociali - Accurate Reviews","description":"Apricot: recensione soluzione di gestione dei casi basata su cloud progettata specificamente per le organizzazioni non profit.","robots":{"index":"index","follow":"follow","max-snippet":"max-snippet:-1","max-image-preview":"max-image-preview:large","max-video-preview":"max-video-preview:-1"},"canonical":"https:\/\/www.accuratereviews.com\/it\/gestionale-per-servizi-sociali\/apricot-recensione\/","og_locale":"it_IT","og_type":"article","og_title":"Apricot: recensione software gestionale servizi sociali - Accurate Reviews","og_description":"Apricot: recensione soluzione di gestione dei casi basata su cloud progettata specificamente per le organizzazioni non profit.","og_url":"https:\/\/www.accuratereviews.com\/it\/gestionale-per-servizi-sociali\/apricot-recensione\/","og_site_name":"Accurate Reviews","og_image":[{"width":622,"height":230,"url":"https:\/\/www.accuratereviews.com\/wp-content\/uploads\/2020\/10\/apricot-logo.png","type":"image\/png"}],"twitter_card":"summary_large_image","twitter_misc":{"Tempo di lettura stimato":"4 minuti"},"schema":{"@context":"https:\/\/schema.org","@graph":[{"@type":"WebPage","@id":"https:\/\/www.accuratereviews.com\/it\/gestionale-per-servizi-sociali\/apricot-recensione\/","url":"https:\/\/www.accuratereviews.com\/it\/gestionale-per-servizi-sociali\/apricot-recensione\/","name":"Apricot: recensione software gestionale servizi sociali - Accurate Reviews","isPartOf":{"@id":"https:\/\/www.accuratereviews.com\/it\/#website"},"primaryImageOfPage":{"@id":"https:\/\/www.accuratereviews.com\/it\/gestionale-per-servizi-sociali\/apricot-recensione\/#primaryimage"},"image":{"@id":"https:\/\/www.accuratereviews.com\/it\/gestionale-per-servizi-sociali\/apricot-recensione\/#primaryimage"},"thumbnailUrl":"https:\/\/www.accuratereviews.com\/wp-content\/uploads\/2020\/10\/apricot-logo.png","datePublished":"2020-10-09T11:05:11+00:00","description":"Apricot: recensione soluzione di gestione dei casi basata su cloud progettata specificamente per le organizzazioni non profit.","breadcrumb":{"@id":"https:\/\/www.accuratereviews.com\/it\/gestionale-per-servizi-sociali\/apricot-recensione\/#breadcrumb"},"inLanguage":"it-IT","potentialAction":[{"@type":"ReadAction","target":["https:\/\/www.accuratereviews.com\/it\/gestionale-per-servizi-sociali\/apricot-recensione\/"]}]},{"@type":"ImageObject","inLanguage":"it-IT","@id":"https:\/\/www.accuratereviews.com\/it\/gestionale-per-servizi-sociali\/apricot-recensione\/#primaryimage","url":"https:\/\/www.accuratereviews.com\/wp-content\/uploads\/2020\/10\/apricot-logo.png","contentUrl":"https:\/\/www.accuratereviews.com\/wp-content\/uploads\/2020\/10\/apricot-logo.png","width":622,"height":230},{"@type":"BreadcrumbList","@id":"https:\/\/www.accuratereviews.com\/it\/gestionale-per-servizi-sociali\/apricot-recensione\/#breadcrumb","itemListElement":[{"@type":"ListItem","position":1,"name":"Home","item":"https:\/\/www.accuratereviews.com\/it\/"},{"@type":"ListItem","position":2,"name":"Gestionale per servizi sociali","item":"https:\/\/www.accuratereviews.com\/it\/gestionale-per-servizi-sociali\/"},{"@type":"ListItem","position":3,"name":"Apricot"}]},{"@type":"WebSite","@id":"https:\/\/www.accuratereviews.com\/it\/#website","url":"https:\/\/www.accuratereviews.com\/it\/","name":"Accurate Reviews","description":"","potentialAction":[{"@type":"SearchAction","target":{"@type":"EntryPoint","urlTemplate":"https:\/\/www.accuratereviews.com\/it\/?s={search_term_string}"},"query-input":{"@type":"PropertyValueSpecification","valueRequired":true,"valueName":"search_term_string"}}],"inLanguage":"it-IT"}]}},"_links":{"self":[{"href":"https:\/\/www.accuratereviews.com\/it\/wp-json\/wp\/v2\/pages\/31030","targetHints":{"allow":["GET"]}}],"collection":[{"href":"https:\/\/www.accuratereviews.com\/it\/wp-json\/wp\/v2\/pages"}],"about":[{"href":"https:\/\/www.accuratereviews.com\/it\/wp-json\/wp\/v2\/types\/page"}],"author":[{"embeddable":true,"href":"https:\/\/www.accuratereviews.com\/it\/wp-json\/wp\/v2\/users\/19"}],"replies":[{"embeddable":true,"href":"https:\/\/www.accuratereviews.com\/it\/wp-json\/wp\/v2\/comments?post=31030"}],"version-history":[{"count":6,"href":"https:\/\/www.accuratereviews.com\/it\/wp-json\/wp\/v2\/pages\/31030\/revisions"}],"predecessor-version":[{"id":31235,"href":"https:\/\/www.accuratereviews.com\/it\/wp-json\/wp\/v2\/pages\/31030\/revisions\/31235"}],"up":[{"embeddable":true,"href":"https:\/\/www.accuratereviews.com\/it\/wp-json\/wp\/v2\/pages\/30754"}],"wp:featuredmedia":[{"embeddable":true,"href":"https:\/\/www.accuratereviews.com\/it\/wp-json\/wp\/v2\/media\/31031"}],"wp:attachment":[{"href":"https:\/\/www.accuratereviews.com\/it\/wp-json\/wp\/v2\/media?parent=31030"}],"wp:term":[{"taxonomy":"category","embeddable":true,"href":"https:\/\/www.accuratereviews.com\/it\/wp-json\/wp\/v2\/categories?post=31030"},{"taxonomy":"post_tag","embeddable":true,"href":"https:\/\/www.accuratereviews.com\/it\/wp-json\/wp\/v2\/tags?post=31030"},{"taxonomy":"features","embeddable":true,"href":"https:\/\/www.accuratereviews.com\/it\/wp-json\/wp\/v2\/features?post=31030"}],"curies":[{"name":"wp","href":"https:\/\/api.w.org\/{rel}","templated":true}]}}