{"id":31037,"date":"2020-10-09T11:06:08","date_gmt":"2020-10-09T11:06:08","guid":{"rendered":"https:\/\/www.accuratereviews.com\/?page_id=31037"},"modified":"2020-10-09T11:06:08","modified_gmt":"2020-10-09T11:06:08","slug":"asiware-recensione","status":"publish","type":"page","link":"https:\/\/www.accuratereviews.com\/it\/gestionale-per-servizi-sociali\/asiware-recensione\/","title":{"rendered":"ASIWare"},"content":{"rendered":"<p><strong>ASIWare<\/strong> \u00e8 una <strong>soluzione di gestione dei dati<\/strong> basata su <strong>cloud<\/strong> che assiste le agenzie di collocamento dei minori e di servizi sociali con l&#8217;organizzazione e l&#8217;ottimizzazione delle informazioni. Aiuta le aziende a tenere traccia dei dati dei clienti, generare report e misurare lo stato di avanzamento dei loro progetti.\u00a0Le caratteristiche principali di<strong> ASIWare<\/strong> includono la gestione dei casi, la fatturazione, i pagamenti e il monitoraggio dei tempi. Il suo modulo di affidamento familiare aiuta gli assistenti sociali a tenere traccia del benessere dei bambini sotto la loro cura. I supervisori possono utilizzare la sua fornitura di fatturazione e costi per condurre audit e gestire la conformit\u00e0 in tutte le operazioni. Altre funzionalit\u00e0 offerte sono la gestione delle licenze, i pagamenti a domicilio e il monitoraggio dei referral.<\/p>\n<h2>ASIWARE &#8211; TUTORIAL<\/h2>\n<p>Ecco come personalizzare questo <strong>software gestionale per i servizi sociali<\/strong>:<\/p>\n<div id=\"fluid-wrapper-counter-1\" class=\"g1-fluid-wrapper \" style=\"width:686px;\">\n<div style=\"padding-bottom:56.268221574344%;\"><iframe loading=\"lazy\" title=\"Adding Additional Fields to Medications\" width=\"686\" height=\"386\" src=\"https:\/\/www.youtube.com\/embed\/V8gbJXX-BCc?feature=oembed&amp;wmode=transparent&amp;autohide=1&amp;autoplay=0&amp;disablekb=0&amp;fs=1&amp;loop=0&amp;enablejsapi=1&amp;rel=0&amp;controls=2&amp;showinfo=0&amp;wmode=transparent&amp;autohide=2&amp;autoplay=0&amp;disablekb=0&amp;fs=1&amp;loop=0&amp;enablejsapi=1&amp;rel=0&amp;controls=2&amp;showinfo=1\" frameborder=\"0\" allow=\"accelerometer; autoplay; clipboard-write; encrypted-media; gyroscope; picture-in-picture\" allowfullscreen><\/iframe><\/div>\n<\/div>\n<h3>ASIWARE &#8211; CARATTERISTICHE<\/h3>\n<ul>\n<li>Applicazione sicura basata sul web o ospitato<\/li>\n<li>Configurabile in base alle normative sull&#8217;affido specifico<\/li>\n<li>Facile da usare per gli assistenti sociali<\/li>\n<li>Nessun contratto a lungo termine e bassi costi di avvio<\/li>\n<li>Si adatta alle esigenze di comunicazione e allo stile operativo della tua agenzia<\/li>\n<li>Dashboard esecutivo di facile utilizzo<\/li>\n<li>Assistenza clienti su cui contare<\/li>\n<li>Riduce l&#8217;immissione di dati duplicati<\/li>\n<li>Visualizzazione grafica semplice dei dati in pi\u00f9 formati<\/li>\n<\/ul>\n<h4>LE RECENSIONI DEGLI UTENTI<\/h4>\n<h4 class=\"font-weight-bold mb-1 d-flex align-items-center\">Karina G.&#8221;Va bene il software&#8221;<\/h4>\n<p><strong>Vantaggi: <\/strong>Mi piace che il software consenta alle aziende che conservano una grande quantit\u00e0 di documentazione di organizzare e gestire tutti i dati su una rete a cui \u00e8 possibile accedere ovunque. Ho lavorato per un&#8217;agenzia di collocamento dei bambini che utilizza questo software. Ha il potenziale per essere eccezionale.<\/p>\n<p><strong>Inconvenienti: <\/strong>La direzione dietro ASIware non ha fatto un ottimo lavoro nel personalizzare il software per soddisfare pienamente le nostre esigenze. Hanno spiegato a cosa serviva, ma non hanno mai fatto il possibile per adattarlo alla nostra agenzia. C&#8217;erano molte funzioni con il software che non abbiamo appreso fino a quando non abbiamo chiesto. Inoltre, non \u00e8 cos\u00ec facile da usare come avrebbe voluto il nostro ufficio. Non \u00e8 commercializzato bene. Sono ora passato a un&#8217;altra agenzia di collocamento dei bambini che utilizza la copertura estesa. Extended Reach mi ha fatto capire tutto quello che mancava all&#8217;ASI<\/p>\n<h4 class=\"font-weight-bold mb-1 d-flex align-items-center\">Clayton H.&#8221;Ci tiene sulla buona strada&#8221;<\/h4>\n<p><strong>Commenti: <\/strong>Abbiamo utilizzato ChildTrax negli ultimi quattro anni. Migliora notevolmente la nostra capacit\u00e0 di mantenere i nostri registri aggiornati e aggiornati. Prima di utilizzare ChildTrax, era un incubo tenere il passo con il programma dei piani di servizi, visite mediche e altri documenti sensibili alle date per rimanere conformi allo stato. Il servizio clienti \u00e8 sempre pronto e disponibile quando abbiamo bisogno di assistenza.<\/p>\n<p><strong>Vantaggi: <\/strong>La capacit\u00e0 di tenere traccia dei requisiti sensibili al tempo.<\/p>\n<p><strong>Inconvenienti: <\/strong>A volte difficile da navigare. Ad esempio, quando si lavora su un piano di servizio sarebbe bello avere informazioni mediche aperte allo stesso tempo.<\/p>\n<h4 class=\"font-weight-bold mb-1 d-flex align-items-center\">Matthew P.&#8221;Rendere i nostri lavori molto pi\u00f9 facili&#8221;<\/h4>\n<p><strong>Commenti: <\/strong>\u00c8 stata una grande esperienza lavorare con ASIware. Sono sempre disponibili e sono molto aperti ai suggerimenti.<\/p>\n<p><strong>Vantaggi: <\/strong>Il software aiuta la nostra agenzia a tenere sotto controllo la nostra documentazione e garantisce che abbiamo gli strumenti necessari per fornire servizi di qualit\u00e0 alle nostre famiglie. In qualit\u00e0 di manager, mi fornisce i rapporti necessari per garantire che il nostro ufficio funzioni in modo efficiente.<\/p>\n<p><strong>Inconvenienti: <\/strong>Finora il software soddisfa le nostre esigenze e il servizio clienti \u00e8 stato eccellente.<\/p>\n","protected":false},"excerpt":{"rendered":"<p>ASIWare \u00e8 una soluzione di gestione dei dati basata su cloud che assiste le agenzie di collocamento dei minori e di servizi sociali con l&#8217;organizzazione e l&#8217;ottimizzazione delle informazioni. Aiuta le aziende a tenere traccia dei dati dei clienti, generare report e misurare lo stato di avanzamento dei loro progetti.\u00a0<\/p>\n","protected":false},"author":19,"featured_media":31040,"parent":30754,"menu_order":0,"comment_status":"open","ping_status":"closed","template":"g1_template_page_review_new.php","meta":{"_acf_changed":false,"cwp_meta_box_check":"Yes","cwp_rev_product_name":"","cwp_rev_product_image":"","wppr_links":[],"cwp_rev_price":"","wppr_options":[],"wppr_pros":[],"wppr_cons":[],"_monsterinsights_skip_tracking":false,"_monsterinsights_sitenote_active":false,"_monsterinsights_sitenote_note":"","_monsterinsights_sitenote_category":0,"footnotes":""},"categories":[3774],"tags":[3880,396,3776,3827,3778,3775,3879],"features":[],"class_list":{"0":"post-31037","1":"page","2":"type-page","3":"status-publish","4":"has-post-thumbnail","6":"category-gestionale-per-servizi-sociali","7":"tag-asiware","8":"tag-cloud","9":"tag-gestionale-per-servizi-sociali","10":"tag-piattaforma-gestionale-servizi-sociali","11":"tag-programma-gestionale-per-servizi-sociali","12":"tag-software-gestionale-per-servizi-sociali","13":"tag-soluzione-per-gestionale-per-servizi-sociali"},"wppr_data":{"cwp_meta_box_check":"Yes","cwp_rev_product_name":"","cwp_rev_product_image":"","cwp_image_link":"image","cwp_rev_price":"","wppr_rating":"0.00"},"acf":[],"yoast_head":"<!-- This site is optimized with the Yoast SEO plugin v27.4 - https:\/\/yoast.com\/product\/yoast-seo-wordpress\/ -->\n<title>ASIWare: recensione software gestione servizi sociali - Accurate Reviews<\/title>\n<meta name=\"description\" content=\"ASIWare: recensione soluzione di gestione dei dati basata su cloud che assiste le agenzie di collocamento dei minori e di servizi sociali.\" \/>\n<meta name=\"robots\" content=\"index, follow, max-snippet:-1, max-image-preview:large, max-video-preview:-1\" \/>\n<link rel=\"canonical\" href=\"https:\/\/www.accuratereviews.com\/it\/gestionale-per-servizi-sociali\/asiware-recensione\/\" \/>\n<meta property=\"og:locale\" content=\"it_IT\" \/>\n<meta property=\"og:type\" content=\"article\" \/>\n<meta property=\"og:title\" content=\"ASIWare: recensione software gestione servizi sociali - Accurate Reviews\" \/>\n<meta property=\"og:description\" content=\"ASIWare: recensione soluzione di gestione dei dati basata su cloud che assiste le agenzie di collocamento dei minori e di servizi sociali.\" \/>\n<meta property=\"og:url\" content=\"https:\/\/www.accuratereviews.com\/it\/gestionale-per-servizi-sociali\/asiware-recensione\/\" \/>\n<meta property=\"og:site_name\" content=\"Accurate Reviews\" \/>\n<meta property=\"og:image\" content=\"https:\/\/www.accuratereviews.com\/wp-content\/uploads\/2020\/10\/asiware-logo.png\" \/>\n\t<meta property=\"og:image:width\" content=\"580\" \/>\n\t<meta property=\"og:image:height\" content=\"472\" \/>\n\t<meta property=\"og:image:type\" content=\"image\/png\" \/>\n<meta name=\"twitter:card\" content=\"summary_large_image\" \/>\n<meta name=\"twitter:label1\" content=\"Tempo di lettura stimato\" \/>\n\t<meta name=\"twitter:data1\" content=\"3 minuti\" \/>\n<script type=\"application\/ld+json\" class=\"yoast-schema-graph\">{\"@context\":\"https:\\\/\\\/schema.org\",\"@graph\":[{\"@type\":\"WebPage\",\"@id\":\"https:\\\/\\\/www.accuratereviews.com\\\/it\\\/gestionale-per-servizi-sociali\\\/asiware-recensione\\\/\",\"url\":\"https:\\\/\\\/www.accuratereviews.com\\\/it\\\/gestionale-per-servizi-sociali\\\/asiware-recensione\\\/\",\"name\":\"ASIWare: recensione software gestione servizi sociali - Accurate Reviews\",\"isPartOf\":{\"@id\":\"https:\\\/\\\/www.accuratereviews.com\\\/it\\\/#website\"},\"primaryImageOfPage\":{\"@id\":\"https:\\\/\\\/www.accuratereviews.com\\\/it\\\/gestionale-per-servizi-sociali\\\/asiware-recensione\\\/#primaryimage\"},\"image\":{\"@id\":\"https:\\\/\\\/www.accuratereviews.com\\\/it\\\/gestionale-per-servizi-sociali\\\/asiware-recensione\\\/#primaryimage\"},\"thumbnailUrl\":\"https:\\\/\\\/www.accuratereviews.com\\\/wp-content\\\/uploads\\\/2020\\\/10\\\/asiware-logo.png\",\"datePublished\":\"2020-10-09T11:06:08+00:00\",\"description\":\"ASIWare: recensione soluzione di gestione dei dati basata su cloud che assiste le agenzie di collocamento dei minori e di servizi sociali.\",\"breadcrumb\":{\"@id\":\"https:\\\/\\\/www.accuratereviews.com\\\/it\\\/gestionale-per-servizi-sociali\\\/asiware-recensione\\\/#breadcrumb\"},\"inLanguage\":\"it-IT\",\"potentialAction\":[{\"@type\":\"ReadAction\",\"target\":[\"https:\\\/\\\/www.accuratereviews.com\\\/it\\\/gestionale-per-servizi-sociali\\\/asiware-recensione\\\/\"]}]},{\"@type\":\"ImageObject\",\"inLanguage\":\"it-IT\",\"@id\":\"https:\\\/\\\/www.accuratereviews.com\\\/it\\\/gestionale-per-servizi-sociali\\\/asiware-recensione\\\/#primaryimage\",\"url\":\"https:\\\/\\\/www.accuratereviews.com\\\/wp-content\\\/uploads\\\/2020\\\/10\\\/asiware-logo.png\",\"contentUrl\":\"https:\\\/\\\/www.accuratereviews.com\\\/wp-content\\\/uploads\\\/2020\\\/10\\\/asiware-logo.png\",\"width\":580,\"height\":472},{\"@type\":\"BreadcrumbList\",\"@id\":\"https:\\\/\\\/www.accuratereviews.com\\\/it\\\/gestionale-per-servizi-sociali\\\/asiware-recensione\\\/#breadcrumb\",\"itemListElement\":[{\"@type\":\"ListItem\",\"position\":1,\"name\":\"Home\",\"item\":\"https:\\\/\\\/www.accuratereviews.com\\\/it\\\/\"},{\"@type\":\"ListItem\",\"position\":2,\"name\":\"Gestionale per servizi sociali\",\"item\":\"https:\\\/\\\/www.accuratereviews.com\\\/it\\\/gestionale-per-servizi-sociali\\\/\"},{\"@type\":\"ListItem\",\"position\":3,\"name\":\"ASIWare\"}]},{\"@type\":\"WebSite\",\"@id\":\"https:\\\/\\\/www.accuratereviews.com\\\/it\\\/#website\",\"url\":\"https:\\\/\\\/www.accuratereviews.com\\\/it\\\/\",\"name\":\"Accurate Reviews\",\"description\":\"\",\"potentialAction\":[{\"@type\":\"SearchAction\",\"target\":{\"@type\":\"EntryPoint\",\"urlTemplate\":\"https:\\\/\\\/www.accuratereviews.com\\\/it\\\/?s={search_term_string}\"},\"query-input\":{\"@type\":\"PropertyValueSpecification\",\"valueRequired\":true,\"valueName\":\"search_term_string\"}}],\"inLanguage\":\"it-IT\"}]}<\/script>\n<!-- \/ Yoast SEO plugin. -->","yoast_head_json":{"title":"ASIWare: recensione software gestione servizi sociali - Accurate Reviews","description":"ASIWare: recensione soluzione di gestione dei dati basata su cloud che assiste le agenzie di collocamento dei minori e di servizi sociali.","robots":{"index":"index","follow":"follow","max-snippet":"max-snippet:-1","max-image-preview":"max-image-preview:large","max-video-preview":"max-video-preview:-1"},"canonical":"https:\/\/www.accuratereviews.com\/it\/gestionale-per-servizi-sociali\/asiware-recensione\/","og_locale":"it_IT","og_type":"article","og_title":"ASIWare: recensione software gestione servizi sociali - Accurate Reviews","og_description":"ASIWare: recensione soluzione di gestione dei dati basata su cloud che assiste le agenzie di collocamento dei minori e di servizi sociali.","og_url":"https:\/\/www.accuratereviews.com\/it\/gestionale-per-servizi-sociali\/asiware-recensione\/","og_site_name":"Accurate Reviews","og_image":[{"width":580,"height":472,"url":"https:\/\/www.accuratereviews.com\/wp-content\/uploads\/2020\/10\/asiware-logo.png","type":"image\/png"}],"twitter_card":"summary_large_image","twitter_misc":{"Tempo di lettura stimato":"3 minuti"},"schema":{"@context":"https:\/\/schema.org","@graph":[{"@type":"WebPage","@id":"https:\/\/www.accuratereviews.com\/it\/gestionale-per-servizi-sociali\/asiware-recensione\/","url":"https:\/\/www.accuratereviews.com\/it\/gestionale-per-servizi-sociali\/asiware-recensione\/","name":"ASIWare: recensione software gestione servizi sociali - Accurate Reviews","isPartOf":{"@id":"https:\/\/www.accuratereviews.com\/it\/#website"},"primaryImageOfPage":{"@id":"https:\/\/www.accuratereviews.com\/it\/gestionale-per-servizi-sociali\/asiware-recensione\/#primaryimage"},"image":{"@id":"https:\/\/www.accuratereviews.com\/it\/gestionale-per-servizi-sociali\/asiware-recensione\/#primaryimage"},"thumbnailUrl":"https:\/\/www.accuratereviews.com\/wp-content\/uploads\/2020\/10\/asiware-logo.png","datePublished":"2020-10-09T11:06:08+00:00","description":"ASIWare: recensione soluzione di gestione dei dati basata su cloud che assiste le agenzie di collocamento dei minori e di servizi sociali.","breadcrumb":{"@id":"https:\/\/www.accuratereviews.com\/it\/gestionale-per-servizi-sociali\/asiware-recensione\/#breadcrumb"},"inLanguage":"it-IT","potentialAction":[{"@type":"ReadAction","target":["https:\/\/www.accuratereviews.com\/it\/gestionale-per-servizi-sociali\/asiware-recensione\/"]}]},{"@type":"ImageObject","inLanguage":"it-IT","@id":"https:\/\/www.accuratereviews.com\/it\/gestionale-per-servizi-sociali\/asiware-recensione\/#primaryimage","url":"https:\/\/www.accuratereviews.com\/wp-content\/uploads\/2020\/10\/asiware-logo.png","contentUrl":"https:\/\/www.accuratereviews.com\/wp-content\/uploads\/2020\/10\/asiware-logo.png","width":580,"height":472},{"@type":"BreadcrumbList","@id":"https:\/\/www.accuratereviews.com\/it\/gestionale-per-servizi-sociali\/asiware-recensione\/#breadcrumb","itemListElement":[{"@type":"ListItem","position":1,"name":"Home","item":"https:\/\/www.accuratereviews.com\/it\/"},{"@type":"ListItem","position":2,"name":"Gestionale per servizi sociali","item":"https:\/\/www.accuratereviews.com\/it\/gestionale-per-servizi-sociali\/"},{"@type":"ListItem","position":3,"name":"ASIWare"}]},{"@type":"WebSite","@id":"https:\/\/www.accuratereviews.com\/it\/#website","url":"https:\/\/www.accuratereviews.com\/it\/","name":"Accurate Reviews","description":"","potentialAction":[{"@type":"SearchAction","target":{"@type":"EntryPoint","urlTemplate":"https:\/\/www.accuratereviews.com\/it\/?s={search_term_string}"},"query-input":{"@type":"PropertyValueSpecification","valueRequired":true,"valueName":"search_term_string"}}],"inLanguage":"it-IT"}]}},"_links":{"self":[{"href":"https:\/\/www.accuratereviews.com\/it\/wp-json\/wp\/v2\/pages\/31037","targetHints":{"allow":["GET"]}}],"collection":[{"href":"https:\/\/www.accuratereviews.com\/it\/wp-json\/wp\/v2\/pages"}],"about":[{"href":"https:\/\/www.accuratereviews.com\/it\/wp-json\/wp\/v2\/types\/page"}],"author":[{"embeddable":true,"href":"https:\/\/www.accuratereviews.com\/it\/wp-json\/wp\/v2\/users\/19"}],"replies":[{"embeddable":true,"href":"https:\/\/www.accuratereviews.com\/it\/wp-json\/wp\/v2\/comments?post=31037"}],"version-history":[{"count":9,"href":"https:\/\/www.accuratereviews.com\/it\/wp-json\/wp\/v2\/pages\/31037\/revisions"}],"predecessor-version":[{"id":31053,"href":"https:\/\/www.accuratereviews.com\/it\/wp-json\/wp\/v2\/pages\/31037\/revisions\/31053"}],"up":[{"embeddable":true,"href":"https:\/\/www.accuratereviews.com\/it\/wp-json\/wp\/v2\/pages\/30754"}],"wp:featuredmedia":[{"embeddable":true,"href":"https:\/\/www.accuratereviews.com\/it\/wp-json\/wp\/v2\/media\/31040"}],"wp:attachment":[{"href":"https:\/\/www.accuratereviews.com\/it\/wp-json\/wp\/v2\/media?parent=31037"}],"wp:term":[{"taxonomy":"category","embeddable":true,"href":"https:\/\/www.accuratereviews.com\/it\/wp-json\/wp\/v2\/categories?post=31037"},{"taxonomy":"post_tag","embeddable":true,"href":"https:\/\/www.accuratereviews.com\/it\/wp-json\/wp\/v2\/tags?post=31037"},{"taxonomy":"features","embeddable":true,"href":"https:\/\/www.accuratereviews.com\/it\/wp-json\/wp\/v2\/features?post=31037"}],"curies":[{"name":"wp","href":"https:\/\/api.w.org\/{rel}","templated":true}]}}