{"id":31071,"date":"2020-10-12T10:54:10","date_gmt":"2020-10-12T10:54:10","guid":{"rendered":"https:\/\/www.accuratereviews.com\/?page_id=31071"},"modified":"2020-10-12T10:54:10","modified_gmt":"2020-10-12T10:54:10","slug":"neworg-recensione","status":"publish","type":"page","link":"https:\/\/www.accuratereviews.com\/it\/gestionale-per-servizi-sociali\/neworg-recensione\/","title":{"rendered":"NewOrg"},"content":{"rendered":"<p><strong>NewOrg<\/strong> \u00e8 un <strong>sistema di gestione dei dati<\/strong> basato sul web progettato specificamente per assistere le organizzazioni senza scopo di lucro, i leader delle campagne e le comunit\u00e0 di volontari. Capace di supportare pi\u00f9 sedi, programmi, partnership e fonti di finanziamento, il programma comprende un&#8217;ampia gamma di funzionalit\u00e0 integrate costruite su un framework completamente personalizzabile e flessibile. La gestione delle informazioni del client funzionalit\u00e0 di rilevamento e acquisizione dei dati dettagliate con una variet\u00e0 di rapporti. La collaborazione \u00e8 facilitata da portali di volontari protetti, gestione dei documenti e archiviazione condivisa centralizzata dei file, inoltre il sistema di posta elettronica integrato consente l&#8217;invio di email basate su modelli a elenchi di contatti esportabili. Gestisci le donazioni con l&#8217;immissione rapida dei dati, rapporti basati su grafici e opzioni di esportazione rapida verso le principali applicazioni di terze parti.<\/p>\n<h2>NEWORG &#8211; TUTORIAL<\/h2>\n<p>Guardiamo come creare rapporti con questo<strong> software gestionale per i servizi sociali<\/strong>:<\/p>\n<div id=\"fluid-wrapper-counter-1\" class=\"g1-fluid-wrapper \" style=\"width:686px;\">\n<div style=\"padding-bottom:56.268221574344%;\"><iframe loading=\"lazy\" title=\"Reporting- Basic NewOrg reporting\" width=\"515\" height=\"386\" src=\"https:\/\/www.youtube.com\/embed\/3DC_OAK17h8?feature=oembed&amp;wmode=transparent&amp;autohide=1&amp;autoplay=0&amp;disablekb=0&amp;fs=1&amp;loop=0&amp;enablejsapi=1&amp;rel=0&amp;controls=2&amp;showinfo=0&amp;wmode=transparent&amp;autohide=2&amp;autoplay=0&amp;disablekb=0&amp;fs=1&amp;loop=0&amp;enablejsapi=1&amp;rel=0&amp;controls=2&amp;showinfo=1\" frameborder=\"0\" allow=\"accelerometer; autoplay; clipboard-write; encrypted-media; gyroscope; picture-in-picture\" allowfullscreen><\/iframe><\/div>\n<\/div>\n<h3>NEWORG &#8211; CARATTERISTICHE<\/h3>\n<ul>\n<li>Concedi autorizzazioni complesse per singolo utente, dipartimento, ruolo, ecc.<\/li>\n<li>Acquisisci informazioni in ufficio o in remoto tramite qualsiasi tipo di dispositivo<\/li>\n<li>Configura un numero illimitato di programmi<\/li>\n<li>Personalizza campi, moduli, servizi, attivit\u00e0, sondaggi, strumenti di test<\/li>\n<li>Rapporto su attivit\u00e0, dati demografici, risultati o qualsiasi altra cosa raccolta<\/li>\n<li>La personalizzazione flessibile consente la gestione di pi\u00f9 programmi complessi<\/li>\n<li>Archivia file, moduli e firme elettroniche per eliminare i processi cartacei<\/li>\n<li>Report su qualsiasi campo di informazioni<\/li>\n<li>Filtra le corrispondenze dei rapporti in base a qualsiasi campo<\/li>\n<li>Modifica i dati sottostanti con un clic<\/li>\n<li>Analisi dettagliata dei record di origine<\/li>\n<li>Raggruppa i campi del rapporto al volo, eliminando pi\u00f9 rapporti separati<\/li>\n<li>Risultati di gruppo suddivisi per et\u00e0, medie, ecc.<\/li>\n<li>I rapporti includono grafici a barre e a torta con un clic<\/li>\n<li>Riepilogo e tabelle pivot<\/li>\n<li>Registrare la data, l&#8217;ora e il luogo esatti della visita in una traccia di controllo elettronica segnalabile<\/li>\n<li>\u00c8 inclusa la mappatura geografica alla posizione del cliente<\/li>\n<li>Acquisisci note e punti dati specifici per il tipo di servizio fornito<\/li>\n<li>Le firme elettroniche possono essere acquisite<\/li>\n<li>Scatta una fotografia di documenti, cliente,<\/li>\n<li>Acquisisci miglia rimborsabili in base al punto di partenza del membro del personale e alla posizione del cliente; supporta il monitoraggio del\u00a0chilometraggio per pi\u00f9 appuntamenti nello stesso giorno<\/li>\n<li>\u00c8 possibile accedere a tutti i tipi di dispositivi mobili: Android, iPhone, telefono Google, ecc.<\/li>\n<li>Verificare la conformit\u00e0 dei dipendenti con i piani di assistenza programmati e documentare la durata delle visite<\/li>\n<li>Ogni utente ha una dashboard personalizzata<\/li>\n<li>Utilizza report esistenti o personalizzati per raccogliere informazioni da visualizzare<\/li>\n<li>Visualizza i risultati a livello di personale, supervisore o organizzazione<\/li>\n<\/ul>\n<h4>LE RECENSIONI DEGLI UTENTI<\/h4>\n<h4 class=\"font-weight-bold mb-1 d-flex align-items-center\">Rebekah G.&#8221;Complessivamente&#8221;<\/h4>\n<p><strong>Vantaggi: <\/strong>Funzionalit\u00e0 online. Mi piace che i volontari possano inserire le proprie ore tramite il portale. Mi piace inserire i dati dei clienti quando sono in campo utilizzando un tablet. Gli aggiornamenti continuano a migliorare le capacit\u00e0.<\/p>\n<p><strong>Inconvenienti: <\/strong>Le etichette postali devono essere scaricate in Avery online e richiedono pi\u00f9 tempo del dovuto. Gli aggiornamenti a volte influiscono sui nostri dati attuali.<\/p>\n<h4 class=\"h5 font-weight-bold flex-grow-1 mb-4\">Sandi A:&#8221;Sportello unico&#8221;<\/h4>\n<p><strong>Commenti: <\/strong>Siamo stati in grado di combinare 4 sistemi in uno e la creazione di mailing list richiede una frazione del tempo.<\/p>\n<p><strong>Vantaggi: <\/strong>Incredibilmente flessibile.\u00a0Supporto sempre pronto ad aiutare.\u00a0In grado di monitorare volontari, clienti e donatori in un unico sistema<\/p>\n<p><strong>Inconvenienti: <\/strong>La funzione di posta \u00e8 ottima, ma un po &#8216;macchinosa per creare modelli di email (ad esempio newsletter).\u00a0Il modulo donatore \u00e8 buono, ma non cos\u00ec robusto come i moduli donatori autonomi.\u00a0Vorrebbe la possibilit\u00e0 di importare dati senza passare attraverso il supporto.<\/p>\n<h4 class=\"font-weight-bold mb-1 d-flex align-items-center\">Caroline S.&#8221;Buono per il prezzo&#8221;<\/h4>\n<p><strong>Vantaggi: <\/strong>Nel complesso, NewOrg ha funzionato bene per noi. Ha molta personalizzazione, il servizio clienti \u00e8 eccellente e la funzione di segnalazione funziona bene. Penso che sia l&#8217;opzione migliore se non vuoi spendere un sacco di soldi per costruire un sistema da zero.<\/p>\n<p><strong>Inconvenienti: <\/strong>Ci sono alcune funzionalit\u00e0 che vorremmo che NewOrg avesse, come la capacit\u00e0 di inviare messaggi di testo in massa ai nostri partecipanti e una migliore funzionalit\u00e0 degli eventi.<\/p>\n","protected":false},"excerpt":{"rendered":"<p>NewOrg \u00e8 un sistema di gestione dei dati basato sul web progettato specificamente per assistere le organizzazioni senza scopo di lucro, i leader delle campagne e le comunit\u00e0 di volontari. Capace di supportare pi\u00f9 sedi, programmi, partnership e fonti di finanziamento, il programma comprende un&#8217;ampia gamma di funzionalit\u00e0 integrate costruite su un framework completamente personalizzabile e flessibile.<\/p>\n","protected":false},"author":19,"featured_media":31074,"parent":30754,"menu_order":0,"comment_status":"open","ping_status":"closed","template":"g1_template_page_review_new.php","meta":{"_acf_changed":false,"cwp_meta_box_check":"No","cwp_rev_product_name":"","cwp_rev_product_image":"","wppr_links":[],"cwp_rev_price":"","wppr_options":[],"wppr_pros":[],"wppr_cons":[],"_monsterinsights_skip_tracking":false,"_monsterinsights_sitenote_active":false,"_monsterinsights_sitenote_note":"","_monsterinsights_sitenote_category":0,"footnotes":""},"categories":[3774],"tags":[3776,3885,3790,3778,3775,3777],"features":[],"class_list":{"0":"post-31071","1":"page","2":"type-page","3":"status-publish","4":"has-post-thumbnail","6":"category-gestionale-per-servizi-sociali","7":"tag-gestionale-per-servizi-sociali","8":"tag-neworg","9":"tag-piattaforma-per-servizi-sociali","10":"tag-programma-gestionale-per-servizi-sociali","11":"tag-software-gestionale-per-servizi-sociali","12":"tag-soluzione-gestionale-per-servizi-sociali"},"wppr_data":{"cwp_meta_box_check":"No"},"acf":[],"yoast_head":"<!-- This site is optimized with the Yoast SEO plugin v27.4 - https:\/\/yoast.com\/product\/yoast-seo-wordpress\/ -->\n<title>NewOrg: recensione software gestionale servizi sociali - Accurate Reviews<\/title>\n<meta name=\"description\" content=\"NewOrg: recensione sistema di gestione dei dati basato sul web progettato specificamente per assistere le organizzazioni senza scopo di lucro\" \/>\n<meta name=\"robots\" content=\"index, follow, max-snippet:-1, max-image-preview:large, max-video-preview:-1\" \/>\n<link rel=\"canonical\" href=\"https:\/\/www.accuratereviews.com\/it\/gestionale-per-servizi-sociali\/neworg-recensione\/\" \/>\n<meta property=\"og:locale\" content=\"it_IT\" \/>\n<meta property=\"og:type\" content=\"article\" \/>\n<meta property=\"og:title\" content=\"NewOrg: recensione software gestionale servizi sociali - Accurate Reviews\" \/>\n<meta property=\"og:description\" content=\"NewOrg: recensione sistema di gestione dei dati basato sul web progettato specificamente per assistere le organizzazioni senza scopo di lucro\" \/>\n<meta property=\"og:url\" content=\"https:\/\/www.accuratereviews.com\/it\/gestionale-per-servizi-sociali\/neworg-recensione\/\" \/>\n<meta property=\"og:site_name\" content=\"Accurate Reviews\" \/>\n<meta property=\"og:image\" content=\"https:\/\/www.accuratereviews.com\/wp-content\/uploads\/2020\/10\/NewOrg.png\" \/>\n\t<meta property=\"og:image:width\" content=\"200\" \/>\n\t<meta property=\"og:image:height\" content=\"200\" \/>\n\t<meta property=\"og:image:type\" content=\"image\/png\" \/>\n<meta name=\"twitter:card\" content=\"summary_large_image\" \/>\n<meta name=\"twitter:label1\" content=\"Tempo di lettura stimato\" \/>\n\t<meta name=\"twitter:data1\" content=\"3 minuti\" \/>\n<script type=\"application\/ld+json\" class=\"yoast-schema-graph\">{\"@context\":\"https:\\\/\\\/schema.org\",\"@graph\":[{\"@type\":\"WebPage\",\"@id\":\"https:\\\/\\\/www.accuratereviews.com\\\/it\\\/gestionale-per-servizi-sociali\\\/neworg-recensione\\\/\",\"url\":\"https:\\\/\\\/www.accuratereviews.com\\\/it\\\/gestionale-per-servizi-sociali\\\/neworg-recensione\\\/\",\"name\":\"NewOrg: recensione software gestionale servizi sociali - Accurate Reviews\",\"isPartOf\":{\"@id\":\"https:\\\/\\\/www.accuratereviews.com\\\/it\\\/#website\"},\"primaryImageOfPage\":{\"@id\":\"https:\\\/\\\/www.accuratereviews.com\\\/it\\\/gestionale-per-servizi-sociali\\\/neworg-recensione\\\/#primaryimage\"},\"image\":{\"@id\":\"https:\\\/\\\/www.accuratereviews.com\\\/it\\\/gestionale-per-servizi-sociali\\\/neworg-recensione\\\/#primaryimage\"},\"thumbnailUrl\":\"https:\\\/\\\/www.accuratereviews.com\\\/wp-content\\\/uploads\\\/2020\\\/10\\\/NewOrg.png\",\"datePublished\":\"2020-10-12T10:54:10+00:00\",\"description\":\"NewOrg: recensione sistema di gestione dei dati basato sul web progettato specificamente per assistere le organizzazioni senza scopo di lucro\",\"breadcrumb\":{\"@id\":\"https:\\\/\\\/www.accuratereviews.com\\\/it\\\/gestionale-per-servizi-sociali\\\/neworg-recensione\\\/#breadcrumb\"},\"inLanguage\":\"it-IT\",\"potentialAction\":[{\"@type\":\"ReadAction\",\"target\":[\"https:\\\/\\\/www.accuratereviews.com\\\/it\\\/gestionale-per-servizi-sociali\\\/neworg-recensione\\\/\"]}]},{\"@type\":\"ImageObject\",\"inLanguage\":\"it-IT\",\"@id\":\"https:\\\/\\\/www.accuratereviews.com\\\/it\\\/gestionale-per-servizi-sociali\\\/neworg-recensione\\\/#primaryimage\",\"url\":\"https:\\\/\\\/www.accuratereviews.com\\\/wp-content\\\/uploads\\\/2020\\\/10\\\/NewOrg.png\",\"contentUrl\":\"https:\\\/\\\/www.accuratereviews.com\\\/wp-content\\\/uploads\\\/2020\\\/10\\\/NewOrg.png\",\"width\":200,\"height\":200},{\"@type\":\"BreadcrumbList\",\"@id\":\"https:\\\/\\\/www.accuratereviews.com\\\/it\\\/gestionale-per-servizi-sociali\\\/neworg-recensione\\\/#breadcrumb\",\"itemListElement\":[{\"@type\":\"ListItem\",\"position\":1,\"name\":\"Home\",\"item\":\"https:\\\/\\\/www.accuratereviews.com\\\/it\\\/\"},{\"@type\":\"ListItem\",\"position\":2,\"name\":\"Gestionale per servizi sociali\",\"item\":\"https:\\\/\\\/www.accuratereviews.com\\\/it\\\/gestionale-per-servizi-sociali\\\/\"},{\"@type\":\"ListItem\",\"position\":3,\"name\":\"NewOrg\"}]},{\"@type\":\"WebSite\",\"@id\":\"https:\\\/\\\/www.accuratereviews.com\\\/it\\\/#website\",\"url\":\"https:\\\/\\\/www.accuratereviews.com\\\/it\\\/\",\"name\":\"Accurate Reviews\",\"description\":\"\",\"potentialAction\":[{\"@type\":\"SearchAction\",\"target\":{\"@type\":\"EntryPoint\",\"urlTemplate\":\"https:\\\/\\\/www.accuratereviews.com\\\/it\\\/?s={search_term_string}\"},\"query-input\":{\"@type\":\"PropertyValueSpecification\",\"valueRequired\":true,\"valueName\":\"search_term_string\"}}],\"inLanguage\":\"it-IT\"}]}<\/script>\n<!-- \/ Yoast SEO plugin. -->","yoast_head_json":{"title":"NewOrg: recensione software gestionale servizi sociali - Accurate Reviews","description":"NewOrg: recensione sistema di gestione dei dati basato sul web progettato specificamente per assistere le organizzazioni senza scopo di lucro","robots":{"index":"index","follow":"follow","max-snippet":"max-snippet:-1","max-image-preview":"max-image-preview:large","max-video-preview":"max-video-preview:-1"},"canonical":"https:\/\/www.accuratereviews.com\/it\/gestionale-per-servizi-sociali\/neworg-recensione\/","og_locale":"it_IT","og_type":"article","og_title":"NewOrg: recensione software gestionale servizi sociali - Accurate Reviews","og_description":"NewOrg: recensione sistema di gestione dei dati basato sul web progettato specificamente per assistere le organizzazioni senza scopo di lucro","og_url":"https:\/\/www.accuratereviews.com\/it\/gestionale-per-servizi-sociali\/neworg-recensione\/","og_site_name":"Accurate Reviews","og_image":[{"width":200,"height":200,"url":"https:\/\/www.accuratereviews.com\/wp-content\/uploads\/2020\/10\/NewOrg.png","type":"image\/png"}],"twitter_card":"summary_large_image","twitter_misc":{"Tempo di lettura stimato":"3 minuti"},"schema":{"@context":"https:\/\/schema.org","@graph":[{"@type":"WebPage","@id":"https:\/\/www.accuratereviews.com\/it\/gestionale-per-servizi-sociali\/neworg-recensione\/","url":"https:\/\/www.accuratereviews.com\/it\/gestionale-per-servizi-sociali\/neworg-recensione\/","name":"NewOrg: recensione software gestionale servizi sociali - Accurate Reviews","isPartOf":{"@id":"https:\/\/www.accuratereviews.com\/it\/#website"},"primaryImageOfPage":{"@id":"https:\/\/www.accuratereviews.com\/it\/gestionale-per-servizi-sociali\/neworg-recensione\/#primaryimage"},"image":{"@id":"https:\/\/www.accuratereviews.com\/it\/gestionale-per-servizi-sociali\/neworg-recensione\/#primaryimage"},"thumbnailUrl":"https:\/\/www.accuratereviews.com\/wp-content\/uploads\/2020\/10\/NewOrg.png","datePublished":"2020-10-12T10:54:10+00:00","description":"NewOrg: recensione sistema di gestione dei dati basato sul web progettato specificamente per assistere le organizzazioni senza scopo di lucro","breadcrumb":{"@id":"https:\/\/www.accuratereviews.com\/it\/gestionale-per-servizi-sociali\/neworg-recensione\/#breadcrumb"},"inLanguage":"it-IT","potentialAction":[{"@type":"ReadAction","target":["https:\/\/www.accuratereviews.com\/it\/gestionale-per-servizi-sociali\/neworg-recensione\/"]}]},{"@type":"ImageObject","inLanguage":"it-IT","@id":"https:\/\/www.accuratereviews.com\/it\/gestionale-per-servizi-sociali\/neworg-recensione\/#primaryimage","url":"https:\/\/www.accuratereviews.com\/wp-content\/uploads\/2020\/10\/NewOrg.png","contentUrl":"https:\/\/www.accuratereviews.com\/wp-content\/uploads\/2020\/10\/NewOrg.png","width":200,"height":200},{"@type":"BreadcrumbList","@id":"https:\/\/www.accuratereviews.com\/it\/gestionale-per-servizi-sociali\/neworg-recensione\/#breadcrumb","itemListElement":[{"@type":"ListItem","position":1,"name":"Home","item":"https:\/\/www.accuratereviews.com\/it\/"},{"@type":"ListItem","position":2,"name":"Gestionale per servizi sociali","item":"https:\/\/www.accuratereviews.com\/it\/gestionale-per-servizi-sociali\/"},{"@type":"ListItem","position":3,"name":"NewOrg"}]},{"@type":"WebSite","@id":"https:\/\/www.accuratereviews.com\/it\/#website","url":"https:\/\/www.accuratereviews.com\/it\/","name":"Accurate Reviews","description":"","potentialAction":[{"@type":"SearchAction","target":{"@type":"EntryPoint","urlTemplate":"https:\/\/www.accuratereviews.com\/it\/?s={search_term_string}"},"query-input":{"@type":"PropertyValueSpecification","valueRequired":true,"valueName":"search_term_string"}}],"inLanguage":"it-IT"}]}},"_links":{"self":[{"href":"https:\/\/www.accuratereviews.com\/it\/wp-json\/wp\/v2\/pages\/31071","targetHints":{"allow":["GET"]}}],"collection":[{"href":"https:\/\/www.accuratereviews.com\/it\/wp-json\/wp\/v2\/pages"}],"about":[{"href":"https:\/\/www.accuratereviews.com\/it\/wp-json\/wp\/v2\/types\/page"}],"author":[{"embeddable":true,"href":"https:\/\/www.accuratereviews.com\/it\/wp-json\/wp\/v2\/users\/19"}],"replies":[{"embeddable":true,"href":"https:\/\/www.accuratereviews.com\/it\/wp-json\/wp\/v2\/comments?post=31071"}],"version-history":[{"count":4,"href":"https:\/\/www.accuratereviews.com\/it\/wp-json\/wp\/v2\/pages\/31071\/revisions"}],"predecessor-version":[{"id":31090,"href":"https:\/\/www.accuratereviews.com\/it\/wp-json\/wp\/v2\/pages\/31071\/revisions\/31090"}],"up":[{"embeddable":true,"href":"https:\/\/www.accuratereviews.com\/it\/wp-json\/wp\/v2\/pages\/30754"}],"wp:featuredmedia":[{"embeddable":true,"href":"https:\/\/www.accuratereviews.com\/it\/wp-json\/wp\/v2\/media\/31074"}],"wp:attachment":[{"href":"https:\/\/www.accuratereviews.com\/it\/wp-json\/wp\/v2\/media?parent=31071"}],"wp:term":[{"taxonomy":"category","embeddable":true,"href":"https:\/\/www.accuratereviews.com\/it\/wp-json\/wp\/v2\/categories?post=31071"},{"taxonomy":"post_tag","embeddable":true,"href":"https:\/\/www.accuratereviews.com\/it\/wp-json\/wp\/v2\/tags?post=31071"},{"taxonomy":"features","embeddable":true,"href":"https:\/\/www.accuratereviews.com\/it\/wp-json\/wp\/v2\/features?post=31071"}],"curies":[{"name":"wp","href":"https:\/\/api.w.org\/{rel}","templated":true}]}}