{"id":31080,"date":"2020-10-12T10:54:38","date_gmt":"2020-10-12T10:54:38","guid":{"rendered":"https:\/\/www.accuratereviews.com\/?page_id=31080"},"modified":"2020-10-12T10:54:38","modified_gmt":"2020-10-12T10:54:38","slug":"famcare-recensione","status":"publish","type":"page","link":"https:\/\/www.accuratereviews.com\/it\/gestionale-per-servizi-sociali\/famcare-recensione\/","title":{"rendered":"FAMCare"},"content":{"rendered":"<p><strong>FAMCare<\/strong> \u00e8 una <strong>piattaforma di gestione dei casi<\/strong> che automatizza il lavoro per gli assistenti sociali. Gli utenti hanno una lista di controllo delle attivit\u00e0 da seguire ogni giorno e pu\u00f2 essere installato in locale o ospitato nel cloud. Il programma\u00a0pu\u00f2 essere personalizzato per soddisfare i requisiti specifici di clienti di piccole, medie e grandi dimensioni e offre un&#8217;ampia gamma di funzionalit\u00e0 tra cui avvisi sui casi, calendari dinamici, processori del flusso di lavoro, knowledge base e gestione delle note sui casi. Il software fornisce anche funzionalit\u00e0 di reporting e analisi dei dati avanzate che supportano la progettazione di query, valuta il turnover del case load e utilizza<strong> SQL Reporting Server<\/strong> per suddividere e filtrare le informazioni. Il prodotto ha un modello di sicurezza multidimensionale e offre data center sicuri, crittografia dei dati a 256 bit, backup automatici e istantanee ed \u00e8 conforme a HIPAA.<\/p>\n<h2>FAMCARE &#8211; TUTORIAL<\/h2>\n<p>Ecco un tutorial in cui illustra le principali funzioni di questo <strong>software gestionale per servizi sociali<\/strong>:<\/p>\n<div id=\"fluid-wrapper-counter-1\" class=\"g1-fluid-wrapper \" style=\"width:686px;\">\n<div style=\"padding-bottom:56.268221574344%;\"><iframe loading=\"lazy\" title=\"Powerful Family Case Management Tools | FAMCare Human Services Software\" width=\"686\" height=\"386\" src=\"https:\/\/www.youtube.com\/embed\/videoseries?list=PL_Y4hMUl7COxudaanHkVozcJ8p17lL1gm\" frameborder=\"0\" allow=\"accelerometer; autoplay; clipboard-write; encrypted-media; gyroscope; picture-in-picture\" allowfullscreen><\/iframe><\/div>\n<\/div>\n<h3>FAMCARE &#8211; CARATTERISTICHE<\/h3>\n<ul>\n<li>Strumenti di automazione della fornitura di servizi completi. Il programma tiene traccia di tutte le attivit\u00e0, quindi non devi farlo tu<\/li>\n<li>I dashboard sono dotati di lTemplates in tempo reale che consentono una raccolta rapida ed efficiente dei dati mission-critical di cui hai bisogno<\/li>\n<li>Configurato, ridimensionato e su misura per soddisfare le tue esigenze specifiche<\/li>\n<li>Dashboard e report rendono i dati significativi e utilizzabili<\/li>\n<li>Pu\u00f2 essere modificato o personalizzato dal tuo team<\/li>\n<li>Supportato da data scientist e assistenti sociali che comprendono la tua missione<\/li>\n<li>Tempo di attivit\u00e0 del sistema del 99,9% con supporto tecnico 24 ore su 24, 7 giorni su 7<\/li>\n<li>La tecnologia cloud ultra sicura garantisce la piena conformit\u00e0 HIPAA<\/li>\n<li>Monitoraggio dei costi, fatturazione, gestione dei farmaci e altro ancora semplificati. Elenco delle cose da fare man mano che vengono create e attivate<\/li>\n<li>I sistemi sono dotati di messaggistica integrata e strumenti di posta elettronica per una migliore comunicazione quando vengono attivate le azioni<\/li>\n<li>Le notifiche sono disponibili in molte forme: popup, modifiche al colore dei caratteri, avvisi email e aggiornamenti della schermata degli annunci<\/li>\n<li>\u00c8 possibile programmare regole e azioni per l&#8217;attivazione basata sul campo o altri criteri relativi ai dati<\/li>\n<li>La coda delle azioni \u00e8 un processore del flusso di lavoro che aiuta a guidare azioni pi\u00f9 avanzate come i rapporti automatizzati<\/li>\n<\/ul>\n<h4>LE RECENSIONE DEGLI UTENTI<\/h4>\n<h4 class=\"font-weight-bold mb-1 d-flex align-items-center\">Luis M.&#8221;FAMCare \u00e8 fantastico!&#8221;<\/h4>\n<p><strong>Commenti: <\/strong>Nel complesso, il database FAMCare ci ha permesso di trasformare grandi quantit\u00e0 di dati in approfondimenti statistici in una frazione del tempo che sarebbe stato necessario se si eseguisse la stessa funzione tramite fogli di calcolo.<\/p>\n<p><strong>Vantaggi: <\/strong>La caratteristica migliore di FAMCare \u00e8 la sua versatilit\u00e0. Pu\u00f2 essere personalizzato per soddisfare le esigenze di dati di chiunque e il team di FAMCare \u00e8 una grande risorsa per aiutarti a personalizzare il database per soddisfare le esigenze della tua azienda.<\/p>\n<p><strong>Inconvenienti: <\/strong>Uno degli svantaggi \u00e8 la quantit\u00e0 di tempo necessaria per configurare il sistema. Ma una volta impostato, \u00e8 uno strumento straordinario.<\/p>\n<h4>Dafne C.&#8221;Consigliato&#8221;<\/h4>\n<p><strong>Commenti: <\/strong>FamCare ci ha aiutato a semplificare la nostra documentazione, ridurre il tempo e le risorse necessarie attraverso una documentazione efficiente e ci aiuta a rimanere coerenti. Inoltre, puoi anche lavorare con FamCare per personalizzarlo se necessario, e abbiamo personalizzato alcune parti per soddisfare le nostre esigenze. Fantastico prodotto! Grazie FamCare!<\/p>\n<p><strong>Vantaggi: <\/strong>FamCare ha cos\u00ec tante funzionalit\u00e0 che non abbiamo nemmeno bisogno di usarle tutte. Il servizio clienti \u00e8 stato eccezionale e al nostro staff piace usare il software. Ci aiuta in tanti modi!<\/p>\n<p><strong>Inconvenienti: <\/strong>Una guida scritta per vari processi, come dove trovare le varie impostazioni utente o come individuare le pagine giuste in modalit\u00e0 di configurazione per apportare modifiche, sarebbe molto utile. Ci sono cos\u00ec tante opzioni e non riesco a ricordare tutte le posizioni e tutti i passaggi per impostare le cose, quindi un posto a cui fare riferimento sarebbe cos\u00ec utile, come una guida per l&#8217;utente.<\/p>\n<h5 class=\"font-weight-bold mb-1 d-flex align-items-center\">Joe S.:&#8221;La mia esperienza \u00e8 stata molto positiva. Consigliato !!!&#8221;<\/h5>\n<p><strong>Commenti: <\/strong>Capacit\u00e0 di report, misurabilit\u00e0, responsabilit\u00e0 &#8230;<\/p>\n<p><strong>Vantaggi: <\/strong>Il nostro strumento FAMCare soddisfa pienamente le nostre aspettative. Sebbene abbiamo reindirizzato il nostro approccio dal nostro lancio iniziale, riteniamo di aver fatto la scelta giusta. Abbiamo investito molte energie e risorse nell&#8217;aggiunta di ulteriori personalizzazioni da quando abbiamo implementato il sistema. Il supporto che abbiamo ricevuto dallo staff di GVT \u00e8 stato un valore aggiunto per noi. La flessibilit\u00e0 di questo prodotto \u00e8 fondamentale per noi &#8230;<\/p>\n<p><strong>Inconvenienti: <\/strong>Non c&#8217;\u00e8 molto da dire qui. Imparo qualcosa di nuovo ogni giorno. Il nostro personale IT interno ama il prodotto. Tuttavia, vorrei migliorare lo sviluppo e il posizionamento di rapporti rapidi. Inoltre, PATHWAYS potrebbe essere un po &#8216;pi\u00f9 flessibile per quanto riguarda gli eventi ricorrenti. Eventi mensili rispetto a 30 giorni. Contabilit\u00e0 per mesi con durate di 28, 29, 30 e 31 giorni.<\/p>\n<div class=\"ml-4 pl-4 border-left border-left__dotted i18n-translation_vendor_container\" data-translation-id=\"1844956\" data-translation-vendor-target=\"original\">\n<div class=\"d-flex flex-wrap flex-md-nowrap align-items-center\">\n<h4 class=\"h5 font-weight-bold\"><\/h4>\n<\/div>\n<\/div>\n","protected":false},"excerpt":{"rendered":"<p>FAMCare \u00e8 una piattaforma di gestione dei casi che automatizza il lavoro per gli assistenti sociali. Gli utenti hanno una lista di controllo delle attivit\u00e0 da seguire ogni giorno e pu\u00f2 essere installato in locale o ospitato nel cloud. Il programma\u00a0pu\u00f2 essere personalizzato per soddisfare i requisiti specifici di clienti di piccole, medie e grandi dimensioni e offre un&#8217;ampia gamma di funzionalit\u00e0 tra cui avvisi sui casi, calendari dinamici, processori del flusso di lavoro, knowledge base e gestione delle note sui casi.<\/p>\n","protected":false},"author":19,"featured_media":31081,"parent":30754,"menu_order":0,"comment_status":"open","ping_status":"closed","template":"g1_template_page_review_new.php","meta":{"_acf_changed":false,"cwp_meta_box_check":"Yes","cwp_rev_product_name":"","cwp_rev_product_image":"","wppr_links":[],"cwp_rev_price":"","wppr_options":[],"wppr_pros":[],"wppr_cons":[],"_monsterinsights_skip_tracking":false,"_monsterinsights_sitenote_active":false,"_monsterinsights_sitenote_note":"","_monsterinsights_sitenote_category":0,"footnotes":""},"categories":[3774],"tags":[3884,3776,3779,3778,3775,3777],"features":[],"class_list":{"0":"post-31080","1":"page","2":"type-page","3":"status-publish","4":"has-post-thumbnail","6":"category-gestionale-per-servizi-sociali","7":"tag-famcare","8":"tag-gestionale-per-servizi-sociali","9":"tag-piattaforma-gestionale-per-servizi-sociali","10":"tag-programma-gestionale-per-servizi-sociali","11":"tag-software-gestionale-per-servizi-sociali","12":"tag-soluzione-gestionale-per-servizi-sociali"},"wppr_data":{"cwp_meta_box_check":"Yes","cwp_rev_product_name":"","cwp_rev_product_image":"","cwp_image_link":"image","cwp_rev_price":"","wppr_rating":"0.00"},"acf":[],"yoast_head":"<!-- This site is optimized with the Yoast SEO plugin v27.4 - https:\/\/yoast.com\/product\/yoast-seo-wordpress\/ -->\n<title>FAMCare: recensione software per servizi sociali - Accurate Reviews<\/title>\n<meta name=\"description\" content=\"FAMCare: recensione piattaforma di gestione dei casi che automatizza il lavoro per gli assistenti sociali.\" \/>\n<meta name=\"robots\" content=\"index, follow, max-snippet:-1, max-image-preview:large, max-video-preview:-1\" \/>\n<link rel=\"canonical\" href=\"https:\/\/www.accuratereviews.com\/it\/gestionale-per-servizi-sociali\/famcare-recensione\/\" \/>\n<meta property=\"og:locale\" content=\"it_IT\" \/>\n<meta property=\"og:type\" content=\"article\" \/>\n<meta property=\"og:title\" content=\"FAMCare: recensione software per servizi sociali - Accurate Reviews\" \/>\n<meta property=\"og:description\" content=\"FAMCare: recensione piattaforma di gestione dei casi che automatizza il lavoro per gli assistenti sociali.\" \/>\n<meta property=\"og:url\" content=\"https:\/\/www.accuratereviews.com\/it\/gestionale-per-servizi-sociali\/famcare-recensione\/\" \/>\n<meta property=\"og:site_name\" content=\"Accurate Reviews\" \/>\n<meta property=\"og:image\" content=\"https:\/\/www.accuratereviews.com\/wp-content\/uploads\/2020\/10\/FAMCARE.png\" \/>\n\t<meta property=\"og:image:width\" content=\"225\" \/>\n\t<meta property=\"og:image:height\" content=\"225\" \/>\n\t<meta property=\"og:image:type\" content=\"image\/png\" \/>\n<meta name=\"twitter:card\" content=\"summary_large_image\" \/>\n<meta name=\"twitter:label1\" content=\"Tempo di lettura stimato\" \/>\n\t<meta name=\"twitter:data1\" content=\"4 minuti\" \/>\n<script type=\"application\/ld+json\" class=\"yoast-schema-graph\">{\"@context\":\"https:\\\/\\\/schema.org\",\"@graph\":[{\"@type\":\"WebPage\",\"@id\":\"https:\\\/\\\/www.accuratereviews.com\\\/it\\\/gestionale-per-servizi-sociali\\\/famcare-recensione\\\/\",\"url\":\"https:\\\/\\\/www.accuratereviews.com\\\/it\\\/gestionale-per-servizi-sociali\\\/famcare-recensione\\\/\",\"name\":\"FAMCare: recensione software per servizi sociali - Accurate Reviews\",\"isPartOf\":{\"@id\":\"https:\\\/\\\/www.accuratereviews.com\\\/it\\\/#website\"},\"primaryImageOfPage\":{\"@id\":\"https:\\\/\\\/www.accuratereviews.com\\\/it\\\/gestionale-per-servizi-sociali\\\/famcare-recensione\\\/#primaryimage\"},\"image\":{\"@id\":\"https:\\\/\\\/www.accuratereviews.com\\\/it\\\/gestionale-per-servizi-sociali\\\/famcare-recensione\\\/#primaryimage\"},\"thumbnailUrl\":\"https:\\\/\\\/www.accuratereviews.com\\\/wp-content\\\/uploads\\\/2020\\\/10\\\/FAMCARE.png\",\"datePublished\":\"2020-10-12T10:54:38+00:00\",\"description\":\"FAMCare: recensione piattaforma di gestione dei casi che automatizza il lavoro per gli assistenti sociali.\",\"breadcrumb\":{\"@id\":\"https:\\\/\\\/www.accuratereviews.com\\\/it\\\/gestionale-per-servizi-sociali\\\/famcare-recensione\\\/#breadcrumb\"},\"inLanguage\":\"it-IT\",\"potentialAction\":[{\"@type\":\"ReadAction\",\"target\":[\"https:\\\/\\\/www.accuratereviews.com\\\/it\\\/gestionale-per-servizi-sociali\\\/famcare-recensione\\\/\"]}]},{\"@type\":\"ImageObject\",\"inLanguage\":\"it-IT\",\"@id\":\"https:\\\/\\\/www.accuratereviews.com\\\/it\\\/gestionale-per-servizi-sociali\\\/famcare-recensione\\\/#primaryimage\",\"url\":\"https:\\\/\\\/www.accuratereviews.com\\\/wp-content\\\/uploads\\\/2020\\\/10\\\/FAMCARE.png\",\"contentUrl\":\"https:\\\/\\\/www.accuratereviews.com\\\/wp-content\\\/uploads\\\/2020\\\/10\\\/FAMCARE.png\",\"width\":225,\"height\":225},{\"@type\":\"BreadcrumbList\",\"@id\":\"https:\\\/\\\/www.accuratereviews.com\\\/it\\\/gestionale-per-servizi-sociali\\\/famcare-recensione\\\/#breadcrumb\",\"itemListElement\":[{\"@type\":\"ListItem\",\"position\":1,\"name\":\"Home\",\"item\":\"https:\\\/\\\/www.accuratereviews.com\\\/it\\\/\"},{\"@type\":\"ListItem\",\"position\":2,\"name\":\"Gestionale per servizi sociali\",\"item\":\"https:\\\/\\\/www.accuratereviews.com\\\/it\\\/gestionale-per-servizi-sociali\\\/\"},{\"@type\":\"ListItem\",\"position\":3,\"name\":\"FAMCare\"}]},{\"@type\":\"WebSite\",\"@id\":\"https:\\\/\\\/www.accuratereviews.com\\\/it\\\/#website\",\"url\":\"https:\\\/\\\/www.accuratereviews.com\\\/it\\\/\",\"name\":\"Accurate Reviews\",\"description\":\"\",\"potentialAction\":[{\"@type\":\"SearchAction\",\"target\":{\"@type\":\"EntryPoint\",\"urlTemplate\":\"https:\\\/\\\/www.accuratereviews.com\\\/it\\\/?s={search_term_string}\"},\"query-input\":{\"@type\":\"PropertyValueSpecification\",\"valueRequired\":true,\"valueName\":\"search_term_string\"}}],\"inLanguage\":\"it-IT\"}]}<\/script>\n<!-- \/ Yoast SEO plugin. -->","yoast_head_json":{"title":"FAMCare: recensione software per servizi sociali - Accurate Reviews","description":"FAMCare: recensione piattaforma di gestione dei casi che automatizza il lavoro per gli assistenti sociali.","robots":{"index":"index","follow":"follow","max-snippet":"max-snippet:-1","max-image-preview":"max-image-preview:large","max-video-preview":"max-video-preview:-1"},"canonical":"https:\/\/www.accuratereviews.com\/it\/gestionale-per-servizi-sociali\/famcare-recensione\/","og_locale":"it_IT","og_type":"article","og_title":"FAMCare: recensione software per servizi sociali - Accurate Reviews","og_description":"FAMCare: recensione piattaforma di gestione dei casi che automatizza il lavoro per gli assistenti sociali.","og_url":"https:\/\/www.accuratereviews.com\/it\/gestionale-per-servizi-sociali\/famcare-recensione\/","og_site_name":"Accurate Reviews","og_image":[{"width":225,"height":225,"url":"https:\/\/www.accuratereviews.com\/wp-content\/uploads\/2020\/10\/FAMCARE.png","type":"image\/png"}],"twitter_card":"summary_large_image","twitter_misc":{"Tempo di lettura stimato":"4 minuti"},"schema":{"@context":"https:\/\/schema.org","@graph":[{"@type":"WebPage","@id":"https:\/\/www.accuratereviews.com\/it\/gestionale-per-servizi-sociali\/famcare-recensione\/","url":"https:\/\/www.accuratereviews.com\/it\/gestionale-per-servizi-sociali\/famcare-recensione\/","name":"FAMCare: recensione software per servizi sociali - Accurate Reviews","isPartOf":{"@id":"https:\/\/www.accuratereviews.com\/it\/#website"},"primaryImageOfPage":{"@id":"https:\/\/www.accuratereviews.com\/it\/gestionale-per-servizi-sociali\/famcare-recensione\/#primaryimage"},"image":{"@id":"https:\/\/www.accuratereviews.com\/it\/gestionale-per-servizi-sociali\/famcare-recensione\/#primaryimage"},"thumbnailUrl":"https:\/\/www.accuratereviews.com\/wp-content\/uploads\/2020\/10\/FAMCARE.png","datePublished":"2020-10-12T10:54:38+00:00","description":"FAMCare: recensione piattaforma di gestione dei casi che automatizza il lavoro per gli assistenti sociali.","breadcrumb":{"@id":"https:\/\/www.accuratereviews.com\/it\/gestionale-per-servizi-sociali\/famcare-recensione\/#breadcrumb"},"inLanguage":"it-IT","potentialAction":[{"@type":"ReadAction","target":["https:\/\/www.accuratereviews.com\/it\/gestionale-per-servizi-sociali\/famcare-recensione\/"]}]},{"@type":"ImageObject","inLanguage":"it-IT","@id":"https:\/\/www.accuratereviews.com\/it\/gestionale-per-servizi-sociali\/famcare-recensione\/#primaryimage","url":"https:\/\/www.accuratereviews.com\/wp-content\/uploads\/2020\/10\/FAMCARE.png","contentUrl":"https:\/\/www.accuratereviews.com\/wp-content\/uploads\/2020\/10\/FAMCARE.png","width":225,"height":225},{"@type":"BreadcrumbList","@id":"https:\/\/www.accuratereviews.com\/it\/gestionale-per-servizi-sociali\/famcare-recensione\/#breadcrumb","itemListElement":[{"@type":"ListItem","position":1,"name":"Home","item":"https:\/\/www.accuratereviews.com\/it\/"},{"@type":"ListItem","position":2,"name":"Gestionale per servizi sociali","item":"https:\/\/www.accuratereviews.com\/it\/gestionale-per-servizi-sociali\/"},{"@type":"ListItem","position":3,"name":"FAMCare"}]},{"@type":"WebSite","@id":"https:\/\/www.accuratereviews.com\/it\/#website","url":"https:\/\/www.accuratereviews.com\/it\/","name":"Accurate Reviews","description":"","potentialAction":[{"@type":"SearchAction","target":{"@type":"EntryPoint","urlTemplate":"https:\/\/www.accuratereviews.com\/it\/?s={search_term_string}"},"query-input":{"@type":"PropertyValueSpecification","valueRequired":true,"valueName":"search_term_string"}}],"inLanguage":"it-IT"}]}},"_links":{"self":[{"href":"https:\/\/www.accuratereviews.com\/it\/wp-json\/wp\/v2\/pages\/31080","targetHints":{"allow":["GET"]}}],"collection":[{"href":"https:\/\/www.accuratereviews.com\/it\/wp-json\/wp\/v2\/pages"}],"about":[{"href":"https:\/\/www.accuratereviews.com\/it\/wp-json\/wp\/v2\/types\/page"}],"author":[{"embeddable":true,"href":"https:\/\/www.accuratereviews.com\/it\/wp-json\/wp\/v2\/users\/19"}],"replies":[{"embeddable":true,"href":"https:\/\/www.accuratereviews.com\/it\/wp-json\/wp\/v2\/comments?post=31080"}],"version-history":[{"count":6,"href":"https:\/\/www.accuratereviews.com\/it\/wp-json\/wp\/v2\/pages\/31080\/revisions"}],"predecessor-version":[{"id":31091,"href":"https:\/\/www.accuratereviews.com\/it\/wp-json\/wp\/v2\/pages\/31080\/revisions\/31091"}],"up":[{"embeddable":true,"href":"https:\/\/www.accuratereviews.com\/it\/wp-json\/wp\/v2\/pages\/30754"}],"wp:featuredmedia":[{"embeddable":true,"href":"https:\/\/www.accuratereviews.com\/it\/wp-json\/wp\/v2\/media\/31081"}],"wp:attachment":[{"href":"https:\/\/www.accuratereviews.com\/it\/wp-json\/wp\/v2\/media?parent=31080"}],"wp:term":[{"taxonomy":"category","embeddable":true,"href":"https:\/\/www.accuratereviews.com\/it\/wp-json\/wp\/v2\/categories?post=31080"},{"taxonomy":"post_tag","embeddable":true,"href":"https:\/\/www.accuratereviews.com\/it\/wp-json\/wp\/v2\/tags?post=31080"},{"taxonomy":"features","embeddable":true,"href":"https:\/\/www.accuratereviews.com\/it\/wp-json\/wp\/v2\/features?post=31080"}],"curies":[{"name":"wp","href":"https:\/\/api.w.org\/{rel}","templated":true}]}}