{"id":31108,"date":"2020-10-13T10:56:18","date_gmt":"2020-10-13T10:56:18","guid":{"rendered":"https:\/\/www.accuratereviews.com\/?page_id=31108"},"modified":"2020-10-13T10:56:18","modified_gmt":"2020-10-13T10:56:18","slug":"extendedreach-recensione","status":"publish","type":"page","link":"https:\/\/www.accuratereviews.com\/it\/gestionale-per-servizi-sociali\/extendedreach-recensione\/","title":{"rendered":"ExtendedReach"},"content":{"rendered":"<p><strong>ExtendedReach<\/strong> \u00e8 una soluzione facile e conveniente per le <strong>agenzie di collocamento dei minori<\/strong> per il monitoraggio dei bambini e delle famiglie affidatarie. Assiste i centri nella concessione di licenze per potenziali case temporanee, nella ricerca di residenze provvisorie adeguate per i bambini, nella conservazione e nell&#8217;accesso ai documenti relativi a case famiglia e nella generazione di rapporti per una panoramica completa delle operazioni. La soluzione semplifica i flussi di lavoro delle agenzie eliminando la doppia immissione dei dati. Questo perch\u00e9 richiede informazioni solo una volta e le utilizza in tutto il database. Inoltre, <strong>ExtendedReach<\/strong> ti offre una piattaforma in cui puoi comunicare con le famiglie affidatarie in sicurezza. Con questo, puoi offrire suggerimenti, consigli e altre informazioni utili che possono aiutare i genitori e i bambini sotto la loro cura.<\/p>\n<h2>EXTENDEDREACH &#8211; TUTORIAL<\/h2>\n<p>Da questo video vediamo come utilizzare questo <strong>software gestionale per i servizi sociali<\/strong>:<\/p>\n<div id=\"fluid-wrapper-counter-1\" class=\"g1-fluid-wrapper \" style=\"width:686px;\">\n<div style=\"padding-bottom:56.268221574344%;\"><iframe loading=\"lazy\" title=\"Go &quot;From Clutter To Compliance&quot; with extendedReach!\" width=\"686\" height=\"386\" src=\"https:\/\/www.youtube.com\/embed\/_FHjsLXVXYM?feature=oembed&amp;wmode=transparent&amp;autohide=1&amp;autoplay=0&amp;disablekb=0&amp;fs=1&amp;loop=0&amp;enablejsapi=1&amp;rel=0&amp;controls=2&amp;showinfo=0&amp;wmode=transparent&amp;autohide=2&amp;autoplay=0&amp;disablekb=0&amp;fs=1&amp;loop=0&amp;enablejsapi=1&amp;rel=0&amp;controls=2&amp;showinfo=1\" frameborder=\"0\" allow=\"accelerometer; autoplay; clipboard-write; encrypted-media; gyroscope; picture-in-picture\" allowfullscreen><\/iframe><\/div>\n<\/div>\n<p>&nbsp;<\/p>\n<h3>EXTENDEDREACH &#8211; CARATTERISTICHE<\/h3>\n<ul>\n<li>Inserisci le informazioni solo una volta: digita le informazioni una volta il software compiler\u00e0 automaticamente documenti e moduli web, generer\u00e0 fatturazione, invier\u00e0 email, creer\u00e0 grafici e molto altro ancora<\/li>\n<li>Accesso alle informazioni: Accedi alla soluzioni da qualsiasi browser web o dall&#8217;app mobile, ovunque con una connessione internet<\/li>\n<li>Scadenza e pianificazione: calcola e tiene traccia automaticamente delle date di scadenza, assiste nella pianificazione degli appuntamenti e si integra con il tuo calendario personale<\/li>\n<li>Firme: la soluzione\u00a0integra perfettamente il processo di firma nel flusso di lavoro della tua agenzia.<br \/>\nReportistica: dopo tutti i tuoi incontri, i documenti scritti, le firme raccolte, probabilmente vuoi sapere se tutto questo lavoro sta dando i suoi frutti! Hai a disposizione oltre 300 rapporti integrati e la possibilit\u00e0 di creare facilmente rapporti personalizzati<\/li>\n<li>Fatturazione: semplifica e velocizza la gestione dei dati finanziari relativi ai casi, delle fatture, dei sinistri assicurativi e della fatturazione dell&#8217;assistenza diurna. La piattaforma si integra con la maggior parte dei sistemi di contabilit\u00e0, incluso Quickbooks<\/li>\n<li>Sicuro: la sicurezza delle tue informazioni non \u00e8 negoziabile. Ecco perch\u00e9 siamo crittografati end-to-end, ospitati in data center certificati SOC 2 e registriamo quasi tutto in un potente audit trail<\/li>\n<\/ul>\n<h4>LE RECENSIONI DEGLI UTENTI<\/h4>\n<h4 class=\"font-weight-bold mb-1 d-flex align-items-center\">Mark M.&#8221;Recensione utente <strong>ExtendedReach<\/strong>\u00a0&#8220;<\/h4>\n<p><strong>Commenti: <\/strong>Nel complesso \u00e8 stata un&#8217;esperienza estremamente positiva per il nostro utilizzo.<\/p>\n<p><strong>Vantaggi: <\/strong>Mi piace la facilit\u00e0 d&#8217;uso, il layout del programma e la facilit\u00e0 di navigazione. Essere in grado di utilizzare da qualsiasi luogo \u00e8 anche una grande risorsa.<\/p>\n<p><strong>Inconvenienti: <\/strong>Avrei voluto che potesse essere personalizzato in base a esigenze specifiche, in particolare nella pianificazione di eventi ripetitivi e pi\u00f9 facile da impostare determinati controlli e parametri nelle schede impostate.<\/p>\n<h4 class=\"font-weight-bold mb-1 d-flex align-items-center\">Angela N.&#8221;Scegli ExtendedReach su tutti gli altri&#8221;<\/h4>\n<p><strong>Commenti: <\/strong>Tengo traccia di tutto ci\u00f2 che viene fatto all&#8217;interno della mia agenzia di quattordici uffici nello Stato del Texas utilizzando questo software. Posso farlo da qualsiasi luogo: l&#8217;ho fatto dalla spiaggia alle Hawaii. Amo eR.<\/p>\n<p><strong>Vantaggi: <\/strong>Mi piace che sia cos\u00ec facile da usare. Ho utilizzato Kaleidecare e i sistemi software dello Stato del Texas (IMPACT, CLASS). eR \u00e8 di gran lunga il pi\u00f9 facile da usare. Consente agli amministratori di correggere &#8220;errori&#8221; da parte del personale. Posso apportare modifiche al modo in cui documentiamo, moduli, tracciamento, senza dover inviare un ticket e aspettare che qualcun altro lo faccia. \u00c8 davvero personalizzabile. Quando ho bisogno di contattare il rappresentante e il suo team, rispondono il giorno stesso.<\/p>\n<p><strong>Inconvenienti: <\/strong>Mi piacerebbe avere pi\u00f9 dati, pi\u00f9 capacit\u00e0 di tenere traccia delle attivit\u00e0 completate dal mio staff.<\/p>\n<h4 class=\"font-weight-bold mb-1 d-flex align-items-center\">Marlond F.&#8221;Recensione\u00a0ExtendedReach&#8221;<\/h4>\n<p><strong>Commenti: <\/strong>Il personale \u00e8 straordinario, affidabile, reattivo, attento ed efficiente. eR rende la gestione dei casi gestibile e rende divertente la creazione di report sui risultati, perch\u00e9 ci sono cos\u00ec tanti strumenti e risorse attraverso eR per farlo.<br \/>\nMi piace che eR sia aperta al feedback e disponga di un sistema in atto per valutare il feedback e rispondere tempestivamente alle raccomandazioni per i miglioramenti.<\/p>\n<p><strong>Vantaggi: <\/strong>I nostri professionisti del servizio umano amano il web di famiglia in quanto consente loro di comunicare in modo sicuro ed efficiente con i nostri genitori e genitori adottivi. I genitori adorano il fatto che eR sia un sistema cloud basato sul web. Il modulo doganale \u00e8 un must per le agenzie che godono di una buona flessibilit\u00e0 tecnica e eR offre proprio questo.<\/p>\n<p><strong>Inconvenienti: <\/strong>Non riesco davvero a pensare a nessuno perch\u00e9 eR si impegna a migliorare costantemente. Se ho un problema con l&#8217;applicazione e \/ o il software, c&#8217;\u00e8 sempre una soluzione offerta o una soluzione di qualit\u00e0.<\/p>\n<p>&nbsp;<\/p>\n","protected":false},"excerpt":{"rendered":"<p>ExtendedReach \u00e8 una soluzione facile da usare e conveniente per le agenzie di collocamento dei minori per il monitoraggio dei bambini e delle famiglie affidatarie. Assiste i centri nella concessione di licenze per potenziali case temporanee, nella ricerca di residenze provvisorie adeguate per i bambini, nella conservazione e nell&#8217;accesso ai documenti relativi a case famiglia e nella generazione di rapporti per una panoramica completa delle operazioni.<\/p>\n","protected":false},"author":19,"featured_media":31109,"parent":30754,"menu_order":0,"comment_status":"open","ping_status":"closed","template":"g1_template_page_review_new.php","meta":{"_acf_changed":false,"cwp_meta_box_check":"Yes","cwp_rev_product_name":"","cwp_rev_product_image":"","wppr_links":[],"cwp_rev_price":"","wppr_options":[],"wppr_pros":[],"wppr_cons":[],"_monsterinsights_skip_tracking":false,"_monsterinsights_sitenote_active":false,"_monsterinsights_sitenote_note":"","_monsterinsights_sitenote_category":0,"footnotes":""},"categories":[3774],"tags":[396,3890,3776,3790,3789,3787,3788],"features":[],"class_list":{"0":"post-31108","1":"page","2":"type-page","3":"status-publish","4":"has-post-thumbnail","6":"category-gestionale-per-servizi-sociali","7":"tag-cloud","8":"tag-extendedreach","9":"tag-gestionale-per-servizi-sociali","10":"tag-piattaforma-per-servizi-sociali","11":"tag-programma-per-servizi-sociali","12":"tag-software-per-servizi-sociali","13":"tag-soluzione-per-servizi-sociali"},"wppr_data":{"cwp_meta_box_check":"Yes","cwp_rev_product_name":"","cwp_rev_product_image":"","cwp_image_link":"image","cwp_rev_price":"","wppr_rating":"0.00"},"acf":[],"yoast_head":"<!-- This site is optimized with the Yoast SEO plugin v27.4 - https:\/\/yoast.com\/product\/yoast-seo-wordpress\/ -->\n<title>ExtendedReach: recensione software per servizi sociali -Accurate Reviews<\/title>\n<meta name=\"description\" content=\"ExtendedReach: recensione soluzione facile da usare e conveniente per le agenzie di collocamento dei minori per il monitoraggio dei bambini.\" \/>\n<meta name=\"robots\" content=\"index, follow, max-snippet:-1, max-image-preview:large, max-video-preview:-1\" \/>\n<link rel=\"canonical\" href=\"https:\/\/www.accuratereviews.com\/it\/gestionale-per-servizi-sociali\/extendedreach-recensione\/\" \/>\n<meta property=\"og:locale\" content=\"it_IT\" \/>\n<meta property=\"og:type\" content=\"article\" \/>\n<meta property=\"og:title\" content=\"ExtendedReach: recensione software per servizi sociali -Accurate Reviews\" \/>\n<meta property=\"og:description\" content=\"ExtendedReach: recensione soluzione facile da usare e conveniente per le agenzie di collocamento dei minori per il monitoraggio dei bambini.\" \/>\n<meta property=\"og:url\" content=\"https:\/\/www.accuratereviews.com\/it\/gestionale-per-servizi-sociali\/extendedreach-recensione\/\" \/>\n<meta property=\"og:site_name\" content=\"Accurate Reviews\" \/>\n<meta property=\"og:image\" content=\"https:\/\/www.accuratereviews.com\/wp-content\/uploads\/2020\/10\/extendedreach.png\" \/>\n\t<meta property=\"og:image:width\" content=\"600\" \/>\n\t<meta property=\"og:image:height\" content=\"315\" \/>\n\t<meta property=\"og:image:type\" content=\"image\/png\" \/>\n<meta name=\"twitter:card\" content=\"summary_large_image\" \/>\n<meta name=\"twitter:label1\" content=\"Tempo di lettura stimato\" \/>\n\t<meta name=\"twitter:data1\" content=\"4 minuti\" \/>\n<script type=\"application\/ld+json\" class=\"yoast-schema-graph\">{\"@context\":\"https:\\\/\\\/schema.org\",\"@graph\":[{\"@type\":\"WebPage\",\"@id\":\"https:\\\/\\\/www.accuratereviews.com\\\/it\\\/gestionale-per-servizi-sociali\\\/extendedreach-recensione\\\/\",\"url\":\"https:\\\/\\\/www.accuratereviews.com\\\/it\\\/gestionale-per-servizi-sociali\\\/extendedreach-recensione\\\/\",\"name\":\"ExtendedReach: recensione software per servizi sociali -Accurate Reviews\",\"isPartOf\":{\"@id\":\"https:\\\/\\\/www.accuratereviews.com\\\/it\\\/#website\"},\"primaryImageOfPage\":{\"@id\":\"https:\\\/\\\/www.accuratereviews.com\\\/it\\\/gestionale-per-servizi-sociali\\\/extendedreach-recensione\\\/#primaryimage\"},\"image\":{\"@id\":\"https:\\\/\\\/www.accuratereviews.com\\\/it\\\/gestionale-per-servizi-sociali\\\/extendedreach-recensione\\\/#primaryimage\"},\"thumbnailUrl\":\"https:\\\/\\\/www.accuratereviews.com\\\/wp-content\\\/uploads\\\/2020\\\/10\\\/extendedreach.png\",\"datePublished\":\"2020-10-13T10:56:18+00:00\",\"description\":\"ExtendedReach: recensione soluzione facile da usare e conveniente per le agenzie di collocamento dei minori per il monitoraggio dei bambini.\",\"breadcrumb\":{\"@id\":\"https:\\\/\\\/www.accuratereviews.com\\\/it\\\/gestionale-per-servizi-sociali\\\/extendedreach-recensione\\\/#breadcrumb\"},\"inLanguage\":\"it-IT\",\"potentialAction\":[{\"@type\":\"ReadAction\",\"target\":[\"https:\\\/\\\/www.accuratereviews.com\\\/it\\\/gestionale-per-servizi-sociali\\\/extendedreach-recensione\\\/\"]}]},{\"@type\":\"ImageObject\",\"inLanguage\":\"it-IT\",\"@id\":\"https:\\\/\\\/www.accuratereviews.com\\\/it\\\/gestionale-per-servizi-sociali\\\/extendedreach-recensione\\\/#primaryimage\",\"url\":\"https:\\\/\\\/www.accuratereviews.com\\\/wp-content\\\/uploads\\\/2020\\\/10\\\/extendedreach.png\",\"contentUrl\":\"https:\\\/\\\/www.accuratereviews.com\\\/wp-content\\\/uploads\\\/2020\\\/10\\\/extendedreach.png\",\"width\":600,\"height\":315},{\"@type\":\"BreadcrumbList\",\"@id\":\"https:\\\/\\\/www.accuratereviews.com\\\/it\\\/gestionale-per-servizi-sociali\\\/extendedreach-recensione\\\/#breadcrumb\",\"itemListElement\":[{\"@type\":\"ListItem\",\"position\":1,\"name\":\"Home\",\"item\":\"https:\\\/\\\/www.accuratereviews.com\\\/it\\\/\"},{\"@type\":\"ListItem\",\"position\":2,\"name\":\"Gestionale per servizi sociali\",\"item\":\"https:\\\/\\\/www.accuratereviews.com\\\/it\\\/gestionale-per-servizi-sociali\\\/\"},{\"@type\":\"ListItem\",\"position\":3,\"name\":\"ExtendedReach\"}]},{\"@type\":\"WebSite\",\"@id\":\"https:\\\/\\\/www.accuratereviews.com\\\/it\\\/#website\",\"url\":\"https:\\\/\\\/www.accuratereviews.com\\\/it\\\/\",\"name\":\"Accurate Reviews\",\"description\":\"\",\"potentialAction\":[{\"@type\":\"SearchAction\",\"target\":{\"@type\":\"EntryPoint\",\"urlTemplate\":\"https:\\\/\\\/www.accuratereviews.com\\\/it\\\/?s={search_term_string}\"},\"query-input\":{\"@type\":\"PropertyValueSpecification\",\"valueRequired\":true,\"valueName\":\"search_term_string\"}}],\"inLanguage\":\"it-IT\"}]}<\/script>\n<!-- \/ Yoast SEO plugin. -->","yoast_head_json":{"title":"ExtendedReach: recensione software per servizi sociali -Accurate Reviews","description":"ExtendedReach: recensione soluzione facile da usare e conveniente per le agenzie di collocamento dei minori per il monitoraggio dei bambini.","robots":{"index":"index","follow":"follow","max-snippet":"max-snippet:-1","max-image-preview":"max-image-preview:large","max-video-preview":"max-video-preview:-1"},"canonical":"https:\/\/www.accuratereviews.com\/it\/gestionale-per-servizi-sociali\/extendedreach-recensione\/","og_locale":"it_IT","og_type":"article","og_title":"ExtendedReach: recensione software per servizi sociali -Accurate Reviews","og_description":"ExtendedReach: recensione soluzione facile da usare e conveniente per le agenzie di collocamento dei minori per il monitoraggio dei bambini.","og_url":"https:\/\/www.accuratereviews.com\/it\/gestionale-per-servizi-sociali\/extendedreach-recensione\/","og_site_name":"Accurate Reviews","og_image":[{"width":600,"height":315,"url":"https:\/\/www.accuratereviews.com\/wp-content\/uploads\/2020\/10\/extendedreach.png","type":"image\/png"}],"twitter_card":"summary_large_image","twitter_misc":{"Tempo di lettura stimato":"4 minuti"},"schema":{"@context":"https:\/\/schema.org","@graph":[{"@type":"WebPage","@id":"https:\/\/www.accuratereviews.com\/it\/gestionale-per-servizi-sociali\/extendedreach-recensione\/","url":"https:\/\/www.accuratereviews.com\/it\/gestionale-per-servizi-sociali\/extendedreach-recensione\/","name":"ExtendedReach: recensione software per servizi sociali -Accurate Reviews","isPartOf":{"@id":"https:\/\/www.accuratereviews.com\/it\/#website"},"primaryImageOfPage":{"@id":"https:\/\/www.accuratereviews.com\/it\/gestionale-per-servizi-sociali\/extendedreach-recensione\/#primaryimage"},"image":{"@id":"https:\/\/www.accuratereviews.com\/it\/gestionale-per-servizi-sociali\/extendedreach-recensione\/#primaryimage"},"thumbnailUrl":"https:\/\/www.accuratereviews.com\/wp-content\/uploads\/2020\/10\/extendedreach.png","datePublished":"2020-10-13T10:56:18+00:00","description":"ExtendedReach: recensione soluzione facile da usare e conveniente per le agenzie di collocamento dei minori per il monitoraggio dei bambini.","breadcrumb":{"@id":"https:\/\/www.accuratereviews.com\/it\/gestionale-per-servizi-sociali\/extendedreach-recensione\/#breadcrumb"},"inLanguage":"it-IT","potentialAction":[{"@type":"ReadAction","target":["https:\/\/www.accuratereviews.com\/it\/gestionale-per-servizi-sociali\/extendedreach-recensione\/"]}]},{"@type":"ImageObject","inLanguage":"it-IT","@id":"https:\/\/www.accuratereviews.com\/it\/gestionale-per-servizi-sociali\/extendedreach-recensione\/#primaryimage","url":"https:\/\/www.accuratereviews.com\/wp-content\/uploads\/2020\/10\/extendedreach.png","contentUrl":"https:\/\/www.accuratereviews.com\/wp-content\/uploads\/2020\/10\/extendedreach.png","width":600,"height":315},{"@type":"BreadcrumbList","@id":"https:\/\/www.accuratereviews.com\/it\/gestionale-per-servizi-sociali\/extendedreach-recensione\/#breadcrumb","itemListElement":[{"@type":"ListItem","position":1,"name":"Home","item":"https:\/\/www.accuratereviews.com\/it\/"},{"@type":"ListItem","position":2,"name":"Gestionale per servizi sociali","item":"https:\/\/www.accuratereviews.com\/it\/gestionale-per-servizi-sociali\/"},{"@type":"ListItem","position":3,"name":"ExtendedReach"}]},{"@type":"WebSite","@id":"https:\/\/www.accuratereviews.com\/it\/#website","url":"https:\/\/www.accuratereviews.com\/it\/","name":"Accurate Reviews","description":"","potentialAction":[{"@type":"SearchAction","target":{"@type":"EntryPoint","urlTemplate":"https:\/\/www.accuratereviews.com\/it\/?s={search_term_string}"},"query-input":{"@type":"PropertyValueSpecification","valueRequired":true,"valueName":"search_term_string"}}],"inLanguage":"it-IT"}]}},"_links":{"self":[{"href":"https:\/\/www.accuratereviews.com\/it\/wp-json\/wp\/v2\/pages\/31108","targetHints":{"allow":["GET"]}}],"collection":[{"href":"https:\/\/www.accuratereviews.com\/it\/wp-json\/wp\/v2\/pages"}],"about":[{"href":"https:\/\/www.accuratereviews.com\/it\/wp-json\/wp\/v2\/types\/page"}],"author":[{"embeddable":true,"href":"https:\/\/www.accuratereviews.com\/it\/wp-json\/wp\/v2\/users\/19"}],"replies":[{"embeddable":true,"href":"https:\/\/www.accuratereviews.com\/it\/wp-json\/wp\/v2\/comments?post=31108"}],"version-history":[{"count":8,"href":"https:\/\/www.accuratereviews.com\/it\/wp-json\/wp\/v2\/pages\/31108\/revisions"}],"predecessor-version":[{"id":31130,"href":"https:\/\/www.accuratereviews.com\/it\/wp-json\/wp\/v2\/pages\/31108\/revisions\/31130"}],"up":[{"embeddable":true,"href":"https:\/\/www.accuratereviews.com\/it\/wp-json\/wp\/v2\/pages\/30754"}],"wp:featuredmedia":[{"embeddable":true,"href":"https:\/\/www.accuratereviews.com\/it\/wp-json\/wp\/v2\/media\/31109"}],"wp:attachment":[{"href":"https:\/\/www.accuratereviews.com\/it\/wp-json\/wp\/v2\/media?parent=31108"}],"wp:term":[{"taxonomy":"category","embeddable":true,"href":"https:\/\/www.accuratereviews.com\/it\/wp-json\/wp\/v2\/categories?post=31108"},{"taxonomy":"post_tag","embeddable":true,"href":"https:\/\/www.accuratereviews.com\/it\/wp-json\/wp\/v2\/tags?post=31108"},{"taxonomy":"features","embeddable":true,"href":"https:\/\/www.accuratereviews.com\/it\/wp-json\/wp\/v2\/features?post=31108"}],"curies":[{"name":"wp","href":"https:\/\/api.w.org\/{rel}","templated":true}]}}