{"id":31133,"date":"2020-10-14T10:10:48","date_gmt":"2020-10-14T10:10:48","guid":{"rendered":"https:\/\/www.accuratereviews.com\/?page_id=31133"},"modified":"2020-10-14T10:10:48","modified_gmt":"2020-10-14T10:10:48","slug":"accupoint-recensione","status":"publish","type":"page","link":"https:\/\/www.accuratereviews.com\/it\/gestionale-per-servizi-sociali\/accupoint-recensione\/","title":{"rendered":"AccuPoint"},"content":{"rendered":"<p>Progettato come soluzione ABA (Applied Behavior Analysis), <strong>AccuPoint<\/strong> fornisce alle organizzazioni sanitarie <strong>cartelle cliniche elettroniche<\/strong> (EMR), fatturazione medica, pianificazione dei pazienti e archiviazione delle immagini.\u00a0Il modulo di gestione dei contenuti e dei documenti del programma consente agli amministratori di archiviare elettronicamente i propri record. La piattaforma avviser\u00e0 gli utenti quando documenti o record mancano o stanno per scadere. <strong>AccuPoint<\/strong> pu\u00f2 essere utilizzato su dispositivi mobili, consentendo di registrare l&#8217;ora di inizio e di fine dei turni e dei servizi forniti. Questa soluzione include anche un assistente automatico che avvisa se il personale \u00e8 in ritardo o non si presenta ai turni.\u00a0AccuPoint include anche moduli per la fatturazione medica e il libro paga. Nel modulo buste paga, le tariffe salariali dei dipendenti sono determinate dai servizi resi da ciascun dipendente.<\/p>\n<h2>ACCUPOINT &#8211; TUTORIAL<\/h2>\n<p>Guarda questo breve video che mostra i principali strumenti di questo <strong>software gestionale per i servizi sociali<\/strong>:<\/p>\n<div id=\"fluid-wrapper-counter-1\" class=\"g1-fluid-wrapper \" style=\"width:686px;\">\n<div style=\"padding-bottom:56.268221574344%;\"><iframe loading=\"lazy\" title=\"AccuPoint Practice Management\" width=\"686\" height=\"386\" src=\"https:\/\/www.youtube.com\/embed\/0UY6hUGVI2A?feature=oembed&amp;wmode=transparent&amp;autohide=1&amp;autoplay=0&amp;disablekb=0&amp;fs=1&amp;loop=0&amp;enablejsapi=1&amp;rel=0&amp;controls=2&amp;showinfo=0&amp;wmode=transparent&amp;autohide=2&amp;autoplay=0&amp;disablekb=0&amp;fs=1&amp;loop=0&amp;enablejsapi=1&amp;rel=0&amp;controls=2&amp;showinfo=1\" frameborder=\"0\" allow=\"accelerometer; autoplay; clipboard-write; encrypted-media; gyroscope; picture-in-picture\" allowfullscreen><\/iframe><\/div>\n<\/div>\n<h3>ACCUPOINT &#8211; CARATTERISTICHE<\/h3>\n<ul>\n<li>Approfitta delle informazioni aggiornate per ottimizzare la produttivit\u00e0 nell&#8217;amministrazione dell&#8217;agenzia<\/li>\n<li>Suddividi automaticamente la fatturazione &#8220;T-Code&#8221; da una singola nota di sessione<\/li>\n<li>Ottieni una perfetta integrazione con il clearinghouse senza commissioni<\/li>\n<li>I genitori possono vedere le informazioni del figlio, le note di sessione, firmare elettronicamente gli orari delle sessioni e visualizzare i risultati della raccolta dei dati in tempo reale<\/li>\n<li>Ricevi avvisi se un membro dello staff \u00e8 in ritardo di oltre 15 minuti<\/li>\n<li>I genitori possono essere continuamente coinvolti nella cura e nel trattamento dei loro figli<\/li>\n<li>L&#8217;accesso mobile consente ai dipendenti e ai membri del personale di effettuare il check-in e il check-out dei turni di servizio da qualsiasi dispositivo<\/li>\n<li>I genitori possono iscrivere i propri figli ai servizi e pagare le fatture in modo sicuro dall&#8217;interno del portale<\/li>\n<li>I servizi possono essere verificati tramite firme client o genitore e verifica dell&#8217;ID chiamante<\/li>\n<li>Elimina il tempo impiegato per l&#8217;inserimento manuale dei dati in pi\u00f9 applicazioni per il monitoraggio e la riconciliazione della conformit\u00e0<\/li>\n<li>I servizi di monitoraggio della conformit\u00e0, fatturazione, documentazione e buste paga sono perfettamente integrati<\/li>\n<li>Tieni traccia dei requisiti sia del personale che dei clienti in base ai requisiti di ogni singolo pagatore<\/li>\n<\/ul>\n<h4>LE RECENSIONI DEGLI UTENTI<\/h4>\n<h4 class=\"font-weight-bold mb-1 d-flex align-items-center\">Becca T.&#8221;Miglior investimento per la mia pratica&#8221;<\/h4>\n<p><strong>Commenti: <\/strong>Avere tutti i nostri bisogni e servizi elettronici in un unico posto \u00e8 inestimabile. Il mio staff (e io!) Dobbiamo imparare solo un sistema invece di pi\u00f9 sistemi, il che consente un apprendimento pi\u00f9 rapido con conseguente assistenza pi\u00f9 fluida ed efficiente per i nostri clienti. Qualsiasi domanda o richiesta \u00e8 stata affrontata rapidamente dal team di AccuPoint, il che aiuta a ridurre il mio stress e questo \u00e8 inestimabile! Grazie, team di AccuPoint!<\/p>\n<p><strong>Vantaggi: <\/strong>Il servizio clienti non \u00e8 secondo a nessuno. Ai ticket di assistenza viene data risposta molto rapidamente e qualsiasi domanda o dubbio riceve una risposta esauriente e rapida. Questo aiuta la mia pratica a funzionare senza problemi sia per i clienti che per i dipendenti<\/p>\n<p><strong>Inconvenienti: <\/strong>Non essere in grado di fare una vera &#8220;demo&#8221; prima di registrarsi. \u00c8 stato difficile immaginare veramente cosa avremmo ottenuto prima di investire i soldi nel prodotto<\/p>\n<h4 class=\"font-weight-bold mb-1 d-flex align-items-center\">Michele M.&#8221;Facile da configurare, facile da usare, ottimo servizio clienti&#8221;<\/h4>\n<p><strong>Vantaggi: <\/strong>Utilizziamo AccuPoint da pi\u00f9 di due anni per gestire una pratica diversificata, inclusa l&#8217;analisi del comportamento applicata e servizi di realt\u00e0 virtuale di stato. Poich\u00e9 le regole relative alle autorizzazioni dei contratti e alla presentazione dei reclami in tempo diventano pi\u00f9 complesse, \u00e8 fondamentale disporre di un sistema che tenga traccia di tutti i dati necessari e sia disponibile per gli utenti in un formato facilmente accessibile. AccuPoint riesce a fare proprio questo!<\/p>\n<p><strong>Inconvenienti: <\/strong>Non ho nulla di negativo da dire su questo prodotto o su questo fornitore.<\/p>\n<h4 class=\"font-weight-bold mb-1 d-flex align-items-center\">Nicole A.&#8221;Il servizio clienti \u00e8 fantastico!&#8221;<\/h4>\n<p><strong>Commenti: <\/strong>Accupoint \u00e8 stato fantastico, il loro personale \u00e8 incredibilmente disponibile e gentile, capisce i problemi unici che devono affrontare i reclami ABA, l&#8217;azienda offre di sviluppare qualsiasi funzionalit\u00e0 di cui potresti aver bisogno se non \u00e8 gi\u00e0 disponibile e sono disposti a fornire ulteriore aiuto ai clienti passaggio al loro servizio. Li consiglio vivamente alle aziende ABA.<\/p>\n<p><strong>Vantaggi: <\/strong>Il team di Accupoint \u00e8 stato fantastico. Sono stati rapidi nel risolvere qualsiasi problema che abbiamo avuto o nel guidarci attraverso qualsiasi cosa che non capiamo o che abbiamo inserito in modo errato. Abbiamo appena iniziato con Accupoint, ma dal punto di vista del servizio clienti, sono gi\u00e0 impressionato e hai superato di gran lunga il servizio che stavamo ricevendo in precedenza con il nostro altro software di fatturazione. Per non parlare del fatto che il sito \u00e8 facilmente navigabile.<\/p>\n<p><strong>Inconvenienti: <\/strong>Ci vuole sicuramente un po &#8216;di tempo per la configurazione, ma penso che sia in parte dovuto al fatto che stiamo passando da un altro software e abbiamo un numero considerevole di client.<\/p>\n","protected":false},"excerpt":{"rendered":"<p>Progettato come soluzione ABA (Applied Behavior Analysis), AccuPoint fornisce alle organizzazioni sanitarie cartelle cliniche elettroniche (EMR), fatturazione medica, pianificazione dei pazienti e archiviazione delle immagini.\u00a0Il modulo di gestione dei contenuti e dei documenti del programma consente agli amministratori di archiviare elettronicamente i propri record.<\/p>\n","protected":false},"author":19,"featured_media":31135,"parent":30754,"menu_order":0,"comment_status":"closed","ping_status":"closed","template":"g1_template_page_review_new.php","meta":{"_acf_changed":false,"cwp_meta_box_check":"Yes","cwp_rev_product_name":"","cwp_rev_product_image":"","wppr_links":[],"cwp_rev_price":"","wppr_options":[],"wppr_pros":[],"wppr_cons":[],"_monsterinsights_skip_tracking":false,"_monsterinsights_sitenote_active":false,"_monsterinsights_sitenote_note":"","_monsterinsights_sitenote_category":0,"footnotes":""},"categories":[3774],"tags":[3892,3776,3779,3778,3775,3777],"features":[],"class_list":{"0":"post-31133","1":"page","2":"type-page","3":"status-publish","4":"has-post-thumbnail","6":"category-gestionale-per-servizi-sociali","7":"tag-accupoint","8":"tag-gestionale-per-servizi-sociali","9":"tag-piattaforma-gestionale-per-servizi-sociali","10":"tag-programma-gestionale-per-servizi-sociali","11":"tag-software-gestionale-per-servizi-sociali","12":"tag-soluzione-gestionale-per-servizi-sociali"},"wppr_data":{"cwp_meta_box_check":"Yes","cwp_rev_product_name":"","cwp_rev_product_image":"","cwp_image_link":"image","cwp_rev_price":"","wppr_rating":"0.00"},"acf":[],"yoast_head":"<!-- This site is optimized with the Yoast SEO plugin v27.4 - https:\/\/yoast.com\/product\/yoast-seo-wordpress\/ -->\n<title>AccuPoint: recensione software per servizi sociali - Accurate Reviews<\/title>\n<meta name=\"description\" content=\"AccuPoint: recensione soluzione gestionale per servizi sociali con moduli di conformit\u00e0 e pianificazione che si integrano alla fatturazione.\" \/>\n<meta name=\"robots\" content=\"index, follow, max-snippet:-1, max-image-preview:large, max-video-preview:-1\" \/>\n<link rel=\"canonical\" href=\"https:\/\/www.accuratereviews.com\/it\/gestionale-per-servizi-sociali\/accupoint-recensione\/\" \/>\n<meta property=\"og:locale\" content=\"it_IT\" \/>\n<meta property=\"og:type\" content=\"article\" \/>\n<meta property=\"og:title\" content=\"AccuPoint: recensione software per servizi sociali - Accurate Reviews\" \/>\n<meta property=\"og:description\" content=\"AccuPoint: recensione soluzione gestionale per servizi sociali con moduli di conformit\u00e0 e pianificazione che si integrano alla fatturazione.\" \/>\n<meta property=\"og:url\" content=\"https:\/\/www.accuratereviews.com\/it\/gestionale-per-servizi-sociali\/accupoint-recensione\/\" \/>\n<meta property=\"og:site_name\" content=\"Accurate Reviews\" \/>\n<meta property=\"og:image\" content=\"https:\/\/www.accuratereviews.com\/wp-content\/uploads\/2020\/10\/Accu.png\" \/>\n\t<meta property=\"og:image:width\" content=\"1000\" \/>\n\t<meta property=\"og:image:height\" content=\"270\" \/>\n\t<meta property=\"og:image:type\" content=\"image\/png\" \/>\n<meta name=\"twitter:card\" content=\"summary_large_image\" \/>\n<meta name=\"twitter:label1\" content=\"Tempo di lettura stimato\" \/>\n\t<meta name=\"twitter:data1\" content=\"4 minuti\" \/>\n<script type=\"application\/ld+json\" class=\"yoast-schema-graph\">{\"@context\":\"https:\\\/\\\/schema.org\",\"@graph\":[{\"@type\":\"WebPage\",\"@id\":\"https:\\\/\\\/www.accuratereviews.com\\\/it\\\/gestionale-per-servizi-sociali\\\/accupoint-recensione\\\/\",\"url\":\"https:\\\/\\\/www.accuratereviews.com\\\/it\\\/gestionale-per-servizi-sociali\\\/accupoint-recensione\\\/\",\"name\":\"AccuPoint: recensione software per servizi sociali - Accurate Reviews\",\"isPartOf\":{\"@id\":\"https:\\\/\\\/www.accuratereviews.com\\\/it\\\/#website\"},\"primaryImageOfPage\":{\"@id\":\"https:\\\/\\\/www.accuratereviews.com\\\/it\\\/gestionale-per-servizi-sociali\\\/accupoint-recensione\\\/#primaryimage\"},\"image\":{\"@id\":\"https:\\\/\\\/www.accuratereviews.com\\\/it\\\/gestionale-per-servizi-sociali\\\/accupoint-recensione\\\/#primaryimage\"},\"thumbnailUrl\":\"https:\\\/\\\/www.accuratereviews.com\\\/wp-content\\\/uploads\\\/2020\\\/10\\\/Accu.png\",\"datePublished\":\"2020-10-14T10:10:48+00:00\",\"description\":\"AccuPoint: recensione soluzione gestionale per servizi sociali con moduli di conformit\u00e0 e pianificazione che si integrano alla fatturazione.\",\"breadcrumb\":{\"@id\":\"https:\\\/\\\/www.accuratereviews.com\\\/it\\\/gestionale-per-servizi-sociali\\\/accupoint-recensione\\\/#breadcrumb\"},\"inLanguage\":\"it-IT\",\"potentialAction\":[{\"@type\":\"ReadAction\",\"target\":[\"https:\\\/\\\/www.accuratereviews.com\\\/it\\\/gestionale-per-servizi-sociali\\\/accupoint-recensione\\\/\"]}]},{\"@type\":\"ImageObject\",\"inLanguage\":\"it-IT\",\"@id\":\"https:\\\/\\\/www.accuratereviews.com\\\/it\\\/gestionale-per-servizi-sociali\\\/accupoint-recensione\\\/#primaryimage\",\"url\":\"https:\\\/\\\/www.accuratereviews.com\\\/wp-content\\\/uploads\\\/2020\\\/10\\\/Accu.png\",\"contentUrl\":\"https:\\\/\\\/www.accuratereviews.com\\\/wp-content\\\/uploads\\\/2020\\\/10\\\/Accu.png\",\"width\":1000,\"height\":270},{\"@type\":\"BreadcrumbList\",\"@id\":\"https:\\\/\\\/www.accuratereviews.com\\\/it\\\/gestionale-per-servizi-sociali\\\/accupoint-recensione\\\/#breadcrumb\",\"itemListElement\":[{\"@type\":\"ListItem\",\"position\":1,\"name\":\"Home\",\"item\":\"https:\\\/\\\/www.accuratereviews.com\\\/it\\\/\"},{\"@type\":\"ListItem\",\"position\":2,\"name\":\"Gestionale per servizi sociali\",\"item\":\"https:\\\/\\\/www.accuratereviews.com\\\/it\\\/gestionale-per-servizi-sociali\\\/\"},{\"@type\":\"ListItem\",\"position\":3,\"name\":\"AccuPoint\"}]},{\"@type\":\"WebSite\",\"@id\":\"https:\\\/\\\/www.accuratereviews.com\\\/it\\\/#website\",\"url\":\"https:\\\/\\\/www.accuratereviews.com\\\/it\\\/\",\"name\":\"Accurate Reviews\",\"description\":\"\",\"potentialAction\":[{\"@type\":\"SearchAction\",\"target\":{\"@type\":\"EntryPoint\",\"urlTemplate\":\"https:\\\/\\\/www.accuratereviews.com\\\/it\\\/?s={search_term_string}\"},\"query-input\":{\"@type\":\"PropertyValueSpecification\",\"valueRequired\":true,\"valueName\":\"search_term_string\"}}],\"inLanguage\":\"it-IT\"}]}<\/script>\n<!-- \/ Yoast SEO plugin. -->","yoast_head_json":{"title":"AccuPoint: recensione software per servizi sociali - Accurate Reviews","description":"AccuPoint: recensione soluzione gestionale per servizi sociali con moduli di conformit\u00e0 e pianificazione che si integrano alla fatturazione.","robots":{"index":"index","follow":"follow","max-snippet":"max-snippet:-1","max-image-preview":"max-image-preview:large","max-video-preview":"max-video-preview:-1"},"canonical":"https:\/\/www.accuratereviews.com\/it\/gestionale-per-servizi-sociali\/accupoint-recensione\/","og_locale":"it_IT","og_type":"article","og_title":"AccuPoint: recensione software per servizi sociali - Accurate Reviews","og_description":"AccuPoint: recensione soluzione gestionale per servizi sociali con moduli di conformit\u00e0 e pianificazione che si integrano alla fatturazione.","og_url":"https:\/\/www.accuratereviews.com\/it\/gestionale-per-servizi-sociali\/accupoint-recensione\/","og_site_name":"Accurate Reviews","og_image":[{"width":1000,"height":270,"url":"https:\/\/www.accuratereviews.com\/wp-content\/uploads\/2020\/10\/Accu.png","type":"image\/png"}],"twitter_card":"summary_large_image","twitter_misc":{"Tempo di lettura stimato":"4 minuti"},"schema":{"@context":"https:\/\/schema.org","@graph":[{"@type":"WebPage","@id":"https:\/\/www.accuratereviews.com\/it\/gestionale-per-servizi-sociali\/accupoint-recensione\/","url":"https:\/\/www.accuratereviews.com\/it\/gestionale-per-servizi-sociali\/accupoint-recensione\/","name":"AccuPoint: recensione software per servizi sociali - Accurate Reviews","isPartOf":{"@id":"https:\/\/www.accuratereviews.com\/it\/#website"},"primaryImageOfPage":{"@id":"https:\/\/www.accuratereviews.com\/it\/gestionale-per-servizi-sociali\/accupoint-recensione\/#primaryimage"},"image":{"@id":"https:\/\/www.accuratereviews.com\/it\/gestionale-per-servizi-sociali\/accupoint-recensione\/#primaryimage"},"thumbnailUrl":"https:\/\/www.accuratereviews.com\/wp-content\/uploads\/2020\/10\/Accu.png","datePublished":"2020-10-14T10:10:48+00:00","description":"AccuPoint: recensione soluzione gestionale per servizi sociali con moduli di conformit\u00e0 e pianificazione che si integrano alla fatturazione.","breadcrumb":{"@id":"https:\/\/www.accuratereviews.com\/it\/gestionale-per-servizi-sociali\/accupoint-recensione\/#breadcrumb"},"inLanguage":"it-IT","potentialAction":[{"@type":"ReadAction","target":["https:\/\/www.accuratereviews.com\/it\/gestionale-per-servizi-sociali\/accupoint-recensione\/"]}]},{"@type":"ImageObject","inLanguage":"it-IT","@id":"https:\/\/www.accuratereviews.com\/it\/gestionale-per-servizi-sociali\/accupoint-recensione\/#primaryimage","url":"https:\/\/www.accuratereviews.com\/wp-content\/uploads\/2020\/10\/Accu.png","contentUrl":"https:\/\/www.accuratereviews.com\/wp-content\/uploads\/2020\/10\/Accu.png","width":1000,"height":270},{"@type":"BreadcrumbList","@id":"https:\/\/www.accuratereviews.com\/it\/gestionale-per-servizi-sociali\/accupoint-recensione\/#breadcrumb","itemListElement":[{"@type":"ListItem","position":1,"name":"Home","item":"https:\/\/www.accuratereviews.com\/it\/"},{"@type":"ListItem","position":2,"name":"Gestionale per servizi sociali","item":"https:\/\/www.accuratereviews.com\/it\/gestionale-per-servizi-sociali\/"},{"@type":"ListItem","position":3,"name":"AccuPoint"}]},{"@type":"WebSite","@id":"https:\/\/www.accuratereviews.com\/it\/#website","url":"https:\/\/www.accuratereviews.com\/it\/","name":"Accurate Reviews","description":"","potentialAction":[{"@type":"SearchAction","target":{"@type":"EntryPoint","urlTemplate":"https:\/\/www.accuratereviews.com\/it\/?s={search_term_string}"},"query-input":{"@type":"PropertyValueSpecification","valueRequired":true,"valueName":"search_term_string"}}],"inLanguage":"it-IT"}]}},"_links":{"self":[{"href":"https:\/\/www.accuratereviews.com\/it\/wp-json\/wp\/v2\/pages\/31133","targetHints":{"allow":["GET"]}}],"collection":[{"href":"https:\/\/www.accuratereviews.com\/it\/wp-json\/wp\/v2\/pages"}],"about":[{"href":"https:\/\/www.accuratereviews.com\/it\/wp-json\/wp\/v2\/types\/page"}],"author":[{"embeddable":true,"href":"https:\/\/www.accuratereviews.com\/it\/wp-json\/wp\/v2\/users\/19"}],"replies":[{"embeddable":true,"href":"https:\/\/www.accuratereviews.com\/it\/wp-json\/wp\/v2\/comments?post=31133"}],"version-history":[{"count":10,"href":"https:\/\/www.accuratereviews.com\/it\/wp-json\/wp\/v2\/pages\/31133\/revisions"}],"predecessor-version":[{"id":31164,"href":"https:\/\/www.accuratereviews.com\/it\/wp-json\/wp\/v2\/pages\/31133\/revisions\/31164"}],"up":[{"embeddable":true,"href":"https:\/\/www.accuratereviews.com\/it\/wp-json\/wp\/v2\/pages\/30754"}],"wp:featuredmedia":[{"embeddable":true,"href":"https:\/\/www.accuratereviews.com\/it\/wp-json\/wp\/v2\/media\/31135"}],"wp:attachment":[{"href":"https:\/\/www.accuratereviews.com\/it\/wp-json\/wp\/v2\/media?parent=31133"}],"wp:term":[{"taxonomy":"category","embeddable":true,"href":"https:\/\/www.accuratereviews.com\/it\/wp-json\/wp\/v2\/categories?post=31133"},{"taxonomy":"post_tag","embeddable":true,"href":"https:\/\/www.accuratereviews.com\/it\/wp-json\/wp\/v2\/tags?post=31133"},{"taxonomy":"features","embeddable":true,"href":"https:\/\/www.accuratereviews.com\/it\/wp-json\/wp\/v2\/features?post=31133"}],"curies":[{"name":"wp","href":"https:\/\/api.w.org\/{rel}","templated":true}]}}