{"id":31145,"date":"2020-10-14T10:12:38","date_gmt":"2020-10-14T10:12:38","guid":{"rendered":"https:\/\/www.accuratereviews.com\/?page_id=31145"},"modified":"2020-10-14T10:12:38","modified_gmt":"2020-10-14T10:12:38","slug":"planstreet-recensione","status":"publish","type":"page","link":"https:\/\/www.accuratereviews.com\/it\/gestionale-per-servizi-sociali\/planstreet-recensione\/","title":{"rendered":"PlanStreet"},"content":{"rendered":"<p><strong>PlanStreet<\/strong> \u00e8 uno strumento di gestione del portafoglio progetti e<strong> gestione dei casi<\/strong> (PPM) basato su <strong>cloud<\/strong> che consente alle aziende di gestire tutti i loro progetti e casi con facilit\u00e0 ed efficienza. Il programma\u00a0aiuta con il carico di lavoro del team, pianifica gli orari dei dipendenti, tiene traccia del tempo, alloca le risorse tra i progetti, monitora lo stato delle attivit\u00e0 in una posizione centralizzata e la gestione dei progetti.\u00a0Il software per diagrammi di Gantt di <strong>PlanStreet<\/strong> pianifica e distribuisce pi\u00f9 progetti contemporaneamente. Il monitoraggio delle risorse gestisce in modo proattivo il carico di lavoro del team e la gestione della domanda di risorse. Le aziende possono dare priorit\u00e0 ai flussi di lavoro, creare attivit\u00e0 secondarie all&#8217;interno delle attivit\u00e0, calcolare i costi sottostanti e pianificare i budget. I dati finanziari permettono di a creare il budget del progetto, i costi previsti e tenere traccia delle entrate effettive.<\/p>\n<h2>PLANSTREET &#8211; TUTORIAL<\/h2>\n<p>Guardiamo come \u00e8 semplice creare un progetto e portarlo a termine utilizzando questo <strong>software gestionale<\/strong>:<\/p>\n<div id=\"fluid-wrapper-counter-1\" class=\"g1-fluid-wrapper \" style=\"width:686px;\">\n<div style=\"padding-bottom:56.268221574344%;\"><iframe loading=\"lazy\" title=\"Home Remodel - PlanStreet\" width=\"686\" height=\"386\" src=\"https:\/\/www.youtube.com\/embed\/uhaf3R3q9Zg?feature=oembed&amp;wmode=transparent&amp;autohide=1&amp;autoplay=0&amp;disablekb=0&amp;fs=1&amp;loop=0&amp;enablejsapi=1&amp;rel=0&amp;controls=2&amp;showinfo=0&amp;wmode=transparent&amp;autohide=2&amp;autoplay=0&amp;disablekb=0&amp;fs=1&amp;loop=0&amp;enablejsapi=1&amp;rel=0&amp;controls=2&amp;showinfo=1\" frameborder=\"0\" allow=\"accelerometer; autoplay; clipboard-write; encrypted-media; gyroscope; picture-in-picture\" allowfullscreen><\/iframe><\/div>\n<\/div>\n<h3>PLANSTREET &#8211; CARATTERISTICHE<\/h3>\n<ul>\n<li><strong>Organizzazione<\/strong>: un&#8217;enorme quantit\u00e0 di dati viene accumulata nel campo dei servizi sociali. La soluzione fornisce un input dati intuitivo per documentazione medica, note sui casi, informazioni demografiche, dati condivisi, monitoraggio dei giovani e documenti sul benessere dei bambini<\/li>\n<li><strong>Conformit\u00e0<\/strong>: la sicurezza dei dati e la privacy sono di primaria importanza nel settore dei servizi sociali. Viene generato un ampio set di dati riservati e consegnato intenzionalmente ai case manager mentre servono il cliente<\/li>\n<li><strong>Produttivit\u00e0 incrementata<\/strong>: l&#8217;automazione e la razionalizzazione dei processi consente di liberare tempo amministrativo da utilizzare per il tempo sul campo con i clienti e le loro famiglie. Un&#8217;organizzazione di servizi sociali efficiente sar\u00e0 in grado di lavorare con pi\u00f9 clienti a un livello di servizio pi\u00f9 elevato<\/li>\n<li><strong>Centralizzazione virtuale<\/strong>: essere in grado di caricare dati e accedervi da qualsiasi luogo \u00e8 il nuovo standard nella gestione dei casi. Fornisce un unico luogo facilmente accessibile per tutto ci\u00f2 di cui gli operatori del caso devono accedere dall&#8217;ufficio, da casa o sul campo<\/li>\n<li><strong>Capacit\u00e0 di adattamento<\/strong>: al cambiamento dei processi, delle tendenze e delle esigenze individuali. Questa flessibilit\u00e0 mantiene le organizzazioni di servizi per l&#8217;infanzia e la famiglia pronte ad affrontare le loro situazioni specifiche<\/li>\n<li><strong>Favorisce il processo orientato ai risultati:<\/strong> la possibilit\u00e0 di accedere facilmente ai file e ai progetti dei casi precedenti aiuta le organizzazioni a scegliere cosa funziona e cosa no<\/li>\n<li><strong>Rapporti per massimizzare l&#8217;efficacia<\/strong>: il programma fornisce una suite di rapporti intuitivi che aiutano le organizzazioni di servizi per bambini e famiglie a vedere storie di successo, margini di miglioramento ed eventuali problemi di conformit\u00e0<\/li>\n<li><strong>Sicurezza<\/strong>: offre la conformit\u00e0 HIPAA incluso il backup regolare dei dati attraverso un processo automatizzato, gli operatori del caso possono essere certi che le informazioni dei clienti e delle loro famiglie siano al sicuro<\/li>\n<\/ul>\n<h4>LE RECENSIONI DEGLI UTENTI<\/h4>\n<h4 class=\"font-weight-bold mb-1 d-flex align-items-center\">David N.&#8221;Collaborare&#8221;<\/h4>\n<p><strong>Commenti: <\/strong>\u00c8 stato uno strumento utile per la nostra azienda<\/p>\n<p><strong>Vantaggi: <\/strong>La facilit\u00e0 di impostare e gestire pi\u00f9 progetti<\/p>\n<p><strong>Inconvenienti: <\/strong>All&#8217;inizio non sembrava fosse orientato verso il nostro settore, ma il team di sviluppo ha apportato rapidamente modifiche.<\/p>\n<h4 class=\"font-weight-bold mb-1 d-flex align-items-center\">John N.&#8221;Strumentale per snellire i processi e la collaborazione&#8221;<\/h4>\n<p><strong>Commenti: <\/strong>Gestione del progetto, collaborazione in team e gestione della domanda di risorse.<\/p>\n<p><strong>Vantaggi: <\/strong>\u00c8 un pacchetto completo con potenti funzionalit\u00e0 di pianificazione del progetto, monitoraggio e contabilit\u00e0 del progetto. La capacit\u00e0 di eseguire mischiata su scala agile insieme al tradizionale motore di pianificazione rende PlanStreet unico.<\/p>\n<p><strong>Inconvenienti: <\/strong>C&#8217;\u00e8 tutto da apprezzare su PlanStreet.<\/p>\n<div class=\"ml-4 pl-4 border-left border-left__dotted i18n-translation_vendor_container\" data-translation-id=\"1439775\" data-translation-vendor-target=\"original\">\n<div class=\"d-flex flex-wrap flex-md-nowrap align-items-center\">\n<h4 class=\"font-weight-bold mb-1 d-flex align-items-center\">Kashan M.&#8221;Strumento di gestione dei progetti PlantStreet&#8221;<\/h4>\n<p><strong>Commenti: <\/strong>In precedenza avevo problemi a gestire pi\u00f9 progetti contemporaneamente, lo schermo del foglio di PlanStreet Port lo rende pi\u00f9 facile e potevo tracciare facilmente lo stato e l&#8217;orario di lavoro. La schermata della visualizzazione elenco mi consente di conoscere lo stato istantaneo di ogni attivit\u00e0 e allocazione di risorse su attivit\u00e0 e progetto.<\/p>\n<p><strong>Vantaggi: <\/strong>Questo software \u00e8 un pacchetto completo per la gestione dei progetti in cui il manager pu\u00f2 tenere traccia dello stato del progetto e della cronologia. La cosa migliore che mi piace di pi\u00f9 \u00e8 la schermata di allocazione delle risorse in cui il manager pu\u00f2 tenere traccia della percentuale di carico di lavoro, allocazione e completamento delle attivit\u00e0 della risorsa per singoli e multipli progetti.<\/p>\n<p><strong>Inconvenienti: <\/strong>Vorrei avere rapporti personalizzati che mi aiutassero a generare rapporti \u00a0in base alle esigenze dei clienti.<\/p>\n<\/div>\n<\/div>\n","protected":false},"excerpt":{"rendered":"<p>PlanStreet \u00e8 uno strumento di gestione del portafoglio progetti e gestione dei casi (PPM) basato su cloud che consente alle aziende di gestire tutti i loro progetti e casi con facilit\u00e0 ed efficienza. Il programma\u00a0aiuta con il carico di lavoro del team, pianifica gli orari dei dipendenti, tiene traccia del tempo, alloca le risorse tra i progetti, monitora lo stato delle attivit\u00e0 in una posizione centralizzata e la gestione dei progetti.\u00a0<\/p>\n","protected":false},"author":19,"featured_media":31150,"parent":30754,"menu_order":0,"comment_status":"open","ping_status":"closed","template":"g1_template_page_review_new.php","meta":{"_acf_changed":false,"cwp_meta_box_check":"Yes","cwp_rev_product_name":"","cwp_rev_product_image":"","wppr_links":[],"cwp_rev_price":"","wppr_options":[],"wppr_pros":[],"wppr_cons":[],"_monsterinsights_skip_tracking":false,"_monsterinsights_sitenote_active":false,"_monsterinsights_sitenote_note":"","_monsterinsights_sitenote_category":0,"footnotes":""},"categories":[3774],"tags":[396,3893,3776,3790,3894,3789,3788],"features":[],"class_list":{"0":"post-31145","1":"page","2":"type-page","3":"status-publish","4":"has-post-thumbnail","6":"category-gestionale-per-servizi-sociali","7":"tag-cloud","8":"tag-gestionale-per-progetti","9":"tag-gestionale-per-servizi-sociali","10":"tag-piattaforma-per-servizi-sociali","11":"tag-planstreet","12":"tag-programma-per-servizi-sociali","13":"tag-soluzione-per-servizi-sociali"},"wppr_data":{"cwp_meta_box_check":"Yes","cwp_rev_product_name":"","cwp_rev_product_image":"","cwp_image_link":"image","cwp_rev_price":"","wppr_rating":"0.00"},"acf":[],"yoast_head":"<!-- This site is optimized with the Yoast SEO plugin v27.4 - https:\/\/yoast.com\/product\/yoast-seo-wordpress\/ -->\n<title>Planstreet: recensione software per servizi sociali - Accurate Reviews<\/title>\n<meta name=\"description\" content=\"PlanStreet: recensione strumento di gestione del portafoglio progetti e amministrazione dei casi per i servizi sociali.\" \/>\n<meta name=\"robots\" content=\"index, follow, max-snippet:-1, max-image-preview:large, max-video-preview:-1\" \/>\n<link rel=\"canonical\" href=\"https:\/\/www.accuratereviews.com\/it\/gestionale-per-servizi-sociali\/planstreet-recensione\/\" \/>\n<meta property=\"og:locale\" content=\"it_IT\" \/>\n<meta property=\"og:type\" content=\"article\" \/>\n<meta property=\"og:title\" content=\"Planstreet: recensione software per servizi sociali - Accurate Reviews\" \/>\n<meta property=\"og:description\" content=\"PlanStreet: recensione strumento di gestione del portafoglio progetti e amministrazione dei casi per i servizi sociali.\" \/>\n<meta property=\"og:url\" content=\"https:\/\/www.accuratereviews.com\/it\/gestionale-per-servizi-sociali\/planstreet-recensione\/\" \/>\n<meta property=\"og:site_name\" content=\"Accurate Reviews\" \/>\n<meta property=\"og:image\" content=\"https:\/\/www.accuratereviews.com\/wp-content\/uploads\/2020\/10\/planet.png\" \/>\n\t<meta property=\"og:image:width\" content=\"300\" \/>\n\t<meta property=\"og:image:height\" content=\"300\" \/>\n\t<meta property=\"og:image:type\" content=\"image\/png\" \/>\n<meta name=\"twitter:card\" content=\"summary_large_image\" \/>\n<meta name=\"twitter:label1\" content=\"Tempo di lettura stimato\" \/>\n\t<meta name=\"twitter:data1\" content=\"4 minuti\" \/>\n<script type=\"application\/ld+json\" class=\"yoast-schema-graph\">{\"@context\":\"https:\\\/\\\/schema.org\",\"@graph\":[{\"@type\":\"WebPage\",\"@id\":\"https:\\\/\\\/www.accuratereviews.com\\\/it\\\/gestionale-per-servizi-sociali\\\/planstreet-recensione\\\/\",\"url\":\"https:\\\/\\\/www.accuratereviews.com\\\/it\\\/gestionale-per-servizi-sociali\\\/planstreet-recensione\\\/\",\"name\":\"Planstreet: recensione software per servizi sociali - Accurate Reviews\",\"isPartOf\":{\"@id\":\"https:\\\/\\\/www.accuratereviews.com\\\/it\\\/#website\"},\"primaryImageOfPage\":{\"@id\":\"https:\\\/\\\/www.accuratereviews.com\\\/it\\\/gestionale-per-servizi-sociali\\\/planstreet-recensione\\\/#primaryimage\"},\"image\":{\"@id\":\"https:\\\/\\\/www.accuratereviews.com\\\/it\\\/gestionale-per-servizi-sociali\\\/planstreet-recensione\\\/#primaryimage\"},\"thumbnailUrl\":\"https:\\\/\\\/www.accuratereviews.com\\\/wp-content\\\/uploads\\\/2020\\\/10\\\/planet.png\",\"datePublished\":\"2020-10-14T10:12:38+00:00\",\"description\":\"PlanStreet: recensione strumento di gestione del portafoglio progetti e amministrazione dei casi per i servizi sociali.\",\"breadcrumb\":{\"@id\":\"https:\\\/\\\/www.accuratereviews.com\\\/it\\\/gestionale-per-servizi-sociali\\\/planstreet-recensione\\\/#breadcrumb\"},\"inLanguage\":\"it-IT\",\"potentialAction\":[{\"@type\":\"ReadAction\",\"target\":[\"https:\\\/\\\/www.accuratereviews.com\\\/it\\\/gestionale-per-servizi-sociali\\\/planstreet-recensione\\\/\"]}]},{\"@type\":\"ImageObject\",\"inLanguage\":\"it-IT\",\"@id\":\"https:\\\/\\\/www.accuratereviews.com\\\/it\\\/gestionale-per-servizi-sociali\\\/planstreet-recensione\\\/#primaryimage\",\"url\":\"https:\\\/\\\/www.accuratereviews.com\\\/wp-content\\\/uploads\\\/2020\\\/10\\\/planet.png\",\"contentUrl\":\"https:\\\/\\\/www.accuratereviews.com\\\/wp-content\\\/uploads\\\/2020\\\/10\\\/planet.png\",\"width\":300,\"height\":300},{\"@type\":\"BreadcrumbList\",\"@id\":\"https:\\\/\\\/www.accuratereviews.com\\\/it\\\/gestionale-per-servizi-sociali\\\/planstreet-recensione\\\/#breadcrumb\",\"itemListElement\":[{\"@type\":\"ListItem\",\"position\":1,\"name\":\"Home\",\"item\":\"https:\\\/\\\/www.accuratereviews.com\\\/it\\\/\"},{\"@type\":\"ListItem\",\"position\":2,\"name\":\"Gestionale per servizi sociali\",\"item\":\"https:\\\/\\\/www.accuratereviews.com\\\/it\\\/gestionale-per-servizi-sociali\\\/\"},{\"@type\":\"ListItem\",\"position\":3,\"name\":\"PlanStreet\"}]},{\"@type\":\"WebSite\",\"@id\":\"https:\\\/\\\/www.accuratereviews.com\\\/it\\\/#website\",\"url\":\"https:\\\/\\\/www.accuratereviews.com\\\/it\\\/\",\"name\":\"Accurate Reviews\",\"description\":\"\",\"potentialAction\":[{\"@type\":\"SearchAction\",\"target\":{\"@type\":\"EntryPoint\",\"urlTemplate\":\"https:\\\/\\\/www.accuratereviews.com\\\/it\\\/?s={search_term_string}\"},\"query-input\":{\"@type\":\"PropertyValueSpecification\",\"valueRequired\":true,\"valueName\":\"search_term_string\"}}],\"inLanguage\":\"it-IT\"}]}<\/script>\n<!-- \/ Yoast SEO plugin. -->","yoast_head_json":{"title":"Planstreet: recensione software per servizi sociali - Accurate Reviews","description":"PlanStreet: recensione strumento di gestione del portafoglio progetti e amministrazione dei casi per i servizi sociali.","robots":{"index":"index","follow":"follow","max-snippet":"max-snippet:-1","max-image-preview":"max-image-preview:large","max-video-preview":"max-video-preview:-1"},"canonical":"https:\/\/www.accuratereviews.com\/it\/gestionale-per-servizi-sociali\/planstreet-recensione\/","og_locale":"it_IT","og_type":"article","og_title":"Planstreet: recensione software per servizi sociali - Accurate Reviews","og_description":"PlanStreet: recensione strumento di gestione del portafoglio progetti e amministrazione dei casi per i servizi sociali.","og_url":"https:\/\/www.accuratereviews.com\/it\/gestionale-per-servizi-sociali\/planstreet-recensione\/","og_site_name":"Accurate Reviews","og_image":[{"width":300,"height":300,"url":"https:\/\/www.accuratereviews.com\/wp-content\/uploads\/2020\/10\/planet.png","type":"image\/png"}],"twitter_card":"summary_large_image","twitter_misc":{"Tempo di lettura stimato":"4 minuti"},"schema":{"@context":"https:\/\/schema.org","@graph":[{"@type":"WebPage","@id":"https:\/\/www.accuratereviews.com\/it\/gestionale-per-servizi-sociali\/planstreet-recensione\/","url":"https:\/\/www.accuratereviews.com\/it\/gestionale-per-servizi-sociali\/planstreet-recensione\/","name":"Planstreet: recensione software per servizi sociali - Accurate Reviews","isPartOf":{"@id":"https:\/\/www.accuratereviews.com\/it\/#website"},"primaryImageOfPage":{"@id":"https:\/\/www.accuratereviews.com\/it\/gestionale-per-servizi-sociali\/planstreet-recensione\/#primaryimage"},"image":{"@id":"https:\/\/www.accuratereviews.com\/it\/gestionale-per-servizi-sociali\/planstreet-recensione\/#primaryimage"},"thumbnailUrl":"https:\/\/www.accuratereviews.com\/wp-content\/uploads\/2020\/10\/planet.png","datePublished":"2020-10-14T10:12:38+00:00","description":"PlanStreet: recensione strumento di gestione del portafoglio progetti e amministrazione dei casi per i servizi sociali.","breadcrumb":{"@id":"https:\/\/www.accuratereviews.com\/it\/gestionale-per-servizi-sociali\/planstreet-recensione\/#breadcrumb"},"inLanguage":"it-IT","potentialAction":[{"@type":"ReadAction","target":["https:\/\/www.accuratereviews.com\/it\/gestionale-per-servizi-sociali\/planstreet-recensione\/"]}]},{"@type":"ImageObject","inLanguage":"it-IT","@id":"https:\/\/www.accuratereviews.com\/it\/gestionale-per-servizi-sociali\/planstreet-recensione\/#primaryimage","url":"https:\/\/www.accuratereviews.com\/wp-content\/uploads\/2020\/10\/planet.png","contentUrl":"https:\/\/www.accuratereviews.com\/wp-content\/uploads\/2020\/10\/planet.png","width":300,"height":300},{"@type":"BreadcrumbList","@id":"https:\/\/www.accuratereviews.com\/it\/gestionale-per-servizi-sociali\/planstreet-recensione\/#breadcrumb","itemListElement":[{"@type":"ListItem","position":1,"name":"Home","item":"https:\/\/www.accuratereviews.com\/it\/"},{"@type":"ListItem","position":2,"name":"Gestionale per servizi sociali","item":"https:\/\/www.accuratereviews.com\/it\/gestionale-per-servizi-sociali\/"},{"@type":"ListItem","position":3,"name":"PlanStreet"}]},{"@type":"WebSite","@id":"https:\/\/www.accuratereviews.com\/it\/#website","url":"https:\/\/www.accuratereviews.com\/it\/","name":"Accurate Reviews","description":"","potentialAction":[{"@type":"SearchAction","target":{"@type":"EntryPoint","urlTemplate":"https:\/\/www.accuratereviews.com\/it\/?s={search_term_string}"},"query-input":{"@type":"PropertyValueSpecification","valueRequired":true,"valueName":"search_term_string"}}],"inLanguage":"it-IT"}]}},"_links":{"self":[{"href":"https:\/\/www.accuratereviews.com\/it\/wp-json\/wp\/v2\/pages\/31145","targetHints":{"allow":["GET"]}}],"collection":[{"href":"https:\/\/www.accuratereviews.com\/it\/wp-json\/wp\/v2\/pages"}],"about":[{"href":"https:\/\/www.accuratereviews.com\/it\/wp-json\/wp\/v2\/types\/page"}],"author":[{"embeddable":true,"href":"https:\/\/www.accuratereviews.com\/it\/wp-json\/wp\/v2\/users\/19"}],"replies":[{"embeddable":true,"href":"https:\/\/www.accuratereviews.com\/it\/wp-json\/wp\/v2\/comments?post=31145"}],"version-history":[{"count":13,"href":"https:\/\/www.accuratereviews.com\/it\/wp-json\/wp\/v2\/pages\/31145\/revisions"}],"predecessor-version":[{"id":31166,"href":"https:\/\/www.accuratereviews.com\/it\/wp-json\/wp\/v2\/pages\/31145\/revisions\/31166"}],"up":[{"embeddable":true,"href":"https:\/\/www.accuratereviews.com\/it\/wp-json\/wp\/v2\/pages\/30754"}],"wp:featuredmedia":[{"embeddable":true,"href":"https:\/\/www.accuratereviews.com\/it\/wp-json\/wp\/v2\/media\/31150"}],"wp:attachment":[{"href":"https:\/\/www.accuratereviews.com\/it\/wp-json\/wp\/v2\/media?parent=31145"}],"wp:term":[{"taxonomy":"category","embeddable":true,"href":"https:\/\/www.accuratereviews.com\/it\/wp-json\/wp\/v2\/categories?post=31145"},{"taxonomy":"post_tag","embeddable":true,"href":"https:\/\/www.accuratereviews.com\/it\/wp-json\/wp\/v2\/tags?post=31145"},{"taxonomy":"features","embeddable":true,"href":"https:\/\/www.accuratereviews.com\/it\/wp-json\/wp\/v2\/features?post=31145"}],"curies":[{"name":"wp","href":"https:\/\/api.w.org\/{rel}","templated":true}]}}