{"id":31194,"date":"2020-10-15T11:02:23","date_gmt":"2020-10-15T11:02:23","guid":{"rendered":"https:\/\/www.accuratereviews.com\/?page_id=31194"},"modified":"2020-10-15T11:02:23","modified_gmt":"2020-10-15T11:02:23","slug":"eto-recensione","status":"publish","type":"page","link":"https:\/\/www.accuratereviews.com\/it\/gestionale-per-servizi-sociali\/eto-recensione\/","title":{"rendered":"Eto"},"content":{"rendered":"<p><strong>ETO<\/strong> sviluppato dalla <strong>Social Solutions<\/strong> \u00e8 un&#8217;applicazione all-inclusive per la <strong>gestione dei casi<\/strong> e dei risultati. La soluzione \u00e8 destinata a grandi istituzioni senza scopo di lucro, agenzie governative e organizzazioni comunitarie. Con questo programma, gli utenti sono in grado di accedere a potenti strumenti all&#8217;interno di un&#8217;interfaccia user-friendly che consente loro di gestire numerosi partner e molteplici programmi.\u00a0Poich\u00e9 la soluzione \u00e8 adatta a grandi gruppi, \u00e8 scalabile per soddisfare le loro esigenze man mano che crescono. Le organizzazioni possono risparmiare tempo nella gestione dei propri dati e flussi di lavoro. L&#8217;applicazione li assiste nella gestione dei casi, nella pianificazione dei servizi e semplifica i processi di lavoro per consentire al personale di lavorare pi\u00f9 velocemente ed essere pi\u00f9 produttivo.\u00a0<strong>ETO<\/strong> fornisce alle istituzioni potenti strumenti di analisi e reporting. In questo modo, acquisiscono una comprensione pi\u00f9 profonda della crescita dell&#8217;organizzazione e individuano le aree su cui possono migliorare.<\/p>\n<h2>ETO &#8211; TUTORIAL<\/h2>\n<p>Questo video di formazione ti insegner\u00e0 come creare report con questo software gestionale per i servizi sociali:<\/p>\n<div id=\"fluid-wrapper-counter-1\" class=\"g1-fluid-wrapper \" style=\"width:686px;\">\n<div style=\"padding-bottom:56.268221574344%;\"><iframe loading=\"lazy\" title=\"ETO Online Training Module 4 - Reports\" width=\"686\" height=\"386\" src=\"https:\/\/www.youtube.com\/embed\/videoseries?list=PL6Ul0HPdu7RM709wZECEStQPABmv6aKDi\" frameborder=\"0\" allow=\"accelerometer; autoplay; clipboard-write; encrypted-media; gyroscope; picture-in-picture\" allowfullscreen><\/iframe><\/div>\n<\/div>\n<h3>ETO &#8211; CARATTERISTICHE<\/h3>\n<ul>\n<li><strong>Gestione dei casi e pianificazione<\/strong>: tieni traccia dei dati dei clienti, delle iscrizioni ai programmi, dei casi, della pianificazione del servizio e della consegna in un unico posto<\/li>\n<li><strong>Strumenti per la creazione di moduli flessibili e dinamici<\/strong>: configura i moduli in base alle esigenze, incluse le funzionalit\u00e0 di convalida dei dati e di condizionalit\u00e0 per risparmiare tempo<\/li>\n<li><strong>Misurazione e gestione dei risultati<\/strong>: assicurati di non solo monitorare il raggiungimento dei risultati, ma anche gestire i risultati<\/li>\n<li><strong>Flussi di lavoro, approvazioni e avvisi<\/strong>: garantisci la fedelt\u00e0 del programma e ottimizza i processi tramite le funzionalit\u00e0 di flusso di lavoro, avvisi e firma digitale<\/li>\n<li><strong>Integrazione del sistema<\/strong>: condividi i dati e integra tra i sistemi con la nostra API aperta e trasferimenti di file automatizzati<\/li>\n<li><strong>Dashboard configurabili<\/strong>: ottieni visualizzazioni end-to-end tramite dashboard configurabili<\/li>\n<li><strong>Reporting:<\/strong> utilizza la suite di reportistica pi\u00f9 completa sul mercato<\/li>\n<\/ul>\n<h4>LE RECENSIONI DEGLI UTENTI<\/h4>\n<h4 class=\"font-weight-bold mb-1 d-flex align-items-center\">Jesilynn P.&#8221;Non avrei mai pensato che mi sarei perso&#8221;<\/h4>\n<p><strong>Commenti: <\/strong>Grande.<\/p>\n<p><strong>Vantaggi: <\/strong>Utilizzato per la documentazione quotidiana dal 2010 al 2019.<br \/>\nMi piace come fosse tutto insieme ma separato per ogni studente. Mi piace l&#8217;impostazione della schermata di visualizzazione \/ modifica.<\/p>\n<p><strong>Inconvenienti: <\/strong>Da migliorare i salvataggi dei dati.<\/p>\n<h4 class=\"font-weight-bold mb-1 d-flex align-items-center\">Hayley G.&#8221;Software ETO&#8221;<\/h4>\n<p><strong>Vantaggi: <\/strong>Questo prodotto \u00e8 generalmente facile da capire e ha molte possibili caratteristiche. Questa \u00e8 la nostra strada essenziale per la gestione dei documenti della palestra e ci consente di inserire informazioni da qualsiasi valutazione a qualsiasi membro. Anche il costo \u00e8 relativamente economico. \u00c8 bello poter avere cos\u00ec tante categorie ed essere in grado di cercare rapidamente membri e visualizzare i loro progressi!<\/p>\n<p><strong>Inconvenienti: <\/strong>Il software a volte pu\u00f2 essere complicato. Ho inserito i dati e quindi non vengono visualizzati nel sistema pi\u00f9 volte, il che pu\u00f2 essere frustrante. A volte \u00e8 anche difficile cambiare le cose in ETO, il che pu\u00f2 farci tornare indietro nel nostro processo di documentazione.<\/p>\n<h4 class=\"font-weight-bold mb-1 d-flex align-items-center\">Meredith D.&#8221;Facile da usare. Molto completo&#8221;<\/h4>\n<p><strong>Commenti: <\/strong>ETO \u00e8 stata una piattaforma completa per il nostro programma. Conserviamo tutti i dati dei clienti al suo interno.<\/p>\n<p><strong>Vantaggi: <\/strong>Quello che mi piace di pi\u00f9 \u00e8 quanto sia facile da usare. \u00c8 possibile accedere alle aree del software da pi\u00f9 schermi. \u00c8 basato sul Web che funziona molto bene per il mio team che di solito lavora in contesti basati sulla comunit\u00e0.<\/p>\n<p><strong>Inconvenienti: <\/strong>Ci vuole un po &#8216;di pratica per creare report, ma fortunatamente abbiamo un amministratore che lo fa ogni volta che abbiamo bisogno di estrarre dati. I rapporti esistenti sono facili da eseguire ed esportare.<\/p>\n<p>&nbsp;<\/p>\n","protected":false},"excerpt":{"rendered":"<p>ETO sviluppato dalla Social Solutions \u00e8 un&#8217;applicazione all-inclusive per la gestione dei casi e dei risultati. La soluzione \u00e8 destinata a grandi istituzioni senza scopo di lucro, agenzie governative e organizzazioni comunitarie. Con questo programma, gli utenti sono in grado di accedere a potenti strumenti all&#8217;interno di un&#8217;interfaccia user-friendly che consente loro di gestire numerosi partner e molteplici programmi.\u00a0<\/p>\n","protected":false},"author":19,"featured_media":31195,"parent":30754,"menu_order":0,"comment_status":"open","ping_status":"closed","template":"g1_template_page_review_new.php","meta":{"_acf_changed":false,"cwp_meta_box_check":"Yes","cwp_rev_product_name":"","cwp_rev_product_image":"","wppr_links":[],"cwp_rev_price":"","wppr_options":[],"wppr_pros":[],"wppr_cons":[],"_monsterinsights_skip_tracking":false,"_monsterinsights_sitenote_active":false,"_monsterinsights_sitenote_note":"","_monsterinsights_sitenote_category":0,"footnotes":""},"categories":[3774],"tags":[3928,3776,3779,3778,3775,3777],"features":[],"class_list":{"0":"post-31194","1":"page","2":"type-page","3":"status-publish","4":"has-post-thumbnail","6":"category-gestionale-per-servizi-sociali","7":"tag-eto","8":"tag-gestionale-per-servizi-sociali","9":"tag-piattaforma-gestionale-per-servizi-sociali","10":"tag-programma-gestionale-per-servizi-sociali","11":"tag-software-gestionale-per-servizi-sociali","12":"tag-soluzione-gestionale-per-servizi-sociali"},"wppr_data":{"cwp_meta_box_check":"Yes","cwp_rev_product_name":"","cwp_rev_product_image":"","cwp_image_link":"image","cwp_rev_price":"","wppr_rating":"0.00"},"acf":[],"yoast_head":"<!-- This site is optimized with the Yoast SEO plugin v27.4 - https:\/\/yoast.com\/product\/yoast-seo-wordpress\/ -->\n<title>ETO: recensione software gestionale per servizi sociali - Accurate Reviews<\/title>\n<meta name=\"description\" content=\"ETO: recensione applicazione all-inclusive per la gestione dei casi e dei risultati sviluppata dalla Social Solutions.\" \/>\n<meta name=\"robots\" content=\"index, follow, max-snippet:-1, max-image-preview:large, max-video-preview:-1\" \/>\n<link rel=\"canonical\" href=\"https:\/\/www.accuratereviews.com\/it\/gestionale-per-servizi-sociali\/eto-recensione\/\" \/>\n<meta property=\"og:locale\" content=\"it_IT\" \/>\n<meta property=\"og:type\" content=\"article\" \/>\n<meta property=\"og:title\" content=\"ETO: recensione software gestionale per servizi sociali - Accurate Reviews\" \/>\n<meta property=\"og:description\" content=\"ETO: recensione applicazione all-inclusive per la gestione dei casi e dei risultati sviluppata dalla Social Solutions.\" \/>\n<meta property=\"og:url\" content=\"https:\/\/www.accuratereviews.com\/it\/gestionale-per-servizi-sociali\/eto-recensione\/\" \/>\n<meta property=\"og:site_name\" content=\"Accurate Reviews\" \/>\n<meta property=\"og:image\" content=\"https:\/\/www.accuratereviews.com\/wp-content\/uploads\/2020\/10\/eto.jpg\" \/>\n\t<meta property=\"og:image:width\" content=\"400\" \/>\n\t<meta property=\"og:image:height\" content=\"400\" \/>\n\t<meta property=\"og:image:type\" content=\"image\/jpeg\" \/>\n<meta name=\"twitter:card\" content=\"summary_large_image\" \/>\n<meta name=\"twitter:label1\" content=\"Tempo di lettura stimato\" \/>\n\t<meta name=\"twitter:data1\" content=\"3 minuti\" \/>\n<script type=\"application\/ld+json\" class=\"yoast-schema-graph\">{\"@context\":\"https:\\\/\\\/schema.org\",\"@graph\":[{\"@type\":\"WebPage\",\"@id\":\"https:\\\/\\\/www.accuratereviews.com\\\/it\\\/gestionale-per-servizi-sociali\\\/eto-recensione\\\/\",\"url\":\"https:\\\/\\\/www.accuratereviews.com\\\/it\\\/gestionale-per-servizi-sociali\\\/eto-recensione\\\/\",\"name\":\"ETO: recensione software gestionale per servizi sociali - Accurate Reviews\",\"isPartOf\":{\"@id\":\"https:\\\/\\\/www.accuratereviews.com\\\/it\\\/#website\"},\"primaryImageOfPage\":{\"@id\":\"https:\\\/\\\/www.accuratereviews.com\\\/it\\\/gestionale-per-servizi-sociali\\\/eto-recensione\\\/#primaryimage\"},\"image\":{\"@id\":\"https:\\\/\\\/www.accuratereviews.com\\\/it\\\/gestionale-per-servizi-sociali\\\/eto-recensione\\\/#primaryimage\"},\"thumbnailUrl\":\"https:\\\/\\\/www.accuratereviews.com\\\/wp-content\\\/uploads\\\/2020\\\/10\\\/eto.jpg\",\"datePublished\":\"2020-10-15T11:02:23+00:00\",\"description\":\"ETO: recensione applicazione all-inclusive per la gestione dei casi e dei risultati sviluppata dalla Social Solutions.\",\"breadcrumb\":{\"@id\":\"https:\\\/\\\/www.accuratereviews.com\\\/it\\\/gestionale-per-servizi-sociali\\\/eto-recensione\\\/#breadcrumb\"},\"inLanguage\":\"it-IT\",\"potentialAction\":[{\"@type\":\"ReadAction\",\"target\":[\"https:\\\/\\\/www.accuratereviews.com\\\/it\\\/gestionale-per-servizi-sociali\\\/eto-recensione\\\/\"]}]},{\"@type\":\"ImageObject\",\"inLanguage\":\"it-IT\",\"@id\":\"https:\\\/\\\/www.accuratereviews.com\\\/it\\\/gestionale-per-servizi-sociali\\\/eto-recensione\\\/#primaryimage\",\"url\":\"https:\\\/\\\/www.accuratereviews.com\\\/wp-content\\\/uploads\\\/2020\\\/10\\\/eto.jpg\",\"contentUrl\":\"https:\\\/\\\/www.accuratereviews.com\\\/wp-content\\\/uploads\\\/2020\\\/10\\\/eto.jpg\",\"width\":400,\"height\":400},{\"@type\":\"BreadcrumbList\",\"@id\":\"https:\\\/\\\/www.accuratereviews.com\\\/it\\\/gestionale-per-servizi-sociali\\\/eto-recensione\\\/#breadcrumb\",\"itemListElement\":[{\"@type\":\"ListItem\",\"position\":1,\"name\":\"Home\",\"item\":\"https:\\\/\\\/www.accuratereviews.com\\\/it\\\/\"},{\"@type\":\"ListItem\",\"position\":2,\"name\":\"Gestionale per servizi sociali\",\"item\":\"https:\\\/\\\/www.accuratereviews.com\\\/it\\\/gestionale-per-servizi-sociali\\\/\"},{\"@type\":\"ListItem\",\"position\":3,\"name\":\"Eto\"}]},{\"@type\":\"WebSite\",\"@id\":\"https:\\\/\\\/www.accuratereviews.com\\\/it\\\/#website\",\"url\":\"https:\\\/\\\/www.accuratereviews.com\\\/it\\\/\",\"name\":\"Accurate Reviews\",\"description\":\"\",\"potentialAction\":[{\"@type\":\"SearchAction\",\"target\":{\"@type\":\"EntryPoint\",\"urlTemplate\":\"https:\\\/\\\/www.accuratereviews.com\\\/it\\\/?s={search_term_string}\"},\"query-input\":{\"@type\":\"PropertyValueSpecification\",\"valueRequired\":true,\"valueName\":\"search_term_string\"}}],\"inLanguage\":\"it-IT\"}]}<\/script>\n<!-- \/ Yoast SEO plugin. -->","yoast_head_json":{"title":"ETO: recensione software gestionale per servizi sociali - Accurate Reviews","description":"ETO: recensione applicazione all-inclusive per la gestione dei casi e dei risultati sviluppata dalla Social Solutions.","robots":{"index":"index","follow":"follow","max-snippet":"max-snippet:-1","max-image-preview":"max-image-preview:large","max-video-preview":"max-video-preview:-1"},"canonical":"https:\/\/www.accuratereviews.com\/it\/gestionale-per-servizi-sociali\/eto-recensione\/","og_locale":"it_IT","og_type":"article","og_title":"ETO: recensione software gestionale per servizi sociali - Accurate Reviews","og_description":"ETO: recensione applicazione all-inclusive per la gestione dei casi e dei risultati sviluppata dalla Social Solutions.","og_url":"https:\/\/www.accuratereviews.com\/it\/gestionale-per-servizi-sociali\/eto-recensione\/","og_site_name":"Accurate Reviews","og_image":[{"width":400,"height":400,"url":"https:\/\/www.accuratereviews.com\/wp-content\/uploads\/2020\/10\/eto.jpg","type":"image\/jpeg"}],"twitter_card":"summary_large_image","twitter_misc":{"Tempo di lettura stimato":"3 minuti"},"schema":{"@context":"https:\/\/schema.org","@graph":[{"@type":"WebPage","@id":"https:\/\/www.accuratereviews.com\/it\/gestionale-per-servizi-sociali\/eto-recensione\/","url":"https:\/\/www.accuratereviews.com\/it\/gestionale-per-servizi-sociali\/eto-recensione\/","name":"ETO: recensione software gestionale per servizi sociali - Accurate Reviews","isPartOf":{"@id":"https:\/\/www.accuratereviews.com\/it\/#website"},"primaryImageOfPage":{"@id":"https:\/\/www.accuratereviews.com\/it\/gestionale-per-servizi-sociali\/eto-recensione\/#primaryimage"},"image":{"@id":"https:\/\/www.accuratereviews.com\/it\/gestionale-per-servizi-sociali\/eto-recensione\/#primaryimage"},"thumbnailUrl":"https:\/\/www.accuratereviews.com\/wp-content\/uploads\/2020\/10\/eto.jpg","datePublished":"2020-10-15T11:02:23+00:00","description":"ETO: recensione applicazione all-inclusive per la gestione dei casi e dei risultati sviluppata dalla Social Solutions.","breadcrumb":{"@id":"https:\/\/www.accuratereviews.com\/it\/gestionale-per-servizi-sociali\/eto-recensione\/#breadcrumb"},"inLanguage":"it-IT","potentialAction":[{"@type":"ReadAction","target":["https:\/\/www.accuratereviews.com\/it\/gestionale-per-servizi-sociali\/eto-recensione\/"]}]},{"@type":"ImageObject","inLanguage":"it-IT","@id":"https:\/\/www.accuratereviews.com\/it\/gestionale-per-servizi-sociali\/eto-recensione\/#primaryimage","url":"https:\/\/www.accuratereviews.com\/wp-content\/uploads\/2020\/10\/eto.jpg","contentUrl":"https:\/\/www.accuratereviews.com\/wp-content\/uploads\/2020\/10\/eto.jpg","width":400,"height":400},{"@type":"BreadcrumbList","@id":"https:\/\/www.accuratereviews.com\/it\/gestionale-per-servizi-sociali\/eto-recensione\/#breadcrumb","itemListElement":[{"@type":"ListItem","position":1,"name":"Home","item":"https:\/\/www.accuratereviews.com\/it\/"},{"@type":"ListItem","position":2,"name":"Gestionale per servizi sociali","item":"https:\/\/www.accuratereviews.com\/it\/gestionale-per-servizi-sociali\/"},{"@type":"ListItem","position":3,"name":"Eto"}]},{"@type":"WebSite","@id":"https:\/\/www.accuratereviews.com\/it\/#website","url":"https:\/\/www.accuratereviews.com\/it\/","name":"Accurate Reviews","description":"","potentialAction":[{"@type":"SearchAction","target":{"@type":"EntryPoint","urlTemplate":"https:\/\/www.accuratereviews.com\/it\/?s={search_term_string}"},"query-input":{"@type":"PropertyValueSpecification","valueRequired":true,"valueName":"search_term_string"}}],"inLanguage":"it-IT"}]}},"_links":{"self":[{"href":"https:\/\/www.accuratereviews.com\/it\/wp-json\/wp\/v2\/pages\/31194","targetHints":{"allow":["GET"]}}],"collection":[{"href":"https:\/\/www.accuratereviews.com\/it\/wp-json\/wp\/v2\/pages"}],"about":[{"href":"https:\/\/www.accuratereviews.com\/it\/wp-json\/wp\/v2\/types\/page"}],"author":[{"embeddable":true,"href":"https:\/\/www.accuratereviews.com\/it\/wp-json\/wp\/v2\/users\/19"}],"replies":[{"embeddable":true,"href":"https:\/\/www.accuratereviews.com\/it\/wp-json\/wp\/v2\/comments?post=31194"}],"version-history":[{"count":6,"href":"https:\/\/www.accuratereviews.com\/it\/wp-json\/wp\/v2\/pages\/31194\/revisions"}],"predecessor-version":[{"id":31218,"href":"https:\/\/www.accuratereviews.com\/it\/wp-json\/wp\/v2\/pages\/31194\/revisions\/31218"}],"up":[{"embeddable":true,"href":"https:\/\/www.accuratereviews.com\/it\/wp-json\/wp\/v2\/pages\/30754"}],"wp:featuredmedia":[{"embeddable":true,"href":"https:\/\/www.accuratereviews.com\/it\/wp-json\/wp\/v2\/media\/31195"}],"wp:attachment":[{"href":"https:\/\/www.accuratereviews.com\/it\/wp-json\/wp\/v2\/media?parent=31194"}],"wp:term":[{"taxonomy":"category","embeddable":true,"href":"https:\/\/www.accuratereviews.com\/it\/wp-json\/wp\/v2\/categories?post=31194"},{"taxonomy":"post_tag","embeddable":true,"href":"https:\/\/www.accuratereviews.com\/it\/wp-json\/wp\/v2\/tags?post=31194"},{"taxonomy":"features","embeddable":true,"href":"https:\/\/www.accuratereviews.com\/it\/wp-json\/wp\/v2\/features?post=31194"}],"curies":[{"name":"wp","href":"https:\/\/api.w.org\/{rel}","templated":true}]}}