{"id":31204,"date":"2020-10-15T11:01:31","date_gmt":"2020-10-15T11:01:31","guid":{"rendered":"https:\/\/www.accuratereviews.com\/?page_id=31204"},"modified":"2020-10-15T11:01:31","modified_gmt":"2020-10-15T11:01:31","slug":"civicore-recensione","status":"publish","type":"page","link":"https:\/\/www.accuratereviews.com\/it\/gestionale-per-servizi-sociali\/civicore-recensione\/","title":{"rendered":"CiviCore"},"content":{"rendered":"<p>Il software <strong>CiviCore<\/strong> \u00e8 una <strong>soluzione basata su cloud<\/strong> che aiuta le organizzazioni con tutoraggio, monitoraggio delle sovvenzioni e gestione dei casi. Garantendo la conformit\u00e0 con le politiche e gli standard, la piattaforma pu\u00f2 essere utilizzata per il tutoraggio dei giovani, i servizi per l&#8217;infanzia e il sostegno alle vittime.\u00a0Sviluppato per automatizzare la gestione delle informazioni, il programma supporta note sui casi online, record di fornitura di servizi, gestione degli obiettivi, monitoraggio dei volontari e archiviazione dei dati in un database centralizzato. Le caratteristiche principali includono il confronto dei dati, il monitoraggio delle attivit\u00e0, le registrazioni delle iscrizioni e delle presenze, la presentazione grafica, i promemoria, i livelli di sicurezza personalizzati e la generazione di sondaggi.\u00a0Inoltre \u00e8 conforme a HIPAA e si integra con Excel per consentire agli utenti di creare, visualizzare ed esportare report in un foglio di calcolo.<\/p>\n<h2>CIVICORE &#8211; TUTORIAL<\/h2>\n<p>Scopri come organizzare la tua associazione con questo solido sistema di gestione dei clienti e dei casi:<\/p>\n<div id=\"fluid-wrapper-counter-1\" class=\"g1-fluid-wrapper \" style=\"width:686px;\">\n<div style=\"padding-bottom:56.268221574344%;\"><iframe loading=\"lazy\" title=\"NeonCRM + CiviCore Group Demo August 2019\" width=\"686\" height=\"386\" src=\"https:\/\/www.youtube.com\/embed\/-jfD6ffZ7qc?feature=oembed&amp;wmode=transparent&amp;autohide=1&amp;autoplay=0&amp;disablekb=0&amp;fs=1&amp;loop=0&amp;enablejsapi=1&amp;rel=0&amp;controls=2&amp;showinfo=0&amp;wmode=transparent&amp;autohide=2&amp;autoplay=0&amp;disablekb=0&amp;fs=1&amp;loop=0&amp;enablejsapi=1&amp;rel=0&amp;controls=2&amp;showinfo=1\" frameborder=\"0\" allow=\"accelerometer; autoplay; clipboard-write; encrypted-media; gyroscope; picture-in-picture\" allowfullscreen><\/iframe><\/div>\n<\/div>\n<p>&nbsp;<\/p>\n<h3>CIVICORE &#8211; CARATTERISTICHE<\/h3>\n<ul>\n<li><strong>Client end-to-end e gestione dei casi<\/strong>: i sistemi sono progettati per le esigenze specifiche della tua organizzazione, configurati per supportare note sui casi, record di fornitura di servizi, definizione di obiettivi, segnalazioni, monitoraggio dei volontari, istruzione e preparazione al lavoro e tutto il resto<\/li>\n<li><strong>Inserimento dati semplificato<\/strong>: le organizzazioni di servizi alla persona permette le firme elettroniche, note sui casi online e accesso a moduli digitali per semplificare l&#8217;immissione dei dati. Confronta facilmente i dati dei clienti e trova le informazioni sui casi, mantenendo i tuoi dati organizzati e aggiornati<\/li>\n<li><strong>Monitoraggio delle attivit\u00e0<\/strong>: utilizza lo strumento di monitoraggio delle attivit\u00e0 per gestire gli appuntamenti di gruppo e individuali a livello di cliente, personale o comunit\u00e0. Tieni traccia delle iscrizioni e delle presenze per le attivit\u00e0 una tantum e in corso con moduli automatizzati, perfetti per la consulenza di gruppo e la formazione del personale<\/li>\n<li><strong>Programma l&#8217;impatto con il semplice tocco di un pulsante<\/strong>: genera sondaggi, valutazioni e record di programmi unici per la tua organizzazione per i tuoi partecipanti, clienti e personale<\/li>\n<li><strong>Report personalizzabili per analizzare risultati e obiettivi<\/strong>: le funzionalit\u00e0 di reportistica e ricerca di facile utilizzo consentono di creare, visualizzare ed esportare facilmente report in Excel oppure \u00e8 possibile visualizzare i dati con tabelle e grafici<\/li>\n<li><strong>Assistenza personalizzata<\/strong>: supporto diretto e la formazione attraverso la documentazione online, un portale di supporto, webinar e altro ancora. Le risposte del team di assistenza clienti sono garantite entro un giorno lavorativo<\/li>\n<li><strong>Accesso sicuro e flessibile<\/strong>: assegna un accesso sicuro a personale, volontari, partner e clienti in base al ruolo, limitando l&#8217;accesso a sottoinsiemi di dati quando necessario. Lavoreremo con il tuo team per garantire che i tuoi dati siano protetti, incluso il supporto della conformit\u00e0 HIPAA, se lo desideri<\/li>\n<\/ul>\n<h4>LE RECENSIONE DEGLI UTENTI<\/h4>\n<h4 class=\"font-weight-bold mb-1 d-flex align-items-center\">Frank M.&#8221;Supporto necessario&#8221;<\/h4>\n<p><strong>Commenti: <\/strong>Il software semplifica il nostro lavoro nel fornire le informazioni richieste alle nostre varie fonti di finanziamento.<\/p>\n<p><strong>Vantaggi: <\/strong>Le nostre fonti di finanziamento ci richiedono di raccogliere molti dati sulle persone che serviamo. Questo software consente alla nostra organizzazione di valutare l&#8217;efficacia dei nostri servizi, identificare le tendenze che devono essere affrontate, commercializzare i nostri servizi, ecc.<\/p>\n<p><strong>Inconvenienti: <\/strong>Affinch\u00e9 il software potesse soddisfare le nostre esigenze specifiche, abbiamo dovuto trascorrere diverse settimane a comunicare (ad esempio: e-mail, telefono, ecc.) Con il nostro rappresentante aziendale assegnato per identificare le nostre esigenze. Alla fine abbiamo fatto in modo che il nostro rappresentante della societ\u00e0 trascorresse del tempo presso il nostro sito di lavoro, il che \u00e8 stato molto utile.<\/p>\n<h4 class=\"font-weight-bold mb-1 d-flex align-items-center\">Maria A.&#8221;Cosa devo sapere per vedere come va ogni dipartimento&#8221;<\/h4>\n<p><strong>Commenti: <\/strong>La mia esperienza si concentra sulla conoscenza di quali esigenze attualmente non sono coperte all&#8217;interno dell&#8217;azienda. Tante informazioni attraverso report, statistiche per sapere in ogni momento come \u00e8 organizzata e focalizzata l&#8217;azienda. Successivamente, vengono prese le decisioni necessarie per analizzare in dettaglio i possibili miglioramenti.<\/p>\n<p><strong>Vantaggi: <\/strong>Gli utenti possono scaricare le informazioni in fogli di calcolo per ulteriori analisi.\u00a0Consente alle aziende di gestire le proprie transazioni finanziarie, i cicli di vita dei prodotti e le attivit\u00e0 della catena di fornitura.<\/p>\n<p><strong>Inconvenienti: <\/strong>Complessit\u00e0 con cui \u00e8 costruito il programma. La mia azienda implementa una caratteristica o funzione del software alla volta, consentendo ai dipendenti di familiarizzare con il software prima di andare avanti.\u00a0L&#8217;intero processo di implementazione pu\u00f2 richiedere diversi mesi.<\/p>\n<h4 class=\"font-weight-bold mb-1 d-flex align-items-center\">Sergio A.&#8221;Un modo eccellente per dimostrare i risultati basati sui dati.&#8221;<\/h4>\n<p><strong>Commenti: <\/strong>I dati all&#8217;interno dei programmi delle nostre organizzazioni aiutano a guidare i consulenti di ciascuno a personalizzare un piano del caso per ogni individuo.<\/p>\n<p><strong>Vantaggi: <\/strong>Mi \u00e8 piaciuta molto la facilit\u00e0 di funzionalit\u00e0. Il programma \u00e8 estremamente intuitivo. Mi \u00e8 piaciuto anche il servizio clienti. quando ho una domanda sulle funzioni o invio un ticket, ricevo aggiornamenti e persino chiamate dai rappresentanti. \u00c8 una grande risorsa per CiviCore!<\/p>\n<p><strong>Inconvenienti: <\/strong>La funzione report. Penso che i campi e i filtri potrebbero venire con un manuale o una guida su come generare rapporti. Tuttavia, per essere onesti, ho ereditato il database dal mio predecessore e lei potrebbe aver ricevuto quella formazione, manuale o informazioni.<\/p>\n","protected":false},"excerpt":{"rendered":"<p>Il software CiviCore \u00e8 una soluzione basata su cloud che aiuta le organizzazioni con tutoraggio, monitoraggio delle sovvenzioni e gestione dei casi. Garantendo la conformit\u00e0 con le politiche e gli standard, la piattaforma pu\u00f2 essere utilizzata per il tutoraggio dei giovani, i servizi per l&#8217;infanzia e il sostegno alle vittime.<\/p>\n","protected":false},"author":19,"featured_media":31205,"parent":30754,"menu_order":0,"comment_status":"open","ping_status":"closed","template":"g1_template_page_review_new.php","meta":{"_acf_changed":false,"cwp_meta_box_check":"Yes","cwp_rev_product_name":"","cwp_rev_product_image":"","wppr_links":[],"cwp_rev_price":"","wppr_options":[],"wppr_pros":[],"wppr_cons":[],"_monsterinsights_skip_tracking":false,"_monsterinsights_sitenote_active":false,"_monsterinsights_sitenote_note":"","_monsterinsights_sitenote_category":0,"footnotes":""},"categories":[3774],"tags":[3929,396,3776,3827,3778,3775,3777],"features":[],"class_list":{"0":"post-31204","1":"page","2":"type-page","3":"status-publish","4":"has-post-thumbnail","6":"category-gestionale-per-servizi-sociali","7":"tag-civicore","8":"tag-cloud","9":"tag-gestionale-per-servizi-sociali","10":"tag-piattaforma-gestionale-servizi-sociali","11":"tag-programma-gestionale-per-servizi-sociali","12":"tag-software-gestionale-per-servizi-sociali","13":"tag-soluzione-gestionale-per-servizi-sociali"},"wppr_data":{"cwp_meta_box_check":"Yes","cwp_rev_product_name":"","cwp_rev_product_image":"","cwp_image_link":"image","cwp_rev_price":"","wppr_rating":"0.00"},"acf":[],"yoast_head":"<!-- This site is optimized with the Yoast SEO plugin v27.4 - https:\/\/yoast.com\/product\/yoast-seo-wordpress\/ -->\n<title>CiviCore: recensione software gestionale servizi sociali- Accurate Reviews<\/title>\n<meta name=\"description\" content=\"CiviCore: recensione soluzione basata su cloud che aiuta le organizzazioni con il monitoraggio delle sovvenzioni e gestione dei casi.\" \/>\n<meta name=\"robots\" content=\"index, follow, max-snippet:-1, max-image-preview:large, max-video-preview:-1\" \/>\n<link rel=\"canonical\" href=\"https:\/\/www.accuratereviews.com\/it\/gestionale-per-servizi-sociali\/civicore-recensione\/\" \/>\n<meta property=\"og:locale\" content=\"it_IT\" \/>\n<meta property=\"og:type\" content=\"article\" \/>\n<meta property=\"og:title\" content=\"CiviCore: recensione software gestionale servizi sociali- Accurate Reviews\" \/>\n<meta property=\"og:description\" content=\"CiviCore: recensione soluzione basata su cloud che aiuta le organizzazioni con il monitoraggio delle sovvenzioni e gestione dei casi.\" \/>\n<meta property=\"og:url\" content=\"https:\/\/www.accuratereviews.com\/it\/gestionale-per-servizi-sociali\/civicore-recensione\/\" \/>\n<meta property=\"og:site_name\" content=\"Accurate Reviews\" \/>\n<meta property=\"og:image\" content=\"https:\/\/www.accuratereviews.com\/wp-content\/uploads\/2020\/10\/CIVICORE.jpg\" \/>\n\t<meta property=\"og:image:width\" content=\"640\" \/>\n\t<meta property=\"og:image:height\" content=\"640\" \/>\n\t<meta property=\"og:image:type\" content=\"image\/jpeg\" \/>\n<meta name=\"twitter:card\" content=\"summary_large_image\" \/>\n<meta name=\"twitter:label1\" content=\"Tempo di lettura stimato\" \/>\n\t<meta name=\"twitter:data1\" content=\"4 minuti\" \/>\n<script type=\"application\/ld+json\" class=\"yoast-schema-graph\">{\"@context\":\"https:\\\/\\\/schema.org\",\"@graph\":[{\"@type\":\"WebPage\",\"@id\":\"https:\\\/\\\/www.accuratereviews.com\\\/it\\\/gestionale-per-servizi-sociali\\\/civicore-recensione\\\/\",\"url\":\"https:\\\/\\\/www.accuratereviews.com\\\/it\\\/gestionale-per-servizi-sociali\\\/civicore-recensione\\\/\",\"name\":\"CiviCore: recensione software gestionale servizi sociali- Accurate Reviews\",\"isPartOf\":{\"@id\":\"https:\\\/\\\/www.accuratereviews.com\\\/it\\\/#website\"},\"primaryImageOfPage\":{\"@id\":\"https:\\\/\\\/www.accuratereviews.com\\\/it\\\/gestionale-per-servizi-sociali\\\/civicore-recensione\\\/#primaryimage\"},\"image\":{\"@id\":\"https:\\\/\\\/www.accuratereviews.com\\\/it\\\/gestionale-per-servizi-sociali\\\/civicore-recensione\\\/#primaryimage\"},\"thumbnailUrl\":\"https:\\\/\\\/www.accuratereviews.com\\\/wp-content\\\/uploads\\\/2020\\\/10\\\/CIVICORE.jpg\",\"datePublished\":\"2020-10-15T11:01:31+00:00\",\"description\":\"CiviCore: recensione soluzione basata su cloud che aiuta le organizzazioni con il monitoraggio delle sovvenzioni e gestione dei casi.\",\"breadcrumb\":{\"@id\":\"https:\\\/\\\/www.accuratereviews.com\\\/it\\\/gestionale-per-servizi-sociali\\\/civicore-recensione\\\/#breadcrumb\"},\"inLanguage\":\"it-IT\",\"potentialAction\":[{\"@type\":\"ReadAction\",\"target\":[\"https:\\\/\\\/www.accuratereviews.com\\\/it\\\/gestionale-per-servizi-sociali\\\/civicore-recensione\\\/\"]}]},{\"@type\":\"ImageObject\",\"inLanguage\":\"it-IT\",\"@id\":\"https:\\\/\\\/www.accuratereviews.com\\\/it\\\/gestionale-per-servizi-sociali\\\/civicore-recensione\\\/#primaryimage\",\"url\":\"https:\\\/\\\/www.accuratereviews.com\\\/wp-content\\\/uploads\\\/2020\\\/10\\\/CIVICORE.jpg\",\"contentUrl\":\"https:\\\/\\\/www.accuratereviews.com\\\/wp-content\\\/uploads\\\/2020\\\/10\\\/CIVICORE.jpg\",\"width\":640,\"height\":640},{\"@type\":\"BreadcrumbList\",\"@id\":\"https:\\\/\\\/www.accuratereviews.com\\\/it\\\/gestionale-per-servizi-sociali\\\/civicore-recensione\\\/#breadcrumb\",\"itemListElement\":[{\"@type\":\"ListItem\",\"position\":1,\"name\":\"Home\",\"item\":\"https:\\\/\\\/www.accuratereviews.com\\\/it\\\/\"},{\"@type\":\"ListItem\",\"position\":2,\"name\":\"Gestionale per servizi sociali\",\"item\":\"https:\\\/\\\/www.accuratereviews.com\\\/it\\\/gestionale-per-servizi-sociali\\\/\"},{\"@type\":\"ListItem\",\"position\":3,\"name\":\"CiviCore\"}]},{\"@type\":\"WebSite\",\"@id\":\"https:\\\/\\\/www.accuratereviews.com\\\/it\\\/#website\",\"url\":\"https:\\\/\\\/www.accuratereviews.com\\\/it\\\/\",\"name\":\"Accurate Reviews\",\"description\":\"\",\"potentialAction\":[{\"@type\":\"SearchAction\",\"target\":{\"@type\":\"EntryPoint\",\"urlTemplate\":\"https:\\\/\\\/www.accuratereviews.com\\\/it\\\/?s={search_term_string}\"},\"query-input\":{\"@type\":\"PropertyValueSpecification\",\"valueRequired\":true,\"valueName\":\"search_term_string\"}}],\"inLanguage\":\"it-IT\"}]}<\/script>\n<!-- \/ Yoast SEO plugin. -->","yoast_head_json":{"title":"CiviCore: recensione software gestionale servizi sociali- Accurate Reviews","description":"CiviCore: recensione soluzione basata su cloud che aiuta le organizzazioni con il monitoraggio delle sovvenzioni e gestione dei casi.","robots":{"index":"index","follow":"follow","max-snippet":"max-snippet:-1","max-image-preview":"max-image-preview:large","max-video-preview":"max-video-preview:-1"},"canonical":"https:\/\/www.accuratereviews.com\/it\/gestionale-per-servizi-sociali\/civicore-recensione\/","og_locale":"it_IT","og_type":"article","og_title":"CiviCore: recensione software gestionale servizi sociali- Accurate Reviews","og_description":"CiviCore: recensione soluzione basata su cloud che aiuta le organizzazioni con il monitoraggio delle sovvenzioni e gestione dei casi.","og_url":"https:\/\/www.accuratereviews.com\/it\/gestionale-per-servizi-sociali\/civicore-recensione\/","og_site_name":"Accurate Reviews","og_image":[{"width":640,"height":640,"url":"https:\/\/www.accuratereviews.com\/wp-content\/uploads\/2020\/10\/CIVICORE.jpg","type":"image\/jpeg"}],"twitter_card":"summary_large_image","twitter_misc":{"Tempo di lettura stimato":"4 minuti"},"schema":{"@context":"https:\/\/schema.org","@graph":[{"@type":"WebPage","@id":"https:\/\/www.accuratereviews.com\/it\/gestionale-per-servizi-sociali\/civicore-recensione\/","url":"https:\/\/www.accuratereviews.com\/it\/gestionale-per-servizi-sociali\/civicore-recensione\/","name":"CiviCore: recensione software gestionale servizi sociali- Accurate Reviews","isPartOf":{"@id":"https:\/\/www.accuratereviews.com\/it\/#website"},"primaryImageOfPage":{"@id":"https:\/\/www.accuratereviews.com\/it\/gestionale-per-servizi-sociali\/civicore-recensione\/#primaryimage"},"image":{"@id":"https:\/\/www.accuratereviews.com\/it\/gestionale-per-servizi-sociali\/civicore-recensione\/#primaryimage"},"thumbnailUrl":"https:\/\/www.accuratereviews.com\/wp-content\/uploads\/2020\/10\/CIVICORE.jpg","datePublished":"2020-10-15T11:01:31+00:00","description":"CiviCore: recensione soluzione basata su cloud che aiuta le organizzazioni con il monitoraggio delle sovvenzioni e gestione dei casi.","breadcrumb":{"@id":"https:\/\/www.accuratereviews.com\/it\/gestionale-per-servizi-sociali\/civicore-recensione\/#breadcrumb"},"inLanguage":"it-IT","potentialAction":[{"@type":"ReadAction","target":["https:\/\/www.accuratereviews.com\/it\/gestionale-per-servizi-sociali\/civicore-recensione\/"]}]},{"@type":"ImageObject","inLanguage":"it-IT","@id":"https:\/\/www.accuratereviews.com\/it\/gestionale-per-servizi-sociali\/civicore-recensione\/#primaryimage","url":"https:\/\/www.accuratereviews.com\/wp-content\/uploads\/2020\/10\/CIVICORE.jpg","contentUrl":"https:\/\/www.accuratereviews.com\/wp-content\/uploads\/2020\/10\/CIVICORE.jpg","width":640,"height":640},{"@type":"BreadcrumbList","@id":"https:\/\/www.accuratereviews.com\/it\/gestionale-per-servizi-sociali\/civicore-recensione\/#breadcrumb","itemListElement":[{"@type":"ListItem","position":1,"name":"Home","item":"https:\/\/www.accuratereviews.com\/it\/"},{"@type":"ListItem","position":2,"name":"Gestionale per servizi sociali","item":"https:\/\/www.accuratereviews.com\/it\/gestionale-per-servizi-sociali\/"},{"@type":"ListItem","position":3,"name":"CiviCore"}]},{"@type":"WebSite","@id":"https:\/\/www.accuratereviews.com\/it\/#website","url":"https:\/\/www.accuratereviews.com\/it\/","name":"Accurate Reviews","description":"","potentialAction":[{"@type":"SearchAction","target":{"@type":"EntryPoint","urlTemplate":"https:\/\/www.accuratereviews.com\/it\/?s={search_term_string}"},"query-input":{"@type":"PropertyValueSpecification","valueRequired":true,"valueName":"search_term_string"}}],"inLanguage":"it-IT"}]}},"_links":{"self":[{"href":"https:\/\/www.accuratereviews.com\/it\/wp-json\/wp\/v2\/pages\/31204","targetHints":{"allow":["GET"]}}],"collection":[{"href":"https:\/\/www.accuratereviews.com\/it\/wp-json\/wp\/v2\/pages"}],"about":[{"href":"https:\/\/www.accuratereviews.com\/it\/wp-json\/wp\/v2\/types\/page"}],"author":[{"embeddable":true,"href":"https:\/\/www.accuratereviews.com\/it\/wp-json\/wp\/v2\/users\/19"}],"replies":[{"embeddable":true,"href":"https:\/\/www.accuratereviews.com\/it\/wp-json\/wp\/v2\/comments?post=31204"}],"version-history":[{"count":8,"href":"https:\/\/www.accuratereviews.com\/it\/wp-json\/wp\/v2\/pages\/31204\/revisions"}],"predecessor-version":[{"id":31217,"href":"https:\/\/www.accuratereviews.com\/it\/wp-json\/wp\/v2\/pages\/31204\/revisions\/31217"}],"up":[{"embeddable":true,"href":"https:\/\/www.accuratereviews.com\/it\/wp-json\/wp\/v2\/pages\/30754"}],"wp:featuredmedia":[{"embeddable":true,"href":"https:\/\/www.accuratereviews.com\/it\/wp-json\/wp\/v2\/media\/31205"}],"wp:attachment":[{"href":"https:\/\/www.accuratereviews.com\/it\/wp-json\/wp\/v2\/media?parent=31204"}],"wp:term":[{"taxonomy":"category","embeddable":true,"href":"https:\/\/www.accuratereviews.com\/it\/wp-json\/wp\/v2\/categories?post=31204"},{"taxonomy":"post_tag","embeddable":true,"href":"https:\/\/www.accuratereviews.com\/it\/wp-json\/wp\/v2\/tags?post=31204"},{"taxonomy":"features","embeddable":true,"href":"https:\/\/www.accuratereviews.com\/it\/wp-json\/wp\/v2\/features?post=31204"}],"curies":[{"name":"wp","href":"https:\/\/api.w.org\/{rel}","templated":true}]}}