{"id":31227,"date":"2020-10-16T10:51:27","date_gmt":"2020-10-16T10:51:27","guid":{"rendered":"https:\/\/www.accuratereviews.com\/?page_id=31227"},"modified":"2020-10-16T10:51:27","modified_gmt":"2020-10-16T10:51:27","slug":"sparkrock-recensione","status":"publish","type":"page","link":"https:\/\/www.accuratereviews.com\/it\/gestionale-per-servizi-sociali\/sparkrock-recensione\/","title":{"rendered":"Sparkrock"},"content":{"rendered":"<p><strong>Sparkrock<\/strong> fornisce un <strong>software aziendale (ERP)<\/strong> all-in-one che include finanza, gestione della forza lavoro, buste paga e pianificazione dei dipendenti creato per organizzazioni senza scopo di lucro, servizi sanitari e umani e istituzioni educative.\u00a0Il team \u00e8 composto da esperti del settore che si ispirano alloro \u00a0lavoro mentre supportano i clienti che stanno letteralmente cambiando il mondo. Consentiamo alle organizzazioni di assistenza sociale di riuscire nella loro missione. Il software rende la creazione di report senza stress, riduce i tempi e i rischi di immissione di pi\u00f9 dati e garantisce l&#8217;amministrazione richiesta per gestire la tua organizzazione. Supportiano la tua trasformazione digitale da processi cartacei a flussi di lavoro online automatizzati e intelligenti, il tutto in un ambiente sicuro.<\/p>\n<h2>SPARKROCK &#8211; TUTORIAL<\/h2>\n<p>Guardiamo insieme questo tutorial che spiega come sfruttare tutte le funzioni di questo <strong>software gestionale per i servizi sociali<\/strong>:<\/p>\n<div id=\"fluid-wrapper-counter-1\" class=\"g1-fluid-wrapper \" style=\"width:686px;\">\n<div style=\"padding-bottom:56.268221574344%;\"><iframe loading=\"lazy\" title=\"Sparkrock 365 Sneak Peek - HR and Finance Dashboards\" width=\"686\" height=\"386\" src=\"https:\/\/www.youtube.com\/embed\/iXqPPCqmhWs?feature=oembed&amp;wmode=transparent&amp;autohide=1&amp;autoplay=0&amp;disablekb=0&amp;fs=1&amp;loop=0&amp;enablejsapi=1&amp;rel=0&amp;controls=2&amp;showinfo=0&amp;wmode=transparent&amp;autohide=2&amp;autoplay=0&amp;disablekb=0&amp;fs=1&amp;loop=0&amp;enablejsapi=1&amp;rel=0&amp;controls=2&amp;showinfo=1\" frameborder=\"0\" allow=\"accelerometer; autoplay; clipboard-write; encrypted-media; gyroscope; picture-in-picture\" allowfullscreen><\/iframe><\/div>\n<\/div>\n<p>&nbsp;<\/p>\n<h3>SPARKROCK &#8211; CARATTERISTICHE<\/h3>\n<ul>\n<li><strong>Visibit\u00e0<\/strong>: genera informazioni dettagliate sui dati e ottieni piena visibilit\u00e0 nella tua organizzazione.<\/li>\n<li><strong>Collaborazione<\/strong>: condividi dati finanziari e approfondimenti in tempo reale senza generare rapporti che richiedono tempo<\/li>\n<li><strong>Efficenza<\/strong>: elimina i colli di bottiglia nel processo di approvvigionamento e migliora i controlli di bilancio<\/li>\n<li><strong>Risparmio<\/strong>: riduci le spese amministrative eliminando le gravose pratiche burocratiche e le procedure manuali<\/li>\n<li><strong>Gestione del capitale umano<\/strong>: il sistema pu\u00f2 ottimizzare il tuo organico, coinvolgere meglio il tuo personale e fare il libro paga con sicurezza. Riduci i costi imprevisti degli straordinari, non lasciare nessun turno in sospeso e raccogli accuratamente le schede attivit\u00e0<\/li>\n<li><strong>Suite software per le finanze e le risorse umane<\/strong>: rende la creazione di report senza stress, riduce i tempi e i rischi di immissione di dati multipli e garantisce l&#8217;amministrazione richiesta per gestire la tua organizzazione<\/li>\n<li><strong>Gestione finanziaria<\/strong>: liberati di pi\u00f9 sistemi e ottieni la sicurezza e l&#8217;accesso completo ai rapporti di cui hai bisogno per prendere decisioni rapide e accurate<\/li>\n<\/ul>\n<h4>LE RECENSIONI DEGLI UTENTI<\/h4>\n<h4 class=\"font-weight-bold mb-1 d-flex align-items-center\">Margaret K.&#8221;Recensione di Sparkrock&#8221;<\/h4>\n<p><strong>Commenti: <\/strong>Attualmente sto lavorando alla creazione di report per ciascuno dei nostri programmi \/ finanziatori come richiesto sia in Sparkrock che in Jet Reports. Ho chiesto in merito in precedenza, ma non mi \u00e8 stata data una risposta. Sarebbe utile che il programma avesse salvato le impostazioni del rapporto in modo che la data \/ le dimensioni \/ i filtri non debbano essere applicati ogni volta.<\/p>\n<p><strong>Vantaggi: <\/strong>In genere lavoro solo con A \/ P, ma mi piace come la documentazione di supporto sia facilmente disponibile. Non devo pi\u00f9 sfogliare archivi cartacei per trovare le cose.<\/p>\n<p><strong>Inconvenienti: <\/strong>Ho notato che i nuovi utenti hanno difficolt\u00e0 a utilizzare il programma al primo avvio. Non \u00e8 cos\u00ec intuitivo come vorrei che fosse.<\/p>\n<h4 class=\"font-weight-bold mb-1 d-flex align-items-center\">Mary ellen D.&#8221;Soddisfatto del prodotto. Lo consiglierei.&#8221;<\/h4>\n<p><strong>Vantaggi: <\/strong>I movimenti di contabilit\u00e0 generale possono essere impostati per includere categorie di spesa e oggetti del Ministero dell&#8217;Istruzione. Ci\u00f2 consente una rapida conferma di dove verranno riportate le spese durante la visualizzazione di queste voci. Molto soddisfatto del loro servizio clienti.<\/p>\n<p><strong>Inconvenienti: <\/strong>Le WebApp hanno alcune funzionalit\u00e0 che non si adattano perfettamente a noi e abbiamo dovuto apportare alcune modifiche per adattarci alle funzionalit\u00e0 esistenti.<\/p>\n<h4 class=\"font-weight-bold mb-1 d-flex align-items-center\">Christine M.&#8221;Ottimo team di supporto&#8221;<\/h4>\n<p><strong>Commenti: <\/strong>La registrazione di un ticket di supporto \u00e8 molto semplice e il tempo di risposta \u00e8 molto rapido.<\/p>\n<p><strong>Vantaggi: <\/strong>La funzione di importazione che verifica le note sul libro paga dei salari \u00e8 un ottimo strumento. Ci\u00f2 impedisce la registrazione di combinazioni di dimensioni non valide, eliminando cos\u00ec la necessit\u00e0 di riallocare le registrazioni a giornale. Ci\u00f2 garantisce che abbiamo rapporti accurati per il Ministero.<\/p>\n<p>&nbsp;<\/p>\n","protected":false},"excerpt":{"rendered":"<p>Sparkrock fornisce un software aziendale (ERP) all-in-one che include finanza, gestione della forza lavoro, buste paga e pianificazione dei dipendenti creato per organizzazioni senza scopo di lucro, servizi sanitari e umani e istituzioni educative.\u00a0Il team \u00e8 composto da esperti del settore che si ispirano alloro \u00a0lavoro mentre supportano i clienti che stanno letteralmente cambiando il mondo.<\/p>\n","protected":false},"author":19,"featured_media":31230,"parent":30754,"menu_order":0,"comment_status":"open","ping_status":"closed","template":"g1_template_page_review_new.php","meta":{"_acf_changed":false,"cwp_meta_box_check":"Yes","cwp_rev_product_name":"","cwp_rev_product_image":"","wppr_links":[],"cwp_rev_price":"","wppr_options":[],"wppr_pros":[],"wppr_cons":[],"_monsterinsights_skip_tracking":false,"_monsterinsights_sitenote_active":false,"_monsterinsights_sitenote_note":"","_monsterinsights_sitenote_category":0,"footnotes":""},"categories":[3774],"tags":[396,3776,3779,3778,3775,3777,3934],"features":[],"class_list":{"0":"post-31227","1":"page","2":"type-page","3":"status-publish","4":"has-post-thumbnail","6":"category-gestionale-per-servizi-sociali","7":"tag-cloud","8":"tag-gestionale-per-servizi-sociali","9":"tag-piattaforma-gestionale-per-servizi-sociali","10":"tag-programma-gestionale-per-servizi-sociali","11":"tag-software-gestionale-per-servizi-sociali","12":"tag-soluzione-gestionale-per-servizi-sociali","13":"tag-sparkrock"},"wppr_data":{"cwp_meta_box_check":"Yes","cwp_rev_product_name":"","cwp_rev_product_image":"","cwp_image_link":"image","cwp_rev_price":"","wppr_rating":"0.00"},"acf":[],"yoast_head":"<!-- This site is optimized with the Yoast SEO plugin v27.4 - https:\/\/yoast.com\/product\/yoast-seo-wordpress\/ -->\n<title>Sparkrock: recensione software per servizi sociali - Accurate Reviews<\/title>\n<meta name=\"description\" content=\"Sparkrock: recensione soluzione gestionale per servizi sociali che fornisce un software aziendale (ERP) all-in-one.\" \/>\n<meta name=\"robots\" content=\"index, follow, max-snippet:-1, max-image-preview:large, max-video-preview:-1\" \/>\n<link rel=\"canonical\" href=\"https:\/\/www.accuratereviews.com\/it\/gestionale-per-servizi-sociali\/sparkrock-recensione\/\" \/>\n<meta property=\"og:locale\" content=\"it_IT\" \/>\n<meta property=\"og:type\" content=\"article\" \/>\n<meta property=\"og:title\" content=\"Sparkrock: recensione software per servizi sociali - Accurate Reviews\" \/>\n<meta property=\"og:description\" content=\"Sparkrock: recensione soluzione gestionale per servizi sociali che fornisce un software aziendale (ERP) all-in-one.\" \/>\n<meta property=\"og:url\" content=\"https:\/\/www.accuratereviews.com\/it\/gestionale-per-servizi-sociali\/sparkrock-recensione\/\" \/>\n<meta property=\"og:site_name\" content=\"Accurate Reviews\" \/>\n<meta property=\"og:image\" content=\"https:\/\/www.accuratereviews.com\/wp-content\/uploads\/2020\/10\/Sparkrock_Logo1.png\" \/>\n\t<meta property=\"og:image:width\" content=\"400\" \/>\n\t<meta property=\"og:image:height\" content=\"400\" \/>\n\t<meta property=\"og:image:type\" content=\"image\/png\" \/>\n<meta name=\"twitter:card\" content=\"summary_large_image\" \/>\n<meta name=\"twitter:label1\" content=\"Tempo di lettura stimato\" \/>\n\t<meta name=\"twitter:data1\" content=\"3 minuti\" \/>\n<script type=\"application\/ld+json\" class=\"yoast-schema-graph\">{\"@context\":\"https:\\\/\\\/schema.org\",\"@graph\":[{\"@type\":\"WebPage\",\"@id\":\"https:\\\/\\\/www.accuratereviews.com\\\/it\\\/gestionale-per-servizi-sociali\\\/sparkrock-recensione\\\/\",\"url\":\"https:\\\/\\\/www.accuratereviews.com\\\/it\\\/gestionale-per-servizi-sociali\\\/sparkrock-recensione\\\/\",\"name\":\"Sparkrock: recensione software per servizi sociali - Accurate Reviews\",\"isPartOf\":{\"@id\":\"https:\\\/\\\/www.accuratereviews.com\\\/it\\\/#website\"},\"primaryImageOfPage\":{\"@id\":\"https:\\\/\\\/www.accuratereviews.com\\\/it\\\/gestionale-per-servizi-sociali\\\/sparkrock-recensione\\\/#primaryimage\"},\"image\":{\"@id\":\"https:\\\/\\\/www.accuratereviews.com\\\/it\\\/gestionale-per-servizi-sociali\\\/sparkrock-recensione\\\/#primaryimage\"},\"thumbnailUrl\":\"https:\\\/\\\/www.accuratereviews.com\\\/wp-content\\\/uploads\\\/2020\\\/10\\\/Sparkrock_Logo1.png\",\"datePublished\":\"2020-10-16T10:51:27+00:00\",\"description\":\"Sparkrock: recensione soluzione gestionale per servizi sociali che fornisce un software aziendale (ERP) all-in-one.\",\"breadcrumb\":{\"@id\":\"https:\\\/\\\/www.accuratereviews.com\\\/it\\\/gestionale-per-servizi-sociali\\\/sparkrock-recensione\\\/#breadcrumb\"},\"inLanguage\":\"it-IT\",\"potentialAction\":[{\"@type\":\"ReadAction\",\"target\":[\"https:\\\/\\\/www.accuratereviews.com\\\/it\\\/gestionale-per-servizi-sociali\\\/sparkrock-recensione\\\/\"]}]},{\"@type\":\"ImageObject\",\"inLanguage\":\"it-IT\",\"@id\":\"https:\\\/\\\/www.accuratereviews.com\\\/it\\\/gestionale-per-servizi-sociali\\\/sparkrock-recensione\\\/#primaryimage\",\"url\":\"https:\\\/\\\/www.accuratereviews.com\\\/wp-content\\\/uploads\\\/2020\\\/10\\\/Sparkrock_Logo1.png\",\"contentUrl\":\"https:\\\/\\\/www.accuratereviews.com\\\/wp-content\\\/uploads\\\/2020\\\/10\\\/Sparkrock_Logo1.png\",\"width\":400,\"height\":400},{\"@type\":\"BreadcrumbList\",\"@id\":\"https:\\\/\\\/www.accuratereviews.com\\\/it\\\/gestionale-per-servizi-sociali\\\/sparkrock-recensione\\\/#breadcrumb\",\"itemListElement\":[{\"@type\":\"ListItem\",\"position\":1,\"name\":\"Home\",\"item\":\"https:\\\/\\\/www.accuratereviews.com\\\/it\\\/\"},{\"@type\":\"ListItem\",\"position\":2,\"name\":\"Gestionale per servizi sociali\",\"item\":\"https:\\\/\\\/www.accuratereviews.com\\\/it\\\/gestionale-per-servizi-sociali\\\/\"},{\"@type\":\"ListItem\",\"position\":3,\"name\":\"Sparkrock\"}]},{\"@type\":\"WebSite\",\"@id\":\"https:\\\/\\\/www.accuratereviews.com\\\/it\\\/#website\",\"url\":\"https:\\\/\\\/www.accuratereviews.com\\\/it\\\/\",\"name\":\"Accurate Reviews\",\"description\":\"\",\"potentialAction\":[{\"@type\":\"SearchAction\",\"target\":{\"@type\":\"EntryPoint\",\"urlTemplate\":\"https:\\\/\\\/www.accuratereviews.com\\\/it\\\/?s={search_term_string}\"},\"query-input\":{\"@type\":\"PropertyValueSpecification\",\"valueRequired\":true,\"valueName\":\"search_term_string\"}}],\"inLanguage\":\"it-IT\"}]}<\/script>\n<!-- \/ Yoast SEO plugin. -->","yoast_head_json":{"title":"Sparkrock: recensione software per servizi sociali - Accurate Reviews","description":"Sparkrock: recensione soluzione gestionale per servizi sociali che fornisce un software aziendale (ERP) all-in-one.","robots":{"index":"index","follow":"follow","max-snippet":"max-snippet:-1","max-image-preview":"max-image-preview:large","max-video-preview":"max-video-preview:-1"},"canonical":"https:\/\/www.accuratereviews.com\/it\/gestionale-per-servizi-sociali\/sparkrock-recensione\/","og_locale":"it_IT","og_type":"article","og_title":"Sparkrock: recensione software per servizi sociali - Accurate Reviews","og_description":"Sparkrock: recensione soluzione gestionale per servizi sociali che fornisce un software aziendale (ERP) all-in-one.","og_url":"https:\/\/www.accuratereviews.com\/it\/gestionale-per-servizi-sociali\/sparkrock-recensione\/","og_site_name":"Accurate Reviews","og_image":[{"width":400,"height":400,"url":"https:\/\/www.accuratereviews.com\/wp-content\/uploads\/2020\/10\/Sparkrock_Logo1.png","type":"image\/png"}],"twitter_card":"summary_large_image","twitter_misc":{"Tempo di lettura stimato":"3 minuti"},"schema":{"@context":"https:\/\/schema.org","@graph":[{"@type":"WebPage","@id":"https:\/\/www.accuratereviews.com\/it\/gestionale-per-servizi-sociali\/sparkrock-recensione\/","url":"https:\/\/www.accuratereviews.com\/it\/gestionale-per-servizi-sociali\/sparkrock-recensione\/","name":"Sparkrock: recensione software per servizi sociali - Accurate Reviews","isPartOf":{"@id":"https:\/\/www.accuratereviews.com\/it\/#website"},"primaryImageOfPage":{"@id":"https:\/\/www.accuratereviews.com\/it\/gestionale-per-servizi-sociali\/sparkrock-recensione\/#primaryimage"},"image":{"@id":"https:\/\/www.accuratereviews.com\/it\/gestionale-per-servizi-sociali\/sparkrock-recensione\/#primaryimage"},"thumbnailUrl":"https:\/\/www.accuratereviews.com\/wp-content\/uploads\/2020\/10\/Sparkrock_Logo1.png","datePublished":"2020-10-16T10:51:27+00:00","description":"Sparkrock: recensione soluzione gestionale per servizi sociali che fornisce un software aziendale (ERP) all-in-one.","breadcrumb":{"@id":"https:\/\/www.accuratereviews.com\/it\/gestionale-per-servizi-sociali\/sparkrock-recensione\/#breadcrumb"},"inLanguage":"it-IT","potentialAction":[{"@type":"ReadAction","target":["https:\/\/www.accuratereviews.com\/it\/gestionale-per-servizi-sociali\/sparkrock-recensione\/"]}]},{"@type":"ImageObject","inLanguage":"it-IT","@id":"https:\/\/www.accuratereviews.com\/it\/gestionale-per-servizi-sociali\/sparkrock-recensione\/#primaryimage","url":"https:\/\/www.accuratereviews.com\/wp-content\/uploads\/2020\/10\/Sparkrock_Logo1.png","contentUrl":"https:\/\/www.accuratereviews.com\/wp-content\/uploads\/2020\/10\/Sparkrock_Logo1.png","width":400,"height":400},{"@type":"BreadcrumbList","@id":"https:\/\/www.accuratereviews.com\/it\/gestionale-per-servizi-sociali\/sparkrock-recensione\/#breadcrumb","itemListElement":[{"@type":"ListItem","position":1,"name":"Home","item":"https:\/\/www.accuratereviews.com\/it\/"},{"@type":"ListItem","position":2,"name":"Gestionale per servizi sociali","item":"https:\/\/www.accuratereviews.com\/it\/gestionale-per-servizi-sociali\/"},{"@type":"ListItem","position":3,"name":"Sparkrock"}]},{"@type":"WebSite","@id":"https:\/\/www.accuratereviews.com\/it\/#website","url":"https:\/\/www.accuratereviews.com\/it\/","name":"Accurate Reviews","description":"","potentialAction":[{"@type":"SearchAction","target":{"@type":"EntryPoint","urlTemplate":"https:\/\/www.accuratereviews.com\/it\/?s={search_term_string}"},"query-input":{"@type":"PropertyValueSpecification","valueRequired":true,"valueName":"search_term_string"}}],"inLanguage":"it-IT"}]}},"_links":{"self":[{"href":"https:\/\/www.accuratereviews.com\/it\/wp-json\/wp\/v2\/pages\/31227","targetHints":{"allow":["GET"]}}],"collection":[{"href":"https:\/\/www.accuratereviews.com\/it\/wp-json\/wp\/v2\/pages"}],"about":[{"href":"https:\/\/www.accuratereviews.com\/it\/wp-json\/wp\/v2\/types\/page"}],"author":[{"embeddable":true,"href":"https:\/\/www.accuratereviews.com\/it\/wp-json\/wp\/v2\/users\/19"}],"replies":[{"embeddable":true,"href":"https:\/\/www.accuratereviews.com\/it\/wp-json\/wp\/v2\/comments?post=31227"}],"version-history":[{"count":10,"href":"https:\/\/www.accuratereviews.com\/it\/wp-json\/wp\/v2\/pages\/31227\/revisions"}],"predecessor-version":[{"id":31268,"href":"https:\/\/www.accuratereviews.com\/it\/wp-json\/wp\/v2\/pages\/31227\/revisions\/31268"}],"up":[{"embeddable":true,"href":"https:\/\/www.accuratereviews.com\/it\/wp-json\/wp\/v2\/pages\/30754"}],"wp:featuredmedia":[{"embeddable":true,"href":"https:\/\/www.accuratereviews.com\/it\/wp-json\/wp\/v2\/media\/31230"}],"wp:attachment":[{"href":"https:\/\/www.accuratereviews.com\/it\/wp-json\/wp\/v2\/media?parent=31227"}],"wp:term":[{"taxonomy":"category","embeddable":true,"href":"https:\/\/www.accuratereviews.com\/it\/wp-json\/wp\/v2\/categories?post=31227"},{"taxonomy":"post_tag","embeddable":true,"href":"https:\/\/www.accuratereviews.com\/it\/wp-json\/wp\/v2\/tags?post=31227"},{"taxonomy":"features","embeddable":true,"href":"https:\/\/www.accuratereviews.com\/it\/wp-json\/wp\/v2\/features?post=31227"}],"curies":[{"name":"wp","href":"https:\/\/api.w.org\/{rel}","templated":true}]}}