{"id":31252,"date":"2020-10-16T10:52:18","date_gmt":"2020-10-16T10:52:18","guid":{"rendered":"https:\/\/www.accuratereviews.com\/?page_id=31252"},"modified":"2020-10-16T10:52:18","modified_gmt":"2020-10-16T10:52:18","slug":"noble-child-recensione","status":"publish","type":"page","link":"https:\/\/www.accuratereviews.com\/it\/gestionale-per-servizi-sociali\/noble-child-recensione\/","title":{"rendered":"Noble Child"},"content":{"rendered":"<p><strong>Noble Child<\/strong> \u00e8 un <strong>software informativo<\/strong> sul benessere dei bambini progettato per aiutare le agenzie governative e le organizzazioni senza scopo di lucro a gestire i dati, i risultati dei casi e le comunicazioni per migliorare il trattamento generale, la salute, le opportunit\u00e0 civiche e di lavoro dei ragazzi. Gli amministratori possono rilevare i contatti, approvare le richieste di ferie dei dipendenti, configurare le autorizzazioni di accesso basate sui ruoli per il personale e tenere traccia delle informazioni dei clienti, tra cui istruzione, medicina e storia familiare. Le organizzazioni no profit possono gestire fonti di entrate come donazioni, contratti o sovvenzioni e garantire la conformit\u00e0 con le normative. Consente inoltre agli utenti di gestire casi individuali o di gruppo, gestire i programmi di reclutamento e i processi di formazione per i candidati e facilitare la collaborazione all&#8217;interno dei team utilizzando funzionalit\u00e0 di etichettatura e messaggistica diretta.<\/p>\n<h2><a href=\"https:\/\/www.accuratereviews.com\/wp-content\/uploads\/2020\/10\/Schermata-2020-10-16-alle-10.58.01.png\"><img loading=\"lazy\" decoding=\"async\" class=\"alignnone size-full wp-image-31258\" src=\"https:\/\/www.accuratereviews.com\/wp-content\/uploads\/2020\/10\/Schermata-2020-10-16-alle-10.58.01.png\" alt=\"\" width=\"2964\" height=\"972\" srcset=\"https:\/\/www.accuratereviews.com\/wp-content\/uploads\/2020\/10\/Schermata-2020-10-16-alle-10.58.01.png 2964w, https:\/\/www.accuratereviews.com\/wp-content\/uploads\/2020\/10\/Schermata-2020-10-16-alle-10.58.01-300x98.png 300w, https:\/\/www.accuratereviews.com\/wp-content\/uploads\/2020\/10\/Schermata-2020-10-16-alle-10.58.01-1024x336.png 1024w, https:\/\/www.accuratereviews.com\/wp-content\/uploads\/2020\/10\/Schermata-2020-10-16-alle-10.58.01-768x252.png 768w, https:\/\/www.accuratereviews.com\/wp-content\/uploads\/2020\/10\/Schermata-2020-10-16-alle-10.58.01-1536x504.png 1536w, https:\/\/www.accuratereviews.com\/wp-content\/uploads\/2020\/10\/Schermata-2020-10-16-alle-10.58.01-2048x672.png 2048w, https:\/\/www.accuratereviews.com\/wp-content\/uploads\/2020\/10\/Schermata-2020-10-16-alle-10.58.01-260x85.png 260w, https:\/\/www.accuratereviews.com\/wp-content\/uploads\/2020\/10\/Schermata-2020-10-16-alle-10.58.01-50x16.png 50w, https:\/\/www.accuratereviews.com\/wp-content\/uploads\/2020\/10\/Schermata-2020-10-16-alle-10.58.01-968x317.png 968w, https:\/\/www.accuratereviews.com\/wp-content\/uploads\/2020\/10\/Schermata-2020-10-16-alle-10.58.01-636x209.png 636w, https:\/\/www.accuratereviews.com\/wp-content\/uploads\/2020\/10\/Schermata-2020-10-16-alle-10.58.01-320x105.png 320w, https:\/\/www.accuratereviews.com\/wp-content\/uploads\/2020\/10\/Schermata-2020-10-16-alle-10.58.01-239x78.png 239w\" sizes=\"auto, (max-width: 2964px) 100vw, 2964px\" \/><\/a><\/h2>\n<h2>NOBLE CHILD &#8211; CARATTERISTICHE<\/h2>\n<ul>\n<li>Utilizza le dashboard per visualizzare i rapporti personalizzabili creati per ottenere risultati migliori per i tuoi clienti. Gli assistenti sociali possono utilizzare metodi proattivi per fornire assistenza e servizi e ottenere risultati migliori<\/li>\n<li>Raccogli i dati attraverso una serie di indicatori per monitorare l&#8217;efficacia del programma. Stabilire obiettivi per dipartimenti, programmi e parti interessate per monitorare la loro efficacia e potenziale<\/li>\n<li>La tecnologia di comunicazione pu\u00f2 condividere le informazioni in modo sicuro nel sistema. L&#8217;utilizzo di strumenti e applicazioni digitali di qualsiasi dispositivo pu\u00f2 migliorare il trattamento, l&#8217;istruzione, la salute, l&#8217;occupazione e le opportunit\u00e0 civiche dei bambini<\/li>\n<li>Report e dashboard possono essere programmati per inviare ai supervisori della conformit\u00e0 informazioni storiche e in tempo reale sui casi per stare al passo con i problemi di conformit\u00e0<\/li>\n<li>Sviluppare la formazione continua per il personale. Misurare la cronologia della formazione, l&#8217;importanza e le misurazioni di conformit\u00e0 nei programmi di formazione esistenti.<\/li>\n<li>Crea nuovi piani di servizio e personalizzali caso per caso<\/li>\n<li>Avere lo stesso accesso alle informazioni sul caso in tempo reale su qualsiasi dispositivo intelligente. Effettua aggiornamenti, comunica e ricevi notifiche non appena si verificano<\/li>\n<li>Anche quando i lavoratori si trovano in aree remote, possono lavorare sui loro casi e fornire assistenza. Non appena viene ristabilita la connessione, tutto il lavoro viene aggiornato nelle posizioni appropriate<\/li>\n<li>Rispondi ai commenti del caso, completa le attivit\u00e0, compila informazioni e moduli ovunque ti trovi. Valutazioni in loco effettuate, richieste di rimozione di emergenza e visite a domicilio registrate con un clic del pulsante<\/li>\n<\/ul>\n<h3>LE RECENSIONI DEGLI UTENTI<\/h3>\n<h4>Amber C.\u00a0&#8220;Ci piace lavorare su Noble Child&#8221;<\/h4>\n<p><strong>Commenti: <\/strong>La piattaforma Noble Child rende tutti i nostri processi e requisiti di conformit\u00e0 un gioco da ragazzi da soddisfare, poich\u00e9 tutto viene impostato in anticipo e garantisce che il tuo personale rispetti le tempistiche e le fasi richieste per la conformit\u00e0. Il team di Noble Child \u00e8 pronto a rispondere, informato e con cui \u00e8 facile lavorare.<\/p>\n<p><strong>Vantaggi: <\/strong>Mi piace la facilit\u00e0 con cui \u00e8 stata implementata nella nostra organizzazione. Il team di Noble Child era l\u00ec per noi in ogni fase del processo e ci ha fornito informazioni su come possiamo migliorare sia l&#8217;uso del sistema che i nostri processi. Noble Child offre una vasta selezione di app, permettendoci di riunire tutti i nostri programmi e siti in un unico sistema unificato. Questo ci consente di fornire i servizi avvolgenti essenziali di cui i nostri clienti hanno bisogno. Cos\u00ec come i report semplici e veloci che una volta richiedevano giorni per compilare sono ora disponibili in tempo reale con informazioni aggiornate ogni volta che li apriamo.<\/p>\n<p><strong>Inconvenienti: <\/strong>L&#8217;unico svantaggio di questo software \u00e8 che l&#8217;amministrazione di esso richiede una buona dose di formazione e abilit\u00e0. Per fortuna, per\u00f2, il team di Noble Child era l\u00ec per noi per fornire la formazione necessaria e svolgere il ruolo di amministratore di sistema.<\/p>\n<h4 class=\"font-weight-bold mb-1 d-flex align-items-center\">Judith W.&#8221;Essenziale per le agenzie di assistenza all&#8217;infanzia&#8221;<\/h4>\n<p><strong>Commenti: <\/strong>\u00c8 stato fantastico. Erano presenti in ogni fase del percorso. Era chiaro, vogliono davvero vederti avere successo da solo, ma sono sempre l\u00ec per il supporto.<\/p>\n<p><strong>Vantaggi: <\/strong>Uno dei pochi, se non l&#8217;unico software specificamente progettato per le agenzie di assistenza all&#8217;infanzia, tra cui affidamento, adozione domestica, adozione internazionale, servizi di supporto, CASA, ricongiungimento familiare, strutture di trattamento residenziale e visite supervisionate. Se utilizzi gi\u00e0 Salesforce, questa \u00e8 la decisione pi\u00f9 semplice che puoi prendere. Il software diventer\u00e0 la spina dorsale della tua agenzia e consentir\u00e0 di lavorare da qualsiasi luogo. Si tratta di un canone annuale, quindi sappiamo e possiamo preventivare i nostri costi di conseguenza.<\/p>\n<p><strong>Inconvenienti: <\/strong>Le agenzie devono essere pronte per il trasferimento dei dati storici e devono trovare un dipendente che diventer\u00e0 il tuo amministratore. Se la tua agenzia deve utilizzare un sistema informativo statale, potresti dover ottenere l&#8217;autorizzazione statale per connettere i sistemi per eliminare il doppio ingresso.<\/p>\n<h4 class=\"font-weight-bold mb-1 d-flex align-items-center\">James D.&#8221;Soluzione pertinente&#8221;<\/h4>\n<p><strong>Vantaggi: <\/strong>Noble Child \u00e8 stata fondata sulla visione che esiste un modo migliore. Le piattaforme esistenti nel settore non sono state costruite pensando al cloud o non hanno la stessa completezza di visione. Noble Child viene continuamente migliorato per consentire un&#8217;esperienza di benessere dei bambini semplificata, che consente a tutti i soggetti coinvolti di avere informazioni pi\u00f9 accurate e aggiornate per essere prontamente accessibili.<\/p>\n<p><strong>Inconvenienti: <\/strong>Non ci sono davvero svantaggi oltre al fatto che il sistema ha il tempo di mettersi al passo con la roadmap.<\/p>\n<p>&nbsp;<\/p>\n<p>&nbsp;<\/p>\n","protected":false},"excerpt":{"rendered":"<p>Noble Child \u00e8 un software informativo sul benessere dei bambini progettato per aiutare le agenzie governative e le organizzazioni senza scopo di lucro a gestire i dati, i risultati dei casi e le comunicazioni per migliorare il trattamento generale, la salute, le opportunit\u00e0 civiche e di lavoro dei ragazzi.\u00a0<\/p>\n","protected":false},"author":19,"featured_media":31255,"parent":30754,"menu_order":0,"comment_status":"open","ping_status":"closed","template":"g1_template_page_review_new.php","meta":{"_acf_changed":false,"cwp_meta_box_check":"Yes","cwp_rev_product_name":"","cwp_rev_product_image":"","wppr_links":[],"cwp_rev_price":"","wppr_options":[],"wppr_pros":[],"wppr_cons":[],"_monsterinsights_skip_tracking":false,"_monsterinsights_sitenote_active":false,"_monsterinsights_sitenote_note":"","_monsterinsights_sitenote_category":0,"footnotes":""},"categories":[3774],"tags":[396,3776,3938,3779,3778,3775,3879],"features":[],"class_list":{"0":"post-31252","1":"page","2":"type-page","3":"status-publish","4":"has-post-thumbnail","6":"category-gestionale-per-servizi-sociali","7":"tag-cloud","8":"tag-gestionale-per-servizi-sociali","9":"tag-noble-child","10":"tag-piattaforma-gestionale-per-servizi-sociali","11":"tag-programma-gestionale-per-servizi-sociali","12":"tag-software-gestionale-per-servizi-sociali","13":"tag-soluzione-per-gestionale-per-servizi-sociali"},"wppr_data":{"cwp_meta_box_check":"Yes","cwp_rev_product_name":"","cwp_rev_product_image":"","cwp_image_link":"image","cwp_rev_price":"","wppr_rating":"0.00"},"acf":[],"yoast_head":"<!-- This site is optimized with the Yoast SEO plugin v27.4 - https:\/\/yoast.com\/product\/yoast-seo-wordpress\/ -->\n<title>Noble Child: recensione software per servizi sociali - Accurate Reviews<\/title>\n<meta name=\"description\" content=\"Noble Child: recensione software informativo sul benessere dei bambini per aiutare le agenzie governative e le organizzazioni no profit.\" \/>\n<meta name=\"robots\" content=\"index, follow, max-snippet:-1, max-image-preview:large, max-video-preview:-1\" \/>\n<link rel=\"canonical\" href=\"https:\/\/www.accuratereviews.com\/it\/gestionale-per-servizi-sociali\/noble-child-recensione\/\" \/>\n<meta property=\"og:locale\" content=\"it_IT\" \/>\n<meta property=\"og:type\" content=\"article\" \/>\n<meta property=\"og:title\" content=\"Noble Child: recensione software per servizi sociali - Accurate Reviews\" \/>\n<meta property=\"og:description\" content=\"Noble Child: recensione software informativo sul benessere dei bambini per aiutare le agenzie governative e le organizzazioni no profit.\" \/>\n<meta property=\"og:url\" content=\"https:\/\/www.accuratereviews.com\/it\/gestionale-per-servizi-sociali\/noble-child-recensione\/\" \/>\n<meta property=\"og:site_name\" content=\"Accurate Reviews\" \/>\n<meta property=\"og:image\" content=\"https:\/\/www.accuratereviews.com\/wp-content\/uploads\/2020\/10\/Noble-Child.png\" \/>\n\t<meta property=\"og:image:width\" content=\"1910\" \/>\n\t<meta property=\"og:image:height\" content=\"810\" \/>\n\t<meta property=\"og:image:type\" content=\"image\/png\" \/>\n<meta name=\"twitter:card\" content=\"summary_large_image\" \/>\n<meta name=\"twitter:label1\" content=\"Tempo di lettura stimato\" \/>\n\t<meta name=\"twitter:data1\" content=\"4 minuti\" \/>\n<script type=\"application\/ld+json\" class=\"yoast-schema-graph\">{\"@context\":\"https:\\\/\\\/schema.org\",\"@graph\":[{\"@type\":\"WebPage\",\"@id\":\"https:\\\/\\\/www.accuratereviews.com\\\/it\\\/gestionale-per-servizi-sociali\\\/noble-child-recensione\\\/\",\"url\":\"https:\\\/\\\/www.accuratereviews.com\\\/it\\\/gestionale-per-servizi-sociali\\\/noble-child-recensione\\\/\",\"name\":\"Noble Child: recensione software per servizi sociali - Accurate Reviews\",\"isPartOf\":{\"@id\":\"https:\\\/\\\/www.accuratereviews.com\\\/it\\\/#website\"},\"primaryImageOfPage\":{\"@id\":\"https:\\\/\\\/www.accuratereviews.com\\\/it\\\/gestionale-per-servizi-sociali\\\/noble-child-recensione\\\/#primaryimage\"},\"image\":{\"@id\":\"https:\\\/\\\/www.accuratereviews.com\\\/it\\\/gestionale-per-servizi-sociali\\\/noble-child-recensione\\\/#primaryimage\"},\"thumbnailUrl\":\"https:\\\/\\\/www.accuratereviews.com\\\/wp-content\\\/uploads\\\/2020\\\/10\\\/Noble-Child.png\",\"datePublished\":\"2020-10-16T10:52:18+00:00\",\"description\":\"Noble Child: recensione software informativo sul benessere dei bambini per aiutare le agenzie governative e le organizzazioni no profit.\",\"breadcrumb\":{\"@id\":\"https:\\\/\\\/www.accuratereviews.com\\\/it\\\/gestionale-per-servizi-sociali\\\/noble-child-recensione\\\/#breadcrumb\"},\"inLanguage\":\"it-IT\",\"potentialAction\":[{\"@type\":\"ReadAction\",\"target\":[\"https:\\\/\\\/www.accuratereviews.com\\\/it\\\/gestionale-per-servizi-sociali\\\/noble-child-recensione\\\/\"]}]},{\"@type\":\"ImageObject\",\"inLanguage\":\"it-IT\",\"@id\":\"https:\\\/\\\/www.accuratereviews.com\\\/it\\\/gestionale-per-servizi-sociali\\\/noble-child-recensione\\\/#primaryimage\",\"url\":\"https:\\\/\\\/www.accuratereviews.com\\\/wp-content\\\/uploads\\\/2020\\\/10\\\/Noble-Child.png\",\"contentUrl\":\"https:\\\/\\\/www.accuratereviews.com\\\/wp-content\\\/uploads\\\/2020\\\/10\\\/Noble-Child.png\",\"width\":1910,\"height\":810},{\"@type\":\"BreadcrumbList\",\"@id\":\"https:\\\/\\\/www.accuratereviews.com\\\/it\\\/gestionale-per-servizi-sociali\\\/noble-child-recensione\\\/#breadcrumb\",\"itemListElement\":[{\"@type\":\"ListItem\",\"position\":1,\"name\":\"Home\",\"item\":\"https:\\\/\\\/www.accuratereviews.com\\\/it\\\/\"},{\"@type\":\"ListItem\",\"position\":2,\"name\":\"Gestionale per servizi sociali\",\"item\":\"https:\\\/\\\/www.accuratereviews.com\\\/it\\\/gestionale-per-servizi-sociali\\\/\"},{\"@type\":\"ListItem\",\"position\":3,\"name\":\"Noble Child\"}]},{\"@type\":\"WebSite\",\"@id\":\"https:\\\/\\\/www.accuratereviews.com\\\/it\\\/#website\",\"url\":\"https:\\\/\\\/www.accuratereviews.com\\\/it\\\/\",\"name\":\"Accurate Reviews\",\"description\":\"\",\"potentialAction\":[{\"@type\":\"SearchAction\",\"target\":{\"@type\":\"EntryPoint\",\"urlTemplate\":\"https:\\\/\\\/www.accuratereviews.com\\\/it\\\/?s={search_term_string}\"},\"query-input\":{\"@type\":\"PropertyValueSpecification\",\"valueRequired\":true,\"valueName\":\"search_term_string\"}}],\"inLanguage\":\"it-IT\"}]}<\/script>\n<!-- \/ Yoast SEO plugin. -->","yoast_head_json":{"title":"Noble Child: recensione software per servizi sociali - Accurate Reviews","description":"Noble Child: recensione software informativo sul benessere dei bambini per aiutare le agenzie governative e le organizzazioni no profit.","robots":{"index":"index","follow":"follow","max-snippet":"max-snippet:-1","max-image-preview":"max-image-preview:large","max-video-preview":"max-video-preview:-1"},"canonical":"https:\/\/www.accuratereviews.com\/it\/gestionale-per-servizi-sociali\/noble-child-recensione\/","og_locale":"it_IT","og_type":"article","og_title":"Noble Child: recensione software per servizi sociali - Accurate Reviews","og_description":"Noble Child: recensione software informativo sul benessere dei bambini per aiutare le agenzie governative e le organizzazioni no profit.","og_url":"https:\/\/www.accuratereviews.com\/it\/gestionale-per-servizi-sociali\/noble-child-recensione\/","og_site_name":"Accurate Reviews","og_image":[{"width":1910,"height":810,"url":"https:\/\/www.accuratereviews.com\/wp-content\/uploads\/2020\/10\/Noble-Child.png","type":"image\/png"}],"twitter_card":"summary_large_image","twitter_misc":{"Tempo di lettura stimato":"4 minuti"},"schema":{"@context":"https:\/\/schema.org","@graph":[{"@type":"WebPage","@id":"https:\/\/www.accuratereviews.com\/it\/gestionale-per-servizi-sociali\/noble-child-recensione\/","url":"https:\/\/www.accuratereviews.com\/it\/gestionale-per-servizi-sociali\/noble-child-recensione\/","name":"Noble Child: recensione software per servizi sociali - Accurate Reviews","isPartOf":{"@id":"https:\/\/www.accuratereviews.com\/it\/#website"},"primaryImageOfPage":{"@id":"https:\/\/www.accuratereviews.com\/it\/gestionale-per-servizi-sociali\/noble-child-recensione\/#primaryimage"},"image":{"@id":"https:\/\/www.accuratereviews.com\/it\/gestionale-per-servizi-sociali\/noble-child-recensione\/#primaryimage"},"thumbnailUrl":"https:\/\/www.accuratereviews.com\/wp-content\/uploads\/2020\/10\/Noble-Child.png","datePublished":"2020-10-16T10:52:18+00:00","description":"Noble Child: recensione software informativo sul benessere dei bambini per aiutare le agenzie governative e le organizzazioni no profit.","breadcrumb":{"@id":"https:\/\/www.accuratereviews.com\/it\/gestionale-per-servizi-sociali\/noble-child-recensione\/#breadcrumb"},"inLanguage":"it-IT","potentialAction":[{"@type":"ReadAction","target":["https:\/\/www.accuratereviews.com\/it\/gestionale-per-servizi-sociali\/noble-child-recensione\/"]}]},{"@type":"ImageObject","inLanguage":"it-IT","@id":"https:\/\/www.accuratereviews.com\/it\/gestionale-per-servizi-sociali\/noble-child-recensione\/#primaryimage","url":"https:\/\/www.accuratereviews.com\/wp-content\/uploads\/2020\/10\/Noble-Child.png","contentUrl":"https:\/\/www.accuratereviews.com\/wp-content\/uploads\/2020\/10\/Noble-Child.png","width":1910,"height":810},{"@type":"BreadcrumbList","@id":"https:\/\/www.accuratereviews.com\/it\/gestionale-per-servizi-sociali\/noble-child-recensione\/#breadcrumb","itemListElement":[{"@type":"ListItem","position":1,"name":"Home","item":"https:\/\/www.accuratereviews.com\/it\/"},{"@type":"ListItem","position":2,"name":"Gestionale per servizi sociali","item":"https:\/\/www.accuratereviews.com\/it\/gestionale-per-servizi-sociali\/"},{"@type":"ListItem","position":3,"name":"Noble Child"}]},{"@type":"WebSite","@id":"https:\/\/www.accuratereviews.com\/it\/#website","url":"https:\/\/www.accuratereviews.com\/it\/","name":"Accurate Reviews","description":"","potentialAction":[{"@type":"SearchAction","target":{"@type":"EntryPoint","urlTemplate":"https:\/\/www.accuratereviews.com\/it\/?s={search_term_string}"},"query-input":{"@type":"PropertyValueSpecification","valueRequired":true,"valueName":"search_term_string"}}],"inLanguage":"it-IT"}]}},"_links":{"self":[{"href":"https:\/\/www.accuratereviews.com\/it\/wp-json\/wp\/v2\/pages\/31252","targetHints":{"allow":["GET"]}}],"collection":[{"href":"https:\/\/www.accuratereviews.com\/it\/wp-json\/wp\/v2\/pages"}],"about":[{"href":"https:\/\/www.accuratereviews.com\/it\/wp-json\/wp\/v2\/types\/page"}],"author":[{"embeddable":true,"href":"https:\/\/www.accuratereviews.com\/it\/wp-json\/wp\/v2\/users\/19"}],"replies":[{"embeddable":true,"href":"https:\/\/www.accuratereviews.com\/it\/wp-json\/wp\/v2\/comments?post=31252"}],"version-history":[{"count":7,"href":"https:\/\/www.accuratereviews.com\/it\/wp-json\/wp\/v2\/pages\/31252\/revisions"}],"predecessor-version":[{"id":31270,"href":"https:\/\/www.accuratereviews.com\/it\/wp-json\/wp\/v2\/pages\/31252\/revisions\/31270"}],"up":[{"embeddable":true,"href":"https:\/\/www.accuratereviews.com\/it\/wp-json\/wp\/v2\/pages\/30754"}],"wp:featuredmedia":[{"embeddable":true,"href":"https:\/\/www.accuratereviews.com\/it\/wp-json\/wp\/v2\/media\/31255"}],"wp:attachment":[{"href":"https:\/\/www.accuratereviews.com\/it\/wp-json\/wp\/v2\/media?parent=31252"}],"wp:term":[{"taxonomy":"category","embeddable":true,"href":"https:\/\/www.accuratereviews.com\/it\/wp-json\/wp\/v2\/categories?post=31252"},{"taxonomy":"post_tag","embeddable":true,"href":"https:\/\/www.accuratereviews.com\/it\/wp-json\/wp\/v2\/tags?post=31252"},{"taxonomy":"features","embeddable":true,"href":"https:\/\/www.accuratereviews.com\/it\/wp-json\/wp\/v2\/features?post=31252"}],"curies":[{"name":"wp","href":"https:\/\/api.w.org\/{rel}","templated":true}]}}