{"id":31285,"date":"2020-10-19T10:51:23","date_gmt":"2020-10-19T10:51:23","guid":{"rendered":"https:\/\/www.accuratereviews.com\/?page_id=31285"},"modified":"2020-10-28T07:51:27","modified_gmt":"2020-10-28T07:51:27","slug":"casebook-recensione","status":"publish","type":"page","link":"https:\/\/www.accuratereviews.com\/it\/gestionale-per-servizi-sociali\/casebook-recensione\/","title":{"rendered":"Casebook"},"content":{"rendered":"<p><strong>Casebook<\/strong> \u00e8 un <strong>software di gestione dei servizi umani<\/strong> basato su <strong>cloud<\/strong> che aiuta l&#8217;organizzazioni di assistenza sociale ad amministrare ispezioni, documentazione, attivit\u00e0 e altro su una piattaforma centralizzata. Consente ai dipendenti del servizio pubblico di tenere traccia delle licenze dei candidati per programmi come l&#8217;affido, l&#8217;adozione, l&#8217;assistenza all&#8217;infanzia e il trattamento riabilitativo.\u00a0<strong>Casebook<\/strong> permette ai membri del personale di visualizzare le attivit\u00e0 assegnate, ottimizzare i percorsi, aggiungere note e utilizzare la funzionalit\u00e0 di firma elettronica per convalidare e attestare moduli e licenze. Il modulo di assunzione consente ai supervisori di integrare nuovi fornitori di servizi umani, ricevere rapporti sugli incidenti e inviare notifiche, tra le altre operazioni. Offre inoltre funzionalit\u00e0 di ricerca e filtro, che consentono agli utenti di tenere traccia delle attivit\u00e0 in base ai dettagli del provider, allo stato della licenza, alla priorit\u00e0 e alle date di scadenza.<\/p>\n<h2>CASEBOOK &#8211; TUTORIAL<\/h2>\n<p>Ecco un tutorial in cui vediamo come usare questo <strong>software gestionale per i servizi sociali<\/strong>:<\/p>\n<div id=\"fluid-wrapper-counter-1\" class=\"g1-fluid-wrapper \" style=\"width:686px;\">\n<div style=\"padding-bottom:56.268221574344%;\"><iframe loading=\"lazy\" title=\"Casebook Human Services Solutions\" src=\"https:\/\/player.vimeo.com\/video\/440444133?dnt=1&amp;app_id=122963?title=0&amp;byline=0&amp;portrait=0\" width=\"686\" height=\"386\" frameborder=\"0\" allow=\"autoplay; fullscreen\" allowfullscreen><\/iframe><\/div>\n<\/div>\n<h3>CASEBOOK &#8211; CARATTERISTICHE<\/h3>\n<ul>\n<li><strong>Reclutamento e comunicazione efficienti:<\/strong> il reclutamento di potenziali famiglie affidatarie o lo screening dei candidati all&#8217;adozione \u00e8 solo il primo passo la soluzione consente un processo digitalizzato che include un portale rivolto al cliente per l&#8217;assunzione e moduli personalizzabili per la valutazione dell&#8217;idoneit\u00e0, la licenza, i posizionamenti e il monitoraggio a lungo termine<\/li>\n<li><strong>Profilo della persona<\/strong>: allega file, visualizza informazioni vitali, monitora i progressi e valuta servizi, incidenti e relazioni per una visione completa della storia di coinvolgimento di una persona, note del profilo, stato della domanda e altro ancora<\/li>\n<li><strong>Posizionamenti e documentazione migliori<\/strong>: assegni i bambini nelle famiglie in base ai tuoi criteri. Con i moduli personalizzati, la mappatura e il profilo della persona puoi filtrare, valutare e posizionare mettendo a fuoco sia il quadro generale che i dettagli importanti<\/li>\n<li><strong>Moduli personalizzabili<\/strong>: i moduli digitalizzati consentono un flusso di lavoro senza carta che si adatta alle esigenze della tua organizzazione, ma puoi anche caricare, allegare e associare informazioni da moduli cartacei e allegare documenti associati<\/li>\n<li><strong>Sicuro e protetto<\/strong>: non perdere i tuoi record per incendio, allagamento, furto o violazione dei dati. Il software \u00e8 costruito per superare gli standard di sicurezza statali e federali per la sicurezza e la crittografia dei dati<\/li>\n<\/ul>\n<h3>LE RECENSIONI DEGLI UTENTI<\/h3>\n<h4 class=\"font-weight-bold mb-1 d-flex align-items-center\">Dania C.&#8221;Ottimo pacchetto! FANTASTICO SERVIZIO CLIENTI !!!&#8221;<\/h4>\n<p><strong>Commenti: <\/strong>Ottima esperienza fin dall&#8217;inizio. \u00c8 quasi come se diventassi una famiglia durante tutto il processo. Consiglio vivamente questo prodotto, soprattutto visto che il servizio clienti funziona. Sono fantastici!!!!<\/p>\n<p><strong>Vantaggi: <\/strong>Facilit\u00e0 di utilizzo. Formato semplice e pulito. Non avevamo bisogno di un background IT o di database per utilizzare il software.<\/p>\n<p><strong>Inconvenienti: <\/strong>Lo svantaggio minimo \u00e8 che vorrei che potessimo rinominare alcune sezioni.<\/p>\n<h4 class=\"font-weight-bold mb-1 d-flex align-items-center\">Elisabeth M.&#8221;Casebook \u00e8 fantastico&#8221;<\/h4>\n<p><strong>Vantaggi: <\/strong>I fornitori hanno accesso a questa piattaforma e possono compilare moduli.<\/p>\n<p><strong>Inconvenienti: <\/strong>Non sono in grado di eliminare i profili del provider che avevo creato. ora che i provider sono in grado di accedere ai moduli da soli, sarebbe utile chiudere i vecchi profili.<\/p>\n<h4 class=\"font-weight-bold mb-1 d-flex align-items-center\">Annette D.&#8221;Passaggio a un formato digitale&#8221;<\/h4>\n<p><strong>Commenti: <\/strong>Il team \u00e8 fantastico, \u00e8 stata una grande esperienza per noi!<\/p>\n<p><strong>Vantaggi: <\/strong>Il team riunito \u00e8 stato di grande supporto durante tutto il processo. Apprezzo la loro disponibilit\u00e0 ad ascoltare le nostre esigenze e lavorare per soddisfarle.<\/p>\n<p><strong>Inconvenienti: <\/strong>\u00c8 ancora in fase di sviluppo; \u00e8 un vantaggio perch\u00e9 sono in grado di ricevere feedback effettivi dai clienti per creare una protezione superiore, invece di presumere di sapere di cosa hanno bisogno le organizzazioni.<\/p>\n","protected":false},"excerpt":{"rendered":"<p>Casebook \u00e8 un software di gestione dei servizi umani basato su cloud che aiuta l&#8217;organizzazioni di assistenza sociale ad amministrare ispezioni, documentazione, attivit\u00e0 e altro su una piattaforma centralizzata. Consente ai dipendenti del servizio pubblico di tenere traccia delle licenze dei candidati per programmi come l&#8217;affido, l&#8217;adozione, l&#8217;assistenza all&#8217;infanzia e il trattamento riabilitativo.\u00a0<\/p>\n","protected":false},"author":19,"featured_media":31297,"parent":30754,"menu_order":0,"comment_status":"open","ping_status":"closed","template":"g1_template_page_review_new.php","meta":{"_acf_changed":false,"cwp_meta_box_check":"Yes","cwp_rev_product_name":"","cwp_rev_product_image":"","wppr_links":[],"cwp_rev_price":"","wppr_options":[],"wppr_pros":[],"wppr_cons":[],"_monsterinsights_skip_tracking":false,"_monsterinsights_sitenote_active":false,"_monsterinsights_sitenote_note":"","_monsterinsights_sitenote_category":0,"footnotes":""},"categories":[3774],"tags":[3942,3776,3779,3778,3775,3777],"features":[],"class_list":{"0":"post-31285","1":"page","2":"type-page","3":"status-publish","4":"has-post-thumbnail","6":"category-gestionale-per-servizi-sociali","7":"tag-casebook","8":"tag-gestionale-per-servizi-sociali","9":"tag-piattaforma-gestionale-per-servizi-sociali","10":"tag-programma-gestionale-per-servizi-sociali","11":"tag-software-gestionale-per-servizi-sociali","12":"tag-soluzione-gestionale-per-servizi-sociali"},"wppr_data":{"cwp_meta_box_check":"Yes","cwp_rev_product_name":"","cwp_rev_product_image":"","cwp_image_link":"image","cwp_rev_price":"","wppr_rating":"0.00"},"acf":[],"yoast_head":"<!-- This site is optimized with the Yoast SEO plugin v27.4 - https:\/\/yoast.com\/product\/yoast-seo-wordpress\/ -->\n<title>Casebook: recensione software per servizi sociali - Accurate Reviews<\/title>\n<meta name=\"description\" content=\"Casebook: recensione software di gestione dei servizi umani basato su cloud che aiuta ad amministrare ispezioni, documentazione, attivit\u00e0 ecc\" \/>\n<meta name=\"robots\" content=\"index, follow, max-snippet:-1, max-image-preview:large, max-video-preview:-1\" \/>\n<link rel=\"canonical\" href=\"https:\/\/www.accuratereviews.com\/it\/gestionale-per-servizi-sociali\/casebook-recensione\/\" \/>\n<meta property=\"og:locale\" content=\"it_IT\" \/>\n<meta property=\"og:type\" content=\"article\" \/>\n<meta property=\"og:title\" content=\"Casebook: recensione software per servizi sociali - Accurate Reviews\" \/>\n<meta property=\"og:description\" content=\"Casebook: recensione software di gestione dei servizi umani basato su cloud che aiuta ad amministrare ispezioni, documentazione, attivit\u00e0 ecc\" \/>\n<meta property=\"og:url\" content=\"https:\/\/www.accuratereviews.com\/it\/gestionale-per-servizi-sociali\/casebook-recensione\/\" \/>\n<meta property=\"og:site_name\" content=\"Accurate Reviews\" \/>\n<meta property=\"article:modified_time\" content=\"2020-10-28T07:51:27+00:00\" \/>\n<meta property=\"og:image\" content=\"https:\/\/www.accuratereviews.com\/wp-content\/uploads\/2020\/10\/Casebook.png\" \/>\n\t<meta property=\"og:image:width\" content=\"225\" \/>\n\t<meta property=\"og:image:height\" content=\"225\" \/>\n\t<meta property=\"og:image:type\" content=\"image\/png\" \/>\n<meta name=\"twitter:card\" content=\"summary_large_image\" \/>\n<meta name=\"twitter:label1\" content=\"Tempo di lettura stimato\" \/>\n\t<meta name=\"twitter:data1\" content=\"3 minuti\" \/>\n<script type=\"application\/ld+json\" class=\"yoast-schema-graph\">{\"@context\":\"https:\\\/\\\/schema.org\",\"@graph\":[{\"@type\":\"WebPage\",\"@id\":\"https:\\\/\\\/www.accuratereviews.com\\\/it\\\/gestionale-per-servizi-sociali\\\/casebook-recensione\\\/\",\"url\":\"https:\\\/\\\/www.accuratereviews.com\\\/it\\\/gestionale-per-servizi-sociali\\\/casebook-recensione\\\/\",\"name\":\"Casebook: recensione software per servizi sociali - Accurate Reviews\",\"isPartOf\":{\"@id\":\"https:\\\/\\\/www.accuratereviews.com\\\/it\\\/#website\"},\"primaryImageOfPage\":{\"@id\":\"https:\\\/\\\/www.accuratereviews.com\\\/it\\\/gestionale-per-servizi-sociali\\\/casebook-recensione\\\/#primaryimage\"},\"image\":{\"@id\":\"https:\\\/\\\/www.accuratereviews.com\\\/it\\\/gestionale-per-servizi-sociali\\\/casebook-recensione\\\/#primaryimage\"},\"thumbnailUrl\":\"https:\\\/\\\/www.accuratereviews.com\\\/wp-content\\\/uploads\\\/2020\\\/10\\\/Casebook.png\",\"datePublished\":\"2020-10-19T10:51:23+00:00\",\"dateModified\":\"2020-10-28T07:51:27+00:00\",\"description\":\"Casebook: recensione software di gestione dei servizi umani basato su cloud che aiuta ad amministrare ispezioni, documentazione, attivit\u00e0 ecc\",\"breadcrumb\":{\"@id\":\"https:\\\/\\\/www.accuratereviews.com\\\/it\\\/gestionale-per-servizi-sociali\\\/casebook-recensione\\\/#breadcrumb\"},\"inLanguage\":\"it-IT\",\"potentialAction\":[{\"@type\":\"ReadAction\",\"target\":[\"https:\\\/\\\/www.accuratereviews.com\\\/it\\\/gestionale-per-servizi-sociali\\\/casebook-recensione\\\/\"]}]},{\"@type\":\"ImageObject\",\"inLanguage\":\"it-IT\",\"@id\":\"https:\\\/\\\/www.accuratereviews.com\\\/it\\\/gestionale-per-servizi-sociali\\\/casebook-recensione\\\/#primaryimage\",\"url\":\"https:\\\/\\\/www.accuratereviews.com\\\/wp-content\\\/uploads\\\/2020\\\/10\\\/Casebook.png\",\"contentUrl\":\"https:\\\/\\\/www.accuratereviews.com\\\/wp-content\\\/uploads\\\/2020\\\/10\\\/Casebook.png\",\"width\":225,\"height\":225},{\"@type\":\"BreadcrumbList\",\"@id\":\"https:\\\/\\\/www.accuratereviews.com\\\/it\\\/gestionale-per-servizi-sociali\\\/casebook-recensione\\\/#breadcrumb\",\"itemListElement\":[{\"@type\":\"ListItem\",\"position\":1,\"name\":\"Home\",\"item\":\"https:\\\/\\\/www.accuratereviews.com\\\/it\\\/\"},{\"@type\":\"ListItem\",\"position\":2,\"name\":\"Gestionale per servizi sociali\",\"item\":\"https:\\\/\\\/www.accuratereviews.com\\\/it\\\/gestionale-per-servizi-sociali\\\/\"},{\"@type\":\"ListItem\",\"position\":3,\"name\":\"Casebook\"}]},{\"@type\":\"WebSite\",\"@id\":\"https:\\\/\\\/www.accuratereviews.com\\\/it\\\/#website\",\"url\":\"https:\\\/\\\/www.accuratereviews.com\\\/it\\\/\",\"name\":\"Accurate Reviews\",\"description\":\"\",\"potentialAction\":[{\"@type\":\"SearchAction\",\"target\":{\"@type\":\"EntryPoint\",\"urlTemplate\":\"https:\\\/\\\/www.accuratereviews.com\\\/it\\\/?s={search_term_string}\"},\"query-input\":{\"@type\":\"PropertyValueSpecification\",\"valueRequired\":true,\"valueName\":\"search_term_string\"}}],\"inLanguage\":\"it-IT\"}]}<\/script>\n<!-- \/ Yoast SEO plugin. -->","yoast_head_json":{"title":"Casebook: recensione software per servizi sociali - Accurate Reviews","description":"Casebook: recensione software di gestione dei servizi umani basato su cloud che aiuta ad amministrare ispezioni, documentazione, attivit\u00e0 ecc","robots":{"index":"index","follow":"follow","max-snippet":"max-snippet:-1","max-image-preview":"max-image-preview:large","max-video-preview":"max-video-preview:-1"},"canonical":"https:\/\/www.accuratereviews.com\/it\/gestionale-per-servizi-sociali\/casebook-recensione\/","og_locale":"it_IT","og_type":"article","og_title":"Casebook: recensione software per servizi sociali - Accurate Reviews","og_description":"Casebook: recensione software di gestione dei servizi umani basato su cloud che aiuta ad amministrare ispezioni, documentazione, attivit\u00e0 ecc","og_url":"https:\/\/www.accuratereviews.com\/it\/gestionale-per-servizi-sociali\/casebook-recensione\/","og_site_name":"Accurate Reviews","article_modified_time":"2020-10-28T07:51:27+00:00","og_image":[{"width":225,"height":225,"url":"https:\/\/www.accuratereviews.com\/wp-content\/uploads\/2020\/10\/Casebook.png","type":"image\/png"}],"twitter_card":"summary_large_image","twitter_misc":{"Tempo di lettura stimato":"3 minuti"},"schema":{"@context":"https:\/\/schema.org","@graph":[{"@type":"WebPage","@id":"https:\/\/www.accuratereviews.com\/it\/gestionale-per-servizi-sociali\/casebook-recensione\/","url":"https:\/\/www.accuratereviews.com\/it\/gestionale-per-servizi-sociali\/casebook-recensione\/","name":"Casebook: recensione software per servizi sociali - Accurate Reviews","isPartOf":{"@id":"https:\/\/www.accuratereviews.com\/it\/#website"},"primaryImageOfPage":{"@id":"https:\/\/www.accuratereviews.com\/it\/gestionale-per-servizi-sociali\/casebook-recensione\/#primaryimage"},"image":{"@id":"https:\/\/www.accuratereviews.com\/it\/gestionale-per-servizi-sociali\/casebook-recensione\/#primaryimage"},"thumbnailUrl":"https:\/\/www.accuratereviews.com\/wp-content\/uploads\/2020\/10\/Casebook.png","datePublished":"2020-10-19T10:51:23+00:00","dateModified":"2020-10-28T07:51:27+00:00","description":"Casebook: recensione software di gestione dei servizi umani basato su cloud che aiuta ad amministrare ispezioni, documentazione, attivit\u00e0 ecc","breadcrumb":{"@id":"https:\/\/www.accuratereviews.com\/it\/gestionale-per-servizi-sociali\/casebook-recensione\/#breadcrumb"},"inLanguage":"it-IT","potentialAction":[{"@type":"ReadAction","target":["https:\/\/www.accuratereviews.com\/it\/gestionale-per-servizi-sociali\/casebook-recensione\/"]}]},{"@type":"ImageObject","inLanguage":"it-IT","@id":"https:\/\/www.accuratereviews.com\/it\/gestionale-per-servizi-sociali\/casebook-recensione\/#primaryimage","url":"https:\/\/www.accuratereviews.com\/wp-content\/uploads\/2020\/10\/Casebook.png","contentUrl":"https:\/\/www.accuratereviews.com\/wp-content\/uploads\/2020\/10\/Casebook.png","width":225,"height":225},{"@type":"BreadcrumbList","@id":"https:\/\/www.accuratereviews.com\/it\/gestionale-per-servizi-sociali\/casebook-recensione\/#breadcrumb","itemListElement":[{"@type":"ListItem","position":1,"name":"Home","item":"https:\/\/www.accuratereviews.com\/it\/"},{"@type":"ListItem","position":2,"name":"Gestionale per servizi sociali","item":"https:\/\/www.accuratereviews.com\/it\/gestionale-per-servizi-sociali\/"},{"@type":"ListItem","position":3,"name":"Casebook"}]},{"@type":"WebSite","@id":"https:\/\/www.accuratereviews.com\/it\/#website","url":"https:\/\/www.accuratereviews.com\/it\/","name":"Accurate Reviews","description":"","potentialAction":[{"@type":"SearchAction","target":{"@type":"EntryPoint","urlTemplate":"https:\/\/www.accuratereviews.com\/it\/?s={search_term_string}"},"query-input":{"@type":"PropertyValueSpecification","valueRequired":true,"valueName":"search_term_string"}}],"inLanguage":"it-IT"}]}},"_links":{"self":[{"href":"https:\/\/www.accuratereviews.com\/it\/wp-json\/wp\/v2\/pages\/31285","targetHints":{"allow":["GET"]}}],"collection":[{"href":"https:\/\/www.accuratereviews.com\/it\/wp-json\/wp\/v2\/pages"}],"about":[{"href":"https:\/\/www.accuratereviews.com\/it\/wp-json\/wp\/v2\/types\/page"}],"author":[{"embeddable":true,"href":"https:\/\/www.accuratereviews.com\/it\/wp-json\/wp\/v2\/users\/19"}],"replies":[{"embeddable":true,"href":"https:\/\/www.accuratereviews.com\/it\/wp-json\/wp\/v2\/comments?post=31285"}],"version-history":[{"count":10,"href":"https:\/\/www.accuratereviews.com\/it\/wp-json\/wp\/v2\/pages\/31285\/revisions"}],"predecessor-version":[{"id":31541,"href":"https:\/\/www.accuratereviews.com\/it\/wp-json\/wp\/v2\/pages\/31285\/revisions\/31541"}],"up":[{"embeddable":true,"href":"https:\/\/www.accuratereviews.com\/it\/wp-json\/wp\/v2\/pages\/30754"}],"wp:featuredmedia":[{"embeddable":true,"href":"https:\/\/www.accuratereviews.com\/it\/wp-json\/wp\/v2\/media\/31297"}],"wp:attachment":[{"href":"https:\/\/www.accuratereviews.com\/it\/wp-json\/wp\/v2\/media?parent=31285"}],"wp:term":[{"taxonomy":"category","embeddable":true,"href":"https:\/\/www.accuratereviews.com\/it\/wp-json\/wp\/v2\/categories?post=31285"},{"taxonomy":"post_tag","embeddable":true,"href":"https:\/\/www.accuratereviews.com\/it\/wp-json\/wp\/v2\/tags?post=31285"},{"taxonomy":"features","embeddable":true,"href":"https:\/\/www.accuratereviews.com\/it\/wp-json\/wp\/v2\/features?post=31285"}],"curies":[{"name":"wp","href":"https:\/\/api.w.org\/{rel}","templated":true}]}}