{"id":31312,"date":"2020-10-19T10:50:00","date_gmt":"2020-10-19T10:50:00","guid":{"rendered":"https:\/\/www.accuratereviews.com\/?page_id=31312"},"modified":"2020-10-28T07:50:39","modified_gmt":"2020-10-28T07:50:39","slug":"aidhound-recensione","status":"publish","type":"page","link":"https:\/\/www.accuratereviews.com\/it\/gestionale-per-servizi-sociali\/aidhound-recensione\/","title":{"rendered":"AidHound"},"content":{"rendered":"<p><strong>AidHound<\/strong> \u00e8 una<strong> soluzione di gestione dei casi<\/strong>\u00a0basata su <strong>cloud<\/strong> progettata per aiutare le organizzazioni senza scopo di lucro e i comuni a raccogliere dati e analizzarli. Le caratteristiche principali includono la creazione di moduli, il monitoraggio dei progressi, la gestione degli utenti, la messaggistica, l&#8217;etichettatura, l&#8217;archiviazione sicura dei dati e la creazione di rapporti.\u00a0La soluzione consente alle organizzazioni di salvare i moduli di registrazione inviati dai partecipanti, registrare i dettagli e pianificare i follow-up per semplificare la comunicazione. <strong>AidHound<\/strong> aiuta i coordinatori a localizzare i partecipanti utilizzando mappe di calore e funzioni di georeferenziazione e raggrupparli insieme. Gli amministratori possono anche concedere autorizzazioni per l&#8217;accesso agli utenti in base a diversi ruoli o caratteristiche. Il software permette inoltre ai membri del team di visualizzare i dati attraverso indicatori statistici e grafici, che aiutano gli utenti ad analizzare i parametri e tenere traccia dei problemi.<\/p>\n<h2>AIDHOUND &#8211; TUTORIAL<\/h2>\n<p>Guardiamo insieme questo video in cui elencano le funzioni di questo <strong>software gestionale per i servizi sociali<\/strong>:<\/p>\n<p>&nbsp;<\/p>\n<div id=\"fluid-wrapper-counter-1\" class=\"g1-fluid-wrapper \" style=\"width:686px;\">\n<div style=\"padding-bottom:56.268221574344%;\"><iframe loading=\"lazy\" title=\"AidHound Piloto\" width=\"686\" height=\"386\" src=\"https:\/\/www.youtube.com\/embed\/Ut6BaN_5JVM?feature=oembed&amp;wmode=transparent&amp;autohide=1&amp;autoplay=0&amp;disablekb=0&amp;fs=1&amp;loop=0&amp;enablejsapi=1&amp;rel=0&amp;controls=2&amp;showinfo=0&amp;wmode=transparent&amp;autohide=2&amp;autoplay=0&amp;disablekb=0&amp;fs=1&amp;loop=0&amp;enablejsapi=1&amp;rel=0&amp;controls=2&amp;showinfo=1\" frameborder=\"0\" allow=\"accelerometer; autoplay; clipboard-write; encrypted-media; gyroscope; picture-in-picture\" allowfullscreen><\/iframe><\/div>\n<\/div>\n<h3>AIDHOUND &#8211; CARATTERISTICHE<\/h3>\n<ul>\n<li>Pensa ai tuoi obiettivi, di quali dati avresti bisogno di sapere se sei sulla strada giusta. Progetta moduli e aree del profilo per raccogliere dati sui tuoi partecipanti e sulle attivit\u00e0 del tuo staff<\/li>\n<li>Raccogli tutti i dati di cui hai bisogno e traduci informazioni utilizzabili, analizzando attentamente i tuoi progressi e l&#8217;impatto che la tua organizzazione sta avendo<\/li>\n<li>Rivedi i tuoi progressi, trai conclusioni e raccomandazioni concrete che puoi applicare nella tua organizzazione<\/li>\n<li>Registra i tuoi partecipanti (beneficiari o altri stakeholder) e crea il tuo database online. Alimenta i loro profili, registra le attivit\u00e0 o scrivi semplicemente alcune note per gestire il loro caso<\/li>\n<li>Crea modelli di modulo ed effettua assegnazioni in base ai tuoi processi e alle tue esigenze di reporting. Crea e assegna compiti e obiettivi dell&#8217;organizzazione per aumentare la concentrazione e l&#8217;efficienza<\/li>\n<li>Registra le persone che lavorano nella tua organizzazione. Scegli le loro autorizzazioni e imposta potenti filtri per garantire a ciascuno solo l&#8217;accesso alle informazioni necessarie<\/li>\n<li>Isola qualsiasi parametro per visualizzare un grafico o una statistica rapida o confronta pi\u00f9 parametri utilizzando i grafici avanzati su richiesta per tenere traccia di preziose informazioni sui partecipanti e sulle prestazioni della propria organizzazione<\/li>\n<\/ul>\n<h4>LE RECENSIONI DEGLI UTENTI<\/h4>\n<h4>Hugo M&#8221;Fantastico prodotto!&#8221;<\/h4>\n<p><strong>Vantaggi: <\/strong>\u00c8 stato davvero facile e veloce personalizzarlo in base alle nostre esigenze. Gli strumenti di analisi sono estremamente utili nella nostra gestione quotidiana.<\/p>\n<p><strong>Inconvenienti: <\/strong>La mobilit\u00e0 \u00e8 fondamentale per il nostro team e, sebbene AidHound funzioni in modo soddisfacente in un ambiente mobile, sar\u00e0 un ottimo aggiornamento quando rilasceranno l&#8217;app mobile.<\/p>\n<h4 class=\"font-weight-bold mb-1 d-flex align-items-center\">Ruben F.&#8221;Sicuramente la migliore soluzione per un&#8217;organizzazione non profit europea&#8221;<\/h4>\n<p><strong>Commenti: <\/strong>Ci sono volute alcune settimane per implementare completamente AidHound nella nostra organizzazione. Il nostro database precedente era fondamentalmente un foglio Excel e tutte le informazioni dovevano essere importate in diversi moduli di AidHound. Il loro team di supporto \u00e8 stato molto diligente nell&#8217;assicurarsi che saremmo stati in grado di salvare tutte le informazioni nella nuova piattaforma, cosa che abbiamo fatto.<\/p>\n<p><strong>Vantaggi: <\/strong>AidHound in tre parole: versatile, efficiente e veloce! Qualunque cosa di cui avevamo bisogno per tenere registri &#8211; utenti, beneficiari, attivit\u00e0, donatori, &#8230; &#8211; AidHound rende tutto facile da accedere e creare rapporti. In qualit\u00e0 di organizzazione no profit molto specifica che lavora con migranti e rifugiati a Lisbona (Portogallo), stavamo cercando disperatamente un software che fosse in grado di funzionare per noi. Il team di supporto prontamente disponibile di AidHound era sempre pronto ad aiutarci a strutturare i nostri dati e ad implementare eventuali modifiche nel sistema in base alle nostre necessit\u00e0.<\/p>\n<p><strong>Inconvenienti: <\/strong>Siamo molto soddisfatti per aver scelto AidHoud, ma se devo scegliere un&#8217;area in cui possono migliorare \u00e8 la sua interfaccia. Niente di terribile, solo non molto allettante.<\/p>\n<h4 class=\"font-weight-bold mb-1 d-flex align-items-center\">Gabriela F.&#8221;Incredibile servizio personalizzato&#8221;<\/h4>\n<p><strong>Commenti: <\/strong>La nostra esperienza \u00e8 stata fantastica. Aidhound \u00e8 stato completamente personalizzato per adattarsi alla nostra organizzazione e il team \u00e8 stato estremamente professionale nel soddisfare le nostre esigenze e aiutarci a raggiungere le nostre ambizioni future. A differenza di molti altri servizi in Portogallo, il team di Aidhound \u00e8 pronto a rispondere, organizzare riunioni, rispondere alle nostre domande e proporre soluzioni.<\/p>\n<p><strong>Vantaggi: <\/strong>Mi piace che il software sia molto intuitivo. Una volta comprese le diverse parti del tutto, \u00e8 facile navigare. \u00c8 anche molto adattabile alle nostre esigenze, che continuano a cambiare regolarmente.<\/p>\n<p><strong>Inconvenienti: <\/strong>Esistono alcune restrizioni al software, in quanto non possiamo tenere traccia dei nostri KPI completamente. Tuttavia, \u00e8 solo una questione di tempo prima di poterlo fare, poich\u00e9 il team di Aidhound ci assicura che stanno lavorando allo sviluppo del software in modo che potremmo usare tutto ci\u00f2 di cui abbiamo bisogno!<\/p>\n<div class=\"ml-4 pl-4 border-left border-left__dotted i18n-translation_vendor_container\" data-translation-id=\"2298380\" data-translation-vendor-target=\"original\">\n<div class=\"d-flex flex-wrap flex-md-nowrap align-items-center\">\n<h4 class=\"h5 font-weight-bold\"><\/h4>\n<\/div>\n<\/div>\n","protected":false},"excerpt":{"rendered":"<p>AidHound \u00e8 una soluzione di gestione dei casi\u00a0basata su cloud progettata per aiutare le organizzazioni senza scopo di lucro e i comuni a raccogliere dati e analizzarli. Le caratteristiche principali includono la creazione di moduli, il monitoraggio dei progressi, la gestione degli utenti, la messaggistica, l&#8217;etichettatura, l&#8217;archiviazione sicura dei dati e la creazione di rapporti.\u00a0<\/p>\n","protected":false},"author":19,"featured_media":31317,"parent":30754,"menu_order":0,"comment_status":"open","ping_status":"closed","template":"g1_template_page_review_new.php","meta":{"_acf_changed":false,"cwp_meta_box_check":"Yes","cwp_rev_product_name":"","cwp_rev_product_image":"","wppr_links":[],"cwp_rev_price":"","wppr_options":[],"wppr_pros":[],"wppr_cons":[],"_monsterinsights_skip_tracking":false,"_monsterinsights_sitenote_active":false,"_monsterinsights_sitenote_note":"","_monsterinsights_sitenote_category":0,"footnotes":""},"categories":[3774],"tags":[3948,396,3949,3776,3790,3789,3787,3788],"features":[],"class_list":{"0":"post-31312","1":"page","2":"type-page","3":"status-publish","4":"has-post-thumbnail","6":"category-gestionale-per-servizi-sociali","7":"tag-aidhound","8":"tag-cloud","9":"tag-gestionale-per-i-casi","10":"tag-gestionale-per-servizi-sociali","11":"tag-piattaforma-per-servizi-sociali","12":"tag-programma-per-servizi-sociali","13":"tag-software-per-servizi-sociali","14":"tag-soluzione-per-servizi-sociali"},"wppr_data":{"cwp_meta_box_check":"Yes","cwp_rev_product_name":"","cwp_rev_product_image":"","cwp_image_link":"image","cwp_rev_price":"","wppr_rating":"0.00"},"acf":[],"yoast_head":"<!-- This site is optimized with the Yoast SEO plugin v27.4 - https:\/\/yoast.com\/product\/yoast-seo-wordpress\/ -->\n<title>AidHound: recensione software per servizi sociali - Accurate Reviews<\/title>\n<meta name=\"description\" content=\"AidHound: recensione soluzione dei casi\u00a0basata su cloud progettata per aiutare le fondazioni no profit e i comuni a raccogliere dati.\" \/>\n<meta name=\"robots\" content=\"index, follow, max-snippet:-1, max-image-preview:large, max-video-preview:-1\" \/>\n<link rel=\"canonical\" href=\"https:\/\/www.accuratereviews.com\/it\/gestionale-per-servizi-sociali\/aidhound-recensione\/\" \/>\n<meta property=\"og:locale\" content=\"it_IT\" \/>\n<meta property=\"og:type\" content=\"article\" \/>\n<meta property=\"og:title\" content=\"AidHound: recensione software per servizi sociali - Accurate Reviews\" \/>\n<meta property=\"og:description\" content=\"AidHound: recensione soluzione dei casi\u00a0basata su cloud progettata per aiutare le fondazioni no profit e i comuni a raccogliere dati.\" \/>\n<meta property=\"og:url\" content=\"https:\/\/www.accuratereviews.com\/it\/gestionale-per-servizi-sociali\/aidhound-recensione\/\" \/>\n<meta property=\"og:site_name\" content=\"Accurate Reviews\" \/>\n<meta property=\"article:modified_time\" content=\"2020-10-28T07:50:39+00:00\" \/>\n<meta property=\"og:image\" content=\"https:\/\/www.accuratereviews.com\/wp-content\/uploads\/2020\/10\/aidhound.jpg\" \/>\n\t<meta property=\"og:image:width\" content=\"400\" \/>\n\t<meta property=\"og:image:height\" content=\"300\" \/>\n\t<meta property=\"og:image:type\" content=\"image\/jpeg\" \/>\n<meta name=\"twitter:card\" content=\"summary_large_image\" \/>\n<meta name=\"twitter:label1\" content=\"Tempo di lettura stimato\" \/>\n\t<meta name=\"twitter:data1\" content=\"4 minuti\" \/>\n<script type=\"application\/ld+json\" class=\"yoast-schema-graph\">{\"@context\":\"https:\\\/\\\/schema.org\",\"@graph\":[{\"@type\":\"WebPage\",\"@id\":\"https:\\\/\\\/www.accuratereviews.com\\\/it\\\/gestionale-per-servizi-sociali\\\/aidhound-recensione\\\/\",\"url\":\"https:\\\/\\\/www.accuratereviews.com\\\/it\\\/gestionale-per-servizi-sociali\\\/aidhound-recensione\\\/\",\"name\":\"AidHound: recensione software per servizi sociali - Accurate Reviews\",\"isPartOf\":{\"@id\":\"https:\\\/\\\/www.accuratereviews.com\\\/it\\\/#website\"},\"primaryImageOfPage\":{\"@id\":\"https:\\\/\\\/www.accuratereviews.com\\\/it\\\/gestionale-per-servizi-sociali\\\/aidhound-recensione\\\/#primaryimage\"},\"image\":{\"@id\":\"https:\\\/\\\/www.accuratereviews.com\\\/it\\\/gestionale-per-servizi-sociali\\\/aidhound-recensione\\\/#primaryimage\"},\"thumbnailUrl\":\"https:\\\/\\\/www.accuratereviews.com\\\/wp-content\\\/uploads\\\/2020\\\/10\\\/aidhound.jpg\",\"datePublished\":\"2020-10-19T10:50:00+00:00\",\"dateModified\":\"2020-10-28T07:50:39+00:00\",\"description\":\"AidHound: recensione soluzione dei casi\u00a0basata su cloud progettata per aiutare le fondazioni no profit e i comuni a raccogliere dati.\",\"breadcrumb\":{\"@id\":\"https:\\\/\\\/www.accuratereviews.com\\\/it\\\/gestionale-per-servizi-sociali\\\/aidhound-recensione\\\/#breadcrumb\"},\"inLanguage\":\"it-IT\",\"potentialAction\":[{\"@type\":\"ReadAction\",\"target\":[\"https:\\\/\\\/www.accuratereviews.com\\\/it\\\/gestionale-per-servizi-sociali\\\/aidhound-recensione\\\/\"]}]},{\"@type\":\"ImageObject\",\"inLanguage\":\"it-IT\",\"@id\":\"https:\\\/\\\/www.accuratereviews.com\\\/it\\\/gestionale-per-servizi-sociali\\\/aidhound-recensione\\\/#primaryimage\",\"url\":\"https:\\\/\\\/www.accuratereviews.com\\\/wp-content\\\/uploads\\\/2020\\\/10\\\/aidhound.jpg\",\"contentUrl\":\"https:\\\/\\\/www.accuratereviews.com\\\/wp-content\\\/uploads\\\/2020\\\/10\\\/aidhound.jpg\",\"width\":400,\"height\":300},{\"@type\":\"BreadcrumbList\",\"@id\":\"https:\\\/\\\/www.accuratereviews.com\\\/it\\\/gestionale-per-servizi-sociali\\\/aidhound-recensione\\\/#breadcrumb\",\"itemListElement\":[{\"@type\":\"ListItem\",\"position\":1,\"name\":\"Home\",\"item\":\"https:\\\/\\\/www.accuratereviews.com\\\/it\\\/\"},{\"@type\":\"ListItem\",\"position\":2,\"name\":\"Gestionale per servizi sociali\",\"item\":\"https:\\\/\\\/www.accuratereviews.com\\\/it\\\/gestionale-per-servizi-sociali\\\/\"},{\"@type\":\"ListItem\",\"position\":3,\"name\":\"AidHound\"}]},{\"@type\":\"WebSite\",\"@id\":\"https:\\\/\\\/www.accuratereviews.com\\\/it\\\/#website\",\"url\":\"https:\\\/\\\/www.accuratereviews.com\\\/it\\\/\",\"name\":\"Accurate Reviews\",\"description\":\"\",\"potentialAction\":[{\"@type\":\"SearchAction\",\"target\":{\"@type\":\"EntryPoint\",\"urlTemplate\":\"https:\\\/\\\/www.accuratereviews.com\\\/it\\\/?s={search_term_string}\"},\"query-input\":{\"@type\":\"PropertyValueSpecification\",\"valueRequired\":true,\"valueName\":\"search_term_string\"}}],\"inLanguage\":\"it-IT\"}]}<\/script>\n<!-- \/ Yoast SEO plugin. -->","yoast_head_json":{"title":"AidHound: recensione software per servizi sociali - Accurate Reviews","description":"AidHound: recensione soluzione dei casi\u00a0basata su cloud progettata per aiutare le fondazioni no profit e i comuni a raccogliere dati.","robots":{"index":"index","follow":"follow","max-snippet":"max-snippet:-1","max-image-preview":"max-image-preview:large","max-video-preview":"max-video-preview:-1"},"canonical":"https:\/\/www.accuratereviews.com\/it\/gestionale-per-servizi-sociali\/aidhound-recensione\/","og_locale":"it_IT","og_type":"article","og_title":"AidHound: recensione software per servizi sociali - Accurate Reviews","og_description":"AidHound: recensione soluzione dei casi\u00a0basata su cloud progettata per aiutare le fondazioni no profit e i comuni a raccogliere dati.","og_url":"https:\/\/www.accuratereviews.com\/it\/gestionale-per-servizi-sociali\/aidhound-recensione\/","og_site_name":"Accurate Reviews","article_modified_time":"2020-10-28T07:50:39+00:00","og_image":[{"width":400,"height":300,"url":"https:\/\/www.accuratereviews.com\/wp-content\/uploads\/2020\/10\/aidhound.jpg","type":"image\/jpeg"}],"twitter_card":"summary_large_image","twitter_misc":{"Tempo di lettura stimato":"4 minuti"},"schema":{"@context":"https:\/\/schema.org","@graph":[{"@type":"WebPage","@id":"https:\/\/www.accuratereviews.com\/it\/gestionale-per-servizi-sociali\/aidhound-recensione\/","url":"https:\/\/www.accuratereviews.com\/it\/gestionale-per-servizi-sociali\/aidhound-recensione\/","name":"AidHound: recensione software per servizi sociali - Accurate Reviews","isPartOf":{"@id":"https:\/\/www.accuratereviews.com\/it\/#website"},"primaryImageOfPage":{"@id":"https:\/\/www.accuratereviews.com\/it\/gestionale-per-servizi-sociali\/aidhound-recensione\/#primaryimage"},"image":{"@id":"https:\/\/www.accuratereviews.com\/it\/gestionale-per-servizi-sociali\/aidhound-recensione\/#primaryimage"},"thumbnailUrl":"https:\/\/www.accuratereviews.com\/wp-content\/uploads\/2020\/10\/aidhound.jpg","datePublished":"2020-10-19T10:50:00+00:00","dateModified":"2020-10-28T07:50:39+00:00","description":"AidHound: recensione soluzione dei casi\u00a0basata su cloud progettata per aiutare le fondazioni no profit e i comuni a raccogliere dati.","breadcrumb":{"@id":"https:\/\/www.accuratereviews.com\/it\/gestionale-per-servizi-sociali\/aidhound-recensione\/#breadcrumb"},"inLanguage":"it-IT","potentialAction":[{"@type":"ReadAction","target":["https:\/\/www.accuratereviews.com\/it\/gestionale-per-servizi-sociali\/aidhound-recensione\/"]}]},{"@type":"ImageObject","inLanguage":"it-IT","@id":"https:\/\/www.accuratereviews.com\/it\/gestionale-per-servizi-sociali\/aidhound-recensione\/#primaryimage","url":"https:\/\/www.accuratereviews.com\/wp-content\/uploads\/2020\/10\/aidhound.jpg","contentUrl":"https:\/\/www.accuratereviews.com\/wp-content\/uploads\/2020\/10\/aidhound.jpg","width":400,"height":300},{"@type":"BreadcrumbList","@id":"https:\/\/www.accuratereviews.com\/it\/gestionale-per-servizi-sociali\/aidhound-recensione\/#breadcrumb","itemListElement":[{"@type":"ListItem","position":1,"name":"Home","item":"https:\/\/www.accuratereviews.com\/it\/"},{"@type":"ListItem","position":2,"name":"Gestionale per servizi sociali","item":"https:\/\/www.accuratereviews.com\/it\/gestionale-per-servizi-sociali\/"},{"@type":"ListItem","position":3,"name":"AidHound"}]},{"@type":"WebSite","@id":"https:\/\/www.accuratereviews.com\/it\/#website","url":"https:\/\/www.accuratereviews.com\/it\/","name":"Accurate Reviews","description":"","potentialAction":[{"@type":"SearchAction","target":{"@type":"EntryPoint","urlTemplate":"https:\/\/www.accuratereviews.com\/it\/?s={search_term_string}"},"query-input":{"@type":"PropertyValueSpecification","valueRequired":true,"valueName":"search_term_string"}}],"inLanguage":"it-IT"}]}},"_links":{"self":[{"href":"https:\/\/www.accuratereviews.com\/it\/wp-json\/wp\/v2\/pages\/31312","targetHints":{"allow":["GET"]}}],"collection":[{"href":"https:\/\/www.accuratereviews.com\/it\/wp-json\/wp\/v2\/pages"}],"about":[{"href":"https:\/\/www.accuratereviews.com\/it\/wp-json\/wp\/v2\/types\/page"}],"author":[{"embeddable":true,"href":"https:\/\/www.accuratereviews.com\/it\/wp-json\/wp\/v2\/users\/19"}],"replies":[{"embeddable":true,"href":"https:\/\/www.accuratereviews.com\/it\/wp-json\/wp\/v2\/comments?post=31312"}],"version-history":[{"count":7,"href":"https:\/\/www.accuratereviews.com\/it\/wp-json\/wp\/v2\/pages\/31312\/revisions"}],"predecessor-version":[{"id":31326,"href":"https:\/\/www.accuratereviews.com\/it\/wp-json\/wp\/v2\/pages\/31312\/revisions\/31326"}],"up":[{"embeddable":true,"href":"https:\/\/www.accuratereviews.com\/it\/wp-json\/wp\/v2\/pages\/30754"}],"wp:featuredmedia":[{"embeddable":true,"href":"https:\/\/www.accuratereviews.com\/it\/wp-json\/wp\/v2\/media\/31317"}],"wp:attachment":[{"href":"https:\/\/www.accuratereviews.com\/it\/wp-json\/wp\/v2\/media?parent=31312"}],"wp:term":[{"taxonomy":"category","embeddable":true,"href":"https:\/\/www.accuratereviews.com\/it\/wp-json\/wp\/v2\/categories?post=31312"},{"taxonomy":"post_tag","embeddable":true,"href":"https:\/\/www.accuratereviews.com\/it\/wp-json\/wp\/v2\/tags?post=31312"},{"taxonomy":"features","embeddable":true,"href":"https:\/\/www.accuratereviews.com\/it\/wp-json\/wp\/v2\/features?post=31312"}],"curies":[{"name":"wp","href":"https:\/\/api.w.org\/{rel}","templated":true}]}}