{"id":31332,"date":"2020-10-20T10:21:19","date_gmt":"2020-10-20T10:21:19","guid":{"rendered":"https:\/\/www.accuratereviews.com\/?page_id=31332"},"modified":"2020-10-20T10:21:19","modified_gmt":"2020-10-20T10:21:19","slug":"resman-recensione","status":"publish","type":"page","link":"https:\/\/www.accuratereviews.com\/it\/gestionali-immobiliare-lista-software\/resman-recensione\/","title":{"rendered":"ResMan"},"content":{"rendered":"<p><strong>ResMan<\/strong> \u00e8 una soluzione flessibile per la <strong>gestione della propriet\u00e0<\/strong> residenziale progettata per semplificare, automatizzare e innovare i processi e le attivit\u00e0 chiave coinvolti nella gestione di attivit\u00e0 immobiliari multifamiliari. Con questo software, i proprietari di immobili residenziali e i team potranno godere di un&#8217;esperienza semplificata per accedere a tutti i dati di cui hanno bisogno in modo che possano diventare pi\u00f9 efficienti, ottenere migliori intuizioni e decisioni strategiche e utilizzare integrazioni flessibili che ti faranno amare il software. <strong>ResMan<\/strong> dispone di funzionalit\u00e0 di contabilit\u00e0 che automatizzano la gestione della contabilit\u00e0 clienti, fornitori e contabilit\u00e0 generale. Gli utenti possono anche generare report che aiutano gli investitori a valutare le prestazioni finanziarie. \u00c8 possibile impostare notifiche automatiche in modo che i residenti siano avvisati delle attivit\u00e0 di manutenzione e il personale possa risparmiare tempo.<\/p>\n<h2>RESMAN &#8211; TUTORIAL<\/h2>\n<p>Automatizza le tue attivit\u00e0 quotidiane e complete in soli 3 clic. Realizza l&#8217;80% delle cose da fare pi\u00f9 importanti su un&#8217;unica schermata utilizzando questo <strong>software gestionale immobiliare<\/strong>:<\/p>\n<div id=\"fluid-wrapper-counter-1\" class=\"g1-fluid-wrapper \" style=\"width:686px;\">\n<div style=\"padding-bottom:56.268221574344%;\"><iframe loading=\"lazy\" title=\"Top 7 Easiest Tasks Using ResMan&#039;s 3-Click Innovation\" width=\"686\" height=\"386\" src=\"https:\/\/www.youtube.com\/embed\/G54u3OvaN4A?feature=oembed&amp;wmode=transparent&amp;autohide=1&amp;autoplay=0&amp;disablekb=0&amp;fs=1&amp;loop=0&amp;enablejsapi=1&amp;rel=0&amp;controls=2&amp;showinfo=0&amp;wmode=transparent&amp;autohide=2&amp;autoplay=0&amp;disablekb=0&amp;fs=1&amp;loop=0&amp;enablejsapi=1&amp;rel=0&amp;controls=2&amp;showinfo=1\" frameborder=\"0\" allow=\"accelerometer; autoplay; clipboard-write; encrypted-media; gyroscope; picture-in-picture\" allowfullscreen><\/iframe><\/div>\n<\/div>\n<h3>RESMAN &#8211; CARATTERISTICHE<\/h3>\n<ul>\n<li><strong>Contabilit\u00e0<\/strong>: assumi il controllo della contabilit\u00e0 con una soluzione unica che offre efficienza e accuratezza senza pari. La soluzione completa ti consente di dedicare meno tempo alla contabilit\u00e0 e pi\u00f9 tempo alla tua attivit\u00e0<\/li>\n<li><strong>Budgeting<\/strong>: trasforma il modo in cui sviluppi e utilizzi i dati finanziari chiave. Potenzia il tuo team con una soluzione di previsione e budget personalizzata che ti aiuta a raggiungere gli obiettivi previsti con una facilit\u00e0 senza precedenti<\/li>\n<li><strong>Manutenzione<\/strong>: semplifica le tue operazioni e la manutenzione, aumentando il valore della tua propriet\u00e0 e migliorando la soddisfazione dei residenti<\/li>\n<li><strong>Segnalazione<\/strong>: consenti ai tuoi team di fornire informazioni affidabili che rendono ogni momento una svolta aziendale. Dalla propriet\u00e0 al portafoglio e dalle informazioni dettagliate alla conformit\u00e0, ottieni la trasparenza di cui hai bisogno<\/li>\n<li><strong>Archiviazione documenti illimitata<\/strong>: archivia documenti e informazioni in modo sicuro online, crea e invia pacchetti di documenti e non preoccuparti di pagare di pi\u00f9 per l&#8217;archiviazione<\/li>\n<\/ul>\n<h4>LE RECENSIONI DEGLI UTENTI<\/h4>\n<h4 class=\"font-weight-bold mb-1 d-flex align-items-center\">Becky O.&#8221;Facile, conveniente&#8221;<\/h4>\n<p><strong>Vantaggi: <\/strong>Mi piace poter avere una panoramica facile del mio intero portfolio. La dashboard \u00e8 utile, i report sono ottimi e il software \u00e8 molto intuitivo. C&#8217;\u00e8 un flusso facile tra i prodotti e tutto \u00e8 incluso nel prezzo mensile.<\/p>\n<p><strong>Inconvenienti: <\/strong>Vorrei rapporti migliori per le unit\u00e0 escluse<\/p>\n<h4 class=\"font-weight-bold mb-1 d-flex align-items-center\">Kate A.&#8221;Efficiente, efficace e facile da usare&#8221;<\/h4>\n<p><strong>Commenti: <\/strong>La mia esperienza con Res Man \u00e8 stata fantastica! Uso il software da circa 4 anni, \u00e8 stato molto intuitivo e utile.<\/p>\n<p><strong>Vantaggi: <\/strong>Res Man offre funzioni user friendly che fanno sentire anche l&#8217;utente pi\u00f9 inesperto un professionista. Adoro quanto sia facile navigare con il sistema. Ho apprezzato anche le molteplici opzioni di integrazione con altri fornitori e partner per espandere l&#8217;uso multilivello della piattaforma.<\/p>\n<p><strong>Inconvenienti: <\/strong>Non sono un grande fan del layout dei rapporti. Mi piace l&#8217;aspetto nei rapporti che ti collegano a Res Man per fare ricerche se necessario. Ma la ricerca sui rapporti non \u00e8 amichevole per gli occhi ed \u00e8 molto facile trascurare qualcosa di cui hai bisogno rapidamente quando hai fretta.<\/p>\n<h4 class=\"font-weight-bold mb-1 d-flex align-items-center\">Mollie N.&#8221;Software di gestione leader&#8221;<\/h4>\n<p><strong>Commenti: <\/strong>Dall&#8217;implementazione iniziale della mia prima propriet\u00e0 7 anni fa, alla mia pi\u00f9 recente, ResMan lavora a fianco fianco a me \u00a0e al mio team, mantenendo tutti in pista per garantire che la propriet\u00e0 sia configurata correttamente. Apprezziamo veramente questo software e lo consigliamo vivamente ad altre societ\u00e0 di gestione.<\/p>\n<p><strong>Vantaggi: <\/strong>Avendo lavorato con altri software, come Yardi e OneSite, sono fermamente convinto che il miglior software per l&#8217;industria plurifamiliare sia ResMan! ResMan \u00e8 estremamente intuitivo, facile da navigare e il flusso ha un senso! I rendiconti finanziari sono eccellenti e soddisfano le esigenze dei miei proprietari.<\/p>\n<p><strong>Inconvenienti: <\/strong>Nel complesso, la mia esperienza \u00e8 stata molto positiva e non riesco a pensare a un aspetto negativo.<\/p>\n","protected":false},"excerpt":{"rendered":"<p>ResMan \u00e8 una soluzione flessibile per la gestione della propriet\u00e0 residenziale progettata per semplificare, automatizzare e innovare i processi e le attivit\u00e0 chiave coinvolti nella gestione di attivit\u00e0 immobiliari multifamiliari. Con questo software, i proprietari di immobili residenziali e i team potranno godere di un&#8217;esperienza semplificata per accedere a tutti i dati di cui hanno bisogno in modo che possano diventare pi\u00f9 efficienti e ottenere migliori intuizioni e decisioni strategiche, e utilizzare integrazioni flessibili che ti faranno amare il software .\u00a0<\/p>\n","protected":false},"author":19,"featured_media":31340,"parent":31329,"menu_order":0,"comment_status":"open","ping_status":"closed","template":"g1_template_page_review_new.php","meta":{"_acf_changed":false,"cwp_meta_box_check":"Yes","cwp_rev_product_name":"","cwp_rev_product_image":"","wppr_links":[],"cwp_rev_price":"","wppr_options":[],"wppr_pros":[],"wppr_cons":[],"_monsterinsights_skip_tracking":false,"_monsterinsights_sitenote_active":false,"_monsterinsights_sitenote_note":"","_monsterinsights_sitenote_category":0,"footnotes":""},"categories":[3950],"tags":[3953,3955,3954,3956,3951,3952],"features":[],"class_list":{"0":"post-31332","1":"page","2":"type-page","3":"status-publish","4":"has-post-thumbnail","6":"category-gestionale-immobiliare-categoria","7":"tag-gestionale-immobiliare","8":"tag-piattaforma-gestionale-immobiliare","9":"tag-programma-gestionale-immobiliare","10":"tag-resman","11":"tag-software-gestionale-immobiliare","12":"tag-soluzione-gestionale-immobiliare"},"wppr_data":{"cwp_meta_box_check":"Yes","cwp_rev_product_name":"","cwp_rev_product_image":"","cwp_image_link":"image","cwp_rev_price":"","wppr_rating":"0.00"},"acf":[],"yoast_head":"<!-- This site is optimized with the Yoast SEO plugin v27.4 - https:\/\/yoast.com\/product\/yoast-seo-wordpress\/ -->\n<title>ResMan: recensione software gestionale immobiliare - Accurate Reviews<\/title>\n<meta name=\"description\" content=\"ResMan: recensione soluzione flessibile per la gestione della propriet\u00e0 residenziale per semplificare, automatizzare e innovare i processi.\" \/>\n<meta name=\"robots\" content=\"index, follow, max-snippet:-1, max-image-preview:large, max-video-preview:-1\" \/>\n<link rel=\"canonical\" href=\"https:\/\/www.accuratereviews.com\/it\/gestionali-immobiliare-lista-software\/resman-recensione\/\" \/>\n<meta property=\"og:locale\" content=\"it_IT\" \/>\n<meta property=\"og:type\" content=\"article\" \/>\n<meta property=\"og:title\" content=\"ResMan: recensione software gestionale immobiliare - Accurate Reviews\" \/>\n<meta property=\"og:description\" content=\"ResMan: recensione soluzione flessibile per la gestione della propriet\u00e0 residenziale per semplificare, automatizzare e innovare i processi.\" \/>\n<meta property=\"og:url\" content=\"https:\/\/www.accuratereviews.com\/it\/gestionali-immobiliare-lista-software\/resman-recensione\/\" \/>\n<meta property=\"og:site_name\" content=\"Accurate Reviews\" \/>\n<meta property=\"og:image\" content=\"https:\/\/www.accuratereviews.com\/wp-content\/uploads\/2020\/10\/resman-srl.jpg\" \/>\n\t<meta property=\"og:image:width\" content=\"300\" \/>\n\t<meta property=\"og:image:height\" content=\"300\" \/>\n\t<meta property=\"og:image:type\" content=\"image\/jpeg\" \/>\n<meta name=\"twitter:card\" content=\"summary_large_image\" \/>\n<meta name=\"twitter:label1\" content=\"Tempo di lettura stimato\" \/>\n\t<meta name=\"twitter:data1\" content=\"3 minuti\" \/>\n<script type=\"application\/ld+json\" class=\"yoast-schema-graph\">{\"@context\":\"https:\\\/\\\/schema.org\",\"@graph\":[{\"@type\":\"WebPage\",\"@id\":\"https:\\\/\\\/www.accuratereviews.com\\\/it\\\/gestionali-immobiliare-lista-software\\\/resman-recensione\\\/\",\"url\":\"https:\\\/\\\/www.accuratereviews.com\\\/it\\\/gestionali-immobiliare-lista-software\\\/resman-recensione\\\/\",\"name\":\"ResMan: recensione software gestionale immobiliare - Accurate Reviews\",\"isPartOf\":{\"@id\":\"https:\\\/\\\/www.accuratereviews.com\\\/it\\\/#website\"},\"primaryImageOfPage\":{\"@id\":\"https:\\\/\\\/www.accuratereviews.com\\\/it\\\/gestionali-immobiliare-lista-software\\\/resman-recensione\\\/#primaryimage\"},\"image\":{\"@id\":\"https:\\\/\\\/www.accuratereviews.com\\\/it\\\/gestionali-immobiliare-lista-software\\\/resman-recensione\\\/#primaryimage\"},\"thumbnailUrl\":\"https:\\\/\\\/www.accuratereviews.com\\\/wp-content\\\/uploads\\\/2020\\\/10\\\/resman-srl.jpg\",\"datePublished\":\"2020-10-20T10:21:19+00:00\",\"description\":\"ResMan: recensione soluzione flessibile per la gestione della propriet\u00e0 residenziale per semplificare, automatizzare e innovare i processi.\",\"breadcrumb\":{\"@id\":\"https:\\\/\\\/www.accuratereviews.com\\\/it\\\/gestionali-immobiliare-lista-software\\\/resman-recensione\\\/#breadcrumb\"},\"inLanguage\":\"it-IT\",\"potentialAction\":[{\"@type\":\"ReadAction\",\"target\":[\"https:\\\/\\\/www.accuratereviews.com\\\/it\\\/gestionali-immobiliare-lista-software\\\/resman-recensione\\\/\"]}]},{\"@type\":\"ImageObject\",\"inLanguage\":\"it-IT\",\"@id\":\"https:\\\/\\\/www.accuratereviews.com\\\/it\\\/gestionali-immobiliare-lista-software\\\/resman-recensione\\\/#primaryimage\",\"url\":\"https:\\\/\\\/www.accuratereviews.com\\\/wp-content\\\/uploads\\\/2020\\\/10\\\/resman-srl.jpg\",\"contentUrl\":\"https:\\\/\\\/www.accuratereviews.com\\\/wp-content\\\/uploads\\\/2020\\\/10\\\/resman-srl.jpg\",\"width\":300,\"height\":300},{\"@type\":\"BreadcrumbList\",\"@id\":\"https:\\\/\\\/www.accuratereviews.com\\\/it\\\/gestionali-immobiliare-lista-software\\\/resman-recensione\\\/#breadcrumb\",\"itemListElement\":[{\"@type\":\"ListItem\",\"position\":1,\"name\":\"Home\",\"item\":\"https:\\\/\\\/www.accuratereviews.com\\\/it\\\/\"},{\"@type\":\"ListItem\",\"position\":2,\"name\":\"Gestionali immobiliari\",\"item\":\"https:\\\/\\\/www.accuratereviews.com\\\/it\\\/gestionali-immobiliare-lista-software\\\/\"},{\"@type\":\"ListItem\",\"position\":3,\"name\":\"ResMan\"}]},{\"@type\":\"WebSite\",\"@id\":\"https:\\\/\\\/www.accuratereviews.com\\\/it\\\/#website\",\"url\":\"https:\\\/\\\/www.accuratereviews.com\\\/it\\\/\",\"name\":\"Accurate Reviews\",\"description\":\"\",\"potentialAction\":[{\"@type\":\"SearchAction\",\"target\":{\"@type\":\"EntryPoint\",\"urlTemplate\":\"https:\\\/\\\/www.accuratereviews.com\\\/it\\\/?s={search_term_string}\"},\"query-input\":{\"@type\":\"PropertyValueSpecification\",\"valueRequired\":true,\"valueName\":\"search_term_string\"}}],\"inLanguage\":\"it-IT\"}]}<\/script>\n<!-- \/ Yoast SEO plugin. -->","yoast_head_json":{"title":"ResMan: recensione software gestionale immobiliare - Accurate Reviews","description":"ResMan: recensione soluzione flessibile per la gestione della propriet\u00e0 residenziale per semplificare, automatizzare e innovare i processi.","robots":{"index":"index","follow":"follow","max-snippet":"max-snippet:-1","max-image-preview":"max-image-preview:large","max-video-preview":"max-video-preview:-1"},"canonical":"https:\/\/www.accuratereviews.com\/it\/gestionali-immobiliare-lista-software\/resman-recensione\/","og_locale":"it_IT","og_type":"article","og_title":"ResMan: recensione software gestionale immobiliare - Accurate Reviews","og_description":"ResMan: recensione soluzione flessibile per la gestione della propriet\u00e0 residenziale per semplificare, automatizzare e innovare i processi.","og_url":"https:\/\/www.accuratereviews.com\/it\/gestionali-immobiliare-lista-software\/resman-recensione\/","og_site_name":"Accurate Reviews","og_image":[{"width":300,"height":300,"url":"https:\/\/www.accuratereviews.com\/wp-content\/uploads\/2020\/10\/resman-srl.jpg","type":"image\/jpeg"}],"twitter_card":"summary_large_image","twitter_misc":{"Tempo di lettura stimato":"3 minuti"},"schema":{"@context":"https:\/\/schema.org","@graph":[{"@type":"WebPage","@id":"https:\/\/www.accuratereviews.com\/it\/gestionali-immobiliare-lista-software\/resman-recensione\/","url":"https:\/\/www.accuratereviews.com\/it\/gestionali-immobiliare-lista-software\/resman-recensione\/","name":"ResMan: recensione software gestionale immobiliare - Accurate Reviews","isPartOf":{"@id":"https:\/\/www.accuratereviews.com\/it\/#website"},"primaryImageOfPage":{"@id":"https:\/\/www.accuratereviews.com\/it\/gestionali-immobiliare-lista-software\/resman-recensione\/#primaryimage"},"image":{"@id":"https:\/\/www.accuratereviews.com\/it\/gestionali-immobiliare-lista-software\/resman-recensione\/#primaryimage"},"thumbnailUrl":"https:\/\/www.accuratereviews.com\/wp-content\/uploads\/2020\/10\/resman-srl.jpg","datePublished":"2020-10-20T10:21:19+00:00","description":"ResMan: recensione soluzione flessibile per la gestione della propriet\u00e0 residenziale per semplificare, automatizzare e innovare i processi.","breadcrumb":{"@id":"https:\/\/www.accuratereviews.com\/it\/gestionali-immobiliare-lista-software\/resman-recensione\/#breadcrumb"},"inLanguage":"it-IT","potentialAction":[{"@type":"ReadAction","target":["https:\/\/www.accuratereviews.com\/it\/gestionali-immobiliare-lista-software\/resman-recensione\/"]}]},{"@type":"ImageObject","inLanguage":"it-IT","@id":"https:\/\/www.accuratereviews.com\/it\/gestionali-immobiliare-lista-software\/resman-recensione\/#primaryimage","url":"https:\/\/www.accuratereviews.com\/wp-content\/uploads\/2020\/10\/resman-srl.jpg","contentUrl":"https:\/\/www.accuratereviews.com\/wp-content\/uploads\/2020\/10\/resman-srl.jpg","width":300,"height":300},{"@type":"BreadcrumbList","@id":"https:\/\/www.accuratereviews.com\/it\/gestionali-immobiliare-lista-software\/resman-recensione\/#breadcrumb","itemListElement":[{"@type":"ListItem","position":1,"name":"Home","item":"https:\/\/www.accuratereviews.com\/it\/"},{"@type":"ListItem","position":2,"name":"Gestionali immobiliari","item":"https:\/\/www.accuratereviews.com\/it\/gestionali-immobiliare-lista-software\/"},{"@type":"ListItem","position":3,"name":"ResMan"}]},{"@type":"WebSite","@id":"https:\/\/www.accuratereviews.com\/it\/#website","url":"https:\/\/www.accuratereviews.com\/it\/","name":"Accurate Reviews","description":"","potentialAction":[{"@type":"SearchAction","target":{"@type":"EntryPoint","urlTemplate":"https:\/\/www.accuratereviews.com\/it\/?s={search_term_string}"},"query-input":{"@type":"PropertyValueSpecification","valueRequired":true,"valueName":"search_term_string"}}],"inLanguage":"it-IT"}]}},"_links":{"self":[{"href":"https:\/\/www.accuratereviews.com\/it\/wp-json\/wp\/v2\/pages\/31332","targetHints":{"allow":["GET"]}}],"collection":[{"href":"https:\/\/www.accuratereviews.com\/it\/wp-json\/wp\/v2\/pages"}],"about":[{"href":"https:\/\/www.accuratereviews.com\/it\/wp-json\/wp\/v2\/types\/page"}],"author":[{"embeddable":true,"href":"https:\/\/www.accuratereviews.com\/it\/wp-json\/wp\/v2\/users\/19"}],"replies":[{"embeddable":true,"href":"https:\/\/www.accuratereviews.com\/it\/wp-json\/wp\/v2\/comments?post=31332"}],"version-history":[{"count":12,"href":"https:\/\/www.accuratereviews.com\/it\/wp-json\/wp\/v2\/pages\/31332\/revisions"}],"predecessor-version":[{"id":31364,"href":"https:\/\/www.accuratereviews.com\/it\/wp-json\/wp\/v2\/pages\/31332\/revisions\/31364"}],"up":[{"embeddable":true,"href":"https:\/\/www.accuratereviews.com\/it\/wp-json\/wp\/v2\/pages\/31329"}],"wp:featuredmedia":[{"embeddable":true,"href":"https:\/\/www.accuratereviews.com\/it\/wp-json\/wp\/v2\/media\/31340"}],"wp:attachment":[{"href":"https:\/\/www.accuratereviews.com\/it\/wp-json\/wp\/v2\/media?parent=31332"}],"wp:term":[{"taxonomy":"category","embeddable":true,"href":"https:\/\/www.accuratereviews.com\/it\/wp-json\/wp\/v2\/categories?post=31332"},{"taxonomy":"post_tag","embeddable":true,"href":"https:\/\/www.accuratereviews.com\/it\/wp-json\/wp\/v2\/tags?post=31332"},{"taxonomy":"features","embeddable":true,"href":"https:\/\/www.accuratereviews.com\/it\/wp-json\/wp\/v2\/features?post=31332"}],"curies":[{"name":"wp","href":"https:\/\/api.w.org\/{rel}","templated":true}]}}