{"id":31348,"date":"2020-10-20T10:22:55","date_gmt":"2020-10-20T10:22:55","guid":{"rendered":"https:\/\/www.accuratereviews.com\/?page_id=31348"},"modified":"2020-10-20T10:22:55","modified_gmt":"2020-10-20T10:22:55","slug":"netfacilities-recensione","status":"publish","type":"page","link":"https:\/\/www.accuratereviews.com\/it\/gestionali-immobiliare-lista-software\/netfacilities-recensione\/","title":{"rendered":"NetFacilities"},"content":{"rendered":"<p><strong>NetFacilities<\/strong> \u00e8 un <strong>software per la gestione delle strutture<\/strong>\u00a0perfetta per le organizzazioni che devono tenere registri e database di propriet\u00e0 (commerciali e residenziali), scuole e aree di ristorazione e catene di vendita al dettaglio. \u00c8 un quadro di lavoro scalabile per la gestione di tutti i tipi di strutture in modo che tutte le organizzazioni possano adattarsi alle ultime tecnologie per il bene comune. Il benessere di un&#8217;organizzazione dipende dall&#8217;efficacia delle operazioni quotidiane, che sono strettamente curate. Con l&#8217;uso degli strumenti tecnologici recenti mira a portare miglioramenti nelle operazioni organizzative e nella gestione della manutenzione. Inoltre permette alle aziende di effettuare la registrazione necessaria per ogni transazione o fornitura effettuata. Questo \u00e8 molto importante per le aziende che devono trattare frequentemente con venditori e fornitori. Attraverso il software, un&#8217;azienda pu\u00f2 visualizzare, tracciare e gestire il portafoglio con manuali informativi, dettagli sulle apparecchiature, schede di garanzia e cronologia della manutenzione.<\/p>\n<h2>NETFACILITIES &#8211; TUTORIAL<\/h2>\n<p>Nel video mostra una panoramica delle funzionalit\u00e0 di gestione degli asset e del sito all&#8217;interno del <strong>sistema gestionale immobiliare<\/strong>:<\/p>\n<div id=\"fluid-wrapper-counter-1\" class=\"g1-fluid-wrapper \" style=\"width:686px;\">\n<div style=\"padding-bottom:56.268221574344%;\"><iframe loading=\"lazy\" title=\"Asset and Site Management Overview\" width=\"686\" height=\"386\" src=\"https:\/\/www.youtube.com\/embed\/4pCb-IYrrZw?feature=oembed&amp;wmode=transparent&amp;autohide=1&amp;autoplay=0&amp;disablekb=0&amp;fs=1&amp;loop=0&amp;enablejsapi=1&amp;rel=0&amp;controls=2&amp;showinfo=0&amp;wmode=transparent&amp;autohide=2&amp;autoplay=0&amp;disablekb=0&amp;fs=1&amp;loop=0&amp;enablejsapi=1&amp;rel=0&amp;controls=2&amp;showinfo=1\" frameborder=\"0\" allow=\"accelerometer; autoplay; clipboard-write; encrypted-media; gyroscope; picture-in-picture\" allowfullscreen><\/iframe><\/div>\n<\/div>\n<h3>NETFACILITIES &#8211; CARATTERISTICHE<\/h3>\n<ul>\n<li><strong>Gestione delle risorse<\/strong>: tagga le tue risorse con identificatori univoci. Puoi inserire la marca, il modello, il numero di serie, il manuale e altri file pertinenti di una risorsa. Puoi persino caricare un&#8217;immagine dell&#8217;attrezzatura con un link alla sua posizione nella tua propriet\u00e0 in modo che il tuo team sappia che aspetto ha e dove trovarlo. Offre anche alcune funzionalit\u00e0 avanzate come codici a barre, monitoraggio della garanzia, monitoraggio delle letture dei contatori, trigger annidati per la generazione di ordini di lavoro e la possibilit\u00e0 di impostare relazioni genitore-figlio<\/li>\n<li><strong>Ordini di lavoro<\/strong>: strumento di gestione degli ordini di lavoro riduce drasticamente il tempo dedicato alla gestione delle richieste. Gli utenti possono creare un ordine di lavoro che viene quindi sincronizzato su tutti i computer, smartphone e tablet. \u00c8 disponibile il monitoraggio in tempo reale, quindi non ci sono dubbi sullo stato degli ordini di lavoro<\/li>\n<li><strong>Manutenzione<\/strong>: modulo di manutenzione preventiva aiuta a mantenere in funzione le apparecchiature pianificando automaticamente le attivit\u00e0 di servizio e generando gli ordini di lavoro necessari. I promemoria automatici e gli aggiornamenti di stato aiutano a garantire che il lavoro venga effettivamente svolto, in modo da evitare costose riparazioni, interruzioni della produzione e disagi ai clienti<\/li>\n<li><strong>Rapporti<\/strong>: inserisci date e altri parametri chiave nei campi dei rapporti predefiniti per ottenere informazioni dettagliate sulla spesa, sulle operazioni e sulle tendenze di manutenzione. Potrai creare anche rapporti personalizzati<\/li>\n<li><strong>Archiviazione:<\/strong> passa al digitale con i documenti della tua struttura per protegge e organizzare in un sistema facilmente accessibile sempre e ovunque<\/li>\n<\/ul>\n<h4>LE RECENSIONE DEGLI UTENTI<\/h4>\n<h4 class=\"font-weight-bold mb-1 d-flex align-items-center\">Dave T.&#8221;Cliente soddisfatto&#8221;<\/h4>\n<p><strong>Commenti: <\/strong>Siamo una piccola azienda manifatturiera con poche risorse importanti. Questa piattaforma \u00e8 perfetta per tenere traccia di risorse, PM, inventario, ecc.<\/p>\n<p><strong>Vantaggi: <\/strong>Mi piace molto che il team di NETfacilities aggiorni sempre la piattaforma in base al feedback dei clienti! Questo \u00e8 qualcosa che mi ha tenuto su questa piattaforma anno dopo anno. Il servizio clienti \u00e8 di prim&#8217;ordine. \u00c8 molto intuitivo e rendono sempre pi\u00f9 semplice la ricerca delle informazioni che sto cercando nel mio sito.<\/p>\n<p><strong>Inconvenienti:<\/strong>Onestamente non penso che ci sia molto di questo software che non mi piace.<\/p>\n<h4 class=\"font-weight-bold mb-1 d-flex align-items-center\">Sherice P.&#8221;Recensione DAL&#8221;<\/h4>\n<p><strong>Commenti: <\/strong>Lo usiamo per gli ordini di lavoro che devono essere inseriti nel nostro aeroporto per essere operativi, puliti e sicuri per tutti, da passeggeri, appaltatori, venditori e dipendenti.<\/p>\n<p><strong>Vantaggi: <\/strong>\u00c8 facile da usare per me e nessuna lamentela da parte degli utenti che lo usano pi\u00f9 di me come il nostro Airport Operations Center che opera 24 ore.<\/p>\n<p><strong>Inconvenienti: <\/strong>Non mi piace come NetFacilities si disconnetta in modo intermittente, quindi \u00e8 difficile replicarlo in modo tempestivo per risolvere il problema.<\/p>\n<h4 class=\"font-weight-bold mb-1 d-flex align-items-center\">Tony S.&#8221;Ottimo software per quello che fa&#8221;<\/h4>\n<p><strong>Commenti: <\/strong>Usiamo NETfacilities per gestire la manutenzione preventiva in varie strutture. Abbiamo scoperto che i nostri clienti non utilizzano realmente il sistema degli ordini di lavoro, ma lo fa il nostro personale.<\/p>\n<p><strong>Vantaggi: <\/strong>Adoro la facilit\u00e0 d&#8217;uso e la flessibilit\u00e0 di costruire ogni sito per soddisfare le nostre esigenze.<\/p>\n<p><strong>Inconvenienti: <\/strong>Per un&#8217;azienda con cos\u00ec pochi dipendenti, il costo di rinnovo annuale pu\u00f2 essere disattivato.<\/p>\n","protected":false},"excerpt":{"rendered":"<p>NetFacilities \u00e8 un software per la gestione delle strutture\u00a0perfetta per le organizzazioni che devono tenere registri e database di propriet\u00e0 (commerciali e residenziali), scuole e aree di ristorazione e catene di vendita al dettaglio. \u00c8 un quadro di lavoro scalabile per la gestione di tutti i tipi di strutture in modo che tutte le organizzazioni possano adattarsi alle ultime tecnologie per il bene comune.<\/p>\n","protected":false},"author":19,"featured_media":31352,"parent":31329,"menu_order":0,"comment_status":"open","ping_status":"closed","template":"g1_template_page_review_new.php","meta":{"_acf_changed":false,"cwp_meta_box_check":"Yes","cwp_rev_product_name":"","cwp_rev_product_image":"","wppr_links":[],"cwp_rev_price":"","wppr_options":[],"wppr_pros":[],"wppr_cons":[],"_monsterinsights_skip_tracking":false,"_monsterinsights_sitenote_active":false,"_monsterinsights_sitenote_note":"","_monsterinsights_sitenote_category":0,"footnotes":""},"categories":[3950],"tags":[3953,3958,3955,3954,3957,3951],"features":[],"class_list":{"0":"post-31348","1":"page","2":"type-page","3":"status-publish","4":"has-post-thumbnail","6":"category-gestionale-immobiliare-categoria","7":"tag-gestionale-immobiliare","8":"tag-netfacilities","9":"tag-piattaforma-gestionale-immobiliare","10":"tag-programma-gestionale-immobiliare","11":"tag-sistema-gestionale-immobiliare","12":"tag-software-gestionale-immobiliare"},"wppr_data":{"cwp_meta_box_check":"Yes","cwp_rev_product_name":"","cwp_rev_product_image":"","cwp_image_link":"image","cwp_rev_price":"","wppr_rating":"0.00"},"acf":[],"yoast_head":"<!-- This site is optimized with the Yoast SEO plugin v27.4 - https:\/\/yoast.com\/product\/yoast-seo-wordpress\/ -->\n<title>NetFacilities: recensione gestionale immobiliare - Accurate Reviews<\/title>\n<meta name=\"description\" content=\"NetFacilities: recensione software per la gestione delle strutture\u00a0perfetta per le organizzazioni che devono tenere registri e database.\" \/>\n<meta name=\"robots\" content=\"index, follow, max-snippet:-1, max-image-preview:large, max-video-preview:-1\" \/>\n<link rel=\"canonical\" href=\"https:\/\/www.accuratereviews.com\/it\/gestionali-immobiliare-lista-software\/netfacilities-recensione\/\" \/>\n<meta property=\"og:locale\" content=\"it_IT\" \/>\n<meta property=\"og:type\" content=\"article\" \/>\n<meta property=\"og:title\" content=\"NetFacilities: recensione gestionale immobiliare - Accurate Reviews\" \/>\n<meta property=\"og:description\" content=\"NetFacilities: recensione software per la gestione delle strutture\u00a0perfetta per le organizzazioni che devono tenere registri e database.\" \/>\n<meta property=\"og:url\" content=\"https:\/\/www.accuratereviews.com\/it\/gestionali-immobiliare-lista-software\/netfacilities-recensione\/\" \/>\n<meta property=\"og:site_name\" content=\"Accurate Reviews\" \/>\n<meta property=\"og:image\" content=\"https:\/\/www.accuratereviews.com\/wp-content\/uploads\/2020\/10\/NETfacilities.jpg\" \/>\n\t<meta property=\"og:image:width\" content=\"224\" \/>\n\t<meta property=\"og:image:height\" content=\"224\" \/>\n\t<meta property=\"og:image:type\" content=\"image\/jpeg\" \/>\n<meta name=\"twitter:card\" content=\"summary_large_image\" \/>\n<meta name=\"twitter:label1\" content=\"Tempo di lettura stimato\" \/>\n\t<meta name=\"twitter:data1\" content=\"3 minuti\" \/>\n<script type=\"application\/ld+json\" class=\"yoast-schema-graph\">{\"@context\":\"https:\\\/\\\/schema.org\",\"@graph\":[{\"@type\":\"WebPage\",\"@id\":\"https:\\\/\\\/www.accuratereviews.com\\\/it\\\/gestionali-immobiliare-lista-software\\\/netfacilities-recensione\\\/\",\"url\":\"https:\\\/\\\/www.accuratereviews.com\\\/it\\\/gestionali-immobiliare-lista-software\\\/netfacilities-recensione\\\/\",\"name\":\"NetFacilities: recensione gestionale immobiliare - Accurate Reviews\",\"isPartOf\":{\"@id\":\"https:\\\/\\\/www.accuratereviews.com\\\/it\\\/#website\"},\"primaryImageOfPage\":{\"@id\":\"https:\\\/\\\/www.accuratereviews.com\\\/it\\\/gestionali-immobiliare-lista-software\\\/netfacilities-recensione\\\/#primaryimage\"},\"image\":{\"@id\":\"https:\\\/\\\/www.accuratereviews.com\\\/it\\\/gestionali-immobiliare-lista-software\\\/netfacilities-recensione\\\/#primaryimage\"},\"thumbnailUrl\":\"https:\\\/\\\/www.accuratereviews.com\\\/wp-content\\\/uploads\\\/2020\\\/10\\\/NETfacilities.jpg\",\"datePublished\":\"2020-10-20T10:22:55+00:00\",\"description\":\"NetFacilities: recensione software per la gestione delle strutture\u00a0perfetta per le organizzazioni che devono tenere registri e database.\",\"breadcrumb\":{\"@id\":\"https:\\\/\\\/www.accuratereviews.com\\\/it\\\/gestionali-immobiliare-lista-software\\\/netfacilities-recensione\\\/#breadcrumb\"},\"inLanguage\":\"it-IT\",\"potentialAction\":[{\"@type\":\"ReadAction\",\"target\":[\"https:\\\/\\\/www.accuratereviews.com\\\/it\\\/gestionali-immobiliare-lista-software\\\/netfacilities-recensione\\\/\"]}]},{\"@type\":\"ImageObject\",\"inLanguage\":\"it-IT\",\"@id\":\"https:\\\/\\\/www.accuratereviews.com\\\/it\\\/gestionali-immobiliare-lista-software\\\/netfacilities-recensione\\\/#primaryimage\",\"url\":\"https:\\\/\\\/www.accuratereviews.com\\\/wp-content\\\/uploads\\\/2020\\\/10\\\/NETfacilities.jpg\",\"contentUrl\":\"https:\\\/\\\/www.accuratereviews.com\\\/wp-content\\\/uploads\\\/2020\\\/10\\\/NETfacilities.jpg\",\"width\":224,\"height\":224},{\"@type\":\"BreadcrumbList\",\"@id\":\"https:\\\/\\\/www.accuratereviews.com\\\/it\\\/gestionali-immobiliare-lista-software\\\/netfacilities-recensione\\\/#breadcrumb\",\"itemListElement\":[{\"@type\":\"ListItem\",\"position\":1,\"name\":\"Home\",\"item\":\"https:\\\/\\\/www.accuratereviews.com\\\/it\\\/\"},{\"@type\":\"ListItem\",\"position\":2,\"name\":\"Gestionali immobiliari\",\"item\":\"https:\\\/\\\/www.accuratereviews.com\\\/it\\\/gestionali-immobiliare-lista-software\\\/\"},{\"@type\":\"ListItem\",\"position\":3,\"name\":\"NetFacilities\"}]},{\"@type\":\"WebSite\",\"@id\":\"https:\\\/\\\/www.accuratereviews.com\\\/it\\\/#website\",\"url\":\"https:\\\/\\\/www.accuratereviews.com\\\/it\\\/\",\"name\":\"Accurate Reviews\",\"description\":\"\",\"potentialAction\":[{\"@type\":\"SearchAction\",\"target\":{\"@type\":\"EntryPoint\",\"urlTemplate\":\"https:\\\/\\\/www.accuratereviews.com\\\/it\\\/?s={search_term_string}\"},\"query-input\":{\"@type\":\"PropertyValueSpecification\",\"valueRequired\":true,\"valueName\":\"search_term_string\"}}],\"inLanguage\":\"it-IT\"}]}<\/script>\n<!-- \/ Yoast SEO plugin. -->","yoast_head_json":{"title":"NetFacilities: recensione gestionale immobiliare - Accurate Reviews","description":"NetFacilities: recensione software per la gestione delle strutture\u00a0perfetta per le organizzazioni che devono tenere registri e database.","robots":{"index":"index","follow":"follow","max-snippet":"max-snippet:-1","max-image-preview":"max-image-preview:large","max-video-preview":"max-video-preview:-1"},"canonical":"https:\/\/www.accuratereviews.com\/it\/gestionali-immobiliare-lista-software\/netfacilities-recensione\/","og_locale":"it_IT","og_type":"article","og_title":"NetFacilities: recensione gestionale immobiliare - Accurate Reviews","og_description":"NetFacilities: recensione software per la gestione delle strutture\u00a0perfetta per le organizzazioni che devono tenere registri e database.","og_url":"https:\/\/www.accuratereviews.com\/it\/gestionali-immobiliare-lista-software\/netfacilities-recensione\/","og_site_name":"Accurate Reviews","og_image":[{"width":224,"height":224,"url":"https:\/\/www.accuratereviews.com\/wp-content\/uploads\/2020\/10\/NETfacilities.jpg","type":"image\/jpeg"}],"twitter_card":"summary_large_image","twitter_misc":{"Tempo di lettura stimato":"3 minuti"},"schema":{"@context":"https:\/\/schema.org","@graph":[{"@type":"WebPage","@id":"https:\/\/www.accuratereviews.com\/it\/gestionali-immobiliare-lista-software\/netfacilities-recensione\/","url":"https:\/\/www.accuratereviews.com\/it\/gestionali-immobiliare-lista-software\/netfacilities-recensione\/","name":"NetFacilities: recensione gestionale immobiliare - Accurate Reviews","isPartOf":{"@id":"https:\/\/www.accuratereviews.com\/it\/#website"},"primaryImageOfPage":{"@id":"https:\/\/www.accuratereviews.com\/it\/gestionali-immobiliare-lista-software\/netfacilities-recensione\/#primaryimage"},"image":{"@id":"https:\/\/www.accuratereviews.com\/it\/gestionali-immobiliare-lista-software\/netfacilities-recensione\/#primaryimage"},"thumbnailUrl":"https:\/\/www.accuratereviews.com\/wp-content\/uploads\/2020\/10\/NETfacilities.jpg","datePublished":"2020-10-20T10:22:55+00:00","description":"NetFacilities: recensione software per la gestione delle strutture\u00a0perfetta per le organizzazioni che devono tenere registri e database.","breadcrumb":{"@id":"https:\/\/www.accuratereviews.com\/it\/gestionali-immobiliare-lista-software\/netfacilities-recensione\/#breadcrumb"},"inLanguage":"it-IT","potentialAction":[{"@type":"ReadAction","target":["https:\/\/www.accuratereviews.com\/it\/gestionali-immobiliare-lista-software\/netfacilities-recensione\/"]}]},{"@type":"ImageObject","inLanguage":"it-IT","@id":"https:\/\/www.accuratereviews.com\/it\/gestionali-immobiliare-lista-software\/netfacilities-recensione\/#primaryimage","url":"https:\/\/www.accuratereviews.com\/wp-content\/uploads\/2020\/10\/NETfacilities.jpg","contentUrl":"https:\/\/www.accuratereviews.com\/wp-content\/uploads\/2020\/10\/NETfacilities.jpg","width":224,"height":224},{"@type":"BreadcrumbList","@id":"https:\/\/www.accuratereviews.com\/it\/gestionali-immobiliare-lista-software\/netfacilities-recensione\/#breadcrumb","itemListElement":[{"@type":"ListItem","position":1,"name":"Home","item":"https:\/\/www.accuratereviews.com\/it\/"},{"@type":"ListItem","position":2,"name":"Gestionali immobiliari","item":"https:\/\/www.accuratereviews.com\/it\/gestionali-immobiliare-lista-software\/"},{"@type":"ListItem","position":3,"name":"NetFacilities"}]},{"@type":"WebSite","@id":"https:\/\/www.accuratereviews.com\/it\/#website","url":"https:\/\/www.accuratereviews.com\/it\/","name":"Accurate Reviews","description":"","potentialAction":[{"@type":"SearchAction","target":{"@type":"EntryPoint","urlTemplate":"https:\/\/www.accuratereviews.com\/it\/?s={search_term_string}"},"query-input":{"@type":"PropertyValueSpecification","valueRequired":true,"valueName":"search_term_string"}}],"inLanguage":"it-IT"}]}},"_links":{"self":[{"href":"https:\/\/www.accuratereviews.com\/it\/wp-json\/wp\/v2\/pages\/31348","targetHints":{"allow":["GET"]}}],"collection":[{"href":"https:\/\/www.accuratereviews.com\/it\/wp-json\/wp\/v2\/pages"}],"about":[{"href":"https:\/\/www.accuratereviews.com\/it\/wp-json\/wp\/v2\/types\/page"}],"author":[{"embeddable":true,"href":"https:\/\/www.accuratereviews.com\/it\/wp-json\/wp\/v2\/users\/19"}],"replies":[{"embeddable":true,"href":"https:\/\/www.accuratereviews.com\/it\/wp-json\/wp\/v2\/comments?post=31348"}],"version-history":[{"count":8,"href":"https:\/\/www.accuratereviews.com\/it\/wp-json\/wp\/v2\/pages\/31348\/revisions"}],"predecessor-version":[{"id":32933,"href":"https:\/\/www.accuratereviews.com\/it\/wp-json\/wp\/v2\/pages\/31348\/revisions\/32933"}],"up":[{"embeddable":true,"href":"https:\/\/www.accuratereviews.com\/it\/wp-json\/wp\/v2\/pages\/31329"}],"wp:featuredmedia":[{"embeddable":true,"href":"https:\/\/www.accuratereviews.com\/it\/wp-json\/wp\/v2\/media\/31352"}],"wp:attachment":[{"href":"https:\/\/www.accuratereviews.com\/it\/wp-json\/wp\/v2\/media?parent=31348"}],"wp:term":[{"taxonomy":"category","embeddable":true,"href":"https:\/\/www.accuratereviews.com\/it\/wp-json\/wp\/v2\/categories?post=31348"},{"taxonomy":"post_tag","embeddable":true,"href":"https:\/\/www.accuratereviews.com\/it\/wp-json\/wp\/v2\/tags?post=31348"},{"taxonomy":"features","embeddable":true,"href":"https:\/\/www.accuratereviews.com\/it\/wp-json\/wp\/v2\/features?post=31348"}],"curies":[{"name":"wp","href":"https:\/\/api.w.org\/{rel}","templated":true}]}}