{"id":31367,"date":"2020-10-21T09:38:46","date_gmt":"2020-10-21T09:38:46","guid":{"rendered":"https:\/\/www.accuratereviews.com\/?page_id=31367"},"modified":"2020-10-21T09:38:46","modified_gmt":"2020-10-21T09:38:46","slug":"mri-recensione","status":"publish","type":"page","link":"https:\/\/www.accuratereviews.com\/it\/gestionali-immobiliare-lista-software\/mri-recensione\/","title":{"rendered":"MRI"},"content":{"rendered":"<p><strong>MRI<\/strong> \u00e8 un innovativo <strong>software di gestione della propriet\u00e0<\/strong> per amministratori plurifamiliari. Si tratta di una soluzione completa che automatizza e semplifica i processi per consentire ai gestori di propriet\u00e0 di concentrarsi sui residenti anzich\u00e9 sui noiosi processi cartacei. La piattaforma offre la migliore funzionalit\u00e0 end-to-end che consente agli utenti di organizzare tutto, dal leasing alla pianificazione, ai rinnovi e altro ancora. La soluzione sfrutta una potente tecnologia per aumentare l&#8217;efficienza operativa. Il suo approccio innovativo alla gestione della propriet\u00e0 residenziale offre flessibilit\u00e0 illimitata senza ridurre il controllo o aggiungere complessit\u00e0. L&#8217;applicazione aiuta le aziende ad affrontare il mercato residenziale globale per aumentare l&#8217;efficienza, il reddito e creare occupazione con facilit\u00e0. Alcune delle caratteristiche principali includono la gestione della contabilit\u00e0, l&#8217;organizzazione della propriet\u00e0, toolkit di flessibilit\u00e0, reporting e analisi.<\/p>\n<h2>MRI &#8211; TUTORIAL<\/h2>\n<p>Il tutorial spiega come impostare facilmente questo <strong>software gestionale immobiliare<\/strong> per consentire ai residenti di inviare pagamenti parziali:<\/p>\n<div id=\"fluid-wrapper-counter-1\" class=\"g1-fluid-wrapper \" style=\"width:686px;\">\n<div style=\"padding-bottom:56.268221574344%;\"><iframe loading=\"lazy\" title=\"Creating Partial Payments for Residents in MRI Residential Management\" width=\"686\" height=\"386\" src=\"https:\/\/www.youtube.com\/embed\/xM1pcQn6IMc?feature=oembed&amp;wmode=transparent&amp;autohide=1&amp;autoplay=0&amp;disablekb=0&amp;fs=1&amp;loop=0&amp;enablejsapi=1&amp;rel=0&amp;controls=2&amp;showinfo=0&amp;wmode=transparent&amp;autohide=2&amp;autoplay=0&amp;disablekb=0&amp;fs=1&amp;loop=0&amp;enablejsapi=1&amp;rel=0&amp;controls=2&amp;showinfo=1\" frameborder=\"0\" allow=\"accelerometer; autoplay; clipboard-write; encrypted-media; gyroscope; picture-in-picture\" allowfullscreen><\/iframe><\/div>\n<\/div>\n<h3>MRI &#8211; CARATTERISTICHE<\/h3>\n<ul>\n<li>Garantisci la sicurezza e l&#8217;integrit\u00e0 dei dati con le API create dai partner, controllate dagli ingegneri MRI<\/li>\n<li>Connettiti facilmente alle tue soluzioni interne personalizzate con protocolli e convenzioni standard del settore<\/li>\n<li>Concentrati sulle tue operazioni e prestazioni con infrastrutture per gestire set di dati di grandi dimensioni<\/li>\n<li>Scambia facilmente dati tra MRI e applicazioni di terze parti o personalizzate<\/li>\n<li>Costruisci un sistema specializzato e integrato<\/li>\n<li>Pi\u00f9 di 1.000 API uniche create nell&#8217;ambiente MIX<\/li>\n<li>Approfitta di funzionalit\u00e0 aggiuntive su misura per le esigenze della tua organizzazione immobiliare, pur mantenendo un&#8217;esperienza utente coerente<\/li>\n<li>Aumenta il potenziale di guadagno automatizzando il processo di leasing in un&#8217;esperienza utente intuitiva<\/li>\n<li>Consenti ai potenziali clienti di completare il processo di leasing, incluso il pagamento di eventuali commissioni o depositi cauzionali richiesti<\/li>\n<li>Riduci gli errori attraverso un processo elettronico completo<\/li>\n<li>Aumenta il valore del contratto di locazione attraverso un marketing suggestivo<\/li>\n<\/ul>\n<h4>LE RECENSIONI DEGLI UTENTI<\/h4>\n<h5 class=\"font-weight-bold mb-1 d-flex align-items-center\">Tenille L.&#8221;Fare il passo successivo nella produttivit\u00e0&#8221;<\/h5>\n<p><strong>Commenti: <\/strong>Nel complesso, sono molto soddisfatto di MRI. Ha semplificato i nostri processi e protocolli. Siamo molto pi\u00f9 efficienti.<\/p>\n<p><strong>Vantaggi: <\/strong>Il software rende pi\u00f9 facile vedere la nostra azienda nel suo complesso. Con pi\u00f9 entit\u00e0 era complicato passare continuamente avanti e indietro tra l&#8217;apertura dei file aziendali. Tutto ora \u00e8 solo un clic del pulsante. Ho dati in tempo reale con cui lavorare e questo ha reso il mio team molto pi\u00f9 produttivo nelle nostre attivit\u00e0 quotidiane.<\/p>\n<p><strong>Inconvenienti: <\/strong>L&#8217;implementazione non \u00e8 stata delle migliori. Il processo di formazione \u00e8 stato un po &#8216;difficile facendo le cose tramite la formazione sul web, ecc. Sento che c&#8217;\u00e8 molto di pi\u00f9 che la MRI pu\u00f2 fare per noi di cui non siamo a conoscenza. Ho imparato a conoscere alcuni elementi da altri webinar dalla nostra implementazione e sono dovuto tornare indietro e configurarli da solo. I formatori inoltre non hanno conoscenze di contabilit\u00e0, quindi quando chiedi qualcosa relativo alla contabilit\u00e0 a volte si perde nella traduzione.<\/p>\n<h4 class=\"font-weight-bold mb-1 d-flex align-items-center\">Herb D.&#8221;Recensione MRI&#8221;<\/h4>\n<p><strong>Commenti: <\/strong>Usiamo la soluzione per AR e il budget e le previsioni, il prodotto ci consente di archiviare e acquisire i dati a livello di tenant e di raggruppare i dati negli account prima di trasferirli alla contabilit\u00e0 generale.<\/p>\n<p><strong>Vantaggi: <\/strong>Il prodotto \u00e8 relativamente facile da usare, riscontriamo un turnover e siamo in grado di portare gli utenti del treno molto rapidamente. La risonanza magnetica consente la personalizzazione che richiediamo personalizzazioni per soddisfare le esigenze della nostra azienda. Anche il supporto richiesto per la risonanza magnetica \u00e8 minimo rispetto ad altre opzioni.<\/p>\n<p><strong>Inconvenienti: <\/strong>Vorrei vedere il reporting migliorato. Attualmente utilizziamo altre applicazioni di terze parti per il reporting perch\u00e9 MRI standard non soddisfa le nostre esigenze.<\/p>\n<div class=\"ml-4 pl-4 border-left border-left__dotted i18n-translation_vendor_container\" data-translation-id=\"2302906\" data-translation-vendor-target=\"original\">\n<div class=\"d-flex flex-wrap flex-md-nowrap align-items-center\">\n<h4 class=\"font-weight-bold mb-1 d-flex align-items-center\">Patricia B.&#8221;Buon prodotto&#8221;<\/h4>\n<p><strong>Commenti: <\/strong>Buon prodotto per uffici e propriet\u00e0 di vendita al dettaglio.<\/p>\n<p><strong>Vantaggi: <\/strong>Molto facile da usare e soddisfa tutte le nostre esigenze.<\/p>\n<p><strong>Inconvenienti: <\/strong>L&#8217;assistenza clienti \u00e8 lenta a volte e ci sono alcuni problemi che sembrano non essere mai risolti, ma di solito puoi trovare un rimedio<\/p>\n<div class=\"ml-4 pl-4 border-left border-left__dotted i18n-translation_vendor_container\" data-translation-id=\"2303715\" data-translation-vendor-target=\"original\">\n<div class=\"d-flex flex-wrap flex-md-nowrap align-items-center\">\n<h4 class=\"h5 font-weight-bold\"><\/h4>\n<\/div>\n<\/div>\n<\/div>\n<\/div>\n","protected":false},"excerpt":{"rendered":"<p>MRI \u00e8 un innovativo software di gestione della propriet\u00e0 per amministratori plurifamiliari. Si tratta di una soluzione completa che automatizza e semplifica i processi per consentire ai gestori di propriet\u00e0 di concentrarsi sulla conservazione e il leasing dei residenti anzich\u00e9 sui noiosi processi cartacei.<\/p>\n","protected":false},"author":19,"featured_media":31369,"parent":31329,"menu_order":0,"comment_status":"open","ping_status":"closed","template":"g1_template_page_review_new.php","meta":{"_acf_changed":false,"cwp_meta_box_check":"Yes","cwp_rev_product_name":"","cwp_rev_product_image":"","wppr_links":[],"cwp_rev_price":"","wppr_options":[],"wppr_pros":[],"wppr_cons":[],"_monsterinsights_skip_tracking":false,"_monsterinsights_sitenote_active":false,"_monsterinsights_sitenote_note":"","_monsterinsights_sitenote_category":0,"footnotes":""},"categories":[3950],"tags":[3953,3959,3955,3954,3951,3952],"features":[],"class_list":{"0":"post-31367","1":"page","2":"type-page","3":"status-publish","4":"has-post-thumbnail","6":"category-gestionale-immobiliare-categoria","7":"tag-gestionale-immobiliare","8":"tag-mri","9":"tag-piattaforma-gestionale-immobiliare","10":"tag-programma-gestionale-immobiliare","11":"tag-software-gestionale-immobiliare","12":"tag-soluzione-gestionale-immobiliare"},"wppr_data":{"cwp_meta_box_check":"Yes","cwp_rev_product_name":"","cwp_rev_product_image":"","cwp_image_link":"image","cwp_rev_price":"","wppr_rating":"0.00"},"acf":[],"yoast_head":"<!-- This site is optimized with the Yoast SEO plugin v27.4 - https:\/\/yoast.com\/product\/yoast-seo-wordpress\/ -->\n<title>MRI: recensione software gestionale immobiliare - Accurate Reviews<\/title>\n<meta name=\"description\" content=\"MRI: recensione software di gestione della propriet\u00e0 per amministratori plurifamiliari completa e scalabile.\" \/>\n<meta name=\"robots\" content=\"index, follow, max-snippet:-1, max-image-preview:large, max-video-preview:-1\" \/>\n<link rel=\"canonical\" href=\"https:\/\/www.accuratereviews.com\/it\/gestionali-immobiliare-lista-software\/mri-recensione\/\" \/>\n<meta property=\"og:locale\" content=\"it_IT\" \/>\n<meta property=\"og:type\" content=\"article\" \/>\n<meta property=\"og:title\" content=\"MRI: recensione software gestionale immobiliare - Accurate Reviews\" \/>\n<meta property=\"og:description\" content=\"MRI: recensione software di gestione della propriet\u00e0 per amministratori plurifamiliari completa e scalabile.\" \/>\n<meta property=\"og:url\" content=\"https:\/\/www.accuratereviews.com\/it\/gestionali-immobiliare-lista-software\/mri-recensione\/\" \/>\n<meta property=\"og:site_name\" content=\"Accurate Reviews\" \/>\n<meta property=\"og:image\" content=\"https:\/\/www.accuratereviews.com\/wp-content\/uploads\/2020\/10\/MRI.jpg\" \/>\n\t<meta property=\"og:image:width\" content=\"880\" \/>\n\t<meta property=\"og:image:height\" content=\"544\" \/>\n\t<meta property=\"og:image:type\" content=\"image\/jpeg\" \/>\n<meta name=\"twitter:card\" content=\"summary_large_image\" \/>\n<meta name=\"twitter:label1\" content=\"Tempo di lettura stimato\" \/>\n\t<meta name=\"twitter:data1\" content=\"3 minuti\" \/>\n<script type=\"application\/ld+json\" class=\"yoast-schema-graph\">{\"@context\":\"https:\\\/\\\/schema.org\",\"@graph\":[{\"@type\":\"WebPage\",\"@id\":\"https:\\\/\\\/www.accuratereviews.com\\\/it\\\/gestionali-immobiliare-lista-software\\\/mri-recensione\\\/\",\"url\":\"https:\\\/\\\/www.accuratereviews.com\\\/it\\\/gestionali-immobiliare-lista-software\\\/mri-recensione\\\/\",\"name\":\"MRI: recensione software gestionale immobiliare - Accurate Reviews\",\"isPartOf\":{\"@id\":\"https:\\\/\\\/www.accuratereviews.com\\\/it\\\/#website\"},\"primaryImageOfPage\":{\"@id\":\"https:\\\/\\\/www.accuratereviews.com\\\/it\\\/gestionali-immobiliare-lista-software\\\/mri-recensione\\\/#primaryimage\"},\"image\":{\"@id\":\"https:\\\/\\\/www.accuratereviews.com\\\/it\\\/gestionali-immobiliare-lista-software\\\/mri-recensione\\\/#primaryimage\"},\"thumbnailUrl\":\"https:\\\/\\\/www.accuratereviews.com\\\/wp-content\\\/uploads\\\/2020\\\/10\\\/MRI.jpg\",\"datePublished\":\"2020-10-21T09:38:46+00:00\",\"description\":\"MRI: recensione software di gestione della propriet\u00e0 per amministratori plurifamiliari completa e scalabile.\",\"breadcrumb\":{\"@id\":\"https:\\\/\\\/www.accuratereviews.com\\\/it\\\/gestionali-immobiliare-lista-software\\\/mri-recensione\\\/#breadcrumb\"},\"inLanguage\":\"it-IT\",\"potentialAction\":[{\"@type\":\"ReadAction\",\"target\":[\"https:\\\/\\\/www.accuratereviews.com\\\/it\\\/gestionali-immobiliare-lista-software\\\/mri-recensione\\\/\"]}]},{\"@type\":\"ImageObject\",\"inLanguage\":\"it-IT\",\"@id\":\"https:\\\/\\\/www.accuratereviews.com\\\/it\\\/gestionali-immobiliare-lista-software\\\/mri-recensione\\\/#primaryimage\",\"url\":\"https:\\\/\\\/www.accuratereviews.com\\\/wp-content\\\/uploads\\\/2020\\\/10\\\/MRI.jpg\",\"contentUrl\":\"https:\\\/\\\/www.accuratereviews.com\\\/wp-content\\\/uploads\\\/2020\\\/10\\\/MRI.jpg\",\"width\":880,\"height\":544},{\"@type\":\"BreadcrumbList\",\"@id\":\"https:\\\/\\\/www.accuratereviews.com\\\/it\\\/gestionali-immobiliare-lista-software\\\/mri-recensione\\\/#breadcrumb\",\"itemListElement\":[{\"@type\":\"ListItem\",\"position\":1,\"name\":\"Home\",\"item\":\"https:\\\/\\\/www.accuratereviews.com\\\/it\\\/\"},{\"@type\":\"ListItem\",\"position\":2,\"name\":\"Gestionali immobiliari\",\"item\":\"https:\\\/\\\/www.accuratereviews.com\\\/it\\\/gestionali-immobiliare-lista-software\\\/\"},{\"@type\":\"ListItem\",\"position\":3,\"name\":\"MRI\"}]},{\"@type\":\"WebSite\",\"@id\":\"https:\\\/\\\/www.accuratereviews.com\\\/it\\\/#website\",\"url\":\"https:\\\/\\\/www.accuratereviews.com\\\/it\\\/\",\"name\":\"Accurate Reviews\",\"description\":\"\",\"potentialAction\":[{\"@type\":\"SearchAction\",\"target\":{\"@type\":\"EntryPoint\",\"urlTemplate\":\"https:\\\/\\\/www.accuratereviews.com\\\/it\\\/?s={search_term_string}\"},\"query-input\":{\"@type\":\"PropertyValueSpecification\",\"valueRequired\":true,\"valueName\":\"search_term_string\"}}],\"inLanguage\":\"it-IT\"}]}<\/script>\n<!-- \/ Yoast SEO plugin. -->","yoast_head_json":{"title":"MRI: recensione software gestionale immobiliare - Accurate Reviews","description":"MRI: recensione software di gestione della propriet\u00e0 per amministratori plurifamiliari completa e scalabile.","robots":{"index":"index","follow":"follow","max-snippet":"max-snippet:-1","max-image-preview":"max-image-preview:large","max-video-preview":"max-video-preview:-1"},"canonical":"https:\/\/www.accuratereviews.com\/it\/gestionali-immobiliare-lista-software\/mri-recensione\/","og_locale":"it_IT","og_type":"article","og_title":"MRI: recensione software gestionale immobiliare - Accurate Reviews","og_description":"MRI: recensione software di gestione della propriet\u00e0 per amministratori plurifamiliari completa e scalabile.","og_url":"https:\/\/www.accuratereviews.com\/it\/gestionali-immobiliare-lista-software\/mri-recensione\/","og_site_name":"Accurate Reviews","og_image":[{"width":880,"height":544,"url":"https:\/\/www.accuratereviews.com\/wp-content\/uploads\/2020\/10\/MRI.jpg","type":"image\/jpeg"}],"twitter_card":"summary_large_image","twitter_misc":{"Tempo di lettura stimato":"3 minuti"},"schema":{"@context":"https:\/\/schema.org","@graph":[{"@type":"WebPage","@id":"https:\/\/www.accuratereviews.com\/it\/gestionali-immobiliare-lista-software\/mri-recensione\/","url":"https:\/\/www.accuratereviews.com\/it\/gestionali-immobiliare-lista-software\/mri-recensione\/","name":"MRI: recensione software gestionale immobiliare - Accurate Reviews","isPartOf":{"@id":"https:\/\/www.accuratereviews.com\/it\/#website"},"primaryImageOfPage":{"@id":"https:\/\/www.accuratereviews.com\/it\/gestionali-immobiliare-lista-software\/mri-recensione\/#primaryimage"},"image":{"@id":"https:\/\/www.accuratereviews.com\/it\/gestionali-immobiliare-lista-software\/mri-recensione\/#primaryimage"},"thumbnailUrl":"https:\/\/www.accuratereviews.com\/wp-content\/uploads\/2020\/10\/MRI.jpg","datePublished":"2020-10-21T09:38:46+00:00","description":"MRI: recensione software di gestione della propriet\u00e0 per amministratori plurifamiliari completa e scalabile.","breadcrumb":{"@id":"https:\/\/www.accuratereviews.com\/it\/gestionali-immobiliare-lista-software\/mri-recensione\/#breadcrumb"},"inLanguage":"it-IT","potentialAction":[{"@type":"ReadAction","target":["https:\/\/www.accuratereviews.com\/it\/gestionali-immobiliare-lista-software\/mri-recensione\/"]}]},{"@type":"ImageObject","inLanguage":"it-IT","@id":"https:\/\/www.accuratereviews.com\/it\/gestionali-immobiliare-lista-software\/mri-recensione\/#primaryimage","url":"https:\/\/www.accuratereviews.com\/wp-content\/uploads\/2020\/10\/MRI.jpg","contentUrl":"https:\/\/www.accuratereviews.com\/wp-content\/uploads\/2020\/10\/MRI.jpg","width":880,"height":544},{"@type":"BreadcrumbList","@id":"https:\/\/www.accuratereviews.com\/it\/gestionali-immobiliare-lista-software\/mri-recensione\/#breadcrumb","itemListElement":[{"@type":"ListItem","position":1,"name":"Home","item":"https:\/\/www.accuratereviews.com\/it\/"},{"@type":"ListItem","position":2,"name":"Gestionali immobiliari","item":"https:\/\/www.accuratereviews.com\/it\/gestionali-immobiliare-lista-software\/"},{"@type":"ListItem","position":3,"name":"MRI"}]},{"@type":"WebSite","@id":"https:\/\/www.accuratereviews.com\/it\/#website","url":"https:\/\/www.accuratereviews.com\/it\/","name":"Accurate Reviews","description":"","potentialAction":[{"@type":"SearchAction","target":{"@type":"EntryPoint","urlTemplate":"https:\/\/www.accuratereviews.com\/it\/?s={search_term_string}"},"query-input":{"@type":"PropertyValueSpecification","valueRequired":true,"valueName":"search_term_string"}}],"inLanguage":"it-IT"}]}},"_links":{"self":[{"href":"https:\/\/www.accuratereviews.com\/it\/wp-json\/wp\/v2\/pages\/31367","targetHints":{"allow":["GET"]}}],"collection":[{"href":"https:\/\/www.accuratereviews.com\/it\/wp-json\/wp\/v2\/pages"}],"about":[{"href":"https:\/\/www.accuratereviews.com\/it\/wp-json\/wp\/v2\/types\/page"}],"author":[{"embeddable":true,"href":"https:\/\/www.accuratereviews.com\/it\/wp-json\/wp\/v2\/users\/19"}],"replies":[{"embeddable":true,"href":"https:\/\/www.accuratereviews.com\/it\/wp-json\/wp\/v2\/comments?post=31367"}],"version-history":[{"count":10,"href":"https:\/\/www.accuratereviews.com\/it\/wp-json\/wp\/v2\/pages\/31367\/revisions"}],"predecessor-version":[{"id":31393,"href":"https:\/\/www.accuratereviews.com\/it\/wp-json\/wp\/v2\/pages\/31367\/revisions\/31393"}],"up":[{"embeddable":true,"href":"https:\/\/www.accuratereviews.com\/it\/wp-json\/wp\/v2\/pages\/31329"}],"wp:featuredmedia":[{"embeddable":true,"href":"https:\/\/www.accuratereviews.com\/it\/wp-json\/wp\/v2\/media\/31369"}],"wp:attachment":[{"href":"https:\/\/www.accuratereviews.com\/it\/wp-json\/wp\/v2\/media?parent=31367"}],"wp:term":[{"taxonomy":"category","embeddable":true,"href":"https:\/\/www.accuratereviews.com\/it\/wp-json\/wp\/v2\/categories?post=31367"},{"taxonomy":"post_tag","embeddable":true,"href":"https:\/\/www.accuratereviews.com\/it\/wp-json\/wp\/v2\/tags?post=31367"},{"taxonomy":"features","embeddable":true,"href":"https:\/\/www.accuratereviews.com\/it\/wp-json\/wp\/v2\/features?post=31367"}],"curies":[{"name":"wp","href":"https:\/\/api.w.org\/{rel}","templated":true}]}}