{"id":31380,"date":"2020-10-21T09:39:24","date_gmt":"2020-10-21T09:39:24","guid":{"rendered":"https:\/\/www.accuratereviews.com\/?page_id=31380"},"modified":"2020-10-21T09:39:24","modified_gmt":"2020-10-21T09:39:24","slug":"total-management-recensione","status":"publish","type":"page","link":"https:\/\/www.accuratereviews.com\/it\/gestionali-immobiliare-lista-software\/total-management-recensione\/","title":{"rendered":"Total Management"},"content":{"rendered":"<p><strong>Total Management<\/strong> \u00e8 una soluzione di <strong>gestione della propriet\u00e0<\/strong> basata su <strong>cloud<\/strong> adatta per organizzazioni di medie e grandi dimensioni che gestiscono appartamenti, portfolio misto e spazi commerciali o di vendita al dettaglio. Il software\u00a0aiuta gli utenti a svolgere pi\u00f9 attivit\u00e0 in multitasking navigando su pi\u00f9 schermate in un unico browser web senza utilizzare schede, simili alle schermate presenti in Quickbooks. La soluzione offre la possibilit\u00e0 di navigare all&#8217;interno del sistema in base alle preferenze dell&#8217;utente. Il programma\u00a0aiuta a ridurre i processi che richiedono tempo a un solo passaggio, inclusi trasferimenti e attivit\u00e0 contabili. <strong>Total Management<\/strong> offre funzionalit\u00e0 aggiuntive che includono il rilevatore di fatture duplicate, l&#8217;invio di messaggi di testo sugli ordini di lavoro dei dipendenti, un sistema di riconciliazione fiscale \/ CAM e altro. Dispone inoltre di un sistema di supporto tramite chat dal vivo, in modo che gli utenti possano parlare con un rappresentante qualificato.<\/p>\n<h2>TOTAL MANAGEMENT &#8211; TUTORIAL<\/h2>\n<p>Guardiamo il tutorial per vedere come sfruttare al meglio questo<strong> software gestionale per immobili<\/strong>:<\/p>\n<div id=\"fluid-wrapper-counter-1\" class=\"g1-fluid-wrapper \" style=\"width:686px;\">\n<div style=\"padding-bottom:56.268221574344%;\"><iframe loading=\"lazy\" title=\"Total Management   Web based property management software  amp; accounting software\" width=\"686\" height=\"386\" src=\"https:\/\/www.youtube.com\/embed\/0rMUohrjVAI?feature=oembed&amp;wmode=transparent&amp;autohide=1&amp;autoplay=0&amp;disablekb=0&amp;fs=1&amp;loop=0&amp;enablejsapi=1&amp;rel=0&amp;controls=2&amp;showinfo=0&amp;wmode=transparent&amp;autohide=2&amp;autoplay=0&amp;disablekb=0&amp;fs=1&amp;loop=0&amp;enablejsapi=1&amp;rel=0&amp;controls=2&amp;showinfo=1\" frameborder=\"0\" allow=\"accelerometer; autoplay; clipboard-write; encrypted-media; gyroscope; picture-in-picture\" allowfullscreen><\/iframe><\/div>\n<\/div>\n<h3>TOTAL MANAGEMENT &#8211; CARATTERISTICHE<\/h3>\n<ul>\n<li>Elaborazione pagamenti ACH<\/li>\n<li>Gestione contabile<\/li>\n<li>Dashboard delle attivit\u00e0<\/li>\n<li>Monitoraggio delle attivit\u00e0<\/li>\n<li>Reportistica ad hoc<\/li>\n<li>Notifiche automatiche<\/li>\n<li>Screening in background<\/li>\n<li>Riconciliazione bancaria<\/li>\n<li>Fatturazione<\/li>\n<li>Controllo del budget<\/li>\n<li>Gestione della comunicazione<\/li>\n<li>Database dei contatti<\/li>\n<li>Mappatura dei dati<\/li>\n<li>Generazione e archiviazione di documenti<\/li>\n<li>Presentazione elettronica<\/li>\n<li>Self Service dei dipendenti<\/li>\n<li>Monitoraggio delle spese<\/li>\n<li>Analisi finanziaria<\/li>\n<li>Gestione finanziaria<\/li>\n<li>Pianificazione della manutenzione<\/li>\n<li>Gestione del portafoglio<\/li>\n<li>Rapporti e statistiche<\/li>\n<li>Gestione delle imposte sulle vendite<\/li>\n<li>Funzionalit\u00e0 di ricerca<\/li>\n<li>Portale self-service<\/li>\n<li>Monitoraggio dello stato<\/li>\n<li>Gestione utenti, fornitori e ordini di lavoro<\/li>\n<\/ul>\n<h4>LE RECENSIONE DEGLI UTENTI<\/h4>\n<h4 class=\"font-weight-bold mb-1 d-flex align-items-center\">Doug M.&#8221;La gestione totale cambia completamente la nostra azienda&#8221;<\/h4>\n<p><strong>Commenti: <\/strong>Amministravamo la nostra gestione della propriet\u00e0 utilizzando diversi programmi di diverse persone diverse. Di conseguenza, diversi programmi avevano informazioni contrastanti. Passando a Total Management, tutti hanno le stesse informazioni. Anche le informazioni che forniamo agli istituti di credito ora sembrano professionali e coerenti. Total Management ha migliorato la nostra redditivit\u00e0 dandoci informazioni che non avevamo mai avuto prima e aumenta le nostre collezioni. Total Management non \u00e8 cos\u00ec costoso. Se la tua azienda sta cercando di gestire le sue propriet\u00e0 utilizzando QuickBooks, stai commettendo un grosso errore se non passi a Gestione totale.<\/p>\n<p><strong>Vantaggi: <\/strong>Basato sul Web in modo che possa essere utilizzato ovunque con una connessione Internet. Ti consente di portare tutte le tue informazioni alle riunioni e rispondere alle domande sul posto. Dopo averlo usato per un paio di settimane, diventa facile da usare. Il servizio clienti \u00e8 eccellente. Offre il 99% delle funzionalit\u00e0 di cui abbiamo bisogno. Il software che aveva il 100% di ci\u00f2 di cui abbiamo bisogno \u00e8 1000 volte pi\u00f9 costoso. Non vale il costo aggiuntivo per le poche funzioni utili extra.<\/p>\n<p><strong>Inconvenienti: <\/strong>C&#8217;\u00e8 una curva di apprendimento e non \u00e8 intuitiva, ma non so se un software sarebbe molto intuitivo.<\/p>\n<h4 class=\"font-weight-bold mb-1 d-flex align-items-center\">Eric M.&#8221;Se stai cercando semplicemente la gestione totale dei tuoi affitti \u00e8 la strada da percorrere!&#8221;<\/h4>\n<p><strong>Commenti: <\/strong>Utilizziamo la gestione totale da circa 3 anni e ha avuto un impatto cos\u00ec positivo per noi. Ci ha semplificato tante cose. Dal fatto che, indipendentemente da dove vada, posso accedere a un computer e ottenere informazioni di contatto su un inquilino, all&#8217;accesso a un problema con loro. Inoltre, il semplice processo se un inquilino \u00e8 in ritardo pu\u00f2 semplicemente premere un paio di pulsanti e stampare un avviso di ritardo. Ho cercato per un paio di mesi per trovare un&#8217;azienda che fosse in grado di soddisfare le nostre esigenze e sono felice di averlo provato!<\/p>\n<p><strong>Vantaggi: <\/strong>Accesso in qualsiasi parte del mondo.<\/p>\n<p><strong>Inconvenienti: <\/strong>Nessuna app per smartphone ancora, ma \u00e8 ancora possibile utilizzarla utilizzando il browser.<\/p>\n<h4 class=\"font-weight-bold mb-1 d-flex align-items-center\">Joe M.&#8221;Software PM nel complesso molto buono&#8221;<\/h4>\n<p><strong>Commenti: <\/strong>Total Management \u00e8 un solido strumento di PM online. C&#8217;\u00e8 una curva di apprendimento e una discreta quantit\u00e0 di formazione coinvolti quando si inizia per la prima volta la Meditazione Trascendentale. Dopo aver usato la Meditazione Trascendentale per una o due settimane, la maggior parte delle cose \u00e8 piuttosto semplice. Se hai una domanda, lo strumento di auto \u00e8 molto utile. Se sono necessarie ulteriori informazioni, il supporto \u00e8 sempre stato rapido nel rispondere a tutte le domande che potremmo avere. Sembra che migliorino continuamente l&#8217;esperienza online. Sicuramente user\u00f2 TM per qualsiasi propriet\u00e0 futura che acquisiremo.<\/p>\n<p><strong>Vantaggi: <\/strong>Una volta capito, la facilit\u00e0 d&#8217;uso \u00e8 fantastica<\/p>\n<p><strong>Inconvenienti: <\/strong>Il calendario potrebbe essere d&#8217;aiuto. Quando faccio clic su un intervallo di date in futuro, la data di fine pu\u00f2 entrare in conflitto con la data di inizio.<\/p>\n","protected":false},"excerpt":{"rendered":"<p>Total Management \u00e8 una soluzione di gestione della propriet\u00e0 basata su cloud adatta per organizzazioni di medie e grandi dimensioni che gestiscono appartamenti, portfolio misto e spazi commerciali o di vendita al dettaglio. Il software\u00a0aiuta gli utenti a svolgere pi\u00f9 attivit\u00e0 in multitasking navigando su pi\u00f9 schermate in un unico browser web senza utilizzare schede, simili alle schermate presenti in Quickbooks.<\/p>\n","protected":false},"author":19,"featured_media":31381,"parent":31329,"menu_order":0,"comment_status":"open","ping_status":"closed","template":"g1_template_page_review_new.php","meta":{"_acf_changed":false,"cwp_meta_box_check":"Yes","cwp_rev_product_name":"","cwp_rev_product_image":"","wppr_links":[],"cwp_rev_price":"","wppr_options":[],"wppr_pros":[],"wppr_cons":[],"_monsterinsights_skip_tracking":false,"_monsterinsights_sitenote_active":false,"_monsterinsights_sitenote_note":"","_monsterinsights_sitenote_category":0,"footnotes":""},"categories":[3950],"tags":[396,3953,3955,3954,3951,3952,3960],"features":[],"class_list":{"0":"post-31380","1":"page","2":"type-page","3":"status-publish","4":"has-post-thumbnail","6":"category-gestionale-immobiliare-categoria","7":"tag-cloud","8":"tag-gestionale-immobiliare","9":"tag-piattaforma-gestionale-immobiliare","10":"tag-programma-gestionale-immobiliare","11":"tag-software-gestionale-immobiliare","12":"tag-soluzione-gestionale-immobiliare","13":"tag-total-management"},"wppr_data":{"cwp_meta_box_check":"Yes","cwp_rev_product_name":"","cwp_rev_product_image":"","cwp_image_link":"image","cwp_rev_price":"","wppr_rating":"0.00"},"acf":[],"yoast_head":"<!-- This site is optimized with the Yoast SEO plugin v27.4 - https:\/\/yoast.com\/product\/yoast-seo-wordpress\/ -->\n<title>Total Management: recensione gestionale immobili - Accurate Reviews<\/title>\n<meta name=\"description\" content=\"Total Management: recensione soluzione di gestione della propriet\u00e0 basata su cloud adatta per organizzazioni di medie e grandi dimensioni.\" \/>\n<meta name=\"robots\" content=\"index, follow, max-snippet:-1, max-image-preview:large, max-video-preview:-1\" \/>\n<link rel=\"canonical\" href=\"https:\/\/www.accuratereviews.com\/it\/gestionali-immobiliare-lista-software\/total-management-recensione\/\" \/>\n<meta property=\"og:locale\" content=\"it_IT\" \/>\n<meta property=\"og:type\" content=\"article\" \/>\n<meta property=\"og:title\" content=\"Total Management: recensione gestionale immobili - Accurate Reviews\" \/>\n<meta property=\"og:description\" content=\"Total Management: recensione soluzione di gestione della propriet\u00e0 basata su cloud adatta per organizzazioni di medie e grandi dimensioni.\" \/>\n<meta property=\"og:url\" content=\"https:\/\/www.accuratereviews.com\/it\/gestionali-immobiliare-lista-software\/total-management-recensione\/\" \/>\n<meta property=\"og:site_name\" content=\"Accurate Reviews\" \/>\n<meta property=\"og:image\" content=\"https:\/\/www.accuratereviews.com\/wp-content\/uploads\/2020\/10\/Total-Management.png\" \/>\n\t<meta property=\"og:image:width\" content=\"256\" \/>\n\t<meta property=\"og:image:height\" content=\"256\" \/>\n\t<meta property=\"og:image:type\" content=\"image\/png\" \/>\n<meta name=\"twitter:card\" content=\"summary_large_image\" \/>\n<meta name=\"twitter:label1\" content=\"Tempo di lettura stimato\" \/>\n\t<meta name=\"twitter:data1\" content=\"4 minuti\" \/>\n<script type=\"application\/ld+json\" class=\"yoast-schema-graph\">{\"@context\":\"https:\\\/\\\/schema.org\",\"@graph\":[{\"@type\":\"WebPage\",\"@id\":\"https:\\\/\\\/www.accuratereviews.com\\\/it\\\/gestionali-immobiliare-lista-software\\\/total-management-recensione\\\/\",\"url\":\"https:\\\/\\\/www.accuratereviews.com\\\/it\\\/gestionali-immobiliare-lista-software\\\/total-management-recensione\\\/\",\"name\":\"Total Management: recensione gestionale immobili - Accurate Reviews\",\"isPartOf\":{\"@id\":\"https:\\\/\\\/www.accuratereviews.com\\\/it\\\/#website\"},\"primaryImageOfPage\":{\"@id\":\"https:\\\/\\\/www.accuratereviews.com\\\/it\\\/gestionali-immobiliare-lista-software\\\/total-management-recensione\\\/#primaryimage\"},\"image\":{\"@id\":\"https:\\\/\\\/www.accuratereviews.com\\\/it\\\/gestionali-immobiliare-lista-software\\\/total-management-recensione\\\/#primaryimage\"},\"thumbnailUrl\":\"https:\\\/\\\/www.accuratereviews.com\\\/wp-content\\\/uploads\\\/2020\\\/10\\\/Total-Management.png\",\"datePublished\":\"2020-10-21T09:39:24+00:00\",\"description\":\"Total Management: recensione soluzione di gestione della propriet\u00e0 basata su cloud adatta per organizzazioni di medie e grandi dimensioni.\",\"breadcrumb\":{\"@id\":\"https:\\\/\\\/www.accuratereviews.com\\\/it\\\/gestionali-immobiliare-lista-software\\\/total-management-recensione\\\/#breadcrumb\"},\"inLanguage\":\"it-IT\",\"potentialAction\":[{\"@type\":\"ReadAction\",\"target\":[\"https:\\\/\\\/www.accuratereviews.com\\\/it\\\/gestionali-immobiliare-lista-software\\\/total-management-recensione\\\/\"]}]},{\"@type\":\"ImageObject\",\"inLanguage\":\"it-IT\",\"@id\":\"https:\\\/\\\/www.accuratereviews.com\\\/it\\\/gestionali-immobiliare-lista-software\\\/total-management-recensione\\\/#primaryimage\",\"url\":\"https:\\\/\\\/www.accuratereviews.com\\\/wp-content\\\/uploads\\\/2020\\\/10\\\/Total-Management.png\",\"contentUrl\":\"https:\\\/\\\/www.accuratereviews.com\\\/wp-content\\\/uploads\\\/2020\\\/10\\\/Total-Management.png\",\"width\":256,\"height\":256},{\"@type\":\"BreadcrumbList\",\"@id\":\"https:\\\/\\\/www.accuratereviews.com\\\/it\\\/gestionali-immobiliare-lista-software\\\/total-management-recensione\\\/#breadcrumb\",\"itemListElement\":[{\"@type\":\"ListItem\",\"position\":1,\"name\":\"Home\",\"item\":\"https:\\\/\\\/www.accuratereviews.com\\\/it\\\/\"},{\"@type\":\"ListItem\",\"position\":2,\"name\":\"Gestionali immobiliari\",\"item\":\"https:\\\/\\\/www.accuratereviews.com\\\/it\\\/gestionali-immobiliare-lista-software\\\/\"},{\"@type\":\"ListItem\",\"position\":3,\"name\":\"Total Management\"}]},{\"@type\":\"WebSite\",\"@id\":\"https:\\\/\\\/www.accuratereviews.com\\\/it\\\/#website\",\"url\":\"https:\\\/\\\/www.accuratereviews.com\\\/it\\\/\",\"name\":\"Accurate Reviews\",\"description\":\"\",\"potentialAction\":[{\"@type\":\"SearchAction\",\"target\":{\"@type\":\"EntryPoint\",\"urlTemplate\":\"https:\\\/\\\/www.accuratereviews.com\\\/it\\\/?s={search_term_string}\"},\"query-input\":{\"@type\":\"PropertyValueSpecification\",\"valueRequired\":true,\"valueName\":\"search_term_string\"}}],\"inLanguage\":\"it-IT\"}]}<\/script>\n<!-- \/ Yoast SEO plugin. -->","yoast_head_json":{"title":"Total Management: recensione gestionale immobili - Accurate Reviews","description":"Total Management: recensione soluzione di gestione della propriet\u00e0 basata su cloud adatta per organizzazioni di medie e grandi dimensioni.","robots":{"index":"index","follow":"follow","max-snippet":"max-snippet:-1","max-image-preview":"max-image-preview:large","max-video-preview":"max-video-preview:-1"},"canonical":"https:\/\/www.accuratereviews.com\/it\/gestionali-immobiliare-lista-software\/total-management-recensione\/","og_locale":"it_IT","og_type":"article","og_title":"Total Management: recensione gestionale immobili - Accurate Reviews","og_description":"Total Management: recensione soluzione di gestione della propriet\u00e0 basata su cloud adatta per organizzazioni di medie e grandi dimensioni.","og_url":"https:\/\/www.accuratereviews.com\/it\/gestionali-immobiliare-lista-software\/total-management-recensione\/","og_site_name":"Accurate Reviews","og_image":[{"width":256,"height":256,"url":"https:\/\/www.accuratereviews.com\/wp-content\/uploads\/2020\/10\/Total-Management.png","type":"image\/png"}],"twitter_card":"summary_large_image","twitter_misc":{"Tempo di lettura stimato":"4 minuti"},"schema":{"@context":"https:\/\/schema.org","@graph":[{"@type":"WebPage","@id":"https:\/\/www.accuratereviews.com\/it\/gestionali-immobiliare-lista-software\/total-management-recensione\/","url":"https:\/\/www.accuratereviews.com\/it\/gestionali-immobiliare-lista-software\/total-management-recensione\/","name":"Total Management: recensione gestionale immobili - Accurate Reviews","isPartOf":{"@id":"https:\/\/www.accuratereviews.com\/it\/#website"},"primaryImageOfPage":{"@id":"https:\/\/www.accuratereviews.com\/it\/gestionali-immobiliare-lista-software\/total-management-recensione\/#primaryimage"},"image":{"@id":"https:\/\/www.accuratereviews.com\/it\/gestionali-immobiliare-lista-software\/total-management-recensione\/#primaryimage"},"thumbnailUrl":"https:\/\/www.accuratereviews.com\/wp-content\/uploads\/2020\/10\/Total-Management.png","datePublished":"2020-10-21T09:39:24+00:00","description":"Total Management: recensione soluzione di gestione della propriet\u00e0 basata su cloud adatta per organizzazioni di medie e grandi dimensioni.","breadcrumb":{"@id":"https:\/\/www.accuratereviews.com\/it\/gestionali-immobiliare-lista-software\/total-management-recensione\/#breadcrumb"},"inLanguage":"it-IT","potentialAction":[{"@type":"ReadAction","target":["https:\/\/www.accuratereviews.com\/it\/gestionali-immobiliare-lista-software\/total-management-recensione\/"]}]},{"@type":"ImageObject","inLanguage":"it-IT","@id":"https:\/\/www.accuratereviews.com\/it\/gestionali-immobiliare-lista-software\/total-management-recensione\/#primaryimage","url":"https:\/\/www.accuratereviews.com\/wp-content\/uploads\/2020\/10\/Total-Management.png","contentUrl":"https:\/\/www.accuratereviews.com\/wp-content\/uploads\/2020\/10\/Total-Management.png","width":256,"height":256},{"@type":"BreadcrumbList","@id":"https:\/\/www.accuratereviews.com\/it\/gestionali-immobiliare-lista-software\/total-management-recensione\/#breadcrumb","itemListElement":[{"@type":"ListItem","position":1,"name":"Home","item":"https:\/\/www.accuratereviews.com\/it\/"},{"@type":"ListItem","position":2,"name":"Gestionali immobiliari","item":"https:\/\/www.accuratereviews.com\/it\/gestionali-immobiliare-lista-software\/"},{"@type":"ListItem","position":3,"name":"Total Management"}]},{"@type":"WebSite","@id":"https:\/\/www.accuratereviews.com\/it\/#website","url":"https:\/\/www.accuratereviews.com\/it\/","name":"Accurate Reviews","description":"","potentialAction":[{"@type":"SearchAction","target":{"@type":"EntryPoint","urlTemplate":"https:\/\/www.accuratereviews.com\/it\/?s={search_term_string}"},"query-input":{"@type":"PropertyValueSpecification","valueRequired":true,"valueName":"search_term_string"}}],"inLanguage":"it-IT"}]}},"_links":{"self":[{"href":"https:\/\/www.accuratereviews.com\/it\/wp-json\/wp\/v2\/pages\/31380","targetHints":{"allow":["GET"]}}],"collection":[{"href":"https:\/\/www.accuratereviews.com\/it\/wp-json\/wp\/v2\/pages"}],"about":[{"href":"https:\/\/www.accuratereviews.com\/it\/wp-json\/wp\/v2\/types\/page"}],"author":[{"embeddable":true,"href":"https:\/\/www.accuratereviews.com\/it\/wp-json\/wp\/v2\/users\/19"}],"replies":[{"embeddable":true,"href":"https:\/\/www.accuratereviews.com\/it\/wp-json\/wp\/v2\/comments?post=31380"}],"version-history":[{"count":7,"href":"https:\/\/www.accuratereviews.com\/it\/wp-json\/wp\/v2\/pages\/31380\/revisions"}],"predecessor-version":[{"id":31392,"href":"https:\/\/www.accuratereviews.com\/it\/wp-json\/wp\/v2\/pages\/31380\/revisions\/31392"}],"up":[{"embeddable":true,"href":"https:\/\/www.accuratereviews.com\/it\/wp-json\/wp\/v2\/pages\/31329"}],"wp:featuredmedia":[{"embeddable":true,"href":"https:\/\/www.accuratereviews.com\/it\/wp-json\/wp\/v2\/media\/31381"}],"wp:attachment":[{"href":"https:\/\/www.accuratereviews.com\/it\/wp-json\/wp\/v2\/media?parent=31380"}],"wp:term":[{"taxonomy":"category","embeddable":true,"href":"https:\/\/www.accuratereviews.com\/it\/wp-json\/wp\/v2\/categories?post=31380"},{"taxonomy":"post_tag","embeddable":true,"href":"https:\/\/www.accuratereviews.com\/it\/wp-json\/wp\/v2\/tags?post=31380"},{"taxonomy":"features","embeddable":true,"href":"https:\/\/www.accuratereviews.com\/it\/wp-json\/wp\/v2\/features?post=31380"}],"curies":[{"name":"wp","href":"https:\/\/api.w.org\/{rel}","templated":true}]}}