{"id":31394,"date":"2020-10-22T10:32:30","date_gmt":"2020-10-22T10:32:30","guid":{"rendered":"https:\/\/www.accuratereviews.com\/?page_id=31394"},"modified":"2020-10-22T10:32:30","modified_gmt":"2020-10-22T10:32:30","slug":"re-leased-recensione","status":"publish","type":"page","link":"https:\/\/www.accuratereviews.com\/it\/gestionali-immobiliare-lista-software\/re-leased-recensione\/","title":{"rendered":"Re-Leased"},"content":{"rendered":"<p>Il <strong>software di gestione della propriet\u00e0<\/strong> <strong>Re-Leased<\/strong> \u00e8 progettato per proprietari e gestori di immobili sia ad uso commerciale che abitativo. La\u00a0dashboard interattiva consente agli utenti di amministrare le attivit\u00e0 imminenti e di visualizzare analisi basate su dati in tempo reale, come i contratti di locazione con i pi\u00f9 alti guadagni o la percentuale di propriet\u00e0 occupate e i report di profitti e perdite. Pu\u00f2 anche essere personalizzato per includere promemoria di attivit\u00e0 e informazioni su eventuali locazioni in scadenza, revisioni degli affitti dovute o manutenzione della propriet\u00e0 richiesta.\u00a0<strong>Re-Leased<\/strong> pu\u00f2 anche essere impostato per addebitare automaticamente agli inquilini le somme dovute nonch\u00e9 per raccogliere e inviare direttamente via email gli ordini di lavoro agli appaltatori per qualsiasi manutenzione della propriet\u00e0. Hub delle ispezioni \u00e8 progettato per fornire una panoramica delle ispezioni imminenti in un unico punto di facile navigazione.<\/p>\n<h2>RE-LEASED &#8211; TUTORIAL<\/h2>\n<p>Vediamo come utilizzare l&#8217;applicazione mobile di questo <strong>software gestionale per immobili<\/strong>:<\/p>\n<div id=\"fluid-wrapper-counter-1\" class=\"g1-fluid-wrapper \" style=\"width:686px;\">\n<div style=\"padding-bottom:56.268221574344%;\"><iframe loading=\"lazy\" title=\"Re-Leased Property Manager Mobile App\" width=\"686\" height=\"386\" src=\"https:\/\/www.youtube.com\/embed\/Jkdpm7VWtcY?feature=oembed&amp;wmode=transparent&amp;autohide=1&amp;autoplay=0&amp;disablekb=0&amp;fs=1&amp;loop=0&amp;enablejsapi=1&amp;rel=0&amp;controls=2&amp;showinfo=0&amp;wmode=transparent&amp;autohide=2&amp;autoplay=0&amp;disablekb=0&amp;fs=1&amp;loop=0&amp;enablejsapi=1&amp;rel=0&amp;controls=2&amp;showinfo=1\" frameborder=\"0\" allow=\"accelerometer; autoplay; clipboard-write; encrypted-media; gyroscope; picture-in-picture\" allowfullscreen><\/iframe><\/div>\n<\/div>\n<h3>RE-LEASED &#8211; CARATTERISTICHE<\/h3>\n<ul>\n<li><strong>Gestione delle attivit\u00e0 quotidiane<\/strong>: tieni tutti i tuoi dati, l&#8217;analisi e i clienti in un unico posto<\/li>\n<li><strong>Automazione per leasing e fatture<\/strong>: l&#8217;automazione del flusso di lavoro leader del settore consente ai manager di completare attivit\u00e0 ripetitive in pochi secondi<\/li>\n<li><strong>Collaborazione sul posto di lavoro<\/strong>: collabora con il tuo team, condividi approfondimenti con i proprietari, interagisci con inquilini e commercianti<\/li>\n<li><strong>Progettato per facilit\u00e0 d&#8217;uso<\/strong>: ottieni di pi\u00f9 in meno tempo con un software facile da usare<\/li>\n<li><strong>App cloud aggiuntive<\/strong>: personalizza la tua esperienza con componenti aggiuntivi ad alte prestazioni che si adattano alle tue esigenze<\/li>\n<li><strong>Innovazione tecnologica continua<\/strong>: la soluzione \u00e8 all&#8217;avanguardia nel design mobile e nell&#8217;innovazione cloud<\/li>\n<\/ul>\n<h4>LE RECENSIONI DEGLI UTENTI<\/h4>\n<h4 class=\"font-weight-bold mb-1 d-flex align-items-center\">Kathleen O.&#8221;Cambio di gioco!&#8221;<\/h4>\n<p><strong>Vantaggi: <\/strong>Re-Leased \u00e8 un software molto preciso e pulito da usare. Mi ha fatto risparmiare centinaia di ore a caccia di fatture, pagamenti e monitoraggio della manutenzione per la mia attivit\u00e0! Ma quello che mi piace di pi\u00f9 \u00e8 quanto sia veloce, efficiente e incredibilmente cordiale il team di assistenza clienti! Grandi Kim e Carolyn! Tutto pu\u00f2 essere fatto da qualsiasi luogo, purch\u00e9 tu abbia una connessione Internet!<\/p>\n<p><strong>Inconvenienti: <\/strong>Devo ammettere che non sono la persona di account pi\u00f9 esperta, quindi la parte di contabilit\u00e0 fiduciaria del software tende ad essere un po &#8216;noiosa! Ma ancora una volta, ogni volta che ho una domanda il team risponde immediatamente con la soluzione!<\/p>\n<h4 class=\"font-weight-bold mb-1 d-flex align-items-center\">Laura M.&#8221;Usiamo questo software per aiutare con la gestione del nostro portafoglio di propriet\u00e0.&#8221;<\/h4>\n<p><strong>Vantaggi: <\/strong>Siamo in costante crescita, quindi avevamo bisogno di un sistema che si collegasse a xero per le fatture e da qualche parte per archiviare tutti i dati per le propriet\u00e0 che abbiamo oltremare.<\/p>\n<p><strong>Inconvenienti: <\/strong>Non credo che sia il software pi\u00f9 semplice da utilizzare per quanto riguarda l&#8217;aggiunta di dati e date per promemoria per la sicurezza annuale del gas, epcs, ispezioni ecc. Non credo che i rapporti funzionino bene in base alle informazioni che stiamo immettendo nel sistema. Potrebbe trattarsi di un errore dell&#8217;utente, ma non otteniamo alcun dato sulle percentuali di sfitto ecc. Sarebbe utile disporre di questi dati poich\u00e9 attualmente teniamo separati tutti i nostri rapporti sui fogli Excel e sarebbe bene avere tutto in un unico posto. Anche in questo caso potrebbe trattarsi di un errore dell&#8217;utente ma non siamo stati in grado di capire come usarlo.Forse potremmo organizzare un tutto per superare questo.<\/p>\n<h4 class=\"font-weight-bold mb-1 d-flex align-items-center\">Wilma H.&#8221;Nel complesso un ottimo sistema da usare.&#8221;<\/h4>\n<p><strong>Vantaggi: <\/strong>Mi piace il fatto che produca automaticamente fatture di affitto. Quindi non c&#8217;\u00e8 bisogno di preoccuparsi di perdere le date di scadenza.<br \/>\nMi piace la possibilit\u00e0 di inviare lettere di arretrato ecc.<br \/>\nUn buon hub di manutenzione e ordini di lavori \u00e8 semplice e molto efficace.<br \/>\n\u00c8 fantastico poter conservare quante pi\u00f9 informazioni nelle cartelle Note e Documenti. Questo \u00e8 un enorme miglioramento rispetto al nostro sistema precedente.<br \/>\nMi piace il modo in cui puoi caricare documenti come foto ecc. E archiviarli nelle propriet\u00e0.<\/p>\n<p><strong>Inconvenienti: <\/strong>I rapporti non corrispondono esattamente a quelli del nostro sistema precedente.<br \/>\nDato che non ero il creatore, il sistema non mi consente di svolgere determinate attivit\u00e0 e questo \u00e8 frustrante.\u00a0\u00c8 un po &#8216;complicato quando la data di inizio non corrisponde alle date di noleggio. Seleziona automaticamente la data di inizio per creare le fatture e utilizziamo le date dal primo all&#8217;ultimo del mese o le date del trimestre scozzese.<\/p>\n","protected":false},"excerpt":{"rendered":"<p>Il software di gestione della propriet\u00e0 Re-Leased \u00e8 progettato per proprietari e gestori di immobili sia ad uso commerciale che abitativo. La\u00a0dashboard interattiva consente agli utenti di amministrare le attivit\u00e0 imminenti e di visualizzare analisi basate su dati in tempo reale, come i contratti di locazione con i pi\u00f9 alti guadagni o la percentuale di propriet\u00e0 occupate e i report di profitti e perdite.<\/p>\n","protected":false},"author":19,"featured_media":31395,"parent":31329,"menu_order":0,"comment_status":"open","ping_status":"closed","template":"g1_template_page_review_new.php","meta":{"_acf_changed":false,"cwp_meta_box_check":"Yes","cwp_rev_product_name":"","cwp_rev_product_image":"","wppr_links":[],"cwp_rev_price":"","wppr_options":[],"wppr_pros":[],"wppr_cons":[],"_monsterinsights_skip_tracking":false,"_monsterinsights_sitenote_active":false,"_monsterinsights_sitenote_note":"","_monsterinsights_sitenote_category":0,"footnotes":""},"categories":[3950],"tags":[396,3967,3971,3970,3977,3968,3969],"features":[],"class_list":{"0":"post-31394","1":"page","2":"type-page","3":"status-publish","4":"has-post-thumbnail","6":"category-gestionale-immobiliare-categoria","7":"tag-cloud","8":"tag-gestionale-per-immobili","9":"tag-piattaforma-gestionale-per-immobili","10":"tag-programma-gestionale-per-immobili","11":"tag-re-leased","12":"tag-software-gestionale-per-immobili","13":"tag-soluzione-gestionale-per-immobili"},"wppr_data":{"cwp_meta_box_check":"Yes","cwp_rev_product_name":"","cwp_rev_product_image":"","cwp_image_link":"image","cwp_rev_price":"","wppr_rating":"0.00"},"acf":[],"yoast_head":"<!-- This site is optimized with the Yoast SEO plugin v27.4 - https:\/\/yoast.com\/product\/yoast-seo-wordpress\/ -->\n<title>Re-Leased: recensione software gestionale di propiet\u00e0 - Accurate Reviews<\/title>\n<meta name=\"description\" content=\"Re-Leased: recensione software gestionale di propiet\u00e0 progettato per proprietari e gestori di immobili sia ad uso commerciale che abitativo.\" \/>\n<meta name=\"robots\" content=\"index, follow, max-snippet:-1, max-image-preview:large, max-video-preview:-1\" \/>\n<link rel=\"canonical\" href=\"https:\/\/www.accuratereviews.com\/it\/gestionali-immobiliare-lista-software\/re-leased-recensione\/\" \/>\n<meta property=\"og:locale\" content=\"it_IT\" \/>\n<meta property=\"og:type\" content=\"article\" \/>\n<meta property=\"og:title\" content=\"Re-Leased: recensione software gestionale di propiet\u00e0 - Accurate Reviews\" \/>\n<meta property=\"og:description\" content=\"Re-Leased: recensione software gestionale di propiet\u00e0 progettato per proprietari e gestori di immobili sia ad uso commerciale che abitativo.\" \/>\n<meta property=\"og:url\" content=\"https:\/\/www.accuratereviews.com\/it\/gestionali-immobiliare-lista-software\/re-leased-recensione\/\" \/>\n<meta property=\"og:site_name\" content=\"Accurate Reviews\" \/>\n<meta property=\"og:image\" content=\"https:\/\/www.accuratereviews.com\/wp-content\/uploads\/2020\/10\/Re-leased-logo.svg_.png\" \/>\n\t<meta property=\"og:image:width\" content=\"1200\" \/>\n\t<meta property=\"og:image:height\" content=\"1200\" \/>\n\t<meta property=\"og:image:type\" content=\"image\/png\" \/>\n<meta name=\"twitter:card\" content=\"summary_large_image\" \/>\n<meta name=\"twitter:label1\" content=\"Tempo di lettura stimato\" \/>\n\t<meta name=\"twitter:data1\" content=\"4 minuti\" \/>\n<script type=\"application\/ld+json\" class=\"yoast-schema-graph\">{\"@context\":\"https:\\\/\\\/schema.org\",\"@graph\":[{\"@type\":\"WebPage\",\"@id\":\"https:\\\/\\\/www.accuratereviews.com\\\/it\\\/gestionali-immobiliare-lista-software\\\/re-leased-recensione\\\/\",\"url\":\"https:\\\/\\\/www.accuratereviews.com\\\/it\\\/gestionali-immobiliare-lista-software\\\/re-leased-recensione\\\/\",\"name\":\"Re-Leased: recensione software gestionale di propiet\u00e0 - Accurate Reviews\",\"isPartOf\":{\"@id\":\"https:\\\/\\\/www.accuratereviews.com\\\/it\\\/#website\"},\"primaryImageOfPage\":{\"@id\":\"https:\\\/\\\/www.accuratereviews.com\\\/it\\\/gestionali-immobiliare-lista-software\\\/re-leased-recensione\\\/#primaryimage\"},\"image\":{\"@id\":\"https:\\\/\\\/www.accuratereviews.com\\\/it\\\/gestionali-immobiliare-lista-software\\\/re-leased-recensione\\\/#primaryimage\"},\"thumbnailUrl\":\"https:\\\/\\\/www.accuratereviews.com\\\/wp-content\\\/uploads\\\/2020\\\/10\\\/Re-leased-logo.svg_.png\",\"datePublished\":\"2020-10-22T10:32:30+00:00\",\"description\":\"Re-Leased: recensione software gestionale di propiet\u00e0 progettato per proprietari e gestori di immobili sia ad uso commerciale che abitativo.\",\"breadcrumb\":{\"@id\":\"https:\\\/\\\/www.accuratereviews.com\\\/it\\\/gestionali-immobiliare-lista-software\\\/re-leased-recensione\\\/#breadcrumb\"},\"inLanguage\":\"it-IT\",\"potentialAction\":[{\"@type\":\"ReadAction\",\"target\":[\"https:\\\/\\\/www.accuratereviews.com\\\/it\\\/gestionali-immobiliare-lista-software\\\/re-leased-recensione\\\/\"]}]},{\"@type\":\"ImageObject\",\"inLanguage\":\"it-IT\",\"@id\":\"https:\\\/\\\/www.accuratereviews.com\\\/it\\\/gestionali-immobiliare-lista-software\\\/re-leased-recensione\\\/#primaryimage\",\"url\":\"https:\\\/\\\/www.accuratereviews.com\\\/wp-content\\\/uploads\\\/2020\\\/10\\\/Re-leased-logo.svg_.png\",\"contentUrl\":\"https:\\\/\\\/www.accuratereviews.com\\\/wp-content\\\/uploads\\\/2020\\\/10\\\/Re-leased-logo.svg_.png\",\"width\":1200,\"height\":1200},{\"@type\":\"BreadcrumbList\",\"@id\":\"https:\\\/\\\/www.accuratereviews.com\\\/it\\\/gestionali-immobiliare-lista-software\\\/re-leased-recensione\\\/#breadcrumb\",\"itemListElement\":[{\"@type\":\"ListItem\",\"position\":1,\"name\":\"Home\",\"item\":\"https:\\\/\\\/www.accuratereviews.com\\\/it\\\/\"},{\"@type\":\"ListItem\",\"position\":2,\"name\":\"Gestionali immobiliari\",\"item\":\"https:\\\/\\\/www.accuratereviews.com\\\/it\\\/gestionali-immobiliare-lista-software\\\/\"},{\"@type\":\"ListItem\",\"position\":3,\"name\":\"Re-Leased\"}]},{\"@type\":\"WebSite\",\"@id\":\"https:\\\/\\\/www.accuratereviews.com\\\/it\\\/#website\",\"url\":\"https:\\\/\\\/www.accuratereviews.com\\\/it\\\/\",\"name\":\"Accurate Reviews\",\"description\":\"\",\"potentialAction\":[{\"@type\":\"SearchAction\",\"target\":{\"@type\":\"EntryPoint\",\"urlTemplate\":\"https:\\\/\\\/www.accuratereviews.com\\\/it\\\/?s={search_term_string}\"},\"query-input\":{\"@type\":\"PropertyValueSpecification\",\"valueRequired\":true,\"valueName\":\"search_term_string\"}}],\"inLanguage\":\"it-IT\"}]}<\/script>\n<!-- \/ Yoast SEO plugin. -->","yoast_head_json":{"title":"Re-Leased: recensione software gestionale di propiet\u00e0 - Accurate Reviews","description":"Re-Leased: recensione software gestionale di propiet\u00e0 progettato per proprietari e gestori di immobili sia ad uso commerciale che abitativo.","robots":{"index":"index","follow":"follow","max-snippet":"max-snippet:-1","max-image-preview":"max-image-preview:large","max-video-preview":"max-video-preview:-1"},"canonical":"https:\/\/www.accuratereviews.com\/it\/gestionali-immobiliare-lista-software\/re-leased-recensione\/","og_locale":"it_IT","og_type":"article","og_title":"Re-Leased: recensione software gestionale di propiet\u00e0 - Accurate Reviews","og_description":"Re-Leased: recensione software gestionale di propiet\u00e0 progettato per proprietari e gestori di immobili sia ad uso commerciale che abitativo.","og_url":"https:\/\/www.accuratereviews.com\/it\/gestionali-immobiliare-lista-software\/re-leased-recensione\/","og_site_name":"Accurate Reviews","og_image":[{"width":1200,"height":1200,"url":"https:\/\/www.accuratereviews.com\/wp-content\/uploads\/2020\/10\/Re-leased-logo.svg_.png","type":"image\/png"}],"twitter_card":"summary_large_image","twitter_misc":{"Tempo di lettura stimato":"4 minuti"},"schema":{"@context":"https:\/\/schema.org","@graph":[{"@type":"WebPage","@id":"https:\/\/www.accuratereviews.com\/it\/gestionali-immobiliare-lista-software\/re-leased-recensione\/","url":"https:\/\/www.accuratereviews.com\/it\/gestionali-immobiliare-lista-software\/re-leased-recensione\/","name":"Re-Leased: recensione software gestionale di propiet\u00e0 - Accurate Reviews","isPartOf":{"@id":"https:\/\/www.accuratereviews.com\/it\/#website"},"primaryImageOfPage":{"@id":"https:\/\/www.accuratereviews.com\/it\/gestionali-immobiliare-lista-software\/re-leased-recensione\/#primaryimage"},"image":{"@id":"https:\/\/www.accuratereviews.com\/it\/gestionali-immobiliare-lista-software\/re-leased-recensione\/#primaryimage"},"thumbnailUrl":"https:\/\/www.accuratereviews.com\/wp-content\/uploads\/2020\/10\/Re-leased-logo.svg_.png","datePublished":"2020-10-22T10:32:30+00:00","description":"Re-Leased: recensione software gestionale di propiet\u00e0 progettato per proprietari e gestori di immobili sia ad uso commerciale che abitativo.","breadcrumb":{"@id":"https:\/\/www.accuratereviews.com\/it\/gestionali-immobiliare-lista-software\/re-leased-recensione\/#breadcrumb"},"inLanguage":"it-IT","potentialAction":[{"@type":"ReadAction","target":["https:\/\/www.accuratereviews.com\/it\/gestionali-immobiliare-lista-software\/re-leased-recensione\/"]}]},{"@type":"ImageObject","inLanguage":"it-IT","@id":"https:\/\/www.accuratereviews.com\/it\/gestionali-immobiliare-lista-software\/re-leased-recensione\/#primaryimage","url":"https:\/\/www.accuratereviews.com\/wp-content\/uploads\/2020\/10\/Re-leased-logo.svg_.png","contentUrl":"https:\/\/www.accuratereviews.com\/wp-content\/uploads\/2020\/10\/Re-leased-logo.svg_.png","width":1200,"height":1200},{"@type":"BreadcrumbList","@id":"https:\/\/www.accuratereviews.com\/it\/gestionali-immobiliare-lista-software\/re-leased-recensione\/#breadcrumb","itemListElement":[{"@type":"ListItem","position":1,"name":"Home","item":"https:\/\/www.accuratereviews.com\/it\/"},{"@type":"ListItem","position":2,"name":"Gestionali immobiliari","item":"https:\/\/www.accuratereviews.com\/it\/gestionali-immobiliare-lista-software\/"},{"@type":"ListItem","position":3,"name":"Re-Leased"}]},{"@type":"WebSite","@id":"https:\/\/www.accuratereviews.com\/it\/#website","url":"https:\/\/www.accuratereviews.com\/it\/","name":"Accurate Reviews","description":"","potentialAction":[{"@type":"SearchAction","target":{"@type":"EntryPoint","urlTemplate":"https:\/\/www.accuratereviews.com\/it\/?s={search_term_string}"},"query-input":{"@type":"PropertyValueSpecification","valueRequired":true,"valueName":"search_term_string"}}],"inLanguage":"it-IT"}]}},"_links":{"self":[{"href":"https:\/\/www.accuratereviews.com\/it\/wp-json\/wp\/v2\/pages\/31394","targetHints":{"allow":["GET"]}}],"collection":[{"href":"https:\/\/www.accuratereviews.com\/it\/wp-json\/wp\/v2\/pages"}],"about":[{"href":"https:\/\/www.accuratereviews.com\/it\/wp-json\/wp\/v2\/types\/page"}],"author":[{"embeddable":true,"href":"https:\/\/www.accuratereviews.com\/it\/wp-json\/wp\/v2\/users\/19"}],"replies":[{"embeddable":true,"href":"https:\/\/www.accuratereviews.com\/it\/wp-json\/wp\/v2\/comments?post=31394"}],"version-history":[{"count":8,"href":"https:\/\/www.accuratereviews.com\/it\/wp-json\/wp\/v2\/pages\/31394\/revisions"}],"predecessor-version":[{"id":31416,"href":"https:\/\/www.accuratereviews.com\/it\/wp-json\/wp\/v2\/pages\/31394\/revisions\/31416"}],"up":[{"embeddable":true,"href":"https:\/\/www.accuratereviews.com\/it\/wp-json\/wp\/v2\/pages\/31329"}],"wp:featuredmedia":[{"embeddable":true,"href":"https:\/\/www.accuratereviews.com\/it\/wp-json\/wp\/v2\/media\/31395"}],"wp:attachment":[{"href":"https:\/\/www.accuratereviews.com\/it\/wp-json\/wp\/v2\/media?parent=31394"}],"wp:term":[{"taxonomy":"category","embeddable":true,"href":"https:\/\/www.accuratereviews.com\/it\/wp-json\/wp\/v2\/categories?post=31394"},{"taxonomy":"post_tag","embeddable":true,"href":"https:\/\/www.accuratereviews.com\/it\/wp-json\/wp\/v2\/tags?post=31394"},{"taxonomy":"features","embeddable":true,"href":"https:\/\/www.accuratereviews.com\/it\/wp-json\/wp\/v2\/features?post=31394"}],"curies":[{"name":"wp","href":"https:\/\/api.w.org\/{rel}","templated":true}]}}