{"id":31405,"date":"2020-10-22T10:25:37","date_gmt":"2020-10-22T10:25:37","guid":{"rendered":"https:\/\/www.accuratereviews.com\/?page_id=31405"},"modified":"2020-11-28T10:55:32","modified_gmt":"2020-11-28T10:55:32","slug":"juniper-square-recensione","status":"publish","type":"page","link":"https:\/\/www.accuratereviews.com\/it\/gestionali-immobiliare-lista-software\/juniper-square-recensione\/","title":{"rendered":"Juniper Square"},"content":{"rendered":"<p><strong>Juniper Square<\/strong> \u00e8 una <strong>piattaforma di gestione degli immobili<\/strong> basata su <strong>cloud<\/strong>, che assiste le societ\u00e0 immobiliari nell&#8217;amministrazione dei clienti e nella contabilit\u00e0 delle partnership. Le caratteristiche principali includono la condivisione di file, la gestione dei documenti, la distribuzione dei pagamenti e la reportistica personalizzabile.\u00a0L&#8217;applicazione inoltre consente agli utenti di creare un database per gli investitori attuali e potenziali mantenendo i record di telefonate e riunioni. I manager possono utilizzare questo sistema per organizzare e tenere traccia delle attivit\u00e0 di raccolta fondi, email e condivisione di documenti per i membri del team. I team finanziari possono creare flussi di lavoro basati su regole per l&#8217;elaborazione delle transazioni, valore patrimoniale netto (NAV), distribuire pagamenti agli investitori tramite ACH e controlli automatici.<\/p>\n<h2>JUNIPER SQUARE &#8211; TUTORIAL<\/h2>\n<p>Diamo una occhiata all&#8217;interfaccia di questo<strong> software gestionale per investimenti e immobili<\/strong>:<\/p>\n<div id=\"fluid-wrapper-counter-1\" class=\"g1-fluid-wrapper \" style=\"width:686px;\">\n<div style=\"padding-bottom:56.268221574344%;\"><iframe loading=\"lazy\" title=\"The Investor Experience with Juniper Square\" width=\"686\" height=\"386\" src=\"https:\/\/www.youtube.com\/embed\/h84xzyYOZ1I?feature=oembed&amp;wmode=transparent&amp;autohide=1&amp;autoplay=0&amp;disablekb=0&amp;fs=1&amp;loop=0&amp;enablejsapi=1&amp;rel=0&amp;controls=2&amp;showinfo=0&amp;wmode=transparent&amp;autohide=2&amp;autoplay=0&amp;disablekb=0&amp;fs=1&amp;loop=0&amp;enablejsapi=1&amp;rel=0&amp;controls=2&amp;showinfo=1\" frameborder=\"0\" allow=\"accelerometer; autoplay; clipboard-write; encrypted-media; gyroscope; picture-in-picture\" allowfullscreen><\/iframe><\/div>\n<\/div>\n<h3>JUNIPER SQUARE &#8211; CARATTERISTICHE<\/h3>\n<ul>\n<li><strong>Esperienza senza interruzioni<\/strong>: un approccio incentrato sulla tecnologia mantiene tutti sulla stessa pagina<\/li>\n<li><strong>Aumenta la fiducia degli investitori<\/strong>: crea fiducia con un&#8217;amministrazione trasparente e innovativa<\/li>\n<li><strong>Calcoli completi di cui ti puoi fidare<\/strong>: goditi l&#8217;accesso in tempo reale mentre il team esegue tutti i calcoli di cui hai bisogno.<\/li>\n<li><strong>Trasparenza e reattivit\u00e0 senza precedenti:<\/strong> avvisi, dichiarazioni e rapporti a cui gli investitori accedono su richiesta tramite un portale leader del settore<\/li>\n<li><strong>Pagamenti sicuri e puntuali<\/strong>: risparmia tempo e ottieni visibilit\u00e0 sulle transazioni tramite chiamate di capitale automatizzate, distribuzioni ed elaborazione dei pagamenti<\/li>\n<li><strong>Controlla facilmente controparti e fonti di finanziamento<\/strong>:\u00a0monitoraggio Know Your Customer (KYC) e Watchlist si integrano negli abbonamenti per garantire la sicurezza per tutta la durata di un contratto<\/li>\n<li><strong>Abbonamenti pi\u00f9 efficienti sia per te che per gli investitori<\/strong>: risparmia tempo nella raccolta fondi ed elimina la frustrazione degli investitori con un processo online senza attriti preferito dagli LP<\/li>\n<\/ul>\n<h4>LE RECENSIONI DEGLI UTENTI<\/h4>\n<h4 class=\"font-weight-bold mb-1 d-flex align-items-center\">Lorna H.&#8221;SERVIZIO CLIENTI AL TOP&#8221;<\/h4>\n<p><strong>Vantaggi: <\/strong>Questo software \u00e8 MOLTO facile da imparare e da usare. Il nostro rappresentante dell&#8217;account per il servizio clienti, ha aiutato moltissimo il nostro team! Stiamo riorganizzando i ruoli degli utenti e dobbiamo imparare molto sulla &#8220;migliore funzionalit\u00e0&#8221; per il ruolo giusto. La linea di supporto \u00e8 anche estremamente utile per risposte immediate. Grazie di mantenere il nostro team aggiornato!<\/p>\n<p><strong>Inconvenienti: <\/strong>Ci sono state alcune caratteristiche che vorremmo esistessero e il loro team ci hanno assicurato che alcune di queste caratteristiche minori saranno incluse nella road-map di sviluppo.<\/p>\n<h4 class=\"font-weight-bold mb-1 d-flex align-items-center\">Tina M.&#8221;Juniper Square &#8211; Consiglio vivamente!&#8221;<\/h4>\n<p><strong>Commenti: <\/strong>Nel complesso, abbiamo avuto un&#8217;esperienza molto positiva con Juniper Square. Il loro servizio clienti \u00e8 eccezionale e sempre disponibile ad aiutare.<\/p>\n<p><strong>Vantaggi: <\/strong>Juniper Square offre al nostro team e ai nostri investitori un modo semplice per comunicare, condividere notizie e informazioni importanti e produrre dichiarazioni trimestrali per gli investitori. Ai nostri investitori piace poter accedere alle proprie informazioni attuali e storiche sugli investitori secondo i propri orari e il portale Juniper Square \u00e8 intuitivo e facile da usare. \u00c8 un modo sicuro per comunicare con gli investitori.<\/p>\n<p><strong>Inconvenienti: <\/strong>Vorremmo che i rendiconti trimestrali fossero pi\u00f9 personalizzabili per quanto riguarda il layout e i campi dati che possiamo includere nei rendiconti.<\/p>\n<h4 class=\"font-weight-bold mb-1 d-flex align-items-center\">David L.&#8221;Prodotto fantastico e intuitivo&#8221;<\/h4>\n<p><strong>Commenti: <\/strong>Juniper Square \u00e8 un prodotto 10\/10 che consiglio vivamente a chiunque nel settore immobiliare.<\/p>\n<p><strong>Vantaggi: <\/strong>Juniper Square \u00e8 un prodotto incredibile per amministratori e investitori. \u00c8 un repository di dati tutto in uno, un sistema di gestione degli investitori e un database di investimento. I nostri investitori adorano il portale completo e facile da usare. Il processo di integrazione \u00e8 stato fluido ed \u00e8 stato un enorme aggiornamento rispetto ai nostri sistemi precedenti.<\/p>\n<p><strong>Inconvenienti: <\/strong>Ho avuto pochissimi problemi con il software e il team di Juniper Square \u00e8 incredibilmente reattivo e disponibile nell&#8217;affrontare eventuali problemi.<\/p>\n","protected":false},"excerpt":{"rendered":"<p>Juniper Square \u00e8 una piattaforma di gestione degli immobili basata su cloud, che assiste le societ\u00e0 immobiliari nell&#8217;amministrazione dei clienti e nella contabilit\u00e0 delle partnership. Le caratteristiche principali includono la condivisione di file, la gestione dei documenti, la distribuzione dei pagamenti e la reportistica personalizzabile.\u00a0<\/p>\n","protected":false},"author":19,"featured_media":31407,"parent":31329,"menu_order":0,"comment_status":"open","ping_status":"closed","template":"g1_template_page_review_new.php","meta":{"_acf_changed":false,"cwp_meta_box_check":"Yes","cwp_rev_product_name":"","cwp_rev_product_image":"","wppr_links":[],"cwp_rev_price":"","wppr_options":[],"wppr_pros":[],"wppr_cons":[],"_monsterinsights_skip_tracking":false,"_monsterinsights_sitenote_active":false,"_monsterinsights_sitenote_note":"","_monsterinsights_sitenote_category":0,"footnotes":""},"categories":[3950],"tags":[396,3967,3976,3971,3975,3970,3974,3972,3968,3969,3973],"features":[],"class_list":{"0":"post-31405","1":"page","2":"type-page","3":"status-publish","4":"has-post-thumbnail","6":"category-gestionale-immobiliare-categoria","7":"tag-cloud","8":"tag-gestionale-per-immobili","9":"tag-juniper-square","10":"tag-piattaforma-gestionale-per-immobili","11":"tag-piattaforma-gestionale-per-investimenti","12":"tag-programma-gestionale-per-immobili","13":"tag-programma-gestionale-per-investimenti","14":"tag-software-gestionale-investimenti","15":"tag-software-gestionale-per-immobili","16":"tag-soluzione-gestionale-per-immobili","17":"tag-soluzione-gestionale-per-investimenti"},"wppr_data":{"cwp_meta_box_check":"Yes","cwp_rev_product_name":"","cwp_rev_product_image":"","cwp_image_link":"image","cwp_rev_price":"","wppr_rating":"0.00"},"acf":[],"yoast_head":"<!-- This site is optimized with the Yoast SEO plugin v27.4 - https:\/\/yoast.com\/product\/yoast-seo-wordpress\/ -->\n<title>Juniper Square: recensione gestionale immobili - Accurate Reviews<\/title>\n<meta name=\"description\" content=\"Juniper Square: recensione della piattaforma di gestione degli immobili e degli investimenti efficace basata su cloud.\" \/>\n<meta name=\"robots\" content=\"index, follow, max-snippet:-1, max-image-preview:large, max-video-preview:-1\" \/>\n<link rel=\"canonical\" href=\"https:\/\/www.accuratereviews.com\/it\/gestionali-immobiliare-lista-software\/juniper-square-recensione\/\" \/>\n<meta property=\"og:locale\" content=\"it_IT\" \/>\n<meta property=\"og:type\" content=\"article\" \/>\n<meta property=\"og:title\" content=\"Juniper Square: recensione gestionale immobili - Accurate Reviews\" \/>\n<meta property=\"og:description\" content=\"Juniper Square: recensione della piattaforma di gestione degli immobili e degli investimenti efficace basata su cloud.\" \/>\n<meta property=\"og:url\" content=\"https:\/\/www.accuratereviews.com\/it\/gestionali-immobiliare-lista-software\/juniper-square-recensione\/\" \/>\n<meta property=\"og:site_name\" content=\"Accurate Reviews\" \/>\n<meta property=\"article:modified_time\" content=\"2020-11-28T10:55:32+00:00\" \/>\n<meta property=\"og:image\" content=\"https:\/\/www.accuratereviews.com\/wp-content\/uploads\/2020\/10\/juniper_square.png\" \/>\n\t<meta property=\"og:image:width\" content=\"800\" \/>\n\t<meta property=\"og:image:height\" content=\"400\" \/>\n\t<meta property=\"og:image:type\" content=\"image\/png\" \/>\n<meta name=\"twitter:card\" content=\"summary_large_image\" \/>\n<meta name=\"twitter:label1\" content=\"Tempo di lettura stimato\" \/>\n\t<meta name=\"twitter:data1\" content=\"3 minuti\" \/>\n<script type=\"application\/ld+json\" class=\"yoast-schema-graph\">{\"@context\":\"https:\\\/\\\/schema.org\",\"@graph\":[{\"@type\":\"WebPage\",\"@id\":\"https:\\\/\\\/www.accuratereviews.com\\\/it\\\/gestionali-immobiliare-lista-software\\\/juniper-square-recensione\\\/\",\"url\":\"https:\\\/\\\/www.accuratereviews.com\\\/it\\\/gestionali-immobiliare-lista-software\\\/juniper-square-recensione\\\/\",\"name\":\"Juniper Square: recensione gestionale immobili - Accurate Reviews\",\"isPartOf\":{\"@id\":\"https:\\\/\\\/www.accuratereviews.com\\\/it\\\/#website\"},\"primaryImageOfPage\":{\"@id\":\"https:\\\/\\\/www.accuratereviews.com\\\/it\\\/gestionali-immobiliare-lista-software\\\/juniper-square-recensione\\\/#primaryimage\"},\"image\":{\"@id\":\"https:\\\/\\\/www.accuratereviews.com\\\/it\\\/gestionali-immobiliare-lista-software\\\/juniper-square-recensione\\\/#primaryimage\"},\"thumbnailUrl\":\"https:\\\/\\\/www.accuratereviews.com\\\/wp-content\\\/uploads\\\/2020\\\/10\\\/juniper_square.png\",\"datePublished\":\"2020-10-22T10:25:37+00:00\",\"dateModified\":\"2020-11-28T10:55:32+00:00\",\"description\":\"Juniper Square: recensione della piattaforma di gestione degli immobili e degli investimenti efficace basata su cloud.\",\"breadcrumb\":{\"@id\":\"https:\\\/\\\/www.accuratereviews.com\\\/it\\\/gestionali-immobiliare-lista-software\\\/juniper-square-recensione\\\/#breadcrumb\"},\"inLanguage\":\"it-IT\",\"potentialAction\":[{\"@type\":\"ReadAction\",\"target\":[\"https:\\\/\\\/www.accuratereviews.com\\\/it\\\/gestionali-immobiliare-lista-software\\\/juniper-square-recensione\\\/\"]}]},{\"@type\":\"ImageObject\",\"inLanguage\":\"it-IT\",\"@id\":\"https:\\\/\\\/www.accuratereviews.com\\\/it\\\/gestionali-immobiliare-lista-software\\\/juniper-square-recensione\\\/#primaryimage\",\"url\":\"https:\\\/\\\/www.accuratereviews.com\\\/wp-content\\\/uploads\\\/2020\\\/10\\\/juniper_square.png\",\"contentUrl\":\"https:\\\/\\\/www.accuratereviews.com\\\/wp-content\\\/uploads\\\/2020\\\/10\\\/juniper_square.png\",\"width\":800,\"height\":400},{\"@type\":\"BreadcrumbList\",\"@id\":\"https:\\\/\\\/www.accuratereviews.com\\\/it\\\/gestionali-immobiliare-lista-software\\\/juniper-square-recensione\\\/#breadcrumb\",\"itemListElement\":[{\"@type\":\"ListItem\",\"position\":1,\"name\":\"Home\",\"item\":\"https:\\\/\\\/www.accuratereviews.com\\\/it\\\/\"},{\"@type\":\"ListItem\",\"position\":2,\"name\":\"Gestionali immobiliari\",\"item\":\"https:\\\/\\\/www.accuratereviews.com\\\/it\\\/gestionali-immobiliare-lista-software\\\/\"},{\"@type\":\"ListItem\",\"position\":3,\"name\":\"Juniper Square\"}]},{\"@type\":\"WebSite\",\"@id\":\"https:\\\/\\\/www.accuratereviews.com\\\/it\\\/#website\",\"url\":\"https:\\\/\\\/www.accuratereviews.com\\\/it\\\/\",\"name\":\"Accurate Reviews\",\"description\":\"\",\"potentialAction\":[{\"@type\":\"SearchAction\",\"target\":{\"@type\":\"EntryPoint\",\"urlTemplate\":\"https:\\\/\\\/www.accuratereviews.com\\\/it\\\/?s={search_term_string}\"},\"query-input\":{\"@type\":\"PropertyValueSpecification\",\"valueRequired\":true,\"valueName\":\"search_term_string\"}}],\"inLanguage\":\"it-IT\"}]}<\/script>\n<!-- \/ Yoast SEO plugin. -->","yoast_head_json":{"title":"Juniper Square: recensione gestionale immobili - Accurate Reviews","description":"Juniper Square: recensione della piattaforma di gestione degli immobili e degli investimenti efficace basata su cloud.","robots":{"index":"index","follow":"follow","max-snippet":"max-snippet:-1","max-image-preview":"max-image-preview:large","max-video-preview":"max-video-preview:-1"},"canonical":"https:\/\/www.accuratereviews.com\/it\/gestionali-immobiliare-lista-software\/juniper-square-recensione\/","og_locale":"it_IT","og_type":"article","og_title":"Juniper Square: recensione gestionale immobili - Accurate Reviews","og_description":"Juniper Square: recensione della piattaforma di gestione degli immobili e degli investimenti efficace basata su cloud.","og_url":"https:\/\/www.accuratereviews.com\/it\/gestionali-immobiliare-lista-software\/juniper-square-recensione\/","og_site_name":"Accurate Reviews","article_modified_time":"2020-11-28T10:55:32+00:00","og_image":[{"width":800,"height":400,"url":"https:\/\/www.accuratereviews.com\/wp-content\/uploads\/2020\/10\/juniper_square.png","type":"image\/png"}],"twitter_card":"summary_large_image","twitter_misc":{"Tempo di lettura stimato":"3 minuti"},"schema":{"@context":"https:\/\/schema.org","@graph":[{"@type":"WebPage","@id":"https:\/\/www.accuratereviews.com\/it\/gestionali-immobiliare-lista-software\/juniper-square-recensione\/","url":"https:\/\/www.accuratereviews.com\/it\/gestionali-immobiliare-lista-software\/juniper-square-recensione\/","name":"Juniper Square: recensione gestionale immobili - Accurate Reviews","isPartOf":{"@id":"https:\/\/www.accuratereviews.com\/it\/#website"},"primaryImageOfPage":{"@id":"https:\/\/www.accuratereviews.com\/it\/gestionali-immobiliare-lista-software\/juniper-square-recensione\/#primaryimage"},"image":{"@id":"https:\/\/www.accuratereviews.com\/it\/gestionali-immobiliare-lista-software\/juniper-square-recensione\/#primaryimage"},"thumbnailUrl":"https:\/\/www.accuratereviews.com\/wp-content\/uploads\/2020\/10\/juniper_square.png","datePublished":"2020-10-22T10:25:37+00:00","dateModified":"2020-11-28T10:55:32+00:00","description":"Juniper Square: recensione della piattaforma di gestione degli immobili e degli investimenti efficace basata su cloud.","breadcrumb":{"@id":"https:\/\/www.accuratereviews.com\/it\/gestionali-immobiliare-lista-software\/juniper-square-recensione\/#breadcrumb"},"inLanguage":"it-IT","potentialAction":[{"@type":"ReadAction","target":["https:\/\/www.accuratereviews.com\/it\/gestionali-immobiliare-lista-software\/juniper-square-recensione\/"]}]},{"@type":"ImageObject","inLanguage":"it-IT","@id":"https:\/\/www.accuratereviews.com\/it\/gestionali-immobiliare-lista-software\/juniper-square-recensione\/#primaryimage","url":"https:\/\/www.accuratereviews.com\/wp-content\/uploads\/2020\/10\/juniper_square.png","contentUrl":"https:\/\/www.accuratereviews.com\/wp-content\/uploads\/2020\/10\/juniper_square.png","width":800,"height":400},{"@type":"BreadcrumbList","@id":"https:\/\/www.accuratereviews.com\/it\/gestionali-immobiliare-lista-software\/juniper-square-recensione\/#breadcrumb","itemListElement":[{"@type":"ListItem","position":1,"name":"Home","item":"https:\/\/www.accuratereviews.com\/it\/"},{"@type":"ListItem","position":2,"name":"Gestionali immobiliari","item":"https:\/\/www.accuratereviews.com\/it\/gestionali-immobiliare-lista-software\/"},{"@type":"ListItem","position":3,"name":"Juniper Square"}]},{"@type":"WebSite","@id":"https:\/\/www.accuratereviews.com\/it\/#website","url":"https:\/\/www.accuratereviews.com\/it\/","name":"Accurate Reviews","description":"","potentialAction":[{"@type":"SearchAction","target":{"@type":"EntryPoint","urlTemplate":"https:\/\/www.accuratereviews.com\/it\/?s={search_term_string}"},"query-input":{"@type":"PropertyValueSpecification","valueRequired":true,"valueName":"search_term_string"}}],"inLanguage":"it-IT"}]}},"_links":{"self":[{"href":"https:\/\/www.accuratereviews.com\/it\/wp-json\/wp\/v2\/pages\/31405","targetHints":{"allow":["GET"]}}],"collection":[{"href":"https:\/\/www.accuratereviews.com\/it\/wp-json\/wp\/v2\/pages"}],"about":[{"href":"https:\/\/www.accuratereviews.com\/it\/wp-json\/wp\/v2\/types\/page"}],"author":[{"embeddable":true,"href":"https:\/\/www.accuratereviews.com\/it\/wp-json\/wp\/v2\/users\/19"}],"replies":[{"embeddable":true,"href":"https:\/\/www.accuratereviews.com\/it\/wp-json\/wp\/v2\/comments?post=31405"}],"version-history":[{"count":5,"href":"https:\/\/www.accuratereviews.com\/it\/wp-json\/wp\/v2\/pages\/31405\/revisions"}],"predecessor-version":[{"id":31415,"href":"https:\/\/www.accuratereviews.com\/it\/wp-json\/wp\/v2\/pages\/31405\/revisions\/31415"}],"up":[{"embeddable":true,"href":"https:\/\/www.accuratereviews.com\/it\/wp-json\/wp\/v2\/pages\/31329"}],"wp:featuredmedia":[{"embeddable":true,"href":"https:\/\/www.accuratereviews.com\/it\/wp-json\/wp\/v2\/media\/31407"}],"wp:attachment":[{"href":"https:\/\/www.accuratereviews.com\/it\/wp-json\/wp\/v2\/media?parent=31405"}],"wp:term":[{"taxonomy":"category","embeddable":true,"href":"https:\/\/www.accuratereviews.com\/it\/wp-json\/wp\/v2\/categories?post=31405"},{"taxonomy":"post_tag","embeddable":true,"href":"https:\/\/www.accuratereviews.com\/it\/wp-json\/wp\/v2\/tags?post=31405"},{"taxonomy":"features","embeddable":true,"href":"https:\/\/www.accuratereviews.com\/it\/wp-json\/wp\/v2\/features?post=31405"}],"curies":[{"name":"wp","href":"https:\/\/api.w.org\/{rel}","templated":true}]}}