{"id":31417,"date":"2020-10-23T10:33:31","date_gmt":"2020-10-23T10:33:31","guid":{"rendered":"https:\/\/www.accuratereviews.com\/?page_id=31417"},"modified":"2020-11-28T11:56:57","modified_gmt":"2020-11-28T11:56:57","slug":"yardi-breeze-recensione","status":"publish","type":"page","link":"https:\/\/www.accuratereviews.com\/it\/gestionali-immobiliare-lista-software\/yardi-breeze-recensione\/","title":{"rendered":"Yardi Breeze"},"content":{"rendered":"<p><strong>Yardi Breeze<\/strong> \u00e8 un<strong> software di gestione della propriet\u00e0<\/strong> costruito esclusivamente per le piccole e medie imprese. Offre funzionalit\u00e0 come ricerche di indirizzi a completamento automatico, utilit\u00e0 di importazione dati, dashboard della schermata iniziale, rapporti dettagliati e supporto di chat dal vivo integrato.\u00a0Poich\u00e9 \u00e8 completamente basato su <strong>cloud<\/strong>, gli utenti possono accedere alla soluzione su qualsiasi dispositivo e possono anche utilizzare le fotocamere di smartphone e tablet per acquisire foto di propriet\u00e0 per il marketing online. I residenti possono utilizzare uno smartphone per acquisire foto o video e allegarli alle richieste di manutenzione tramite il portale residente integrato.\u00a0<strong>Yardi Breeze<\/strong> permette anche elaborazione dei pagamenti online, screening dei potenziali clienti, assicurazioni residenti e portali di potenziali clienti e inquilini. Il software pu\u00f2 gestire case unifamiliari, comunit\u00e0 multifamiliari e propriet\u00e0 commerciali all&#8217;interno dello stesso sistema.<\/p>\n<h2>YARDI BREEZE &#8211; TUTORIAL<\/h2>\n<p>Ecco un tutorial su questo<strong> software gestionale per immobili<\/strong>:<\/p>\n<div id=\"fluid-wrapper-counter-1\" class=\"g1-fluid-wrapper \" style=\"width:686px;\">\n<div style=\"padding-bottom:56.268221574344%;\"><iframe loading=\"lazy\" title=\"Yardi Breeze - Refreshingly Simple Property Management Software\" width=\"686\" height=\"386\" src=\"https:\/\/www.youtube.com\/embed\/7t-fN421ZPU?feature=oembed&amp;wmode=transparent&amp;autohide=1&amp;autoplay=0&amp;disablekb=0&amp;fs=1&amp;loop=0&amp;enablejsapi=1&amp;rel=0&amp;controls=2&amp;showinfo=0&amp;wmode=transparent&amp;autohide=2&amp;autoplay=0&amp;disablekb=0&amp;fs=1&amp;loop=0&amp;enablejsapi=1&amp;rel=0&amp;controls=2&amp;showinfo=1\" frameborder=\"0\" allow=\"accelerometer; autoplay; clipboard-write; encrypted-media; gyroscope; picture-in-picture\" allowfullscreen><\/iframe><\/div>\n<\/div>\n<p>&nbsp;<\/p>\n<h3>YARDI BREEZE &#8211; CARATTERISTICHE<\/h3>\n<ul>\n<li>Cerca soluzioni che semplificano attivit\u00e0 come traslochi e ordini di lavoro, oltre a semplificare le comunicazioni<\/li>\n<li>Scopri esattamente su quali numeri hai bisogno di visibilit\u00e0, come devi condividere quei dati e con chi<\/li>\n<li>Commercializza i siti web di marketing immobiliare, distribuzione automatica degli elenchi, applicazioni online e una variet\u00e0 di strumenti self-service, come la pianificazione di tour online, lo screening automatico e l&#8217;assicurazione integrata per gli affittuari<\/li>\n<li>Piattaforma completamente integrata include elementi come lo screening dei residenti, la manutenzione e la fatturazione delle utenze per semplificare le operazioni quotidiane e mantenere i dati coerenti in tutti gli aspetti della tua attivit\u00e0<\/li>\n<li>Offri un&#8217;analisi approfondita dei dati che combina i tuoi dati e quelli di mercato per una visione senza precedenti<\/li>\n<\/ul>\n<h4>LE RECENSIONI DEGLI UTENTI<\/h4>\n<h4 class=\"font-weight-bold mb-1 d-flex align-items-center\">Cadie M.&#8221;Software intuitivo per esigenze di gestione della propriet\u00e0&#8221;<\/h4>\n<p><strong>Vantaggi: <\/strong>\u00c8 davvero il software pi\u00f9 facile da usare che abbia mai usato. Quasi tutto \u00e8 autoesplicativo e, in caso contrario, la sezione della guida ti guider\u00e0 facilmente. Inoltre, la funzione di chat \u00e8 un vero toccasana per risolvere rapidamente un problema.<\/p>\n<p><strong>Inconvenienti: <\/strong>Ci sono alcune funzionalit\u00e0 che potrebbero essere aggiunte, come la possibilit\u00e0 di aggiungere foto a una richiesta di manutenzione, rapporti pi\u00f9 specifici sull&#8217;assicurazione, rapporti pi\u00f9 personalizzabili in generale.<\/p>\n<h4 class=\"font-weight-bold mb-1 d-flex align-items-center\">Robert C.&#8221;Espandi la tua attivit\u00e0 con Yardi Breeze&#8221;<\/h4>\n<p><strong>Commenti: <\/strong>Durante questa pandemia, passare al virtuale \u00e8 assolutamente essenziale. Siamo un business essenziale e NON abbiamo SALTO UN BATTITO quando siamo entrati in lockdown. Come proprietario dell&#8217;attivit\u00e0 di gestione della propriet\u00e0, sono incredibilmente grato di aver completato l&#8217;implementazione solo 4 mesi prima. Siamo stati davvero fortunati con il tempismo.<\/p>\n<p><strong>Vantaggi: <\/strong>La raccolta degli affitti \u00e8 la caratteristica pi\u00f9 utile. I rapporti sono incredibilmente facili da inviare ai proprietari ogni mese. Il sistema contabile \u00e8 estremamente robusto. Sono stato in grado di diventare operativo abbastanza rapidamente. Tuttavia sto ancora imparando nuove funzionalit\u00e0 tutto il tempo.<\/p>\n<p><strong>Inconvenienti: <\/strong>Il tempo di implementazione \u00e8 stato molto lungo, pi\u00f9 di un anno. Tuttavia, non \u00e8 stato possibile importare la mia configurazione precedente (sistema manuale), quindi capisco perch\u00e9. Tuttavia, non cambierei nulla. Siamo molto felici di essere nel cloud con Yardi Breeze.<\/p>\n<h4 class=\"font-weight-bold mb-1 d-flex align-items-center\">Erica L.&#8221;Ottimo software!&#8221;<\/h4>\n<p><strong>Commenti: <\/strong>La mia esperienza con Yardi Breeze \u00e8 stata per lo pi\u00f9 positiva. Trovo che quando c&#8217;\u00e8 un problema che qualcuno non capisce ci vuole molto tempo per ottenere una risposta. Credo davvero che se utilizzi i tuoi utenti esperti per esplorare nuove patch prima del lancio potresti evitare molti problemi. La patch pi\u00f9 recente ha creato alcuni problemi che stiamo ancora cercando di risolvere.<\/p>\n<p><strong>Vantaggi: <\/strong>Yardi Breeze ha molte funzioni diverse e rende molto facile gestire le nostre propriet\u00e0 e aggiornare i nostri inquilini. La piattaforma \u00e8 facile da usare e anche di facile accesso essendo completamente basata su cloud.<\/p>\n<p><strong>Inconvenienti: <\/strong>Ci sono diverse aree che potrebbero utilizzare miglioramenti, solo piccoli miglioramenti che farebbero una grande differenza.<\/p>\n","protected":false},"excerpt":{"rendered":"<p>Yardi Breeze \u00e8 un software di gestione della propriet\u00e0 costruito esclusivamente per le piccole e medie imprese. Offre funzionalit\u00e0 come ricerche di indirizzi a completamento automatico, utilit\u00e0 di importazione dati, dashboard della schermata iniziale, rapporti dettagliati e supporto di chat dal vivo integrato.\u00a0Poich\u00e9 \u00e8 completamente basato su cloud, gli utenti possono accedere alla soluzione su qualsiasi dispositivo e possono anche utilizzare le fotocamere di smartphone e tablet per acquisire foto di propriet\u00e0 per il marketing online.<\/p>\n","protected":false},"author":19,"featured_media":31419,"parent":31329,"menu_order":0,"comment_status":"open","ping_status":"closed","template":"g1_template_page_review_new.php","meta":{"_acf_changed":false,"cwp_meta_box_check":"Yes","cwp_rev_product_name":"","cwp_rev_product_image":"","wppr_links":[],"cwp_rev_price":"","wppr_options":[],"wppr_pros":[],"wppr_cons":[],"_monsterinsights_skip_tracking":false,"_monsterinsights_sitenote_active":false,"_monsterinsights_sitenote_note":"","_monsterinsights_sitenote_category":0,"footnotes":""},"categories":[3950],"tags":[396,3967,3971,3970,3968,3969,3978],"features":[],"class_list":{"0":"post-31417","1":"page","2":"type-page","3":"status-publish","4":"has-post-thumbnail","6":"category-gestionale-immobiliare-categoria","7":"tag-cloud","8":"tag-gestionale-per-immobili","9":"tag-piattaforma-gestionale-per-immobili","10":"tag-programma-gestionale-per-immobili","11":"tag-software-gestionale-per-immobili","12":"tag-soluzione-gestionale-per-immobili","13":"tag-yardi-breeze"},"wppr_data":{"cwp_meta_box_check":"Yes","cwp_rev_product_name":"","cwp_rev_product_image":"","cwp_image_link":"image","cwp_rev_price":"","wppr_rating":"0.00"},"acf":[],"yoast_head":"<!-- This site is optimized with the Yoast SEO plugin v27.4 - https:\/\/yoast.com\/product\/yoast-seo-wordpress\/ -->\n<title>Yardi Breeze: recensione gestionale immobiliare - Accurate Reviews<\/title>\n<meta name=\"description\" content=\"Yardi Breeze: recensione software di gestione della propriet\u00e0 costruito esclusivamente per le piccole e medie imprese.\" \/>\n<meta name=\"robots\" content=\"index, follow, max-snippet:-1, max-image-preview:large, max-video-preview:-1\" \/>\n<link rel=\"canonical\" href=\"https:\/\/www.accuratereviews.com\/it\/gestionali-immobiliare-lista-software\/yardi-breeze-recensione\/\" \/>\n<meta property=\"og:locale\" content=\"it_IT\" \/>\n<meta property=\"og:type\" content=\"article\" \/>\n<meta property=\"og:title\" content=\"Yardi Breeze: recensione gestionale immobiliare - Accurate Reviews\" \/>\n<meta property=\"og:description\" content=\"Yardi Breeze: recensione software di gestione della propriet\u00e0 costruito esclusivamente per le piccole e medie imprese.\" \/>\n<meta property=\"og:url\" content=\"https:\/\/www.accuratereviews.com\/it\/gestionali-immobiliare-lista-software\/yardi-breeze-recensione\/\" \/>\n<meta property=\"og:site_name\" content=\"Accurate Reviews\" \/>\n<meta property=\"article:modified_time\" content=\"2020-11-28T11:56:57+00:00\" \/>\n<meta property=\"og:image\" content=\"https:\/\/www.accuratereviews.com\/wp-content\/uploads\/2020\/10\/YardiBreeze_logo_sqr.png\" \/>\n\t<meta property=\"og:image:width\" content=\"320\" \/>\n\t<meta property=\"og:image:height\" content=\"320\" \/>\n\t<meta property=\"og:image:type\" content=\"image\/png\" \/>\n<meta name=\"twitter:card\" content=\"summary_large_image\" \/>\n<meta name=\"twitter:label1\" content=\"Tempo di lettura stimato\" \/>\n\t<meta name=\"twitter:data1\" content=\"3 minuti\" \/>\n<script type=\"application\/ld+json\" class=\"yoast-schema-graph\">{\"@context\":\"https:\\\/\\\/schema.org\",\"@graph\":[{\"@type\":\"WebPage\",\"@id\":\"https:\\\/\\\/www.accuratereviews.com\\\/it\\\/gestionali-immobiliare-lista-software\\\/yardi-breeze-recensione\\\/\",\"url\":\"https:\\\/\\\/www.accuratereviews.com\\\/it\\\/gestionali-immobiliare-lista-software\\\/yardi-breeze-recensione\\\/\",\"name\":\"Yardi Breeze: recensione gestionale immobiliare - Accurate Reviews\",\"isPartOf\":{\"@id\":\"https:\\\/\\\/www.accuratereviews.com\\\/it\\\/#website\"},\"primaryImageOfPage\":{\"@id\":\"https:\\\/\\\/www.accuratereviews.com\\\/it\\\/gestionali-immobiliare-lista-software\\\/yardi-breeze-recensione\\\/#primaryimage\"},\"image\":{\"@id\":\"https:\\\/\\\/www.accuratereviews.com\\\/it\\\/gestionali-immobiliare-lista-software\\\/yardi-breeze-recensione\\\/#primaryimage\"},\"thumbnailUrl\":\"https:\\\/\\\/www.accuratereviews.com\\\/wp-content\\\/uploads\\\/2020\\\/10\\\/YardiBreeze_logo_sqr.png\",\"datePublished\":\"2020-10-23T10:33:31+00:00\",\"dateModified\":\"2020-11-28T11:56:57+00:00\",\"description\":\"Yardi Breeze: recensione software di gestione della propriet\u00e0 costruito esclusivamente per le piccole e medie imprese.\",\"breadcrumb\":{\"@id\":\"https:\\\/\\\/www.accuratereviews.com\\\/it\\\/gestionali-immobiliare-lista-software\\\/yardi-breeze-recensione\\\/#breadcrumb\"},\"inLanguage\":\"it-IT\",\"potentialAction\":[{\"@type\":\"ReadAction\",\"target\":[\"https:\\\/\\\/www.accuratereviews.com\\\/it\\\/gestionali-immobiliare-lista-software\\\/yardi-breeze-recensione\\\/\"]}]},{\"@type\":\"ImageObject\",\"inLanguage\":\"it-IT\",\"@id\":\"https:\\\/\\\/www.accuratereviews.com\\\/it\\\/gestionali-immobiliare-lista-software\\\/yardi-breeze-recensione\\\/#primaryimage\",\"url\":\"https:\\\/\\\/www.accuratereviews.com\\\/wp-content\\\/uploads\\\/2020\\\/10\\\/YardiBreeze_logo_sqr.png\",\"contentUrl\":\"https:\\\/\\\/www.accuratereviews.com\\\/wp-content\\\/uploads\\\/2020\\\/10\\\/YardiBreeze_logo_sqr.png\",\"width\":320,\"height\":320},{\"@type\":\"BreadcrumbList\",\"@id\":\"https:\\\/\\\/www.accuratereviews.com\\\/it\\\/gestionali-immobiliare-lista-software\\\/yardi-breeze-recensione\\\/#breadcrumb\",\"itemListElement\":[{\"@type\":\"ListItem\",\"position\":1,\"name\":\"Home\",\"item\":\"https:\\\/\\\/www.accuratereviews.com\\\/it\\\/\"},{\"@type\":\"ListItem\",\"position\":2,\"name\":\"Gestionali immobiliari\",\"item\":\"https:\\\/\\\/www.accuratereviews.com\\\/it\\\/gestionali-immobiliare-lista-software\\\/\"},{\"@type\":\"ListItem\",\"position\":3,\"name\":\"Yardi Breeze\"}]},{\"@type\":\"WebSite\",\"@id\":\"https:\\\/\\\/www.accuratereviews.com\\\/it\\\/#website\",\"url\":\"https:\\\/\\\/www.accuratereviews.com\\\/it\\\/\",\"name\":\"Accurate Reviews\",\"description\":\"\",\"potentialAction\":[{\"@type\":\"SearchAction\",\"target\":{\"@type\":\"EntryPoint\",\"urlTemplate\":\"https:\\\/\\\/www.accuratereviews.com\\\/it\\\/?s={search_term_string}\"},\"query-input\":{\"@type\":\"PropertyValueSpecification\",\"valueRequired\":true,\"valueName\":\"search_term_string\"}}],\"inLanguage\":\"it-IT\"}]}<\/script>\n<!-- \/ Yoast SEO plugin. -->","yoast_head_json":{"title":"Yardi Breeze: recensione gestionale immobiliare - Accurate Reviews","description":"Yardi Breeze: recensione software di gestione della propriet\u00e0 costruito esclusivamente per le piccole e medie imprese.","robots":{"index":"index","follow":"follow","max-snippet":"max-snippet:-1","max-image-preview":"max-image-preview:large","max-video-preview":"max-video-preview:-1"},"canonical":"https:\/\/www.accuratereviews.com\/it\/gestionali-immobiliare-lista-software\/yardi-breeze-recensione\/","og_locale":"it_IT","og_type":"article","og_title":"Yardi Breeze: recensione gestionale immobiliare - Accurate Reviews","og_description":"Yardi Breeze: recensione software di gestione della propriet\u00e0 costruito esclusivamente per le piccole e medie imprese.","og_url":"https:\/\/www.accuratereviews.com\/it\/gestionali-immobiliare-lista-software\/yardi-breeze-recensione\/","og_site_name":"Accurate Reviews","article_modified_time":"2020-11-28T11:56:57+00:00","og_image":[{"width":320,"height":320,"url":"https:\/\/www.accuratereviews.com\/wp-content\/uploads\/2020\/10\/YardiBreeze_logo_sqr.png","type":"image\/png"}],"twitter_card":"summary_large_image","twitter_misc":{"Tempo di lettura stimato":"3 minuti"},"schema":{"@context":"https:\/\/schema.org","@graph":[{"@type":"WebPage","@id":"https:\/\/www.accuratereviews.com\/it\/gestionali-immobiliare-lista-software\/yardi-breeze-recensione\/","url":"https:\/\/www.accuratereviews.com\/it\/gestionali-immobiliare-lista-software\/yardi-breeze-recensione\/","name":"Yardi Breeze: recensione gestionale immobiliare - Accurate Reviews","isPartOf":{"@id":"https:\/\/www.accuratereviews.com\/it\/#website"},"primaryImageOfPage":{"@id":"https:\/\/www.accuratereviews.com\/it\/gestionali-immobiliare-lista-software\/yardi-breeze-recensione\/#primaryimage"},"image":{"@id":"https:\/\/www.accuratereviews.com\/it\/gestionali-immobiliare-lista-software\/yardi-breeze-recensione\/#primaryimage"},"thumbnailUrl":"https:\/\/www.accuratereviews.com\/wp-content\/uploads\/2020\/10\/YardiBreeze_logo_sqr.png","datePublished":"2020-10-23T10:33:31+00:00","dateModified":"2020-11-28T11:56:57+00:00","description":"Yardi Breeze: recensione software di gestione della propriet\u00e0 costruito esclusivamente per le piccole e medie imprese.","breadcrumb":{"@id":"https:\/\/www.accuratereviews.com\/it\/gestionali-immobiliare-lista-software\/yardi-breeze-recensione\/#breadcrumb"},"inLanguage":"it-IT","potentialAction":[{"@type":"ReadAction","target":["https:\/\/www.accuratereviews.com\/it\/gestionali-immobiliare-lista-software\/yardi-breeze-recensione\/"]}]},{"@type":"ImageObject","inLanguage":"it-IT","@id":"https:\/\/www.accuratereviews.com\/it\/gestionali-immobiliare-lista-software\/yardi-breeze-recensione\/#primaryimage","url":"https:\/\/www.accuratereviews.com\/wp-content\/uploads\/2020\/10\/YardiBreeze_logo_sqr.png","contentUrl":"https:\/\/www.accuratereviews.com\/wp-content\/uploads\/2020\/10\/YardiBreeze_logo_sqr.png","width":320,"height":320},{"@type":"BreadcrumbList","@id":"https:\/\/www.accuratereviews.com\/it\/gestionali-immobiliare-lista-software\/yardi-breeze-recensione\/#breadcrumb","itemListElement":[{"@type":"ListItem","position":1,"name":"Home","item":"https:\/\/www.accuratereviews.com\/it\/"},{"@type":"ListItem","position":2,"name":"Gestionali immobiliari","item":"https:\/\/www.accuratereviews.com\/it\/gestionali-immobiliare-lista-software\/"},{"@type":"ListItem","position":3,"name":"Yardi Breeze"}]},{"@type":"WebSite","@id":"https:\/\/www.accuratereviews.com\/it\/#website","url":"https:\/\/www.accuratereviews.com\/it\/","name":"Accurate Reviews","description":"","potentialAction":[{"@type":"SearchAction","target":{"@type":"EntryPoint","urlTemplate":"https:\/\/www.accuratereviews.com\/it\/?s={search_term_string}"},"query-input":{"@type":"PropertyValueSpecification","valueRequired":true,"valueName":"search_term_string"}}],"inLanguage":"it-IT"}]}},"_links":{"self":[{"href":"https:\/\/www.accuratereviews.com\/it\/wp-json\/wp\/v2\/pages\/31417","targetHints":{"allow":["GET"]}}],"collection":[{"href":"https:\/\/www.accuratereviews.com\/it\/wp-json\/wp\/v2\/pages"}],"about":[{"href":"https:\/\/www.accuratereviews.com\/it\/wp-json\/wp\/v2\/types\/page"}],"author":[{"embeddable":true,"href":"https:\/\/www.accuratereviews.com\/it\/wp-json\/wp\/v2\/users\/19"}],"replies":[{"embeddable":true,"href":"https:\/\/www.accuratereviews.com\/it\/wp-json\/wp\/v2\/comments?post=31417"}],"version-history":[{"count":8,"href":"https:\/\/www.accuratereviews.com\/it\/wp-json\/wp\/v2\/pages\/31417\/revisions"}],"predecessor-version":[{"id":33033,"href":"https:\/\/www.accuratereviews.com\/it\/wp-json\/wp\/v2\/pages\/31417\/revisions\/33033"}],"up":[{"embeddable":true,"href":"https:\/\/www.accuratereviews.com\/it\/wp-json\/wp\/v2\/pages\/31329"}],"wp:featuredmedia":[{"embeddable":true,"href":"https:\/\/www.accuratereviews.com\/it\/wp-json\/wp\/v2\/media\/31419"}],"wp:attachment":[{"href":"https:\/\/www.accuratereviews.com\/it\/wp-json\/wp\/v2\/media?parent=31417"}],"wp:term":[{"taxonomy":"category","embeddable":true,"href":"https:\/\/www.accuratereviews.com\/it\/wp-json\/wp\/v2\/categories?post=31417"},{"taxonomy":"post_tag","embeddable":true,"href":"https:\/\/www.accuratereviews.com\/it\/wp-json\/wp\/v2\/tags?post=31417"},{"taxonomy":"features","embeddable":true,"href":"https:\/\/www.accuratereviews.com\/it\/wp-json\/wp\/v2\/features?post=31417"}],"curies":[{"name":"wp","href":"https:\/\/api.w.org\/{rel}","templated":true}]}}