{"id":31426,"date":"2020-10-23T10:32:31","date_gmt":"2020-10-23T10:32:31","guid":{"rendered":"https:\/\/www.accuratereviews.com\/?page_id=31426"},"modified":"2020-10-23T10:32:31","modified_gmt":"2020-10-23T10:32:31","slug":"corrigo-recensione","status":"publish","type":"page","link":"https:\/\/www.accuratereviews.com\/it\/gestionali-immobiliare-lista-software\/corrigo-recensione\/","title":{"rendered":"Corrigo"},"content":{"rendered":"<p><strong>Corrigo<\/strong> \u00e8 una <strong>piattaforma di gestione delle strutture<\/strong> basata su <strong>cloud<\/strong> che consente agli utenti di controllare il processo di riparazione e manutenzione (R&amp;M) attraverso la creazione di ordini di lavoro che vengono poi inviati ai fornitori di servizi. I fornitori di servizi possono quindi fatturare elettronicamente. La soluzione\u00a0supporta molti settori, tra cui vendita al dettaglio, ospitalit\u00e0, sanit\u00e0, immobili commerciali, servizi finanziari e altro ancora. Il software pu\u00f2 essere ridimensionato per supportare qualsiasi numero di posizioni. I facility manager regionali possono utilizzare <strong>Corrigo<\/strong> per ispezionare e controllare pi\u00f9 sedi.\u00a0La piattaforma facilita il monitoraggio di tutte le risorse aziendali, nonch\u00e9 i dati su tali risorse: informazioni sulla garanzia, dati sulla sostituzione e sulla riparazione, dal budget al reporting effettivo, KPI e altro. La soluzione pu\u00f2 essere utilizzata su dispositivi mobili e offre funzionalit\u00e0 opzionali per IVR, call center, check-in \/ check-out, pagamenti ACH e altro ancora.<\/p>\n<h2>CORRIGO &#8211; TUTORIAL<\/h2>\n<p>Guardiamo come utilizzare questo <strong>software gestionale per immobili<\/strong>:<\/p>\n<div id=\"fluid-wrapper-counter-1\" class=\"g1-fluid-wrapper \" style=\"width:686px;\">\n<div style=\"padding-bottom:56.268221574344%;\"><iframe loading=\"lazy\" title=\"Corrigo Platform Update Tutorial\" width=\"686\" height=\"386\" src=\"https:\/\/www.youtube.com\/embed\/_k6ypqGkNNU?feature=oembed&amp;wmode=transparent&amp;autohide=1&amp;autoplay=0&amp;disablekb=0&amp;fs=1&amp;loop=0&amp;enablejsapi=1&amp;rel=0&amp;controls=2&amp;showinfo=0&amp;wmode=transparent&amp;autohide=2&amp;autoplay=0&amp;disablekb=0&amp;fs=1&amp;loop=0&amp;enablejsapi=1&amp;rel=0&amp;controls=2&amp;showinfo=1\" frameborder=\"0\" allow=\"accelerometer; autoplay; clipboard-write; encrypted-media; gyroscope; picture-in-picture\" allowfullscreen><\/iframe><\/div>\n<\/div>\n<h3>CORRIGO &#8211; CARATTERISTICHE<\/h3>\n<ul>\n<li><strong>Gestisci le prestazioni del team<\/strong>: non dovrai pi\u00f9 aspettare i documenti o cercare di leggere ci\u00f2 che \u00e8 scritto negli appunti. Per ogni lavoro che svolgi, conoscerai il tempo per la risoluzione di un problema, le valutazioni della soddisfazione dei clienti e molto altro ancora. Scopri quando il tuo tecnico o subappaltatore \u00e8 al lavoro, quando sospende il lavoro e quando lo completa<\/li>\n<li><strong>Ricevi pagamenti pi\u00f9 velocemente<\/strong>: la fatturazione elettronica e le registrazioni elettroniche semplificano il pagamento e la contabilit\u00e0. Immagina tutte le cose che potresti fare invece di fare telefonate per riscossioni<\/li>\n<li><strong>Trova nuovi affari<\/strong>: la rete della soluzione offre molti modi per ottenere visibilit\u00e0 ai clienti commerciali che cercano i tuoi servizi<\/li>\n<li><strong>Controllo e visibilit\u00e0<\/strong>: le app per dispositivi mobili e basate sul web del programma ti offrono il pieno controllo sulle comunicazioni, sia interne che rivolte ai clienti<\/li>\n<li><strong>Convalida dell&#8217;ordine di lavoro resa semplice<\/strong>: le informazioni di convalida dell&#8217;ordine di lavoro di cui hanno bisogno possono fluire direttamente tra pi\u00f9 sistemi nel tuo ufficio<\/li>\n<li><strong>Cresce con te<\/strong>: a differenza di molte soluzioni valide per tutti, con Corrigo paghi solo per ci\u00f2 che utilizzi<\/li>\n<\/ul>\n<h4>LE RECENSIONI DEGLI UTENTI<\/h4>\n<h4 class=\"font-weight-bold mb-1 d-flex align-items-center\">Robert H.&#8221;L&#8217;uso di Corrigo \u00e8 stato una grande aggiunta alla nostra azienda, al nostro pool di fornitori e ai nostri dipendenti.&#8221;<\/h4>\n<p><strong>Commenti: <\/strong>Gestione di massa cross company \/ vendor. Posso controllare tutto con il semplice tocco di un pulsante! Ora possiamo supervisionare ogni chiamata di servizio per ogni propriet\u00e0 che abbiamo (attualmente 110 posizioni), ora possiamo anche pagare i nostri fornitori in tempo!<\/p>\n<p><strong>Vantaggi: <\/strong>Facile da usare, molto personalizzabile in base alle nostre esigenze, ci d\u00e0 la possibilit\u00e0 di gestire pi\u00f9 fornitori in tutto il nostro stato. Ci ha anche permesso di andare senza carta! Ora abbiamo la capacit\u00e0 di elaborare rapidamente gli ordini di lavoro, gestirli e anche gestire pi\u00f9 efficacemente il processo di invio, approvazione e pagamento della fattura. Le avvertenze sono le apparecchiature, la garanzia e la gestione dei COI.<\/p>\n<p><strong>Inconvenienti: <\/strong>Vorrei che i nostri fornitori non venissero addebitati per l&#8217;uso del sistema poich\u00e9 abbiamo gi\u00e0 pagato in esso. Detto questo, alcuni dei nostri fornitori erano gi\u00e0 su Corrigo quando lo abbiamo implementato.<\/p>\n<h4 class=\"font-weight-bold mb-1 d-flex align-items-center\">Shawn H.&#8221;Prodotto nel complesso ottimo e prezioso per la nostra attivit\u00e0&#8221;<\/h4>\n<p><strong>Commenti: <\/strong>Aiuta a programmare e mantenere il lavoro in garanzia. Lo mantiene organizzato e comunica i dettagli a chi ne ha bisogno. Vorrei che potessimo capire come fare in modo che invii nuovamente gli ordini di lavoro via email quando li aggiorniamo o cambiamo le date.<\/p>\n<p><strong>Vantaggi: <\/strong>\u00c8 relativamente molto facile da usare e potente. Mi piace molto il modo in cui puoi creare i tuoi rapporti personalizzati per analizzare i dati.<\/p>\n<p><strong>Inconvenienti: <\/strong>Funziona davvero solo su Microsoft Windows Explorer. Alcuni dei nostri clienti desiderano che il portale su cui richiedono il servizio sia migliore e che sia un po &#8216;pi\u00f9 facile da usare. Su pi\u00f9 richieste a loro non piacciono tutti i menu a discesa. Vorrei anche che avessimo pagato per integrarlo nel nostro software di contabilit\u00e0 per creare ordini di acquisto. Anche una versione aggiornata della scrittura della lettera sarebbe carina, sembra davvero vecchia tecnologia l\u00ec.<\/p>\n<h4 class=\"font-weight-bold mb-1 d-flex align-items-center\">Kelly S.&#8221;Di facile utilizzo&#8221;<\/h4>\n<p><strong>Vantaggi: <\/strong>Dopo la formazione su tutte le funzioni del software \u00e8 stato molto pi\u00f9 facile navigare.\u00a0Quello che mi piace di pi\u00f9 del software \u00e8 la sua affidabilit\u00e0. Il sito funziona sempre e i rappresentanti sul campo adorano l&#8217;app. Vorremmo solo poter inviare WO dall&#8217;app.<\/p>\n<p><strong>Inconvenienti: <\/strong>\u00c8 stato piacevole collaborare con uno dei rappresentanti del cliente, ma ci ha indirizzato all&#8217;email dell&#8217;Assistenza clienti per ulteriore assistenza ed \u00e8 allora che la comunicazione ha iniziato a cadere. Avere tutte le comunicazioni fatte via email quando sarebbe pi\u00f9 facile parlare al telefono per spiegare sarebbe utile. Ho chiesto di parlare al telefono con l&#8217;assistenza e a causa dei fusi orari la chiamata \u00e8 stata persa.<br \/>\nQuindi l&#8217;ultima cosa che mi piace \u00e8 l&#8217;assistenza clienti.<\/p>\n<p>&nbsp;<\/p>\n","protected":false},"excerpt":{"rendered":"<p>Corrigo \u00e8 una piattaforma di gestione delle strutture basata su cloud che consente agli utenti di controllare il processo di riparazione e manutenzione (R&#038;M) attraverso la creazione di ordini di lavoro che vengono poi inviati ai fornitori di servizi. I fornitori di servizi possono quindi fatturare elettronicamente.<\/p>\n","protected":false},"author":19,"featured_media":31428,"parent":31329,"menu_order":0,"comment_status":"open","ping_status":"closed","template":"g1_template_page_review_new.php","meta":{"_acf_changed":false,"cwp_meta_box_check":"Yes","cwp_rev_product_name":"","cwp_rev_product_image":"","wppr_links":[],"cwp_rev_price":"","wppr_options":[],"wppr_pros":[],"wppr_cons":[],"_monsterinsights_skip_tracking":false,"_monsterinsights_sitenote_active":false,"_monsterinsights_sitenote_note":"","_monsterinsights_sitenote_category":0,"footnotes":""},"categories":[3950],"tags":[396,3979,3967,3971,3970,3968,3969],"features":[],"class_list":{"0":"post-31426","1":"page","2":"type-page","3":"status-publish","4":"has-post-thumbnail","6":"category-gestionale-immobiliare-categoria","7":"tag-cloud","8":"tag-corrigo","9":"tag-gestionale-per-immobili","10":"tag-piattaforma-gestionale-per-immobili","11":"tag-programma-gestionale-per-immobili","12":"tag-software-gestionale-per-immobili","13":"tag-soluzione-gestionale-per-immobili"},"wppr_data":{"cwp_meta_box_check":"Yes","cwp_rev_product_name":"","cwp_rev_product_image":"","cwp_image_link":"image","cwp_rev_price":"","wppr_rating":"0.00"},"acf":[],"yoast_head":"<!-- This site is optimized with the Yoast SEO plugin v27.4 - https:\/\/yoast.com\/product\/yoast-seo-wordpress\/ -->\n<title>Corrigo: recensione software gestionale per immobili - Accurate Reviews<\/title>\n<meta name=\"description\" content=\"Corrigo: recensione soluzione gestionale per immobili progettato per portare l&#039;automazione nell&#039;intero processo di facility management.\" \/>\n<meta name=\"robots\" content=\"index, follow, max-snippet:-1, max-image-preview:large, max-video-preview:-1\" \/>\n<link rel=\"canonical\" href=\"https:\/\/www.accuratereviews.com\/it\/gestionali-immobiliare-lista-software\/corrigo-recensione\/\" \/>\n<meta property=\"og:locale\" content=\"it_IT\" \/>\n<meta property=\"og:type\" content=\"article\" \/>\n<meta property=\"og:title\" content=\"Corrigo: recensione software gestionale per immobili - Accurate Reviews\" \/>\n<meta property=\"og:description\" content=\"Corrigo: recensione soluzione gestionale per immobili progettato per portare l&#039;automazione nell&#039;intero processo di facility management.\" \/>\n<meta property=\"og:url\" content=\"https:\/\/www.accuratereviews.com\/it\/gestionali-immobiliare-lista-software\/corrigo-recensione\/\" \/>\n<meta property=\"og:site_name\" content=\"Accurate Reviews\" \/>\n<meta property=\"og:image\" content=\"https:\/\/www.accuratereviews.com\/wp-content\/uploads\/2020\/10\/CORRIGO_.png\" \/>\n\t<meta property=\"og:image:width\" content=\"422\" \/>\n\t<meta property=\"og:image:height\" content=\"292\" \/>\n\t<meta property=\"og:image:type\" content=\"image\/png\" \/>\n<meta name=\"twitter:card\" content=\"summary_large_image\" \/>\n<meta name=\"twitter:label1\" content=\"Tempo di lettura stimato\" \/>\n\t<meta name=\"twitter:data1\" content=\"4 minuti\" \/>\n<script type=\"application\/ld+json\" class=\"yoast-schema-graph\">{\"@context\":\"https:\\\/\\\/schema.org\",\"@graph\":[{\"@type\":\"WebPage\",\"@id\":\"https:\\\/\\\/www.accuratereviews.com\\\/it\\\/gestionali-immobiliare-lista-software\\\/corrigo-recensione\\\/\",\"url\":\"https:\\\/\\\/www.accuratereviews.com\\\/it\\\/gestionali-immobiliare-lista-software\\\/corrigo-recensione\\\/\",\"name\":\"Corrigo: recensione software gestionale per immobili - Accurate Reviews\",\"isPartOf\":{\"@id\":\"https:\\\/\\\/www.accuratereviews.com\\\/it\\\/#website\"},\"primaryImageOfPage\":{\"@id\":\"https:\\\/\\\/www.accuratereviews.com\\\/it\\\/gestionali-immobiliare-lista-software\\\/corrigo-recensione\\\/#primaryimage\"},\"image\":{\"@id\":\"https:\\\/\\\/www.accuratereviews.com\\\/it\\\/gestionali-immobiliare-lista-software\\\/corrigo-recensione\\\/#primaryimage\"},\"thumbnailUrl\":\"https:\\\/\\\/www.accuratereviews.com\\\/wp-content\\\/uploads\\\/2020\\\/10\\\/CORRIGO_.png\",\"datePublished\":\"2020-10-23T10:32:31+00:00\",\"description\":\"Corrigo: recensione soluzione gestionale per immobili progettato per portare l'automazione nell'intero processo di facility management.\",\"breadcrumb\":{\"@id\":\"https:\\\/\\\/www.accuratereviews.com\\\/it\\\/gestionali-immobiliare-lista-software\\\/corrigo-recensione\\\/#breadcrumb\"},\"inLanguage\":\"it-IT\",\"potentialAction\":[{\"@type\":\"ReadAction\",\"target\":[\"https:\\\/\\\/www.accuratereviews.com\\\/it\\\/gestionali-immobiliare-lista-software\\\/corrigo-recensione\\\/\"]}]},{\"@type\":\"ImageObject\",\"inLanguage\":\"it-IT\",\"@id\":\"https:\\\/\\\/www.accuratereviews.com\\\/it\\\/gestionali-immobiliare-lista-software\\\/corrigo-recensione\\\/#primaryimage\",\"url\":\"https:\\\/\\\/www.accuratereviews.com\\\/wp-content\\\/uploads\\\/2020\\\/10\\\/CORRIGO_.png\",\"contentUrl\":\"https:\\\/\\\/www.accuratereviews.com\\\/wp-content\\\/uploads\\\/2020\\\/10\\\/CORRIGO_.png\",\"width\":422,\"height\":292},{\"@type\":\"BreadcrumbList\",\"@id\":\"https:\\\/\\\/www.accuratereviews.com\\\/it\\\/gestionali-immobiliare-lista-software\\\/corrigo-recensione\\\/#breadcrumb\",\"itemListElement\":[{\"@type\":\"ListItem\",\"position\":1,\"name\":\"Home\",\"item\":\"https:\\\/\\\/www.accuratereviews.com\\\/it\\\/\"},{\"@type\":\"ListItem\",\"position\":2,\"name\":\"Gestionali immobiliari\",\"item\":\"https:\\\/\\\/www.accuratereviews.com\\\/it\\\/gestionali-immobiliare-lista-software\\\/\"},{\"@type\":\"ListItem\",\"position\":3,\"name\":\"Corrigo\"}]},{\"@type\":\"WebSite\",\"@id\":\"https:\\\/\\\/www.accuratereviews.com\\\/it\\\/#website\",\"url\":\"https:\\\/\\\/www.accuratereviews.com\\\/it\\\/\",\"name\":\"Accurate Reviews\",\"description\":\"\",\"potentialAction\":[{\"@type\":\"SearchAction\",\"target\":{\"@type\":\"EntryPoint\",\"urlTemplate\":\"https:\\\/\\\/www.accuratereviews.com\\\/it\\\/?s={search_term_string}\"},\"query-input\":{\"@type\":\"PropertyValueSpecification\",\"valueRequired\":true,\"valueName\":\"search_term_string\"}}],\"inLanguage\":\"it-IT\"}]}<\/script>\n<!-- \/ Yoast SEO plugin. -->","yoast_head_json":{"title":"Corrigo: recensione software gestionale per immobili - Accurate Reviews","description":"Corrigo: recensione soluzione gestionale per immobili progettato per portare l'automazione nell'intero processo di facility management.","robots":{"index":"index","follow":"follow","max-snippet":"max-snippet:-1","max-image-preview":"max-image-preview:large","max-video-preview":"max-video-preview:-1"},"canonical":"https:\/\/www.accuratereviews.com\/it\/gestionali-immobiliare-lista-software\/corrigo-recensione\/","og_locale":"it_IT","og_type":"article","og_title":"Corrigo: recensione software gestionale per immobili - Accurate Reviews","og_description":"Corrigo: recensione soluzione gestionale per immobili progettato per portare l'automazione nell'intero processo di facility management.","og_url":"https:\/\/www.accuratereviews.com\/it\/gestionali-immobiliare-lista-software\/corrigo-recensione\/","og_site_name":"Accurate Reviews","og_image":[{"width":422,"height":292,"url":"https:\/\/www.accuratereviews.com\/wp-content\/uploads\/2020\/10\/CORRIGO_.png","type":"image\/png"}],"twitter_card":"summary_large_image","twitter_misc":{"Tempo di lettura stimato":"4 minuti"},"schema":{"@context":"https:\/\/schema.org","@graph":[{"@type":"WebPage","@id":"https:\/\/www.accuratereviews.com\/it\/gestionali-immobiliare-lista-software\/corrigo-recensione\/","url":"https:\/\/www.accuratereviews.com\/it\/gestionali-immobiliare-lista-software\/corrigo-recensione\/","name":"Corrigo: recensione software gestionale per immobili - Accurate Reviews","isPartOf":{"@id":"https:\/\/www.accuratereviews.com\/it\/#website"},"primaryImageOfPage":{"@id":"https:\/\/www.accuratereviews.com\/it\/gestionali-immobiliare-lista-software\/corrigo-recensione\/#primaryimage"},"image":{"@id":"https:\/\/www.accuratereviews.com\/it\/gestionali-immobiliare-lista-software\/corrigo-recensione\/#primaryimage"},"thumbnailUrl":"https:\/\/www.accuratereviews.com\/wp-content\/uploads\/2020\/10\/CORRIGO_.png","datePublished":"2020-10-23T10:32:31+00:00","description":"Corrigo: recensione soluzione gestionale per immobili progettato per portare l'automazione nell'intero processo di facility management.","breadcrumb":{"@id":"https:\/\/www.accuratereviews.com\/it\/gestionali-immobiliare-lista-software\/corrigo-recensione\/#breadcrumb"},"inLanguage":"it-IT","potentialAction":[{"@type":"ReadAction","target":["https:\/\/www.accuratereviews.com\/it\/gestionali-immobiliare-lista-software\/corrigo-recensione\/"]}]},{"@type":"ImageObject","inLanguage":"it-IT","@id":"https:\/\/www.accuratereviews.com\/it\/gestionali-immobiliare-lista-software\/corrigo-recensione\/#primaryimage","url":"https:\/\/www.accuratereviews.com\/wp-content\/uploads\/2020\/10\/CORRIGO_.png","contentUrl":"https:\/\/www.accuratereviews.com\/wp-content\/uploads\/2020\/10\/CORRIGO_.png","width":422,"height":292},{"@type":"BreadcrumbList","@id":"https:\/\/www.accuratereviews.com\/it\/gestionali-immobiliare-lista-software\/corrigo-recensione\/#breadcrumb","itemListElement":[{"@type":"ListItem","position":1,"name":"Home","item":"https:\/\/www.accuratereviews.com\/it\/"},{"@type":"ListItem","position":2,"name":"Gestionali immobiliari","item":"https:\/\/www.accuratereviews.com\/it\/gestionali-immobiliare-lista-software\/"},{"@type":"ListItem","position":3,"name":"Corrigo"}]},{"@type":"WebSite","@id":"https:\/\/www.accuratereviews.com\/it\/#website","url":"https:\/\/www.accuratereviews.com\/it\/","name":"Accurate Reviews","description":"","potentialAction":[{"@type":"SearchAction","target":{"@type":"EntryPoint","urlTemplate":"https:\/\/www.accuratereviews.com\/it\/?s={search_term_string}"},"query-input":{"@type":"PropertyValueSpecification","valueRequired":true,"valueName":"search_term_string"}}],"inLanguage":"it-IT"}]}},"_links":{"self":[{"href":"https:\/\/www.accuratereviews.com\/it\/wp-json\/wp\/v2\/pages\/31426","targetHints":{"allow":["GET"]}}],"collection":[{"href":"https:\/\/www.accuratereviews.com\/it\/wp-json\/wp\/v2\/pages"}],"about":[{"href":"https:\/\/www.accuratereviews.com\/it\/wp-json\/wp\/v2\/types\/page"}],"author":[{"embeddable":true,"href":"https:\/\/www.accuratereviews.com\/it\/wp-json\/wp\/v2\/users\/19"}],"replies":[{"embeddable":true,"href":"https:\/\/www.accuratereviews.com\/it\/wp-json\/wp\/v2\/comments?post=31426"}],"version-history":[{"count":10,"href":"https:\/\/www.accuratereviews.com\/it\/wp-json\/wp\/v2\/pages\/31426\/revisions"}],"predecessor-version":[{"id":31441,"href":"https:\/\/www.accuratereviews.com\/it\/wp-json\/wp\/v2\/pages\/31426\/revisions\/31441"}],"up":[{"embeddable":true,"href":"https:\/\/www.accuratereviews.com\/it\/wp-json\/wp\/v2\/pages\/31329"}],"wp:featuredmedia":[{"embeddable":true,"href":"https:\/\/www.accuratereviews.com\/it\/wp-json\/wp\/v2\/media\/31428"}],"wp:attachment":[{"href":"https:\/\/www.accuratereviews.com\/it\/wp-json\/wp\/v2\/media?parent=31426"}],"wp:term":[{"taxonomy":"category","embeddable":true,"href":"https:\/\/www.accuratereviews.com\/it\/wp-json\/wp\/v2\/categories?post=31426"},{"taxonomy":"post_tag","embeddable":true,"href":"https:\/\/www.accuratereviews.com\/it\/wp-json\/wp\/v2\/tags?post=31426"},{"taxonomy":"features","embeddable":true,"href":"https:\/\/www.accuratereviews.com\/it\/wp-json\/wp\/v2\/features?post=31426"}],"curies":[{"name":"wp","href":"https:\/\/api.w.org\/{rel}","templated":true}]}}