{"id":31446,"date":"2020-10-26T11:39:12","date_gmt":"2020-10-26T11:39:12","guid":{"rendered":"https:\/\/www.accuratereviews.com\/?page_id=31446"},"modified":"2020-10-26T11:39:12","modified_gmt":"2020-10-26T11:39:12","slug":"honest-buildings-recensione","status":"publish","type":"page","link":"https:\/\/www.accuratereviews.com\/it\/gestionali-immobiliare-lista-software\/honest-buildings-recensione\/","title":{"rendered":"Honest Buildings"},"content":{"rendered":"<p><strong>Honest Buildings<\/strong> \u00e8 una <strong>piattaforma di gestione dei progetti<\/strong> basata sui dati e basata su <strong>cloud<\/strong>, creata appositamente per <strong>proprietari, operatori e gestori immobiliari<\/strong>. La soluzione semplifica le operazioni immobiliari, compresa la progettazione e la costruzione, garantendo che tutti i progetti rispettino il budget e i tempi. La soluzione fornisce la tecnologia di costruzione necessaria ai professionisti per gestire tutti i progetti di capitale. Centralizza i dati, standardizza il reporting e automatizza le offerte per aumentare la trasparenza e semplificare le attivit\u00e0 di approvvigionamento e il monitoraggio dei costi del progetto.\u00a0Alcune delle sue notevoli funzionalit\u00e0 includono report standardizzati, monitoraggio dei costi unificato, offerte automatiche, elaborazione delle fatture e condivisione dei documenti.<\/p>\n<h2>HONEST BUILDINGS &#8211; TUTORIAL<\/h2>\n<p>Guardiamo insieme questo tutorial che specifica le principali funzioni di questo software gestionale per immobili:<\/p>\n<div id=\"fluid-wrapper-counter-1\" class=\"g1-fluid-wrapper \" style=\"width:686px;\">\n<div style=\"padding-bottom:56.268221574344%;\"><iframe loading=\"lazy\" title=\"Meet Honest Buildings\" width=\"686\" height=\"386\" src=\"https:\/\/www.youtube.com\/embed\/Z-24goFQh8Q?feature=oembed&amp;wmode=transparent&amp;autohide=1&amp;autoplay=0&amp;disablekb=0&amp;fs=1&amp;loop=0&amp;enablejsapi=1&amp;rel=0&amp;controls=2&amp;showinfo=0&amp;wmode=transparent&amp;autohide=2&amp;autoplay=0&amp;disablekb=0&amp;fs=1&amp;loop=0&amp;enablejsapi=1&amp;rel=0&amp;controls=2&amp;showinfo=1\" frameborder=\"0\" allow=\"accelerometer; autoplay; clipboard-write; encrypted-media; gyroscope; picture-in-picture\" allowfullscreen><\/iframe><\/div>\n<\/div>\n<p>&nbsp;<\/p>\n<h3>HONEST BUILDINGS &#8211; CARATTERISTICHE<\/h3>\n<ul>\n<li><strong>Gestione di progetto<\/strong>: mantieni i tempi previsti con la comunicazione in tempo reale tra i team di progetto e accedi alle informazioni necessarie per gestire le azioni critiche<\/li>\n<li><strong>Qualit\u00e0 e sicurezza<\/strong>: migliora i processi e riduci i rischi relativi alla costruzione e al funzionamento con strumenti mobili semplificati, funzioni di responsabilit\u00e0 integrate e report istantanei sui dati sulle prestazioni<\/li>\n<li><strong>Dati finanziari del progetto<\/strong>: ottieni visibilit\u00e0 dettagliata e controlla i costi e gli ordini di modifica per progetti grandi o complessi, con funzionalit\u00e0 aggiuntive per la gestione delle offerte e della fatturazione<\/li>\n<li><strong>Analitica<\/strong>: apprendi le informazioni chiave dai dati sulle prestazioni, sia aggregati su tutti i progetti nel tuo portafoglio che nel tempo sui singoli progetti<\/li>\n<li><strong>BIM<\/strong>: collega la progettazione e la costruzione virtuali ai tuoi team sul campo per creare flussi di lavoro collaborativi in \u200b\u200btempo reale che aiutano i team a ottenere modelli 3D &#8220;privi di interferenze&#8221; pi\u00f9 velocemente<\/li>\n<\/ul>\n<h4>LE RECENSIONI DEGLI UTENTI<\/h4>\n<h4 class=\"font-weight-bold mb-1 d-flex align-items-center\">Stephen olawale J.&#8221;SOFTWARE EFFICIENTE E VELOCE PER LA GESTIONE DELLE OFFERTE DI PROGETTO E DEL BUDGETING&#8221;<\/h4>\n<p><strong>Commenti: <\/strong>Questa applicazione ha davvero avuto un ottimo scopo, pu\u00f2 essere migliorata per servire pi\u00f9 scopi, come il webinar per consentire la videoconferenza, il software serve davvero bene la mia azienda e ci fa davvero risparmiare tempo<\/p>\n<p><strong>Vantaggi: <\/strong>il software funziona alla grande per il mio appalto per progetti di costruzione, monitoraggio del budget del progetto di costruzione, reportistica e notifiche di selezione degli appaltatori (offerenti), interfaccia facile da usare per i nostri appaltatori, facile da capire (interfaccia user-friendly), funzioni di invio automatico di e-mail, i nostri offerenti in grado di quantificare le offerte, l&#8217;help desk del cliente \u00e8 stato molto reattivo.<\/p>\n<p><strong>Inconvenienti: <\/strong>la prima volta che si utilizza il software pu\u00f2 essere un po &#8216;difficile, comprendere alcune caratteristiche dell&#8217;applicazione, uno studio accurato e le chat con il customer care hanno reso l&#8217;utilizzo dell&#8217;applicazione facile e ben sfruttato per le sue capacit\u00e0. Il software pu\u00f2 anche essere reso pi\u00f9 veloce durante il caricamento.<\/p>\n<h4 class=\"font-weight-bold mb-1 d-flex align-items-center\">Tony C.&#8221;Il miglior software di Biddinig sul mercato&#8221;<\/h4>\n<p><strong>Commenti: <\/strong>Con il software Honest Building il nostro team \u00e8 stato in grado di massimizzare il tempo trascorso sulla propriet\u00e0 con i nostri inquilini e in loco con progetti di costruzione e meno tempo dietro lo schermo di un computer a lavorare su fogli di calcolo.<br \/>\nSebbene il nostro settore sia focalizzato sull&#8217;efficacia dei costi e sulla velocit\u00e0 di commercializzazione, non possiamo dimenticare le relazioni con i clienti.\u00a0Honest Buildings mi ha restituito il tempo necessario per promuovere e prestare attenzione alle esigenze degli inquilini.<\/p>\n<p><strong>Vantaggi: <\/strong>Mi piace la facilit\u00e0 d&#8217;uso del software di offerta e monitoraggio. I miei appaltatori generali lo hanno imparato facilmente. Il supporto in linea supera di gran lunga qualsiasi altro supporto software che abbia mai utilizzato. Ricevo un feedback immediato in pochi minuti.<\/p>\n<p><strong>Inconvenienti: <\/strong>Mi dispiace solo che ci sia voluto cos\u00ec tanto tempo per identificare e iniziare a utilizzare il software. Se dovessi calcolare le ore risparmiate negli ultimi anni inviando, qualificando e aggiudicando offerte senza questo software &#8230; Beh, non lo far\u00f2 perch\u00e9 sarei sopraffatto dal dolore.<\/p>\n<h4 class=\"font-weight-bold mb-1 d-flex align-items-center\">Jose G.&#8221;Ottimo sistema di monitoraggio del budget!&#8221;<\/h4>\n<p><strong>Commenti: <\/strong>HB rende molto pi\u00f9 facile pensare a tutti all&#8217;interno del mio team di costruzione e ai nostri fornitori. In generale \u00e8 un ottimo software.<\/p>\n<p><strong>Vantaggi: <\/strong>Quello che mi piace di pi\u00f9 \u00e8 poter gestire il budget di ogni progetto in un solo portale e il fatto di poter comunicare con il vendor tramite l&#8217;opzione di messaggio. Mi piace l&#8217;assistenza clienti, sono veloci ed efficaci. Soprattutto, HB ascolta i suggerimenti dei suoi clienti per migliorare la piattaforma.<\/p>\n<p><strong>Inconvenienti: <\/strong>Che il sistema non consente di creare diversi livelli di utente. \u00c8 solo un accesso completo o limitato, ma niente in mezzo. L&#8217;accesso limitato molte volte non funziona per alcuni utenti. Sar\u00e0 l&#8217;ideale avere un menu di accesso che siamo stati in grado di selezionare in base al livello di responsabilit\u00e0 dell&#8217;utente.\u00a0Inoltre, a volte \u00e8 un po &#8216;lento passare da Windows a Windows.<\/p>\n","protected":false},"excerpt":{"rendered":"<p>Honest Buildings \u00e8 una piattaforma di gestione dei progetti basata sui dati e basata su cloud, creata appositamente per proprietari, operatori e gestori immobiliari. La soluzione semplifica le operazioni immobiliari, compresa la progettazione e la costruzione, garantendo che tutti i progetti rispettino il budget e i tempi.<\/p>\n","protected":false},"author":19,"featured_media":31448,"parent":31329,"menu_order":0,"comment_status":"open","ping_status":"closed","template":"g1_template_page_review_new.php","meta":{"_acf_changed":false,"cwp_meta_box_check":"Yes","cwp_rev_product_name":"","cwp_rev_product_image":"","wppr_links":[],"cwp_rev_price":"","wppr_options":[],"wppr_pros":[],"wppr_cons":[],"_monsterinsights_skip_tracking":false,"_monsterinsights_sitenote_active":false,"_monsterinsights_sitenote_note":"","_monsterinsights_sitenote_category":0,"footnotes":""},"categories":[3950],"tags":[396,3967,3980,3971,3970,3968,3969],"features":[],"class_list":{"0":"post-31446","1":"page","2":"type-page","3":"status-publish","4":"has-post-thumbnail","6":"category-gestionale-immobiliare-categoria","7":"tag-cloud","8":"tag-gestionale-per-immobili","9":"tag-honest-buildings","10":"tag-piattaforma-gestionale-per-immobili","11":"tag-programma-gestionale-per-immobili","12":"tag-software-gestionale-per-immobili","13":"tag-soluzione-gestionale-per-immobili"},"wppr_data":{"cwp_meta_box_check":"Yes","cwp_rev_product_name":"","cwp_rev_product_image":"","cwp_image_link":"image","cwp_rev_price":"","wppr_rating":"0.00"},"acf":[],"yoast_head":"<!-- This site is optimized with the Yoast SEO plugin v27.4 - https:\/\/yoast.com\/product\/yoast-seo-wordpress\/ -->\n<title>Honest Buildings: recensione gestionale per immobili - Accurate Reviews<\/title>\n<meta name=\"description\" content=\"Honest Buildings: recensione software di gestione dei progetti basata sui dati e su cloud, creata appositamente per proprietari di immobili.\" \/>\n<meta name=\"robots\" content=\"index, follow, max-snippet:-1, max-image-preview:large, max-video-preview:-1\" \/>\n<link rel=\"canonical\" href=\"https:\/\/www.accuratereviews.com\/it\/gestionali-immobiliare-lista-software\/honest-buildings-recensione\/\" \/>\n<meta property=\"og:locale\" content=\"it_IT\" \/>\n<meta property=\"og:type\" content=\"article\" \/>\n<meta property=\"og:title\" content=\"Honest Buildings: recensione gestionale per immobili - Accurate Reviews\" \/>\n<meta property=\"og:description\" content=\"Honest Buildings: recensione software di gestione dei progetti basata sui dati e su cloud, creata appositamente per proprietari di immobili.\" \/>\n<meta property=\"og:url\" content=\"https:\/\/www.accuratereviews.com\/it\/gestionali-immobiliare-lista-software\/honest-buildings-recensione\/\" \/>\n<meta property=\"og:site_name\" content=\"Accurate Reviews\" \/>\n<meta property=\"og:image\" content=\"https:\/\/www.accuratereviews.com\/wp-content\/uploads\/2020\/10\/honest-buildings-logo.png\" \/>\n\t<meta property=\"og:image:width\" content=\"200\" \/>\n\t<meta property=\"og:image:height\" content=\"200\" \/>\n\t<meta property=\"og:image:type\" content=\"image\/png\" \/>\n<meta name=\"twitter:card\" content=\"summary_large_image\" \/>\n<meta name=\"twitter:label1\" content=\"Tempo di lettura stimato\" \/>\n\t<meta name=\"twitter:data1\" content=\"4 minuti\" \/>\n<script type=\"application\/ld+json\" class=\"yoast-schema-graph\">{\"@context\":\"https:\\\/\\\/schema.org\",\"@graph\":[{\"@type\":\"WebPage\",\"@id\":\"https:\\\/\\\/www.accuratereviews.com\\\/it\\\/gestionali-immobiliare-lista-software\\\/honest-buildings-recensione\\\/\",\"url\":\"https:\\\/\\\/www.accuratereviews.com\\\/it\\\/gestionali-immobiliare-lista-software\\\/honest-buildings-recensione\\\/\",\"name\":\"Honest Buildings: recensione gestionale per immobili - Accurate Reviews\",\"isPartOf\":{\"@id\":\"https:\\\/\\\/www.accuratereviews.com\\\/it\\\/#website\"},\"primaryImageOfPage\":{\"@id\":\"https:\\\/\\\/www.accuratereviews.com\\\/it\\\/gestionali-immobiliare-lista-software\\\/honest-buildings-recensione\\\/#primaryimage\"},\"image\":{\"@id\":\"https:\\\/\\\/www.accuratereviews.com\\\/it\\\/gestionali-immobiliare-lista-software\\\/honest-buildings-recensione\\\/#primaryimage\"},\"thumbnailUrl\":\"https:\\\/\\\/www.accuratereviews.com\\\/wp-content\\\/uploads\\\/2020\\\/10\\\/honest-buildings-logo.png\",\"datePublished\":\"2020-10-26T11:39:12+00:00\",\"description\":\"Honest Buildings: recensione software di gestione dei progetti basata sui dati e su cloud, creata appositamente per proprietari di immobili.\",\"breadcrumb\":{\"@id\":\"https:\\\/\\\/www.accuratereviews.com\\\/it\\\/gestionali-immobiliare-lista-software\\\/honest-buildings-recensione\\\/#breadcrumb\"},\"inLanguage\":\"it-IT\",\"potentialAction\":[{\"@type\":\"ReadAction\",\"target\":[\"https:\\\/\\\/www.accuratereviews.com\\\/it\\\/gestionali-immobiliare-lista-software\\\/honest-buildings-recensione\\\/\"]}]},{\"@type\":\"ImageObject\",\"inLanguage\":\"it-IT\",\"@id\":\"https:\\\/\\\/www.accuratereviews.com\\\/it\\\/gestionali-immobiliare-lista-software\\\/honest-buildings-recensione\\\/#primaryimage\",\"url\":\"https:\\\/\\\/www.accuratereviews.com\\\/wp-content\\\/uploads\\\/2020\\\/10\\\/honest-buildings-logo.png\",\"contentUrl\":\"https:\\\/\\\/www.accuratereviews.com\\\/wp-content\\\/uploads\\\/2020\\\/10\\\/honest-buildings-logo.png\",\"width\":200,\"height\":200},{\"@type\":\"BreadcrumbList\",\"@id\":\"https:\\\/\\\/www.accuratereviews.com\\\/it\\\/gestionali-immobiliare-lista-software\\\/honest-buildings-recensione\\\/#breadcrumb\",\"itemListElement\":[{\"@type\":\"ListItem\",\"position\":1,\"name\":\"Home\",\"item\":\"https:\\\/\\\/www.accuratereviews.com\\\/it\\\/\"},{\"@type\":\"ListItem\",\"position\":2,\"name\":\"Gestionali immobiliari\",\"item\":\"https:\\\/\\\/www.accuratereviews.com\\\/it\\\/gestionali-immobiliare-lista-software\\\/\"},{\"@type\":\"ListItem\",\"position\":3,\"name\":\"Honest Buildings\"}]},{\"@type\":\"WebSite\",\"@id\":\"https:\\\/\\\/www.accuratereviews.com\\\/it\\\/#website\",\"url\":\"https:\\\/\\\/www.accuratereviews.com\\\/it\\\/\",\"name\":\"Accurate Reviews\",\"description\":\"\",\"potentialAction\":[{\"@type\":\"SearchAction\",\"target\":{\"@type\":\"EntryPoint\",\"urlTemplate\":\"https:\\\/\\\/www.accuratereviews.com\\\/it\\\/?s={search_term_string}\"},\"query-input\":{\"@type\":\"PropertyValueSpecification\",\"valueRequired\":true,\"valueName\":\"search_term_string\"}}],\"inLanguage\":\"it-IT\"}]}<\/script>\n<!-- \/ Yoast SEO plugin. -->","yoast_head_json":{"title":"Honest Buildings: recensione gestionale per immobili - Accurate Reviews","description":"Honest Buildings: recensione software di gestione dei progetti basata sui dati e su cloud, creata appositamente per proprietari di immobili.","robots":{"index":"index","follow":"follow","max-snippet":"max-snippet:-1","max-image-preview":"max-image-preview:large","max-video-preview":"max-video-preview:-1"},"canonical":"https:\/\/www.accuratereviews.com\/it\/gestionali-immobiliare-lista-software\/honest-buildings-recensione\/","og_locale":"it_IT","og_type":"article","og_title":"Honest Buildings: recensione gestionale per immobili - Accurate Reviews","og_description":"Honest Buildings: recensione software di gestione dei progetti basata sui dati e su cloud, creata appositamente per proprietari di immobili.","og_url":"https:\/\/www.accuratereviews.com\/it\/gestionali-immobiliare-lista-software\/honest-buildings-recensione\/","og_site_name":"Accurate Reviews","og_image":[{"width":200,"height":200,"url":"https:\/\/www.accuratereviews.com\/wp-content\/uploads\/2020\/10\/honest-buildings-logo.png","type":"image\/png"}],"twitter_card":"summary_large_image","twitter_misc":{"Tempo di lettura stimato":"4 minuti"},"schema":{"@context":"https:\/\/schema.org","@graph":[{"@type":"WebPage","@id":"https:\/\/www.accuratereviews.com\/it\/gestionali-immobiliare-lista-software\/honest-buildings-recensione\/","url":"https:\/\/www.accuratereviews.com\/it\/gestionali-immobiliare-lista-software\/honest-buildings-recensione\/","name":"Honest Buildings: recensione gestionale per immobili - Accurate Reviews","isPartOf":{"@id":"https:\/\/www.accuratereviews.com\/it\/#website"},"primaryImageOfPage":{"@id":"https:\/\/www.accuratereviews.com\/it\/gestionali-immobiliare-lista-software\/honest-buildings-recensione\/#primaryimage"},"image":{"@id":"https:\/\/www.accuratereviews.com\/it\/gestionali-immobiliare-lista-software\/honest-buildings-recensione\/#primaryimage"},"thumbnailUrl":"https:\/\/www.accuratereviews.com\/wp-content\/uploads\/2020\/10\/honest-buildings-logo.png","datePublished":"2020-10-26T11:39:12+00:00","description":"Honest Buildings: recensione software di gestione dei progetti basata sui dati e su cloud, creata appositamente per proprietari di immobili.","breadcrumb":{"@id":"https:\/\/www.accuratereviews.com\/it\/gestionali-immobiliare-lista-software\/honest-buildings-recensione\/#breadcrumb"},"inLanguage":"it-IT","potentialAction":[{"@type":"ReadAction","target":["https:\/\/www.accuratereviews.com\/it\/gestionali-immobiliare-lista-software\/honest-buildings-recensione\/"]}]},{"@type":"ImageObject","inLanguage":"it-IT","@id":"https:\/\/www.accuratereviews.com\/it\/gestionali-immobiliare-lista-software\/honest-buildings-recensione\/#primaryimage","url":"https:\/\/www.accuratereviews.com\/wp-content\/uploads\/2020\/10\/honest-buildings-logo.png","contentUrl":"https:\/\/www.accuratereviews.com\/wp-content\/uploads\/2020\/10\/honest-buildings-logo.png","width":200,"height":200},{"@type":"BreadcrumbList","@id":"https:\/\/www.accuratereviews.com\/it\/gestionali-immobiliare-lista-software\/honest-buildings-recensione\/#breadcrumb","itemListElement":[{"@type":"ListItem","position":1,"name":"Home","item":"https:\/\/www.accuratereviews.com\/it\/"},{"@type":"ListItem","position":2,"name":"Gestionali immobiliari","item":"https:\/\/www.accuratereviews.com\/it\/gestionali-immobiliare-lista-software\/"},{"@type":"ListItem","position":3,"name":"Honest Buildings"}]},{"@type":"WebSite","@id":"https:\/\/www.accuratereviews.com\/it\/#website","url":"https:\/\/www.accuratereviews.com\/it\/","name":"Accurate Reviews","description":"","potentialAction":[{"@type":"SearchAction","target":{"@type":"EntryPoint","urlTemplate":"https:\/\/www.accuratereviews.com\/it\/?s={search_term_string}"},"query-input":{"@type":"PropertyValueSpecification","valueRequired":true,"valueName":"search_term_string"}}],"inLanguage":"it-IT"}]}},"_links":{"self":[{"href":"https:\/\/www.accuratereviews.com\/it\/wp-json\/wp\/v2\/pages\/31446","targetHints":{"allow":["GET"]}}],"collection":[{"href":"https:\/\/www.accuratereviews.com\/it\/wp-json\/wp\/v2\/pages"}],"about":[{"href":"https:\/\/www.accuratereviews.com\/it\/wp-json\/wp\/v2\/types\/page"}],"author":[{"embeddable":true,"href":"https:\/\/www.accuratereviews.com\/it\/wp-json\/wp\/v2\/users\/19"}],"replies":[{"embeddable":true,"href":"https:\/\/www.accuratereviews.com\/it\/wp-json\/wp\/v2\/comments?post=31446"}],"version-history":[{"count":9,"href":"https:\/\/www.accuratereviews.com\/it\/wp-json\/wp\/v2\/pages\/31446\/revisions"}],"predecessor-version":[{"id":31473,"href":"https:\/\/www.accuratereviews.com\/it\/wp-json\/wp\/v2\/pages\/31446\/revisions\/31473"}],"up":[{"embeddable":true,"href":"https:\/\/www.accuratereviews.com\/it\/wp-json\/wp\/v2\/pages\/31329"}],"wp:featuredmedia":[{"embeddable":true,"href":"https:\/\/www.accuratereviews.com\/it\/wp-json\/wp\/v2\/media\/31448"}],"wp:attachment":[{"href":"https:\/\/www.accuratereviews.com\/it\/wp-json\/wp\/v2\/media?parent=31446"}],"wp:term":[{"taxonomy":"category","embeddable":true,"href":"https:\/\/www.accuratereviews.com\/it\/wp-json\/wp\/v2\/categories?post=31446"},{"taxonomy":"post_tag","embeddable":true,"href":"https:\/\/www.accuratereviews.com\/it\/wp-json\/wp\/v2\/tags?post=31446"},{"taxonomy":"features","embeddable":true,"href":"https:\/\/www.accuratereviews.com\/it\/wp-json\/wp\/v2\/features?post=31446"}],"curies":[{"name":"wp","href":"https:\/\/api.w.org\/{rel}","templated":true}]}}