{"id":31480,"date":"2020-10-27T11:53:28","date_gmt":"2020-10-27T11:53:28","guid":{"rendered":"https:\/\/www.accuratereviews.com\/?page_id=31480"},"modified":"2020-10-27T11:53:28","modified_gmt":"2020-10-27T11:53:28","slug":"shape-recensione","status":"publish","type":"page","link":"https:\/\/www.accuratereviews.com\/it\/gestionali-immobiliare-lista-software\/shape-recensione\/","title":{"rendered":"Shape"},"content":{"rendered":"<p><strong>Shape<\/strong> \u00e8 un <strong>CRM<\/strong> basato su <strong>cloud<\/strong>, software di automazione delle vendite e del marketing per aziende in vari settori tra cui legale, immobiliare, mutuo, finanza e istruzione. La soluzione offre una gamma di strumenti per aiutare gli utenti a gestire e automatizzare il marketing e le promozioni online. Acquisire e fornire assistenza da fonti online, organizzare pipeline di vendita, trovare potenziali clienti, creare e inviare documenti professionali, accettare pagamenti, eseguire rapporti personalizzati, automatizzare l&#8217;amministrazione compiti e altro ancora. Le caratteristiche principali includono la gestione delle assunzioni e l&#8217;automazione del marketing, oltre alla gestione di documenti, progetti e clienti. Shape consente agli utenti di configurare la soluzione per soddisfare le loro esigenze specifiche con una suite di integrazioni (MailChimp, Twilio, G Suite, ecc.), strumenti di configurazione dell&#8217;account personalizzati e supporto immediato.<\/p>\n<h2>SHAPE &#8211; \u00a0TUTORIAL<\/h2>\n<p>Guardiamo come \u00e8 semplice inserire i dati di un nuovo cliente con questo <strong>software gestionale per immobili:<\/strong><\/p>\n<div id=\"fluid-wrapper-counter-1\" class=\"g1-fluid-wrapper \" style=\"width:686px;\">\n<div style=\"padding-bottom:56.268221574344%;\"><iframe loading=\"lazy\" title=\"Shape Software Inbound Call Routing\" width=\"515\" height=\"386\" src=\"https:\/\/www.youtube.com\/embed\/L8XFt21imnY?feature=oembed&amp;wmode=transparent&amp;autohide=1&amp;autoplay=0&amp;disablekb=0&amp;fs=1&amp;loop=0&amp;enablejsapi=1&amp;rel=0&amp;controls=2&amp;showinfo=0&amp;wmode=transparent&amp;autohide=2&amp;autoplay=0&amp;disablekb=0&amp;fs=1&amp;loop=0&amp;enablejsapi=1&amp;rel=0&amp;controls=2&amp;showinfo=1\" frameborder=\"0\" allow=\"accelerometer; autoplay; clipboard-write; encrypted-media; gyroscope; picture-in-picture\" allowfullscreen><\/iframe><\/div>\n<\/div>\n<h3>SHAPE &#8211; CARATTERISTICHE<\/h3>\n<ul>\n<li>Gestione lead e account<\/li>\n<li>Analisi delle prestazioni del team<\/li>\n<li>Flussi di lavoro del settore personalizzati<\/li>\n<li>Gestione contatt<\/li>\n<li>Distribuzione dei lead e tag di unione configurabili<\/li>\n<li>Integrazione della posta elettronica per Outlook e Gmail<\/li>\n<li>Pianificazione delle attivit\u00e0, automazione e registri delle attivit\u00e0<\/li>\n<li>Autorizzazioni basate sui ruoli<\/li>\n<li>Personalizzazioni e API aperta<\/li>\n<li>Archiviazione documenti<\/li>\n<li>Chat e messaggistica istantanea all&#8217;interno dell&#8217;azienda<\/li>\n<li>Restrizioni IP<\/li>\n<li>Gestione di filiali e affiliati<\/li>\n<li>Strumenti di vendita e marketing<\/li>\n<li>Monitoraggio delle campagne e delle vendite<\/li>\n<li>Soluzione di firma elettronica integrata<\/li>\n<li>Campagne e modelli email personalizzati<\/li>\n<li>Drip Campaign Automation<\/li>\n<li>Monitoraggio dei referral<\/li>\n<li>Sistema telefonico cloud<\/li>\n<li>Chiamate in entrata e in uscita<\/li>\n<li>Dialer progressivo<\/li>\n<li>Instradamento delle chiamate e IVR<\/li>\n<li>Telefono desktop<\/li>\n<li>Composizione click-to-call<\/li>\n<li>Call script, registrazione e monitoraggio<\/li>\n<\/ul>\n<h4>LE RECENSIONE DEGLI UTENTI<\/h4>\n<h4 class=\"font-weight-bold mb-1 d-flex align-items-center\">Charles O.&#8221;Il miglior CRM che abbia mai visto&#8221;<\/h4>\n<p><strong>Commenti: <\/strong>Consiglio vivamente Shape a chiunque cerchi un software CRM efficiente in termini di costi!<\/p>\n<p><strong>Vantaggi: <\/strong>Shape Software \u00e8, senza dubbio, il miglior software CRM che ho usato per la mia azienda. Grazie alla sua capacit\u00e0 di gestire i progetti dei miei clienti e acquisire contatti, ho pi\u00f9 tempo per concentrarmi sui problemi del quadro generale della mia azienda. Rilasciano spesso funzionalit\u00e0 eccellenti e offrono un servizio clienti di prim&#8217;ordine. Hanno costruito un sistema personalizzato che si adatta a tutte le mie esigenze!<\/p>\n<p><strong>Inconvenienti: <\/strong>Nessuna lamentela importante su questo software. Vorrei che alcuni dei costi aggiuntivi fossero inclusi nel pacchetto ma poich\u00e9 il software \u00e8 gi\u00e0 cos\u00ec basso, non mi dispiace pagarli.<\/p>\n<h4 class=\"font-weight-bold mb-1 d-flex align-items-center\">Emily J.&#8221;Recensione del software Shape&#8221;<\/h4>\n<p><strong>Vantaggi: <\/strong>Risposta veloce, sito web facile da usare, molto facile richiedere una demo! Shape Software semplifica la gestione di clienti e progetti. Consiglio vivamente Shape Software a un amico o collega. Shape Software soddisfa decisamente le esigenze della mia azienda. Inoltre, \u00e8 facile da installare e ha un eccellente supporto.<\/p>\n<p><strong>Inconvenienti: <\/strong>Non ho alcun reclamo con Shape Software.<\/p>\n<h4 class=\"font-weight-bold mb-1 d-flex align-items-center\">Karen K.&#8221;Software TAMID Group Shape&#8221;<\/h4>\n<p><strong>Commenti: <\/strong>\u00c8 stato fantastico! Mi piace davvero!!!<\/p>\n<p><strong>Vantaggi: <\/strong>Il design del software \u00e8 sorprendente! \u00c8 super intuitivo e facile da capire. Essendo io stesso un designer UX, la loro UX \u00e8 davvero buona. Mi piace il modo in cui organizzano i grafici. Rendono estremamente facile capire le tendenze.<\/p>\n<p><strong>Inconvenienti: <\/strong>Non ho ancora sperimentato niente di brutto.<\/p>\n","protected":false},"excerpt":{"rendered":"<p>Shape \u00e8 un CRM basato su cloud, software di automazione delle vendite e del marketing per aziende in vari settori tra cui legale, immobiliare, mutuo, finanza e istruzione. La soluzione offre una gamma di strumenti per aiutare gli utenti a gestire e automatizzare il marketing e le promozioni online.<\/p>\n","protected":false},"author":19,"featured_media":31481,"parent":31329,"menu_order":0,"comment_status":"open","ping_status":"closed","template":"g1_template_page_review_new.php","meta":{"_acf_changed":false,"cwp_meta_box_check":"Yes","cwp_rev_product_name":"","cwp_rev_product_image":"","wppr_links":[],"cwp_rev_price":"","wppr_options":[],"wppr_pros":[],"wppr_cons":[],"_monsterinsights_skip_tracking":false,"_monsterinsights_sitenote_active":false,"_monsterinsights_sitenote_note":"","_monsterinsights_sitenote_category":0,"footnotes":""},"categories":[3950],"tags":[396,422,424,3967,3971,427,3970,3983,3968,3969],"features":[],"class_list":{"0":"post-31480","1":"page","2":"type-page","3":"status-publish","4":"has-post-thumbnail","6":"category-gestionale-immobiliare-categoria","7":"tag-cloud","8":"tag-crm","9":"tag-crm-software","10":"tag-gestionale-per-immobili","11":"tag-piattaforma-gestionale-per-immobili","12":"tag-programma-crm","13":"tag-programma-gestionale-per-immobili","14":"tag-shape","15":"tag-software-gestionale-per-immobili","16":"tag-soluzione-gestionale-per-immobili"},"wppr_data":{"cwp_meta_box_check":"Yes","cwp_rev_product_name":"","cwp_rev_product_image":"","cwp_image_link":"image","cwp_rev_price":"","wppr_rating":"0.00"},"acf":[],"yoast_head":"<!-- This site is optimized with the Yoast SEO plugin v27.4 - https:\/\/yoast.com\/product\/yoast-seo-wordpress\/ -->\n<title>Shape: recensione software gestionale per immobili - Accurate Reviews<\/title>\n<meta name=\"description\" content=\"Shape: recensione soluzione CRM basato su cloud per diversi settori tra cui legale, immobiliare, mutuo, finanza e istruzione.\" \/>\n<meta name=\"robots\" content=\"index, follow, max-snippet:-1, max-image-preview:large, max-video-preview:-1\" \/>\n<link rel=\"canonical\" href=\"https:\/\/www.accuratereviews.com\/it\/gestionali-immobiliare-lista-software\/shape-recensione\/\" \/>\n<meta property=\"og:locale\" content=\"it_IT\" \/>\n<meta property=\"og:type\" content=\"article\" \/>\n<meta property=\"og:title\" content=\"Shape: recensione software gestionale per immobili - Accurate Reviews\" \/>\n<meta property=\"og:description\" content=\"Shape: recensione soluzione CRM basato su cloud per diversi settori tra cui legale, immobiliare, mutuo, finanza e istruzione.\" \/>\n<meta property=\"og:url\" content=\"https:\/\/www.accuratereviews.com\/it\/gestionali-immobiliare-lista-software\/shape-recensione\/\" \/>\n<meta property=\"og:site_name\" content=\"Accurate Reviews\" \/>\n<meta property=\"og:image\" content=\"https:\/\/www.accuratereviews.com\/wp-content\/uploads\/2020\/10\/Shape.jpg\" \/>\n\t<meta property=\"og:image:width\" content=\"200\" \/>\n\t<meta property=\"og:image:height\" content=\"200\" \/>\n\t<meta property=\"og:image:type\" content=\"image\/jpeg\" \/>\n<meta name=\"twitter:card\" content=\"summary_large_image\" \/>\n<meta name=\"twitter:label1\" content=\"Tempo di lettura stimato\" \/>\n\t<meta name=\"twitter:data1\" content=\"3 minuti\" \/>\n<script type=\"application\/ld+json\" class=\"yoast-schema-graph\">{\"@context\":\"https:\\\/\\\/schema.org\",\"@graph\":[{\"@type\":\"WebPage\",\"@id\":\"https:\\\/\\\/www.accuratereviews.com\\\/it\\\/gestionali-immobiliare-lista-software\\\/shape-recensione\\\/\",\"url\":\"https:\\\/\\\/www.accuratereviews.com\\\/it\\\/gestionali-immobiliare-lista-software\\\/shape-recensione\\\/\",\"name\":\"Shape: recensione software gestionale per immobili - Accurate Reviews\",\"isPartOf\":{\"@id\":\"https:\\\/\\\/www.accuratereviews.com\\\/it\\\/#website\"},\"primaryImageOfPage\":{\"@id\":\"https:\\\/\\\/www.accuratereviews.com\\\/it\\\/gestionali-immobiliare-lista-software\\\/shape-recensione\\\/#primaryimage\"},\"image\":{\"@id\":\"https:\\\/\\\/www.accuratereviews.com\\\/it\\\/gestionali-immobiliare-lista-software\\\/shape-recensione\\\/#primaryimage\"},\"thumbnailUrl\":\"https:\\\/\\\/www.accuratereviews.com\\\/wp-content\\\/uploads\\\/2020\\\/10\\\/Shape.jpg\",\"datePublished\":\"2020-10-27T11:53:28+00:00\",\"description\":\"Shape: recensione soluzione CRM basato su cloud per diversi settori tra cui legale, immobiliare, mutuo, finanza e istruzione.\",\"breadcrumb\":{\"@id\":\"https:\\\/\\\/www.accuratereviews.com\\\/it\\\/gestionali-immobiliare-lista-software\\\/shape-recensione\\\/#breadcrumb\"},\"inLanguage\":\"it-IT\",\"potentialAction\":[{\"@type\":\"ReadAction\",\"target\":[\"https:\\\/\\\/www.accuratereviews.com\\\/it\\\/gestionali-immobiliare-lista-software\\\/shape-recensione\\\/\"]}]},{\"@type\":\"ImageObject\",\"inLanguage\":\"it-IT\",\"@id\":\"https:\\\/\\\/www.accuratereviews.com\\\/it\\\/gestionali-immobiliare-lista-software\\\/shape-recensione\\\/#primaryimage\",\"url\":\"https:\\\/\\\/www.accuratereviews.com\\\/wp-content\\\/uploads\\\/2020\\\/10\\\/Shape.jpg\",\"contentUrl\":\"https:\\\/\\\/www.accuratereviews.com\\\/wp-content\\\/uploads\\\/2020\\\/10\\\/Shape.jpg\",\"width\":200,\"height\":200},{\"@type\":\"BreadcrumbList\",\"@id\":\"https:\\\/\\\/www.accuratereviews.com\\\/it\\\/gestionali-immobiliare-lista-software\\\/shape-recensione\\\/#breadcrumb\",\"itemListElement\":[{\"@type\":\"ListItem\",\"position\":1,\"name\":\"Home\",\"item\":\"https:\\\/\\\/www.accuratereviews.com\\\/it\\\/\"},{\"@type\":\"ListItem\",\"position\":2,\"name\":\"Gestionali immobiliari\",\"item\":\"https:\\\/\\\/www.accuratereviews.com\\\/it\\\/gestionali-immobiliare-lista-software\\\/\"},{\"@type\":\"ListItem\",\"position\":3,\"name\":\"Shape\"}]},{\"@type\":\"WebSite\",\"@id\":\"https:\\\/\\\/www.accuratereviews.com\\\/it\\\/#website\",\"url\":\"https:\\\/\\\/www.accuratereviews.com\\\/it\\\/\",\"name\":\"Accurate Reviews\",\"description\":\"\",\"potentialAction\":[{\"@type\":\"SearchAction\",\"target\":{\"@type\":\"EntryPoint\",\"urlTemplate\":\"https:\\\/\\\/www.accuratereviews.com\\\/it\\\/?s={search_term_string}\"},\"query-input\":{\"@type\":\"PropertyValueSpecification\",\"valueRequired\":true,\"valueName\":\"search_term_string\"}}],\"inLanguage\":\"it-IT\"}]}<\/script>\n<!-- \/ Yoast SEO plugin. -->","yoast_head_json":{"title":"Shape: recensione software gestionale per immobili - Accurate Reviews","description":"Shape: recensione soluzione CRM basato su cloud per diversi settori tra cui legale, immobiliare, mutuo, finanza e istruzione.","robots":{"index":"index","follow":"follow","max-snippet":"max-snippet:-1","max-image-preview":"max-image-preview:large","max-video-preview":"max-video-preview:-1"},"canonical":"https:\/\/www.accuratereviews.com\/it\/gestionali-immobiliare-lista-software\/shape-recensione\/","og_locale":"it_IT","og_type":"article","og_title":"Shape: recensione software gestionale per immobili - Accurate Reviews","og_description":"Shape: recensione soluzione CRM basato su cloud per diversi settori tra cui legale, immobiliare, mutuo, finanza e istruzione.","og_url":"https:\/\/www.accuratereviews.com\/it\/gestionali-immobiliare-lista-software\/shape-recensione\/","og_site_name":"Accurate Reviews","og_image":[{"width":200,"height":200,"url":"https:\/\/www.accuratereviews.com\/wp-content\/uploads\/2020\/10\/Shape.jpg","type":"image\/jpeg"}],"twitter_card":"summary_large_image","twitter_misc":{"Tempo di lettura stimato":"3 minuti"},"schema":{"@context":"https:\/\/schema.org","@graph":[{"@type":"WebPage","@id":"https:\/\/www.accuratereviews.com\/it\/gestionali-immobiliare-lista-software\/shape-recensione\/","url":"https:\/\/www.accuratereviews.com\/it\/gestionali-immobiliare-lista-software\/shape-recensione\/","name":"Shape: recensione software gestionale per immobili - Accurate Reviews","isPartOf":{"@id":"https:\/\/www.accuratereviews.com\/it\/#website"},"primaryImageOfPage":{"@id":"https:\/\/www.accuratereviews.com\/it\/gestionali-immobiliare-lista-software\/shape-recensione\/#primaryimage"},"image":{"@id":"https:\/\/www.accuratereviews.com\/it\/gestionali-immobiliare-lista-software\/shape-recensione\/#primaryimage"},"thumbnailUrl":"https:\/\/www.accuratereviews.com\/wp-content\/uploads\/2020\/10\/Shape.jpg","datePublished":"2020-10-27T11:53:28+00:00","description":"Shape: recensione soluzione CRM basato su cloud per diversi settori tra cui legale, immobiliare, mutuo, finanza e istruzione.","breadcrumb":{"@id":"https:\/\/www.accuratereviews.com\/it\/gestionali-immobiliare-lista-software\/shape-recensione\/#breadcrumb"},"inLanguage":"it-IT","potentialAction":[{"@type":"ReadAction","target":["https:\/\/www.accuratereviews.com\/it\/gestionali-immobiliare-lista-software\/shape-recensione\/"]}]},{"@type":"ImageObject","inLanguage":"it-IT","@id":"https:\/\/www.accuratereviews.com\/it\/gestionali-immobiliare-lista-software\/shape-recensione\/#primaryimage","url":"https:\/\/www.accuratereviews.com\/wp-content\/uploads\/2020\/10\/Shape.jpg","contentUrl":"https:\/\/www.accuratereviews.com\/wp-content\/uploads\/2020\/10\/Shape.jpg","width":200,"height":200},{"@type":"BreadcrumbList","@id":"https:\/\/www.accuratereviews.com\/it\/gestionali-immobiliare-lista-software\/shape-recensione\/#breadcrumb","itemListElement":[{"@type":"ListItem","position":1,"name":"Home","item":"https:\/\/www.accuratereviews.com\/it\/"},{"@type":"ListItem","position":2,"name":"Gestionali immobiliari","item":"https:\/\/www.accuratereviews.com\/it\/gestionali-immobiliare-lista-software\/"},{"@type":"ListItem","position":3,"name":"Shape"}]},{"@type":"WebSite","@id":"https:\/\/www.accuratereviews.com\/it\/#website","url":"https:\/\/www.accuratereviews.com\/it\/","name":"Accurate Reviews","description":"","potentialAction":[{"@type":"SearchAction","target":{"@type":"EntryPoint","urlTemplate":"https:\/\/www.accuratereviews.com\/it\/?s={search_term_string}"},"query-input":{"@type":"PropertyValueSpecification","valueRequired":true,"valueName":"search_term_string"}}],"inLanguage":"it-IT"}]}},"_links":{"self":[{"href":"https:\/\/www.accuratereviews.com\/it\/wp-json\/wp\/v2\/pages\/31480","targetHints":{"allow":["GET"]}}],"collection":[{"href":"https:\/\/www.accuratereviews.com\/it\/wp-json\/wp\/v2\/pages"}],"about":[{"href":"https:\/\/www.accuratereviews.com\/it\/wp-json\/wp\/v2\/types\/page"}],"author":[{"embeddable":true,"href":"https:\/\/www.accuratereviews.com\/it\/wp-json\/wp\/v2\/users\/19"}],"replies":[{"embeddable":true,"href":"https:\/\/www.accuratereviews.com\/it\/wp-json\/wp\/v2\/comments?post=31480"}],"version-history":[{"count":5,"href":"https:\/\/www.accuratereviews.com\/it\/wp-json\/wp\/v2\/pages\/31480\/revisions"}],"predecessor-version":[{"id":31489,"href":"https:\/\/www.accuratereviews.com\/it\/wp-json\/wp\/v2\/pages\/31480\/revisions\/31489"}],"up":[{"embeddable":true,"href":"https:\/\/www.accuratereviews.com\/it\/wp-json\/wp\/v2\/pages\/31329"}],"wp:featuredmedia":[{"embeddable":true,"href":"https:\/\/www.accuratereviews.com\/it\/wp-json\/wp\/v2\/media\/31481"}],"wp:attachment":[{"href":"https:\/\/www.accuratereviews.com\/it\/wp-json\/wp\/v2\/media?parent=31480"}],"wp:term":[{"taxonomy":"category","embeddable":true,"href":"https:\/\/www.accuratereviews.com\/it\/wp-json\/wp\/v2\/categories?post=31480"},{"taxonomy":"post_tag","embeddable":true,"href":"https:\/\/www.accuratereviews.com\/it\/wp-json\/wp\/v2\/tags?post=31480"},{"taxonomy":"features","embeddable":true,"href":"https:\/\/www.accuratereviews.com\/it\/wp-json\/wp\/v2\/features?post=31480"}],"curies":[{"name":"wp","href":"https:\/\/api.w.org\/{rel}","templated":true}]}}