{"id":31551,"date":"2020-10-28T11:09:39","date_gmt":"2020-10-28T11:09:39","guid":{"rendered":"https:\/\/www.accuratereviews.com\/?page_id=31551"},"modified":"2020-10-28T11:09:39","modified_gmt":"2020-10-28T11:09:39","slug":"building-engines-recensione","status":"publish","type":"page","link":"https:\/\/www.accuratereviews.com\/it\/gestionali-immobiliare-lista-software\/building-engines-recensione\/","title":{"rendered":"Building Engines"},"content":{"rendered":"<p><strong>Building Engines<\/strong> \u00e8 una soluzione di <strong>gestione della propriet\u00e0<\/strong> basata su <strong>cloud<\/strong> progettata per proprietari e gestori di immobili commerciali. Gli utenti possono gestire le operazioni di costruzione e i servizi dei tenant automatizzando le attivit\u00e0 quotidiane con una piattaforma integrata. Il software\u00a0aiuta gli utenti a standardizzare, automatizzare e mobilitare le operazioni e fornisce visibilit\u00e0 e controllo in tempo reale per migliorare le aree chiave dell&#8217;attivit\u00e0 quotidiana e il reddito operativo netto. La soluzione \u00e8 disponibile tramite browser web e app mobili. Le caratteristiche principali includono la manutenzione preventiva, un portale sia per i fornitori che per i tenant, la pianificazione delle risorse, il monitoraggio degli incidenti, la messaggistica di trasmissione e altro ancora. La soluzione\u00a0sfrutta il database Oracle per fornire un supporto adeguato per le informazioni che aiutano gli utenti a migliorare le operazioni quotidiane.<\/p>\n<h2>BUILDING ENGINES &#8211; TUTORIAL<\/h2>\n<p>Guardiamo insieme il video che illustra l&#8217;efficacia di questo <strong>software gestionale per immobili<\/strong>:<\/p>\n<div id=\"fluid-wrapper-counter-1\" class=\"g1-fluid-wrapper \" style=\"width:686px;\">\n<div style=\"padding-bottom:56.268221574344%;\"><iframe loading=\"lazy\" title=\"CREtech Building Engines Demo\" width=\"686\" height=\"386\" src=\"https:\/\/www.youtube.com\/embed\/4AatwFtd624?feature=oembed&amp;wmode=transparent&amp;autohide=1&amp;autoplay=0&amp;disablekb=0&amp;fs=1&amp;loop=0&amp;enablejsapi=1&amp;rel=0&amp;controls=2&amp;showinfo=0&amp;wmode=transparent&amp;autohide=2&amp;autoplay=0&amp;disablekb=0&amp;fs=1&amp;loop=0&amp;enablejsapi=1&amp;rel=0&amp;controls=2&amp;showinfo=1\" frameborder=\"0\" allow=\"accelerometer; autoplay; clipboard-write; encrypted-media; gyroscope; picture-in-picture\" allowfullscreen><\/iframe><\/div>\n<\/div>\n<h3>BUILDING ENGINES &#8211; CARATTERISTICHE<\/h3>\n<ul>\n<li><strong>Ordini di lavoro<\/strong>: semplifica, assegna priorit\u00e0 e gestisci le richieste di ordini di lavoro<\/li>\n<li><strong>Manutenzione preventiva:<\/strong> pianifica in anticipo per mantenere le risorse attive e funzionanti<\/li>\n<li><strong>Crea comunicazioni<\/strong>: interagisci facilmente con gli occupanti tramite email, SMS, AI e Slack<\/li>\n<li><strong>Assicurazione<\/strong>: gestisci il rischio e migliora la conformit\u00e0 per una frazione del costo<\/li>\n<li><strong>Ispezioni:<\/strong> standardizza e valuta le condizioni delle tue propriet\u00e0<\/li>\n<li><strong>RFP Automation<\/strong>: risparmia ore automatizzando l&#8217;intero processo RFP<\/li>\n<li><strong>Gestione dello spazio<\/strong>: visualizza le planimetrie e scopri ulteriori metrature<\/li>\n<li><strong>Accesso dei visitatori<\/strong>: controlla rapidamente i visitatori mentre acquisisci dettagli importanti<\/li>\n<li><strong>Prenotazione delle risorse<\/strong>: semplifica le prenotazioni di servizi e ottieni maggiori entrate<\/li>\n<\/ul>\n<h4>LE RECENSIONI DEGLI UTENTI<\/h4>\n<h4 class=\"font-weight-bold mb-1 d-flex align-items-center\">Joseph N.&#8221;Ottimo sistema di ordini di lavoro&#8221;<\/h4>\n<p><strong>Vantaggi: <\/strong>Mi piace poter filtrare tutti i diversi tipi di ordini di lavoro, aggiungere commenti ed eseguire rapporti per tutto ci\u00f2 di cui ho bisogno.<\/p>\n<p><strong>Inconvenienti: <\/strong>A volte il sistema \u00e8 in ritardo quando si passa da una pagina all&#8217;altra.<\/p>\n<h4 class=\"font-weight-bold mb-1 d-flex align-items-center\">Jesse H.&#8221;Tecnologia per un ottimo servizio&#8221;<\/h4>\n<p><strong>Vantaggi: <\/strong>Siamo orgogliosi di essere un&#8217;azienda all&#8217;avanguardia della tecnologia. La piattaforma mobile di Building Engines e le opzioni di reporting ci danno la capacit\u00e0 di realizzare tale impegno e ci aiutano a essere una delle principali societ\u00e0 di gestione immobiliare. Il cellulare ci consente di rispondere immediatamente alle richieste di servizio anche quando non siamo davanti a un computer. Una notifica arriver\u00e0 su un dispositivo e il nostro personale di manutenzione sar\u00e0 attivo e funzionante mentre comunica ai nostri residenti che si stanno prendendo cura di loro.<\/p>\n<p><strong>Inconvenienti: <\/strong>Ci sono state volte in cui \u00e8 uscita una nuova versione in cui, affinch\u00e9 l&#8217;app continuasse a funzionare, la soluzione era eliminare l&#8217;app e scaricarla di nuovo.<\/p>\n<h5 class=\"font-weight-bold mb-1 d-flex align-items-center\">Justine B.&#8221;Ottimo sistema di ticket&#8221;<\/h5>\n<p><strong>Vantaggi: <\/strong>Mi piace la facilit\u00e0 di inviare ticket. Uso il sistema da due anni e non ho mai avuto problemi con esso.<\/p>\n<p><strong>Inconvenienti: <\/strong>Recentemente un pop-up quadrato si apre sulla versione desktop per scaricare l&#8217;app. Viene visualizzato ogni volta, anche se non sono al telefono e anche se i popup sono disabilitati.<\/p>\n","protected":false},"excerpt":{"rendered":"<p>Building Engines \u00e8 una soluzione di gestione della propriet\u00e0 basata su cloud progettata per proprietari e gestori di immobili commerciali. Gli utenti possono gestire le operazioni di costruzione e i servizi dei tenant automatizzando le attivit\u00e0 quotidiane con una piattaforma integrata. Il software\u00a0aiuta gli utenti a standardizzare, automatizzare e mobilitare le operazioni e fornisce visibilit\u00e0 e controllo in tempo reale per migliorare le aree chiave dell&#8217;attivit\u00e0 quotidiana e il reddito operativo netto.<\/p>\n","protected":false},"author":19,"featured_media":31555,"parent":31329,"menu_order":0,"comment_status":"open","ping_status":"closed","template":"g1_template_page_review_new.php","meta":{"_acf_changed":false,"cwp_meta_box_check":"Yes","cwp_rev_product_name":"","cwp_rev_product_image":"","wppr_links":[],"cwp_rev_price":"","wppr_options":[],"wppr_pros":[],"wppr_cons":[],"_monsterinsights_skip_tracking":false,"_monsterinsights_sitenote_active":false,"_monsterinsights_sitenote_note":"","_monsterinsights_sitenote_category":0,"footnotes":""},"categories":[3950],"tags":[4023,396,3967,3971,3970,3968,3969],"features":[],"class_list":{"0":"post-31551","1":"page","2":"type-page","3":"status-publish","4":"has-post-thumbnail","6":"category-gestionale-immobiliare-categoria","7":"tag-building-engines","8":"tag-cloud","9":"tag-gestionale-per-immobili","10":"tag-piattaforma-gestionale-per-immobili","11":"tag-programma-gestionale-per-immobili","12":"tag-software-gestionale-per-immobili","13":"tag-soluzione-gestionale-per-immobili"},"wppr_data":{"cwp_meta_box_check":"Yes","cwp_rev_product_name":"","cwp_rev_product_image":"","cwp_image_link":"image","cwp_rev_price":"","wppr_rating":"0.00"},"acf":[],"yoast_head":"<!-- This site is optimized with the Yoast SEO plugin v27.4 - https:\/\/yoast.com\/product\/yoast-seo-wordpress\/ -->\n<title>Building Engines: recensione gestionale per immobili - Accurate Reviews<\/title>\n<meta name=\"description\" content=\"Building Engines: recensione soluzione gestionele della propriet\u00e0 basata su cloud progettata per proprietari e gestori di immobili commercili\" \/>\n<meta name=\"robots\" content=\"index, follow, max-snippet:-1, max-image-preview:large, max-video-preview:-1\" \/>\n<link rel=\"canonical\" href=\"https:\/\/www.accuratereviews.com\/it\/gestionali-immobiliare-lista-software\/building-engines-recensione\/\" \/>\n<meta property=\"og:locale\" content=\"it_IT\" \/>\n<meta property=\"og:type\" content=\"article\" \/>\n<meta property=\"og:title\" content=\"Building Engines: recensione gestionale per immobili - Accurate Reviews\" \/>\n<meta property=\"og:description\" content=\"Building Engines: recensione soluzione gestionele della propriet\u00e0 basata su cloud progettata per proprietari e gestori di immobili commercili\" \/>\n<meta property=\"og:url\" content=\"https:\/\/www.accuratereviews.com\/it\/gestionali-immobiliare-lista-software\/building-engines-recensione\/\" \/>\n<meta property=\"og:site_name\" content=\"Accurate Reviews\" \/>\n<meta property=\"og:image\" content=\"https:\/\/www.accuratereviews.com\/wp-content\/uploads\/2020\/10\/Building-Engines.jpg\" \/>\n\t<meta property=\"og:image:width\" content=\"519\" \/>\n\t<meta property=\"og:image:height\" content=\"374\" \/>\n\t<meta property=\"og:image:type\" content=\"image\/jpeg\" \/>\n<meta name=\"twitter:card\" content=\"summary_large_image\" \/>\n<meta name=\"twitter:label1\" content=\"Tempo di lettura stimato\" \/>\n\t<meta name=\"twitter:data1\" content=\"2 minuti\" \/>\n<script type=\"application\/ld+json\" class=\"yoast-schema-graph\">{\"@context\":\"https:\\\/\\\/schema.org\",\"@graph\":[{\"@type\":\"WebPage\",\"@id\":\"https:\\\/\\\/www.accuratereviews.com\\\/it\\\/gestionali-immobiliare-lista-software\\\/building-engines-recensione\\\/\",\"url\":\"https:\\\/\\\/www.accuratereviews.com\\\/it\\\/gestionali-immobiliare-lista-software\\\/building-engines-recensione\\\/\",\"name\":\"Building Engines: recensione gestionale per immobili - Accurate Reviews\",\"isPartOf\":{\"@id\":\"https:\\\/\\\/www.accuratereviews.com\\\/it\\\/#website\"},\"primaryImageOfPage\":{\"@id\":\"https:\\\/\\\/www.accuratereviews.com\\\/it\\\/gestionali-immobiliare-lista-software\\\/building-engines-recensione\\\/#primaryimage\"},\"image\":{\"@id\":\"https:\\\/\\\/www.accuratereviews.com\\\/it\\\/gestionali-immobiliare-lista-software\\\/building-engines-recensione\\\/#primaryimage\"},\"thumbnailUrl\":\"https:\\\/\\\/www.accuratereviews.com\\\/wp-content\\\/uploads\\\/2020\\\/10\\\/Building-Engines.jpg\",\"datePublished\":\"2020-10-28T11:09:39+00:00\",\"description\":\"Building Engines: recensione soluzione gestionele della propriet\u00e0 basata su cloud progettata per proprietari e gestori di immobili commercili\",\"breadcrumb\":{\"@id\":\"https:\\\/\\\/www.accuratereviews.com\\\/it\\\/gestionali-immobiliare-lista-software\\\/building-engines-recensione\\\/#breadcrumb\"},\"inLanguage\":\"it-IT\",\"potentialAction\":[{\"@type\":\"ReadAction\",\"target\":[\"https:\\\/\\\/www.accuratereviews.com\\\/it\\\/gestionali-immobiliare-lista-software\\\/building-engines-recensione\\\/\"]}]},{\"@type\":\"ImageObject\",\"inLanguage\":\"it-IT\",\"@id\":\"https:\\\/\\\/www.accuratereviews.com\\\/it\\\/gestionali-immobiliare-lista-software\\\/building-engines-recensione\\\/#primaryimage\",\"url\":\"https:\\\/\\\/www.accuratereviews.com\\\/wp-content\\\/uploads\\\/2020\\\/10\\\/Building-Engines.jpg\",\"contentUrl\":\"https:\\\/\\\/www.accuratereviews.com\\\/wp-content\\\/uploads\\\/2020\\\/10\\\/Building-Engines.jpg\",\"width\":519,\"height\":374},{\"@type\":\"BreadcrumbList\",\"@id\":\"https:\\\/\\\/www.accuratereviews.com\\\/it\\\/gestionali-immobiliare-lista-software\\\/building-engines-recensione\\\/#breadcrumb\",\"itemListElement\":[{\"@type\":\"ListItem\",\"position\":1,\"name\":\"Home\",\"item\":\"https:\\\/\\\/www.accuratereviews.com\\\/it\\\/\"},{\"@type\":\"ListItem\",\"position\":2,\"name\":\"Gestionali immobiliari\",\"item\":\"https:\\\/\\\/www.accuratereviews.com\\\/it\\\/gestionali-immobiliare-lista-software\\\/\"},{\"@type\":\"ListItem\",\"position\":3,\"name\":\"Building Engines\"}]},{\"@type\":\"WebSite\",\"@id\":\"https:\\\/\\\/www.accuratereviews.com\\\/it\\\/#website\",\"url\":\"https:\\\/\\\/www.accuratereviews.com\\\/it\\\/\",\"name\":\"Accurate Reviews\",\"description\":\"\",\"potentialAction\":[{\"@type\":\"SearchAction\",\"target\":{\"@type\":\"EntryPoint\",\"urlTemplate\":\"https:\\\/\\\/www.accuratereviews.com\\\/it\\\/?s={search_term_string}\"},\"query-input\":{\"@type\":\"PropertyValueSpecification\",\"valueRequired\":true,\"valueName\":\"search_term_string\"}}],\"inLanguage\":\"it-IT\"}]}<\/script>\n<!-- \/ Yoast SEO plugin. -->","yoast_head_json":{"title":"Building Engines: recensione gestionale per immobili - Accurate Reviews","description":"Building Engines: recensione soluzione gestionele della propriet\u00e0 basata su cloud progettata per proprietari e gestori di immobili commercili","robots":{"index":"index","follow":"follow","max-snippet":"max-snippet:-1","max-image-preview":"max-image-preview:large","max-video-preview":"max-video-preview:-1"},"canonical":"https:\/\/www.accuratereviews.com\/it\/gestionali-immobiliare-lista-software\/building-engines-recensione\/","og_locale":"it_IT","og_type":"article","og_title":"Building Engines: recensione gestionale per immobili - Accurate Reviews","og_description":"Building Engines: recensione soluzione gestionele della propriet\u00e0 basata su cloud progettata per proprietari e gestori di immobili commercili","og_url":"https:\/\/www.accuratereviews.com\/it\/gestionali-immobiliare-lista-software\/building-engines-recensione\/","og_site_name":"Accurate Reviews","og_image":[{"width":519,"height":374,"url":"https:\/\/www.accuratereviews.com\/wp-content\/uploads\/2020\/10\/Building-Engines.jpg","type":"image\/jpeg"}],"twitter_card":"summary_large_image","twitter_misc":{"Tempo di lettura stimato":"2 minuti"},"schema":{"@context":"https:\/\/schema.org","@graph":[{"@type":"WebPage","@id":"https:\/\/www.accuratereviews.com\/it\/gestionali-immobiliare-lista-software\/building-engines-recensione\/","url":"https:\/\/www.accuratereviews.com\/it\/gestionali-immobiliare-lista-software\/building-engines-recensione\/","name":"Building Engines: recensione gestionale per immobili - Accurate Reviews","isPartOf":{"@id":"https:\/\/www.accuratereviews.com\/it\/#website"},"primaryImageOfPage":{"@id":"https:\/\/www.accuratereviews.com\/it\/gestionali-immobiliare-lista-software\/building-engines-recensione\/#primaryimage"},"image":{"@id":"https:\/\/www.accuratereviews.com\/it\/gestionali-immobiliare-lista-software\/building-engines-recensione\/#primaryimage"},"thumbnailUrl":"https:\/\/www.accuratereviews.com\/wp-content\/uploads\/2020\/10\/Building-Engines.jpg","datePublished":"2020-10-28T11:09:39+00:00","description":"Building Engines: recensione soluzione gestionele della propriet\u00e0 basata su cloud progettata per proprietari e gestori di immobili commercili","breadcrumb":{"@id":"https:\/\/www.accuratereviews.com\/it\/gestionali-immobiliare-lista-software\/building-engines-recensione\/#breadcrumb"},"inLanguage":"it-IT","potentialAction":[{"@type":"ReadAction","target":["https:\/\/www.accuratereviews.com\/it\/gestionali-immobiliare-lista-software\/building-engines-recensione\/"]}]},{"@type":"ImageObject","inLanguage":"it-IT","@id":"https:\/\/www.accuratereviews.com\/it\/gestionali-immobiliare-lista-software\/building-engines-recensione\/#primaryimage","url":"https:\/\/www.accuratereviews.com\/wp-content\/uploads\/2020\/10\/Building-Engines.jpg","contentUrl":"https:\/\/www.accuratereviews.com\/wp-content\/uploads\/2020\/10\/Building-Engines.jpg","width":519,"height":374},{"@type":"BreadcrumbList","@id":"https:\/\/www.accuratereviews.com\/it\/gestionali-immobiliare-lista-software\/building-engines-recensione\/#breadcrumb","itemListElement":[{"@type":"ListItem","position":1,"name":"Home","item":"https:\/\/www.accuratereviews.com\/it\/"},{"@type":"ListItem","position":2,"name":"Gestionali immobiliari","item":"https:\/\/www.accuratereviews.com\/it\/gestionali-immobiliare-lista-software\/"},{"@type":"ListItem","position":3,"name":"Building Engines"}]},{"@type":"WebSite","@id":"https:\/\/www.accuratereviews.com\/it\/#website","url":"https:\/\/www.accuratereviews.com\/it\/","name":"Accurate Reviews","description":"","potentialAction":[{"@type":"SearchAction","target":{"@type":"EntryPoint","urlTemplate":"https:\/\/www.accuratereviews.com\/it\/?s={search_term_string}"},"query-input":{"@type":"PropertyValueSpecification","valueRequired":true,"valueName":"search_term_string"}}],"inLanguage":"it-IT"}]}},"_links":{"self":[{"href":"https:\/\/www.accuratereviews.com\/it\/wp-json\/wp\/v2\/pages\/31551","targetHints":{"allow":["GET"]}}],"collection":[{"href":"https:\/\/www.accuratereviews.com\/it\/wp-json\/wp\/v2\/pages"}],"about":[{"href":"https:\/\/www.accuratereviews.com\/it\/wp-json\/wp\/v2\/types\/page"}],"author":[{"embeddable":true,"href":"https:\/\/www.accuratereviews.com\/it\/wp-json\/wp\/v2\/users\/19"}],"replies":[{"embeddable":true,"href":"https:\/\/www.accuratereviews.com\/it\/wp-json\/wp\/v2\/comments?post=31551"}],"version-history":[{"count":7,"href":"https:\/\/www.accuratereviews.com\/it\/wp-json\/wp\/v2\/pages\/31551\/revisions"}],"predecessor-version":[{"id":31576,"href":"https:\/\/www.accuratereviews.com\/it\/wp-json\/wp\/v2\/pages\/31551\/revisions\/31576"}],"up":[{"embeddable":true,"href":"https:\/\/www.accuratereviews.com\/it\/wp-json\/wp\/v2\/pages\/31329"}],"wp:featuredmedia":[{"embeddable":true,"href":"https:\/\/www.accuratereviews.com\/it\/wp-json\/wp\/v2\/media\/31555"}],"wp:attachment":[{"href":"https:\/\/www.accuratereviews.com\/it\/wp-json\/wp\/v2\/media?parent=31551"}],"wp:term":[{"taxonomy":"category","embeddable":true,"href":"https:\/\/www.accuratereviews.com\/it\/wp-json\/wp\/v2\/categories?post=31551"},{"taxonomy":"post_tag","embeddable":true,"href":"https:\/\/www.accuratereviews.com\/it\/wp-json\/wp\/v2\/tags?post=31551"},{"taxonomy":"features","embeddable":true,"href":"https:\/\/www.accuratereviews.com\/it\/wp-json\/wp\/v2\/features?post=31551"}],"curies":[{"name":"wp","href":"https:\/\/api.w.org\/{rel}","templated":true}]}}