{"id":31566,"date":"2020-10-28T11:08:49","date_gmt":"2020-10-28T11:08:49","guid":{"rendered":"https:\/\/www.accuratereviews.com\/?page_id=31566"},"modified":"2020-10-28T11:08:49","modified_gmt":"2020-10-28T11:08:49","slug":"common-areas-recensione","status":"publish","type":"page","link":"https:\/\/www.accuratereviews.com\/it\/gestionali-immobiliare-lista-software\/common-areas-recensione\/","title":{"rendered":"Common Areas"},"content":{"rendered":"<p><strong>Common Areas<\/strong> \u00e8 una <strong>soluzione di gestione della manutenzione<\/strong> basata su <strong>cloud<\/strong> per gestori di propriet\u00e0, strutture e servizi sul campo. Consente agli utenti di organizzare, programmare e tenere traccia dei propri team e attivit\u00e0 online. Le caratteristiche principali includono la gestione multi-posizione, la segnalazione dei problemi, l&#8217;archiviazione delle immagini e la gestione del flusso di lavoro.\u00a0La funzione <strong>Action Engine<\/strong> consente agli utenti di creare, assegnare, gestire e tenere traccia dei progetti di manutenzione. La soluzione presenta anche dashboard dinamici che aiutano i manager a controllare le attivit\u00e0 e gli utenti assegnati in varie posizioni. Fornisce stati e report in tempo reale per flussi di lavoro. La piattaforma facilita la collaborazione fornendo piani comuni abilitati per GPS che consentono ai manager di individuare e condividere gli ordini di lavoro. Inoltre, le mappe GPS integrate comunicano la posizione esatta di un problema condividendo immagini, video, documenti e commenti.<\/p>\n<h2>COMMON AREAS &#8211; TUTORIAL<\/h2>\n<p>Diamo una rapida occhiata a questo tutorial in cui mostra le principali funzioni di questo <strong>software gestionale per immobili<\/strong>:<\/p>\n<div id=\"fluid-wrapper-counter-1\" class=\"g1-fluid-wrapper \" style=\"width:686px;\">\n<div style=\"padding-bottom:56.268221574344%;\"><iframe loading=\"lazy\" title=\"Common Areas Inspections\" width=\"686\" height=\"386\" src=\"https:\/\/www.youtube.com\/embed\/yCn_ZfRh0No?feature=oembed&amp;wmode=transparent&amp;autohide=1&amp;autoplay=0&amp;disablekb=0&amp;fs=1&amp;loop=0&amp;enablejsapi=1&amp;rel=0&amp;controls=2&amp;showinfo=0&amp;wmode=transparent&amp;autohide=2&amp;autoplay=0&amp;disablekb=0&amp;fs=1&amp;loop=0&amp;enablejsapi=1&amp;rel=0&amp;controls=2&amp;showinfo=1\" frameborder=\"0\" allow=\"accelerometer; autoplay; clipboard-write; encrypted-media; gyroscope; picture-in-picture\" allowfullscreen><\/iframe><\/div>\n<\/div>\n<h3>COMMON AREAS &#8211; CARATTERISTICHE<\/h3>\n<ul>\n<li>Monitoraggio delle risorse<\/li>\n<li>Gestione delle apparecchiature e dei visitatori<\/li>\n<li>Manutenzione preventiva<\/li>\n<li>Gestione dei tecnici<\/li>\n<li>Monitoraggio della cronologia del servizio e delle manutenzioni<\/li>\n<li>Gruppi di utenti<\/li>\n<li>Propriet\u00e0 dei dati<\/li>\n<li>Console di amministrazione<\/li>\n<li>Gestione multiutente<\/li>\n<li>Notifiche di testo SMS<\/li>\n<li>Gestione della manutenzione e delle riparazioni di propriet\u00e0 e strutture<\/li>\n<li>Motore d&#8217;azione<\/li>\n<li>Richieste di servizi in linea<\/li>\n<li>Aggiornamenti automatici<\/li>\n<li>Gestione della responsabilit\u00e0<\/li>\n<li>Flusso di attivit\u00e0<\/li>\n<li>Gestione degli incarichi<\/li>\n<li>Calendario di pianificazione<\/li>\n<li>Marchio personalizzato<\/li>\n<li>Importazione dei dati<\/li>\n<li>Archiviazione di documenti e immagini<\/li>\n<li>Notifiche email sul posto di lavoro<\/li>\n<li>Gestione dei problemi<\/li>\n<li>Monitoraggio del progetto<\/li>\n<li>Dati in tempo reale<\/li>\n<li>Notifiche e avvisi in tempo reale<\/li>\n<li>Funzionalit\u00e0 di ricerca<\/li>\n<li>Email di rapporto sullo stato giornaliero<\/li>\n<li>Monitoraggio dell&#8217;aggiornamento dello stato<\/li>\n<li>Funzionalit\u00e0 di monitoraggio<\/li>\n<li>Dashboard interattivo<\/li>\n<li>Mappe GPS integrate<\/li>\n<li>Pianificazione delle stanze<\/li>\n<\/ul>\n<h4>LE RECENSIONI DEGLI UTENTI<\/h4>\n<h4 class=\"font-weight-bold mb-1 d-flex align-items-center\">Patrick R.&#8221;Manutenzione della struttura e gestione di una piccola impresa&#8221;<\/h4>\n<p><strong>Commenti: <\/strong>In qualit\u00e0 di imprenditore, ci sono cos\u00ec tante cose da affrontare quotidianamente, quindi l&#8217;utilizzo delle aree comuni per tenere traccia dei nostri programmi di manutenzione e dei problemi che emergono mi ha rassicurato sul fatto che queste aree importanti sono monitorate e curate.<\/p>\n<p><strong>Vantaggi: <\/strong>\u00c8 facile da usare, estremamente versatile e, soprattutto, il mio team lo utilizza davvero!<\/p>\n<p><strong>Inconvenienti: <\/strong>Non \u00e8 proprio su misura per noi visto che lo abbiamo integrato con il sistema di produzione che utilizziamo che \u00e8 stato creato appositamente per il nostro settore (aziende vinicole), quindi penso che ci siano alcune funzionalit\u00e0 aggiuntive di cui non stiamo sfruttando. Questo sembra possibile poich\u00e9 il team di Common Areas sembra molto disponibile ad aiutare con le integrazioni fintanto che l&#8217;API \u00e8 accessibile.<\/p>\n<h4 class=\"font-weight-bold mb-1 d-flex align-items-center\">Brent C.&#8221;Determinata revisione della direzione delle aree comuni&#8221;<\/h4>\n<p><strong>Commenti: <\/strong>Finora, l&#8217;esperienza \u00e8 stata molto pi\u00f9 di quanto ci aspettassimo. L&#8217;intero team \u00e8 stato reattivo, veloce nel fornirci soluzioni e il software ha aumentato la nostra produttivit\u00e0 e capacit\u00e0 di far crescere ulteriormente la nostra attivit\u00e0 per aumentare la nostra quota di mercato.<\/p>\n<p><strong>Vantaggi: <\/strong>La cosa migliore di Common Areas \u00e8 stata la flessibilit\u00e0 che ci ha offerto per consentire la personalizzazione del modo in cui la nostra organizzazione opera e utilizza questi sistemi. La formazione e l&#8217;implementazione seguono da vicino nel ricevere voti alti dalla nostra organizzazione.<\/p>\n<p><strong>Inconvenienti: <\/strong>Il formato della posta in arrivo non \u00e8 abbastanza funzionale da consentirci di trovarlo produttivo per il nostro team.<\/p>\n<h4 class=\"font-weight-bold mb-1 d-flex align-items-center\">Matt M.&#8221;Piattaforma rivoluzionaria&#8221;<\/h4>\n<p><strong>Commenti: <\/strong>Le aree comuni \u00e8 un&#8217;ottima piattaforma multifunzionale. Puoi adattarlo alle tue esigenze e renderlo semplice o complesso come desideri. Ogni volta che abbiamo una domanda, il supporto alle aree comuni \u00e8 disponibile e rapido nel rispondere. Prevedo che continueremo ad espandere il nostro uso delle aree comuni. Consiglio vivamente il loro prodotto.<\/p>\n<p><strong>Vantaggi: <\/strong>Common Areas\u00a0consente al nostro team di Los di comunicare con facilit\u00e0. I nostri asset manager sono in grado di analizzare e confrontare facilmente i rapporti di manutenzione, il che consente loro di comprendere l&#8217;intero portafoglio delle prestazioni. Dal punto di vista dell&#8217;intermediazione \u00e8 facile accedere a tutti i contratti di locazione, abstract ecc. Per un progetto. Non perdiamo mai date critiche che si avvicinano.<\/p>\n<p><strong>Inconvenienti: <\/strong>Non ho avuto problemi negativi con il software.<\/p>\n<div class=\"ml-4 pl-4 border-left border-left__dotted i18n-translation_vendor_container\" data-translation-id=\"2342072\" data-translation-vendor-target=\"original\">\n<div class=\"d-flex flex-wrap flex-md-nowrap align-items-center\">\n<h4 class=\"h5 font-weight-bold\"><\/h4>\n<\/div>\n<\/div>\n","protected":false},"excerpt":{"rendered":"<p>Common Areas \u00e8 una soluzione di gestione della manutenzione basata su cloud per gestori di propriet\u00e0, strutture e servizi sul campo. Consente agli utenti di organizzare, programmare e tenere traccia dei propri team e attivit\u00e0 online. Le caratteristiche principali includono la gestione multi-posizione, la segnalazione dei problemi, l&#8217;archiviazione delle immagini e la gestione del flusso di lavoro.\u00a0<\/p>\n","protected":false},"author":19,"featured_media":31569,"parent":31329,"menu_order":0,"comment_status":"open","ping_status":"closed","template":"g1_template_page_review_new.php","meta":{"_acf_changed":false,"cwp_meta_box_check":"Yes","cwp_rev_product_name":"","cwp_rev_product_image":"","wppr_links":[],"cwp_rev_price":"","wppr_options":[],"wppr_pros":[],"wppr_cons":[],"_monsterinsights_skip_tracking":false,"_monsterinsights_sitenote_active":false,"_monsterinsights_sitenote_note":"","_monsterinsights_sitenote_category":0,"footnotes":""},"categories":[3950],"tags":[396,4024,3967,3971,3970,3968,3969],"features":[],"class_list":{"0":"post-31566","1":"page","2":"type-page","3":"status-publish","4":"has-post-thumbnail","6":"category-gestionale-immobiliare-categoria","7":"tag-cloud","8":"tag-common-areas","9":"tag-gestionale-per-immobili","10":"tag-piattaforma-gestionale-per-immobili","11":"tag-programma-gestionale-per-immobili","12":"tag-software-gestionale-per-immobili","13":"tag-soluzione-gestionale-per-immobili"},"wppr_data":{"cwp_meta_box_check":"Yes","cwp_rev_product_name":"","cwp_rev_product_image":"","cwp_image_link":"image","cwp_rev_price":"","wppr_rating":"0.00"},"acf":[],"yoast_head":"<!-- This site is optimized with the Yoast SEO plugin v27.4 - https:\/\/yoast.com\/product\/yoast-seo-wordpress\/ -->\n<title>Common Areas: recensione gestionale immobiliare - Accurate Reviews<\/title>\n<meta name=\"description\" content=\"Common Areas: recensione soluzione di gestione della manutenzione basata su cloud per gestori di propriet\u00e0, strutture e servizi sul campo.\" \/>\n<meta name=\"robots\" content=\"index, follow, max-snippet:-1, max-image-preview:large, max-video-preview:-1\" \/>\n<link rel=\"canonical\" href=\"https:\/\/www.accuratereviews.com\/it\/gestionali-immobiliare-lista-software\/common-areas-recensione\/\" \/>\n<meta property=\"og:locale\" content=\"it_IT\" \/>\n<meta property=\"og:type\" content=\"article\" \/>\n<meta property=\"og:title\" content=\"Common Areas: recensione gestionale immobiliare - Accurate Reviews\" \/>\n<meta property=\"og:description\" content=\"Common Areas: recensione soluzione di gestione della manutenzione basata su cloud per gestori di propriet\u00e0, strutture e servizi sul campo.\" \/>\n<meta property=\"og:url\" content=\"https:\/\/www.accuratereviews.com\/it\/gestionali-immobiliare-lista-software\/common-areas-recensione\/\" \/>\n<meta property=\"og:site_name\" content=\"Accurate Reviews\" \/>\n<meta property=\"og:image\" content=\"https:\/\/www.accuratereviews.com\/wp-content\/uploads\/2020\/10\/CommonAreas_PrimaryLogo.jpg\" \/>\n\t<meta property=\"og:image:width\" content=\"1132\" \/>\n\t<meta property=\"og:image:height\" content=\"356\" \/>\n\t<meta property=\"og:image:type\" content=\"image\/jpeg\" \/>\n<meta name=\"twitter:card\" content=\"summary_large_image\" \/>\n<meta name=\"twitter:label1\" content=\"Tempo di lettura stimato\" \/>\n\t<meta name=\"twitter:data1\" content=\"3 minuti\" \/>\n<script type=\"application\/ld+json\" class=\"yoast-schema-graph\">{\"@context\":\"https:\\\/\\\/schema.org\",\"@graph\":[{\"@type\":\"WebPage\",\"@id\":\"https:\\\/\\\/www.accuratereviews.com\\\/it\\\/gestionali-immobiliare-lista-software\\\/common-areas-recensione\\\/\",\"url\":\"https:\\\/\\\/www.accuratereviews.com\\\/it\\\/gestionali-immobiliare-lista-software\\\/common-areas-recensione\\\/\",\"name\":\"Common Areas: recensione gestionale immobiliare - Accurate Reviews\",\"isPartOf\":{\"@id\":\"https:\\\/\\\/www.accuratereviews.com\\\/it\\\/#website\"},\"primaryImageOfPage\":{\"@id\":\"https:\\\/\\\/www.accuratereviews.com\\\/it\\\/gestionali-immobiliare-lista-software\\\/common-areas-recensione\\\/#primaryimage\"},\"image\":{\"@id\":\"https:\\\/\\\/www.accuratereviews.com\\\/it\\\/gestionali-immobiliare-lista-software\\\/common-areas-recensione\\\/#primaryimage\"},\"thumbnailUrl\":\"https:\\\/\\\/www.accuratereviews.com\\\/wp-content\\\/uploads\\\/2020\\\/10\\\/CommonAreas_PrimaryLogo.jpg\",\"datePublished\":\"2020-10-28T11:08:49+00:00\",\"description\":\"Common Areas: recensione soluzione di gestione della manutenzione basata su cloud per gestori di propriet\u00e0, strutture e servizi sul campo.\",\"breadcrumb\":{\"@id\":\"https:\\\/\\\/www.accuratereviews.com\\\/it\\\/gestionali-immobiliare-lista-software\\\/common-areas-recensione\\\/#breadcrumb\"},\"inLanguage\":\"it-IT\",\"potentialAction\":[{\"@type\":\"ReadAction\",\"target\":[\"https:\\\/\\\/www.accuratereviews.com\\\/it\\\/gestionali-immobiliare-lista-software\\\/common-areas-recensione\\\/\"]}]},{\"@type\":\"ImageObject\",\"inLanguage\":\"it-IT\",\"@id\":\"https:\\\/\\\/www.accuratereviews.com\\\/it\\\/gestionali-immobiliare-lista-software\\\/common-areas-recensione\\\/#primaryimage\",\"url\":\"https:\\\/\\\/www.accuratereviews.com\\\/wp-content\\\/uploads\\\/2020\\\/10\\\/CommonAreas_PrimaryLogo.jpg\",\"contentUrl\":\"https:\\\/\\\/www.accuratereviews.com\\\/wp-content\\\/uploads\\\/2020\\\/10\\\/CommonAreas_PrimaryLogo.jpg\",\"width\":1132,\"height\":356},{\"@type\":\"BreadcrumbList\",\"@id\":\"https:\\\/\\\/www.accuratereviews.com\\\/it\\\/gestionali-immobiliare-lista-software\\\/common-areas-recensione\\\/#breadcrumb\",\"itemListElement\":[{\"@type\":\"ListItem\",\"position\":1,\"name\":\"Home\",\"item\":\"https:\\\/\\\/www.accuratereviews.com\\\/it\\\/\"},{\"@type\":\"ListItem\",\"position\":2,\"name\":\"Gestionali immobiliari\",\"item\":\"https:\\\/\\\/www.accuratereviews.com\\\/it\\\/gestionali-immobiliare-lista-software\\\/\"},{\"@type\":\"ListItem\",\"position\":3,\"name\":\"Common Areas\"}]},{\"@type\":\"WebSite\",\"@id\":\"https:\\\/\\\/www.accuratereviews.com\\\/it\\\/#website\",\"url\":\"https:\\\/\\\/www.accuratereviews.com\\\/it\\\/\",\"name\":\"Accurate Reviews\",\"description\":\"\",\"potentialAction\":[{\"@type\":\"SearchAction\",\"target\":{\"@type\":\"EntryPoint\",\"urlTemplate\":\"https:\\\/\\\/www.accuratereviews.com\\\/it\\\/?s={search_term_string}\"},\"query-input\":{\"@type\":\"PropertyValueSpecification\",\"valueRequired\":true,\"valueName\":\"search_term_string\"}}],\"inLanguage\":\"it-IT\"}]}<\/script>\n<!-- \/ Yoast SEO plugin. -->","yoast_head_json":{"title":"Common Areas: recensione gestionale immobiliare - Accurate Reviews","description":"Common Areas: recensione soluzione di gestione della manutenzione basata su cloud per gestori di propriet\u00e0, strutture e servizi sul campo.","robots":{"index":"index","follow":"follow","max-snippet":"max-snippet:-1","max-image-preview":"max-image-preview:large","max-video-preview":"max-video-preview:-1"},"canonical":"https:\/\/www.accuratereviews.com\/it\/gestionali-immobiliare-lista-software\/common-areas-recensione\/","og_locale":"it_IT","og_type":"article","og_title":"Common Areas: recensione gestionale immobiliare - Accurate Reviews","og_description":"Common Areas: recensione soluzione di gestione della manutenzione basata su cloud per gestori di propriet\u00e0, strutture e servizi sul campo.","og_url":"https:\/\/www.accuratereviews.com\/it\/gestionali-immobiliare-lista-software\/common-areas-recensione\/","og_site_name":"Accurate Reviews","og_image":[{"width":1132,"height":356,"url":"https:\/\/www.accuratereviews.com\/wp-content\/uploads\/2020\/10\/CommonAreas_PrimaryLogo.jpg","type":"image\/jpeg"}],"twitter_card":"summary_large_image","twitter_misc":{"Tempo di lettura stimato":"3 minuti"},"schema":{"@context":"https:\/\/schema.org","@graph":[{"@type":"WebPage","@id":"https:\/\/www.accuratereviews.com\/it\/gestionali-immobiliare-lista-software\/common-areas-recensione\/","url":"https:\/\/www.accuratereviews.com\/it\/gestionali-immobiliare-lista-software\/common-areas-recensione\/","name":"Common Areas: recensione gestionale immobiliare - Accurate Reviews","isPartOf":{"@id":"https:\/\/www.accuratereviews.com\/it\/#website"},"primaryImageOfPage":{"@id":"https:\/\/www.accuratereviews.com\/it\/gestionali-immobiliare-lista-software\/common-areas-recensione\/#primaryimage"},"image":{"@id":"https:\/\/www.accuratereviews.com\/it\/gestionali-immobiliare-lista-software\/common-areas-recensione\/#primaryimage"},"thumbnailUrl":"https:\/\/www.accuratereviews.com\/wp-content\/uploads\/2020\/10\/CommonAreas_PrimaryLogo.jpg","datePublished":"2020-10-28T11:08:49+00:00","description":"Common Areas: recensione soluzione di gestione della manutenzione basata su cloud per gestori di propriet\u00e0, strutture e servizi sul campo.","breadcrumb":{"@id":"https:\/\/www.accuratereviews.com\/it\/gestionali-immobiliare-lista-software\/common-areas-recensione\/#breadcrumb"},"inLanguage":"it-IT","potentialAction":[{"@type":"ReadAction","target":["https:\/\/www.accuratereviews.com\/it\/gestionali-immobiliare-lista-software\/common-areas-recensione\/"]}]},{"@type":"ImageObject","inLanguage":"it-IT","@id":"https:\/\/www.accuratereviews.com\/it\/gestionali-immobiliare-lista-software\/common-areas-recensione\/#primaryimage","url":"https:\/\/www.accuratereviews.com\/wp-content\/uploads\/2020\/10\/CommonAreas_PrimaryLogo.jpg","contentUrl":"https:\/\/www.accuratereviews.com\/wp-content\/uploads\/2020\/10\/CommonAreas_PrimaryLogo.jpg","width":1132,"height":356},{"@type":"BreadcrumbList","@id":"https:\/\/www.accuratereviews.com\/it\/gestionali-immobiliare-lista-software\/common-areas-recensione\/#breadcrumb","itemListElement":[{"@type":"ListItem","position":1,"name":"Home","item":"https:\/\/www.accuratereviews.com\/it\/"},{"@type":"ListItem","position":2,"name":"Gestionali immobiliari","item":"https:\/\/www.accuratereviews.com\/it\/gestionali-immobiliare-lista-software\/"},{"@type":"ListItem","position":3,"name":"Common Areas"}]},{"@type":"WebSite","@id":"https:\/\/www.accuratereviews.com\/it\/#website","url":"https:\/\/www.accuratereviews.com\/it\/","name":"Accurate Reviews","description":"","potentialAction":[{"@type":"SearchAction","target":{"@type":"EntryPoint","urlTemplate":"https:\/\/www.accuratereviews.com\/it\/?s={search_term_string}"},"query-input":{"@type":"PropertyValueSpecification","valueRequired":true,"valueName":"search_term_string"}}],"inLanguage":"it-IT"}]}},"_links":{"self":[{"href":"https:\/\/www.accuratereviews.com\/it\/wp-json\/wp\/v2\/pages\/31566","targetHints":{"allow":["GET"]}}],"collection":[{"href":"https:\/\/www.accuratereviews.com\/it\/wp-json\/wp\/v2\/pages"}],"about":[{"href":"https:\/\/www.accuratereviews.com\/it\/wp-json\/wp\/v2\/types\/page"}],"author":[{"embeddable":true,"href":"https:\/\/www.accuratereviews.com\/it\/wp-json\/wp\/v2\/users\/19"}],"replies":[{"embeddable":true,"href":"https:\/\/www.accuratereviews.com\/it\/wp-json\/wp\/v2\/comments?post=31566"}],"version-history":[{"count":5,"href":"https:\/\/www.accuratereviews.com\/it\/wp-json\/wp\/v2\/pages\/31566\/revisions"}],"predecessor-version":[{"id":31575,"href":"https:\/\/www.accuratereviews.com\/it\/wp-json\/wp\/v2\/pages\/31566\/revisions\/31575"}],"up":[{"embeddable":true,"href":"https:\/\/www.accuratereviews.com\/it\/wp-json\/wp\/v2\/pages\/31329"}],"wp:featuredmedia":[{"embeddable":true,"href":"https:\/\/www.accuratereviews.com\/it\/wp-json\/wp\/v2\/media\/31569"}],"wp:attachment":[{"href":"https:\/\/www.accuratereviews.com\/it\/wp-json\/wp\/v2\/media?parent=31566"}],"wp:term":[{"taxonomy":"category","embeddable":true,"href":"https:\/\/www.accuratereviews.com\/it\/wp-json\/wp\/v2\/categories?post=31566"},{"taxonomy":"post_tag","embeddable":true,"href":"https:\/\/www.accuratereviews.com\/it\/wp-json\/wp\/v2\/tags?post=31566"},{"taxonomy":"features","embeddable":true,"href":"https:\/\/www.accuratereviews.com\/it\/wp-json\/wp\/v2\/features?post=31566"}],"curies":[{"name":"wp","href":"https:\/\/api.w.org\/{rel}","templated":true}]}}