{"id":31589,"date":"2020-10-29T11:28:03","date_gmt":"2020-10-29T11:28:03","guid":{"rendered":"https:\/\/www.accuratereviews.com\/?page_id=31589"},"modified":"2020-10-29T11:28:03","modified_gmt":"2020-10-29T11:28:03","slug":"landvision-recensione","status":"publish","type":"page","link":"https:\/\/www.accuratereviews.com\/it\/gestionali-immobiliare-lista-software\/landvision-recensione\/","title":{"rendered":"LandVision"},"content":{"rendered":"<p><strong>LandVision<\/strong> \u00e8 una<strong> soluzione di gestione immobiliare<\/strong> basata su <strong>cloud<\/strong> progettata per aiutare le aziende di medie e grandi dimensioni a eseguire ricerche e analisi delle propriet\u00e0 basate su mappe. La sua interfaccia drag-and-drop consente agli utenti di caricare dati proprietari o di terze parti e di configurare i flussi di lavoro per soddisfare i processi aziendali. Il software\u00a0\u00e8 dotato di funzioni di propriet\u00e0, che consentono agli utenti di identificare le posizioni in base ai dettagli della propriet\u00e0, alla metratura dell&#8217;edificio, alle dimensioni e all&#8217;uso del terreno. Lo strumento di analisi di mercato permette agli utenti di importare e unire informazioni sulla posizione personalizzate o dati da altre fonti. Gli utenti possono anche esplorare i siti in base a punti di interesse, dati demografici, siti di creazione e altro ancora.\u00a0<strong>LandVision<\/strong> consente alle organizzazioni di gestire risorse di servizi utilizzando notifiche personalizzate, email di marketing e stampa unione automatica.<\/p>\n<h2>LANDVISION &#8211; TUTORIAL<\/h2>\n<p>Scopri come cercare e analizzare propriet\u00e0, creare e stampare mappe e lavorare con i dati con questo <strong>software gestionale per<\/strong> <strong>immobili:<\/strong><\/p>\n<div id=\"fluid-wrapper-counter-1\" class=\"g1-fluid-wrapper \" style=\"width:686px;\">\n<div style=\"padding-bottom:56.268221574344%;\"><iframe loading=\"lazy\" title=\"LandVision Essentials: Getting Started\" width=\"686\" height=\"386\" src=\"https:\/\/www.youtube.com\/embed\/8tOsWoU2MpI?feature=oembed&amp;wmode=transparent&amp;autohide=1&amp;autoplay=0&amp;disablekb=0&amp;fs=1&amp;loop=0&amp;enablejsapi=1&amp;rel=0&amp;controls=2&amp;showinfo=0&amp;wmode=transparent&amp;autohide=2&amp;autoplay=0&amp;disablekb=0&amp;fs=1&amp;loop=0&amp;enablejsapi=1&amp;rel=0&amp;controls=2&amp;showinfo=1\" frameborder=\"0\" allow=\"accelerometer; autoplay; clipboard-write; encrypted-media; gyroscope; picture-in-picture\" allowfullscreen><\/iframe><\/div>\n<\/div>\n<h3>LANDVISION &#8211; CARATTERISTICHE<\/h3>\n<ul>\n<li>Caratteristiche della propriet\u00e0 come le informazioni sulla propriet\u00e0, il valore stimato, le dimensioni del lotto, l&#8217;uso del terreno e la metratura dell&#8217;edificio per identificare luoghi promettenti<\/li>\n<li>Ricerca l&#8217;area circostante utilizzando pericoli naturali, punti di interesse e livelli di zone di frequenza scolastica per trovare le propriet\u00e0 ideali per le tue esigenze<\/li>\n<li>Sfrutta i dati demografici, i punti di interesse, i siti di costruzione e altri set di dati aggiuntivi per comprendere le caratteristiche uniche del tuo mercato<\/li>\n<li>Importa e sovrapponi i dati della tua posizione o quelli raccolti di fonti di terze parti, per eseguire un&#8217;analisi approfondita all&#8217;interno di una singola applicazione<\/li>\n<li>Invia facilmente notifiche o mailer di marketing ai proprietari di propriet\u00e0 utilizzando la nostra funzionalit\u00e0 di stampa unione automatica<\/li>\n<li>Importa le posizioni delle tue propriet\u00e0 immobiliari o degli asset infrastrutturali per comprendere meglio il tuo portafoglio<\/li>\n<li>Presenta le propriet\u00e0 ai tuoi clienti o colleghi utilizzando cinque diversi tipi di immagini aeree<\/li>\n<li>Crea rapporti automatici sul profilo del sito completi delle informazioni sulla propriet\u00e0 pi\u00f9 rilevanti e un&#8217;analisi approfondita dell&#8217;area commerciale circostante<\/li>\n<\/ul>\n<h4>LE RECENSIONI DEGLI UTENTI<\/h4>\n<h4 class=\"font-weight-bold mb-1 d-flex align-items-center\">Anne W.&#8221;L&#8217;assistenza clienti \u00e8 ottima. Il software ha molte ottime funzionalit\u00e0.&#8221;<\/h4>\n<p><strong>Vantaggi: <\/strong>Molte fantastiche funzionalit\u00e0.\u00a0Sarebbe bello se un rappresentante potesse venire e condurre un PRANZO E IMPARARE con i nostri Broker. Sono sicuro che pi\u00f9 membri del nostro staff utilizzeranno lo strumento e i suoi numerosi usi.<\/p>\n<p><strong>Inconvenienti: <\/strong>Pu\u00f2 essere un po &#8216;volubile &#8230; \u00c8 davvero necessario imparare a manovrare attraverso il software.\u00a0Non utilizzo sempre il software regolarmente.<\/p>\n<h4 class=\"font-weight-bold mb-1 d-flex align-items-center\">Samuel B.&#8221;Strumento molto utile.&#8221;<\/h4>\n<p><strong>Vantaggi: <\/strong>Software affidabile che \u00e8 un ottimo trampolino di lancio per una ricerca immobiliare pi\u00f9 approfondita. Riesco a trovare facilmente le informazioni.<\/p>\n<p><strong>Inconvenienti: <\/strong>Vecchie mappe, necessita di un aggiornamento. Mi trovo a dover utilizzare sia Google Maps che questo software per cercare propriet\u00e0 perch\u00e9 le mappe sono cos\u00ec vecchie. Inoltre, sarebbe fantastico avere un&#8217;app semplificata compatibile con la versione per PC.<\/p>\n<h4 class=\"font-weight-bold mb-1 d-flex align-items-center\">Ford D.&#8221;Bene, non \u00e8 necessario essere intuitivi per creare mappe di calore e non ritardare cos\u00ec tanto quando abbiamo molti livelli.&#8221;<\/h4>\n<p><strong>Commenti: <\/strong>misurazione rapida dei confini di propriet\u00e0.<\/p>\n<p><strong>Vantaggi: <\/strong>Non \u00e8 necessario installare nulla. Mi piace poter estrarre informazioni dalla mappa senza dover accedere a un database diverso.<\/p>\n<p><strong>Inconvenienti: <\/strong>Impossibile ruotare la mappa. Odio che tu non possa fare clic con il pulsante destro del mouse per aprire in Google Street View. Odio dover fare cos\u00ec tante cose per creare una mappa di calore. Dovrebbe essere pi\u00f9 facile da fare.<\/p>\n","protected":false},"excerpt":{"rendered":"<p>LandVision \u00e8 una soluzione di gestione immobiliare basata su cloud progettata per aiutare le aziende di medie e grandi dimensioni a eseguire ricerche e analisi delle propriet\u00e0 basate su mappe. La sua interfaccia drag-and-drop consente agli utenti di caricare dati proprietari o di terze parti e di configurare i flussi di lavoro per soddisfare i processi aziendali.<\/p>\n","protected":false},"author":19,"featured_media":31590,"parent":31329,"menu_order":0,"comment_status":"open","ping_status":"closed","template":"g1_template_page_review_new.php","meta":{"_acf_changed":false,"cwp_meta_box_check":"Yes","cwp_rev_product_name":"","cwp_rev_product_image":"","wppr_links":[],"cwp_rev_price":"","wppr_options":[],"wppr_pros":[],"wppr_cons":[],"_monsterinsights_skip_tracking":false,"_monsterinsights_sitenote_active":false,"_monsterinsights_sitenote_note":"","_monsterinsights_sitenote_category":0,"footnotes":""},"categories":[3950],"tags":[396,3967,4032,3971,3970,4031,3969],"features":[],"class_list":{"0":"post-31589","1":"page","2":"type-page","3":"status-publish","4":"has-post-thumbnail","6":"category-gestionale-immobiliare-categoria","7":"tag-cloud","8":"tag-gestionale-per-immobili","9":"tag-landvision","10":"tag-piattaforma-gestionale-per-immobili","11":"tag-programma-gestionale-per-immobili","12":"tag-software-gestionale-per-immobiliare","13":"tag-soluzione-gestionale-per-immobili"},"wppr_data":{"cwp_meta_box_check":"Yes","cwp_rev_product_name":"","cwp_rev_product_image":"","cwp_image_link":"image","cwp_rev_price":"","wppr_rating":"0.00"},"acf":[],"yoast_head":"<!-- This site is optimized with the Yoast SEO plugin v27.4 - https:\/\/yoast.com\/product\/yoast-seo-wordpress\/ -->\n<title>LandVision: recensione software gestionale immobili - Accurate Reviews<\/title>\n<meta name=\"description\" content=\"LandVision: recensione soluzione di gestione immobiliare basata su cloud progettata per le aziende di medie e grandi dimensioni.\" \/>\n<meta name=\"robots\" content=\"index, follow, max-snippet:-1, max-image-preview:large, max-video-preview:-1\" \/>\n<link rel=\"canonical\" href=\"https:\/\/www.accuratereviews.com\/it\/gestionali-immobiliare-lista-software\/landvision-recensione\/\" \/>\n<meta property=\"og:locale\" content=\"it_IT\" \/>\n<meta property=\"og:type\" content=\"article\" \/>\n<meta property=\"og:title\" content=\"LandVision: recensione software gestionale immobili - Accurate Reviews\" \/>\n<meta property=\"og:description\" content=\"LandVision: recensione soluzione di gestione immobiliare basata su cloud progettata per le aziende di medie e grandi dimensioni.\" \/>\n<meta property=\"og:url\" content=\"https:\/\/www.accuratereviews.com\/it\/gestionali-immobiliare-lista-software\/landvision-recensione\/\" \/>\n<meta property=\"og:site_name\" content=\"Accurate Reviews\" \/>\n<meta property=\"og:image\" content=\"https:\/\/www.accuratereviews.com\/wp-content\/uploads\/2020\/10\/LandVision.png\" \/>\n\t<meta property=\"og:image:width\" content=\"512\" \/>\n\t<meta property=\"og:image:height\" content=\"250\" \/>\n\t<meta property=\"og:image:type\" content=\"image\/png\" \/>\n<meta name=\"twitter:card\" content=\"summary_large_image\" \/>\n<meta name=\"twitter:label1\" content=\"Tempo di lettura stimato\" \/>\n\t<meta name=\"twitter:data1\" content=\"3 minuti\" \/>\n<script type=\"application\/ld+json\" class=\"yoast-schema-graph\">{\"@context\":\"https:\\\/\\\/schema.org\",\"@graph\":[{\"@type\":\"WebPage\",\"@id\":\"https:\\\/\\\/www.accuratereviews.com\\\/it\\\/gestionali-immobiliare-lista-software\\\/landvision-recensione\\\/\",\"url\":\"https:\\\/\\\/www.accuratereviews.com\\\/it\\\/gestionali-immobiliare-lista-software\\\/landvision-recensione\\\/\",\"name\":\"LandVision: recensione software gestionale immobili - Accurate Reviews\",\"isPartOf\":{\"@id\":\"https:\\\/\\\/www.accuratereviews.com\\\/it\\\/#website\"},\"primaryImageOfPage\":{\"@id\":\"https:\\\/\\\/www.accuratereviews.com\\\/it\\\/gestionali-immobiliare-lista-software\\\/landvision-recensione\\\/#primaryimage\"},\"image\":{\"@id\":\"https:\\\/\\\/www.accuratereviews.com\\\/it\\\/gestionali-immobiliare-lista-software\\\/landvision-recensione\\\/#primaryimage\"},\"thumbnailUrl\":\"https:\\\/\\\/www.accuratereviews.com\\\/wp-content\\\/uploads\\\/2020\\\/10\\\/LandVision.png\",\"datePublished\":\"2020-10-29T11:28:03+00:00\",\"description\":\"LandVision: recensione soluzione di gestione immobiliare basata su cloud progettata per le aziende di medie e grandi dimensioni.\",\"breadcrumb\":{\"@id\":\"https:\\\/\\\/www.accuratereviews.com\\\/it\\\/gestionali-immobiliare-lista-software\\\/landvision-recensione\\\/#breadcrumb\"},\"inLanguage\":\"it-IT\",\"potentialAction\":[{\"@type\":\"ReadAction\",\"target\":[\"https:\\\/\\\/www.accuratereviews.com\\\/it\\\/gestionali-immobiliare-lista-software\\\/landvision-recensione\\\/\"]}]},{\"@type\":\"ImageObject\",\"inLanguage\":\"it-IT\",\"@id\":\"https:\\\/\\\/www.accuratereviews.com\\\/it\\\/gestionali-immobiliare-lista-software\\\/landvision-recensione\\\/#primaryimage\",\"url\":\"https:\\\/\\\/www.accuratereviews.com\\\/wp-content\\\/uploads\\\/2020\\\/10\\\/LandVision.png\",\"contentUrl\":\"https:\\\/\\\/www.accuratereviews.com\\\/wp-content\\\/uploads\\\/2020\\\/10\\\/LandVision.png\",\"width\":512,\"height\":250},{\"@type\":\"BreadcrumbList\",\"@id\":\"https:\\\/\\\/www.accuratereviews.com\\\/it\\\/gestionali-immobiliare-lista-software\\\/landvision-recensione\\\/#breadcrumb\",\"itemListElement\":[{\"@type\":\"ListItem\",\"position\":1,\"name\":\"Home\",\"item\":\"https:\\\/\\\/www.accuratereviews.com\\\/it\\\/\"},{\"@type\":\"ListItem\",\"position\":2,\"name\":\"Gestionali immobiliari\",\"item\":\"https:\\\/\\\/www.accuratereviews.com\\\/it\\\/gestionali-immobiliare-lista-software\\\/\"},{\"@type\":\"ListItem\",\"position\":3,\"name\":\"LandVision\"}]},{\"@type\":\"WebSite\",\"@id\":\"https:\\\/\\\/www.accuratereviews.com\\\/it\\\/#website\",\"url\":\"https:\\\/\\\/www.accuratereviews.com\\\/it\\\/\",\"name\":\"Accurate Reviews\",\"description\":\"\",\"potentialAction\":[{\"@type\":\"SearchAction\",\"target\":{\"@type\":\"EntryPoint\",\"urlTemplate\":\"https:\\\/\\\/www.accuratereviews.com\\\/it\\\/?s={search_term_string}\"},\"query-input\":{\"@type\":\"PropertyValueSpecification\",\"valueRequired\":true,\"valueName\":\"search_term_string\"}}],\"inLanguage\":\"it-IT\"}]}<\/script>\n<!-- \/ Yoast SEO plugin. -->","yoast_head_json":{"title":"LandVision: recensione software gestionale immobili - Accurate Reviews","description":"LandVision: recensione soluzione di gestione immobiliare basata su cloud progettata per le aziende di medie e grandi dimensioni.","robots":{"index":"index","follow":"follow","max-snippet":"max-snippet:-1","max-image-preview":"max-image-preview:large","max-video-preview":"max-video-preview:-1"},"canonical":"https:\/\/www.accuratereviews.com\/it\/gestionali-immobiliare-lista-software\/landvision-recensione\/","og_locale":"it_IT","og_type":"article","og_title":"LandVision: recensione software gestionale immobili - Accurate Reviews","og_description":"LandVision: recensione soluzione di gestione immobiliare basata su cloud progettata per le aziende di medie e grandi dimensioni.","og_url":"https:\/\/www.accuratereviews.com\/it\/gestionali-immobiliare-lista-software\/landvision-recensione\/","og_site_name":"Accurate Reviews","og_image":[{"width":512,"height":250,"url":"https:\/\/www.accuratereviews.com\/wp-content\/uploads\/2020\/10\/LandVision.png","type":"image\/png"}],"twitter_card":"summary_large_image","twitter_misc":{"Tempo di lettura stimato":"3 minuti"},"schema":{"@context":"https:\/\/schema.org","@graph":[{"@type":"WebPage","@id":"https:\/\/www.accuratereviews.com\/it\/gestionali-immobiliare-lista-software\/landvision-recensione\/","url":"https:\/\/www.accuratereviews.com\/it\/gestionali-immobiliare-lista-software\/landvision-recensione\/","name":"LandVision: recensione software gestionale immobili - Accurate Reviews","isPartOf":{"@id":"https:\/\/www.accuratereviews.com\/it\/#website"},"primaryImageOfPage":{"@id":"https:\/\/www.accuratereviews.com\/it\/gestionali-immobiliare-lista-software\/landvision-recensione\/#primaryimage"},"image":{"@id":"https:\/\/www.accuratereviews.com\/it\/gestionali-immobiliare-lista-software\/landvision-recensione\/#primaryimage"},"thumbnailUrl":"https:\/\/www.accuratereviews.com\/wp-content\/uploads\/2020\/10\/LandVision.png","datePublished":"2020-10-29T11:28:03+00:00","description":"LandVision: recensione soluzione di gestione immobiliare basata su cloud progettata per le aziende di medie e grandi dimensioni.","breadcrumb":{"@id":"https:\/\/www.accuratereviews.com\/it\/gestionali-immobiliare-lista-software\/landvision-recensione\/#breadcrumb"},"inLanguage":"it-IT","potentialAction":[{"@type":"ReadAction","target":["https:\/\/www.accuratereviews.com\/it\/gestionali-immobiliare-lista-software\/landvision-recensione\/"]}]},{"@type":"ImageObject","inLanguage":"it-IT","@id":"https:\/\/www.accuratereviews.com\/it\/gestionali-immobiliare-lista-software\/landvision-recensione\/#primaryimage","url":"https:\/\/www.accuratereviews.com\/wp-content\/uploads\/2020\/10\/LandVision.png","contentUrl":"https:\/\/www.accuratereviews.com\/wp-content\/uploads\/2020\/10\/LandVision.png","width":512,"height":250},{"@type":"BreadcrumbList","@id":"https:\/\/www.accuratereviews.com\/it\/gestionali-immobiliare-lista-software\/landvision-recensione\/#breadcrumb","itemListElement":[{"@type":"ListItem","position":1,"name":"Home","item":"https:\/\/www.accuratereviews.com\/it\/"},{"@type":"ListItem","position":2,"name":"Gestionali immobiliari","item":"https:\/\/www.accuratereviews.com\/it\/gestionali-immobiliare-lista-software\/"},{"@type":"ListItem","position":3,"name":"LandVision"}]},{"@type":"WebSite","@id":"https:\/\/www.accuratereviews.com\/it\/#website","url":"https:\/\/www.accuratereviews.com\/it\/","name":"Accurate Reviews","description":"","potentialAction":[{"@type":"SearchAction","target":{"@type":"EntryPoint","urlTemplate":"https:\/\/www.accuratereviews.com\/it\/?s={search_term_string}"},"query-input":{"@type":"PropertyValueSpecification","valueRequired":true,"valueName":"search_term_string"}}],"inLanguage":"it-IT"}]}},"_links":{"self":[{"href":"https:\/\/www.accuratereviews.com\/it\/wp-json\/wp\/v2\/pages\/31589","targetHints":{"allow":["GET"]}}],"collection":[{"href":"https:\/\/www.accuratereviews.com\/it\/wp-json\/wp\/v2\/pages"}],"about":[{"href":"https:\/\/www.accuratereviews.com\/it\/wp-json\/wp\/v2\/types\/page"}],"author":[{"embeddable":true,"href":"https:\/\/www.accuratereviews.com\/it\/wp-json\/wp\/v2\/users\/19"}],"replies":[{"embeddable":true,"href":"https:\/\/www.accuratereviews.com\/it\/wp-json\/wp\/v2\/comments?post=31589"}],"version-history":[{"count":7,"href":"https:\/\/www.accuratereviews.com\/it\/wp-json\/wp\/v2\/pages\/31589\/revisions"}],"predecessor-version":[{"id":31615,"href":"https:\/\/www.accuratereviews.com\/it\/wp-json\/wp\/v2\/pages\/31589\/revisions\/31615"}],"up":[{"embeddable":true,"href":"https:\/\/www.accuratereviews.com\/it\/wp-json\/wp\/v2\/pages\/31329"}],"wp:featuredmedia":[{"embeddable":true,"href":"https:\/\/www.accuratereviews.com\/it\/wp-json\/wp\/v2\/media\/31590"}],"wp:attachment":[{"href":"https:\/\/www.accuratereviews.com\/it\/wp-json\/wp\/v2\/media?parent=31589"}],"wp:term":[{"taxonomy":"category","embeddable":true,"href":"https:\/\/www.accuratereviews.com\/it\/wp-json\/wp\/v2\/categories?post=31589"},{"taxonomy":"post_tag","embeddable":true,"href":"https:\/\/www.accuratereviews.com\/it\/wp-json\/wp\/v2\/tags?post=31589"},{"taxonomy":"features","embeddable":true,"href":"https:\/\/www.accuratereviews.com\/it\/wp-json\/wp\/v2\/features?post=31589"}],"curies":[{"name":"wp","href":"https:\/\/api.w.org\/{rel}","templated":true}]}}