{"id":31598,"date":"2020-10-29T11:27:26","date_gmt":"2020-10-29T11:27:26","guid":{"rendered":"https:\/\/www.accuratereviews.com\/?page_id=31598"},"modified":"2026-04-03T15:53:32","modified_gmt":"2026-04-03T15:53:32","slug":"smart-property-systems-recensione","status":"publish","type":"page","link":"https:\/\/www.accuratereviews.com\/it\/gestionali-immobiliare-lista-software\/smart-property-systems-recensione\/","title":{"rendered":"Smart Property Systems"},"content":{"rendered":"<p><strong>Smart Property Systems<\/strong> \u00e8 un <strong>sistema di gestione della propriet\u00e0<\/strong> basato su <strong>cloud<\/strong> progettato per proprietari, investitori immobiliari, societ\u00e0 di gestione immobiliare e gestori di alloggi per studenti o dipendenti. Offre contabilit\u00e0 per competenza, monitoraggio di locatari e locazioni e funzionalit\u00e0 di manutenzione.\u00a0La soluzione include strumenti per la gestione della riscossione degli affitti e fornisce un portale per inquilini online in cui gli utenti possono impostare pagamenti automatici ricorrenti con carta di credito. Queste informazioni vengono inserite anche nel libro mastro contabile della soluzione. Consente inoltre ai gestori di propriet\u00e0 di creare volantini web per pubblicizzare offerte di lavoro.\u00a0Nella pagina elenco affitti, i gestori di propriet\u00e0 possono visualizzare ogni contratto di locazione insieme al loro stato di pagamento per ogni mese e possono cercare per propriet\u00e0 o inquilino.<\/p>\n<h2>SMART PROPERTY SYSTEMS &#8211; TUTORIAL<\/h2>\n<p>Il video che segue mostra una breve panoramica delle funzioni principali di questo <strong>software gestionale per immobili<\/strong>:<\/p>\n<div id=\"fluid-wrapper-counter-1\" class=\"g1-fluid-wrapper \" style=\"width:686px;\">\n<div style=\"padding-bottom:56.268221574344%;\"><iframe loading=\"lazy\" title=\"Short demo\" width=\"686\" height=\"386\" src=\"https:\/\/www.youtube.com\/embed\/j1eeVEcMjxA?feature=oembed&amp;wmode=transparent&amp;autohide=1&amp;autoplay=0&amp;disablekb=0&amp;fs=1&amp;loop=0&amp;enablejsapi=1&amp;rel=0&amp;controls=2&amp;showinfo=0&amp;wmode=transparent&amp;autohide=2&amp;autoplay=0&amp;disablekb=0&amp;fs=1&amp;loop=0&amp;enablejsapi=1&amp;rel=0&amp;controls=2&amp;showinfo=1\" frameborder=\"0\" allow=\"accelerometer; autoplay; clipboard-write; encrypted-media; gyroscope; picture-in-picture; web-share\" referrerpolicy=\"strict-origin-when-cross-origin\" allowfullscreen><\/iframe><\/div>\n<\/div>\n<h3>SMART PROPERTY SYSTEMS &#8211; CARATTERISTICHE<\/h3>\n<ul>\n<li><strong>Lavora con tutti i tipi di immobili<\/strong>: la soluzione supporta immobili singoli, plurifamiliari residenziali e gestione di propriet\u00e0 commerciali. Il software supporta anche la gestione delle associazioni dei proprietari<\/li>\n<li><strong>Contabilit\u00e0 affitto automatizzata<\/strong>: l&#8217;inserimento di dati garantisce che le informazioni vengano acquisiti ed elaborati completamente quando vengono inseriti. Ci\u00f2 significa che quando il tuo inquilino paga l&#8217;affitto tramite il portale, tutta la contabilit\u00e0 viene elaborata contemporaneamente. Non \u00e8 richiesta l&#8217;acquisizione o il reinserimento dei dati<\/li>\n<li><strong>Gestisci in sicurezza leasing:<\/strong> il sistema di leasing online \u00e8 flessibile e robusto. Con le firme elettroniche e il processo di firma completamente integrati, puoi stare certo che la tua documentazione sia accurata, conforme alla legge e applicabile<\/li>\n<li><strong>Compila e visualizza rapporti<\/strong>: uno degli passaggi pi\u00f9 critici per un&#8217;azienda moderna sono rapporti accurati e approfonditi. La soluzione ti permetter\u00e0 di creare report adatti alle tue esigenze<\/li>\n<li><strong>Programma ispezioni:<\/strong> ispezioni tempestive sono essenziali per qualsiasi processo di noleggio di successo. Sistema di pianificazione dei controlli per garantire che le ispezioni adeguate siano programmate per ogni locazione<\/li>\n<li><strong>Gestisci le richieste di manutenzione:<\/strong> il versatile centro messaggi ti consente di comunicare con tutti i tuoi inquilini e fornitori per coordinare le richieste di manutenzione o qualsiasi altra comunicazione relativa alla propriet\u00e0<\/li>\n<li><strong>Pagamenti:<\/strong> la filosofia point-of-entry garantisce che quando paghi un venditore tramite il sistema online, tutta la contabilit\u00e0 e l&#8217;elaborazione siano prese in carico<\/li>\n<li><strong>Pubblicit\u00e0 vacanze<\/strong>: crea e gestisci webflyer ben progettati che pubblicizzano le tue offerte di lavoro. Questi webflyer vengono inviati a oltre 24 siti web negli Stati Uniti e ottengono la massima visibilit\u00e0 che consente di affittare rapidamente i tuoi appartamenti<\/li>\n<\/ul>\n<h4>LE RECENSIONI DEGLI UTENTI<\/h4>\n<p class=\"font-weight-bold mb-1 d-flex align-items-center\"><strong>Richard F.&#8221;OTTIMO SISTEMA!!&#8221;<br \/>\n<\/strong><strong>Commenti: <\/strong>Dieci anni di ottimo servizio! Il servizio clienti di Smart Property System \u00e8 il migliore che abbia mai sperimentato! Sono un cliente veramente felice!<\/p>\n<p class=\"font-weight-bold mb-1 d-flex align-items-center\"><strong>Kenneth K.&#8221;Transizione dalla pensione?&#8221;<br \/>\n<\/strong><strong>Commenti: <\/strong>Godendo la pensione, costretto a tornare nella gestione della propriet\u00e0 a tempo pieno quando ho dovuto precludere alcuni appartamenti. Smart Property Systems mi ha dato la mano per avviare la transizione di cui avevo bisogno. Sono tornato in pista con i sistemi professionali, vorrei averli trovati prima.<br \/>\n<strong>Vantaggi: <\/strong>Il miglior supporto quando ne ho bisogno e ricevo ancora il loro aiuto quando ho altre domande. Hanno facilitato la mia gestione.<br \/>\n<strong>Inconvenienti: <\/strong>Nessun problema che ho trovato fino ad oggi.<\/p>\n<div class=\"ml-4 pl-4 border-left border-left__dotted i18n-translation_vendor_container\" data-translation-id=\"150444\" data-translation-vendor-target=\"original\">\n<div class=\"d-flex flex-wrap flex-md-nowrap align-items-center\">\n<p class=\"font-weight-bold mb-1 d-flex align-items-center\"><strong>Ricky T.&#8221;Non potrei davvero fare di meglio con le mie propriet\u00e0 senza questo software.&#8221;<br \/>\n<\/strong><strong>Commenti: <\/strong>Uso SPS dal 2011. Hanno appena spostato il mio account su una nuova versione del software. \u00c8 facile da usare e ha molte pi\u00f9 funzionalit\u00e0 rispetto al vecchio software, lo adoro. Se stai cercando uno sportello unico in cui la maggior parte delle cose \u00e8 automatizzata per te, allora adorerai anche questo. Hanno il miglior servizio clienti che abbia mai visto.<\/p>\n<\/div>\n<\/div>\n","protected":false},"excerpt":{"rendered":"<p>Smart Property Systems \u00e8 un sistema di gestione della propriet\u00e0 basato su cloud progettato per proprietari, investitori immobiliari, societ\u00e0 di gestione immobiliare e gestori di alloggi per studenti o dipendenti. Offre contabilit\u00e0 per competenza, monitoraggio di locatari e locazioni e funzionalit\u00e0 di manutenzione.\u00a0<\/p>\n","protected":false},"author":19,"featured_media":31599,"parent":31329,"menu_order":0,"comment_status":"open","ping_status":"closed","template":"g1_template_page_review_new.php","meta":{"_acf_changed":false,"cwp_meta_box_check":"Yes","cwp_rev_product_name":"","cwp_rev_product_image":"","wppr_links":[],"cwp_rev_price":"","wppr_options":[{"name":"Usability","value":"0"},{"name":"Speed","value":"0"},{"name":"Features","value":"0"},{"name":"Support","value":"0"},{"name":"Pricing","value":"0"}],"wppr_pros":["","","","",""],"wppr_cons":["","","","",""],"_monsterinsights_skip_tracking":false,"_monsterinsights_sitenote_active":false,"_monsterinsights_sitenote_note":"","_monsterinsights_sitenote_category":0,"footnotes":""},"categories":[3950],"tags":[396,3971,3970,4033,3968,3969],"features":[],"class_list":{"0":"post-31598","1":"page","2":"type-page","3":"status-publish","4":"has-post-thumbnail","6":"category-gestionale-immobiliare-categoria","7":"tag-cloud","8":"tag-piattaforma-gestionale-per-immobili","9":"tag-programma-gestionale-per-immobili","10":"tag-smart-property-systems","11":"tag-software-gestionale-per-immobili","12":"tag-soluzione-gestionale-per-immobili"},"wppr_data":{"cwp_meta_box_check":"Yes","cwp_rev_product_name":"","_wppr_review_template":"default","cwp_rev_product_image":"","cwp_image_link":"image","wppr_links":[],"cwp_rev_price":"","wppr_pros":["","","","",""],"wppr_cons":["","","","",""],"wppr_rating":"0.00","wppr_options":{"1":{"name":"Usability","value":"0"},"2":{"name":"Speed","value":"0"},"3":{"name":"Features","value":"0"},"4":{"name":"Support","value":"0"},"5":{"name":"Pricing","value":"0"}},"wppr_review_type":"Product","wppr_review_custom_fields":{"additionalProperty":"","additionalType":"","aggregateRating":"","alternateName":"","audience":"","award":"","awards":"","brand":"","color":"","depth":"","description":"","disambiguatingDescription":"","gtin12":"","gtin13":"","gtin14":"","gtin8":"","height":"","identifier":"","image":"","isAccessoryOrSparePartFor":"","isConsumableFor":"","isRelatedTo":"","isSimilarTo":"","itemCondition":"","logo":"","mainEntityOfPage":"","manufacturer":"","material":"","model":"","mpn":"","name":"","offers":"","potentialAction":"","productID":"","productionDate":"","purchaseDate":"","releaseDate":"","review":"","reviews":"","sameAs":"","sku":"","slogan":"","subjectOf":"","url":"","weight":"","width":""}},"acf":[],"yoast_head":"<!-- This site is optimized with the Yoast SEO plugin v27.4 - https:\/\/yoast.com\/product\/yoast-seo-wordpress\/ -->\n<title>Smart Property Systems: recensione gestionale immobili Accurate Reviews<\/title>\n<meta name=\"description\" content=\"Smart Property Systems: recensione sistema di gestione di propriet\u00e0 basato su cloud progettato per proprietari, investitori immobiliari ecc.\" \/>\n<meta name=\"robots\" content=\"index, follow, max-snippet:-1, max-image-preview:large, max-video-preview:-1\" \/>\n<link rel=\"canonical\" href=\"https:\/\/www.accuratereviews.com\/it\/gestionali-immobiliare-lista-software\/smart-property-systems-recensione\/\" \/>\n<meta property=\"og:locale\" content=\"it_IT\" \/>\n<meta property=\"og:type\" content=\"article\" \/>\n<meta property=\"og:title\" content=\"Smart Property Systems: recensione gestionale immobili Accurate Reviews\" \/>\n<meta property=\"og:description\" content=\"Smart Property Systems: recensione sistema di gestione di propriet\u00e0 basato su cloud progettato per proprietari, investitori immobiliari ecc.\" \/>\n<meta property=\"og:url\" content=\"https:\/\/www.accuratereviews.com\/it\/gestionali-immobiliare-lista-software\/smart-property-systems-recensione\/\" \/>\n<meta property=\"og:site_name\" content=\"Accurate Reviews\" \/>\n<meta property=\"article:modified_time\" content=\"2026-04-03T15:53:32+00:00\" \/>\n<meta property=\"og:image\" content=\"https:\/\/www.accuratereviews.com\/wp-content\/uploads\/2020\/10\/Smart-Property-Systems.png\" \/>\n\t<meta property=\"og:image:width\" content=\"200\" \/>\n\t<meta property=\"og:image:height\" content=\"200\" \/>\n\t<meta property=\"og:image:type\" content=\"image\/png\" \/>\n<meta name=\"twitter:card\" content=\"summary_large_image\" \/>\n<meta name=\"twitter:label1\" content=\"Tempo di lettura stimato\" \/>\n\t<meta name=\"twitter:data1\" content=\"5 minuti\" \/>\n<script type=\"application\/ld+json\" class=\"yoast-schema-graph\">{\"@context\":\"https:\\\/\\\/schema.org\",\"@graph\":[{\"@type\":\"WebPage\",\"@id\":\"https:\\\/\\\/www.accuratereviews.com\\\/it\\\/gestionali-immobiliare-lista-software\\\/smart-property-systems-recensione\\\/\",\"url\":\"https:\\\/\\\/www.accuratereviews.com\\\/it\\\/gestionali-immobiliare-lista-software\\\/smart-property-systems-recensione\\\/\",\"name\":\"Smart Property Systems: recensione gestionale immobili Accurate Reviews\",\"isPartOf\":{\"@id\":\"https:\\\/\\\/www.accuratereviews.com\\\/it\\\/#website\"},\"primaryImageOfPage\":{\"@id\":\"https:\\\/\\\/www.accuratereviews.com\\\/it\\\/gestionali-immobiliare-lista-software\\\/smart-property-systems-recensione\\\/#primaryimage\"},\"image\":{\"@id\":\"https:\\\/\\\/www.accuratereviews.com\\\/it\\\/gestionali-immobiliare-lista-software\\\/smart-property-systems-recensione\\\/#primaryimage\"},\"thumbnailUrl\":\"https:\\\/\\\/www.accuratereviews.com\\\/wp-content\\\/uploads\\\/2020\\\/10\\\/Smart-Property-Systems.png\",\"datePublished\":\"2020-10-29T11:27:26+00:00\",\"dateModified\":\"2026-04-03T15:53:32+00:00\",\"description\":\"Smart Property Systems: recensione sistema di gestione di propriet\u00e0 basato su cloud progettato per proprietari, investitori immobiliari ecc.\",\"breadcrumb\":{\"@id\":\"https:\\\/\\\/www.accuratereviews.com\\\/it\\\/gestionali-immobiliare-lista-software\\\/smart-property-systems-recensione\\\/#breadcrumb\"},\"inLanguage\":\"it-IT\",\"potentialAction\":[{\"@type\":\"ReadAction\",\"target\":[\"https:\\\/\\\/www.accuratereviews.com\\\/it\\\/gestionali-immobiliare-lista-software\\\/smart-property-systems-recensione\\\/\"]}]},{\"@type\":\"ImageObject\",\"inLanguage\":\"it-IT\",\"@id\":\"https:\\\/\\\/www.accuratereviews.com\\\/it\\\/gestionali-immobiliare-lista-software\\\/smart-property-systems-recensione\\\/#primaryimage\",\"url\":\"https:\\\/\\\/www.accuratereviews.com\\\/wp-content\\\/uploads\\\/2020\\\/10\\\/Smart-Property-Systems.png\",\"contentUrl\":\"https:\\\/\\\/www.accuratereviews.com\\\/wp-content\\\/uploads\\\/2020\\\/10\\\/Smart-Property-Systems.png\",\"width\":200,\"height\":200},{\"@type\":\"BreadcrumbList\",\"@id\":\"https:\\\/\\\/www.accuratereviews.com\\\/it\\\/gestionali-immobiliare-lista-software\\\/smart-property-systems-recensione\\\/#breadcrumb\",\"itemListElement\":[{\"@type\":\"ListItem\",\"position\":1,\"name\":\"Home\",\"item\":\"https:\\\/\\\/www.accuratereviews.com\\\/it\\\/\"},{\"@type\":\"ListItem\",\"position\":2,\"name\":\"Gestionali immobiliari\",\"item\":\"https:\\\/\\\/www.accuratereviews.com\\\/it\\\/gestionali-immobiliare-lista-software\\\/\"},{\"@type\":\"ListItem\",\"position\":3,\"name\":\"Smart Property Systems\"}]},{\"@type\":\"WebSite\",\"@id\":\"https:\\\/\\\/www.accuratereviews.com\\\/it\\\/#website\",\"url\":\"https:\\\/\\\/www.accuratereviews.com\\\/it\\\/\",\"name\":\"Accurate Reviews\",\"description\":\"\",\"potentialAction\":[{\"@type\":\"SearchAction\",\"target\":{\"@type\":\"EntryPoint\",\"urlTemplate\":\"https:\\\/\\\/www.accuratereviews.com\\\/it\\\/?s={search_term_string}\"},\"query-input\":{\"@type\":\"PropertyValueSpecification\",\"valueRequired\":true,\"valueName\":\"search_term_string\"}}],\"inLanguage\":\"it-IT\"}]}<\/script>\n<!-- \/ Yoast SEO plugin. -->","yoast_head_json":{"title":"Smart Property Systems: recensione gestionale immobili Accurate Reviews","description":"Smart Property Systems: recensione sistema di gestione di propriet\u00e0 basato su cloud progettato per proprietari, investitori immobiliari ecc.","robots":{"index":"index","follow":"follow","max-snippet":"max-snippet:-1","max-image-preview":"max-image-preview:large","max-video-preview":"max-video-preview:-1"},"canonical":"https:\/\/www.accuratereviews.com\/it\/gestionali-immobiliare-lista-software\/smart-property-systems-recensione\/","og_locale":"it_IT","og_type":"article","og_title":"Smart Property Systems: recensione gestionale immobili Accurate Reviews","og_description":"Smart Property Systems: recensione sistema di gestione di propriet\u00e0 basato su cloud progettato per proprietari, investitori immobiliari ecc.","og_url":"https:\/\/www.accuratereviews.com\/it\/gestionali-immobiliare-lista-software\/smart-property-systems-recensione\/","og_site_name":"Accurate Reviews","article_modified_time":"2026-04-03T15:53:32+00:00","og_image":[{"width":200,"height":200,"url":"https:\/\/www.accuratereviews.com\/wp-content\/uploads\/2020\/10\/Smart-Property-Systems.png","type":"image\/png"}],"twitter_card":"summary_large_image","twitter_misc":{"Tempo di lettura stimato":"5 minuti"},"schema":{"@context":"https:\/\/schema.org","@graph":[{"@type":"WebPage","@id":"https:\/\/www.accuratereviews.com\/it\/gestionali-immobiliare-lista-software\/smart-property-systems-recensione\/","url":"https:\/\/www.accuratereviews.com\/it\/gestionali-immobiliare-lista-software\/smart-property-systems-recensione\/","name":"Smart Property Systems: recensione gestionale immobili Accurate Reviews","isPartOf":{"@id":"https:\/\/www.accuratereviews.com\/it\/#website"},"primaryImageOfPage":{"@id":"https:\/\/www.accuratereviews.com\/it\/gestionali-immobiliare-lista-software\/smart-property-systems-recensione\/#primaryimage"},"image":{"@id":"https:\/\/www.accuratereviews.com\/it\/gestionali-immobiliare-lista-software\/smart-property-systems-recensione\/#primaryimage"},"thumbnailUrl":"https:\/\/www.accuratereviews.com\/wp-content\/uploads\/2020\/10\/Smart-Property-Systems.png","datePublished":"2020-10-29T11:27:26+00:00","dateModified":"2026-04-03T15:53:32+00:00","description":"Smart Property Systems: recensione sistema di gestione di propriet\u00e0 basato su cloud progettato per proprietari, investitori immobiliari ecc.","breadcrumb":{"@id":"https:\/\/www.accuratereviews.com\/it\/gestionali-immobiliare-lista-software\/smart-property-systems-recensione\/#breadcrumb"},"inLanguage":"it-IT","potentialAction":[{"@type":"ReadAction","target":["https:\/\/www.accuratereviews.com\/it\/gestionali-immobiliare-lista-software\/smart-property-systems-recensione\/"]}]},{"@type":"ImageObject","inLanguage":"it-IT","@id":"https:\/\/www.accuratereviews.com\/it\/gestionali-immobiliare-lista-software\/smart-property-systems-recensione\/#primaryimage","url":"https:\/\/www.accuratereviews.com\/wp-content\/uploads\/2020\/10\/Smart-Property-Systems.png","contentUrl":"https:\/\/www.accuratereviews.com\/wp-content\/uploads\/2020\/10\/Smart-Property-Systems.png","width":200,"height":200},{"@type":"BreadcrumbList","@id":"https:\/\/www.accuratereviews.com\/it\/gestionali-immobiliare-lista-software\/smart-property-systems-recensione\/#breadcrumb","itemListElement":[{"@type":"ListItem","position":1,"name":"Home","item":"https:\/\/www.accuratereviews.com\/it\/"},{"@type":"ListItem","position":2,"name":"Gestionali immobiliari","item":"https:\/\/www.accuratereviews.com\/it\/gestionali-immobiliare-lista-software\/"},{"@type":"ListItem","position":3,"name":"Smart Property Systems"}]},{"@type":"WebSite","@id":"https:\/\/www.accuratereviews.com\/it\/#website","url":"https:\/\/www.accuratereviews.com\/it\/","name":"Accurate Reviews","description":"","potentialAction":[{"@type":"SearchAction","target":{"@type":"EntryPoint","urlTemplate":"https:\/\/www.accuratereviews.com\/it\/?s={search_term_string}"},"query-input":{"@type":"PropertyValueSpecification","valueRequired":true,"valueName":"search_term_string"}}],"inLanguage":"it-IT"}]}},"_links":{"self":[{"href":"https:\/\/www.accuratereviews.com\/it\/wp-json\/wp\/v2\/pages\/31598","targetHints":{"allow":["GET"]}}],"collection":[{"href":"https:\/\/www.accuratereviews.com\/it\/wp-json\/wp\/v2\/pages"}],"about":[{"href":"https:\/\/www.accuratereviews.com\/it\/wp-json\/wp\/v2\/types\/page"}],"author":[{"embeddable":true,"href":"https:\/\/www.accuratereviews.com\/it\/wp-json\/wp\/v2\/users\/19"}],"replies":[{"embeddable":true,"href":"https:\/\/www.accuratereviews.com\/it\/wp-json\/wp\/v2\/comments?post=31598"}],"version-history":[{"count":13,"href":"https:\/\/www.accuratereviews.com\/it\/wp-json\/wp\/v2\/pages\/31598\/revisions"}],"predecessor-version":[{"id":108061,"href":"https:\/\/www.accuratereviews.com\/it\/wp-json\/wp\/v2\/pages\/31598\/revisions\/108061"}],"up":[{"embeddable":true,"href":"https:\/\/www.accuratereviews.com\/it\/wp-json\/wp\/v2\/pages\/31329"}],"wp:featuredmedia":[{"embeddable":true,"href":"https:\/\/www.accuratereviews.com\/it\/wp-json\/wp\/v2\/media\/31599"}],"wp:attachment":[{"href":"https:\/\/www.accuratereviews.com\/it\/wp-json\/wp\/v2\/media?parent=31598"}],"wp:term":[{"taxonomy":"category","embeddable":true,"href":"https:\/\/www.accuratereviews.com\/it\/wp-json\/wp\/v2\/categories?post=31598"},{"taxonomy":"post_tag","embeddable":true,"href":"https:\/\/www.accuratereviews.com\/it\/wp-json\/wp\/v2\/tags?post=31598"},{"taxonomy":"features","embeddable":true,"href":"https:\/\/www.accuratereviews.com\/it\/wp-json\/wp\/v2\/features?post=31598"}],"curies":[{"name":"wp","href":"https:\/\/api.w.org\/{rel}","templated":true}]}}