{"id":31619,"date":"2020-10-30T11:03:21","date_gmt":"2020-10-30T11:03:21","guid":{"rendered":"https:\/\/www.accuratereviews.com\/?page_id=31619"},"modified":"2020-10-30T11:03:21","modified_gmt":"2020-10-30T11:03:21","slug":"dealpath-recensione","status":"publish","type":"page","link":"https:\/\/www.accuratereviews.com\/it\/gestionali-immobiliare-lista-software\/dealpath-recensione\/","title":{"rendered":"Dealpath"},"content":{"rendered":"<p><strong>Dealpath<\/strong> \u00e8 una <strong>piattaforma di gestione delle trattative<\/strong> basata su <strong>cloud<\/strong> progettata per i team di investimento immobiliare. La soluzione include analisi delle trattative, report sulla pipeline e flussi di lavoro collaborativi per guidare l&#8217;efficienza dei processi e consentire ai team di ridimensionare le proprie operazioni.\u00a0Con <strong>Dealpath<\/strong>, l&#8217;analisi delle trattative pu\u00f2 essere visualizzata nella pipeline attraverso la dashboard delle trattative, fornendo visibilit\u00e0 di alto livello a tutte le parti interessate. Gli utenti possono creare una base di conoscenze di lavoro per ogni accordo su cui sta lavorando il loro team e stabilire un processo ripetibile per ottimizzare la conclusione degli accordi. I flussi di lavoro collaborativi e personalizzati garantiscono che tutte le attivit\u00e0 necessarie siano completate in tempo e che non vengano saltati passaggi. Le attivit\u00e0 possono essere assegnate ai membri del gruppo e le notifiche strategiche forniscono un promemoria dei passaggi successivi.<\/p>\n<h2>DEALPATH &#8211; TUTORIAL<\/h2>\n<p>Guardiamo insieme il \u00a0video su questo <strong>software gestionale immobiliare<\/strong>:<\/p>\n<div id=\"fluid-wrapper-counter-1\" class=\"g1-fluid-wrapper \" style=\"width:686px;\">\n<div style=\"padding-bottom:56.268221574344%;\"><iframe loading=\"lazy\" title=\"Dealpath: Property Object Demo Video (NO AUDIO)\" width=\"515\" height=\"386\" src=\"https:\/\/www.youtube.com\/embed\/QPXhaPL9YgE?feature=oembed&amp;wmode=transparent&amp;autohide=1&amp;autoplay=0&amp;disablekb=0&amp;fs=1&amp;loop=0&amp;enablejsapi=1&amp;rel=0&amp;controls=2&amp;showinfo=0&amp;wmode=transparent&amp;autohide=2&amp;autoplay=0&amp;disablekb=0&amp;fs=1&amp;loop=0&amp;enablejsapi=1&amp;rel=0&amp;controls=2&amp;showinfo=1\" frameborder=\"0\" allow=\"accelerometer; autoplay; clipboard-write; encrypted-media; gyroscope; picture-in-picture\" allowfullscreen><\/iframe><\/div>\n<\/div>\n<h3>DEALPATH &#8211; CARATTERISTICHE<\/h3>\n<ul>\n<li>Visualizza l&#8217;analisi delle trattative per l&#8217;intera pipeline, stabilisci un processo ripetibile con visibilit\u00e0 adeguata e crea una base di conoscenza per ogni trattativa su cui lavora il tuo team<\/li>\n<li>La dashboard offre visibilit\u00e0 di alto livello e controlli per concentrarti su ci\u00f2 che conta<\/li>\n<li>Flussi di lavoro personalizzati e collaborativi assicurano che il lavoro venga completato in tempo e che nulla vada perduto<\/li>\n<li>Distribuisci in modo efficiente il lavoro, monitora i crediti e mantieni tutti responsabili. Le notifiche strategiche eliminano tempo e complessit\u00e0 dalla gestione delle trattative<\/li>\n<li>Il reporting potente \u00e8 sempre aggiornato, accurato e accessibile e fornisce informazioni utili per creare valore<\/li>\n<li>Sfrutta l&#8217;analisi dei contratti in tempo reale per prendere decisioni di investimento basate sui dati. Risparmia tempo e minimizza gli errori con report aggiornati e dati strutturati in modo intelligente. La ricerca intelligente fornisce rilevanza contestuale e crea un sistema di gestione dei contenuti di facile utilizzo<\/li>\n<li>Trova immediatamente i file, le offerte e le propriet\u00e0 di cui hai bisogno con una barra di ricerca intuitiva e dati strutturati in modo intelligente<\/li>\n<li>Crea e proteggi il valore aziendale con sicurezza dei dati di livello istituzionale e controlli di gestione del rischio su cui puoi fare affidamento<\/li>\n<li>La soluzione una garantisce una certificazione SOC2 di tipo 2 e gli standard per la sicurezza, l&#8217;integrit\u00e0 dell&#8217;elaborazione e la riservatezza<\/li>\n<\/ul>\n<h4>LE RECENSIONI DEGLI UTENTI<\/h4>\n<h4 class=\"font-weight-bold mb-1 d-flex align-items-center\">Ashley N.&#8221;Trovo che dealpath sia molto facile da usare! Non ho mai avuto problemi ad usarlo.&#8221;<\/h4>\n<p><strong>Vantaggi: <\/strong>Il layout \u00e8 facile per gli occhi. Mi piace il fatto che tu possa avere pi\u00f9 di una finestra aperta contemporaneamente, rende davvero facile il multi-task.<\/p>\n<p><strong>Inconvenienti: <\/strong>Non esiste una funzione calendario. Mi piacerebbe \u00a0vedere tutte le prossime date su un calendario. La notifica di manutenzione dealpath viene visualizzata troppo spesso. Se clicco sulla X, ritorna molte pi\u00f9 volte.<\/p>\n<h4 class=\"font-weight-bold mb-1 d-flex align-items-center\">John M.\u00a0&#8220;La flessibilit\u00e0 e la volont\u00e0 di Dealpath di apportare miglioramenti personalizzati alla piattaforma \u00e8 eccezionale.&#8221;<\/h4>\n<p><strong>Commenti: <\/strong>Migliore comunicazione durante il processo di due diligence e capacit\u00e0 di fornire a terzi l&#8217;accesso alla nostra checklist \/ file di due diligence in tempo reale.<\/p>\n<p><strong>Vantaggi: <\/strong>\u00c8 l&#8217;unico software che abbiamo trovato che combina una piattaforma di due diligence, una piattaforma di file basata su cloud e una piattaforma di monitoraggio delle trattative, tutto in un unico programma.<\/p>\n<p><strong>Inconvenienti: <\/strong>Sarebbe bello se potessi salvare i file dalle email direttamente su dealpath. Inoltre, sarebbe utile inviare file tramite posta elettronica direttamente da dealpath.<\/p>\n<h4 class=\"font-weight-bold mb-1 d-flex align-items-center\">John K.&#8221;Ottimo software. Ottimo servizio clienti.&#8221;<\/h4>\n<p><strong>Commenti: <\/strong>Questo software migliora la comunicazione tra i membri del nostro team di Acquisizioni e i nostri stakeholder. Ci consente di condividere le informazioni, controllandone costantemente l&#8217;accuratezza. Siamo in grado di avere le informazioni accurate sui nostri progetti a portata di mano, indipendentemente da dove ci troviamo.<\/p>\n<p><strong>Vantaggi: <\/strong>Il software ha una grande funzionalit\u00e0 ed \u00e8 molto facile da usare. Amo quanto sia ricercabile. Consente a me e al mio team di trovare le informazioni di cui abbiamo bisogno in modo rapido ed efficiente. Possiamo aggiornare facilmente le informazioni per mantenere tutto il pi\u00f9 accurato possibile e aggiornato.<\/p>\n<p><strong>Inconvenienti: <\/strong>Ci sono due cose che non mi piacciono del prodotto: 1) Non mi piace la funzionalit\u00e0 di caricamento dei file. Ci vuole troppo tempo e non mi piace che tu debba assegnare file a un&#8217;attivit\u00e0; 2) Raggruppare le propriet\u00e0 in assemblaggi non \u00e8 eccezionale. Ho dovuto inventare un nuovo vincolo di denominazione per farlo funzionare per il mio team.<\/p>\n","protected":false},"excerpt":{"rendered":"<p>Dealpath \u00e8 una piattaforma di gestione delle trattative basata su cloud progettata per i team di investimento immobiliare. La soluzione include analisi delle trattative, report sulla pipeline e flussi di lavoro collaborativi per guidare l&#8217;efficienza dei processi e consentire ai team di ridimensionare le proprie operazioni.\u00a0<\/p>\n","protected":false},"author":19,"featured_media":31623,"parent":31329,"menu_order":0,"comment_status":"closed","ping_status":"closed","template":"g1_template_page_review_new.php","meta":{"_acf_changed":false,"cwp_meta_box_check":"Yes","cwp_rev_product_name":"","cwp_rev_product_image":"","wppr_links":[],"cwp_rev_price":"","wppr_options":[],"wppr_pros":[],"wppr_cons":[],"_monsterinsights_skip_tracking":false,"_monsterinsights_sitenote_active":false,"_monsterinsights_sitenote_note":"","_monsterinsights_sitenote_category":0,"footnotes":""},"categories":[3950],"tags":[396,3953,3971,3970,3968,3969],"features":[],"class_list":{"0":"post-31619","1":"page","2":"type-page","3":"status-publish","4":"has-post-thumbnail","6":"category-gestionale-immobiliare-categoria","7":"tag-cloud","8":"tag-gestionale-immobiliare","9":"tag-piattaforma-gestionale-per-immobili","10":"tag-programma-gestionale-per-immobili","11":"tag-software-gestionale-per-immobili","12":"tag-soluzione-gestionale-per-immobili"},"wppr_data":{"cwp_meta_box_check":"Yes","cwp_rev_product_name":"","cwp_rev_product_image":"","cwp_image_link":"image","cwp_rev_price":"","wppr_rating":"0.00"},"acf":[],"yoast_head":"<!-- This site is optimized with the Yoast SEO plugin v27.4 - https:\/\/yoast.com\/product\/yoast-seo-wordpress\/ -->\n<title>Dealpath: recensione software gestionale per immobili - Accurate Reviews<\/title>\n<meta name=\"description\" content=\"Dealpath: recensione piattaforma di gestione delle trattative basata su cloud progettata per i team di investimento immobiliare.\" \/>\n<meta name=\"robots\" content=\"index, follow, max-snippet:-1, max-image-preview:large, max-video-preview:-1\" \/>\n<link rel=\"canonical\" href=\"https:\/\/www.accuratereviews.com\/it\/gestionali-immobiliare-lista-software\/dealpath-recensione\/\" \/>\n<meta property=\"og:locale\" content=\"it_IT\" \/>\n<meta property=\"og:type\" content=\"article\" \/>\n<meta property=\"og:title\" content=\"Dealpath: recensione software gestionale per immobili - Accurate Reviews\" \/>\n<meta property=\"og:description\" content=\"Dealpath: recensione piattaforma di gestione delle trattative basata su cloud progettata per i team di investimento immobiliare.\" \/>\n<meta property=\"og:url\" content=\"https:\/\/www.accuratereviews.com\/it\/gestionali-immobiliare-lista-software\/dealpath-recensione\/\" \/>\n<meta property=\"og:site_name\" content=\"Accurate Reviews\" \/>\n<meta property=\"og:image\" content=\"https:\/\/www.accuratereviews.com\/wp-content\/uploads\/2020\/10\/Dealpath.jpg\" \/>\n\t<meta property=\"og:image:width\" content=\"640\" \/>\n\t<meta property=\"og:image:height\" content=\"360\" \/>\n\t<meta property=\"og:image:type\" content=\"image\/jpeg\" \/>\n<meta name=\"twitter:card\" content=\"summary_large_image\" \/>\n<meta name=\"twitter:label1\" content=\"Tempo di lettura stimato\" \/>\n\t<meta name=\"twitter:data1\" content=\"4 minuti\" \/>\n<script type=\"application\/ld+json\" class=\"yoast-schema-graph\">{\"@context\":\"https:\\\/\\\/schema.org\",\"@graph\":[{\"@type\":\"WebPage\",\"@id\":\"https:\\\/\\\/www.accuratereviews.com\\\/it\\\/gestionali-immobiliare-lista-software\\\/dealpath-recensione\\\/\",\"url\":\"https:\\\/\\\/www.accuratereviews.com\\\/it\\\/gestionali-immobiliare-lista-software\\\/dealpath-recensione\\\/\",\"name\":\"Dealpath: recensione software gestionale per immobili - Accurate Reviews\",\"isPartOf\":{\"@id\":\"https:\\\/\\\/www.accuratereviews.com\\\/it\\\/#website\"},\"primaryImageOfPage\":{\"@id\":\"https:\\\/\\\/www.accuratereviews.com\\\/it\\\/gestionali-immobiliare-lista-software\\\/dealpath-recensione\\\/#primaryimage\"},\"image\":{\"@id\":\"https:\\\/\\\/www.accuratereviews.com\\\/it\\\/gestionali-immobiliare-lista-software\\\/dealpath-recensione\\\/#primaryimage\"},\"thumbnailUrl\":\"https:\\\/\\\/www.accuratereviews.com\\\/wp-content\\\/uploads\\\/2020\\\/10\\\/Dealpath.jpg\",\"datePublished\":\"2020-10-30T11:03:21+00:00\",\"description\":\"Dealpath: recensione piattaforma di gestione delle trattative basata su cloud progettata per i team di investimento immobiliare.\",\"breadcrumb\":{\"@id\":\"https:\\\/\\\/www.accuratereviews.com\\\/it\\\/gestionali-immobiliare-lista-software\\\/dealpath-recensione\\\/#breadcrumb\"},\"inLanguage\":\"it-IT\",\"potentialAction\":[{\"@type\":\"ReadAction\",\"target\":[\"https:\\\/\\\/www.accuratereviews.com\\\/it\\\/gestionali-immobiliare-lista-software\\\/dealpath-recensione\\\/\"]}]},{\"@type\":\"ImageObject\",\"inLanguage\":\"it-IT\",\"@id\":\"https:\\\/\\\/www.accuratereviews.com\\\/it\\\/gestionali-immobiliare-lista-software\\\/dealpath-recensione\\\/#primaryimage\",\"url\":\"https:\\\/\\\/www.accuratereviews.com\\\/wp-content\\\/uploads\\\/2020\\\/10\\\/Dealpath.jpg\",\"contentUrl\":\"https:\\\/\\\/www.accuratereviews.com\\\/wp-content\\\/uploads\\\/2020\\\/10\\\/Dealpath.jpg\",\"width\":640,\"height\":360},{\"@type\":\"BreadcrumbList\",\"@id\":\"https:\\\/\\\/www.accuratereviews.com\\\/it\\\/gestionali-immobiliare-lista-software\\\/dealpath-recensione\\\/#breadcrumb\",\"itemListElement\":[{\"@type\":\"ListItem\",\"position\":1,\"name\":\"Home\",\"item\":\"https:\\\/\\\/www.accuratereviews.com\\\/it\\\/\"},{\"@type\":\"ListItem\",\"position\":2,\"name\":\"Gestionali immobiliari\",\"item\":\"https:\\\/\\\/www.accuratereviews.com\\\/it\\\/gestionali-immobiliare-lista-software\\\/\"},{\"@type\":\"ListItem\",\"position\":3,\"name\":\"Dealpath\"}]},{\"@type\":\"WebSite\",\"@id\":\"https:\\\/\\\/www.accuratereviews.com\\\/it\\\/#website\",\"url\":\"https:\\\/\\\/www.accuratereviews.com\\\/it\\\/\",\"name\":\"Accurate Reviews\",\"description\":\"\",\"potentialAction\":[{\"@type\":\"SearchAction\",\"target\":{\"@type\":\"EntryPoint\",\"urlTemplate\":\"https:\\\/\\\/www.accuratereviews.com\\\/it\\\/?s={search_term_string}\"},\"query-input\":{\"@type\":\"PropertyValueSpecification\",\"valueRequired\":true,\"valueName\":\"search_term_string\"}}],\"inLanguage\":\"it-IT\"}]}<\/script>\n<!-- \/ Yoast SEO plugin. -->","yoast_head_json":{"title":"Dealpath: recensione software gestionale per immobili - Accurate Reviews","description":"Dealpath: recensione piattaforma di gestione delle trattative basata su cloud progettata per i team di investimento immobiliare.","robots":{"index":"index","follow":"follow","max-snippet":"max-snippet:-1","max-image-preview":"max-image-preview:large","max-video-preview":"max-video-preview:-1"},"canonical":"https:\/\/www.accuratereviews.com\/it\/gestionali-immobiliare-lista-software\/dealpath-recensione\/","og_locale":"it_IT","og_type":"article","og_title":"Dealpath: recensione software gestionale per immobili - Accurate Reviews","og_description":"Dealpath: recensione piattaforma di gestione delle trattative basata su cloud progettata per i team di investimento immobiliare.","og_url":"https:\/\/www.accuratereviews.com\/it\/gestionali-immobiliare-lista-software\/dealpath-recensione\/","og_site_name":"Accurate Reviews","og_image":[{"width":640,"height":360,"url":"https:\/\/www.accuratereviews.com\/wp-content\/uploads\/2020\/10\/Dealpath.jpg","type":"image\/jpeg"}],"twitter_card":"summary_large_image","twitter_misc":{"Tempo di lettura stimato":"4 minuti"},"schema":{"@context":"https:\/\/schema.org","@graph":[{"@type":"WebPage","@id":"https:\/\/www.accuratereviews.com\/it\/gestionali-immobiliare-lista-software\/dealpath-recensione\/","url":"https:\/\/www.accuratereviews.com\/it\/gestionali-immobiliare-lista-software\/dealpath-recensione\/","name":"Dealpath: recensione software gestionale per immobili - Accurate Reviews","isPartOf":{"@id":"https:\/\/www.accuratereviews.com\/it\/#website"},"primaryImageOfPage":{"@id":"https:\/\/www.accuratereviews.com\/it\/gestionali-immobiliare-lista-software\/dealpath-recensione\/#primaryimage"},"image":{"@id":"https:\/\/www.accuratereviews.com\/it\/gestionali-immobiliare-lista-software\/dealpath-recensione\/#primaryimage"},"thumbnailUrl":"https:\/\/www.accuratereviews.com\/wp-content\/uploads\/2020\/10\/Dealpath.jpg","datePublished":"2020-10-30T11:03:21+00:00","description":"Dealpath: recensione piattaforma di gestione delle trattative basata su cloud progettata per i team di investimento immobiliare.","breadcrumb":{"@id":"https:\/\/www.accuratereviews.com\/it\/gestionali-immobiliare-lista-software\/dealpath-recensione\/#breadcrumb"},"inLanguage":"it-IT","potentialAction":[{"@type":"ReadAction","target":["https:\/\/www.accuratereviews.com\/it\/gestionali-immobiliare-lista-software\/dealpath-recensione\/"]}]},{"@type":"ImageObject","inLanguage":"it-IT","@id":"https:\/\/www.accuratereviews.com\/it\/gestionali-immobiliare-lista-software\/dealpath-recensione\/#primaryimage","url":"https:\/\/www.accuratereviews.com\/wp-content\/uploads\/2020\/10\/Dealpath.jpg","contentUrl":"https:\/\/www.accuratereviews.com\/wp-content\/uploads\/2020\/10\/Dealpath.jpg","width":640,"height":360},{"@type":"BreadcrumbList","@id":"https:\/\/www.accuratereviews.com\/it\/gestionali-immobiliare-lista-software\/dealpath-recensione\/#breadcrumb","itemListElement":[{"@type":"ListItem","position":1,"name":"Home","item":"https:\/\/www.accuratereviews.com\/it\/"},{"@type":"ListItem","position":2,"name":"Gestionali immobiliari","item":"https:\/\/www.accuratereviews.com\/it\/gestionali-immobiliare-lista-software\/"},{"@type":"ListItem","position":3,"name":"Dealpath"}]},{"@type":"WebSite","@id":"https:\/\/www.accuratereviews.com\/it\/#website","url":"https:\/\/www.accuratereviews.com\/it\/","name":"Accurate Reviews","description":"","potentialAction":[{"@type":"SearchAction","target":{"@type":"EntryPoint","urlTemplate":"https:\/\/www.accuratereviews.com\/it\/?s={search_term_string}"},"query-input":{"@type":"PropertyValueSpecification","valueRequired":true,"valueName":"search_term_string"}}],"inLanguage":"it-IT"}]}},"_links":{"self":[{"href":"https:\/\/www.accuratereviews.com\/it\/wp-json\/wp\/v2\/pages\/31619","targetHints":{"allow":["GET"]}}],"collection":[{"href":"https:\/\/www.accuratereviews.com\/it\/wp-json\/wp\/v2\/pages"}],"about":[{"href":"https:\/\/www.accuratereviews.com\/it\/wp-json\/wp\/v2\/types\/page"}],"author":[{"embeddable":true,"href":"https:\/\/www.accuratereviews.com\/it\/wp-json\/wp\/v2\/users\/19"}],"replies":[{"embeddable":true,"href":"https:\/\/www.accuratereviews.com\/it\/wp-json\/wp\/v2\/comments?post=31619"}],"version-history":[{"count":9,"href":"https:\/\/www.accuratereviews.com\/it\/wp-json\/wp\/v2\/pages\/31619\/revisions"}],"predecessor-version":[{"id":31660,"href":"https:\/\/www.accuratereviews.com\/it\/wp-json\/wp\/v2\/pages\/31619\/revisions\/31660"}],"up":[{"embeddable":true,"href":"https:\/\/www.accuratereviews.com\/it\/wp-json\/wp\/v2\/pages\/31329"}],"wp:featuredmedia":[{"embeddable":true,"href":"https:\/\/www.accuratereviews.com\/it\/wp-json\/wp\/v2\/media\/31623"}],"wp:attachment":[{"href":"https:\/\/www.accuratereviews.com\/it\/wp-json\/wp\/v2\/media?parent=31619"}],"wp:term":[{"taxonomy":"category","embeddable":true,"href":"https:\/\/www.accuratereviews.com\/it\/wp-json\/wp\/v2\/categories?post=31619"},{"taxonomy":"post_tag","embeddable":true,"href":"https:\/\/www.accuratereviews.com\/it\/wp-json\/wp\/v2\/tags?post=31619"},{"taxonomy":"features","embeddable":true,"href":"https:\/\/www.accuratereviews.com\/it\/wp-json\/wp\/v2\/features?post=31619"}],"curies":[{"name":"wp","href":"https:\/\/api.w.org\/{rel}","templated":true}]}}