{"id":31641,"date":"2020-10-30T11:01:50","date_gmt":"2020-10-30T11:01:50","guid":{"rendered":"https:\/\/www.accuratereviews.com\/?page_id=31641"},"modified":"2020-10-30T11:01:50","modified_gmt":"2020-10-30T11:01:50","slug":"argus-enterprise-recensione","status":"publish","type":"page","link":"https:\/\/www.accuratereviews.com\/it\/gestionali-immobiliare-lista-software\/argus-enterprise-recensione\/","title":{"rendered":"Argus Enterprise"},"content":{"rendered":"<p><strong>Argus Enterprise<\/strong> \u00e8 un<strong> software di gestione delle risorse<\/strong> e del portafoglio che aiuta a amministrare investimenti, valutazioni, portafogli e budget di propriet\u00e0. Progettato principalmente per i professionisti del <strong>settore immobiliare<\/strong>, le sue soluzioni <strong>cloud<\/strong> e on-premise aiutano ad aumentare la produttivit\u00e0 e favorire l&#8217;efficienza aziendale.\u00a0Le caratteristiche principali del software includono flussi di cassa dettagliati, report di valutazione, programmi di affitto, visualizzazioni di riepilogo del registro degli affitti, budget, previsioni, analisi delle transazioni, valutazione del rischio e gestione del portafoglio. Viene fornito con una dashboard interattiva che permette approfondimenti e una visione a 360 \u00b0 di rischi e rendimenti.\u00a0<strong>Argus Enterprise<\/strong> consente agli utenti di ottimizzare i flussi di lavoro e la consegna con la funzionalit\u00e0 aggiuntiva di Excel (XL4ADW).<\/p>\n<h2>ARGUS ENTERPRISE &#8211; TUTORIAL<\/h2>\n<p>Vediamo come \u00e8 semplice la creazione di una nuova scheda di propriet\u00e0 utilizzando questo <strong>software gestionale per immobili<\/strong>:<\/p>\n<div id=\"fluid-wrapper-counter-1\" class=\"g1-fluid-wrapper \" style=\"width:686px;\">\n<div style=\"padding-bottom:56.268221574344%;\"><iframe loading=\"lazy\" title=\"Argus Enterprise - Creating a New Property\" width=\"686\" height=\"386\" src=\"https:\/\/www.youtube.com\/embed\/BoxubydFS_Q?feature=oembed&amp;wmode=transparent&amp;autohide=1&amp;autoplay=0&amp;disablekb=0&amp;fs=1&amp;loop=0&amp;enablejsapi=1&amp;rel=0&amp;controls=2&amp;showinfo=0&amp;wmode=transparent&amp;autohide=2&amp;autoplay=0&amp;disablekb=0&amp;fs=1&amp;loop=0&amp;enablejsapi=1&amp;rel=0&amp;controls=2&amp;showinfo=1\" frameborder=\"0\" allow=\"accelerometer; autoplay; clipboard-write; encrypted-media; gyroscope; picture-in-picture\" allowfullscreen><\/iframe><\/div>\n<\/div>\n<h3>ARGUS ENTERPRISE &#8211; CARATTERISTICHE<\/h3>\n<ul>\n<li><strong>Valorizza la propriet\u00e0, proteggi il capitale e genera rendimenti:<\/strong> consente alle organizzazioni di proiettare le prestazioni delle proprie risorse immobiliari commerciali durante il ciclo di vita dell&#8217;investimento<\/li>\n<li><strong>Migliori visioni sui flussi di cassa e sulle valutazioni:<\/strong> riduci gli errori nei dati e ottieni chiarezza sul flusso di cassa e sul suo effetto sul valore. Sia che operi a livello locale o su scala globale, la modifica completa del flusso di cassa combinata con il motore di calcolo pi\u00f9 affidabile in CRE, garantisce che le decisioni giuste siano prese per ogni propriet\u00e0 e portafoglio<\/li>\n<li><strong>Analisi delle transazioni rapida<\/strong>: effettua transazioni rapide sulle propriet\u00e0. Il software fornisce trasparenza sui KPI degli investimenti immobiliari chiave insieme ai dati storici, quindi consolidare i dati di mercato, eseguire scenari di sensibilit\u00e0 e posizionare le propriet\u00e0 con l&#8217;esperienza del settore \u00e8 pi\u00f9 facile che mai<\/li>\n<li><strong>Accelera i processi di budgeting e previsione<\/strong>: fornisci i rendimenti previsti e risparmia tempo sulla definizione del budget per l&#8217;intero portafoglio. Consolida effettivi, budget e previsioni in un unico set di dati sulle prestazioni in modo da poter monitorare facilmente le prestazioni e regolare secondo necessit\u00e0<\/li>\n<li><strong>Esegui analisi della sensibilit\u00e0 e dello scenario<\/strong>: riduci il tempo del ciclo di previsione con consolidamenti e scenari che richiedono minuti, non giorni per creare, eseguire e confrontare. Valuta facilmente pi\u00f9 scenari su sezioni trasversali dell&#8217;intero portafoglio o su singole risorse e sottoponi a stress test pi\u00f9 variabili contemporaneamente utilizzando l&#8217;affidabile motore di calcolo della soluzione per eseguire potenti analisi di sensibilit\u00e0<\/li>\n<li><strong>Reporting di portafoglio e analisi dei dati<\/strong>: esegui istantaneamente report configurabili su una singola risorsa o su un intero portafoglio, identifica chiaramente rischi e rendimenti e offri trasparenza alle principali parti interessate<\/li>\n<li><strong>Collabora tra i team<\/strong>: centralizza i dati, gli strumenti e le persone che mantengono attiva la tua azienda<\/li>\n<\/ul>\n<h4>LE RECENSIONE DEGLI UTENTI<\/h4>\n<h4 class=\"font-weight-bold mb-1 d-flex align-items-center\">Shuabe A.&#8221;Amministratore dello strumento&#8221;<\/h4>\n<p><strong>Vantaggi: <\/strong>Ho amministrato Argus ed \u00e8 un ottimo strumento per la gestione immobiliare.<\/p>\n<p><strong>Inconvenienti: <\/strong>Non molto, ha molti dati, basta abituarsi alla navigazione degli strumenti.<\/p>\n<h4 class=\"font-weight-bold mb-1 d-flex align-items-center\">Darci P.&#8221;Buono per quello che ci serve ma potrebbe migliorare&#8221;<\/h4>\n<p><strong>Commenti: <\/strong>Tenere traccia delle propriet\u00e0 che stiamo finanziando<\/p>\n<p><strong>Vantaggi: <\/strong>Il servizio clienti \u00e8 eccezionale e il software \u00e8 ottimo per tenere traccia di tonnellate di informazioni sulle propriet\u00e0 che finanziamo. \u00c8 abbastanza facile da usare e la formazione \u00e8 eccezionale.<\/p>\n<p><strong>Inconvenienti: <\/strong>Le propriet\u00e0 non rimangono con il software, quindi se accedi da un altro computer, il tuo lavoro non \u00e8 l\u00ec. Devi caricare da un file. Questo richiede molto tempo e sembra inutile se utilizziamo lo stesso login.<\/p>\n<h4 class=\"font-weight-bold mb-1 d-flex align-items-center\">Darci P.&#8221;Ottimo prodotto per la sottoscrizione&#8221;<\/h4>\n<p><strong>Vantaggi: <\/strong>Utilizziamo questo prodotto per creare elenchi di affitti e flussi di cassa per propriet\u00e0 commerciali al fine di presentarli a potenziali finanziatori. \u00c8 facile da usare, offre un ottimo servizio quando \u00e8 necessario aiuto e fa tutto ci\u00f2 di cui abbiamo bisogno nel nostro settore di lavoro.<\/p>\n<p><strong>Inconvenienti: <\/strong>Devi ricordarti di salvare il file mentre procedi, altrimenti perderai tutto se c&#8217;\u00e8 un problema tecnico o se chiudi accidentalmente. Sarebbe anche bello se ci fosse un pulsante Annulla senza tornare all&#8217;ultimo salvataggio.<\/p>\n","protected":false},"excerpt":{"rendered":"<p>Argus Enterprise \u00e8 un software di gestione delle risorse e del portafoglio che aiuta a amministrare investimenti, valutazioni, portafogli e budget di propriet\u00e0. Progettato principalmente per i professionisti del settore immobiliare, le sue soluzioni cloud e on-premise aiutano ad aumentare la produttivit\u00e0 e favorire l&#8217;efficienza aziendale.\u00a0<\/p>\n","protected":false},"author":19,"featured_media":31645,"parent":31329,"menu_order":0,"comment_status":"open","ping_status":"closed","template":"g1_template_page_review_new.php","meta":{"_acf_changed":false,"cwp_meta_box_check":"Yes","cwp_rev_product_name":"","cwp_rev_product_image":"","wppr_links":[],"cwp_rev_price":"","wppr_options":[],"wppr_pros":[],"wppr_cons":[],"_monsterinsights_skip_tracking":false,"_monsterinsights_sitenote_active":false,"_monsterinsights_sitenote_note":"","_monsterinsights_sitenote_category":0,"footnotes":""},"categories":[3950],"tags":[4039,396,3967,3971,3970,3968,3969],"features":[],"class_list":{"0":"post-31641","1":"page","2":"type-page","3":"status-publish","4":"has-post-thumbnail","6":"category-gestionale-immobiliare-categoria","7":"tag-argus-enterprise","8":"tag-cloud","9":"tag-gestionale-per-immobili","10":"tag-piattaforma-gestionale-per-immobili","11":"tag-programma-gestionale-per-immobili","12":"tag-software-gestionale-per-immobili","13":"tag-soluzione-gestionale-per-immobili"},"wppr_data":{"cwp_meta_box_check":"Yes","cwp_rev_product_name":"","cwp_rev_product_image":"","cwp_image_link":"image","cwp_rev_price":"","wppr_rating":"0.00"},"acf":[],"yoast_head":"<!-- This site is optimized with the Yoast SEO plugin v27.4 - https:\/\/yoast.com\/product\/yoast-seo-wordpress\/ -->\n<title>Argus Enterprise: recensione gestionale immobili - Accurate Reviews<\/title>\n<meta name=\"description\" content=\"Argus Enterprise: recensione software di gestione delle risorse che aiuta a amministrare investimenti, valutazioni, portafogli e budget.\" \/>\n<meta name=\"robots\" content=\"index, follow, max-snippet:-1, max-image-preview:large, max-video-preview:-1\" \/>\n<link rel=\"canonical\" href=\"https:\/\/www.accuratereviews.com\/it\/gestionali-immobiliare-lista-software\/argus-enterprise-recensione\/\" \/>\n<meta property=\"og:locale\" content=\"it_IT\" \/>\n<meta property=\"og:type\" content=\"article\" \/>\n<meta property=\"og:title\" content=\"Argus Enterprise: recensione gestionale immobili - Accurate Reviews\" \/>\n<meta property=\"og:description\" content=\"Argus Enterprise: recensione software di gestione delle risorse che aiuta a amministrare investimenti, valutazioni, portafogli e budget.\" \/>\n<meta property=\"og:url\" content=\"https:\/\/www.accuratereviews.com\/it\/gestionali-immobiliare-lista-software\/argus-enterprise-recensione\/\" \/>\n<meta property=\"og:site_name\" content=\"Accurate Reviews\" \/>\n<meta property=\"og:image\" content=\"https:\/\/www.accuratereviews.com\/wp-content\/uploads\/2020\/10\/Argus-Enterprise2.gif\" \/>\n\t<meta property=\"og:image:width\" content=\"700\" \/>\n\t<meta property=\"og:image:height\" content=\"700\" \/>\n\t<meta property=\"og:image:type\" content=\"image\/gif\" \/>\n<meta name=\"twitter:card\" content=\"summary_large_image\" \/>\n<meta name=\"twitter:label1\" content=\"Tempo di lettura stimato\" \/>\n\t<meta name=\"twitter:data1\" content=\"3 minuti\" \/>\n<script type=\"application\/ld+json\" class=\"yoast-schema-graph\">{\"@context\":\"https:\\\/\\\/schema.org\",\"@graph\":[{\"@type\":\"WebPage\",\"@id\":\"https:\\\/\\\/www.accuratereviews.com\\\/it\\\/gestionali-immobiliare-lista-software\\\/argus-enterprise-recensione\\\/\",\"url\":\"https:\\\/\\\/www.accuratereviews.com\\\/it\\\/gestionali-immobiliare-lista-software\\\/argus-enterprise-recensione\\\/\",\"name\":\"Argus Enterprise: recensione gestionale immobili - Accurate Reviews\",\"isPartOf\":{\"@id\":\"https:\\\/\\\/www.accuratereviews.com\\\/it\\\/#website\"},\"primaryImageOfPage\":{\"@id\":\"https:\\\/\\\/www.accuratereviews.com\\\/it\\\/gestionali-immobiliare-lista-software\\\/argus-enterprise-recensione\\\/#primaryimage\"},\"image\":{\"@id\":\"https:\\\/\\\/www.accuratereviews.com\\\/it\\\/gestionali-immobiliare-lista-software\\\/argus-enterprise-recensione\\\/#primaryimage\"},\"thumbnailUrl\":\"https:\\\/\\\/www.accuratereviews.com\\\/wp-content\\\/uploads\\\/2020\\\/10\\\/Argus-Enterprise2.gif\",\"datePublished\":\"2020-10-30T11:01:50+00:00\",\"description\":\"Argus Enterprise: recensione software di gestione delle risorse che aiuta a amministrare investimenti, valutazioni, portafogli e budget.\",\"breadcrumb\":{\"@id\":\"https:\\\/\\\/www.accuratereviews.com\\\/it\\\/gestionali-immobiliare-lista-software\\\/argus-enterprise-recensione\\\/#breadcrumb\"},\"inLanguage\":\"it-IT\",\"potentialAction\":[{\"@type\":\"ReadAction\",\"target\":[\"https:\\\/\\\/www.accuratereviews.com\\\/it\\\/gestionali-immobiliare-lista-software\\\/argus-enterprise-recensione\\\/\"]}]},{\"@type\":\"ImageObject\",\"inLanguage\":\"it-IT\",\"@id\":\"https:\\\/\\\/www.accuratereviews.com\\\/it\\\/gestionali-immobiliare-lista-software\\\/argus-enterprise-recensione\\\/#primaryimage\",\"url\":\"https:\\\/\\\/www.accuratereviews.com\\\/wp-content\\\/uploads\\\/2020\\\/10\\\/Argus-Enterprise2.gif\",\"contentUrl\":\"https:\\\/\\\/www.accuratereviews.com\\\/wp-content\\\/uploads\\\/2020\\\/10\\\/Argus-Enterprise2.gif\",\"width\":700,\"height\":700},{\"@type\":\"BreadcrumbList\",\"@id\":\"https:\\\/\\\/www.accuratereviews.com\\\/it\\\/gestionali-immobiliare-lista-software\\\/argus-enterprise-recensione\\\/#breadcrumb\",\"itemListElement\":[{\"@type\":\"ListItem\",\"position\":1,\"name\":\"Home\",\"item\":\"https:\\\/\\\/www.accuratereviews.com\\\/it\\\/\"},{\"@type\":\"ListItem\",\"position\":2,\"name\":\"Gestionali immobiliari\",\"item\":\"https:\\\/\\\/www.accuratereviews.com\\\/it\\\/gestionali-immobiliare-lista-software\\\/\"},{\"@type\":\"ListItem\",\"position\":3,\"name\":\"Argus Enterprise\"}]},{\"@type\":\"WebSite\",\"@id\":\"https:\\\/\\\/www.accuratereviews.com\\\/it\\\/#website\",\"url\":\"https:\\\/\\\/www.accuratereviews.com\\\/it\\\/\",\"name\":\"Accurate Reviews\",\"description\":\"\",\"potentialAction\":[{\"@type\":\"SearchAction\",\"target\":{\"@type\":\"EntryPoint\",\"urlTemplate\":\"https:\\\/\\\/www.accuratereviews.com\\\/it\\\/?s={search_term_string}\"},\"query-input\":{\"@type\":\"PropertyValueSpecification\",\"valueRequired\":true,\"valueName\":\"search_term_string\"}}],\"inLanguage\":\"it-IT\"}]}<\/script>\n<!-- \/ Yoast SEO plugin. -->","yoast_head_json":{"title":"Argus Enterprise: recensione gestionale immobili - Accurate Reviews","description":"Argus Enterprise: recensione software di gestione delle risorse che aiuta a amministrare investimenti, valutazioni, portafogli e budget.","robots":{"index":"index","follow":"follow","max-snippet":"max-snippet:-1","max-image-preview":"max-image-preview:large","max-video-preview":"max-video-preview:-1"},"canonical":"https:\/\/www.accuratereviews.com\/it\/gestionali-immobiliare-lista-software\/argus-enterprise-recensione\/","og_locale":"it_IT","og_type":"article","og_title":"Argus Enterprise: recensione gestionale immobili - Accurate Reviews","og_description":"Argus Enterprise: recensione software di gestione delle risorse che aiuta a amministrare investimenti, valutazioni, portafogli e budget.","og_url":"https:\/\/www.accuratereviews.com\/it\/gestionali-immobiliare-lista-software\/argus-enterprise-recensione\/","og_site_name":"Accurate Reviews","og_image":[{"width":700,"height":700,"url":"https:\/\/www.accuratereviews.com\/wp-content\/uploads\/2020\/10\/Argus-Enterprise2.gif","type":"image\/gif"}],"twitter_card":"summary_large_image","twitter_misc":{"Tempo di lettura stimato":"3 minuti"},"schema":{"@context":"https:\/\/schema.org","@graph":[{"@type":"WebPage","@id":"https:\/\/www.accuratereviews.com\/it\/gestionali-immobiliare-lista-software\/argus-enterprise-recensione\/","url":"https:\/\/www.accuratereviews.com\/it\/gestionali-immobiliare-lista-software\/argus-enterprise-recensione\/","name":"Argus Enterprise: recensione gestionale immobili - Accurate Reviews","isPartOf":{"@id":"https:\/\/www.accuratereviews.com\/it\/#website"},"primaryImageOfPage":{"@id":"https:\/\/www.accuratereviews.com\/it\/gestionali-immobiliare-lista-software\/argus-enterprise-recensione\/#primaryimage"},"image":{"@id":"https:\/\/www.accuratereviews.com\/it\/gestionali-immobiliare-lista-software\/argus-enterprise-recensione\/#primaryimage"},"thumbnailUrl":"https:\/\/www.accuratereviews.com\/wp-content\/uploads\/2020\/10\/Argus-Enterprise2.gif","datePublished":"2020-10-30T11:01:50+00:00","description":"Argus Enterprise: recensione software di gestione delle risorse che aiuta a amministrare investimenti, valutazioni, portafogli e budget.","breadcrumb":{"@id":"https:\/\/www.accuratereviews.com\/it\/gestionali-immobiliare-lista-software\/argus-enterprise-recensione\/#breadcrumb"},"inLanguage":"it-IT","potentialAction":[{"@type":"ReadAction","target":["https:\/\/www.accuratereviews.com\/it\/gestionali-immobiliare-lista-software\/argus-enterprise-recensione\/"]}]},{"@type":"ImageObject","inLanguage":"it-IT","@id":"https:\/\/www.accuratereviews.com\/it\/gestionali-immobiliare-lista-software\/argus-enterprise-recensione\/#primaryimage","url":"https:\/\/www.accuratereviews.com\/wp-content\/uploads\/2020\/10\/Argus-Enterprise2.gif","contentUrl":"https:\/\/www.accuratereviews.com\/wp-content\/uploads\/2020\/10\/Argus-Enterprise2.gif","width":700,"height":700},{"@type":"BreadcrumbList","@id":"https:\/\/www.accuratereviews.com\/it\/gestionali-immobiliare-lista-software\/argus-enterprise-recensione\/#breadcrumb","itemListElement":[{"@type":"ListItem","position":1,"name":"Home","item":"https:\/\/www.accuratereviews.com\/it\/"},{"@type":"ListItem","position":2,"name":"Gestionali immobiliari","item":"https:\/\/www.accuratereviews.com\/it\/gestionali-immobiliare-lista-software\/"},{"@type":"ListItem","position":3,"name":"Argus Enterprise"}]},{"@type":"WebSite","@id":"https:\/\/www.accuratereviews.com\/it\/#website","url":"https:\/\/www.accuratereviews.com\/it\/","name":"Accurate Reviews","description":"","potentialAction":[{"@type":"SearchAction","target":{"@type":"EntryPoint","urlTemplate":"https:\/\/www.accuratereviews.com\/it\/?s={search_term_string}"},"query-input":{"@type":"PropertyValueSpecification","valueRequired":true,"valueName":"search_term_string"}}],"inLanguage":"it-IT"}]}},"_links":{"self":[{"href":"https:\/\/www.accuratereviews.com\/it\/wp-json\/wp\/v2\/pages\/31641","targetHints":{"allow":["GET"]}}],"collection":[{"href":"https:\/\/www.accuratereviews.com\/it\/wp-json\/wp\/v2\/pages"}],"about":[{"href":"https:\/\/www.accuratereviews.com\/it\/wp-json\/wp\/v2\/types\/page"}],"author":[{"embeddable":true,"href":"https:\/\/www.accuratereviews.com\/it\/wp-json\/wp\/v2\/users\/19"}],"replies":[{"embeddable":true,"href":"https:\/\/www.accuratereviews.com\/it\/wp-json\/wp\/v2\/comments?post=31641"}],"version-history":[{"count":8,"href":"https:\/\/www.accuratereviews.com\/it\/wp-json\/wp\/v2\/pages\/31641\/revisions"}],"predecessor-version":[{"id":31658,"href":"https:\/\/www.accuratereviews.com\/it\/wp-json\/wp\/v2\/pages\/31641\/revisions\/31658"}],"up":[{"embeddable":true,"href":"https:\/\/www.accuratereviews.com\/it\/wp-json\/wp\/v2\/pages\/31329"}],"wp:featuredmedia":[{"embeddable":true,"href":"https:\/\/www.accuratereviews.com\/it\/wp-json\/wp\/v2\/media\/31645"}],"wp:attachment":[{"href":"https:\/\/www.accuratereviews.com\/it\/wp-json\/wp\/v2\/media?parent=31641"}],"wp:term":[{"taxonomy":"category","embeddable":true,"href":"https:\/\/www.accuratereviews.com\/it\/wp-json\/wp\/v2\/categories?post=31641"},{"taxonomy":"post_tag","embeddable":true,"href":"https:\/\/www.accuratereviews.com\/it\/wp-json\/wp\/v2\/tags?post=31641"},{"taxonomy":"features","embeddable":true,"href":"https:\/\/www.accuratereviews.com\/it\/wp-json\/wp\/v2\/features?post=31641"}],"curies":[{"name":"wp","href":"https:\/\/api.w.org\/{rel}","templated":true}]}}