{"id":31708,"date":"2020-11-02T11:35:45","date_gmt":"2020-11-02T11:35:45","guid":{"rendered":"https:\/\/www.accuratereviews.com\/?page_id=31708"},"modified":"2020-11-02T11:35:45","modified_gmt":"2020-11-02T11:35:45","slug":"apto-recensione","status":"publish","type":"page","link":"https:\/\/www.accuratereviews.com\/it\/gestionali-immobiliare-lista-software\/apto-recensione\/","title":{"rendered":"Apto"},"content":{"rendered":"<p><strong>Apto<\/strong> \u00e8 un <strong>software basato sul web<\/strong> che aiuta gli utenti a gestire propriet\u00e0, contatti, elenchi e offerte in qualsiasi momento, da qualsiasi luogo e tramite qualsiasi dispositivo. Che un utente sia proprietario di un immobile, inquilino o rappresentante di vendita di investimenti, questo software contribuir\u00e0 a migliorare le operazioni aziendali e convertire pi\u00f9 lead in meno tempo.\u00a0Offre soluzioni di mappatura integrate, notizie con targeting geografico e strumenti di miglioramento dei contatti, oltre all&#8217;accesso a tutti i dati necessari per la gestione delle aziende. Gli utenti possono comunicare istantaneamente con i membri del team per scoprire di eseguire pi\u00f9 attivit\u00e0. Semplifica l&#8217;intero ciclo di vita delle trattative, dal potenziale cliente a quello effettivo.<\/p>\n<h2>APTO &#8211; TUTORIAL<\/h2>\n<p>Guardiamo come \u00e8 semplice creare rapporti con questo <strong>software gestionale per immobili<\/strong>:<\/p>\n<div id=\"fluid-wrapper-counter-1\" class=\"g1-fluid-wrapper \" style=\"width:686px;\">\n<div style=\"padding-bottom:56.268221574344%;\"><iframe loading=\"lazy\" title=\"How to Create a New Report Type Properties with Ownership\" width=\"515\" height=\"386\" src=\"https:\/\/www.youtube.com\/embed\/AA2nREtb_Y4?feature=oembed&amp;wmode=transparent&amp;autohide=1&amp;autoplay=0&amp;disablekb=0&amp;fs=1&amp;loop=0&amp;enablejsapi=1&amp;rel=0&amp;controls=2&amp;showinfo=0&amp;wmode=transparent&amp;autohide=2&amp;autoplay=0&amp;disablekb=0&amp;fs=1&amp;loop=0&amp;enablejsapi=1&amp;rel=0&amp;controls=2&amp;showinfo=1\" frameborder=\"0\" allow=\"accelerometer; autoplay; clipboard-write; encrypted-media; gyroscope; picture-in-picture\" allowfullscreen><\/iframe><\/div>\n<\/div>\n<h3>APTO &#8211; CARATTERISTICHE<\/h3>\n<ul>\n<li>Processi ripetibili per mantenere la tua attivit\u00e0 in carreggiata<\/li>\n<li>Assegnazione delle priorit\u00e0 e trattative resa semplice<\/li>\n<li>Un unico sistema per una comunicazione di squadra centralizzata ed efficace<\/li>\n<li>Approfondimenti predittivi per far crescere la tua attivit\u00e0 e il tuo team<\/li>\n<li>Ottieni una visione completa del tuo mercato colmando le lacune nei tuoi dati<\/li>\n<li>Arricchisci i tuoi dati con dettagli aggiuntivi che prima non avevi<\/li>\n<li>Mantieni tutto aggiornato con un&#8217;origine dati continuamente aggiornata<\/li>\n<li>Accedi e aggiorna i punti dati chiave da qualsiasi dispositivo<\/li>\n<li>Individua rapidamente le informazioni di contatto o le note di una persona da una conversazione precedente<\/li>\n<li>Inserisci le informazioni una volta e potrai accedervi da qualsiasi record correlato<\/li>\n<li>Contatta le persone giuste con le informazioni giuste<\/li>\n<li>Migliora in modo intelligente la tua reputazione di esperto di mercato<\/li>\n<li>Gestisci tutte le tue offerte contemporaneamente con una semplice dashboard in cui puoi creare, aggiornare o trascinare e rilasciare le offerte secondo necessit\u00e0<\/li>\n<li>Converti le tue conversazioni in affari creando elenchi di chiamate di contatti che soddisfano i tuoi criteri<\/li>\n<li>Rimani iper-organizzato mantenendo tutti i documenti importanti allegati a un accordo mentre si muove attraverso l&#8217;imbuto di vendita<\/li>\n<\/ul>\n<h4>LE RECENSIONI DEGLI UTENTI<\/h4>\n<h4 class=\"font-weight-bold mb-1 d-flex align-items-center\">Carly M.&#8221;Facile da usare&#8221;<\/h4>\n<p><strong>Vantaggi: <\/strong>Aiuta a semplificare i contatti d&#8217;affari e la gestione della propriet\u00e0. Ottimo per la gestione delle relazioni con i clienti e le operazioni di back-office.<\/p>\n<p><strong>Inconvenienti: <\/strong>A volte l&#8217;assistenza clienti \u00e8 lenta a rispondere, tuttavia, questo \u00e8 solo un problema per le istanze urgenti. Altrimenti la squadra sembra essere disponibile e pronta ad aiutare<\/p>\n<h4 class=\"font-weight-bold mb-1 d-flex align-items-center\">Kevin D.&#8221;Ottimo se tutto il tuo team si impegna a usarlo&#8221;<\/h4>\n<p><strong>Vantaggi: <\/strong>Ci sono cos\u00ec tante funzioni, questo software apparentemente pu\u00f2 fare tutto. Questo \u00e8 stato utile per organizzare i nostri clienti e monitorare la comunicazione.<\/p>\n<p><strong>Inconvenienti: <\/strong>L&#8217;interfaccia \u00e8 un po &#8216;&#8221;goffa&#8221; in quanto c&#8217;\u00e8 molto da fare. Inoltre, se la tua squadra non si impegna completamente, \u00e8 difficile vedere i risultati completi dei tuoi sforzi.<\/p>\n<h4 class=\"h5 font-weight-bold flex-grow-1 mb-4\">Susy Lee:&#8221;Apto \u00e8 fantastico da usare&#8221;<\/h4>\n<p><strong>Commenti: <\/strong>Facile da usare e organizza i contatti.<\/p>\n<p><strong>Vantaggi: <\/strong>Facilit\u00e0 di database e collegamento dei contatti. Aiuta a organizzare tutte le informazioni e il collegamento tra le attivit\u00e0 di contatto e le propriet\u00e0.<\/p>\n<p><strong>Inconvenienti: <\/strong>A volte il supporto \u00e8 un po &#8216;lento per rispondere, tuttavia i problemi vengono sempre risolti e sono utili.<\/p>\n","protected":false},"excerpt":{"rendered":"<p>Apto \u00e8 un software basato sul web che aiuta gli utenti a gestire propriet\u00e0, contatti, elenchi e offerte in qualsiasi momento, da qualsiasi luogo e tramite qualsiasi dispositivo. Che un utente sia proprietario di un immobile, inquilino o rappresentante di vendita di investimenti, questo software contribuir\u00e0 a migliorare le operazioni aziendali e convertire pi\u00f9 lead in meno tempo.\u00a0<\/p>\n","protected":false},"author":19,"featured_media":31715,"parent":31329,"menu_order":0,"comment_status":"open","ping_status":"closed","template":"g1_template_page_review_new.php","meta":{"_acf_changed":false,"cwp_meta_box_check":"Yes","cwp_rev_product_name":"","cwp_rev_product_image":"","wppr_links":[],"cwp_rev_price":"","wppr_options":[],"wppr_pros":[],"wppr_cons":[],"_monsterinsights_skip_tracking":false,"_monsterinsights_sitenote_active":false,"_monsterinsights_sitenote_note":"","_monsterinsights_sitenote_category":0,"footnotes":""},"categories":[3950],"tags":[4060,3953,3971,3970,3951,3952],"features":[],"class_list":{"0":"post-31708","1":"page","2":"type-page","3":"status-publish","4":"has-post-thumbnail","6":"category-gestionale-immobiliare-categoria","7":"tag-apto","8":"tag-gestionale-immobiliare","9":"tag-piattaforma-gestionale-per-immobili","10":"tag-programma-gestionale-per-immobili","11":"tag-software-gestionale-immobiliare","12":"tag-soluzione-gestionale-immobiliare"},"wppr_data":{"cwp_meta_box_check":"Yes","cwp_rev_product_name":"","cwp_rev_product_image":"","cwp_image_link":"image","cwp_rev_price":"","wppr_rating":"0.00"},"acf":[],"yoast_head":"<!-- This site is optimized with the Yoast SEO plugin v27.4 - https:\/\/yoast.com\/product\/yoast-seo-wordpress\/ -->\n<title>Apto: recensione software gestionale immobili - Accurate Reviews<\/title>\n<meta name=\"description\" content=\"Apto: recensione software basato sul web che aiuta gli utenti a gestire propriet\u00e0, contatti, elenchi e offerte in qualsiasi momento.\" \/>\n<meta name=\"robots\" content=\"index, follow, max-snippet:-1, max-image-preview:large, max-video-preview:-1\" \/>\n<link rel=\"canonical\" href=\"https:\/\/www.accuratereviews.com\/it\/gestionali-immobiliare-lista-software\/apto-recensione\/\" \/>\n<meta property=\"og:locale\" content=\"it_IT\" \/>\n<meta property=\"og:type\" content=\"article\" \/>\n<meta property=\"og:title\" content=\"Apto: recensione software gestionale immobili - Accurate Reviews\" \/>\n<meta property=\"og:description\" content=\"Apto: recensione software basato sul web che aiuta gli utenti a gestire propriet\u00e0, contatti, elenchi e offerte in qualsiasi momento.\" \/>\n<meta property=\"og:url\" content=\"https:\/\/www.accuratereviews.com\/it\/gestionali-immobiliare-lista-software\/apto-recensione\/\" \/>\n<meta property=\"og:site_name\" content=\"Accurate Reviews\" \/>\n<meta property=\"og:image\" content=\"https:\/\/www.accuratereviews.com\/wp-content\/uploads\/2020\/11\/apto.png\" \/>\n\t<meta property=\"og:image:width\" content=\"1100\" \/>\n\t<meta property=\"og:image:height\" content=\"369\" \/>\n\t<meta property=\"og:image:type\" content=\"image\/png\" \/>\n<meta name=\"twitter:card\" content=\"summary_large_image\" \/>\n<meta name=\"twitter:label1\" content=\"Tempo di lettura stimato\" \/>\n\t<meta name=\"twitter:data1\" content=\"3 minuti\" \/>\n<script type=\"application\/ld+json\" class=\"yoast-schema-graph\">{\"@context\":\"https:\\\/\\\/schema.org\",\"@graph\":[{\"@type\":\"WebPage\",\"@id\":\"https:\\\/\\\/www.accuratereviews.com\\\/it\\\/gestionali-immobiliare-lista-software\\\/apto-recensione\\\/\",\"url\":\"https:\\\/\\\/www.accuratereviews.com\\\/it\\\/gestionali-immobiliare-lista-software\\\/apto-recensione\\\/\",\"name\":\"Apto: recensione software gestionale immobili - Accurate Reviews\",\"isPartOf\":{\"@id\":\"https:\\\/\\\/www.accuratereviews.com\\\/it\\\/#website\"},\"primaryImageOfPage\":{\"@id\":\"https:\\\/\\\/www.accuratereviews.com\\\/it\\\/gestionali-immobiliare-lista-software\\\/apto-recensione\\\/#primaryimage\"},\"image\":{\"@id\":\"https:\\\/\\\/www.accuratereviews.com\\\/it\\\/gestionali-immobiliare-lista-software\\\/apto-recensione\\\/#primaryimage\"},\"thumbnailUrl\":\"https:\\\/\\\/www.accuratereviews.com\\\/wp-content\\\/uploads\\\/2020\\\/11\\\/apto.png\",\"datePublished\":\"2020-11-02T11:35:45+00:00\",\"description\":\"Apto: recensione software basato sul web che aiuta gli utenti a gestire propriet\u00e0, contatti, elenchi e offerte in qualsiasi momento.\",\"breadcrumb\":{\"@id\":\"https:\\\/\\\/www.accuratereviews.com\\\/it\\\/gestionali-immobiliare-lista-software\\\/apto-recensione\\\/#breadcrumb\"},\"inLanguage\":\"it-IT\",\"potentialAction\":[{\"@type\":\"ReadAction\",\"target\":[\"https:\\\/\\\/www.accuratereviews.com\\\/it\\\/gestionali-immobiliare-lista-software\\\/apto-recensione\\\/\"]}]},{\"@type\":\"ImageObject\",\"inLanguage\":\"it-IT\",\"@id\":\"https:\\\/\\\/www.accuratereviews.com\\\/it\\\/gestionali-immobiliare-lista-software\\\/apto-recensione\\\/#primaryimage\",\"url\":\"https:\\\/\\\/www.accuratereviews.com\\\/wp-content\\\/uploads\\\/2020\\\/11\\\/apto.png\",\"contentUrl\":\"https:\\\/\\\/www.accuratereviews.com\\\/wp-content\\\/uploads\\\/2020\\\/11\\\/apto.png\",\"width\":1100,\"height\":369},{\"@type\":\"BreadcrumbList\",\"@id\":\"https:\\\/\\\/www.accuratereviews.com\\\/it\\\/gestionali-immobiliare-lista-software\\\/apto-recensione\\\/#breadcrumb\",\"itemListElement\":[{\"@type\":\"ListItem\",\"position\":1,\"name\":\"Home\",\"item\":\"https:\\\/\\\/www.accuratereviews.com\\\/it\\\/\"},{\"@type\":\"ListItem\",\"position\":2,\"name\":\"Gestionali immobiliari\",\"item\":\"https:\\\/\\\/www.accuratereviews.com\\\/it\\\/gestionali-immobiliare-lista-software\\\/\"},{\"@type\":\"ListItem\",\"position\":3,\"name\":\"Apto\"}]},{\"@type\":\"WebSite\",\"@id\":\"https:\\\/\\\/www.accuratereviews.com\\\/it\\\/#website\",\"url\":\"https:\\\/\\\/www.accuratereviews.com\\\/it\\\/\",\"name\":\"Accurate Reviews\",\"description\":\"\",\"potentialAction\":[{\"@type\":\"SearchAction\",\"target\":{\"@type\":\"EntryPoint\",\"urlTemplate\":\"https:\\\/\\\/www.accuratereviews.com\\\/it\\\/?s={search_term_string}\"},\"query-input\":{\"@type\":\"PropertyValueSpecification\",\"valueRequired\":true,\"valueName\":\"search_term_string\"}}],\"inLanguage\":\"it-IT\"}]}<\/script>\n<!-- \/ Yoast SEO plugin. -->","yoast_head_json":{"title":"Apto: recensione software gestionale immobili - Accurate Reviews","description":"Apto: recensione software basato sul web che aiuta gli utenti a gestire propriet\u00e0, contatti, elenchi e offerte in qualsiasi momento.","robots":{"index":"index","follow":"follow","max-snippet":"max-snippet:-1","max-image-preview":"max-image-preview:large","max-video-preview":"max-video-preview:-1"},"canonical":"https:\/\/www.accuratereviews.com\/it\/gestionali-immobiliare-lista-software\/apto-recensione\/","og_locale":"it_IT","og_type":"article","og_title":"Apto: recensione software gestionale immobili - Accurate Reviews","og_description":"Apto: recensione software basato sul web che aiuta gli utenti a gestire propriet\u00e0, contatti, elenchi e offerte in qualsiasi momento.","og_url":"https:\/\/www.accuratereviews.com\/it\/gestionali-immobiliare-lista-software\/apto-recensione\/","og_site_name":"Accurate Reviews","og_image":[{"width":1100,"height":369,"url":"https:\/\/www.accuratereviews.com\/wp-content\/uploads\/2020\/11\/apto.png","type":"image\/png"}],"twitter_card":"summary_large_image","twitter_misc":{"Tempo di lettura stimato":"3 minuti"},"schema":{"@context":"https:\/\/schema.org","@graph":[{"@type":"WebPage","@id":"https:\/\/www.accuratereviews.com\/it\/gestionali-immobiliare-lista-software\/apto-recensione\/","url":"https:\/\/www.accuratereviews.com\/it\/gestionali-immobiliare-lista-software\/apto-recensione\/","name":"Apto: recensione software gestionale immobili - Accurate Reviews","isPartOf":{"@id":"https:\/\/www.accuratereviews.com\/it\/#website"},"primaryImageOfPage":{"@id":"https:\/\/www.accuratereviews.com\/it\/gestionali-immobiliare-lista-software\/apto-recensione\/#primaryimage"},"image":{"@id":"https:\/\/www.accuratereviews.com\/it\/gestionali-immobiliare-lista-software\/apto-recensione\/#primaryimage"},"thumbnailUrl":"https:\/\/www.accuratereviews.com\/wp-content\/uploads\/2020\/11\/apto.png","datePublished":"2020-11-02T11:35:45+00:00","description":"Apto: recensione software basato sul web che aiuta gli utenti a gestire propriet\u00e0, contatti, elenchi e offerte in qualsiasi momento.","breadcrumb":{"@id":"https:\/\/www.accuratereviews.com\/it\/gestionali-immobiliare-lista-software\/apto-recensione\/#breadcrumb"},"inLanguage":"it-IT","potentialAction":[{"@type":"ReadAction","target":["https:\/\/www.accuratereviews.com\/it\/gestionali-immobiliare-lista-software\/apto-recensione\/"]}]},{"@type":"ImageObject","inLanguage":"it-IT","@id":"https:\/\/www.accuratereviews.com\/it\/gestionali-immobiliare-lista-software\/apto-recensione\/#primaryimage","url":"https:\/\/www.accuratereviews.com\/wp-content\/uploads\/2020\/11\/apto.png","contentUrl":"https:\/\/www.accuratereviews.com\/wp-content\/uploads\/2020\/11\/apto.png","width":1100,"height":369},{"@type":"BreadcrumbList","@id":"https:\/\/www.accuratereviews.com\/it\/gestionali-immobiliare-lista-software\/apto-recensione\/#breadcrumb","itemListElement":[{"@type":"ListItem","position":1,"name":"Home","item":"https:\/\/www.accuratereviews.com\/it\/"},{"@type":"ListItem","position":2,"name":"Gestionali immobiliari","item":"https:\/\/www.accuratereviews.com\/it\/gestionali-immobiliare-lista-software\/"},{"@type":"ListItem","position":3,"name":"Apto"}]},{"@type":"WebSite","@id":"https:\/\/www.accuratereviews.com\/it\/#website","url":"https:\/\/www.accuratereviews.com\/it\/","name":"Accurate Reviews","description":"","potentialAction":[{"@type":"SearchAction","target":{"@type":"EntryPoint","urlTemplate":"https:\/\/www.accuratereviews.com\/it\/?s={search_term_string}"},"query-input":{"@type":"PropertyValueSpecification","valueRequired":true,"valueName":"search_term_string"}}],"inLanguage":"it-IT"}]}},"_links":{"self":[{"href":"https:\/\/www.accuratereviews.com\/it\/wp-json\/wp\/v2\/pages\/31708","targetHints":{"allow":["GET"]}}],"collection":[{"href":"https:\/\/www.accuratereviews.com\/it\/wp-json\/wp\/v2\/pages"}],"about":[{"href":"https:\/\/www.accuratereviews.com\/it\/wp-json\/wp\/v2\/types\/page"}],"author":[{"embeddable":true,"href":"https:\/\/www.accuratereviews.com\/it\/wp-json\/wp\/v2\/users\/19"}],"replies":[{"embeddable":true,"href":"https:\/\/www.accuratereviews.com\/it\/wp-json\/wp\/v2\/comments?post=31708"}],"version-history":[{"count":11,"href":"https:\/\/www.accuratereviews.com\/it\/wp-json\/wp\/v2\/pages\/31708\/revisions"}],"predecessor-version":[{"id":31728,"href":"https:\/\/www.accuratereviews.com\/it\/wp-json\/wp\/v2\/pages\/31708\/revisions\/31728"}],"up":[{"embeddable":true,"href":"https:\/\/www.accuratereviews.com\/it\/wp-json\/wp\/v2\/pages\/31329"}],"wp:featuredmedia":[{"embeddable":true,"href":"https:\/\/www.accuratereviews.com\/it\/wp-json\/wp\/v2\/media\/31715"}],"wp:attachment":[{"href":"https:\/\/www.accuratereviews.com\/it\/wp-json\/wp\/v2\/media?parent=31708"}],"wp:term":[{"taxonomy":"category","embeddable":true,"href":"https:\/\/www.accuratereviews.com\/it\/wp-json\/wp\/v2\/categories?post=31708"},{"taxonomy":"post_tag","embeddable":true,"href":"https:\/\/www.accuratereviews.com\/it\/wp-json\/wp\/v2\/tags?post=31708"},{"taxonomy":"features","embeddable":true,"href":"https:\/\/www.accuratereviews.com\/it\/wp-json\/wp\/v2\/features?post=31708"}],"curies":[{"name":"wp","href":"https:\/\/api.w.org\/{rel}","templated":true}]}}