{"id":31760,"date":"2020-11-03T11:19:27","date_gmt":"2020-11-03T11:19:27","guid":{"rendered":"https:\/\/www.accuratereviews.com\/?page_id=31760"},"modified":"2020-11-03T11:19:27","modified_gmt":"2020-11-03T11:19:27","slug":"cre-suite-recensione","status":"publish","type":"page","link":"https:\/\/www.accuratereviews.com\/it\/gestionali-immobiliare-lista-software\/cre-suite-recensione\/","title":{"rendered":"CRE Suite"},"content":{"rendered":"<p><strong>CRE Suite<\/strong> \u00e8 una <strong>piattaforma di analisi degli investimenti immobiliari<\/strong> basata su <strong>cloud<\/strong> che fornisce ai team di sviluppo e acquisizioni di immobili commerciali gli strumenti per analizzare e sottoscrivere propriet\u00e0 e portafogli complessi, oltre a gestire analisi a livello di fondo, riassunti di locazione, modelli finanziari immobiliari e altro ancora. \u00c8\u00a0progettata per aiutare clienti quali committenti immobiliari, fornitori di servizi, investitori e servizi per inquilini a sottoscrivere, analizzare o modellare vari tipi di asset, inclusi immobili in locazione, appartamenti multifamiliari, immobili gestiti (ospitalit\u00e0, campi da golf, strutture sanitarie) e immobiliare specializzato (alloggi per studenti, autoconservazione, locazioni di terreni). I servizi forniti da CRE Suite includono processi aziendali, tecnologia e servizi di marketing, nonch\u00e9 analisi finanziarie. Il supporto per ARGUS Valuation DCF, Developer and Enterprise e Microsoft Excel aiuta gli utenti a eseguire analisi finanziarie accurate.<\/p>\n<h2>CRE SUITE &#8211; TUTORIAL<\/h2>\n<p>Ecco un video in cui illustra come \u00e8 semplice analizzare i propri investimenti immobiliari usando questo software:<\/p>\n<div id=\"fluid-wrapper-counter-1\" class=\"g1-fluid-wrapper \" style=\"width:686px;\">\n<div style=\"padding-bottom:56.268221574344%;\"><iframe loading=\"lazy\" title=\"Is Multifamily Real Estate In Trouble in 2020?\" width=\"686\" height=\"386\" src=\"https:\/\/www.youtube.com\/embed\/mCnpDoAx6pE?feature=oembed&amp;wmode=transparent&amp;autohide=1&amp;autoplay=0&amp;disablekb=0&amp;fs=1&amp;loop=0&amp;enablejsapi=1&amp;rel=0&amp;controls=2&amp;showinfo=0&amp;wmode=transparent&amp;autohide=2&amp;autoplay=0&amp;disablekb=0&amp;fs=1&amp;loop=0&amp;enablejsapi=1&amp;rel=0&amp;controls=2&amp;showinfo=1\" frameborder=\"0\" allow=\"accelerometer; autoplay; clipboard-write; encrypted-media; gyroscope; picture-in-picture\" allowfullscreen><\/iframe><\/div>\n<\/div>\n<p>&nbsp;<\/p>\n<h3>CRE SUITE &#8211; CARATTERISTICHE<\/h3>\n<ul>\n<li>Gestione dei fondi, dei rischi, delle spese e locazioni<\/li>\n<li>Monitoraggio dei posti vacanti<\/li>\n<li>CRM immobiliare<\/li>\n<li>Analisi del flusso di cassa<\/li>\n<li>Servizi di due diligence<\/li>\n<li>Contratti di locazione<\/li>\n<li>Riconciliazione CAM<\/li>\n<li>Modellazione ARGUS<\/li>\n<li>Sottoscrizione Excel<\/li>\n<li>Servizio di compravendite e affitto<\/li>\n<li>Analisi a livello di propriet\u00e0<\/li>\n<li>Integrazione reXML e\u00a0OpenARGUS<\/li>\n<li>Modelli Excel a livello di propriet\u00e0<\/li>\n<li>Sondaggio sugli affitti plurifamiliari e strumento di analisi del mercato<\/li>\n<li>Sottoscrizione immobiliare<\/li>\n<li>KPI<\/li>\n<li>Gestione dei processi aziendali immobiliari<\/li>\n<li>Big data immobiliari<\/li>\n<li>Dati sulla propriet\u00e0 immobiliare<\/li>\n<li>Dashboard di Microsoft Excel<\/li>\n<li>Libri di presentazione degli investitori<\/li>\n<li>Web design front-end<\/li>\n<li>Analisi di mercato<\/li>\n<li>Gestione multi-tenant<\/li>\n<li>Notifiche<\/li>\n<li>Branding e grafica personalizzati<\/li>\n<li>Analisi di bilancio<\/li>\n<li>Gestione dei preventivi<\/li>\n<li>Tracciamento in tempo reale<\/li>\n<li>Ricerca rapida<\/li>\n<li>Integrazione del database<\/li>\n<li>Segnalazione<\/li>\n<li>Progetti personalizzati<\/li>\n<\/ul>\n<h4>LE RECENSIONI DEGLI UTENTI<\/h4>\n<h4 class=\"font-weight-bold mb-1 d-flex align-items-center\">Kevin M.&#8221;Ottima esperienza, risposta rapida dai modelli CRE e rapida implementazione.&#8221;<\/h4>\n<p><strong>Vantaggi: <\/strong>Questo software ha ridotto il nostro tempo per la creazione di modelli di portfolio del 50% o pi\u00f9. Ha semplificato il nostro processo di portafoglio e ci ha permesso di ridurre gli errori costosi quando si combinano pi\u00f9 modelli in un portafoglio. Anche apportare modifiche alla sottoscrizione del portafoglio \u00e8 ora un processo rapido con la possibilit\u00e0 di estrarre qualsiasi file dal cloud e salvare rapidamente le modifiche. La funzione Confronta versioni \u00e8 anche un ottimo strumento per confrontare i risultati di due diverse proiezioni pro forma e ci consente di comporre i nostri prezzi molto pi\u00f9 velocemente. Anche la mappatura e gli strumenti demografici fanno risparmiare molto tempo. Nel complesso, l&#8217;investimento in questo strumento ridurr\u00e0 le nostre ore complessive necessarie sui progetti e ridurr\u00e0 la nostra forza lavoro necessaria per completare i nostri progetti di sottoscrizione.<\/p>\n<p><strong>Inconvenienti: <\/strong>Finora non abbiamo riscontrato alcun problema con il software, l&#8217;unica sfida iniziale \u00e8 stata garantire che pi\u00f9 analisti avessero accesso agli stessi file cloud per garantire la continuit\u00e0 dei progetti, tuttavia il team di assistenza di CRE ci ha aiutato a risolverlo immediatamente su richiesta. Inoltre, l&#8217;app pu\u00f2 scadere e sembrare che sia ancora collegata, ma il problema viene risolto facilmente quando accedi nuovamente al modello.<\/p>\n<h4 class=\"font-weight-bold mb-1 d-flex align-items-center\">Sidney M.&#8221;CRE ha letteralmente costruito per me un proforma di sviluppo a uso misto da zero.&#8221;<\/h4>\n<p><strong>Commenti: <\/strong>Funziona esattamente come ne abbiamo bisogno per i progetti commerciali e di appartamenti.<\/p>\n<p><strong>Vantaggi: <\/strong>Facilit\u00e0 di utilizzo e applicazione a un progetto a uso misto o a un progetto commerciale monouso. Strutturato in modo tale da poter riempire gli spazi vuoti di una proforma di sviluppo per costi specifici, tempistiche, finanziamenti per mutui edili, cascate, portate a lungo termine, ecc.<\/p>\n<p><strong>Inconvenienti: <\/strong>Ci \u00e8 voluto del tempo per sviluppare il software da zero e per risolvere i &#8220;difetti&#8221; durante l&#8217;immissione dei dati. Ci vuole anche del tempo per istruire gli investitori su come leggere attentamente i materiali di presentazione per trovare le informazioni che stanno cercando.<\/p>\n","protected":false},"excerpt":{"rendered":"<p>CRE Suite \u00e8 una piattaforma di analisi degli investimenti immobiliari basata su cloud che fornisce ai team di sviluppo e acquisizioni di immobili commerciali gli strumenti per analizzare e sottoscrivere propriet\u00e0 e portafogli complessi, oltre a gestire analisi a livello di fondo, riassunti di locazione, modelli finanziari immobiliari e altro ancora.<\/p>\n","protected":false},"author":19,"featured_media":31768,"parent":31329,"menu_order":0,"comment_status":"open","ping_status":"closed","template":"g1_template_page_review_new.php","meta":{"_acf_changed":false,"cwp_meta_box_check":"Yes","cwp_rev_product_name":"","cwp_rev_product_image":"","wppr_links":[],"cwp_rev_price":"","wppr_options":[],"wppr_pros":[],"wppr_cons":[],"_monsterinsights_skip_tracking":false,"_monsterinsights_sitenote_active":false,"_monsterinsights_sitenote_note":"","_monsterinsights_sitenote_category":0,"footnotes":""},"categories":[3950],"tags":[396,4072,4070,4071,3971,3970,3952],"features":[],"class_list":{"0":"post-31760","1":"page","2":"type-page","3":"status-publish","4":"has-post-thumbnail","6":"category-gestionale-immobiliare-categoria","7":"tag-cloud","8":"tag-cre-suite","9":"tag-gestione-immobiliare","10":"tag-investimenti-immobiliari","11":"tag-piattaforma-gestionale-per-immobili","12":"tag-programma-gestionale-per-immobili","13":"tag-soluzione-gestionale-immobiliare"},"wppr_data":{"cwp_meta_box_check":"Yes","cwp_rev_product_name":"","cwp_rev_product_image":"","cwp_image_link":"image","cwp_rev_price":"","wppr_rating":"0.00"},"acf":[],"yoast_head":"<!-- This site is optimized with the Yoast SEO plugin v27.4 - https:\/\/yoast.com\/product\/yoast-seo-wordpress\/ -->\n<title>CRE Suite - Accurate Reviews<\/title>\n<meta name=\"description\" content=\"CRE Suite: recensione piattaforma di analisi degli investimenti immobiliari basata su cloud con report accurati e semplici da capire.\" \/>\n<meta name=\"robots\" content=\"index, follow, max-snippet:-1, max-image-preview:large, max-video-preview:-1\" \/>\n<link rel=\"canonical\" href=\"https:\/\/www.accuratereviews.com\/it\/gestionali-immobiliare-lista-software\/cre-suite-recensione\/\" \/>\n<meta property=\"og:locale\" content=\"it_IT\" \/>\n<meta property=\"og:type\" content=\"article\" \/>\n<meta property=\"og:title\" content=\"CRE Suite - Accurate Reviews\" \/>\n<meta property=\"og:description\" content=\"CRE Suite: recensione piattaforma di analisi degli investimenti immobiliari basata su cloud con report accurati e semplici da capire.\" \/>\n<meta property=\"og:url\" content=\"https:\/\/www.accuratereviews.com\/it\/gestionali-immobiliare-lista-software\/cre-suite-recensione\/\" \/>\n<meta property=\"og:site_name\" content=\"Accurate Reviews\" \/>\n<meta property=\"og:image\" content=\"https:\/\/www.accuratereviews.com\/wp-content\/uploads\/2020\/11\/Schermata-2020-11-03-alle-11.17.59.png\" \/>\n\t<meta property=\"og:image:width\" content=\"416\" \/>\n\t<meta property=\"og:image:height\" content=\"400\" \/>\n\t<meta property=\"og:image:type\" content=\"image\/png\" \/>\n<meta name=\"twitter:card\" content=\"summary_large_image\" \/>\n<meta name=\"twitter:label1\" content=\"Tempo di lettura stimato\" \/>\n\t<meta name=\"twitter:data1\" content=\"3 minuti\" \/>\n<script type=\"application\/ld+json\" class=\"yoast-schema-graph\">{\"@context\":\"https:\\\/\\\/schema.org\",\"@graph\":[{\"@type\":\"WebPage\",\"@id\":\"https:\\\/\\\/www.accuratereviews.com\\\/it\\\/gestionali-immobiliare-lista-software\\\/cre-suite-recensione\\\/\",\"url\":\"https:\\\/\\\/www.accuratereviews.com\\\/it\\\/gestionali-immobiliare-lista-software\\\/cre-suite-recensione\\\/\",\"name\":\"CRE Suite - Accurate Reviews\",\"isPartOf\":{\"@id\":\"https:\\\/\\\/www.accuratereviews.com\\\/it\\\/#website\"},\"primaryImageOfPage\":{\"@id\":\"https:\\\/\\\/www.accuratereviews.com\\\/it\\\/gestionali-immobiliare-lista-software\\\/cre-suite-recensione\\\/#primaryimage\"},\"image\":{\"@id\":\"https:\\\/\\\/www.accuratereviews.com\\\/it\\\/gestionali-immobiliare-lista-software\\\/cre-suite-recensione\\\/#primaryimage\"},\"thumbnailUrl\":\"https:\\\/\\\/www.accuratereviews.com\\\/wp-content\\\/uploads\\\/2020\\\/11\\\/Schermata-2020-11-03-alle-11.17.59.png\",\"datePublished\":\"2020-11-03T11:19:27+00:00\",\"description\":\"CRE Suite: recensione piattaforma di analisi degli investimenti immobiliari basata su cloud con report accurati e semplici da capire.\",\"breadcrumb\":{\"@id\":\"https:\\\/\\\/www.accuratereviews.com\\\/it\\\/gestionali-immobiliare-lista-software\\\/cre-suite-recensione\\\/#breadcrumb\"},\"inLanguage\":\"it-IT\",\"potentialAction\":[{\"@type\":\"ReadAction\",\"target\":[\"https:\\\/\\\/www.accuratereviews.com\\\/it\\\/gestionali-immobiliare-lista-software\\\/cre-suite-recensione\\\/\"]}]},{\"@type\":\"ImageObject\",\"inLanguage\":\"it-IT\",\"@id\":\"https:\\\/\\\/www.accuratereviews.com\\\/it\\\/gestionali-immobiliare-lista-software\\\/cre-suite-recensione\\\/#primaryimage\",\"url\":\"https:\\\/\\\/www.accuratereviews.com\\\/wp-content\\\/uploads\\\/2020\\\/11\\\/Schermata-2020-11-03-alle-11.17.59.png\",\"contentUrl\":\"https:\\\/\\\/www.accuratereviews.com\\\/wp-content\\\/uploads\\\/2020\\\/11\\\/Schermata-2020-11-03-alle-11.17.59.png\",\"width\":416,\"height\":400},{\"@type\":\"BreadcrumbList\",\"@id\":\"https:\\\/\\\/www.accuratereviews.com\\\/it\\\/gestionali-immobiliare-lista-software\\\/cre-suite-recensione\\\/#breadcrumb\",\"itemListElement\":[{\"@type\":\"ListItem\",\"position\":1,\"name\":\"Home\",\"item\":\"https:\\\/\\\/www.accuratereviews.com\\\/it\\\/\"},{\"@type\":\"ListItem\",\"position\":2,\"name\":\"Gestionali immobiliari\",\"item\":\"https:\\\/\\\/www.accuratereviews.com\\\/it\\\/gestionali-immobiliare-lista-software\\\/\"},{\"@type\":\"ListItem\",\"position\":3,\"name\":\"CRE Suite\"}]},{\"@type\":\"WebSite\",\"@id\":\"https:\\\/\\\/www.accuratereviews.com\\\/it\\\/#website\",\"url\":\"https:\\\/\\\/www.accuratereviews.com\\\/it\\\/\",\"name\":\"Accurate Reviews\",\"description\":\"\",\"potentialAction\":[{\"@type\":\"SearchAction\",\"target\":{\"@type\":\"EntryPoint\",\"urlTemplate\":\"https:\\\/\\\/www.accuratereviews.com\\\/it\\\/?s={search_term_string}\"},\"query-input\":{\"@type\":\"PropertyValueSpecification\",\"valueRequired\":true,\"valueName\":\"search_term_string\"}}],\"inLanguage\":\"it-IT\"}]}<\/script>\n<!-- \/ Yoast SEO plugin. -->","yoast_head_json":{"title":"CRE Suite - Accurate Reviews","description":"CRE Suite: recensione piattaforma di analisi degli investimenti immobiliari basata su cloud con report accurati e semplici da capire.","robots":{"index":"index","follow":"follow","max-snippet":"max-snippet:-1","max-image-preview":"max-image-preview:large","max-video-preview":"max-video-preview:-1"},"canonical":"https:\/\/www.accuratereviews.com\/it\/gestionali-immobiliare-lista-software\/cre-suite-recensione\/","og_locale":"it_IT","og_type":"article","og_title":"CRE Suite - Accurate Reviews","og_description":"CRE Suite: recensione piattaforma di analisi degli investimenti immobiliari basata su cloud con report accurati e semplici da capire.","og_url":"https:\/\/www.accuratereviews.com\/it\/gestionali-immobiliare-lista-software\/cre-suite-recensione\/","og_site_name":"Accurate Reviews","og_image":[{"width":416,"height":400,"url":"https:\/\/www.accuratereviews.com\/wp-content\/uploads\/2020\/11\/Schermata-2020-11-03-alle-11.17.59.png","type":"image\/png"}],"twitter_card":"summary_large_image","twitter_misc":{"Tempo di lettura stimato":"3 minuti"},"schema":{"@context":"https:\/\/schema.org","@graph":[{"@type":"WebPage","@id":"https:\/\/www.accuratereviews.com\/it\/gestionali-immobiliare-lista-software\/cre-suite-recensione\/","url":"https:\/\/www.accuratereviews.com\/it\/gestionali-immobiliare-lista-software\/cre-suite-recensione\/","name":"CRE Suite - Accurate Reviews","isPartOf":{"@id":"https:\/\/www.accuratereviews.com\/it\/#website"},"primaryImageOfPage":{"@id":"https:\/\/www.accuratereviews.com\/it\/gestionali-immobiliare-lista-software\/cre-suite-recensione\/#primaryimage"},"image":{"@id":"https:\/\/www.accuratereviews.com\/it\/gestionali-immobiliare-lista-software\/cre-suite-recensione\/#primaryimage"},"thumbnailUrl":"https:\/\/www.accuratereviews.com\/wp-content\/uploads\/2020\/11\/Schermata-2020-11-03-alle-11.17.59.png","datePublished":"2020-11-03T11:19:27+00:00","description":"CRE Suite: recensione piattaforma di analisi degli investimenti immobiliari basata su cloud con report accurati e semplici da capire.","breadcrumb":{"@id":"https:\/\/www.accuratereviews.com\/it\/gestionali-immobiliare-lista-software\/cre-suite-recensione\/#breadcrumb"},"inLanguage":"it-IT","potentialAction":[{"@type":"ReadAction","target":["https:\/\/www.accuratereviews.com\/it\/gestionali-immobiliare-lista-software\/cre-suite-recensione\/"]}]},{"@type":"ImageObject","inLanguage":"it-IT","@id":"https:\/\/www.accuratereviews.com\/it\/gestionali-immobiliare-lista-software\/cre-suite-recensione\/#primaryimage","url":"https:\/\/www.accuratereviews.com\/wp-content\/uploads\/2020\/11\/Schermata-2020-11-03-alle-11.17.59.png","contentUrl":"https:\/\/www.accuratereviews.com\/wp-content\/uploads\/2020\/11\/Schermata-2020-11-03-alle-11.17.59.png","width":416,"height":400},{"@type":"BreadcrumbList","@id":"https:\/\/www.accuratereviews.com\/it\/gestionali-immobiliare-lista-software\/cre-suite-recensione\/#breadcrumb","itemListElement":[{"@type":"ListItem","position":1,"name":"Home","item":"https:\/\/www.accuratereviews.com\/it\/"},{"@type":"ListItem","position":2,"name":"Gestionali immobiliari","item":"https:\/\/www.accuratereviews.com\/it\/gestionali-immobiliare-lista-software\/"},{"@type":"ListItem","position":3,"name":"CRE Suite"}]},{"@type":"WebSite","@id":"https:\/\/www.accuratereviews.com\/it\/#website","url":"https:\/\/www.accuratereviews.com\/it\/","name":"Accurate Reviews","description":"","potentialAction":[{"@type":"SearchAction","target":{"@type":"EntryPoint","urlTemplate":"https:\/\/www.accuratereviews.com\/it\/?s={search_term_string}"},"query-input":{"@type":"PropertyValueSpecification","valueRequired":true,"valueName":"search_term_string"}}],"inLanguage":"it-IT"}]}},"_links":{"self":[{"href":"https:\/\/www.accuratereviews.com\/it\/wp-json\/wp\/v2\/pages\/31760","targetHints":{"allow":["GET"]}}],"collection":[{"href":"https:\/\/www.accuratereviews.com\/it\/wp-json\/wp\/v2\/pages"}],"about":[{"href":"https:\/\/www.accuratereviews.com\/it\/wp-json\/wp\/v2\/types\/page"}],"author":[{"embeddable":true,"href":"https:\/\/www.accuratereviews.com\/it\/wp-json\/wp\/v2\/users\/19"}],"replies":[{"embeddable":true,"href":"https:\/\/www.accuratereviews.com\/it\/wp-json\/wp\/v2\/comments?post=31760"}],"version-history":[{"count":5,"href":"https:\/\/www.accuratereviews.com\/it\/wp-json\/wp\/v2\/pages\/31760\/revisions"}],"predecessor-version":[{"id":31783,"href":"https:\/\/www.accuratereviews.com\/it\/wp-json\/wp\/v2\/pages\/31760\/revisions\/31783"}],"up":[{"embeddable":true,"href":"https:\/\/www.accuratereviews.com\/it\/wp-json\/wp\/v2\/pages\/31329"}],"wp:featuredmedia":[{"embeddable":true,"href":"https:\/\/www.accuratereviews.com\/it\/wp-json\/wp\/v2\/media\/31768"}],"wp:attachment":[{"href":"https:\/\/www.accuratereviews.com\/it\/wp-json\/wp\/v2\/media?parent=31760"}],"wp:term":[{"taxonomy":"category","embeddable":true,"href":"https:\/\/www.accuratereviews.com\/it\/wp-json\/wp\/v2\/categories?post=31760"},{"taxonomy":"post_tag","embeddable":true,"href":"https:\/\/www.accuratereviews.com\/it\/wp-json\/wp\/v2\/tags?post=31760"},{"taxonomy":"features","embeddable":true,"href":"https:\/\/www.accuratereviews.com\/it\/wp-json\/wp\/v2\/features?post=31760"}],"curies":[{"name":"wp","href":"https:\/\/api.w.org\/{rel}","templated":true}]}}