{"id":31772,"date":"2020-11-03T11:18:50","date_gmt":"2020-11-03T11:18:50","guid":{"rendered":"https:\/\/www.accuratereviews.com\/?page_id=31772"},"modified":"2020-11-03T11:18:50","modified_gmt":"2020-11-03T11:18:50","slug":"stratafolio-recensione","status":"publish","type":"page","link":"https:\/\/www.accuratereviews.com\/it\/gestionali-immobiliare-lista-software\/stratafolio-recensione\/","title":{"rendered":"Stratafolio"},"content":{"rendered":"<p><strong>Stratafolio<\/strong> \u00e8 una <strong>soluzione di gestione patrimoniale<\/strong> progettata per aiutare gli agenti immobiliari commerciali a gestire i processi relativi a flussi di cassa, debito, locazione e investimenti. Gli utenti possono visualizzare i debiti correnti e ottenere informazioni sui prestiti in scadenza e di regresso attraverso parametri quali il rapporto di copertura del servizio del debito (DCR), il rapporto tra prestito e valore (LTV), prestito a costo (LTC) e altro ancora.\u00a0Le caratteristiche principali del software include analisi del flusso di cassa, gestione del portafoglio, avvisi di date critiche, pianificazione fiscale e contabilit\u00e0 patrimoniale. La piattaforma centralizzata consente ai team di generare report e tenere traccia di spese, tasse e assicurazioni per la gestione degli asset commerciali (CAM). Utilizzando la funzionalit\u00e0 di drill-down, gli utenti possono ottenere visibilit\u00e0 sulle finanze immobiliari combinate, facilitando il processo decisionale per migliorare le prestazioni aziendali.<\/p>\n<h2>STRATAFOLIO &#8211; TUTORIAL<\/h2>\n<p>Guarda il video che ti illustra come come creare rapporti sui dati inseriti in questa <strong>soluzione gestionale per immobili<\/strong>:<\/p>\n<div id=\"fluid-wrapper-counter-1\" class=\"g1-fluid-wrapper \" style=\"width:686px;\">\n<div style=\"padding-bottom:56.268221574344%;\"><iframe loading=\"lazy\" title=\"About STRATAFOLIO\" width=\"686\" height=\"386\" src=\"https:\/\/www.youtube.com\/embed\/videoseries?list=PLtHi9CQcz-u0-bfVbvMk1rTRbNjdkJSyl\" frameborder=\"0\" allow=\"accelerometer; autoplay; clipboard-write; encrypted-media; gyroscope; picture-in-picture\" allowfullscreen><\/iframe><\/div>\n<\/div>\n<h2>STRATAFOLIO &#8211; CARATTERISTICHE<\/h2>\n<ul>\n<li><strong>Gestisci e monitora le tue spese<\/strong>: tieni traccia delle tue tasse, assicurazioni e spese per sapere esattamente quanto hai sostenuto durante l&#8217;anno<\/li>\n<li><strong>Amministra in modo proattivo le escalation dei leasing<\/strong>: gestisci, monitora e ricevi avvisi per le escalation di leasing, tutto in un unico posto, in modo da sapere esattamente quando ogni aumento entra in vigore<\/li>\n<li><strong>Visualizza i tuoi prestiti in un unico punto:<\/strong> avere una visione globale completa del proprio debito, comprese le metriche come LTV, DCR, LTC.<\/li>\n<li><strong>Automatizza il tuo flusso di cassa<\/strong>: visualizza il tuo flusso di cassa nell&#8217;intera organizzazione senza alcun intervento manuale e hai la possibilit\u00e0 di vedere il tuo flusso di cassa in diversi periodi di tempo in modo interattivo<\/li>\n<li><strong>Dati aggregati e funzionalit\u00e0 di drill down<\/strong>: organizza tutti i dati finanziari della tua societ\u00e0 immobiliare combinata in un&#8217;unica posizione e, allo stesso tempo, hai la possibilit\u00e0 di eseguire il drill-down su una singola societ\u00e0 o risorsa, fornendoti le informazioni necessarie per gestire la tua attivit\u00e0 in modo rapido ed efficiente<\/li>\n<li><strong>Avvisi e promemoria<\/strong>: ricevi avvisi e promemoria quando sono in scadenza escalation di leasing o prestiti in arrivo per il rinnovo, consentendoti di mantenere il controllo della tua attivit\u00e0 in rapida evoluzione<\/li>\n<li><strong>Connettiti ai tuoi sistemi esistenti:<\/strong> collega una volta il tuo account QuickBooks desktop o online e i tuoi dati della soluzione e \u00a0saranno sempre aggiornati<\/li>\n<\/ul>\n<h4>LE RECENSIONI DEGLI UTENTI<\/h4>\n<h4 class=\"font-weight-bold mb-1 d-flex align-items-center\">Nick B.&#8221;Stratafolio \u00e8 un punto di svolta!&#8221;<\/h4>\n<p><strong>Vantaggi: <\/strong>Stratafolio \u00e8 un punto di svolta! Sebbene Quickbooks sia un prodotto straordinario, non soddisfa le esigenze di reporting finanziario sfumato degli investitori immobiliari. Entra in Stratafolio! Il loro reporting intuitivo e la straordinaria interfaccia utente collegano tutti i punti &#8230; offrendoti dati finanziari in tempo reale per l&#8217;intero portafoglio di noleggio. Gli investitori sono cos\u00ec bravi ad analizzare una propriet\u00e0 prima di acquistarla &#8230; ma tenere traccia dei valori effettivi \u00e8 sempre stato un problema. Non pi\u00f9! Sono cos\u00ec felice di avere Stratafolio nel mio arsenale e di poterlo consigliare ai miei clienti e studenti!<\/p>\n<p><strong>Inconvenienti: <\/strong>Non ho alcun reclamo sul software.<\/p>\n<div class=\"ml-4 pl-4 border-left border-left__dotted i18n-translation_vendor_container\" data-translation-id=\"2220559\" data-translation-vendor-target=\"original\">\n<div class=\"d-flex flex-wrap flex-md-nowrap align-items-center\">\n<h4 class=\"font-weight-bold mb-1 d-flex align-items-center\">Kerri Z.&#8221;Recensione STRATAFOLIO&#8221;<\/h4>\n<p><strong>Commenti: <\/strong>La nostra esperienza \u00e8 stata fantastica. Sono stati molto pazienti durante il processo di onboarding. Durante questo processo siamo stati in grado di organizzarci meglio.<\/p>\n<p><strong>Vantaggi: <\/strong>Facile da usare e da navigare, inoltre \u00e8 una posizione centrale per tutte le nostre propriet\u00e0 immobiliari. Possiamo ottenere un resoconto aggiornato di tutte le nostre propriet\u00e0 o scovarne e analizzarne uno individualmente.<\/p>\n<p><strong>Inconvenienti: <\/strong>Finora ci piace tutto del prodotto. Il costo \u00e8 nella fascia pi\u00f9 alta ma ora che utilizzavamo STRATAFOLIO vale il costo aggiuntivo rispetto alle altre opzioni disponibili.<\/p>\n<\/div>\n<\/div>\n","protected":false},"excerpt":{"rendered":"<p>Stratafolio \u00e8 una soluzione di gestione patrimoniale progettata per aiutare gli agenti immobiliari commerciali a gestire i processi relativi a flussi di cassa, debito, locazione e investimenti. Gli utenti possono visualizzare i debiti correnti e ottenere informazioni sui prestiti in scadenza e di regresso attraverso parametri quali il rapporto di copertura del servizio del debito (DCR), il rapporto tra prestito e valore (LTV), prestito a costo (LTC) e altro ancora.<\/p>\n","protected":false},"author":19,"featured_media":31773,"parent":31329,"menu_order":0,"comment_status":"open","ping_status":"closed","template":"g1_template_page_review_new.php","meta":{"_acf_changed":false,"cwp_meta_box_check":"Yes","cwp_rev_product_name":"","cwp_rev_product_image":"","wppr_links":[],"cwp_rev_price":"","wppr_options":[],"wppr_pros":[],"wppr_cons":[],"_monsterinsights_skip_tracking":false,"_monsterinsights_sitenote_active":false,"_monsterinsights_sitenote_note":"","_monsterinsights_sitenote_category":0,"footnotes":""},"categories":[3950],"tags":[3953,3955,3954,3951,3952,4073],"features":[],"class_list":{"0":"post-31772","1":"page","2":"type-page","3":"status-publish","4":"has-post-thumbnail","6":"category-gestionale-immobiliare-categoria","7":"tag-gestionale-immobiliare","8":"tag-piattaforma-gestionale-immobiliare","9":"tag-programma-gestionale-immobiliare","10":"tag-software-gestionale-immobiliare","11":"tag-soluzione-gestionale-immobiliare","12":"tag-stratafolio"},"wppr_data":{"cwp_meta_box_check":"Yes","cwp_rev_product_name":"","cwp_rev_product_image":"","cwp_image_link":"image","cwp_rev_price":"","wppr_rating":"0.00"},"acf":[],"yoast_head":"<!-- This site is optimized with the Yoast SEO plugin v27.4 - https:\/\/yoast.com\/product\/yoast-seo-wordpress\/ -->\n<title>Stratafolio: recensione gestionale immobiliare - Accurate Reviews<\/title>\n<meta name=\"description\" content=\"Stratafolio: recensione soluzione di gestione patrimoniale progettata per aiutare gli agenti immobiliari commerciali.\" \/>\n<meta name=\"robots\" content=\"index, follow, max-snippet:-1, max-image-preview:large, max-video-preview:-1\" \/>\n<link rel=\"canonical\" href=\"https:\/\/www.accuratereviews.com\/it\/gestionali-immobiliare-lista-software\/stratafolio-recensione\/\" \/>\n<meta property=\"og:locale\" content=\"it_IT\" \/>\n<meta property=\"og:type\" content=\"article\" \/>\n<meta property=\"og:title\" content=\"Stratafolio: recensione gestionale immobiliare - Accurate Reviews\" \/>\n<meta property=\"og:description\" content=\"Stratafolio: recensione soluzione di gestione patrimoniale progettata per aiutare gli agenti immobiliari commerciali.\" \/>\n<meta property=\"og:url\" content=\"https:\/\/www.accuratereviews.com\/it\/gestionali-immobiliare-lista-software\/stratafolio-recensione\/\" \/>\n<meta property=\"og:site_name\" content=\"Accurate Reviews\" \/>\n<meta property=\"og:image\" content=\"https:\/\/www.accuratereviews.com\/wp-content\/uploads\/2020\/11\/STRATAFOLIO-.jpg\" \/>\n\t<meta property=\"og:image:width\" content=\"600\" \/>\n\t<meta property=\"og:image:height\" content=\"315\" \/>\n\t<meta property=\"og:image:type\" content=\"image\/jpeg\" \/>\n<meta name=\"twitter:card\" content=\"summary_large_image\" \/>\n<meta name=\"twitter:label1\" content=\"Tempo di lettura stimato\" \/>\n\t<meta name=\"twitter:data1\" content=\"3 minuti\" \/>\n<script type=\"application\/ld+json\" class=\"yoast-schema-graph\">{\"@context\":\"https:\\\/\\\/schema.org\",\"@graph\":[{\"@type\":\"WebPage\",\"@id\":\"https:\\\/\\\/www.accuratereviews.com\\\/it\\\/gestionali-immobiliare-lista-software\\\/stratafolio-recensione\\\/\",\"url\":\"https:\\\/\\\/www.accuratereviews.com\\\/it\\\/gestionali-immobiliare-lista-software\\\/stratafolio-recensione\\\/\",\"name\":\"Stratafolio: recensione gestionale immobiliare - Accurate Reviews\",\"isPartOf\":{\"@id\":\"https:\\\/\\\/www.accuratereviews.com\\\/it\\\/#website\"},\"primaryImageOfPage\":{\"@id\":\"https:\\\/\\\/www.accuratereviews.com\\\/it\\\/gestionali-immobiliare-lista-software\\\/stratafolio-recensione\\\/#primaryimage\"},\"image\":{\"@id\":\"https:\\\/\\\/www.accuratereviews.com\\\/it\\\/gestionali-immobiliare-lista-software\\\/stratafolio-recensione\\\/#primaryimage\"},\"thumbnailUrl\":\"https:\\\/\\\/www.accuratereviews.com\\\/wp-content\\\/uploads\\\/2020\\\/11\\\/STRATAFOLIO-.jpg\",\"datePublished\":\"2020-11-03T11:18:50+00:00\",\"description\":\"Stratafolio: recensione soluzione di gestione patrimoniale progettata per aiutare gli agenti immobiliari commerciali.\",\"breadcrumb\":{\"@id\":\"https:\\\/\\\/www.accuratereviews.com\\\/it\\\/gestionali-immobiliare-lista-software\\\/stratafolio-recensione\\\/#breadcrumb\"},\"inLanguage\":\"it-IT\",\"potentialAction\":[{\"@type\":\"ReadAction\",\"target\":[\"https:\\\/\\\/www.accuratereviews.com\\\/it\\\/gestionali-immobiliare-lista-software\\\/stratafolio-recensione\\\/\"]}]},{\"@type\":\"ImageObject\",\"inLanguage\":\"it-IT\",\"@id\":\"https:\\\/\\\/www.accuratereviews.com\\\/it\\\/gestionali-immobiliare-lista-software\\\/stratafolio-recensione\\\/#primaryimage\",\"url\":\"https:\\\/\\\/www.accuratereviews.com\\\/wp-content\\\/uploads\\\/2020\\\/11\\\/STRATAFOLIO-.jpg\",\"contentUrl\":\"https:\\\/\\\/www.accuratereviews.com\\\/wp-content\\\/uploads\\\/2020\\\/11\\\/STRATAFOLIO-.jpg\",\"width\":600,\"height\":315},{\"@type\":\"BreadcrumbList\",\"@id\":\"https:\\\/\\\/www.accuratereviews.com\\\/it\\\/gestionali-immobiliare-lista-software\\\/stratafolio-recensione\\\/#breadcrumb\",\"itemListElement\":[{\"@type\":\"ListItem\",\"position\":1,\"name\":\"Home\",\"item\":\"https:\\\/\\\/www.accuratereviews.com\\\/it\\\/\"},{\"@type\":\"ListItem\",\"position\":2,\"name\":\"Gestionali immobiliari\",\"item\":\"https:\\\/\\\/www.accuratereviews.com\\\/it\\\/gestionali-immobiliare-lista-software\\\/\"},{\"@type\":\"ListItem\",\"position\":3,\"name\":\"Stratafolio\"}]},{\"@type\":\"WebSite\",\"@id\":\"https:\\\/\\\/www.accuratereviews.com\\\/it\\\/#website\",\"url\":\"https:\\\/\\\/www.accuratereviews.com\\\/it\\\/\",\"name\":\"Accurate Reviews\",\"description\":\"\",\"potentialAction\":[{\"@type\":\"SearchAction\",\"target\":{\"@type\":\"EntryPoint\",\"urlTemplate\":\"https:\\\/\\\/www.accuratereviews.com\\\/it\\\/?s={search_term_string}\"},\"query-input\":{\"@type\":\"PropertyValueSpecification\",\"valueRequired\":true,\"valueName\":\"search_term_string\"}}],\"inLanguage\":\"it-IT\"}]}<\/script>\n<!-- \/ Yoast SEO plugin. -->","yoast_head_json":{"title":"Stratafolio: recensione gestionale immobiliare - Accurate Reviews","description":"Stratafolio: recensione soluzione di gestione patrimoniale progettata per aiutare gli agenti immobiliari commerciali.","robots":{"index":"index","follow":"follow","max-snippet":"max-snippet:-1","max-image-preview":"max-image-preview:large","max-video-preview":"max-video-preview:-1"},"canonical":"https:\/\/www.accuratereviews.com\/it\/gestionali-immobiliare-lista-software\/stratafolio-recensione\/","og_locale":"it_IT","og_type":"article","og_title":"Stratafolio: recensione gestionale immobiliare - Accurate Reviews","og_description":"Stratafolio: recensione soluzione di gestione patrimoniale progettata per aiutare gli agenti immobiliari commerciali.","og_url":"https:\/\/www.accuratereviews.com\/it\/gestionali-immobiliare-lista-software\/stratafolio-recensione\/","og_site_name":"Accurate Reviews","og_image":[{"width":600,"height":315,"url":"https:\/\/www.accuratereviews.com\/wp-content\/uploads\/2020\/11\/STRATAFOLIO-.jpg","type":"image\/jpeg"}],"twitter_card":"summary_large_image","twitter_misc":{"Tempo di lettura stimato":"3 minuti"},"schema":{"@context":"https:\/\/schema.org","@graph":[{"@type":"WebPage","@id":"https:\/\/www.accuratereviews.com\/it\/gestionali-immobiliare-lista-software\/stratafolio-recensione\/","url":"https:\/\/www.accuratereviews.com\/it\/gestionali-immobiliare-lista-software\/stratafolio-recensione\/","name":"Stratafolio: recensione gestionale immobiliare - Accurate Reviews","isPartOf":{"@id":"https:\/\/www.accuratereviews.com\/it\/#website"},"primaryImageOfPage":{"@id":"https:\/\/www.accuratereviews.com\/it\/gestionali-immobiliare-lista-software\/stratafolio-recensione\/#primaryimage"},"image":{"@id":"https:\/\/www.accuratereviews.com\/it\/gestionali-immobiliare-lista-software\/stratafolio-recensione\/#primaryimage"},"thumbnailUrl":"https:\/\/www.accuratereviews.com\/wp-content\/uploads\/2020\/11\/STRATAFOLIO-.jpg","datePublished":"2020-11-03T11:18:50+00:00","description":"Stratafolio: recensione soluzione di gestione patrimoniale progettata per aiutare gli agenti immobiliari commerciali.","breadcrumb":{"@id":"https:\/\/www.accuratereviews.com\/it\/gestionali-immobiliare-lista-software\/stratafolio-recensione\/#breadcrumb"},"inLanguage":"it-IT","potentialAction":[{"@type":"ReadAction","target":["https:\/\/www.accuratereviews.com\/it\/gestionali-immobiliare-lista-software\/stratafolio-recensione\/"]}]},{"@type":"ImageObject","inLanguage":"it-IT","@id":"https:\/\/www.accuratereviews.com\/it\/gestionali-immobiliare-lista-software\/stratafolio-recensione\/#primaryimage","url":"https:\/\/www.accuratereviews.com\/wp-content\/uploads\/2020\/11\/STRATAFOLIO-.jpg","contentUrl":"https:\/\/www.accuratereviews.com\/wp-content\/uploads\/2020\/11\/STRATAFOLIO-.jpg","width":600,"height":315},{"@type":"BreadcrumbList","@id":"https:\/\/www.accuratereviews.com\/it\/gestionali-immobiliare-lista-software\/stratafolio-recensione\/#breadcrumb","itemListElement":[{"@type":"ListItem","position":1,"name":"Home","item":"https:\/\/www.accuratereviews.com\/it\/"},{"@type":"ListItem","position":2,"name":"Gestionali immobiliari","item":"https:\/\/www.accuratereviews.com\/it\/gestionali-immobiliare-lista-software\/"},{"@type":"ListItem","position":3,"name":"Stratafolio"}]},{"@type":"WebSite","@id":"https:\/\/www.accuratereviews.com\/it\/#website","url":"https:\/\/www.accuratereviews.com\/it\/","name":"Accurate Reviews","description":"","potentialAction":[{"@type":"SearchAction","target":{"@type":"EntryPoint","urlTemplate":"https:\/\/www.accuratereviews.com\/it\/?s={search_term_string}"},"query-input":{"@type":"PropertyValueSpecification","valueRequired":true,"valueName":"search_term_string"}}],"inLanguage":"it-IT"}]}},"_links":{"self":[{"href":"https:\/\/www.accuratereviews.com\/it\/wp-json\/wp\/v2\/pages\/31772","targetHints":{"allow":["GET"]}}],"collection":[{"href":"https:\/\/www.accuratereviews.com\/it\/wp-json\/wp\/v2\/pages"}],"about":[{"href":"https:\/\/www.accuratereviews.com\/it\/wp-json\/wp\/v2\/types\/page"}],"author":[{"embeddable":true,"href":"https:\/\/www.accuratereviews.com\/it\/wp-json\/wp\/v2\/users\/19"}],"replies":[{"embeddable":true,"href":"https:\/\/www.accuratereviews.com\/it\/wp-json\/wp\/v2\/comments?post=31772"}],"version-history":[{"count":9,"href":"https:\/\/www.accuratereviews.com\/it\/wp-json\/wp\/v2\/pages\/31772\/revisions"}],"predecessor-version":[{"id":31786,"href":"https:\/\/www.accuratereviews.com\/it\/wp-json\/wp\/v2\/pages\/31772\/revisions\/31786"}],"up":[{"embeddable":true,"href":"https:\/\/www.accuratereviews.com\/it\/wp-json\/wp\/v2\/pages\/31329"}],"wp:featuredmedia":[{"embeddable":true,"href":"https:\/\/www.accuratereviews.com\/it\/wp-json\/wp\/v2\/media\/31773"}],"wp:attachment":[{"href":"https:\/\/www.accuratereviews.com\/it\/wp-json\/wp\/v2\/media?parent=31772"}],"wp:term":[{"taxonomy":"category","embeddable":true,"href":"https:\/\/www.accuratereviews.com\/it\/wp-json\/wp\/v2\/categories?post=31772"},{"taxonomy":"post_tag","embeddable":true,"href":"https:\/\/www.accuratereviews.com\/it\/wp-json\/wp\/v2\/tags?post=31772"},{"taxonomy":"features","embeddable":true,"href":"https:\/\/www.accuratereviews.com\/it\/wp-json\/wp\/v2\/features?post=31772"}],"curies":[{"name":"wp","href":"https:\/\/api.w.org\/{rel}","templated":true}]}}