{"id":31810,"date":"2020-11-04T12:12:57","date_gmt":"2020-11-04T12:12:57","guid":{"rendered":"https:\/\/www.accuratereviews.com\/?page_id=31810"},"modified":"2020-11-04T12:12:57","modified_gmt":"2020-11-04T12:12:57","slug":"ascendixre-recensione","status":"publish","type":"page","link":"https:\/\/www.accuratereviews.com\/it\/gestionali-immobiliare-lista-software\/ascendixre-recensione\/","title":{"rendered":"AscendixRE"},"content":{"rendered":"<p><strong>AscendixRE<\/strong> \u00e8 un <strong>CRM (Customer Relationship Management)<\/strong> basato su <strong>cloud<\/strong> progettato per i broker immobiliari commerciali. Le caratteristiche includono vendite, locazione, disponibilit\u00e0, monitoraggio delle propriet\u00e0, monitoraggio delle commissioni, ricerca avanzata tramite mappe, generazione di report e brochure, portali di elenchi pubblici, accordi e collaborazione e altro ancora. <strong>AscendixRE<\/strong> facilita la comunicazione tra investitori, partner, fornitori e locatari. Gli utenti possono visualizzare account, contatti, propriet\u00e0 e contratti di locazione e possono anche vedere le modifiche recenti apportate ai dati. Oltre alla gestione dei contatti e degli account, le funzionalit\u00e0 specifiche del settore nel programma includono la gestione di accordi, progetti e transazioni e monitoraggio delle preferenze di inquilini e investitori. La soluzione offre anche una visualizzazione dinamica delle propriet\u00e0 che possono essere ordinate per dimensione, fascia di prezzo e numero di posti vacanti.<\/p>\n<h2>ASCENDIXRE &#8211; TUTORIAL<\/h2>\n<p>Guarda questo video per apprendere suggerimenti e trucchi che ti aiuteranno a ottenere il massimo da questa <strong>soluzione gestionale per immobili<\/strong>:<\/p>\n<div id=\"fluid-wrapper-counter-1\" class=\"g1-fluid-wrapper \" style=\"width:686px;\">\n<div style=\"padding-bottom:56.268221574344%;\"><iframe loading=\"lazy\" title=\"AscendixRE Tips and Tricks | AscendixRE CRM\" width=\"686\" height=\"386\" src=\"https:\/\/www.youtube.com\/embed\/videoseries?list=PLWyInfkmAWD_Ooua_mnpJk8bcMSYUwclN\" frameborder=\"0\" allow=\"accelerometer; autoplay; clipboard-write; encrypted-media; gyroscope; picture-in-picture\" allowfullscreen><\/iframe><\/div>\n<\/div>\n<h3>ASCENDIXRE &#8211; CARATTERISTICHE<\/h3>\n<ul>\n<li>Tieni traccia di potenziali inquilini e acquirenti, le offerte pi\u00f9 dettagliate di cui hai bisogno<\/li>\n<li><span class=\"JLqJ4b\" data-language-for-alternatives=\"it\" data-language-to-translate-into=\"en\" data-phrase-index=\"1\"> <span class=\"JLqJ4b ChMk0b\" data-language-for-alternatives=\"it\" data-language-to-translate-into=\"en\" data-phrase-index=\"2\">Conserva il tuo database dettagliato e risparmia tempo sull&#8217;inserimento manuale dei dati<\/span><\/span><\/li>\n<li><span class=\"JLqJ4b\" data-language-for-alternatives=\"it\" data-language-to-translate-into=\"en\" data-phrase-index=\"1\"><span class=\"JLqJ4b ChMk0b\" data-language-for-alternatives=\"it\" data-language-to-translate-into=\"en\" data-phrase-index=\"2\">Crea elenchi segmentati di potenziali clienti per una migliore visibilit\u00e0<\/span><\/span><\/li>\n<li><span class=\"JLqJ4b\" data-language-for-alternatives=\"it\" data-language-to-translate-into=\"en\" data-phrase-index=\"1\"><span class=\"JLqJ4b ChMk0b\" data-language-for-alternatives=\"it\" data-language-to-translate-into=\"en\" data-phrase-index=\"2\">Tieni traccia delle scadenze dei leasing. Non perdere mai nuove opportunit\u00e0<\/span><\/span><\/li>\n<li><span class=\"JLqJ4b\" data-language-for-alternatives=\"it\" data-language-to-translate-into=\"en\" data-phrase-index=\"1\"><span class=\"JLqJ4b ChMk0b\" data-language-for-alternatives=\"it\" data-language-to-translate-into=\"en\" data-phrase-index=\"2\">Riduci il lavoro manuale, automatizza le previsioni finanziarie e i calcoli di affitto, commissioni e altro\u00a0<\/span><\/span><\/li>\n<li>Integra email, calendario e contatti da Outlook \/ Gmail<\/li>\n<li><span class=\"JLqJ4b\" data-language-for-alternatives=\"it\" data-language-to-translate-into=\"en\" data-phrase-index=\"11\"><span class=\"JLqJ4b ChMk0b\" data-language-for-alternatives=\"it\" data-language-to-translate-into=\"en\" data-phrase-index=\"12\">Funzionalit\u00e0 di reportistica robusta<\/span><\/span><\/li>\n<li>Visualizza e lavora con i tuoi record CRM direttamente in Outlook e tramite telefono cellulare<\/li>\n<li>Crea note e programma nuovi eventi usando la tua voce o digitando<\/li>\n<li>Cerca i tuoi contatti, lead, propriet\u00e0 e altri record<\/li>\n<li>Crea nuovi contatti, lead, account direttamente in Outlook o nell&#8217;app mobile<\/li>\n<li>Ottieni propriet\u00e0, disponibilit\u00e0 che corrispondono a tutti i criteri dei tuoi clienti grazie a una funzionalit\u00e0 di filtraggio molto dettagliata<\/li>\n<li>Individua i tuoi record su una mappa e utilizza la mappa per restringere le ricerche<\/li>\n<\/ul>\n","protected":false},"excerpt":{"rendered":"<p>AscendixRE \u00e8 un CRM (Customer Relationship Management) basato su cloud progettato per i broker immobiliari commerciali. Le caratteristiche includono vendite, locazione, disponibilit\u00e0, monitoraggio delle propriet\u00e0, monitoraggio delle commissioni, ricerca avanzata tramite mappe, generazione di report e brochure, portali di elenchi pubblici, accordi e collaborazione e altro ancora.<\/p>\n","protected":false},"author":19,"featured_media":31811,"parent":31329,"menu_order":0,"comment_status":"open","ping_status":"closed","template":"g1_template_page_review_new.php","meta":{"_acf_changed":false,"cwp_meta_box_check":"Yes","cwp_rev_product_name":"","cwp_rev_product_image":"","wppr_links":[],"cwp_rev_price":"","wppr_options":[],"wppr_pros":[],"wppr_cons":[],"_monsterinsights_skip_tracking":false,"_monsterinsights_sitenote_active":false,"_monsterinsights_sitenote_note":"","_monsterinsights_sitenote_category":0,"footnotes":""},"categories":[3950],"tags":[4079,396,4080,3955,427,3954,418,3951,1239,3952],"features":[],"class_list":{"0":"post-31810","1":"page","2":"type-page","3":"status-publish","4":"has-post-thumbnail","6":"category-gestionale-immobiliare-categoria","7":"tag-ascendixre","8":"tag-cloud","9":"tag-piattaforma-crm","10":"tag-piattaforma-gestionale-immobiliare","11":"tag-programma-crm","12":"tag-programma-gestionale-immobiliare","13":"tag-software-crm","14":"tag-software-gestionale-immobiliare","15":"tag-soluzione-crm","16":"tag-soluzione-gestionale-immobiliare"},"wppr_data":{"cwp_meta_box_check":"Yes","cwp_rev_product_name":"","cwp_rev_product_image":"","cwp_image_link":"image","cwp_rev_price":"","wppr_rating":"0.00"},"acf":[],"yoast_head":"<!-- This site is optimized with the Yoast SEO plugin v27.4 - https:\/\/yoast.com\/product\/yoast-seo-wordpress\/ -->\n<title>AscendixRE: recensione gestionale immobiliare - Accurate Reviews<\/title>\n<meta name=\"description\" content=\"AscendixRE: recensione CRM (Customer Relationship Management) basato su cloud progettato per i broker immobiliari commerciali.\" \/>\n<meta name=\"robots\" content=\"index, follow, max-snippet:-1, max-image-preview:large, max-video-preview:-1\" \/>\n<link rel=\"canonical\" href=\"https:\/\/www.accuratereviews.com\/it\/gestionali-immobiliare-lista-software\/ascendixre-recensione\/\" \/>\n<meta property=\"og:locale\" content=\"it_IT\" \/>\n<meta property=\"og:type\" content=\"article\" \/>\n<meta property=\"og:title\" content=\"AscendixRE: recensione gestionale immobiliare - Accurate Reviews\" \/>\n<meta property=\"og:description\" content=\"AscendixRE: recensione CRM (Customer Relationship Management) basato su cloud progettato per i broker immobiliari commerciali.\" \/>\n<meta property=\"og:url\" content=\"https:\/\/www.accuratereviews.com\/it\/gestionali-immobiliare-lista-software\/ascendixre-recensione\/\" \/>\n<meta property=\"og:site_name\" content=\"Accurate Reviews\" \/>\n<meta property=\"og:image\" content=\"https:\/\/www.accuratereviews.com\/wp-content\/uploads\/2020\/11\/ascendixre.png\" \/>\n\t<meta property=\"og:image:width\" content=\"600\" \/>\n\t<meta property=\"og:image:height\" content=\"315\" \/>\n\t<meta property=\"og:image:type\" content=\"image\/png\" \/>\n<meta name=\"twitter:card\" content=\"summary_large_image\" \/>\n<meta name=\"twitter:label1\" content=\"Tempo di lettura stimato\" \/>\n\t<meta name=\"twitter:data1\" content=\"2 minuti\" \/>\n<script type=\"application\/ld+json\" class=\"yoast-schema-graph\">{\"@context\":\"https:\\\/\\\/schema.org\",\"@graph\":[{\"@type\":\"WebPage\",\"@id\":\"https:\\\/\\\/www.accuratereviews.com\\\/it\\\/gestionali-immobiliare-lista-software\\\/ascendixre-recensione\\\/\",\"url\":\"https:\\\/\\\/www.accuratereviews.com\\\/it\\\/gestionali-immobiliare-lista-software\\\/ascendixre-recensione\\\/\",\"name\":\"AscendixRE: recensione gestionale immobiliare - Accurate Reviews\",\"isPartOf\":{\"@id\":\"https:\\\/\\\/www.accuratereviews.com\\\/it\\\/#website\"},\"primaryImageOfPage\":{\"@id\":\"https:\\\/\\\/www.accuratereviews.com\\\/it\\\/gestionali-immobiliare-lista-software\\\/ascendixre-recensione\\\/#primaryimage\"},\"image\":{\"@id\":\"https:\\\/\\\/www.accuratereviews.com\\\/it\\\/gestionali-immobiliare-lista-software\\\/ascendixre-recensione\\\/#primaryimage\"},\"thumbnailUrl\":\"https:\\\/\\\/www.accuratereviews.com\\\/wp-content\\\/uploads\\\/2020\\\/11\\\/ascendixre.png\",\"datePublished\":\"2020-11-04T12:12:57+00:00\",\"description\":\"AscendixRE: recensione CRM (Customer Relationship Management) basato su cloud progettato per i broker immobiliari commerciali.\",\"breadcrumb\":{\"@id\":\"https:\\\/\\\/www.accuratereviews.com\\\/it\\\/gestionali-immobiliare-lista-software\\\/ascendixre-recensione\\\/#breadcrumb\"},\"inLanguage\":\"it-IT\",\"potentialAction\":[{\"@type\":\"ReadAction\",\"target\":[\"https:\\\/\\\/www.accuratereviews.com\\\/it\\\/gestionali-immobiliare-lista-software\\\/ascendixre-recensione\\\/\"]}]},{\"@type\":\"ImageObject\",\"inLanguage\":\"it-IT\",\"@id\":\"https:\\\/\\\/www.accuratereviews.com\\\/it\\\/gestionali-immobiliare-lista-software\\\/ascendixre-recensione\\\/#primaryimage\",\"url\":\"https:\\\/\\\/www.accuratereviews.com\\\/wp-content\\\/uploads\\\/2020\\\/11\\\/ascendixre.png\",\"contentUrl\":\"https:\\\/\\\/www.accuratereviews.com\\\/wp-content\\\/uploads\\\/2020\\\/11\\\/ascendixre.png\",\"width\":600,\"height\":315},{\"@type\":\"BreadcrumbList\",\"@id\":\"https:\\\/\\\/www.accuratereviews.com\\\/it\\\/gestionali-immobiliare-lista-software\\\/ascendixre-recensione\\\/#breadcrumb\",\"itemListElement\":[{\"@type\":\"ListItem\",\"position\":1,\"name\":\"Home\",\"item\":\"https:\\\/\\\/www.accuratereviews.com\\\/it\\\/\"},{\"@type\":\"ListItem\",\"position\":2,\"name\":\"Gestionali immobiliari\",\"item\":\"https:\\\/\\\/www.accuratereviews.com\\\/it\\\/gestionali-immobiliare-lista-software\\\/\"},{\"@type\":\"ListItem\",\"position\":3,\"name\":\"AscendixRE\"}]},{\"@type\":\"WebSite\",\"@id\":\"https:\\\/\\\/www.accuratereviews.com\\\/it\\\/#website\",\"url\":\"https:\\\/\\\/www.accuratereviews.com\\\/it\\\/\",\"name\":\"Accurate Reviews\",\"description\":\"\",\"potentialAction\":[{\"@type\":\"SearchAction\",\"target\":{\"@type\":\"EntryPoint\",\"urlTemplate\":\"https:\\\/\\\/www.accuratereviews.com\\\/it\\\/?s={search_term_string}\"},\"query-input\":{\"@type\":\"PropertyValueSpecification\",\"valueRequired\":true,\"valueName\":\"search_term_string\"}}],\"inLanguage\":\"it-IT\"}]}<\/script>\n<!-- \/ Yoast SEO plugin. -->","yoast_head_json":{"title":"AscendixRE: recensione gestionale immobiliare - Accurate Reviews","description":"AscendixRE: recensione CRM (Customer Relationship Management) basato su cloud progettato per i broker immobiliari commerciali.","robots":{"index":"index","follow":"follow","max-snippet":"max-snippet:-1","max-image-preview":"max-image-preview:large","max-video-preview":"max-video-preview:-1"},"canonical":"https:\/\/www.accuratereviews.com\/it\/gestionali-immobiliare-lista-software\/ascendixre-recensione\/","og_locale":"it_IT","og_type":"article","og_title":"AscendixRE: recensione gestionale immobiliare - Accurate Reviews","og_description":"AscendixRE: recensione CRM (Customer Relationship Management) basato su cloud progettato per i broker immobiliari commerciali.","og_url":"https:\/\/www.accuratereviews.com\/it\/gestionali-immobiliare-lista-software\/ascendixre-recensione\/","og_site_name":"Accurate Reviews","og_image":[{"width":600,"height":315,"url":"https:\/\/www.accuratereviews.com\/wp-content\/uploads\/2020\/11\/ascendixre.png","type":"image\/png"}],"twitter_card":"summary_large_image","twitter_misc":{"Tempo di lettura stimato":"2 minuti"},"schema":{"@context":"https:\/\/schema.org","@graph":[{"@type":"WebPage","@id":"https:\/\/www.accuratereviews.com\/it\/gestionali-immobiliare-lista-software\/ascendixre-recensione\/","url":"https:\/\/www.accuratereviews.com\/it\/gestionali-immobiliare-lista-software\/ascendixre-recensione\/","name":"AscendixRE: recensione gestionale immobiliare - Accurate Reviews","isPartOf":{"@id":"https:\/\/www.accuratereviews.com\/it\/#website"},"primaryImageOfPage":{"@id":"https:\/\/www.accuratereviews.com\/it\/gestionali-immobiliare-lista-software\/ascendixre-recensione\/#primaryimage"},"image":{"@id":"https:\/\/www.accuratereviews.com\/it\/gestionali-immobiliare-lista-software\/ascendixre-recensione\/#primaryimage"},"thumbnailUrl":"https:\/\/www.accuratereviews.com\/wp-content\/uploads\/2020\/11\/ascendixre.png","datePublished":"2020-11-04T12:12:57+00:00","description":"AscendixRE: recensione CRM (Customer Relationship Management) basato su cloud progettato per i broker immobiliari commerciali.","breadcrumb":{"@id":"https:\/\/www.accuratereviews.com\/it\/gestionali-immobiliare-lista-software\/ascendixre-recensione\/#breadcrumb"},"inLanguage":"it-IT","potentialAction":[{"@type":"ReadAction","target":["https:\/\/www.accuratereviews.com\/it\/gestionali-immobiliare-lista-software\/ascendixre-recensione\/"]}]},{"@type":"ImageObject","inLanguage":"it-IT","@id":"https:\/\/www.accuratereviews.com\/it\/gestionali-immobiliare-lista-software\/ascendixre-recensione\/#primaryimage","url":"https:\/\/www.accuratereviews.com\/wp-content\/uploads\/2020\/11\/ascendixre.png","contentUrl":"https:\/\/www.accuratereviews.com\/wp-content\/uploads\/2020\/11\/ascendixre.png","width":600,"height":315},{"@type":"BreadcrumbList","@id":"https:\/\/www.accuratereviews.com\/it\/gestionali-immobiliare-lista-software\/ascendixre-recensione\/#breadcrumb","itemListElement":[{"@type":"ListItem","position":1,"name":"Home","item":"https:\/\/www.accuratereviews.com\/it\/"},{"@type":"ListItem","position":2,"name":"Gestionali immobiliari","item":"https:\/\/www.accuratereviews.com\/it\/gestionali-immobiliare-lista-software\/"},{"@type":"ListItem","position":3,"name":"AscendixRE"}]},{"@type":"WebSite","@id":"https:\/\/www.accuratereviews.com\/it\/#website","url":"https:\/\/www.accuratereviews.com\/it\/","name":"Accurate Reviews","description":"","potentialAction":[{"@type":"SearchAction","target":{"@type":"EntryPoint","urlTemplate":"https:\/\/www.accuratereviews.com\/it\/?s={search_term_string}"},"query-input":{"@type":"PropertyValueSpecification","valueRequired":true,"valueName":"search_term_string"}}],"inLanguage":"it-IT"}]}},"_links":{"self":[{"href":"https:\/\/www.accuratereviews.com\/it\/wp-json\/wp\/v2\/pages\/31810","targetHints":{"allow":["GET"]}}],"collection":[{"href":"https:\/\/www.accuratereviews.com\/it\/wp-json\/wp\/v2\/pages"}],"about":[{"href":"https:\/\/www.accuratereviews.com\/it\/wp-json\/wp\/v2\/types\/page"}],"author":[{"embeddable":true,"href":"https:\/\/www.accuratereviews.com\/it\/wp-json\/wp\/v2\/users\/19"}],"replies":[{"embeddable":true,"href":"https:\/\/www.accuratereviews.com\/it\/wp-json\/wp\/v2\/comments?post=31810"}],"version-history":[{"count":8,"href":"https:\/\/www.accuratereviews.com\/it\/wp-json\/wp\/v2\/pages\/31810\/revisions"}],"predecessor-version":[{"id":31845,"href":"https:\/\/www.accuratereviews.com\/it\/wp-json\/wp\/v2\/pages\/31810\/revisions\/31845"}],"up":[{"embeddable":true,"href":"https:\/\/www.accuratereviews.com\/it\/wp-json\/wp\/v2\/pages\/31329"}],"wp:featuredmedia":[{"embeddable":true,"href":"https:\/\/www.accuratereviews.com\/it\/wp-json\/wp\/v2\/media\/31811"}],"wp:attachment":[{"href":"https:\/\/www.accuratereviews.com\/it\/wp-json\/wp\/v2\/media?parent=31810"}],"wp:term":[{"taxonomy":"category","embeddable":true,"href":"https:\/\/www.accuratereviews.com\/it\/wp-json\/wp\/v2\/categories?post=31810"},{"taxonomy":"post_tag","embeddable":true,"href":"https:\/\/www.accuratereviews.com\/it\/wp-json\/wp\/v2\/tags?post=31810"},{"taxonomy":"features","embeddable":true,"href":"https:\/\/www.accuratereviews.com\/it\/wp-json\/wp\/v2\/features?post=31810"}],"curies":[{"name":"wp","href":"https:\/\/api.w.org\/{rel}","templated":true}]}}